{"id":251213,"date":"2025-04-04T13:29:19","date_gmt":"2025-04-04T10:29:19","guid":{"rendered":"https:\/\/bbqentertainment.com\/?post_type=product&#038;p=251213"},"modified":"2026-04-06T12:26:53","modified_gmt":"2026-04-06T09:26:53","slug":"napoleon-2-osaline-grilltavikute-komplekt-grilltangid-ja-labidas","status":"publish","type":"product","link":"https:\/\/bbqentertainment.com\/en\/toode\/napoleon-2-osaline-grilltavikute-komplekt-grilltangid-ja-labidas\/","title":{"rendered":"Napoleon 2-osaline grilltavikute komplekt (grilltangid ja -labidas)"},"content":{"rendered":"","protected":false},"excerpt":{"rendered":"<h3><strong>Napoleon 2-osaline grilltavikute komplekt (grilltangid ja -labidas)<\/strong><\/h3>\n<p class=\"\" data-start=\"73\" data-end=\"406\">Napoleoni kaheosaline grillitarvikute komplekt sisaldab k\u00f5ike, mida vajad mugavaks ja kindlaks toiduk\u00e4itlemiseks grillil. Komplektis on pikk spaatel ja lukustatavad tangid, m\u00f5lemad pehme kattega k\u00e4epidemetega, mis tagavad hea haarde ka kuumades tingimustes. Roostevabast terasest konstruktsioon tagab vastupidavuse ja pika kasutusea.<\/p>\n<p class=\"\" data-start=\"408\" data-end=\"583\"><strong data-start=\"408\" data-end=\"421\">Omadused<\/strong><br data-start=\"421\" data-end=\"424\" \/>\u2022 roostevabast terasest tugev ja vastupidav ehitus<br data-start=\"474\" data-end=\"477\" data-is-only-node=\"\" \/>\u2022 komplektis spaatel ja lukustatavad tangid<br data-start=\"520\" data-end=\"523\" \/>\u2022 pehme kattega k\u00e4epidemed kindlaks ja mugavaks kasutamiseks<\/p>\n","protected":false},"featured_media":251214,"template":"","meta":{"inline_featured_image":false},"product_brand":[],"product_cat":[92,562,479],"product_tag":[],"class_list":{"0":"post-251213","1":"product","2":"type-product","3":"status-publish","4":"has-post-thumbnail","6":"product_cat-lisatarvikud","7":"product_cat-lisatarvikud-napoleon","8":"product_cat-grillitarvikud","10":"first","11":"instock","12":"taxable","13":"shipping-taxable","14":"purchasable","15":"product-type-simple"},"yoast_head":"<!-- This site is optimized with the Yoast SEO plugin v27.4 - https:\/\/yoast.com\/product\/yoast-seo-wordpress\/ -->\n<title>Napoleon 2-osaline grilltavikute komplekt (grilltangid ja -labidas) - BBQ Entertainment<\/title>\n<meta name=\"robots\" content=\"index, follow, max-snippet:-1, max-image-preview:large, max-video-preview:-1\" \/>\n<link rel=\"canonical\" href=\"https:\/\/bbqentertainment.com\/toode\/napoleon-2-osaline-grilltavikute-komplekt-grilltangid-ja-labidas\/\" \/>\n<meta property=\"og:locale\" content=\"en_US\" \/>\n<meta property=\"og:type\" content=\"article\" \/>\n<meta property=\"og:title\" content=\"Napoleon 2-osaline grilltavikute komplekt (grilltangid ja -labidas) - BBQ Entertainment\" \/>\n<meta property=\"og:description\" content=\"Napoleon 2-osaline grilltavikute komplekt (grilltangid ja -labidas) Napoleoni kaheosaline grillitarvikute komplekt sisaldab k\u00f5ike, mida vajad mugavaks ja kindlaks toiduk\u00e4itlemiseks grillil. Komplektis on pikk spaatel ja lukustatavad tangid, m\u00f5lemad pehme kattega k\u00e4epidemetega, mis tagavad hea haarde ka kuumades tingimustes. Roostevabast terasest konstruktsioon tagab vastupidavuse ja pika kasutusea. Omadused\u2022 roostevabast terasest tugev ja vastupidav ehitus\u2022 komplektis spaatel ja lukustatavad tangid\u2022 pehme kattega k\u00e4epidemed kindlaks ja mugavaks kasutamiseks\" \/>\n<meta property=\"og:url\" content=\"https:\/\/bbqentertainment.com\/toode\/napoleon-2-osaline-grilltavikute-komplekt-grilltangid-ja-labidas\/\" \/>\n<meta property=\"og:site_name\" content=\"BBQ Entertainment\" \/>\n<meta property=\"article:publisher\" content=\"https:\/\/www.facebook.com\/BBQ-Entertainment-N-Catering-2437913376443540\" \/>\n<meta property=\"article:modified_time\" content=\"2026-04-06T09:26:53+00:00\" \/>\n<meta property=\"og:image\" content=\"https:\/\/bbqentertainment.com\/wp-content\/uploads\/2025\/04\/70032-2-piece-toolset-on-white-working-full-size.jpg\" \/>\n\t<meta property=\"og:image:width\" content=\"700\" \/>\n\t<meta property=\"og:image:height\" content=\"700\" \/>\n\t<meta property=\"og:image:type\" content=\"image\/jpeg\" \/>\n<meta name=\"twitter:card\" content=\"summary_large_image\" \/>\n<meta name=\"twitter:label1\" content=\"Est. reading time\" \/>\n\t<meta name=\"twitter:data1\" content=\"1 minute\" \/>\n<script type=\"application\/ld+json\" class=\"yoast-schema-graph\">{\"@context\":\"https:\\\/\\\/schema.org\",\"@graph\":[{\"@type\":[\"WebPage\",\"ItemPage\"],\"@id\":\"https:\\\/\\\/bbqentertainment.com\\\/toode\\\/napoleon-2-osaline-grilltavikute-komplekt-grilltangid-ja-labidas\\\/\",\"url\":\"https:\\\/\\\/bbqentertainment.com\\\/toode\\\/napoleon-2-osaline-grilltavikute-komplekt-grilltangid-ja-labidas\\\/\",\"name\":\"Napoleon 2-osaline grilltavikute komplekt (grilltangid ja -labidas) - BBQ Entertainment\",\"isPartOf\":{\"@id\":\"https:\\\/\\\/bbqentertainment.com\\\/#website\"},\"primaryImageOfPage\":{\"@id\":\"https:\\\/\\\/bbqentertainment.com\\\/toode\\\/napoleon-2-osaline-grilltavikute-komplekt-grilltangid-ja-labidas\\\/#primaryimage\"},\"image\":{\"@id\":\"https:\\\/\\\/bbqentertainment.com\\\/toode\\\/napoleon-2-osaline-grilltavikute-komplekt-grilltangid-ja-labidas\\\/#primaryimage\"},\"thumbnailUrl\":\"https:\\\/\\\/bbqentertainment.com\\\/wp-content\\\/uploads\\\/2025\\\/04\\\/70032-2-piece-toolset-on-white-working-full-size.jpg\",\"datePublished\":\"2025-04-04T10:29:19+00:00\",\"dateModified\":\"2026-04-06T09:26:53+00:00\",\"breadcrumb\":{\"@id\":\"https:\\\/\\\/bbqentertainment.com\\\/toode\\\/napoleon-2-osaline-grilltavikute-komplekt-grilltangid-ja-labidas\\\/#breadcrumb\"},\"inLanguage\":\"en-US\",\"potentialAction\":[{\"@type\":\"ReadAction\",\"target\":[\"https:\\\/\\\/bbqentertainment.com\\\/toode\\\/napoleon-2-osaline-grilltavikute-komplekt-grilltangid-ja-labidas\\\/\"]}]},{\"@type\":\"ImageObject\",\"inLanguage\":\"en-US\",\"@id\":\"https:\\\/\\\/bbqentertainment.com\\\/toode\\\/napoleon-2-osaline-grilltavikute-komplekt-grilltangid-ja-labidas\\\/#primaryimage\",\"url\":\"https:\\\/\\\/bbqentertainment.com\\\/wp-content\\\/uploads\\\/2025\\\/04\\\/70032-2-piece-toolset-on-white-working-full-size.jpg\",\"contentUrl\":\"https:\\\/\\\/bbqentertainment.com\\\/wp-content\\\/uploads\\\/2025\\\/04\\\/70032-2-piece-toolset-on-white-working-full-size.jpg\",\"width\":700,\"height\":700},{\"@type\":\"BreadcrumbList\",\"@id\":\"https:\\\/\\\/bbqentertainment.com\\\/toode\\\/napoleon-2-osaline-grilltavikute-komplekt-grilltangid-ja-labidas\\\/#breadcrumb\",\"itemListElement\":[{\"@type\":\"ListItem\",\"position\":1,\"name\":\"AVALEHT\",\"item\":\"https:\\\/\\\/bbqentertainment.com\\\/en\\\/\"},{\"@type\":\"ListItem\",\"position\":2,\"name\":\"Tooted\",\"item\":\"https:\\\/\\\/bbqentertainment.com\\\/tooted\\\/\"},{\"@type\":\"ListItem\",\"position\":3,\"name\":\"Lisatarvikud\",\"item\":\"https:\\\/\\\/bbqentertainment.com\\\/tootekategooria\\\/lisatarvikud\\\/\"},{\"@type\":\"ListItem\",\"position\":4,\"name\":\"Lisatarvikud Napoleon\",\"item\":\"https:\\\/\\\/bbqentertainment.com\\\/tootekategooria\\\/lisatarvikud\\\/lisatarvikud-napoleon\\\/\"},{\"@type\":\"ListItem\",\"position\":5,\"name\":\"Napoleon 2-osaline grilltavikute komplekt (grilltangid ja -labidas)\"}]},{\"@type\":\"WebSite\",\"@id\":\"https:\\\/\\\/bbqentertainment.com\\\/#website\",\"url\":\"https:\\\/\\\/bbqentertainment.com\\\/\",\"name\":\"BBQ Entertainment\",\"description\":\"BBQ is a great lifestyle, not just fun!\",\"publisher\":{\"@id\":\"https:\\\/\\\/bbqentertainment.com\\\/#organization\"},\"potentialAction\":[{\"@type\":\"SearchAction\",\"target\":{\"@type\":\"EntryPoint\",\"urlTemplate\":\"https:\\\/\\\/bbqentertainment.com\\\/?s={search_term_string}\"},\"query-input\":{\"@type\":\"PropertyValueSpecification\",\"valueRequired\":true,\"valueName\":\"search_term_string\"}}],\"inLanguage\":\"en-US\"},{\"@type\":\"Organization\",\"@id\":\"https:\\\/\\\/bbqentertainment.com\\\/#organization\",\"name\":\"BBQ Entertainment O\u00dc\",\"url\":\"https:\\\/\\\/bbqentertainment.com\\\/\",\"logo\":{\"@type\":\"ImageObject\",\"inLanguage\":\"en-US\",\"@id\":\"https:\\\/\\\/bbqentertainment.com\\\/#\\\/schema\\\/logo\\\/image\\\/\",\"url\":\"https:\\\/\\\/bbqentertainment.com\\\/wp-content\\\/uploads\\\/2020\\\/04\\\/BBQ-Entertainment-N-Catering-Enn-Tobreluts-Logo.png\",\"contentUrl\":\"https:\\\/\\\/bbqentertainment.com\\\/wp-content\\\/uploads\\\/2020\\\/04\\\/BBQ-Entertainment-N-Catering-Enn-Tobreluts-Logo.png\",\"width\":628,\"height\":266,\"caption\":\"BBQ Entertainment O\u00dc\"},\"image\":{\"@id\":\"https:\\\/\\\/bbqentertainment.com\\\/#\\\/schema\\\/logo\\\/image\\\/\"},\"sameAs\":[\"https:\\\/\\\/www.facebook.com\\\/BBQ-Entertainment-N-Catering-2437913376443540\",\"https:\\\/\\\/www.instagram.com\\\/bbqentertainmentncatering\\\/\",\"https:\\\/\\\/www.youtube.com\\\/channel\\\/UCmpuANQVhLy2Md8nrenp2jA\"]}]}<\/script>\n<!-- \/ Yoast SEO plugin. -->","yoast_head_json":{"title":"Napoleon 2-osaline grilltavikute komplekt (grilltangid ja -labidas) - BBQ Entertainment","robots":{"index":"index","follow":"follow","max-snippet":"max-snippet:-1","max-image-preview":"max-image-preview:large","max-video-preview":"max-video-preview:-1"},"canonical":"https:\/\/bbqentertainment.com\/toode\/napoleon-2-osaline-grilltavikute-komplekt-grilltangid-ja-labidas\/","og_locale":"en_US","og_type":"article","og_title":"Napoleon 2-osaline grilltavikute komplekt (grilltangid ja -labidas) - BBQ Entertainment","og_description":"Napoleon 2-osaline grilltavikute komplekt (grilltangid ja -labidas) Napoleoni kaheosaline grillitarvikute komplekt sisaldab k\u00f5ike, mida vajad mugavaks ja kindlaks toiduk\u00e4itlemiseks grillil. Komplektis on pikk spaatel ja lukustatavad tangid, m\u00f5lemad pehme kattega k\u00e4epidemetega, mis tagavad hea haarde ka kuumades tingimustes. Roostevabast terasest konstruktsioon tagab vastupidavuse ja pika kasutusea. Omadused\u2022 roostevabast terasest tugev ja vastupidav ehitus\u2022 komplektis spaatel ja lukustatavad tangid\u2022 pehme kattega k\u00e4epidemed kindlaks ja mugavaks kasutamiseks","og_url":"https:\/\/bbqentertainment.com\/toode\/napoleon-2-osaline-grilltavikute-komplekt-grilltangid-ja-labidas\/","og_site_name":"BBQ Entertainment","article_publisher":"https:\/\/www.facebook.com\/BBQ-Entertainment-N-Catering-2437913376443540","article_modified_time":"2026-04-06T09:26:53+00:00","og_image":[{"width":700,"height":700,"url":"https:\/\/bbqentertainment.com\/wp-content\/uploads\/2025\/04\/70032-2-piece-toolset-on-white-working-full-size.jpg","type":"image\/jpeg"}],"twitter_card":"summary_large_image","twitter_misc":{"Est. reading time":"1 minute"},"schema":{"@context":"https:\/\/schema.org","@graph":[{"@type":["WebPage","ItemPage"],"@id":"https:\/\/bbqentertainment.com\/toode\/napoleon-2-osaline-grilltavikute-komplekt-grilltangid-ja-labidas\/","url":"https:\/\/bbqentertainment.com\/toode\/napoleon-2-osaline-grilltavikute-komplekt-grilltangid-ja-labidas\/","name":"Napoleon 2-osaline grilltavikute komplekt (grilltangid ja -labidas) - BBQ Entertainment","isPartOf":{"@id":"https:\/\/bbqentertainment.com\/#website"},"primaryImageOfPage":{"@id":"https:\/\/bbqentertainment.com\/toode\/napoleon-2-osaline-grilltavikute-komplekt-grilltangid-ja-labidas\/#primaryimage"},"image":{"@id":"https:\/\/bbqentertainment.com\/toode\/napoleon-2-osaline-grilltavikute-komplekt-grilltangid-ja-labidas\/#primaryimage"},"thumbnailUrl":"https:\/\/bbqentertainment.com\/wp-content\/uploads\/2025\/04\/70032-2-piece-toolset-on-white-working-full-size.jpg","datePublished":"2025-04-04T10:29:19+00:00","dateModified":"2026-04-06T09:26:53+00:00","breadcrumb":{"@id":"https:\/\/bbqentertainment.com\/toode\/napoleon-2-osaline-grilltavikute-komplekt-grilltangid-ja-labidas\/#breadcrumb"},"inLanguage":"en-US","potentialAction":[{"@type":"ReadAction","target":["https:\/\/bbqentertainment.com\/toode\/napoleon-2-osaline-grilltavikute-komplekt-grilltangid-ja-labidas\/"]}]},{"@type":"ImageObject","inLanguage":"en-US","@id":"https:\/\/bbqentertainment.com\/toode\/napoleon-2-osaline-grilltavikute-komplekt-grilltangid-ja-labidas\/#primaryimage","url":"https:\/\/bbqentertainment.com\/wp-content\/uploads\/2025\/04\/70032-2-piece-toolset-on-white-working-full-size.jpg","contentUrl":"https:\/\/bbqentertainment.com\/wp-content\/uploads\/2025\/04\/70032-2-piece-toolset-on-white-working-full-size.jpg","width":700,"height":700},{"@type":"BreadcrumbList","@id":"https:\/\/bbqentertainment.com\/toode\/napoleon-2-osaline-grilltavikute-komplekt-grilltangid-ja-labidas\/#breadcrumb","itemListElement":[{"@type":"ListItem","position":1,"name":"AVALEHT","item":"https:\/\/bbqentertainment.com\/en\/"},{"@type":"ListItem","position":2,"name":"Tooted","item":"https:\/\/bbqentertainment.com\/tooted\/"},{"@type":"ListItem","position":3,"name":"Lisatarvikud","item":"https:\/\/bbqentertainment.com\/tootekategooria\/lisatarvikud\/"},{"@type":"ListItem","position":4,"name":"Lisatarvikud Napoleon","item":"https:\/\/bbqentertainment.com\/tootekategooria\/lisatarvikud\/lisatarvikud-napoleon\/"},{"@type":"ListItem","position":5,"name":"Napoleon 2-osaline grilltavikute komplekt (grilltangid ja -labidas)"}]},{"@type":"WebSite","@id":"https:\/\/bbqentertainment.com\/#website","url":"https:\/\/bbqentertainment.com\/","name":"BBQ Entertainment","description":"BBQ is a great lifestyle, not just fun!","publisher":{"@id":"https:\/\/bbqentertainment.com\/#organization"},"potentialAction":[{"@type":"SearchAction","target":{"@type":"EntryPoint","urlTemplate":"https:\/\/bbqentertainment.com\/?s={search_term_string}"},"query-input":{"@type":"PropertyValueSpecification","valueRequired":true,"valueName":"search_term_string"}}],"inLanguage":"en-US"},{"@type":"Organization","@id":"https:\/\/bbqentertainment.com\/#organization","name":"BBQ Entertainment O\u00dc","url":"https:\/\/bbqentertainment.com\/","logo":{"@type":"ImageObject","inLanguage":"en-US","@id":"https:\/\/bbqentertainment.com\/#\/schema\/logo\/image\/","url":"https:\/\/bbqentertainment.com\/wp-content\/uploads\/2020\/04\/BBQ-Entertainment-N-Catering-Enn-Tobreluts-Logo.png","contentUrl":"https:\/\/bbqentertainment.com\/wp-content\/uploads\/2020\/04\/BBQ-Entertainment-N-Catering-Enn-Tobreluts-Logo.png","width":628,"height":266,"caption":"BBQ Entertainment O\u00dc"},"image":{"@id":"https:\/\/bbqentertainment.com\/#\/schema\/logo\/image\/"},"sameAs":["https:\/\/www.facebook.com\/BBQ-Entertainment-N-Catering-2437913376443540","https:\/\/www.instagram.com\/bbqentertainmentncatering\/","https:\/\/www.youtube.com\/channel\/UCmpuANQVhLy2Md8nrenp2jA"]}]}},"_links":{"self":[{"href":"https:\/\/bbqentertainment.com\/en\/wp-json\/wp\/v2\/product\/251213","targetHints":{"allow":["GET"]}}],"collection":[{"href":"https:\/\/bbqentertainment.com\/en\/wp-json\/wp\/v2\/product"}],"about":[{"href":"https:\/\/bbqentertainment.com\/en\/wp-json\/wp\/v2\/types\/product"}],"wp:featuredmedia":[{"embeddable":true,"href":"https:\/\/bbqentertainment.com\/en\/wp-json\/wp\/v2\/media\/251214"}],"wp:attachment":[{"href":"https:\/\/bbqentertainment.com\/en\/wp-json\/wp\/v2\/media?parent=251213"}],"wp:term":[{"taxonomy":"product_brand","embeddable":true,"href":"https:\/\/bbqentertainment.com\/en\/wp-json\/wp\/v2\/product_brand?post=251213"},{"taxonomy":"product_cat","embeddable":true,"href":"https:\/\/bbqentertainment.com\/en\/wp-json\/wp\/v2\/product_cat?post=251213"},{"taxonomy":"product_tag","embeddable":true,"href":"https:\/\/bbqentertainment.com\/en\/wp-json\/wp\/v2\/product_tag?post=251213"}],"curies":[{"name":"wp","href":"https:\/\/api.w.org\/{rel}","templated":true}]}}