{"id":251223,"date":"2025-04-04T13:36:06","date_gmt":"2025-04-04T10:36:06","guid":{"rendered":"https:\/\/bbqentertainment.com\/?post_type=product&#038;p=251223"},"modified":"2026-04-06T12:26:41","modified_gmt":"2026-04-06T09:26:41","slug":"napoleon-lukustatavad-napits-grilltangid-40cm","status":"publish","type":"product","link":"https:\/\/bbqentertainment.com\/en\/toode\/napoleon-lukustatavad-napits-grilltangid-40cm\/","title":{"rendered":"Napoleon lukustatavad n\u00e4pits-grilltangid 40cm"},"content":{"rendered":"","protected":false},"excerpt":{"rendered":"<h3 data-start=\"0\" data-end=\"73\"><strong data-start=\"0\" data-end=\"73\">Napoleon roostevabast terasest automaatlukustuvad grillitangid<\/strong><\/h3>\n<p class=\"\" data-start=\"75\" data-end=\"391\">Need 40 cm pikkused grillitangid on praktiline ja vastupidav t\u00f6\u00f6riist igap\u00e4evaseks grillimiseks. Automaatne lukustusmehhanism v\u00f5imaldab tangid lihtsalt sulgeda ja hoiustada \u2013 ilma vaevata, isegi siis, kui \u00fcks k\u00e4si on h\u00f5ivatud. T\u00e4nu ergonoomilisele kujule on tangidega mugav ja kindel haarata ka suuremaid toidut\u00fckke.<\/p>\n<p class=\"\" data-start=\"393\" data-end=\"490\">Tangid on valmistatud roostevabast terasest ja sobivad masinpesuks, mis teeb hooldamise lihtsaks.<\/p>\n<p class=\"\" data-start=\"492\" data-end=\"672\"><strong data-start=\"492\" data-end=\"505\">Omadused<\/strong><br data-start=\"505\" data-end=\"508\" \/>\u2022 pikkus: 40 cm<br data-start=\"523\" data-end=\"526\" \/>\u2022 roostevabast terasest konstruktsioon<br data-start=\"564\" data-end=\"567\" \/>\u2022 automaatne lukustusmehhanism<br data-start=\"597\" data-end=\"600\" \/>\u2022 ergonoomiline disain mugavaks kasutamiseks<br data-start=\"644\" data-end=\"647\" \/>\u2022 n\u00f5udepesumasinas pestav<\/p>\n","protected":false},"featured_media":251228,"template":"","meta":{"inline_featured_image":false},"product_brand":[],"product_cat":[92,562,479],"product_tag":[],"class_list":{"0":"post-251223","1":"product","2":"type-product","3":"status-publish","4":"has-post-thumbnail","6":"product_cat-lisatarvikud","7":"product_cat-lisatarvikud-napoleon","8":"product_cat-grillitarvikud","10":"first","11":"instock","12":"taxable","13":"shipping-taxable","14":"purchasable","15":"product-type-simple"},"yoast_head":"<!-- This site is optimized with the Yoast SEO plugin v27.4 - https:\/\/yoast.com\/product\/yoast-seo-wordpress\/ -->\n<title>Napoleon lukustatavad n\u00e4pits-grilltangid 40cm - BBQ Entertainment<\/title>\n<meta name=\"robots\" content=\"index, follow, max-snippet:-1, max-image-preview:large, max-video-preview:-1\" \/>\n<link rel=\"canonical\" href=\"https:\/\/bbqentertainment.com\/toode\/napoleon-lukustatavad-napits-grilltangid-40cm\/\" \/>\n<meta property=\"og:locale\" content=\"en_US\" \/>\n<meta property=\"og:type\" content=\"article\" \/>\n<meta property=\"og:title\" content=\"Napoleon lukustatavad n\u00e4pits-grilltangid 40cm - BBQ Entertainment\" \/>\n<meta property=\"og:description\" content=\"Napoleon roostevabast terasest automaatlukustuvad grillitangid Need 40 cm pikkused grillitangid on praktiline ja vastupidav t\u00f6\u00f6riist igap\u00e4evaseks grillimiseks. Automaatne lukustusmehhanism v\u00f5imaldab tangid lihtsalt sulgeda ja hoiustada \u2013 ilma vaevata, isegi siis, kui \u00fcks k\u00e4si on h\u00f5ivatud. T\u00e4nu ergonoomilisele kujule on tangidega mugav ja kindel haarata ka suuremaid toidut\u00fckke. Tangid on valmistatud roostevabast terasest ja sobivad masinpesuks, mis teeb hooldamise lihtsaks. Omadused\u2022 pikkus: 40 cm\u2022 roostevabast terasest konstruktsioon\u2022 automaatne lukustusmehhanism\u2022 ergonoomiline disain mugavaks kasutamiseks\u2022 n\u00f5udepesumasinas pestav\" \/>\n<meta property=\"og:url\" content=\"https:\/\/bbqentertainment.com\/toode\/napoleon-lukustatavad-napits-grilltangid-40cm\/\" \/>\n<meta property=\"og:site_name\" content=\"BBQ Entertainment\" \/>\n<meta property=\"article:publisher\" content=\"https:\/\/www.facebook.com\/BBQ-Entertainment-N-Catering-2437913376443540\" \/>\n<meta property=\"article:modified_time\" content=\"2026-04-06T09:26:41+00:00\" \/>\n<meta property=\"og:image\" content=\"https:\/\/bbqentertainment.com\/wp-content\/uploads\/2025\/04\/Napoleon-Grilltang-629162550156.jpg\" \/>\n\t<meta property=\"og:image:width\" content=\"600\" \/>\n\t<meta property=\"og:image:height\" content=\"600\" \/>\n\t<meta property=\"og:image:type\" content=\"image\/jpeg\" \/>\n<meta name=\"twitter:card\" content=\"summary_large_image\" \/>\n<meta name=\"twitter:label1\" content=\"Est. reading time\" \/>\n\t<meta name=\"twitter:data1\" content=\"1 minute\" \/>\n<script type=\"application\/ld+json\" class=\"yoast-schema-graph\">{\"@context\":\"https:\\\/\\\/schema.org\",\"@graph\":[{\"@type\":[\"WebPage\",\"ItemPage\"],\"@id\":\"https:\\\/\\\/bbqentertainment.com\\\/toode\\\/napoleon-lukustatavad-napits-grilltangid-40cm\\\/\",\"url\":\"https:\\\/\\\/bbqentertainment.com\\\/toode\\\/napoleon-lukustatavad-napits-grilltangid-40cm\\\/\",\"name\":\"Napoleon lukustatavad n\u00e4pits-grilltangid 40cm - BBQ Entertainment\",\"isPartOf\":{\"@id\":\"https:\\\/\\\/bbqentertainment.com\\\/#website\"},\"primaryImageOfPage\":{\"@id\":\"https:\\\/\\\/bbqentertainment.com\\\/toode\\\/napoleon-lukustatavad-napits-grilltangid-40cm\\\/#primaryimage\"},\"image\":{\"@id\":\"https:\\\/\\\/bbqentertainment.com\\\/toode\\\/napoleon-lukustatavad-napits-grilltangid-40cm\\\/#primaryimage\"},\"thumbnailUrl\":\"https:\\\/\\\/bbqentertainment.com\\\/wp-content\\\/uploads\\\/2025\\\/04\\\/Napoleon-Grilltang-629162550156.jpg\",\"datePublished\":\"2025-04-04T10:36:06+00:00\",\"dateModified\":\"2026-04-06T09:26:41+00:00\",\"breadcrumb\":{\"@id\":\"https:\\\/\\\/bbqentertainment.com\\\/toode\\\/napoleon-lukustatavad-napits-grilltangid-40cm\\\/#breadcrumb\"},\"inLanguage\":\"en-US\",\"potentialAction\":[{\"@type\":\"ReadAction\",\"target\":[\"https:\\\/\\\/bbqentertainment.com\\\/toode\\\/napoleon-lukustatavad-napits-grilltangid-40cm\\\/\"]}]},{\"@type\":\"ImageObject\",\"inLanguage\":\"en-US\",\"@id\":\"https:\\\/\\\/bbqentertainment.com\\\/toode\\\/napoleon-lukustatavad-napits-grilltangid-40cm\\\/#primaryimage\",\"url\":\"https:\\\/\\\/bbqentertainment.com\\\/wp-content\\\/uploads\\\/2025\\\/04\\\/Napoleon-Grilltang-629162550156.jpg\",\"contentUrl\":\"https:\\\/\\\/bbqentertainment.com\\\/wp-content\\\/uploads\\\/2025\\\/04\\\/Napoleon-Grilltang-629162550156.jpg\",\"width\":600,\"height\":600},{\"@type\":\"BreadcrumbList\",\"@id\":\"https:\\\/\\\/bbqentertainment.com\\\/toode\\\/napoleon-lukustatavad-napits-grilltangid-40cm\\\/#breadcrumb\",\"itemListElement\":[{\"@type\":\"ListItem\",\"position\":1,\"name\":\"AVALEHT\",\"item\":\"https:\\\/\\\/bbqentertainment.com\\\/en\\\/\"},{\"@type\":\"ListItem\",\"position\":2,\"name\":\"Tooted\",\"item\":\"https:\\\/\\\/bbqentertainment.com\\\/tooted\\\/\"},{\"@type\":\"ListItem\",\"position\":3,\"name\":\"Lisatarvikud\",\"item\":\"https:\\\/\\\/bbqentertainment.com\\\/tootekategooria\\\/lisatarvikud\\\/\"},{\"@type\":\"ListItem\",\"position\":4,\"name\":\"Lisatarvikud Napoleon\",\"item\":\"https:\\\/\\\/bbqentertainment.com\\\/tootekategooria\\\/lisatarvikud\\\/lisatarvikud-napoleon\\\/\"},{\"@type\":\"ListItem\",\"position\":5,\"name\":\"Napoleon lukustatavad n\u00e4pits-grilltangid 40cm\"}]},{\"@type\":\"WebSite\",\"@id\":\"https:\\\/\\\/bbqentertainment.com\\\/#website\",\"url\":\"https:\\\/\\\/bbqentertainment.com\\\/\",\"name\":\"BBQ Entertainment\",\"description\":\"BBQ is a great lifestyle, not just fun!\",\"publisher\":{\"@id\":\"https:\\\/\\\/bbqentertainment.com\\\/#organization\"},\"potentialAction\":[{\"@type\":\"SearchAction\",\"target\":{\"@type\":\"EntryPoint\",\"urlTemplate\":\"https:\\\/\\\/bbqentertainment.com\\\/?s={search_term_string}\"},\"query-input\":{\"@type\":\"PropertyValueSpecification\",\"valueRequired\":true,\"valueName\":\"search_term_string\"}}],\"inLanguage\":\"en-US\"},{\"@type\":\"Organization\",\"@id\":\"https:\\\/\\\/bbqentertainment.com\\\/#organization\",\"name\":\"BBQ Entertainment O\u00dc\",\"url\":\"https:\\\/\\\/bbqentertainment.com\\\/\",\"logo\":{\"@type\":\"ImageObject\",\"inLanguage\":\"en-US\",\"@id\":\"https:\\\/\\\/bbqentertainment.com\\\/#\\\/schema\\\/logo\\\/image\\\/\",\"url\":\"https:\\\/\\\/bbqentertainment.com\\\/wp-content\\\/uploads\\\/2020\\\/04\\\/BBQ-Entertainment-N-Catering-Enn-Tobreluts-Logo.png\",\"contentUrl\":\"https:\\\/\\\/bbqentertainment.com\\\/wp-content\\\/uploads\\\/2020\\\/04\\\/BBQ-Entertainment-N-Catering-Enn-Tobreluts-Logo.png\",\"width\":628,\"height\":266,\"caption\":\"BBQ Entertainment O\u00dc\"},\"image\":{\"@id\":\"https:\\\/\\\/bbqentertainment.com\\\/#\\\/schema\\\/logo\\\/image\\\/\"},\"sameAs\":[\"https:\\\/\\\/www.facebook.com\\\/BBQ-Entertainment-N-Catering-2437913376443540\",\"https:\\\/\\\/www.instagram.com\\\/bbqentertainmentncatering\\\/\",\"https:\\\/\\\/www.youtube.com\\\/channel\\\/UCmpuANQVhLy2Md8nrenp2jA\"]}]}<\/script>\n<!-- \/ Yoast SEO plugin. -->","yoast_head_json":{"title":"Napoleon lukustatavad n\u00e4pits-grilltangid 40cm - BBQ Entertainment","robots":{"index":"index","follow":"follow","max-snippet":"max-snippet:-1","max-image-preview":"max-image-preview:large","max-video-preview":"max-video-preview:-1"},"canonical":"https:\/\/bbqentertainment.com\/toode\/napoleon-lukustatavad-napits-grilltangid-40cm\/","og_locale":"en_US","og_type":"article","og_title":"Napoleon lukustatavad n\u00e4pits-grilltangid 40cm - BBQ Entertainment","og_description":"Napoleon roostevabast terasest automaatlukustuvad grillitangid Need 40 cm pikkused grillitangid on praktiline ja vastupidav t\u00f6\u00f6riist igap\u00e4evaseks grillimiseks. Automaatne lukustusmehhanism v\u00f5imaldab tangid lihtsalt sulgeda ja hoiustada \u2013 ilma vaevata, isegi siis, kui \u00fcks k\u00e4si on h\u00f5ivatud. T\u00e4nu ergonoomilisele kujule on tangidega mugav ja kindel haarata ka suuremaid toidut\u00fckke. Tangid on valmistatud roostevabast terasest ja sobivad masinpesuks, mis teeb hooldamise lihtsaks. Omadused\u2022 pikkus: 40 cm\u2022 roostevabast terasest konstruktsioon\u2022 automaatne lukustusmehhanism\u2022 ergonoomiline disain mugavaks kasutamiseks\u2022 n\u00f5udepesumasinas pestav","og_url":"https:\/\/bbqentertainment.com\/toode\/napoleon-lukustatavad-napits-grilltangid-40cm\/","og_site_name":"BBQ Entertainment","article_publisher":"https:\/\/www.facebook.com\/BBQ-Entertainment-N-Catering-2437913376443540","article_modified_time":"2026-04-06T09:26:41+00:00","og_image":[{"width":600,"height":600,"url":"https:\/\/bbqentertainment.com\/wp-content\/uploads\/2025\/04\/Napoleon-Grilltang-629162550156.jpg","type":"image\/jpeg"}],"twitter_card":"summary_large_image","twitter_misc":{"Est. reading time":"1 minute"},"schema":{"@context":"https:\/\/schema.org","@graph":[{"@type":["WebPage","ItemPage"],"@id":"https:\/\/bbqentertainment.com\/toode\/napoleon-lukustatavad-napits-grilltangid-40cm\/","url":"https:\/\/bbqentertainment.com\/toode\/napoleon-lukustatavad-napits-grilltangid-40cm\/","name":"Napoleon lukustatavad n\u00e4pits-grilltangid 40cm - BBQ Entertainment","isPartOf":{"@id":"https:\/\/bbqentertainment.com\/#website"},"primaryImageOfPage":{"@id":"https:\/\/bbqentertainment.com\/toode\/napoleon-lukustatavad-napits-grilltangid-40cm\/#primaryimage"},"image":{"@id":"https:\/\/bbqentertainment.com\/toode\/napoleon-lukustatavad-napits-grilltangid-40cm\/#primaryimage"},"thumbnailUrl":"https:\/\/bbqentertainment.com\/wp-content\/uploads\/2025\/04\/Napoleon-Grilltang-629162550156.jpg","datePublished":"2025-04-04T10:36:06+00:00","dateModified":"2026-04-06T09:26:41+00:00","breadcrumb":{"@id":"https:\/\/bbqentertainment.com\/toode\/napoleon-lukustatavad-napits-grilltangid-40cm\/#breadcrumb"},"inLanguage":"en-US","potentialAction":[{"@type":"ReadAction","target":["https:\/\/bbqentertainment.com\/toode\/napoleon-lukustatavad-napits-grilltangid-40cm\/"]}]},{"@type":"ImageObject","inLanguage":"en-US","@id":"https:\/\/bbqentertainment.com\/toode\/napoleon-lukustatavad-napits-grilltangid-40cm\/#primaryimage","url":"https:\/\/bbqentertainment.com\/wp-content\/uploads\/2025\/04\/Napoleon-Grilltang-629162550156.jpg","contentUrl":"https:\/\/bbqentertainment.com\/wp-content\/uploads\/2025\/04\/Napoleon-Grilltang-629162550156.jpg","width":600,"height":600},{"@type":"BreadcrumbList","@id":"https:\/\/bbqentertainment.com\/toode\/napoleon-lukustatavad-napits-grilltangid-40cm\/#breadcrumb","itemListElement":[{"@type":"ListItem","position":1,"name":"AVALEHT","item":"https:\/\/bbqentertainment.com\/en\/"},{"@type":"ListItem","position":2,"name":"Tooted","item":"https:\/\/bbqentertainment.com\/tooted\/"},{"@type":"ListItem","position":3,"name":"Lisatarvikud","item":"https:\/\/bbqentertainment.com\/tootekategooria\/lisatarvikud\/"},{"@type":"ListItem","position":4,"name":"Lisatarvikud Napoleon","item":"https:\/\/bbqentertainment.com\/tootekategooria\/lisatarvikud\/lisatarvikud-napoleon\/"},{"@type":"ListItem","position":5,"name":"Napoleon lukustatavad n\u00e4pits-grilltangid 40cm"}]},{"@type":"WebSite","@id":"https:\/\/bbqentertainment.com\/#website","url":"https:\/\/bbqentertainment.com\/","name":"BBQ Entertainment","description":"BBQ is a great lifestyle, not just fun!","publisher":{"@id":"https:\/\/bbqentertainment.com\/#organization"},"potentialAction":[{"@type":"SearchAction","target":{"@type":"EntryPoint","urlTemplate":"https:\/\/bbqentertainment.com\/?s={search_term_string}"},"query-input":{"@type":"PropertyValueSpecification","valueRequired":true,"valueName":"search_term_string"}}],"inLanguage":"en-US"},{"@type":"Organization","@id":"https:\/\/bbqentertainment.com\/#organization","name":"BBQ Entertainment O\u00dc","url":"https:\/\/bbqentertainment.com\/","logo":{"@type":"ImageObject","inLanguage":"en-US","@id":"https:\/\/bbqentertainment.com\/#\/schema\/logo\/image\/","url":"https:\/\/bbqentertainment.com\/wp-content\/uploads\/2020\/04\/BBQ-Entertainment-N-Catering-Enn-Tobreluts-Logo.png","contentUrl":"https:\/\/bbqentertainment.com\/wp-content\/uploads\/2020\/04\/BBQ-Entertainment-N-Catering-Enn-Tobreluts-Logo.png","width":628,"height":266,"caption":"BBQ Entertainment O\u00dc"},"image":{"@id":"https:\/\/bbqentertainment.com\/#\/schema\/logo\/image\/"},"sameAs":["https:\/\/www.facebook.com\/BBQ-Entertainment-N-Catering-2437913376443540","https:\/\/www.instagram.com\/bbqentertainmentncatering\/","https:\/\/www.youtube.com\/channel\/UCmpuANQVhLy2Md8nrenp2jA"]}]}},"_links":{"self":[{"href":"https:\/\/bbqentertainment.com\/en\/wp-json\/wp\/v2\/product\/251223","targetHints":{"allow":["GET"]}}],"collection":[{"href":"https:\/\/bbqentertainment.com\/en\/wp-json\/wp\/v2\/product"}],"about":[{"href":"https:\/\/bbqentertainment.com\/en\/wp-json\/wp\/v2\/types\/product"}],"wp:featuredmedia":[{"embeddable":true,"href":"https:\/\/bbqentertainment.com\/en\/wp-json\/wp\/v2\/media\/251228"}],"wp:attachment":[{"href":"https:\/\/bbqentertainment.com\/en\/wp-json\/wp\/v2\/media?parent=251223"}],"wp:term":[{"taxonomy":"product_brand","embeddable":true,"href":"https:\/\/bbqentertainment.com\/en\/wp-json\/wp\/v2\/product_brand?post=251223"},{"taxonomy":"product_cat","embeddable":true,"href":"https:\/\/bbqentertainment.com\/en\/wp-json\/wp\/v2\/product_cat?post=251223"},{"taxonomy":"product_tag","embeddable":true,"href":"https:\/\/bbqentertainment.com\/en\/wp-json\/wp\/v2\/product_tag?post=251223"}],"curies":[{"name":"wp","href":"https:\/\/api.w.org\/{rel}","templated":true}]}}