{"id":251235,"date":"2025-04-04T13:43:54","date_gmt":"2025-04-04T10:43:54","guid":{"rendered":"https:\/\/bbqentertainment.com\/?post_type=product&#038;p=251235"},"modified":"2026-04-06T12:26:39","modified_gmt":"2026-04-06T09:26:39","slug":"napoleon-hommikusoogi-komplekt-nelja-munaringiga","status":"publish","type":"product","link":"https:\/\/bbqentertainment.com\/en\/toode\/napoleon-hommikusoogi-komplekt-nelja-munaringiga\/","title":{"rendered":"Napoleon hommikus\u00f6\u00f6gi komplekt nelja munaringiga"},"content":{"rendered":"","protected":false},"excerpt":{"rendered":"<h3 data-start=\"0\" data-end=\"80\"><strong data-start=\"0\" data-end=\"80\">Napoleon roostevabast terasest hommikus\u00f6\u00f6gi t\u00f6\u00f6riistakomplekt munar\u00f5ngastega<\/strong><\/h3>\n<p class=\"\" data-start=\"82\" data-end=\"407\">Napoleoni hommikus\u00f6\u00f6gi t\u00f6\u00f6riistakomplekt pakub mugavat ja vastupidavat lahendust, kui soovid grillil valmistada rohkemat kui vaid l\u00f5una- v\u00f5i \u00f5htus\u00f6\u00f6ki. Komplekti kuuluvad t\u00f6\u00f6riistad on loodud spetsiaalselt grilliplaadil v\u00f5i planchal kasutamiseks ning sobivad h\u00e4sti n\u00e4iteks munade, pannkookide v\u00f5i k\u00f6\u00f6giviljade valmistamiseks.<\/p>\n<p class=\"\" data-start=\"409\" data-end=\"529\">Ergonoomilised kuumakindlad k\u00e4epidemed teevad t\u00f6\u00f6 mugavaks ja ohutuks. K\u00f5ik komplekti osad on n\u00f5udepesumasinas pestavad.<\/p>\n<p class=\"\" data-start=\"531\" data-end=\"752\"><strong data-start=\"531\" data-end=\"544\">Omadused<\/strong><br data-start=\"544\" data-end=\"547\" \/>\u2022 t\u00e4iskomplekt hommikus\u00f6\u00f6gi valmistamiseks &#8211; spaatel, kaabits ja 4 munar\u00f5ngast<br data-start=\"611\" data-end=\"614\" \/>\u2022 vastupidav roostevabast terasest konstruktsioon<br data-start=\"663\" data-end=\"666\" \/>\u2022 ergonoomilised ja kuumakindlad k\u00e4epidemed<br data-start=\"709\" data-end=\"712\" \/>\u2022 k\u00f5ik osad on n\u00f5udepesumasinas pestavad<\/p>\n","protected":false},"featured_media":251238,"template":"","meta":{"inline_featured_image":false},"product_brand":[],"product_cat":[92,562,479],"product_tag":[],"class_list":{"0":"post-251235","1":"product","2":"type-product","3":"status-publish","4":"has-post-thumbnail","6":"product_cat-lisatarvikud","7":"product_cat-lisatarvikud-napoleon","8":"product_cat-grillitarvikud","10":"first","11":"instock","12":"taxable","13":"shipping-taxable","14":"purchasable","15":"product-type-simple"},"yoast_head":"<!-- This site is optimized with the Yoast SEO plugin v27.4 - https:\/\/yoast.com\/product\/yoast-seo-wordpress\/ -->\n<title>Napoleon hommikus\u00f6\u00f6gi komplekt nelja munaringiga - BBQ Entertainment<\/title>\n<meta name=\"robots\" content=\"index, follow, max-snippet:-1, max-image-preview:large, max-video-preview:-1\" \/>\n<link rel=\"canonical\" href=\"https:\/\/bbqentertainment.com\/toode\/napoleon-hommikusoogi-komplekt-nelja-munaringiga\/\" \/>\n<meta property=\"og:locale\" content=\"en_US\" \/>\n<meta property=\"og:type\" content=\"article\" \/>\n<meta property=\"og:title\" content=\"Napoleon hommikus\u00f6\u00f6gi komplekt nelja munaringiga - BBQ Entertainment\" \/>\n<meta property=\"og:description\" content=\"Napoleon roostevabast terasest hommikus\u00f6\u00f6gi t\u00f6\u00f6riistakomplekt munar\u00f5ngastega Napoleoni hommikus\u00f6\u00f6gi t\u00f6\u00f6riistakomplekt pakub mugavat ja vastupidavat lahendust, kui soovid grillil valmistada rohkemat kui vaid l\u00f5una- v\u00f5i \u00f5htus\u00f6\u00f6ki. Komplekti kuuluvad t\u00f6\u00f6riistad on loodud spetsiaalselt grilliplaadil v\u00f5i planchal kasutamiseks ning sobivad h\u00e4sti n\u00e4iteks munade, pannkookide v\u00f5i k\u00f6\u00f6giviljade valmistamiseks. Ergonoomilised kuumakindlad k\u00e4epidemed teevad t\u00f6\u00f6 mugavaks ja ohutuks. K\u00f5ik komplekti osad on n\u00f5udepesumasinas pestavad. Omadused\u2022 t\u00e4iskomplekt hommikus\u00f6\u00f6gi valmistamiseks - spaatel, kaabits ja 4 munar\u00f5ngast\u2022 vastupidav roostevabast terasest konstruktsioon\u2022 ergonoomilised ja kuumakindlad k\u00e4epidemed\u2022 k\u00f5ik osad on n\u00f5udepesumasinas pestavad\" \/>\n<meta property=\"og:url\" content=\"https:\/\/bbqentertainment.com\/toode\/napoleon-hommikusoogi-komplekt-nelja-munaringiga\/\" \/>\n<meta property=\"og:site_name\" content=\"BBQ Entertainment\" \/>\n<meta property=\"article:publisher\" content=\"https:\/\/www.facebook.com\/BBQ-Entertainment-N-Catering-2437913376443540\" \/>\n<meta property=\"article:modified_time\" content=\"2026-04-06T09:26:39+00:00\" \/>\n<meta property=\"og:image\" content=\"https:\/\/bbqentertainment.com\/wp-content\/uploads\/2025\/04\/breakfast-toolset-napoleon.jpg.webp\" \/>\n\t<meta property=\"og:image:width\" content=\"800\" \/>\n\t<meta property=\"og:image:height\" content=\"800\" \/>\n\t<meta property=\"og:image:type\" content=\"image\/webp\" \/>\n<meta name=\"twitter:card\" content=\"summary_large_image\" \/>\n<meta name=\"twitter:label1\" content=\"Est. reading time\" \/>\n\t<meta name=\"twitter:data1\" content=\"1 minute\" \/>\n<script type=\"application\/ld+json\" class=\"yoast-schema-graph\">{\"@context\":\"https:\\\/\\\/schema.org\",\"@graph\":[{\"@type\":[\"WebPage\",\"ItemPage\"],\"@id\":\"https:\\\/\\\/bbqentertainment.com\\\/toode\\\/napoleon-hommikusoogi-komplekt-nelja-munaringiga\\\/\",\"url\":\"https:\\\/\\\/bbqentertainment.com\\\/toode\\\/napoleon-hommikusoogi-komplekt-nelja-munaringiga\\\/\",\"name\":\"Napoleon hommikus\u00f6\u00f6gi komplekt nelja munaringiga - BBQ Entertainment\",\"isPartOf\":{\"@id\":\"https:\\\/\\\/bbqentertainment.com\\\/#website\"},\"primaryImageOfPage\":{\"@id\":\"https:\\\/\\\/bbqentertainment.com\\\/toode\\\/napoleon-hommikusoogi-komplekt-nelja-munaringiga\\\/#primaryimage\"},\"image\":{\"@id\":\"https:\\\/\\\/bbqentertainment.com\\\/toode\\\/napoleon-hommikusoogi-komplekt-nelja-munaringiga\\\/#primaryimage\"},\"thumbnailUrl\":\"https:\\\/\\\/bbqentertainment.com\\\/wp-content\\\/uploads\\\/2025\\\/04\\\/breakfast-toolset-napoleon.jpg.webp\",\"datePublished\":\"2025-04-04T10:43:54+00:00\",\"dateModified\":\"2026-04-06T09:26:39+00:00\",\"breadcrumb\":{\"@id\":\"https:\\\/\\\/bbqentertainment.com\\\/toode\\\/napoleon-hommikusoogi-komplekt-nelja-munaringiga\\\/#breadcrumb\"},\"inLanguage\":\"en-US\",\"potentialAction\":[{\"@type\":\"ReadAction\",\"target\":[\"https:\\\/\\\/bbqentertainment.com\\\/toode\\\/napoleon-hommikusoogi-komplekt-nelja-munaringiga\\\/\"]}]},{\"@type\":\"ImageObject\",\"inLanguage\":\"en-US\",\"@id\":\"https:\\\/\\\/bbqentertainment.com\\\/toode\\\/napoleon-hommikusoogi-komplekt-nelja-munaringiga\\\/#primaryimage\",\"url\":\"https:\\\/\\\/bbqentertainment.com\\\/wp-content\\\/uploads\\\/2025\\\/04\\\/breakfast-toolset-napoleon.jpg.webp\",\"contentUrl\":\"https:\\\/\\\/bbqentertainment.com\\\/wp-content\\\/uploads\\\/2025\\\/04\\\/breakfast-toolset-napoleon.jpg.webp\",\"width\":800,\"height\":800},{\"@type\":\"BreadcrumbList\",\"@id\":\"https:\\\/\\\/bbqentertainment.com\\\/toode\\\/napoleon-hommikusoogi-komplekt-nelja-munaringiga\\\/#breadcrumb\",\"itemListElement\":[{\"@type\":\"ListItem\",\"position\":1,\"name\":\"AVALEHT\",\"item\":\"https:\\\/\\\/bbqentertainment.com\\\/en\\\/\"},{\"@type\":\"ListItem\",\"position\":2,\"name\":\"Tooted\",\"item\":\"https:\\\/\\\/bbqentertainment.com\\\/tooted\\\/\"},{\"@type\":\"ListItem\",\"position\":3,\"name\":\"Lisatarvikud\",\"item\":\"https:\\\/\\\/bbqentertainment.com\\\/tootekategooria\\\/lisatarvikud\\\/\"},{\"@type\":\"ListItem\",\"position\":4,\"name\":\"Lisatarvikud Napoleon\",\"item\":\"https:\\\/\\\/bbqentertainment.com\\\/tootekategooria\\\/lisatarvikud\\\/lisatarvikud-napoleon\\\/\"},{\"@type\":\"ListItem\",\"position\":5,\"name\":\"Napoleon hommikus\u00f6\u00f6gi komplekt nelja munaringiga\"}]},{\"@type\":\"WebSite\",\"@id\":\"https:\\\/\\\/bbqentertainment.com\\\/#website\",\"url\":\"https:\\\/\\\/bbqentertainment.com\\\/\",\"name\":\"BBQ Entertainment\",\"description\":\"BBQ is a great lifestyle, not just fun!\",\"publisher\":{\"@id\":\"https:\\\/\\\/bbqentertainment.com\\\/#organization\"},\"potentialAction\":[{\"@type\":\"SearchAction\",\"target\":{\"@type\":\"EntryPoint\",\"urlTemplate\":\"https:\\\/\\\/bbqentertainment.com\\\/?s={search_term_string}\"},\"query-input\":{\"@type\":\"PropertyValueSpecification\",\"valueRequired\":true,\"valueName\":\"search_term_string\"}}],\"inLanguage\":\"en-US\"},{\"@type\":\"Organization\",\"@id\":\"https:\\\/\\\/bbqentertainment.com\\\/#organization\",\"name\":\"BBQ Entertainment O\u00dc\",\"url\":\"https:\\\/\\\/bbqentertainment.com\\\/\",\"logo\":{\"@type\":\"ImageObject\",\"inLanguage\":\"en-US\",\"@id\":\"https:\\\/\\\/bbqentertainment.com\\\/#\\\/schema\\\/logo\\\/image\\\/\",\"url\":\"https:\\\/\\\/bbqentertainment.com\\\/wp-content\\\/uploads\\\/2020\\\/04\\\/BBQ-Entertainment-N-Catering-Enn-Tobreluts-Logo.png\",\"contentUrl\":\"https:\\\/\\\/bbqentertainment.com\\\/wp-content\\\/uploads\\\/2020\\\/04\\\/BBQ-Entertainment-N-Catering-Enn-Tobreluts-Logo.png\",\"width\":628,\"height\":266,\"caption\":\"BBQ Entertainment O\u00dc\"},\"image\":{\"@id\":\"https:\\\/\\\/bbqentertainment.com\\\/#\\\/schema\\\/logo\\\/image\\\/\"},\"sameAs\":[\"https:\\\/\\\/www.facebook.com\\\/BBQ-Entertainment-N-Catering-2437913376443540\",\"https:\\\/\\\/www.instagram.com\\\/bbqentertainmentncatering\\\/\",\"https:\\\/\\\/www.youtube.com\\\/channel\\\/UCmpuANQVhLy2Md8nrenp2jA\"]}]}<\/script>\n<!-- \/ Yoast SEO plugin. -->","yoast_head_json":{"title":"Napoleon hommikus\u00f6\u00f6gi komplekt nelja munaringiga - BBQ Entertainment","robots":{"index":"index","follow":"follow","max-snippet":"max-snippet:-1","max-image-preview":"max-image-preview:large","max-video-preview":"max-video-preview:-1"},"canonical":"https:\/\/bbqentertainment.com\/toode\/napoleon-hommikusoogi-komplekt-nelja-munaringiga\/","og_locale":"en_US","og_type":"article","og_title":"Napoleon hommikus\u00f6\u00f6gi komplekt nelja munaringiga - BBQ Entertainment","og_description":"Napoleon roostevabast terasest hommikus\u00f6\u00f6gi t\u00f6\u00f6riistakomplekt munar\u00f5ngastega Napoleoni hommikus\u00f6\u00f6gi t\u00f6\u00f6riistakomplekt pakub mugavat ja vastupidavat lahendust, kui soovid grillil valmistada rohkemat kui vaid l\u00f5una- v\u00f5i \u00f5htus\u00f6\u00f6ki. Komplekti kuuluvad t\u00f6\u00f6riistad on loodud spetsiaalselt grilliplaadil v\u00f5i planchal kasutamiseks ning sobivad h\u00e4sti n\u00e4iteks munade, pannkookide v\u00f5i k\u00f6\u00f6giviljade valmistamiseks. Ergonoomilised kuumakindlad k\u00e4epidemed teevad t\u00f6\u00f6 mugavaks ja ohutuks. K\u00f5ik komplekti osad on n\u00f5udepesumasinas pestavad. Omadused\u2022 t\u00e4iskomplekt hommikus\u00f6\u00f6gi valmistamiseks - spaatel, kaabits ja 4 munar\u00f5ngast\u2022 vastupidav roostevabast terasest konstruktsioon\u2022 ergonoomilised ja kuumakindlad k\u00e4epidemed\u2022 k\u00f5ik osad on n\u00f5udepesumasinas pestavad","og_url":"https:\/\/bbqentertainment.com\/toode\/napoleon-hommikusoogi-komplekt-nelja-munaringiga\/","og_site_name":"BBQ Entertainment","article_publisher":"https:\/\/www.facebook.com\/BBQ-Entertainment-N-Catering-2437913376443540","article_modified_time":"2026-04-06T09:26:39+00:00","og_image":[{"width":800,"height":800,"url":"https:\/\/bbqentertainment.com\/wp-content\/uploads\/2025\/04\/breakfast-toolset-napoleon.jpg.webp","type":"image\/webp"}],"twitter_card":"summary_large_image","twitter_misc":{"Est. reading time":"1 minute"},"schema":{"@context":"https:\/\/schema.org","@graph":[{"@type":["WebPage","ItemPage"],"@id":"https:\/\/bbqentertainment.com\/toode\/napoleon-hommikusoogi-komplekt-nelja-munaringiga\/","url":"https:\/\/bbqentertainment.com\/toode\/napoleon-hommikusoogi-komplekt-nelja-munaringiga\/","name":"Napoleon hommikus\u00f6\u00f6gi komplekt nelja munaringiga - BBQ Entertainment","isPartOf":{"@id":"https:\/\/bbqentertainment.com\/#website"},"primaryImageOfPage":{"@id":"https:\/\/bbqentertainment.com\/toode\/napoleon-hommikusoogi-komplekt-nelja-munaringiga\/#primaryimage"},"image":{"@id":"https:\/\/bbqentertainment.com\/toode\/napoleon-hommikusoogi-komplekt-nelja-munaringiga\/#primaryimage"},"thumbnailUrl":"https:\/\/bbqentertainment.com\/wp-content\/uploads\/2025\/04\/breakfast-toolset-napoleon.jpg.webp","datePublished":"2025-04-04T10:43:54+00:00","dateModified":"2026-04-06T09:26:39+00:00","breadcrumb":{"@id":"https:\/\/bbqentertainment.com\/toode\/napoleon-hommikusoogi-komplekt-nelja-munaringiga\/#breadcrumb"},"inLanguage":"en-US","potentialAction":[{"@type":"ReadAction","target":["https:\/\/bbqentertainment.com\/toode\/napoleon-hommikusoogi-komplekt-nelja-munaringiga\/"]}]},{"@type":"ImageObject","inLanguage":"en-US","@id":"https:\/\/bbqentertainment.com\/toode\/napoleon-hommikusoogi-komplekt-nelja-munaringiga\/#primaryimage","url":"https:\/\/bbqentertainment.com\/wp-content\/uploads\/2025\/04\/breakfast-toolset-napoleon.jpg.webp","contentUrl":"https:\/\/bbqentertainment.com\/wp-content\/uploads\/2025\/04\/breakfast-toolset-napoleon.jpg.webp","width":800,"height":800},{"@type":"BreadcrumbList","@id":"https:\/\/bbqentertainment.com\/toode\/napoleon-hommikusoogi-komplekt-nelja-munaringiga\/#breadcrumb","itemListElement":[{"@type":"ListItem","position":1,"name":"AVALEHT","item":"https:\/\/bbqentertainment.com\/en\/"},{"@type":"ListItem","position":2,"name":"Tooted","item":"https:\/\/bbqentertainment.com\/tooted\/"},{"@type":"ListItem","position":3,"name":"Lisatarvikud","item":"https:\/\/bbqentertainment.com\/tootekategooria\/lisatarvikud\/"},{"@type":"ListItem","position":4,"name":"Lisatarvikud Napoleon","item":"https:\/\/bbqentertainment.com\/tootekategooria\/lisatarvikud\/lisatarvikud-napoleon\/"},{"@type":"ListItem","position":5,"name":"Napoleon hommikus\u00f6\u00f6gi komplekt nelja munaringiga"}]},{"@type":"WebSite","@id":"https:\/\/bbqentertainment.com\/#website","url":"https:\/\/bbqentertainment.com\/","name":"BBQ Entertainment","description":"BBQ is a great lifestyle, not just fun!","publisher":{"@id":"https:\/\/bbqentertainment.com\/#organization"},"potentialAction":[{"@type":"SearchAction","target":{"@type":"EntryPoint","urlTemplate":"https:\/\/bbqentertainment.com\/?s={search_term_string}"},"query-input":{"@type":"PropertyValueSpecification","valueRequired":true,"valueName":"search_term_string"}}],"inLanguage":"en-US"},{"@type":"Organization","@id":"https:\/\/bbqentertainment.com\/#organization","name":"BBQ Entertainment O\u00dc","url":"https:\/\/bbqentertainment.com\/","logo":{"@type":"ImageObject","inLanguage":"en-US","@id":"https:\/\/bbqentertainment.com\/#\/schema\/logo\/image\/","url":"https:\/\/bbqentertainment.com\/wp-content\/uploads\/2020\/04\/BBQ-Entertainment-N-Catering-Enn-Tobreluts-Logo.png","contentUrl":"https:\/\/bbqentertainment.com\/wp-content\/uploads\/2020\/04\/BBQ-Entertainment-N-Catering-Enn-Tobreluts-Logo.png","width":628,"height":266,"caption":"BBQ Entertainment O\u00dc"},"image":{"@id":"https:\/\/bbqentertainment.com\/#\/schema\/logo\/image\/"},"sameAs":["https:\/\/www.facebook.com\/BBQ-Entertainment-N-Catering-2437913376443540","https:\/\/www.instagram.com\/bbqentertainmentncatering\/","https:\/\/www.youtube.com\/channel\/UCmpuANQVhLy2Md8nrenp2jA"]}]}},"_links":{"self":[{"href":"https:\/\/bbqentertainment.com\/en\/wp-json\/wp\/v2\/product\/251235","targetHints":{"allow":["GET"]}}],"collection":[{"href":"https:\/\/bbqentertainment.com\/en\/wp-json\/wp\/v2\/product"}],"about":[{"href":"https:\/\/bbqentertainment.com\/en\/wp-json\/wp\/v2\/types\/product"}],"wp:featuredmedia":[{"embeddable":true,"href":"https:\/\/bbqentertainment.com\/en\/wp-json\/wp\/v2\/media\/251238"}],"wp:attachment":[{"href":"https:\/\/bbqentertainment.com\/en\/wp-json\/wp\/v2\/media?parent=251235"}],"wp:term":[{"taxonomy":"product_brand","embeddable":true,"href":"https:\/\/bbqentertainment.com\/en\/wp-json\/wp\/v2\/product_brand?post=251235"},{"taxonomy":"product_cat","embeddable":true,"href":"https:\/\/bbqentertainment.com\/en\/wp-json\/wp\/v2\/product_cat?post=251235"},{"taxonomy":"product_tag","embeddable":true,"href":"https:\/\/bbqentertainment.com\/en\/wp-json\/wp\/v2\/product_tag?post=251235"}],"curies":[{"name":"wp","href":"https:\/\/api.w.org\/{rel}","templated":true}]}}