{"id":251241,"date":"2025-04-04T14:29:07","date_gmt":"2025-04-04T11:29:07","guid":{"rendered":"https:\/\/bbqentertainment.com\/?post_type=product&#038;p=251241"},"modified":"2026-04-06T12:26:41","modified_gmt":"2026-04-06T09:26:41","slug":"napoleon-executive-3-osaline-grilltarvikute-komplekt-grilltangid-labidas-ja-silikoonpintsel","status":"publish","type":"product","link":"https:\/\/bbqentertainment.com\/en\/toode\/napoleon-executive-3-osaline-grilltarvikute-komplekt-grilltangid-labidas-ja-silikoonpintsel\/","title":{"rendered":"Napoleon EXECUTIVE 3-osaline grilltarvikute komplekt (grilltangid, -labidas ja -silikoonpintsel)"},"content":{"rendered":"","protected":false},"excerpt":{"rendered":"<h3 data-start=\"0\" data-end=\"59\"><strong data-start=\"0\" data-end=\"59\">Napoleon Executive grillitarvikute komplekt (3-osaline)<\/strong><\/h3>\n<p class=\"\" data-start=\"61\" data-end=\"542\">Napoleon Executive 3-osaline komplekt on loodud neile, kes hindavad tugevust, t\u00e4psust ja mugavust grillimisel. Valatud roostevabast terasest t\u00f6\u00f6riistad on vastupidavad ja kergesti hooldatavad. Lai spaatel on ideaalne suurte lihat\u00fckkide, n\u00e4iteks steikide k\u00e4sitsemiseks \u2013 sellel on terav ots ja sakiline k\u00fclg l\u00f5ikamiseks. Tangid lukustuvad lihtsalt ja on mugava haardega, sobides h\u00e4sti toidu liigutamiseks grillil. Silikoonist pintsel v\u00f5imaldab kastmeid ja marinaade t\u00e4pselt jaotada.<\/p>\n<p class=\"\" data-start=\"544\" data-end=\"805\"><strong data-start=\"544\" data-end=\"557\">Omadused<\/strong><br data-start=\"557\" data-end=\"560\" \/>\u2022 Komplekti kuulub &#8211; lai spaatel, lukustatavad tangid ja silikoonpintsel<br data-start=\"633\" data-end=\"636\" data-is-only-node=\"\" \/>\u2022 valmistatud valatud roostevabast terasest \u2013 vastupidav ja kergesti puhastatav<br data-start=\"715\" data-end=\"718\" \/>\u2022 ergonoomilised k\u00e4epidemed mugavaks kasutamiseks<br data-start=\"767\" data-end=\"770\" \/>\u2022 sobib n\u00f5udepesumasinas pesemiseks<\/p>\n<p data-start=\"353\" data-end=\"574\" data-is-last-node=\"\" data-is-only-node=\"\">\n","protected":false},"featured_media":251246,"template":"","meta":{"inline_featured_image":false},"product_brand":[],"product_cat":[92,562,479],"product_tag":[],"class_list":{"0":"post-251241","1":"product","2":"type-product","3":"status-publish","4":"has-post-thumbnail","6":"product_cat-lisatarvikud","7":"product_cat-lisatarvikud-napoleon","8":"product_cat-grillitarvikud","10":"first","11":"instock","12":"taxable","13":"shipping-taxable","14":"purchasable","15":"product-type-simple"},"yoast_head":"<!-- This site is optimized with the Yoast SEO plugin v27.4 - https:\/\/yoast.com\/product\/yoast-seo-wordpress\/ -->\n<title>Napoleon EXECUTIVE 3-osaline grilltarvikute komplekt (grilltangid, -labidas ja -silikoonpintsel) - BBQ Entertainment<\/title>\n<meta name=\"robots\" content=\"index, follow, max-snippet:-1, max-image-preview:large, max-video-preview:-1\" \/>\n<link rel=\"canonical\" href=\"https:\/\/bbqentertainment.com\/toode\/napoleon-executive-3-osaline-grilltarvikute-komplekt-grilltangid-labidas-ja-silikoonpintsel\/\" \/>\n<meta property=\"og:locale\" content=\"en_US\" \/>\n<meta property=\"og:type\" content=\"article\" \/>\n<meta property=\"og:title\" content=\"Napoleon EXECUTIVE 3-osaline grilltarvikute komplekt (grilltangid, -labidas ja -silikoonpintsel) - BBQ Entertainment\" \/>\n<meta property=\"og:description\" content=\"Napoleon Executive grillitarvikute komplekt (3-osaline) Napoleon Executive 3-osaline komplekt on loodud neile, kes hindavad tugevust, t\u00e4psust ja mugavust grillimisel. Valatud roostevabast terasest t\u00f6\u00f6riistad on vastupidavad ja kergesti hooldatavad. Lai spaatel on ideaalne suurte lihat\u00fckkide, n\u00e4iteks steikide k\u00e4sitsemiseks \u2013 sellel on terav ots ja sakiline k\u00fclg l\u00f5ikamiseks. Tangid lukustuvad lihtsalt ja on mugava haardega, sobides h\u00e4sti toidu liigutamiseks grillil. Silikoonist pintsel v\u00f5imaldab kastmeid ja marinaade t\u00e4pselt jaotada. Omadused\u2022 Komplekti kuulub - lai spaatel, lukustatavad tangid ja silikoonpintsel\u2022 valmistatud valatud roostevabast terasest \u2013 vastupidav ja kergesti puhastatav\u2022 ergonoomilised k\u00e4epidemed mugavaks kasutamiseks\u2022 sobib n\u00f5udepesumasinas pesemiseks\" \/>\n<meta property=\"og:url\" content=\"https:\/\/bbqentertainment.com\/toode\/napoleon-executive-3-osaline-grilltarvikute-komplekt-grilltangid-labidas-ja-silikoonpintsel\/\" \/>\n<meta property=\"og:site_name\" content=\"BBQ Entertainment\" \/>\n<meta property=\"article:publisher\" content=\"https:\/\/www.facebook.com\/BBQ-Entertainment-N-Catering-2437913376443540\" \/>\n<meta property=\"article:modified_time\" content=\"2026-04-06T09:26:41+00:00\" \/>\n<meta property=\"og:image\" content=\"https:\/\/bbqentertainment.com\/wp-content\/uploads\/2025\/04\/70036-Web-Gallery-01-70036-3pc-Toolset-OnWhite.jpg\" \/>\n\t<meta property=\"og:image:width\" content=\"909\" \/>\n\t<meta property=\"og:image:height\" content=\"698\" \/>\n\t<meta property=\"og:image:type\" content=\"image\/jpeg\" \/>\n<meta name=\"twitter:card\" content=\"summary_large_image\" \/>\n<meta name=\"twitter:label1\" content=\"Est. reading time\" \/>\n\t<meta name=\"twitter:data1\" content=\"1 minute\" \/>\n<script type=\"application\/ld+json\" class=\"yoast-schema-graph\">{\"@context\":\"https:\\\/\\\/schema.org\",\"@graph\":[{\"@type\":[\"WebPage\",\"ItemPage\"],\"@id\":\"https:\\\/\\\/bbqentertainment.com\\\/toode\\\/napoleon-executive-3-osaline-grilltarvikute-komplekt-grilltangid-labidas-ja-silikoonpintsel\\\/\",\"url\":\"https:\\\/\\\/bbqentertainment.com\\\/toode\\\/napoleon-executive-3-osaline-grilltarvikute-komplekt-grilltangid-labidas-ja-silikoonpintsel\\\/\",\"name\":\"Napoleon EXECUTIVE 3-osaline grilltarvikute komplekt (grilltangid, -labidas ja -silikoonpintsel) - BBQ Entertainment\",\"isPartOf\":{\"@id\":\"https:\\\/\\\/bbqentertainment.com\\\/#website\"},\"primaryImageOfPage\":{\"@id\":\"https:\\\/\\\/bbqentertainment.com\\\/toode\\\/napoleon-executive-3-osaline-grilltarvikute-komplekt-grilltangid-labidas-ja-silikoonpintsel\\\/#primaryimage\"},\"image\":{\"@id\":\"https:\\\/\\\/bbqentertainment.com\\\/toode\\\/napoleon-executive-3-osaline-grilltarvikute-komplekt-grilltangid-labidas-ja-silikoonpintsel\\\/#primaryimage\"},\"thumbnailUrl\":\"https:\\\/\\\/bbqentertainment.com\\\/wp-content\\\/uploads\\\/2025\\\/04\\\/70036-Web-Gallery-01-70036-3pc-Toolset-OnWhite.jpg\",\"datePublished\":\"2025-04-04T11:29:07+00:00\",\"dateModified\":\"2026-04-06T09:26:41+00:00\",\"breadcrumb\":{\"@id\":\"https:\\\/\\\/bbqentertainment.com\\\/toode\\\/napoleon-executive-3-osaline-grilltarvikute-komplekt-grilltangid-labidas-ja-silikoonpintsel\\\/#breadcrumb\"},\"inLanguage\":\"en-US\",\"potentialAction\":[{\"@type\":\"ReadAction\",\"target\":[\"https:\\\/\\\/bbqentertainment.com\\\/toode\\\/napoleon-executive-3-osaline-grilltarvikute-komplekt-grilltangid-labidas-ja-silikoonpintsel\\\/\"]}]},{\"@type\":\"ImageObject\",\"inLanguage\":\"en-US\",\"@id\":\"https:\\\/\\\/bbqentertainment.com\\\/toode\\\/napoleon-executive-3-osaline-grilltarvikute-komplekt-grilltangid-labidas-ja-silikoonpintsel\\\/#primaryimage\",\"url\":\"https:\\\/\\\/bbqentertainment.com\\\/wp-content\\\/uploads\\\/2025\\\/04\\\/70036-Web-Gallery-01-70036-3pc-Toolset-OnWhite.jpg\",\"contentUrl\":\"https:\\\/\\\/bbqentertainment.com\\\/wp-content\\\/uploads\\\/2025\\\/04\\\/70036-Web-Gallery-01-70036-3pc-Toolset-OnWhite.jpg\",\"width\":909,\"height\":698},{\"@type\":\"BreadcrumbList\",\"@id\":\"https:\\\/\\\/bbqentertainment.com\\\/toode\\\/napoleon-executive-3-osaline-grilltarvikute-komplekt-grilltangid-labidas-ja-silikoonpintsel\\\/#breadcrumb\",\"itemListElement\":[{\"@type\":\"ListItem\",\"position\":1,\"name\":\"AVALEHT\",\"item\":\"https:\\\/\\\/bbqentertainment.com\\\/en\\\/\"},{\"@type\":\"ListItem\",\"position\":2,\"name\":\"Tooted\",\"item\":\"https:\\\/\\\/bbqentertainment.com\\\/tooted\\\/\"},{\"@type\":\"ListItem\",\"position\":3,\"name\":\"Lisatarvikud\",\"item\":\"https:\\\/\\\/bbqentertainment.com\\\/tootekategooria\\\/lisatarvikud\\\/\"},{\"@type\":\"ListItem\",\"position\":4,\"name\":\"Lisatarvikud Napoleon\",\"item\":\"https:\\\/\\\/bbqentertainment.com\\\/tootekategooria\\\/lisatarvikud\\\/lisatarvikud-napoleon\\\/\"},{\"@type\":\"ListItem\",\"position\":5,\"name\":\"Napoleon EXECUTIVE 3-osaline grilltarvikute komplekt (grilltangid, -labidas ja -silikoonpintsel)\"}]},{\"@type\":\"WebSite\",\"@id\":\"https:\\\/\\\/bbqentertainment.com\\\/#website\",\"url\":\"https:\\\/\\\/bbqentertainment.com\\\/\",\"name\":\"BBQ Entertainment\",\"description\":\"BBQ is a great lifestyle, not just fun!\",\"publisher\":{\"@id\":\"https:\\\/\\\/bbqentertainment.com\\\/#organization\"},\"potentialAction\":[{\"@type\":\"SearchAction\",\"target\":{\"@type\":\"EntryPoint\",\"urlTemplate\":\"https:\\\/\\\/bbqentertainment.com\\\/?s={search_term_string}\"},\"query-input\":{\"@type\":\"PropertyValueSpecification\",\"valueRequired\":true,\"valueName\":\"search_term_string\"}}],\"inLanguage\":\"en-US\"},{\"@type\":\"Organization\",\"@id\":\"https:\\\/\\\/bbqentertainment.com\\\/#organization\",\"name\":\"BBQ Entertainment O\u00dc\",\"url\":\"https:\\\/\\\/bbqentertainment.com\\\/\",\"logo\":{\"@type\":\"ImageObject\",\"inLanguage\":\"en-US\",\"@id\":\"https:\\\/\\\/bbqentertainment.com\\\/#\\\/schema\\\/logo\\\/image\\\/\",\"url\":\"https:\\\/\\\/bbqentertainment.com\\\/wp-content\\\/uploads\\\/2020\\\/04\\\/BBQ-Entertainment-N-Catering-Enn-Tobreluts-Logo.png\",\"contentUrl\":\"https:\\\/\\\/bbqentertainment.com\\\/wp-content\\\/uploads\\\/2020\\\/04\\\/BBQ-Entertainment-N-Catering-Enn-Tobreluts-Logo.png\",\"width\":628,\"height\":266,\"caption\":\"BBQ Entertainment O\u00dc\"},\"image\":{\"@id\":\"https:\\\/\\\/bbqentertainment.com\\\/#\\\/schema\\\/logo\\\/image\\\/\"},\"sameAs\":[\"https:\\\/\\\/www.facebook.com\\\/BBQ-Entertainment-N-Catering-2437913376443540\",\"https:\\\/\\\/www.instagram.com\\\/bbqentertainmentncatering\\\/\",\"https:\\\/\\\/www.youtube.com\\\/channel\\\/UCmpuANQVhLy2Md8nrenp2jA\"]}]}<\/script>\n<!-- \/ Yoast SEO plugin. -->","yoast_head_json":{"title":"Napoleon EXECUTIVE 3-osaline grilltarvikute komplekt (grilltangid, -labidas ja -silikoonpintsel) - BBQ Entertainment","robots":{"index":"index","follow":"follow","max-snippet":"max-snippet:-1","max-image-preview":"max-image-preview:large","max-video-preview":"max-video-preview:-1"},"canonical":"https:\/\/bbqentertainment.com\/toode\/napoleon-executive-3-osaline-grilltarvikute-komplekt-grilltangid-labidas-ja-silikoonpintsel\/","og_locale":"en_US","og_type":"article","og_title":"Napoleon EXECUTIVE 3-osaline grilltarvikute komplekt (grilltangid, -labidas ja -silikoonpintsel) - BBQ Entertainment","og_description":"Napoleon Executive grillitarvikute komplekt (3-osaline) Napoleon Executive 3-osaline komplekt on loodud neile, kes hindavad tugevust, t\u00e4psust ja mugavust grillimisel. Valatud roostevabast terasest t\u00f6\u00f6riistad on vastupidavad ja kergesti hooldatavad. Lai spaatel on ideaalne suurte lihat\u00fckkide, n\u00e4iteks steikide k\u00e4sitsemiseks \u2013 sellel on terav ots ja sakiline k\u00fclg l\u00f5ikamiseks. Tangid lukustuvad lihtsalt ja on mugava haardega, sobides h\u00e4sti toidu liigutamiseks grillil. Silikoonist pintsel v\u00f5imaldab kastmeid ja marinaade t\u00e4pselt jaotada. Omadused\u2022 Komplekti kuulub - lai spaatel, lukustatavad tangid ja silikoonpintsel\u2022 valmistatud valatud roostevabast terasest \u2013 vastupidav ja kergesti puhastatav\u2022 ergonoomilised k\u00e4epidemed mugavaks kasutamiseks\u2022 sobib n\u00f5udepesumasinas pesemiseks","og_url":"https:\/\/bbqentertainment.com\/toode\/napoleon-executive-3-osaline-grilltarvikute-komplekt-grilltangid-labidas-ja-silikoonpintsel\/","og_site_name":"BBQ Entertainment","article_publisher":"https:\/\/www.facebook.com\/BBQ-Entertainment-N-Catering-2437913376443540","article_modified_time":"2026-04-06T09:26:41+00:00","og_image":[{"width":909,"height":698,"url":"https:\/\/bbqentertainment.com\/wp-content\/uploads\/2025\/04\/70036-Web-Gallery-01-70036-3pc-Toolset-OnWhite.jpg","type":"image\/jpeg"}],"twitter_card":"summary_large_image","twitter_misc":{"Est. reading time":"1 minute"},"schema":{"@context":"https:\/\/schema.org","@graph":[{"@type":["WebPage","ItemPage"],"@id":"https:\/\/bbqentertainment.com\/toode\/napoleon-executive-3-osaline-grilltarvikute-komplekt-grilltangid-labidas-ja-silikoonpintsel\/","url":"https:\/\/bbqentertainment.com\/toode\/napoleon-executive-3-osaline-grilltarvikute-komplekt-grilltangid-labidas-ja-silikoonpintsel\/","name":"Napoleon EXECUTIVE 3-osaline grilltarvikute komplekt (grilltangid, -labidas ja -silikoonpintsel) - BBQ Entertainment","isPartOf":{"@id":"https:\/\/bbqentertainment.com\/#website"},"primaryImageOfPage":{"@id":"https:\/\/bbqentertainment.com\/toode\/napoleon-executive-3-osaline-grilltarvikute-komplekt-grilltangid-labidas-ja-silikoonpintsel\/#primaryimage"},"image":{"@id":"https:\/\/bbqentertainment.com\/toode\/napoleon-executive-3-osaline-grilltarvikute-komplekt-grilltangid-labidas-ja-silikoonpintsel\/#primaryimage"},"thumbnailUrl":"https:\/\/bbqentertainment.com\/wp-content\/uploads\/2025\/04\/70036-Web-Gallery-01-70036-3pc-Toolset-OnWhite.jpg","datePublished":"2025-04-04T11:29:07+00:00","dateModified":"2026-04-06T09:26:41+00:00","breadcrumb":{"@id":"https:\/\/bbqentertainment.com\/toode\/napoleon-executive-3-osaline-grilltarvikute-komplekt-grilltangid-labidas-ja-silikoonpintsel\/#breadcrumb"},"inLanguage":"en-US","potentialAction":[{"@type":"ReadAction","target":["https:\/\/bbqentertainment.com\/toode\/napoleon-executive-3-osaline-grilltarvikute-komplekt-grilltangid-labidas-ja-silikoonpintsel\/"]}]},{"@type":"ImageObject","inLanguage":"en-US","@id":"https:\/\/bbqentertainment.com\/toode\/napoleon-executive-3-osaline-grilltarvikute-komplekt-grilltangid-labidas-ja-silikoonpintsel\/#primaryimage","url":"https:\/\/bbqentertainment.com\/wp-content\/uploads\/2025\/04\/70036-Web-Gallery-01-70036-3pc-Toolset-OnWhite.jpg","contentUrl":"https:\/\/bbqentertainment.com\/wp-content\/uploads\/2025\/04\/70036-Web-Gallery-01-70036-3pc-Toolset-OnWhite.jpg","width":909,"height":698},{"@type":"BreadcrumbList","@id":"https:\/\/bbqentertainment.com\/toode\/napoleon-executive-3-osaline-grilltarvikute-komplekt-grilltangid-labidas-ja-silikoonpintsel\/#breadcrumb","itemListElement":[{"@type":"ListItem","position":1,"name":"AVALEHT","item":"https:\/\/bbqentertainment.com\/en\/"},{"@type":"ListItem","position":2,"name":"Tooted","item":"https:\/\/bbqentertainment.com\/tooted\/"},{"@type":"ListItem","position":3,"name":"Lisatarvikud","item":"https:\/\/bbqentertainment.com\/tootekategooria\/lisatarvikud\/"},{"@type":"ListItem","position":4,"name":"Lisatarvikud Napoleon","item":"https:\/\/bbqentertainment.com\/tootekategooria\/lisatarvikud\/lisatarvikud-napoleon\/"},{"@type":"ListItem","position":5,"name":"Napoleon EXECUTIVE 3-osaline grilltarvikute komplekt (grilltangid, -labidas ja -silikoonpintsel)"}]},{"@type":"WebSite","@id":"https:\/\/bbqentertainment.com\/#website","url":"https:\/\/bbqentertainment.com\/","name":"BBQ Entertainment","description":"BBQ is a great lifestyle, not just fun!","publisher":{"@id":"https:\/\/bbqentertainment.com\/#organization"},"potentialAction":[{"@type":"SearchAction","target":{"@type":"EntryPoint","urlTemplate":"https:\/\/bbqentertainment.com\/?s={search_term_string}"},"query-input":{"@type":"PropertyValueSpecification","valueRequired":true,"valueName":"search_term_string"}}],"inLanguage":"en-US"},{"@type":"Organization","@id":"https:\/\/bbqentertainment.com\/#organization","name":"BBQ Entertainment O\u00dc","url":"https:\/\/bbqentertainment.com\/","logo":{"@type":"ImageObject","inLanguage":"en-US","@id":"https:\/\/bbqentertainment.com\/#\/schema\/logo\/image\/","url":"https:\/\/bbqentertainment.com\/wp-content\/uploads\/2020\/04\/BBQ-Entertainment-N-Catering-Enn-Tobreluts-Logo.png","contentUrl":"https:\/\/bbqentertainment.com\/wp-content\/uploads\/2020\/04\/BBQ-Entertainment-N-Catering-Enn-Tobreluts-Logo.png","width":628,"height":266,"caption":"BBQ Entertainment O\u00dc"},"image":{"@id":"https:\/\/bbqentertainment.com\/#\/schema\/logo\/image\/"},"sameAs":["https:\/\/www.facebook.com\/BBQ-Entertainment-N-Catering-2437913376443540","https:\/\/www.instagram.com\/bbqentertainmentncatering\/","https:\/\/www.youtube.com\/channel\/UCmpuANQVhLy2Md8nrenp2jA"]}]}},"_links":{"self":[{"href":"https:\/\/bbqentertainment.com\/en\/wp-json\/wp\/v2\/product\/251241","targetHints":{"allow":["GET"]}}],"collection":[{"href":"https:\/\/bbqentertainment.com\/en\/wp-json\/wp\/v2\/product"}],"about":[{"href":"https:\/\/bbqentertainment.com\/en\/wp-json\/wp\/v2\/types\/product"}],"wp:featuredmedia":[{"embeddable":true,"href":"https:\/\/bbqentertainment.com\/en\/wp-json\/wp\/v2\/media\/251246"}],"wp:attachment":[{"href":"https:\/\/bbqentertainment.com\/en\/wp-json\/wp\/v2\/media?parent=251241"}],"wp:term":[{"taxonomy":"product_brand","embeddable":true,"href":"https:\/\/bbqentertainment.com\/en\/wp-json\/wp\/v2\/product_brand?post=251241"},{"taxonomy":"product_cat","embeddable":true,"href":"https:\/\/bbqentertainment.com\/en\/wp-json\/wp\/v2\/product_cat?post=251241"},{"taxonomy":"product_tag","embeddable":true,"href":"https:\/\/bbqentertainment.com\/en\/wp-json\/wp\/v2\/product_tag?post=251241"}],"curies":[{"name":"wp","href":"https:\/\/api.w.org\/{rel}","templated":true}]}}