{"id":251279,"date":"2025-04-06T08:58:11","date_gmt":"2025-04-06T05:58:11","guid":{"rendered":"https:\/\/bbqentertainment.com\/?post_type=product&#038;p=251279"},"modified":"2026-04-06T12:26:41","modified_gmt":"2026-04-06T09:26:41","slug":"napoleon-gaasigrill-built-in-prestige-pro-500-rb","status":"publish","type":"product","link":"https:\/\/bbqentertainment.com\/en\/toode\/napoleon-gaasigrill-built-in-prestige-pro-500-rb\/","title":{"rendered":"Napoleon Built-in sisseehitatav Prestige PRO 500RB keraamilise vardap\u00f5letiga integreeritav gaasigrill"},"content":{"rendered":"","protected":false},"excerpt":{"rendered":"<h3><strong>Napoleon Built-in sisseehitatav Prestige PRO 500RB keraamilise vardap\u00f5letiga integreeritav gaasigrill<\/strong><\/h3>\n<p class=\"\" data-start=\"84\" data-end=\"610\">Napoleon PRO500 on tipptasemel sisseehitatav gaasigrill, mis on valmistatud kvaliteetsest roostevabast terasest. See mudel sobib h\u00e4sti n\u00f5udlikule grillijale, kes hindab t\u00f6\u00f6kindlust, stiili ja l\u00e4bim\u00f5eldud disaini. Grillil on LIFT EASE\u2122 mehhanismiga kerge ja sujuvalt liigutatav grillikuppel, mis ei n\u00f5ua palju ruumi \u2013 seega sobib paigutamiseks ka seina \u00e4\u00e4rde. \u00d5htustel grillimisel on abiks valgustatud juhtnupud ja sisemised NIGHT LIGHT\u2122 valgustid, mis lisavad nii kasutusmugavust kui ka visuaalset muljet.<\/p>\n<p class=\"\" data-start=\"612\" data-end=\"1015\"><strong data-start=\"612\" data-end=\"626\">Kasutamine<\/strong><br data-start=\"626\" data-end=\"629\" \/>Grillil on neli v\u00f5imsat torup\u00f5letit ja infrapunap\u00f5leti tagaseinas, mis sobib eriti h\u00e4sti k\u00fcpsetamiseks rotisseri komplektiga (lisavarustus). Kaks tasandit kuumusleviteid ja j\u00e4medad WAVE\u2122-grillrestid tagavad \u00fchtlase kuumuse ja tugeva grillij\u00e4lje. \u00dclemisel soojendushambul saab k\u00fcpsetada aeglasemalt v\u00f5i hoida toitu soojana. SIZZLE ZONE\u2122 p\u00f5hik\u00f5rgekuumusp\u00f5leti on saadaval lisavarustusena.<\/p>\n<p class=\"\" data-start=\"1017\" data-end=\"1040\"><strong data-start=\"1017\" data-end=\"1038\">Tehnilised andmed<\/strong><\/p>\n<ul data-start=\"1041\" data-end=\"1221\">\n<li class=\"\" data-start=\"1041\" data-end=\"1068\">\n<p class=\"\" data-start=\"1043\" data-end=\"1068\">grillausala: 71 \u00d7 46 cm<\/p>\n<\/li>\n<li class=\"\" data-start=\"1069\" data-end=\"1093\">\n<p class=\"\" data-start=\"1071\" data-end=\"1093\">koguv\u00f5imsus: 21,7 kW<\/p>\n<\/li>\n<li class=\"\" data-start=\"1094\" data-end=\"1121\">\n<p class=\"\" data-start=\"1096\" data-end=\"1121\">m\u00f5\u00f5dud: 78 \u00d7 52 \u00d7 23 cm<\/p>\n<\/li>\n<li class=\"\" data-start=\"1122\" data-end=\"1172\"><\/li>\n<\/ul>\n","protected":false},"featured_media":251280,"template":"","meta":{"inline_featured_image":false},"product_brand":[],"product_cat":[17,561],"product_tag":[],"class_list":{"0":"post-251279","1":"product","2":"type-product","3":"status-publish","4":"has-post-thumbnail","6":"product_cat-grillid-ja-ahjud","7":"product_cat-napoleon-gaasigrillid","8":"product_shipping_class-ainult-ise-jarele-tulemisega","10":"first","11":"instock","12":"taxable","13":"shipping-taxable","14":"purchasable","15":"product-type-simple"},"yoast_head":"<!-- This site is optimized with the Yoast SEO plugin v27.2 - https:\/\/yoast.com\/product\/yoast-seo-wordpress\/ -->\n<title>Napoleon Built-in sisseehitatav Prestige PRO 500RB keraamilise vardap\u00f5letiga integreeritav gaasigrill - BBQ Entertainment<\/title>\n<meta name=\"robots\" content=\"index, follow, max-snippet:-1, max-image-preview:large, max-video-preview:-1\" \/>\n<link rel=\"canonical\" href=\"https:\/\/bbqentertainment.com\/toode\/napoleon-gaasigrill-built-in-prestige-pro-500-rb\/\" \/>\n<meta property=\"og:locale\" content=\"en_US\" \/>\n<meta property=\"og:type\" content=\"article\" \/>\n<meta property=\"og:title\" content=\"Napoleon Built-in sisseehitatav Prestige PRO 500RB keraamilise vardap\u00f5letiga integreeritav gaasigrill - BBQ Entertainment\" \/>\n<meta property=\"og:description\" content=\"Napoleon Built-in sisseehitatav Prestige PRO 500RB keraamilise vardap\u00f5letiga integreeritav gaasigrill Napoleon PRO500 on tipptasemel sisseehitatav gaasigrill, mis on valmistatud kvaliteetsest roostevabast terasest. See mudel sobib h\u00e4sti n\u00f5udlikule grillijale, kes hindab t\u00f6\u00f6kindlust, stiili ja l\u00e4bim\u00f5eldud disaini. Grillil on LIFT EASE\u2122 mehhanismiga kerge ja sujuvalt liigutatav grillikuppel, mis ei n\u00f5ua palju ruumi \u2013 seega sobib paigutamiseks ka seina \u00e4\u00e4rde. \u00d5htustel grillimisel on abiks valgustatud juhtnupud ja sisemised NIGHT LIGHT\u2122 valgustid, mis lisavad nii kasutusmugavust kui ka visuaalset muljet. KasutamineGrillil on neli v\u00f5imsat torup\u00f5letit ja infrapunap\u00f5leti tagaseinas, mis sobib eriti h\u00e4sti k\u00fcpsetamiseks rotisseri komplektiga (lisavarustus). Kaks tasandit kuumusleviteid ja j\u00e4medad WAVE\u2122-grillrestid tagavad \u00fchtlase kuumuse ja tugeva grillij\u00e4lje. \u00dclemisel soojendushambul saab k\u00fcpsetada aeglasemalt v\u00f5i hoida toitu soojana. SIZZLE ZONE\u2122 p\u00f5hik\u00f5rgekuumusp\u00f5leti on saadaval lisavarustusena. Tehnilised andmed     grillausala: 71 \u00d7 46 cm    koguv\u00f5imsus: 21,7 kW    m\u00f5\u00f5dud: 78 \u00d7 52 \u00d7 23 cm\" \/>\n<meta property=\"og:url\" content=\"https:\/\/bbqentertainment.com\/toode\/napoleon-gaasigrill-built-in-prestige-pro-500-rb\/\" \/>\n<meta property=\"og:site_name\" content=\"BBQ Entertainment\" \/>\n<meta property=\"article:publisher\" content=\"https:\/\/www.facebook.com\/BBQ-Entertainment-N-Catering-2437913376443540\" \/>\n<meta property=\"article:modified_time\" content=\"2026-04-06T09:26:41+00:00\" \/>\n<meta property=\"og:image\" content=\"https:\/\/bbqentertainment.com\/wp-content\/uploads\/2020\/03\/Enn-Tobreluts-FOTO-Andres-Tali-1.jpg\" \/>\n\t<meta property=\"og:image:width\" content=\"1200\" \/>\n\t<meta property=\"og:image:height\" content=\"800\" \/>\n\t<meta property=\"og:image:type\" content=\"image\/jpeg\" \/>\n<meta name=\"twitter:card\" content=\"summary_large_image\" \/>\n<meta name=\"twitter:label1\" content=\"Est. reading time\" \/>\n\t<meta name=\"twitter:data1\" content=\"1 minute\" \/>\n<script type=\"application\/ld+json\" class=\"yoast-schema-graph\">{\"@context\":\"https:\/\/schema.org\",\"@graph\":[{\"@type\":[\"WebPage\",\"ItemPage\"],\"@id\":\"https:\/\/bbqentertainment.com\/toode\/napoleon-gaasigrill-built-in-prestige-pro-500-rb\/\",\"url\":\"https:\/\/bbqentertainment.com\/toode\/napoleon-gaasigrill-built-in-prestige-pro-500-rb\/\",\"name\":\"Napoleon Built-in sisseehitatav Prestige PRO 500RB keraamilise vardap\u00f5letiga integreeritav gaasigrill - BBQ Entertainment\",\"isPartOf\":{\"@id\":\"https:\/\/bbqentertainment.com\/#website\"},\"primaryImageOfPage\":{\"@id\":\"https:\/\/bbqentertainment.com\/toode\/napoleon-gaasigrill-built-in-prestige-pro-500-rb\/#primaryimage\"},\"image\":{\"@id\":\"https:\/\/bbqentertainment.com\/toode\/napoleon-gaasigrill-built-in-prestige-pro-500-rb\/#primaryimage\"},\"thumbnailUrl\":\"https:\/\/bbqentertainment.com\/wp-content\/uploads\/2025\/04\/ASSET_JPEG_24872994.avif\",\"datePublished\":\"2025-04-06T05:58:11+00:00\",\"dateModified\":\"2026-04-06T09:26:41+00:00\",\"breadcrumb\":{\"@id\":\"https:\/\/bbqentertainment.com\/toode\/napoleon-gaasigrill-built-in-prestige-pro-500-rb\/#breadcrumb\"},\"inLanguage\":\"en-US\",\"potentialAction\":[{\"@type\":\"ReadAction\",\"target\":[\"https:\/\/bbqentertainment.com\/toode\/napoleon-gaasigrill-built-in-prestige-pro-500-rb\/\"]}]},{\"@type\":\"ImageObject\",\"inLanguage\":\"en-US\",\"@id\":\"https:\/\/bbqentertainment.com\/toode\/napoleon-gaasigrill-built-in-prestige-pro-500-rb\/#primaryimage\",\"url\":\"https:\/\/bbqentertainment.com\/wp-content\/uploads\/2025\/04\/ASSET_JPEG_24872994.avif\",\"contentUrl\":\"https:\/\/bbqentertainment.com\/wp-content\/uploads\/2025\/04\/ASSET_JPEG_24872994.avif\",\"width\":1116,\"height\":1116},{\"@type\":\"BreadcrumbList\",\"@id\":\"https:\/\/bbqentertainment.com\/toode\/napoleon-gaasigrill-built-in-prestige-pro-500-rb\/#breadcrumb\",\"itemListElement\":[{\"@type\":\"ListItem\",\"position\":1,\"name\":\"AVALEHT\",\"item\":\"https:\/\/bbqentertainment.com\/en\/\"},{\"@type\":\"ListItem\",\"position\":2,\"name\":\"Tooted\",\"item\":\"https:\/\/bbqentertainment.com\/tooted\/\"},{\"@type\":\"ListItem\",\"position\":3,\"name\":\"Grillid ja ahjud\",\"item\":\"https:\/\/bbqentertainment.com\/tootekategooria\/grillid-ja-ahjud\/\"},{\"@type\":\"ListItem\",\"position\":4,\"name\":\"Napoleon gaasigrillid\",\"item\":\"https:\/\/bbqentertainment.com\/tootekategooria\/grillid-ja-ahjud\/napoleon-gaasigrillid\/\"},{\"@type\":\"ListItem\",\"position\":5,\"name\":\"Napoleon Built-in sisseehitatav Prestige PRO 500RB keraamilise vardap\u00f5letiga integreeritav gaasigrill\"}]},{\"@type\":\"WebSite\",\"@id\":\"https:\/\/bbqentertainment.com\/#website\",\"url\":\"https:\/\/bbqentertainment.com\/\",\"name\":\"BBQ Entertainment\",\"description\":\"BBQ is a great lifestyle, not just fun!\",\"publisher\":{\"@id\":\"https:\/\/bbqentertainment.com\/#organization\"},\"potentialAction\":[{\"@type\":\"SearchAction\",\"target\":{\"@type\":\"EntryPoint\",\"urlTemplate\":\"https:\/\/bbqentertainment.com\/?s={search_term_string}\"},\"query-input\":{\"@type\":\"PropertyValueSpecification\",\"valueRequired\":true,\"valueName\":\"search_term_string\"}}],\"inLanguage\":\"en-US\"},{\"@type\":\"Organization\",\"@id\":\"https:\/\/bbqentertainment.com\/#organization\",\"name\":\"BBQ Entertainment O\u00dc\",\"url\":\"https:\/\/bbqentertainment.com\/\",\"logo\":{\"@type\":\"ImageObject\",\"inLanguage\":\"en-US\",\"@id\":\"https:\/\/bbqentertainment.com\/#\/schema\/logo\/image\/\",\"url\":\"https:\/\/bbqentertainment.com\/wp-content\/uploads\/2020\/04\/BBQ-Entertainment-N-Catering-Enn-Tobreluts-Logo.png\",\"contentUrl\":\"https:\/\/bbqentertainment.com\/wp-content\/uploads\/2020\/04\/BBQ-Entertainment-N-Catering-Enn-Tobreluts-Logo.png\",\"width\":628,\"height\":266,\"caption\":\"BBQ Entertainment O\u00dc\"},\"image\":{\"@id\":\"https:\/\/bbqentertainment.com\/#\/schema\/logo\/image\/\"},\"sameAs\":[\"https:\/\/www.facebook.com\/BBQ-Entertainment-N-Catering-2437913376443540\",\"https:\/\/www.instagram.com\/bbqentertainmentncatering\/\",\"https:\/\/www.youtube.com\/channel\/UCmpuANQVhLy2Md8nrenp2jA\"]}]}<\/script>\n<!-- \/ Yoast SEO plugin. -->","yoast_head_json":{"title":"Napoleon Built-in sisseehitatav Prestige PRO 500RB keraamilise vardap\u00f5letiga integreeritav gaasigrill - BBQ Entertainment","robots":{"index":"index","follow":"follow","max-snippet":"max-snippet:-1","max-image-preview":"max-image-preview:large","max-video-preview":"max-video-preview:-1"},"canonical":"https:\/\/bbqentertainment.com\/toode\/napoleon-gaasigrill-built-in-prestige-pro-500-rb\/","og_locale":"en_US","og_type":"article","og_title":"Napoleon Built-in sisseehitatav Prestige PRO 500RB keraamilise vardap\u00f5letiga integreeritav gaasigrill - BBQ Entertainment","og_description":"Napoleon Built-in sisseehitatav Prestige PRO 500RB keraamilise vardap\u00f5letiga integreeritav gaasigrill Napoleon PRO500 on tipptasemel sisseehitatav gaasigrill, mis on valmistatud kvaliteetsest roostevabast terasest. See mudel sobib h\u00e4sti n\u00f5udlikule grillijale, kes hindab t\u00f6\u00f6kindlust, stiili ja l\u00e4bim\u00f5eldud disaini. Grillil on LIFT EASE\u2122 mehhanismiga kerge ja sujuvalt liigutatav grillikuppel, mis ei n\u00f5ua palju ruumi \u2013 seega sobib paigutamiseks ka seina \u00e4\u00e4rde. \u00d5htustel grillimisel on abiks valgustatud juhtnupud ja sisemised NIGHT LIGHT\u2122 valgustid, mis lisavad nii kasutusmugavust kui ka visuaalset muljet. KasutamineGrillil on neli v\u00f5imsat torup\u00f5letit ja infrapunap\u00f5leti tagaseinas, mis sobib eriti h\u00e4sti k\u00fcpsetamiseks rotisseri komplektiga (lisavarustus). Kaks tasandit kuumusleviteid ja j\u00e4medad WAVE\u2122-grillrestid tagavad \u00fchtlase kuumuse ja tugeva grillij\u00e4lje. \u00dclemisel soojendushambul saab k\u00fcpsetada aeglasemalt v\u00f5i hoida toitu soojana. SIZZLE ZONE\u2122 p\u00f5hik\u00f5rgekuumusp\u00f5leti on saadaval lisavarustusena. Tehnilised andmed     grillausala: 71 \u00d7 46 cm    koguv\u00f5imsus: 21,7 kW    m\u00f5\u00f5dud: 78 \u00d7 52 \u00d7 23 cm","og_url":"https:\/\/bbqentertainment.com\/toode\/napoleon-gaasigrill-built-in-prestige-pro-500-rb\/","og_site_name":"BBQ Entertainment","article_publisher":"https:\/\/www.facebook.com\/BBQ-Entertainment-N-Catering-2437913376443540","article_modified_time":"2026-04-06T09:26:41+00:00","og_image":[{"width":1200,"height":800,"url":"https:\/\/bbqentertainment.com\/wp-content\/uploads\/2020\/03\/Enn-Tobreluts-FOTO-Andres-Tali-1.jpg","type":"image\/jpeg"}],"twitter_card":"summary_large_image","twitter_misc":{"Est. reading time":"1 minute"},"schema":{"@context":"https:\/\/schema.org","@graph":[{"@type":["WebPage","ItemPage"],"@id":"https:\/\/bbqentertainment.com\/toode\/napoleon-gaasigrill-built-in-prestige-pro-500-rb\/","url":"https:\/\/bbqentertainment.com\/toode\/napoleon-gaasigrill-built-in-prestige-pro-500-rb\/","name":"Napoleon Built-in sisseehitatav Prestige PRO 500RB keraamilise vardap\u00f5letiga integreeritav gaasigrill - BBQ Entertainment","isPartOf":{"@id":"https:\/\/bbqentertainment.com\/#website"},"primaryImageOfPage":{"@id":"https:\/\/bbqentertainment.com\/toode\/napoleon-gaasigrill-built-in-prestige-pro-500-rb\/#primaryimage"},"image":{"@id":"https:\/\/bbqentertainment.com\/toode\/napoleon-gaasigrill-built-in-prestige-pro-500-rb\/#primaryimage"},"thumbnailUrl":"https:\/\/bbqentertainment.com\/wp-content\/uploads\/2025\/04\/ASSET_JPEG_24872994.avif","datePublished":"2025-04-06T05:58:11+00:00","dateModified":"2026-04-06T09:26:41+00:00","breadcrumb":{"@id":"https:\/\/bbqentertainment.com\/toode\/napoleon-gaasigrill-built-in-prestige-pro-500-rb\/#breadcrumb"},"inLanguage":"en-US","potentialAction":[{"@type":"ReadAction","target":["https:\/\/bbqentertainment.com\/toode\/napoleon-gaasigrill-built-in-prestige-pro-500-rb\/"]}]},{"@type":"ImageObject","inLanguage":"en-US","@id":"https:\/\/bbqentertainment.com\/toode\/napoleon-gaasigrill-built-in-prestige-pro-500-rb\/#primaryimage","url":"https:\/\/bbqentertainment.com\/wp-content\/uploads\/2025\/04\/ASSET_JPEG_24872994.avif","contentUrl":"https:\/\/bbqentertainment.com\/wp-content\/uploads\/2025\/04\/ASSET_JPEG_24872994.avif","width":1116,"height":1116},{"@type":"BreadcrumbList","@id":"https:\/\/bbqentertainment.com\/toode\/napoleon-gaasigrill-built-in-prestige-pro-500-rb\/#breadcrumb","itemListElement":[{"@type":"ListItem","position":1,"name":"AVALEHT","item":"https:\/\/bbqentertainment.com\/en\/"},{"@type":"ListItem","position":2,"name":"Tooted","item":"https:\/\/bbqentertainment.com\/tooted\/"},{"@type":"ListItem","position":3,"name":"Grillid ja ahjud","item":"https:\/\/bbqentertainment.com\/tootekategooria\/grillid-ja-ahjud\/"},{"@type":"ListItem","position":4,"name":"Napoleon gaasigrillid","item":"https:\/\/bbqentertainment.com\/tootekategooria\/grillid-ja-ahjud\/napoleon-gaasigrillid\/"},{"@type":"ListItem","position":5,"name":"Napoleon Built-in sisseehitatav Prestige PRO 500RB keraamilise vardap\u00f5letiga integreeritav gaasigrill"}]},{"@type":"WebSite","@id":"https:\/\/bbqentertainment.com\/#website","url":"https:\/\/bbqentertainment.com\/","name":"BBQ Entertainment","description":"BBQ is a great lifestyle, not just fun!","publisher":{"@id":"https:\/\/bbqentertainment.com\/#organization"},"potentialAction":[{"@type":"SearchAction","target":{"@type":"EntryPoint","urlTemplate":"https:\/\/bbqentertainment.com\/?s={search_term_string}"},"query-input":{"@type":"PropertyValueSpecification","valueRequired":true,"valueName":"search_term_string"}}],"inLanguage":"en-US"},{"@type":"Organization","@id":"https:\/\/bbqentertainment.com\/#organization","name":"BBQ Entertainment O\u00dc","url":"https:\/\/bbqentertainment.com\/","logo":{"@type":"ImageObject","inLanguage":"en-US","@id":"https:\/\/bbqentertainment.com\/#\/schema\/logo\/image\/","url":"https:\/\/bbqentertainment.com\/wp-content\/uploads\/2020\/04\/BBQ-Entertainment-N-Catering-Enn-Tobreluts-Logo.png","contentUrl":"https:\/\/bbqentertainment.com\/wp-content\/uploads\/2020\/04\/BBQ-Entertainment-N-Catering-Enn-Tobreluts-Logo.png","width":628,"height":266,"caption":"BBQ Entertainment O\u00dc"},"image":{"@id":"https:\/\/bbqentertainment.com\/#\/schema\/logo\/image\/"},"sameAs":["https:\/\/www.facebook.com\/BBQ-Entertainment-N-Catering-2437913376443540","https:\/\/www.instagram.com\/bbqentertainmentncatering\/","https:\/\/www.youtube.com\/channel\/UCmpuANQVhLy2Md8nrenp2jA"]}]}},"_links":{"self":[{"href":"https:\/\/bbqentertainment.com\/en\/wp-json\/wp\/v2\/product\/251279","targetHints":{"allow":["GET"]}}],"collection":[{"href":"https:\/\/bbqentertainment.com\/en\/wp-json\/wp\/v2\/product"}],"about":[{"href":"https:\/\/bbqentertainment.com\/en\/wp-json\/wp\/v2\/types\/product"}],"wp:featuredmedia":[{"embeddable":true,"href":"https:\/\/bbqentertainment.com\/en\/wp-json\/wp\/v2\/media\/251280"}],"wp:attachment":[{"href":"https:\/\/bbqentertainment.com\/en\/wp-json\/wp\/v2\/media?parent=251279"}],"wp:term":[{"taxonomy":"product_brand","embeddable":true,"href":"https:\/\/bbqentertainment.com\/en\/wp-json\/wp\/v2\/product_brand?post=251279"},{"taxonomy":"product_cat","embeddable":true,"href":"https:\/\/bbqentertainment.com\/en\/wp-json\/wp\/v2\/product_cat?post=251279"},{"taxonomy":"product_tag","embeddable":true,"href":"https:\/\/bbqentertainment.com\/en\/wp-json\/wp\/v2\/product_tag?post=251279"}],"curies":[{"name":"wp","href":"https:\/\/api.w.org\/{rel}","templated":true}]}}