{"id":251356,"date":"2025-04-06T20:32:32","date_gmt":"2025-04-06T17:32:32","guid":{"rendered":"https:\/\/bbqentertainment.com\/?post_type=product&#038;p=251356"},"modified":"2026-04-06T12:26:41","modified_gmt":"2026-04-06T09:26:41","slug":"napoleon-built-in-500-series-bi10rtpss-sisseehitatav-klassikaline-integreeritav-roostevabast-gaasipliit","status":"publish","type":"product","link":"https:\/\/bbqentertainment.com\/en\/toode\/napoleon-built-in-500-series-bi10rtpss-sisseehitatav-klassikaline-integreeritav-roostevabast-gaasipliit\/","title":{"rendered":"Napoleon Built-in 500 series BI10RTPSS sisseehitatav klassikaline integreeritav roostevabast gaasipliit"},"content":{"rendered":"","protected":false},"excerpt":{"rendered":"<h3><strong>Napoleon Built-in 500 series BI10RTPSS sisseehitatav klassikaline integreeritav roostevabast gaasipliit<\/strong><\/h3>\n<p class=\"\" data-start=\"89\" data-end=\"363\">Napoleon 500-seeria sisseehitatav k\u00fcljep\u00f5leti pakub suurep\u00e4rast lisav\u00f5imalust v\u00e4lisk\u00f6\u00f6gis. See v\u00f5imas 3,5 kW roostevabast terasest p\u00f5letiga k\u00fcljeseade v\u00f5imaldab sul valmistada lisandeid, kastmeid, pastat v\u00f5i k\u00f6\u00f6givilju samal ajal, kui pearoog grillil valmib.<\/p>\n<p class=\"\" data-start=\"365\" data-end=\"379\"><strong data-start=\"365\" data-end=\"377\">Omadused<\/strong><\/p>\n<ul data-start=\"380\" data-end=\"745\">\n<li class=\"\" data-start=\"380\" data-end=\"452\">\n<p class=\"\" data-start=\"382\" data-end=\"452\">Sisseehitatav k\u00fcljep\u00f5leti \u2013 paigaldatav otse v\u00e4lisk\u00f6\u00f6gi t\u00f6\u00f6pinda<\/p>\n<\/li>\n<li class=\"\" data-start=\"453\" data-end=\"490\">\n<p class=\"\" data-start=\"455\" data-end=\"490\">V\u00f5imas p\u00f5letusj\u00f5udlus: 3,5 kW<\/p>\n<\/li>\n<li class=\"\" data-start=\"491\" data-end=\"596\">\n<p class=\"\" data-start=\"493\" data-end=\"596\">Grillrestid: 7,5 mm paksud, roostevabast terasest WAVE\u2122-restid, kuulipritsitud pinnaviimistlusega<\/p>\n<\/li>\n<li class=\"\" data-start=\"597\" data-end=\"633\">\n<p class=\"\" data-start=\"599\" data-end=\"633\">Grilliala m\u00f5\u00f5dud: 23 \u00d7 27 cm<\/p>\n<\/li>\n<li class=\"\" data-start=\"634\" data-end=\"687\">\n<p class=\"\" data-start=\"636\" data-end=\"687\">JETFIRE\u2122 s\u00fc\u00fctes\u00fcsteem<\/p>\n<\/li>\n<li class=\"\" data-start=\"688\" data-end=\"745\">\n<p class=\"\" data-start=\"690\" data-end=\"745\">Kaasa: roostevabast terasest kate ja kaanega kaitse<\/p>\n<\/li>\n<\/ul>\n","protected":false},"featured_media":251386,"template":"","meta":{"inline_featured_image":false},"product_brand":[],"product_cat":[17,561],"product_tag":[],"class_list":{"0":"post-251356","1":"product","2":"type-product","3":"status-publish","4":"has-post-thumbnail","6":"product_cat-grillid-ja-ahjud","7":"product_cat-napoleon-gaasigrillid","8":"product_shipping_class-ainult-ise-jarele-tulemisega","10":"first","11":"instock","12":"taxable","13":"shipping-taxable","14":"purchasable","15":"product-type-simple"},"yoast_head":"<!-- This site is optimized with the Yoast SEO plugin v27.2 - https:\/\/yoast.com\/product\/yoast-seo-wordpress\/ -->\n<title>Napoleon Built-in 500 series BI10RTPSS sisseehitatav klassikaline integreeritav roostevabast gaasipliit - BBQ Entertainment<\/title>\n<meta name=\"robots\" content=\"index, follow, max-snippet:-1, max-image-preview:large, max-video-preview:-1\" \/>\n<link rel=\"canonical\" href=\"https:\/\/bbqentertainment.com\/toode\/napoleon-built-in-500-series-bi10rtpss-sisseehitatav-klassikaline-integreeritav-roostevabast-gaasipliit\/\" \/>\n<meta property=\"og:locale\" content=\"en_US\" \/>\n<meta property=\"og:type\" content=\"article\" \/>\n<meta property=\"og:title\" content=\"Napoleon Built-in 500 series BI10RTPSS sisseehitatav klassikaline integreeritav roostevabast gaasipliit - BBQ Entertainment\" \/>\n<meta property=\"og:description\" content=\"Napoleon Built-in 500 series BI10RTPSS sisseehitatav klassikaline integreeritav roostevabast gaasipliit Napoleon 500-seeria sisseehitatav k\u00fcljep\u00f5leti pakub suurep\u00e4rast lisav\u00f5imalust v\u00e4lisk\u00f6\u00f6gis. See v\u00f5imas 3,5 kW roostevabast terasest p\u00f5letiga k\u00fcljeseade v\u00f5imaldab sul valmistada lisandeid, kastmeid, pastat v\u00f5i k\u00f6\u00f6givilju samal ajal, kui pearoog grillil valmib. Omadused     Sisseehitatav k\u00fcljep\u00f5leti \u2013 paigaldatav otse v\u00e4lisk\u00f6\u00f6gi t\u00f6\u00f6pinda    V\u00f5imas p\u00f5letusj\u00f5udlus: 3,5 kW    Grillrestid: 7,5 mm paksud, roostevabast terasest WAVE\u2122-restid, kuulipritsitud pinnaviimistlusega    Grilliala m\u00f5\u00f5dud: 23 \u00d7 27 cm    JETFIRE\u2122 s\u00fc\u00fctes\u00fcsteem    Kaasa: roostevabast terasest kate ja kaanega kaitse\" \/>\n<meta property=\"og:url\" content=\"https:\/\/bbqentertainment.com\/toode\/napoleon-built-in-500-series-bi10rtpss-sisseehitatav-klassikaline-integreeritav-roostevabast-gaasipliit\/\" \/>\n<meta property=\"og:site_name\" content=\"BBQ Entertainment\" \/>\n<meta property=\"article:publisher\" content=\"https:\/\/www.facebook.com\/BBQ-Entertainment-N-Catering-2437913376443540\" \/>\n<meta property=\"article:modified_time\" content=\"2026-04-06T09:26:41+00:00\" \/>\n<meta property=\"og:image\" content=\"https:\/\/bbqentertainment.com\/wp-content\/uploads\/2025\/04\/Napoleon_BI10RTPSS_007.jpg\" \/>\n\t<meta property=\"og:image:width\" content=\"1080\" \/>\n\t<meta property=\"og:image:height\" content=\"1080\" \/>\n\t<meta property=\"og:image:type\" content=\"image\/jpeg\" \/>\n<meta name=\"twitter:card\" content=\"summary_large_image\" \/>\n<meta name=\"twitter:label1\" content=\"Est. reading time\" \/>\n\t<meta name=\"twitter:data1\" content=\"1 minute\" \/>\n<script type=\"application\/ld+json\" class=\"yoast-schema-graph\">{\"@context\":\"https:\/\/schema.org\",\"@graph\":[{\"@type\":[\"WebPage\",\"ItemPage\"],\"@id\":\"https:\/\/bbqentertainment.com\/toode\/napoleon-built-in-500-series-bi10rtpss-sisseehitatav-klassikaline-integreeritav-roostevabast-gaasipliit\/\",\"url\":\"https:\/\/bbqentertainment.com\/toode\/napoleon-built-in-500-series-bi10rtpss-sisseehitatav-klassikaline-integreeritav-roostevabast-gaasipliit\/\",\"name\":\"Napoleon Built-in 500 series BI10RTPSS sisseehitatav klassikaline integreeritav roostevabast gaasipliit - BBQ Entertainment\",\"isPartOf\":{\"@id\":\"https:\/\/bbqentertainment.com\/#website\"},\"primaryImageOfPage\":{\"@id\":\"https:\/\/bbqentertainment.com\/toode\/napoleon-built-in-500-series-bi10rtpss-sisseehitatav-klassikaline-integreeritav-roostevabast-gaasipliit\/#primaryimage\"},\"image\":{\"@id\":\"https:\/\/bbqentertainment.com\/toode\/napoleon-built-in-500-series-bi10rtpss-sisseehitatav-klassikaline-integreeritav-roostevabast-gaasipliit\/#primaryimage\"},\"thumbnailUrl\":\"https:\/\/bbqentertainment.com\/wp-content\/uploads\/2025\/04\/Napoleon_BI10RTPSS_007.jpg\",\"datePublished\":\"2025-04-06T17:32:32+00:00\",\"dateModified\":\"2026-04-06T09:26:41+00:00\",\"breadcrumb\":{\"@id\":\"https:\/\/bbqentertainment.com\/toode\/napoleon-built-in-500-series-bi10rtpss-sisseehitatav-klassikaline-integreeritav-roostevabast-gaasipliit\/#breadcrumb\"},\"inLanguage\":\"en-US\",\"potentialAction\":[{\"@type\":\"ReadAction\",\"target\":[\"https:\/\/bbqentertainment.com\/toode\/napoleon-built-in-500-series-bi10rtpss-sisseehitatav-klassikaline-integreeritav-roostevabast-gaasipliit\/\"]}]},{\"@type\":\"ImageObject\",\"inLanguage\":\"en-US\",\"@id\":\"https:\/\/bbqentertainment.com\/toode\/napoleon-built-in-500-series-bi10rtpss-sisseehitatav-klassikaline-integreeritav-roostevabast-gaasipliit\/#primaryimage\",\"url\":\"https:\/\/bbqentertainment.com\/wp-content\/uploads\/2025\/04\/Napoleon_BI10RTPSS_007.jpg\",\"contentUrl\":\"https:\/\/bbqentertainment.com\/wp-content\/uploads\/2025\/04\/Napoleon_BI10RTPSS_007.jpg\",\"width\":1080,\"height\":1080},{\"@type\":\"BreadcrumbList\",\"@id\":\"https:\/\/bbqentertainment.com\/toode\/napoleon-built-in-500-series-bi10rtpss-sisseehitatav-klassikaline-integreeritav-roostevabast-gaasipliit\/#breadcrumb\",\"itemListElement\":[{\"@type\":\"ListItem\",\"position\":1,\"name\":\"AVALEHT\",\"item\":\"https:\/\/bbqentertainment.com\/en\/\"},{\"@type\":\"ListItem\",\"position\":2,\"name\":\"Tooted\",\"item\":\"https:\/\/bbqentertainment.com\/tooted\/\"},{\"@type\":\"ListItem\",\"position\":3,\"name\":\"Grillid ja ahjud\",\"item\":\"https:\/\/bbqentertainment.com\/tootekategooria\/grillid-ja-ahjud\/\"},{\"@type\":\"ListItem\",\"position\":4,\"name\":\"Napoleon gaasigrillid\",\"item\":\"https:\/\/bbqentertainment.com\/tootekategooria\/grillid-ja-ahjud\/napoleon-gaasigrillid\/\"},{\"@type\":\"ListItem\",\"position\":5,\"name\":\"Napoleon Built-in 500 series BI10RTPSS sisseehitatav klassikaline integreeritav roostevabast gaasipliit\"}]},{\"@type\":\"WebSite\",\"@id\":\"https:\/\/bbqentertainment.com\/#website\",\"url\":\"https:\/\/bbqentertainment.com\/\",\"name\":\"BBQ Entertainment\",\"description\":\"BBQ is a great lifestyle, not just fun!\",\"publisher\":{\"@id\":\"https:\/\/bbqentertainment.com\/#organization\"},\"potentialAction\":[{\"@type\":\"SearchAction\",\"target\":{\"@type\":\"EntryPoint\",\"urlTemplate\":\"https:\/\/bbqentertainment.com\/?s={search_term_string}\"},\"query-input\":{\"@type\":\"PropertyValueSpecification\",\"valueRequired\":true,\"valueName\":\"search_term_string\"}}],\"inLanguage\":\"en-US\"},{\"@type\":\"Organization\",\"@id\":\"https:\/\/bbqentertainment.com\/#organization\",\"name\":\"BBQ Entertainment O\u00dc\",\"url\":\"https:\/\/bbqentertainment.com\/\",\"logo\":{\"@type\":\"ImageObject\",\"inLanguage\":\"en-US\",\"@id\":\"https:\/\/bbqentertainment.com\/#\/schema\/logo\/image\/\",\"url\":\"https:\/\/bbqentertainment.com\/wp-content\/uploads\/2020\/04\/BBQ-Entertainment-N-Catering-Enn-Tobreluts-Logo.png\",\"contentUrl\":\"https:\/\/bbqentertainment.com\/wp-content\/uploads\/2020\/04\/BBQ-Entertainment-N-Catering-Enn-Tobreluts-Logo.png\",\"width\":628,\"height\":266,\"caption\":\"BBQ Entertainment O\u00dc\"},\"image\":{\"@id\":\"https:\/\/bbqentertainment.com\/#\/schema\/logo\/image\/\"},\"sameAs\":[\"https:\/\/www.facebook.com\/BBQ-Entertainment-N-Catering-2437913376443540\",\"https:\/\/www.instagram.com\/bbqentertainmentncatering\/\",\"https:\/\/www.youtube.com\/channel\/UCmpuANQVhLy2Md8nrenp2jA\"]}]}<\/script>\n<!-- \/ Yoast SEO plugin. -->","yoast_head_json":{"title":"Napoleon Built-in 500 series BI10RTPSS sisseehitatav klassikaline integreeritav roostevabast gaasipliit - BBQ Entertainment","robots":{"index":"index","follow":"follow","max-snippet":"max-snippet:-1","max-image-preview":"max-image-preview:large","max-video-preview":"max-video-preview:-1"},"canonical":"https:\/\/bbqentertainment.com\/toode\/napoleon-built-in-500-series-bi10rtpss-sisseehitatav-klassikaline-integreeritav-roostevabast-gaasipliit\/","og_locale":"en_US","og_type":"article","og_title":"Napoleon Built-in 500 series BI10RTPSS sisseehitatav klassikaline integreeritav roostevabast gaasipliit - BBQ Entertainment","og_description":"Napoleon Built-in 500 series BI10RTPSS sisseehitatav klassikaline integreeritav roostevabast gaasipliit Napoleon 500-seeria sisseehitatav k\u00fcljep\u00f5leti pakub suurep\u00e4rast lisav\u00f5imalust v\u00e4lisk\u00f6\u00f6gis. See v\u00f5imas 3,5 kW roostevabast terasest p\u00f5letiga k\u00fcljeseade v\u00f5imaldab sul valmistada lisandeid, kastmeid, pastat v\u00f5i k\u00f6\u00f6givilju samal ajal, kui pearoog grillil valmib. Omadused     Sisseehitatav k\u00fcljep\u00f5leti \u2013 paigaldatav otse v\u00e4lisk\u00f6\u00f6gi t\u00f6\u00f6pinda    V\u00f5imas p\u00f5letusj\u00f5udlus: 3,5 kW    Grillrestid: 7,5 mm paksud, roostevabast terasest WAVE\u2122-restid, kuulipritsitud pinnaviimistlusega    Grilliala m\u00f5\u00f5dud: 23 \u00d7 27 cm    JETFIRE\u2122 s\u00fc\u00fctes\u00fcsteem    Kaasa: roostevabast terasest kate ja kaanega kaitse","og_url":"https:\/\/bbqentertainment.com\/toode\/napoleon-built-in-500-series-bi10rtpss-sisseehitatav-klassikaline-integreeritav-roostevabast-gaasipliit\/","og_site_name":"BBQ Entertainment","article_publisher":"https:\/\/www.facebook.com\/BBQ-Entertainment-N-Catering-2437913376443540","article_modified_time":"2026-04-06T09:26:41+00:00","og_image":[{"width":1080,"height":1080,"url":"https:\/\/bbqentertainment.com\/wp-content\/uploads\/2025\/04\/Napoleon_BI10RTPSS_007.jpg","type":"image\/jpeg"}],"twitter_card":"summary_large_image","twitter_misc":{"Est. reading time":"1 minute"},"schema":{"@context":"https:\/\/schema.org","@graph":[{"@type":["WebPage","ItemPage"],"@id":"https:\/\/bbqentertainment.com\/toode\/napoleon-built-in-500-series-bi10rtpss-sisseehitatav-klassikaline-integreeritav-roostevabast-gaasipliit\/","url":"https:\/\/bbqentertainment.com\/toode\/napoleon-built-in-500-series-bi10rtpss-sisseehitatav-klassikaline-integreeritav-roostevabast-gaasipliit\/","name":"Napoleon Built-in 500 series BI10RTPSS sisseehitatav klassikaline integreeritav roostevabast gaasipliit - BBQ Entertainment","isPartOf":{"@id":"https:\/\/bbqentertainment.com\/#website"},"primaryImageOfPage":{"@id":"https:\/\/bbqentertainment.com\/toode\/napoleon-built-in-500-series-bi10rtpss-sisseehitatav-klassikaline-integreeritav-roostevabast-gaasipliit\/#primaryimage"},"image":{"@id":"https:\/\/bbqentertainment.com\/toode\/napoleon-built-in-500-series-bi10rtpss-sisseehitatav-klassikaline-integreeritav-roostevabast-gaasipliit\/#primaryimage"},"thumbnailUrl":"https:\/\/bbqentertainment.com\/wp-content\/uploads\/2025\/04\/Napoleon_BI10RTPSS_007.jpg","datePublished":"2025-04-06T17:32:32+00:00","dateModified":"2026-04-06T09:26:41+00:00","breadcrumb":{"@id":"https:\/\/bbqentertainment.com\/toode\/napoleon-built-in-500-series-bi10rtpss-sisseehitatav-klassikaline-integreeritav-roostevabast-gaasipliit\/#breadcrumb"},"inLanguage":"en-US","potentialAction":[{"@type":"ReadAction","target":["https:\/\/bbqentertainment.com\/toode\/napoleon-built-in-500-series-bi10rtpss-sisseehitatav-klassikaline-integreeritav-roostevabast-gaasipliit\/"]}]},{"@type":"ImageObject","inLanguage":"en-US","@id":"https:\/\/bbqentertainment.com\/toode\/napoleon-built-in-500-series-bi10rtpss-sisseehitatav-klassikaline-integreeritav-roostevabast-gaasipliit\/#primaryimage","url":"https:\/\/bbqentertainment.com\/wp-content\/uploads\/2025\/04\/Napoleon_BI10RTPSS_007.jpg","contentUrl":"https:\/\/bbqentertainment.com\/wp-content\/uploads\/2025\/04\/Napoleon_BI10RTPSS_007.jpg","width":1080,"height":1080},{"@type":"BreadcrumbList","@id":"https:\/\/bbqentertainment.com\/toode\/napoleon-built-in-500-series-bi10rtpss-sisseehitatav-klassikaline-integreeritav-roostevabast-gaasipliit\/#breadcrumb","itemListElement":[{"@type":"ListItem","position":1,"name":"AVALEHT","item":"https:\/\/bbqentertainment.com\/en\/"},{"@type":"ListItem","position":2,"name":"Tooted","item":"https:\/\/bbqentertainment.com\/tooted\/"},{"@type":"ListItem","position":3,"name":"Grillid ja ahjud","item":"https:\/\/bbqentertainment.com\/tootekategooria\/grillid-ja-ahjud\/"},{"@type":"ListItem","position":4,"name":"Napoleon gaasigrillid","item":"https:\/\/bbqentertainment.com\/tootekategooria\/grillid-ja-ahjud\/napoleon-gaasigrillid\/"},{"@type":"ListItem","position":5,"name":"Napoleon Built-in 500 series BI10RTPSS sisseehitatav klassikaline integreeritav roostevabast gaasipliit"}]},{"@type":"WebSite","@id":"https:\/\/bbqentertainment.com\/#website","url":"https:\/\/bbqentertainment.com\/","name":"BBQ Entertainment","description":"BBQ is a great lifestyle, not just fun!","publisher":{"@id":"https:\/\/bbqentertainment.com\/#organization"},"potentialAction":[{"@type":"SearchAction","target":{"@type":"EntryPoint","urlTemplate":"https:\/\/bbqentertainment.com\/?s={search_term_string}"},"query-input":{"@type":"PropertyValueSpecification","valueRequired":true,"valueName":"search_term_string"}}],"inLanguage":"en-US"},{"@type":"Organization","@id":"https:\/\/bbqentertainment.com\/#organization","name":"BBQ Entertainment O\u00dc","url":"https:\/\/bbqentertainment.com\/","logo":{"@type":"ImageObject","inLanguage":"en-US","@id":"https:\/\/bbqentertainment.com\/#\/schema\/logo\/image\/","url":"https:\/\/bbqentertainment.com\/wp-content\/uploads\/2020\/04\/BBQ-Entertainment-N-Catering-Enn-Tobreluts-Logo.png","contentUrl":"https:\/\/bbqentertainment.com\/wp-content\/uploads\/2020\/04\/BBQ-Entertainment-N-Catering-Enn-Tobreluts-Logo.png","width":628,"height":266,"caption":"BBQ Entertainment O\u00dc"},"image":{"@id":"https:\/\/bbqentertainment.com\/#\/schema\/logo\/image\/"},"sameAs":["https:\/\/www.facebook.com\/BBQ-Entertainment-N-Catering-2437913376443540","https:\/\/www.instagram.com\/bbqentertainmentncatering\/","https:\/\/www.youtube.com\/channel\/UCmpuANQVhLy2Md8nrenp2jA"]}]}},"_links":{"self":[{"href":"https:\/\/bbqentertainment.com\/en\/wp-json\/wp\/v2\/product\/251356","targetHints":{"allow":["GET"]}}],"collection":[{"href":"https:\/\/bbqentertainment.com\/en\/wp-json\/wp\/v2\/product"}],"about":[{"href":"https:\/\/bbqentertainment.com\/en\/wp-json\/wp\/v2\/types\/product"}],"wp:featuredmedia":[{"embeddable":true,"href":"https:\/\/bbqentertainment.com\/en\/wp-json\/wp\/v2\/media\/251386"}],"wp:attachment":[{"href":"https:\/\/bbqentertainment.com\/en\/wp-json\/wp\/v2\/media?parent=251356"}],"wp:term":[{"taxonomy":"product_brand","embeddable":true,"href":"https:\/\/bbqentertainment.com\/en\/wp-json\/wp\/v2\/product_brand?post=251356"},{"taxonomy":"product_cat","embeddable":true,"href":"https:\/\/bbqentertainment.com\/en\/wp-json\/wp\/v2\/product_cat?post=251356"},{"taxonomy":"product_tag","embeddable":true,"href":"https:\/\/bbqentertainment.com\/en\/wp-json\/wp\/v2\/product_tag?post=251356"}],"curies":[{"name":"wp","href":"https:\/\/api.w.org\/{rel}","templated":true}]}}