{"id":251392,"date":"2025-04-06T20:50:04","date_gmt":"2025-04-06T17:50:04","guid":{"rendered":"https:\/\/bbqentertainment.com\/?post_type=product&#038;p=251392"},"modified":"2026-04-06T12:26:41","modified_gmt":"2026-04-06T09:26:41","slug":"napoleon-built-in-700-series-bib10irpss-sisseehitatav-keraamiline-integreeritav-roostevabast-gaasipliit","status":"publish","type":"product","link":"https:\/\/bbqentertainment.com\/en\/toode\/napoleon-built-in-700-series-bib10irpss-sisseehitatav-keraamiline-integreeritav-roostevabast-gaasipliit\/","title":{"rendered":"Napoleon Built-in 700 series BIB10IRPSS sisseehitatav keraamiline integreeritav roostevabast gaasipliit"},"content":{"rendered":"","protected":false},"excerpt":{"rendered":"<h3><strong>Napoleon Built-in 700 series BIB10IRPSS sisseehitatav keraamiline integreeritav roostevabast gaasipliit<\/strong><\/h3>\n<p class=\"\" data-start=\"107\" data-end=\"530\">Napoleon SIZZLE ZONE\u2122 on v\u00f5imas sisseehitatav infrapunap\u00f5leti, mis v\u00f5imaldab saavutada restoranikvaliteediga grillitulemusi. See sobib t\u00e4iuslikult v\u00e4lisk\u00f6\u00f6gi t\u00f6\u00f6pinda ja pakub t\u00e4psust, kiirust ning tugevat kuumust just seal, kus seda vaja on. Olgu eesm\u00e4rgiks ideaalselt karamelliseeritud steik v\u00f5i kiirelt valmistatud lisand \u2013 SIZZLE ZONE\u2122 teeb selle lihtsaks, samal ajal kui p\u00f5higrill t\u00f6\u00f6tab paralleelselt.<\/p>\n<p class=\"\" data-start=\"532\" data-end=\"555\">Peamised omadused<\/p>\n<ul data-start=\"556\" data-end=\"1137\">\n<li class=\"\" data-start=\"556\" data-end=\"626\">\n<p class=\"\" data-start=\"558\" data-end=\"626\">Infrapunap\u00f5leti steikide, lisandite ja kastmete valmistamiseks<\/p>\n<\/li>\n<li class=\"\" data-start=\"627\" data-end=\"718\">\n<p class=\"\" data-start=\"629\" data-end=\"718\">Grillrestid: 7,5 mm paksud WAVE\u2122 roostevabast terasest restid, peaaegu hooldusvabad<\/p>\n<\/li>\n<li class=\"\" data-start=\"719\" data-end=\"745\">\n<p class=\"\" data-start=\"721\" data-end=\"745\">V\u00f5imsus: ca 2,9 kW<\/p>\n<\/li>\n<li class=\"\" data-start=\"746\" data-end=\"779\">\n<p class=\"\" data-start=\"748\" data-end=\"779\">Grilliala: 22,8 \u00d7 26,5 cm<\/p>\n<\/li>\n<li class=\"\" data-start=\"780\" data-end=\"844\">\n<p class=\"\" data-start=\"782\" data-end=\"844\">JETFIRE\u2122 s\u00fc\u00fctes\u00fcsteem \u2013 kiire ja lihtne \u00fchek\u00e4eline s\u00fc\u00fcde<\/p>\n<\/li>\n<li class=\"\" data-start=\"845\" data-end=\"936\">\n<p class=\"\" data-start=\"847\" data-end=\"936\">Safety Glow\u2122 juhtnupud: sinise taustavalgustusega, muutuvad kuumuse korral punaseks<\/p>\n<\/li>\n<\/ul>\n<p class=\"\" data-start=\"690\" data-end=\"745\">\n","protected":false},"featured_media":251398,"template":"","meta":{"inline_featured_image":false},"product_brand":[],"product_cat":[17,561],"product_tag":[],"class_list":{"0":"post-251392","1":"product","2":"type-product","3":"status-publish","4":"has-post-thumbnail","6":"product_cat-grillid-ja-ahjud","7":"product_cat-napoleon-gaasigrillid","8":"product_shipping_class-ainult-ise-jarele-tulemisega","10":"first","11":"instock","12":"taxable","13":"shipping-taxable","14":"purchasable","15":"product-type-simple"},"yoast_head":"<!-- This site is optimized with the Yoast SEO plugin v27.2 - https:\/\/yoast.com\/product\/yoast-seo-wordpress\/ -->\n<title>Napoleon Built-in 700 series BIB10IRPSS sisseehitatav keraamiline integreeritav roostevabast gaasipliit - BBQ Entertainment<\/title>\n<meta name=\"robots\" content=\"index, follow, max-snippet:-1, max-image-preview:large, max-video-preview:-1\" \/>\n<link rel=\"canonical\" href=\"https:\/\/bbqentertainment.com\/toode\/napoleon-built-in-700-series-bib10irpss-sisseehitatav-keraamiline-integreeritav-roostevabast-gaasipliit\/\" \/>\n<meta property=\"og:locale\" content=\"en_US\" \/>\n<meta property=\"og:type\" content=\"article\" \/>\n<meta property=\"og:title\" content=\"Napoleon Built-in 700 series BIB10IRPSS sisseehitatav keraamiline integreeritav roostevabast gaasipliit - BBQ Entertainment\" \/>\n<meta property=\"og:description\" content=\"Napoleon Built-in 700 series BIB10IRPSS sisseehitatav keraamiline integreeritav roostevabast gaasipliit Napoleon SIZZLE ZONE\u2122 on v\u00f5imas sisseehitatav infrapunap\u00f5leti, mis v\u00f5imaldab saavutada restoranikvaliteediga grillitulemusi. See sobib t\u00e4iuslikult v\u00e4lisk\u00f6\u00f6gi t\u00f6\u00f6pinda ja pakub t\u00e4psust, kiirust ning tugevat kuumust just seal, kus seda vaja on. Olgu eesm\u00e4rgiks ideaalselt karamelliseeritud steik v\u00f5i kiirelt valmistatud lisand \u2013 SIZZLE ZONE\u2122 teeb selle lihtsaks, samal ajal kui p\u00f5higrill t\u00f6\u00f6tab paralleelselt. Peamised omadused     Infrapunap\u00f5leti steikide, lisandite ja kastmete valmistamiseks    Grillrestid: 7,5 mm paksud WAVE\u2122 roostevabast terasest restid, peaaegu hooldusvabad    V\u00f5imsus: ca 2,9 kW    Grilliala: 22,8 \u00d7 26,5 cm    JETFIRE\u2122 s\u00fc\u00fctes\u00fcsteem \u2013 kiire ja lihtne \u00fchek\u00e4eline s\u00fc\u00fcde    Safety Glow\u2122 juhtnupud: sinise taustavalgustusega, muutuvad kuumuse korral punaseks\" \/>\n<meta property=\"og:url\" content=\"https:\/\/bbqentertainment.com\/toode\/napoleon-built-in-700-series-bib10irpss-sisseehitatav-keraamiline-integreeritav-roostevabast-gaasipliit\/\" \/>\n<meta property=\"og:site_name\" content=\"BBQ Entertainment\" \/>\n<meta property=\"article:publisher\" content=\"https:\/\/www.facebook.com\/BBQ-Entertainment-N-Catering-2437913376443540\" \/>\n<meta property=\"article:modified_time\" content=\"2026-04-06T09:26:41+00:00\" \/>\n<meta property=\"og:image\" content=\"https:\/\/bbqentertainment.com\/wp-content\/uploads\/2025\/04\/bruleur-sizzle-zone-encastrable-napoleon-2-1.jpg\" \/>\n\t<meta property=\"og:image:width\" content=\"1100\" \/>\n\t<meta property=\"og:image:height\" content=\"1422\" \/>\n\t<meta property=\"og:image:type\" content=\"image\/jpeg\" \/>\n<meta name=\"twitter:card\" content=\"summary_large_image\" \/>\n<meta name=\"twitter:label1\" content=\"Est. reading time\" \/>\n\t<meta name=\"twitter:data1\" content=\"1 minute\" \/>\n<script type=\"application\/ld+json\" class=\"yoast-schema-graph\">{\"@context\":\"https:\/\/schema.org\",\"@graph\":[{\"@type\":[\"WebPage\",\"ItemPage\"],\"@id\":\"https:\/\/bbqentertainment.com\/toode\/napoleon-built-in-700-series-bib10irpss-sisseehitatav-keraamiline-integreeritav-roostevabast-gaasipliit\/\",\"url\":\"https:\/\/bbqentertainment.com\/toode\/napoleon-built-in-700-series-bib10irpss-sisseehitatav-keraamiline-integreeritav-roostevabast-gaasipliit\/\",\"name\":\"Napoleon Built-in 700 series BIB10IRPSS sisseehitatav keraamiline integreeritav roostevabast gaasipliit - BBQ Entertainment\",\"isPartOf\":{\"@id\":\"https:\/\/bbqentertainment.com\/#website\"},\"primaryImageOfPage\":{\"@id\":\"https:\/\/bbqentertainment.com\/toode\/napoleon-built-in-700-series-bib10irpss-sisseehitatav-keraamiline-integreeritav-roostevabast-gaasipliit\/#primaryimage\"},\"image\":{\"@id\":\"https:\/\/bbqentertainment.com\/toode\/napoleon-built-in-700-series-bib10irpss-sisseehitatav-keraamiline-integreeritav-roostevabast-gaasipliit\/#primaryimage\"},\"thumbnailUrl\":\"https:\/\/bbqentertainment.com\/wp-content\/uploads\/2025\/04\/bruleur-sizzle-zone-encastrable-napoleon-2-1.jpg\",\"datePublished\":\"2025-04-06T17:50:04+00:00\",\"dateModified\":\"2026-04-06T09:26:41+00:00\",\"breadcrumb\":{\"@id\":\"https:\/\/bbqentertainment.com\/toode\/napoleon-built-in-700-series-bib10irpss-sisseehitatav-keraamiline-integreeritav-roostevabast-gaasipliit\/#breadcrumb\"},\"inLanguage\":\"en-US\",\"potentialAction\":[{\"@type\":\"ReadAction\",\"target\":[\"https:\/\/bbqentertainment.com\/toode\/napoleon-built-in-700-series-bib10irpss-sisseehitatav-keraamiline-integreeritav-roostevabast-gaasipliit\/\"]}]},{\"@type\":\"ImageObject\",\"inLanguage\":\"en-US\",\"@id\":\"https:\/\/bbqentertainment.com\/toode\/napoleon-built-in-700-series-bib10irpss-sisseehitatav-keraamiline-integreeritav-roostevabast-gaasipliit\/#primaryimage\",\"url\":\"https:\/\/bbqentertainment.com\/wp-content\/uploads\/2025\/04\/bruleur-sizzle-zone-encastrable-napoleon-2-1.jpg\",\"contentUrl\":\"https:\/\/bbqentertainment.com\/wp-content\/uploads\/2025\/04\/bruleur-sizzle-zone-encastrable-napoleon-2-1.jpg\",\"width\":1100,\"height\":1422},{\"@type\":\"BreadcrumbList\",\"@id\":\"https:\/\/bbqentertainment.com\/toode\/napoleon-built-in-700-series-bib10irpss-sisseehitatav-keraamiline-integreeritav-roostevabast-gaasipliit\/#breadcrumb\",\"itemListElement\":[{\"@type\":\"ListItem\",\"position\":1,\"name\":\"AVALEHT\",\"item\":\"https:\/\/bbqentertainment.com\/en\/\"},{\"@type\":\"ListItem\",\"position\":2,\"name\":\"Tooted\",\"item\":\"https:\/\/bbqentertainment.com\/tooted\/\"},{\"@type\":\"ListItem\",\"position\":3,\"name\":\"Grillid ja ahjud\",\"item\":\"https:\/\/bbqentertainment.com\/tootekategooria\/grillid-ja-ahjud\/\"},{\"@type\":\"ListItem\",\"position\":4,\"name\":\"Napoleon gaasigrillid\",\"item\":\"https:\/\/bbqentertainment.com\/tootekategooria\/grillid-ja-ahjud\/napoleon-gaasigrillid\/\"},{\"@type\":\"ListItem\",\"position\":5,\"name\":\"Napoleon Built-in 700 series BIB10IRPSS sisseehitatav keraamiline integreeritav roostevabast gaasipliit\"}]},{\"@type\":\"WebSite\",\"@id\":\"https:\/\/bbqentertainment.com\/#website\",\"url\":\"https:\/\/bbqentertainment.com\/\",\"name\":\"BBQ Entertainment\",\"description\":\"BBQ is a great lifestyle, not just fun!\",\"publisher\":{\"@id\":\"https:\/\/bbqentertainment.com\/#organization\"},\"potentialAction\":[{\"@type\":\"SearchAction\",\"target\":{\"@type\":\"EntryPoint\",\"urlTemplate\":\"https:\/\/bbqentertainment.com\/?s={search_term_string}\"},\"query-input\":{\"@type\":\"PropertyValueSpecification\",\"valueRequired\":true,\"valueName\":\"search_term_string\"}}],\"inLanguage\":\"en-US\"},{\"@type\":\"Organization\",\"@id\":\"https:\/\/bbqentertainment.com\/#organization\",\"name\":\"BBQ Entertainment O\u00dc\",\"url\":\"https:\/\/bbqentertainment.com\/\",\"logo\":{\"@type\":\"ImageObject\",\"inLanguage\":\"en-US\",\"@id\":\"https:\/\/bbqentertainment.com\/#\/schema\/logo\/image\/\",\"url\":\"https:\/\/bbqentertainment.com\/wp-content\/uploads\/2020\/04\/BBQ-Entertainment-N-Catering-Enn-Tobreluts-Logo.png\",\"contentUrl\":\"https:\/\/bbqentertainment.com\/wp-content\/uploads\/2020\/04\/BBQ-Entertainment-N-Catering-Enn-Tobreluts-Logo.png\",\"width\":628,\"height\":266,\"caption\":\"BBQ Entertainment O\u00dc\"},\"image\":{\"@id\":\"https:\/\/bbqentertainment.com\/#\/schema\/logo\/image\/\"},\"sameAs\":[\"https:\/\/www.facebook.com\/BBQ-Entertainment-N-Catering-2437913376443540\",\"https:\/\/www.instagram.com\/bbqentertainmentncatering\/\",\"https:\/\/www.youtube.com\/channel\/UCmpuANQVhLy2Md8nrenp2jA\"]}]}<\/script>\n<!-- \/ Yoast SEO plugin. -->","yoast_head_json":{"title":"Napoleon Built-in 700 series BIB10IRPSS sisseehitatav keraamiline integreeritav roostevabast gaasipliit - BBQ Entertainment","robots":{"index":"index","follow":"follow","max-snippet":"max-snippet:-1","max-image-preview":"max-image-preview:large","max-video-preview":"max-video-preview:-1"},"canonical":"https:\/\/bbqentertainment.com\/toode\/napoleon-built-in-700-series-bib10irpss-sisseehitatav-keraamiline-integreeritav-roostevabast-gaasipliit\/","og_locale":"en_US","og_type":"article","og_title":"Napoleon Built-in 700 series BIB10IRPSS sisseehitatav keraamiline integreeritav roostevabast gaasipliit - BBQ Entertainment","og_description":"Napoleon Built-in 700 series BIB10IRPSS sisseehitatav keraamiline integreeritav roostevabast gaasipliit Napoleon SIZZLE ZONE\u2122 on v\u00f5imas sisseehitatav infrapunap\u00f5leti, mis v\u00f5imaldab saavutada restoranikvaliteediga grillitulemusi. See sobib t\u00e4iuslikult v\u00e4lisk\u00f6\u00f6gi t\u00f6\u00f6pinda ja pakub t\u00e4psust, kiirust ning tugevat kuumust just seal, kus seda vaja on. Olgu eesm\u00e4rgiks ideaalselt karamelliseeritud steik v\u00f5i kiirelt valmistatud lisand \u2013 SIZZLE ZONE\u2122 teeb selle lihtsaks, samal ajal kui p\u00f5higrill t\u00f6\u00f6tab paralleelselt. Peamised omadused     Infrapunap\u00f5leti steikide, lisandite ja kastmete valmistamiseks    Grillrestid: 7,5 mm paksud WAVE\u2122 roostevabast terasest restid, peaaegu hooldusvabad    V\u00f5imsus: ca 2,9 kW    Grilliala: 22,8 \u00d7 26,5 cm    JETFIRE\u2122 s\u00fc\u00fctes\u00fcsteem \u2013 kiire ja lihtne \u00fchek\u00e4eline s\u00fc\u00fcde    Safety Glow\u2122 juhtnupud: sinise taustavalgustusega, muutuvad kuumuse korral punaseks","og_url":"https:\/\/bbqentertainment.com\/toode\/napoleon-built-in-700-series-bib10irpss-sisseehitatav-keraamiline-integreeritav-roostevabast-gaasipliit\/","og_site_name":"BBQ Entertainment","article_publisher":"https:\/\/www.facebook.com\/BBQ-Entertainment-N-Catering-2437913376443540","article_modified_time":"2026-04-06T09:26:41+00:00","og_image":[{"width":1100,"height":1422,"url":"https:\/\/bbqentertainment.com\/wp-content\/uploads\/2025\/04\/bruleur-sizzle-zone-encastrable-napoleon-2-1.jpg","type":"image\/jpeg"}],"twitter_card":"summary_large_image","twitter_misc":{"Est. reading time":"1 minute"},"schema":{"@context":"https:\/\/schema.org","@graph":[{"@type":["WebPage","ItemPage"],"@id":"https:\/\/bbqentertainment.com\/toode\/napoleon-built-in-700-series-bib10irpss-sisseehitatav-keraamiline-integreeritav-roostevabast-gaasipliit\/","url":"https:\/\/bbqentertainment.com\/toode\/napoleon-built-in-700-series-bib10irpss-sisseehitatav-keraamiline-integreeritav-roostevabast-gaasipliit\/","name":"Napoleon Built-in 700 series BIB10IRPSS sisseehitatav keraamiline integreeritav roostevabast gaasipliit - BBQ Entertainment","isPartOf":{"@id":"https:\/\/bbqentertainment.com\/#website"},"primaryImageOfPage":{"@id":"https:\/\/bbqentertainment.com\/toode\/napoleon-built-in-700-series-bib10irpss-sisseehitatav-keraamiline-integreeritav-roostevabast-gaasipliit\/#primaryimage"},"image":{"@id":"https:\/\/bbqentertainment.com\/toode\/napoleon-built-in-700-series-bib10irpss-sisseehitatav-keraamiline-integreeritav-roostevabast-gaasipliit\/#primaryimage"},"thumbnailUrl":"https:\/\/bbqentertainment.com\/wp-content\/uploads\/2025\/04\/bruleur-sizzle-zone-encastrable-napoleon-2-1.jpg","datePublished":"2025-04-06T17:50:04+00:00","dateModified":"2026-04-06T09:26:41+00:00","breadcrumb":{"@id":"https:\/\/bbqentertainment.com\/toode\/napoleon-built-in-700-series-bib10irpss-sisseehitatav-keraamiline-integreeritav-roostevabast-gaasipliit\/#breadcrumb"},"inLanguage":"en-US","potentialAction":[{"@type":"ReadAction","target":["https:\/\/bbqentertainment.com\/toode\/napoleon-built-in-700-series-bib10irpss-sisseehitatav-keraamiline-integreeritav-roostevabast-gaasipliit\/"]}]},{"@type":"ImageObject","inLanguage":"en-US","@id":"https:\/\/bbqentertainment.com\/toode\/napoleon-built-in-700-series-bib10irpss-sisseehitatav-keraamiline-integreeritav-roostevabast-gaasipliit\/#primaryimage","url":"https:\/\/bbqentertainment.com\/wp-content\/uploads\/2025\/04\/bruleur-sizzle-zone-encastrable-napoleon-2-1.jpg","contentUrl":"https:\/\/bbqentertainment.com\/wp-content\/uploads\/2025\/04\/bruleur-sizzle-zone-encastrable-napoleon-2-1.jpg","width":1100,"height":1422},{"@type":"BreadcrumbList","@id":"https:\/\/bbqentertainment.com\/toode\/napoleon-built-in-700-series-bib10irpss-sisseehitatav-keraamiline-integreeritav-roostevabast-gaasipliit\/#breadcrumb","itemListElement":[{"@type":"ListItem","position":1,"name":"AVALEHT","item":"https:\/\/bbqentertainment.com\/en\/"},{"@type":"ListItem","position":2,"name":"Tooted","item":"https:\/\/bbqentertainment.com\/tooted\/"},{"@type":"ListItem","position":3,"name":"Grillid ja ahjud","item":"https:\/\/bbqentertainment.com\/tootekategooria\/grillid-ja-ahjud\/"},{"@type":"ListItem","position":4,"name":"Napoleon gaasigrillid","item":"https:\/\/bbqentertainment.com\/tootekategooria\/grillid-ja-ahjud\/napoleon-gaasigrillid\/"},{"@type":"ListItem","position":5,"name":"Napoleon Built-in 700 series BIB10IRPSS sisseehitatav keraamiline integreeritav roostevabast gaasipliit"}]},{"@type":"WebSite","@id":"https:\/\/bbqentertainment.com\/#website","url":"https:\/\/bbqentertainment.com\/","name":"BBQ Entertainment","description":"BBQ is a great lifestyle, not just fun!","publisher":{"@id":"https:\/\/bbqentertainment.com\/#organization"},"potentialAction":[{"@type":"SearchAction","target":{"@type":"EntryPoint","urlTemplate":"https:\/\/bbqentertainment.com\/?s={search_term_string}"},"query-input":{"@type":"PropertyValueSpecification","valueRequired":true,"valueName":"search_term_string"}}],"inLanguage":"en-US"},{"@type":"Organization","@id":"https:\/\/bbqentertainment.com\/#organization","name":"BBQ Entertainment O\u00dc","url":"https:\/\/bbqentertainment.com\/","logo":{"@type":"ImageObject","inLanguage":"en-US","@id":"https:\/\/bbqentertainment.com\/#\/schema\/logo\/image\/","url":"https:\/\/bbqentertainment.com\/wp-content\/uploads\/2020\/04\/BBQ-Entertainment-N-Catering-Enn-Tobreluts-Logo.png","contentUrl":"https:\/\/bbqentertainment.com\/wp-content\/uploads\/2020\/04\/BBQ-Entertainment-N-Catering-Enn-Tobreluts-Logo.png","width":628,"height":266,"caption":"BBQ Entertainment O\u00dc"},"image":{"@id":"https:\/\/bbqentertainment.com\/#\/schema\/logo\/image\/"},"sameAs":["https:\/\/www.facebook.com\/BBQ-Entertainment-N-Catering-2437913376443540","https:\/\/www.instagram.com\/bbqentertainmentncatering\/","https:\/\/www.youtube.com\/channel\/UCmpuANQVhLy2Md8nrenp2jA"]}]}},"_links":{"self":[{"href":"https:\/\/bbqentertainment.com\/en\/wp-json\/wp\/v2\/product\/251392","targetHints":{"allow":["GET"]}}],"collection":[{"href":"https:\/\/bbqentertainment.com\/en\/wp-json\/wp\/v2\/product"}],"about":[{"href":"https:\/\/bbqentertainment.com\/en\/wp-json\/wp\/v2\/types\/product"}],"wp:featuredmedia":[{"embeddable":true,"href":"https:\/\/bbqentertainment.com\/en\/wp-json\/wp\/v2\/media\/251398"}],"wp:attachment":[{"href":"https:\/\/bbqentertainment.com\/en\/wp-json\/wp\/v2\/media?parent=251392"}],"wp:term":[{"taxonomy":"product_brand","embeddable":true,"href":"https:\/\/bbqentertainment.com\/en\/wp-json\/wp\/v2\/product_brand?post=251392"},{"taxonomy":"product_cat","embeddable":true,"href":"https:\/\/bbqentertainment.com\/en\/wp-json\/wp\/v2\/product_cat?post=251392"},{"taxonomy":"product_tag","embeddable":true,"href":"https:\/\/bbqentertainment.com\/en\/wp-json\/wp\/v2\/product_tag?post=251392"}],"curies":[{"name":"wp","href":"https:\/\/api.w.org\/{rel}","templated":true}]}}