{"id":251568,"date":"2025-04-16T14:05:51","date_gmt":"2025-04-16T11:05:51","guid":{"rendered":"https:\/\/bbqentertainment.com\/?post_type=product&#038;p=251568"},"modified":"2026-03-24T16:08:11","modified_gmt":"2026-03-24T14:08:11","slug":"grillep-suuretukiline-grillsusi-tamm-fsc-100-6-kg-kott","status":"publish","type":"product","link":"https:\/\/bbqentertainment.com\/en\/toode\/grillep-suuretukiline-grillsusi-tamm-fsc-100-6-kg-kott\/","title":{"rendered":"GRILLEP suuret\u00fckiline grills\u00fcsi TAMM, FSC 100%, 6 kg kott"},"content":{"rendered":"","protected":false},"excerpt":{"rendered":"<h3><strong>GRILLEP suuret\u00fckiline grills\u00fcsi TAMM, FSC 100%, 6 kg kott<\/strong><\/h3>\n<div class=\"accordion\">\n<div class=\"accordion-item\">\n<div><b>K\u00d5RGEM KUUMUS \u00a0\u2022 \u00a0ERITI PIKK H\u00d5\u00d5GUMISAEG \u00a0\u2022 \u00a0LISAAINETEVABA \u00a0\u2022 \u00a0ILMA K\u00d5RVALMAITSE JA -L\u00d5HNATA \u00a0\u2022 \u00a0NATURAALNE TAMM \u00a0\u2022 \u00a0J\u00c4TKUSUUTLIKEST METSADEST (FSC100%) \u00a0\u2022 \u00a0\u00dcHTLANE H\u00d5\u00d5GUMINE \u00a0\u2022 \u00a0SUURET\u00dcKILINE \u00a0\u2022 \u00a0RESTORANIKVALITEEDIGA<\/b><\/div>\n<div><b>\u00a0<\/b><\/div>\n<div>Suuret\u00fckiline grills\u00fcsi GRILLEP TAMM 6 kg on ideaalne valik nii bbq-meistritele, cateringi-firmadele, restoranidele kui ka kodukasutajatele. GRILLEP grills\u00f6el on FSC100% sertifikaat grills\u00f6e tootegrupis, mis kinnitab, et grills\u00fcsi on toodetud puidust, mis on saadud j\u00e4tkusuutlikest h\u00e4stimajandatud metsadest (st see on m\u00e4rk vastutustundlikust metsandusest). Sobib ideaalselt nii v\u00e4iksematele kui suurematele grillidele. Tammepuu suitsul on keskmise kuni tugeva tugevusega julge ja maal\u00e4hedane maitse.<\/div>\n<div><\/div>\n<div>GRILLEP TAMM 6 kg h\u00f5\u00f5gub k\u00f5rgemal kuumusel ja kuni 2x kauem kui tavaline s\u00fcsi (\u00fcle 20 tunni keraamilisel grillil). Seega on s\u00f6ekulu v\u00e4iksem. Sobib ideaalselt slow&amp;low grillimiste jaoks ja ka liha suitsutamise jaoks. Ideaalse lahenduse saad ka kui segad omavahel Grillep lepapuu s\u00fctt (50L v\u00f5i 30L) ja Grillep tammepuu s\u00fctt.<\/div>\n<\/div>\n<\/div>\n","protected":false},"featured_media":251569,"template":"","meta":{"inline_featured_image":false},"product_brand":[],"product_cat":[92,27,439,211],"product_tag":[],"class_list":{"0":"post-251568","1":"product","2":"type-product","3":"status-publish","4":"has-post-thumbnail","6":"product_cat-lisatarvikud","7":"product_cat-grillsusi","8":"product_cat-eksootilised-grillsoed","9":"product_cat-grillep","10":"product_shipping_class-grillsusi","12":"first","13":"instock","14":"taxable","15":"shipping-taxable","16":"purchasable","17":"product-type-simple"},"yoast_head":"<!-- This site is optimized with the Yoast SEO plugin v27.4 - https:\/\/yoast.com\/product\/yoast-seo-wordpress\/ -->\n<title>GRILLEP suuret\u00fckiline grills\u00fcsi TAMM, FSC 100%, 6 kg kott - BBQ Entertainment<\/title>\n<meta name=\"robots\" content=\"index, follow, max-snippet:-1, max-image-preview:large, max-video-preview:-1\" \/>\n<link rel=\"canonical\" href=\"https:\/\/bbqentertainment.com\/toode\/grillep-suuretukiline-grillsusi-tamm-fsc-100-6-kg-kott\/\" \/>\n<meta property=\"og:locale\" content=\"en_US\" \/>\n<meta property=\"og:type\" content=\"article\" \/>\n<meta property=\"og:title\" content=\"GRILLEP suuret\u00fckiline grills\u00fcsi TAMM, FSC 100%, 6 kg kott - BBQ Entertainment\" \/>\n<meta property=\"og:description\" content=\"GRILLEP suuret\u00fckiline grills\u00fcsi TAMM, FSC 100%, 6 kg kott   K\u00d5RGEM KUUMUS \u00a0\u2022 \u00a0ERITI PIKK H\u00d5\u00d5GUMISAEG \u00a0\u2022 \u00a0LISAAINETEVABA \u00a0\u2022 \u00a0ILMA K\u00d5RVALMAITSE JA -L\u00d5HNATA \u00a0\u2022 \u00a0NATURAALNE TAMM \u00a0\u2022 \u00a0J\u00c4TKUSUUTLIKEST METSADEST (FSC100%) \u00a0\u2022 \u00a0\u00dcHTLANE H\u00d5\u00d5GUMINE \u00a0\u2022 \u00a0SUURET\u00dcKILINE \u00a0\u2022 \u00a0RESTORANIKVALITEEDIGA \u00a0 Suuret\u00fckiline grills\u00fcsi GRILLEP TAMM 6 kg on ideaalne valik nii bbq-meistritele, cateringi-firmadele, restoranidele kui ka kodukasutajatele. GRILLEP grills\u00f6el on FSC100% sertifikaat grills\u00f6e tootegrupis, mis kinnitab, et grills\u00fcsi on toodetud puidust, mis on saadud j\u00e4tkusuutlikest h\u00e4stimajandatud metsadest (st see on m\u00e4rk vastutustundlikust metsandusest). Sobib ideaalselt nii v\u00e4iksematele kui suurematele grillidele. Tammepuu suitsul on keskmise kuni tugeva tugevusega julge ja maal\u00e4hedane maitse.  GRILLEP TAMM 6 kg h\u00f5\u00f5gub k\u00f5rgemal kuumusel ja kuni 2x kauem kui tavaline s\u00fcsi (\u00fcle 20 tunni keraamilisel grillil). Seega on s\u00f6ekulu v\u00e4iksem. Sobib ideaalselt slow&amp;low grillimiste jaoks ja ka liha suitsutamise jaoks. Ideaalse lahenduse saad ka kui segad omavahel Grillep lepapuu s\u00fctt (50L v\u00f5i 30L) ja Grillep tammepuu s\u00fctt.\" \/>\n<meta property=\"og:url\" content=\"https:\/\/bbqentertainment.com\/toode\/grillep-suuretukiline-grillsusi-tamm-fsc-100-6-kg-kott\/\" \/>\n<meta property=\"og:site_name\" content=\"BBQ Entertainment\" \/>\n<meta property=\"article:publisher\" content=\"https:\/\/www.facebook.com\/BBQ-Entertainment-N-Catering-2437913376443540\" \/>\n<meta property=\"article:modified_time\" content=\"2026-03-24T14:08:11+00:00\" \/>\n<meta property=\"og:image\" content=\"https:\/\/bbqentertainment.com\/wp-content\/uploads\/2025\/04\/4745010675089-GRILLEP-suuretukiline-grillsusi-TAMM-FSC-100-6-kg-kott.jpg\" \/>\n\t<meta property=\"og:image:width\" content=\"1200\" \/>\n\t<meta property=\"og:image:height\" content=\"1200\" \/>\n\t<meta property=\"og:image:type\" content=\"image\/jpeg\" \/>\n<meta name=\"twitter:card\" content=\"summary_large_image\" \/>\n<meta name=\"twitter:label1\" content=\"Est. reading time\" \/>\n\t<meta name=\"twitter:data1\" content=\"1 minute\" \/>\n<script type=\"application\/ld+json\" class=\"yoast-schema-graph\">{\"@context\":\"https:\\\/\\\/schema.org\",\"@graph\":[{\"@type\":[\"WebPage\",\"ItemPage\"],\"@id\":\"https:\\\/\\\/bbqentertainment.com\\\/toode\\\/grillep-suuretukiline-grillsusi-tamm-fsc-100-6-kg-kott\\\/\",\"url\":\"https:\\\/\\\/bbqentertainment.com\\\/toode\\\/grillep-suuretukiline-grillsusi-tamm-fsc-100-6-kg-kott\\\/\",\"name\":\"GRILLEP suuret\u00fckiline grills\u00fcsi TAMM, FSC 100%, 6 kg kott - BBQ Entertainment\",\"isPartOf\":{\"@id\":\"https:\\\/\\\/bbqentertainment.com\\\/#website\"},\"primaryImageOfPage\":{\"@id\":\"https:\\\/\\\/bbqentertainment.com\\\/toode\\\/grillep-suuretukiline-grillsusi-tamm-fsc-100-6-kg-kott\\\/#primaryimage\"},\"image\":{\"@id\":\"https:\\\/\\\/bbqentertainment.com\\\/toode\\\/grillep-suuretukiline-grillsusi-tamm-fsc-100-6-kg-kott\\\/#primaryimage\"},\"thumbnailUrl\":\"https:\\\/\\\/bbqentertainment.com\\\/wp-content\\\/uploads\\\/2025\\\/04\\\/4745010675089-GRILLEP-suuretukiline-grillsusi-TAMM-FSC-100-6-kg-kott.jpg\",\"datePublished\":\"2025-04-16T11:05:51+00:00\",\"dateModified\":\"2026-03-24T14:08:11+00:00\",\"breadcrumb\":{\"@id\":\"https:\\\/\\\/bbqentertainment.com\\\/toode\\\/grillep-suuretukiline-grillsusi-tamm-fsc-100-6-kg-kott\\\/#breadcrumb\"},\"inLanguage\":\"en-US\",\"potentialAction\":[{\"@type\":\"ReadAction\",\"target\":[\"https:\\\/\\\/bbqentertainment.com\\\/toode\\\/grillep-suuretukiline-grillsusi-tamm-fsc-100-6-kg-kott\\\/\"]}]},{\"@type\":\"ImageObject\",\"inLanguage\":\"en-US\",\"@id\":\"https:\\\/\\\/bbqentertainment.com\\\/toode\\\/grillep-suuretukiline-grillsusi-tamm-fsc-100-6-kg-kott\\\/#primaryimage\",\"url\":\"https:\\\/\\\/bbqentertainment.com\\\/wp-content\\\/uploads\\\/2025\\\/04\\\/4745010675089-GRILLEP-suuretukiline-grillsusi-TAMM-FSC-100-6-kg-kott.jpg\",\"contentUrl\":\"https:\\\/\\\/bbqentertainment.com\\\/wp-content\\\/uploads\\\/2025\\\/04\\\/4745010675089-GRILLEP-suuretukiline-grillsusi-TAMM-FSC-100-6-kg-kott.jpg\",\"width\":1200,\"height\":1200},{\"@type\":\"BreadcrumbList\",\"@id\":\"https:\\\/\\\/bbqentertainment.com\\\/toode\\\/grillep-suuretukiline-grillsusi-tamm-fsc-100-6-kg-kott\\\/#breadcrumb\",\"itemListElement\":[{\"@type\":\"ListItem\",\"position\":1,\"name\":\"AVALEHT\",\"item\":\"https:\\\/\\\/bbqentertainment.com\\\/en\\\/\"},{\"@type\":\"ListItem\",\"position\":2,\"name\":\"Tooted\",\"item\":\"https:\\\/\\\/bbqentertainment.com\\\/tooted\\\/\"},{\"@type\":\"ListItem\",\"position\":3,\"name\":\"K\u00fcte\",\"item\":\"https:\\\/\\\/bbqentertainment.com\\\/tootekategooria\\\/grillsusi\\\/\"},{\"@type\":\"ListItem\",\"position\":4,\"name\":\"Grillep\",\"item\":\"https:\\\/\\\/bbqentertainment.com\\\/tootekategooria\\\/grillsusi\\\/grillep\\\/\"},{\"@type\":\"ListItem\",\"position\":5,\"name\":\"GRILLEP suuret\u00fckiline grills\u00fcsi TAMM, FSC 100%, 6 kg kott\"}]},{\"@type\":\"WebSite\",\"@id\":\"https:\\\/\\\/bbqentertainment.com\\\/#website\",\"url\":\"https:\\\/\\\/bbqentertainment.com\\\/\",\"name\":\"BBQ Entertainment\",\"description\":\"BBQ is a great lifestyle, not just fun!\",\"publisher\":{\"@id\":\"https:\\\/\\\/bbqentertainment.com\\\/#organization\"},\"potentialAction\":[{\"@type\":\"SearchAction\",\"target\":{\"@type\":\"EntryPoint\",\"urlTemplate\":\"https:\\\/\\\/bbqentertainment.com\\\/?s={search_term_string}\"},\"query-input\":{\"@type\":\"PropertyValueSpecification\",\"valueRequired\":true,\"valueName\":\"search_term_string\"}}],\"inLanguage\":\"en-US\"},{\"@type\":\"Organization\",\"@id\":\"https:\\\/\\\/bbqentertainment.com\\\/#organization\",\"name\":\"BBQ Entertainment O\u00dc\",\"url\":\"https:\\\/\\\/bbqentertainment.com\\\/\",\"logo\":{\"@type\":\"ImageObject\",\"inLanguage\":\"en-US\",\"@id\":\"https:\\\/\\\/bbqentertainment.com\\\/#\\\/schema\\\/logo\\\/image\\\/\",\"url\":\"https:\\\/\\\/bbqentertainment.com\\\/wp-content\\\/uploads\\\/2020\\\/04\\\/BBQ-Entertainment-N-Catering-Enn-Tobreluts-Logo.png\",\"contentUrl\":\"https:\\\/\\\/bbqentertainment.com\\\/wp-content\\\/uploads\\\/2020\\\/04\\\/BBQ-Entertainment-N-Catering-Enn-Tobreluts-Logo.png\",\"width\":628,\"height\":266,\"caption\":\"BBQ Entertainment O\u00dc\"},\"image\":{\"@id\":\"https:\\\/\\\/bbqentertainment.com\\\/#\\\/schema\\\/logo\\\/image\\\/\"},\"sameAs\":[\"https:\\\/\\\/www.facebook.com\\\/BBQ-Entertainment-N-Catering-2437913376443540\",\"https:\\\/\\\/www.instagram.com\\\/bbqentertainmentncatering\\\/\",\"https:\\\/\\\/www.youtube.com\\\/channel\\\/UCmpuANQVhLy2Md8nrenp2jA\"]}]}<\/script>\n<!-- \/ Yoast SEO plugin. -->","yoast_head_json":{"title":"GRILLEP suuret\u00fckiline grills\u00fcsi TAMM, FSC 100%, 6 kg kott - BBQ Entertainment","robots":{"index":"index","follow":"follow","max-snippet":"max-snippet:-1","max-image-preview":"max-image-preview:large","max-video-preview":"max-video-preview:-1"},"canonical":"https:\/\/bbqentertainment.com\/toode\/grillep-suuretukiline-grillsusi-tamm-fsc-100-6-kg-kott\/","og_locale":"en_US","og_type":"article","og_title":"GRILLEP suuret\u00fckiline grills\u00fcsi TAMM, FSC 100%, 6 kg kott - BBQ Entertainment","og_description":"GRILLEP suuret\u00fckiline grills\u00fcsi TAMM, FSC 100%, 6 kg kott   K\u00d5RGEM KUUMUS \u00a0\u2022 \u00a0ERITI PIKK H\u00d5\u00d5GUMISAEG \u00a0\u2022 \u00a0LISAAINETEVABA \u00a0\u2022 \u00a0ILMA K\u00d5RVALMAITSE JA -L\u00d5HNATA \u00a0\u2022 \u00a0NATURAALNE TAMM \u00a0\u2022 \u00a0J\u00c4TKUSUUTLIKEST METSADEST (FSC100%) \u00a0\u2022 \u00a0\u00dcHTLANE H\u00d5\u00d5GUMINE \u00a0\u2022 \u00a0SUURET\u00dcKILINE \u00a0\u2022 \u00a0RESTORANIKVALITEEDIGA \u00a0 Suuret\u00fckiline grills\u00fcsi GRILLEP TAMM 6 kg on ideaalne valik nii bbq-meistritele, cateringi-firmadele, restoranidele kui ka kodukasutajatele. GRILLEP grills\u00f6el on FSC100% sertifikaat grills\u00f6e tootegrupis, mis kinnitab, et grills\u00fcsi on toodetud puidust, mis on saadud j\u00e4tkusuutlikest h\u00e4stimajandatud metsadest (st see on m\u00e4rk vastutustundlikust metsandusest). Sobib ideaalselt nii v\u00e4iksematele kui suurematele grillidele. Tammepuu suitsul on keskmise kuni tugeva tugevusega julge ja maal\u00e4hedane maitse.  GRILLEP TAMM 6 kg h\u00f5\u00f5gub k\u00f5rgemal kuumusel ja kuni 2x kauem kui tavaline s\u00fcsi (\u00fcle 20 tunni keraamilisel grillil). Seega on s\u00f6ekulu v\u00e4iksem. Sobib ideaalselt slow&amp;low grillimiste jaoks ja ka liha suitsutamise jaoks. Ideaalse lahenduse saad ka kui segad omavahel Grillep lepapuu s\u00fctt (50L v\u00f5i 30L) ja Grillep tammepuu s\u00fctt.","og_url":"https:\/\/bbqentertainment.com\/toode\/grillep-suuretukiline-grillsusi-tamm-fsc-100-6-kg-kott\/","og_site_name":"BBQ Entertainment","article_publisher":"https:\/\/www.facebook.com\/BBQ-Entertainment-N-Catering-2437913376443540","article_modified_time":"2026-03-24T14:08:11+00:00","og_image":[{"width":1200,"height":1200,"url":"https:\/\/bbqentertainment.com\/wp-content\/uploads\/2025\/04\/4745010675089-GRILLEP-suuretukiline-grillsusi-TAMM-FSC-100-6-kg-kott.jpg","type":"image\/jpeg"}],"twitter_card":"summary_large_image","twitter_misc":{"Est. reading time":"1 minute"},"schema":{"@context":"https:\/\/schema.org","@graph":[{"@type":["WebPage","ItemPage"],"@id":"https:\/\/bbqentertainment.com\/toode\/grillep-suuretukiline-grillsusi-tamm-fsc-100-6-kg-kott\/","url":"https:\/\/bbqentertainment.com\/toode\/grillep-suuretukiline-grillsusi-tamm-fsc-100-6-kg-kott\/","name":"GRILLEP suuret\u00fckiline grills\u00fcsi TAMM, FSC 100%, 6 kg kott - BBQ Entertainment","isPartOf":{"@id":"https:\/\/bbqentertainment.com\/#website"},"primaryImageOfPage":{"@id":"https:\/\/bbqentertainment.com\/toode\/grillep-suuretukiline-grillsusi-tamm-fsc-100-6-kg-kott\/#primaryimage"},"image":{"@id":"https:\/\/bbqentertainment.com\/toode\/grillep-suuretukiline-grillsusi-tamm-fsc-100-6-kg-kott\/#primaryimage"},"thumbnailUrl":"https:\/\/bbqentertainment.com\/wp-content\/uploads\/2025\/04\/4745010675089-GRILLEP-suuretukiline-grillsusi-TAMM-FSC-100-6-kg-kott.jpg","datePublished":"2025-04-16T11:05:51+00:00","dateModified":"2026-03-24T14:08:11+00:00","breadcrumb":{"@id":"https:\/\/bbqentertainment.com\/toode\/grillep-suuretukiline-grillsusi-tamm-fsc-100-6-kg-kott\/#breadcrumb"},"inLanguage":"en-US","potentialAction":[{"@type":"ReadAction","target":["https:\/\/bbqentertainment.com\/toode\/grillep-suuretukiline-grillsusi-tamm-fsc-100-6-kg-kott\/"]}]},{"@type":"ImageObject","inLanguage":"en-US","@id":"https:\/\/bbqentertainment.com\/toode\/grillep-suuretukiline-grillsusi-tamm-fsc-100-6-kg-kott\/#primaryimage","url":"https:\/\/bbqentertainment.com\/wp-content\/uploads\/2025\/04\/4745010675089-GRILLEP-suuretukiline-grillsusi-TAMM-FSC-100-6-kg-kott.jpg","contentUrl":"https:\/\/bbqentertainment.com\/wp-content\/uploads\/2025\/04\/4745010675089-GRILLEP-suuretukiline-grillsusi-TAMM-FSC-100-6-kg-kott.jpg","width":1200,"height":1200},{"@type":"BreadcrumbList","@id":"https:\/\/bbqentertainment.com\/toode\/grillep-suuretukiline-grillsusi-tamm-fsc-100-6-kg-kott\/#breadcrumb","itemListElement":[{"@type":"ListItem","position":1,"name":"AVALEHT","item":"https:\/\/bbqentertainment.com\/en\/"},{"@type":"ListItem","position":2,"name":"Tooted","item":"https:\/\/bbqentertainment.com\/tooted\/"},{"@type":"ListItem","position":3,"name":"K\u00fcte","item":"https:\/\/bbqentertainment.com\/tootekategooria\/grillsusi\/"},{"@type":"ListItem","position":4,"name":"Grillep","item":"https:\/\/bbqentertainment.com\/tootekategooria\/grillsusi\/grillep\/"},{"@type":"ListItem","position":5,"name":"GRILLEP suuret\u00fckiline grills\u00fcsi TAMM, FSC 100%, 6 kg kott"}]},{"@type":"WebSite","@id":"https:\/\/bbqentertainment.com\/#website","url":"https:\/\/bbqentertainment.com\/","name":"BBQ Entertainment","description":"BBQ is a great lifestyle, not just fun!","publisher":{"@id":"https:\/\/bbqentertainment.com\/#organization"},"potentialAction":[{"@type":"SearchAction","target":{"@type":"EntryPoint","urlTemplate":"https:\/\/bbqentertainment.com\/?s={search_term_string}"},"query-input":{"@type":"PropertyValueSpecification","valueRequired":true,"valueName":"search_term_string"}}],"inLanguage":"en-US"},{"@type":"Organization","@id":"https:\/\/bbqentertainment.com\/#organization","name":"BBQ Entertainment O\u00dc","url":"https:\/\/bbqentertainment.com\/","logo":{"@type":"ImageObject","inLanguage":"en-US","@id":"https:\/\/bbqentertainment.com\/#\/schema\/logo\/image\/","url":"https:\/\/bbqentertainment.com\/wp-content\/uploads\/2020\/04\/BBQ-Entertainment-N-Catering-Enn-Tobreluts-Logo.png","contentUrl":"https:\/\/bbqentertainment.com\/wp-content\/uploads\/2020\/04\/BBQ-Entertainment-N-Catering-Enn-Tobreluts-Logo.png","width":628,"height":266,"caption":"BBQ Entertainment O\u00dc"},"image":{"@id":"https:\/\/bbqentertainment.com\/#\/schema\/logo\/image\/"},"sameAs":["https:\/\/www.facebook.com\/BBQ-Entertainment-N-Catering-2437913376443540","https:\/\/www.instagram.com\/bbqentertainmentncatering\/","https:\/\/www.youtube.com\/channel\/UCmpuANQVhLy2Md8nrenp2jA"]}]}},"_links":{"self":[{"href":"https:\/\/bbqentertainment.com\/en\/wp-json\/wp\/v2\/product\/251568","targetHints":{"allow":["GET"]}}],"collection":[{"href":"https:\/\/bbqentertainment.com\/en\/wp-json\/wp\/v2\/product"}],"about":[{"href":"https:\/\/bbqentertainment.com\/en\/wp-json\/wp\/v2\/types\/product"}],"wp:featuredmedia":[{"embeddable":true,"href":"https:\/\/bbqentertainment.com\/en\/wp-json\/wp\/v2\/media\/251569"}],"wp:attachment":[{"href":"https:\/\/bbqentertainment.com\/en\/wp-json\/wp\/v2\/media?parent=251568"}],"wp:term":[{"taxonomy":"product_brand","embeddable":true,"href":"https:\/\/bbqentertainment.com\/en\/wp-json\/wp\/v2\/product_brand?post=251568"},{"taxonomy":"product_cat","embeddable":true,"href":"https:\/\/bbqentertainment.com\/en\/wp-json\/wp\/v2\/product_cat?post=251568"},{"taxonomy":"product_tag","embeddable":true,"href":"https:\/\/bbqentertainment.com\/en\/wp-json\/wp\/v2\/product_tag?post=251568"}],"curies":[{"name":"wp","href":"https:\/\/api.w.org\/{rel}","templated":true}]}}