{"id":251738,"date":"2025-04-20T15:10:50","date_gmt":"2025-04-20T12:10:50","guid":{"rendered":"https:\/\/bbqentertainment.com\/?post_type=product&#038;p=251738"},"modified":"2026-04-06T12:26:39","modified_gmt":"2026-04-06T09:26:39","slug":"napoleon-oasis-ouemoobli-kapimoodul-sisseehitatud-700-seeria-38-tollistele-grillidele","status":"publish","type":"product","link":"https:\/\/bbqentertainment.com\/en\/toode\/napoleon-oasis-ouemoobli-kapimoodul-sisseehitatud-700-seeria-38-tollistele-grillidele\/","title":{"rendered":"Napoleon OASIS\u2122 v\u00e4lim\u00f6\u00f6bli kapimoodul sisseehitatud 700-seeria 38-tollistele grillidele"},"content":{"rendered":"<h3 data-start=\"232\" data-end=\"313\"><strong>Napoleon OASIS\u2122 v\u00e4lik\u00f6\u00f6gi m\u00f6\u00f6bel \u2013 funktsionaalne ja ilmastikukindel lahendus<\/strong><\/h3>\n<p class=\"\" data-start=\"315\" data-end=\"939\">Napoleon OASIS\u2122 v\u00e4lim\u00f6\u00f6bel on loodud vastupidava ja h\u00e4sti organiseeritud v\u00e4lik\u00f6\u00f6gi rajamiseks. Moodulite standardne m\u00f5\u00f5dus\u00fcsteem v\u00f5imaldab kombineerida erinevaid kappe, sahtlibokse, nurgamooduleid ja grillikorpuseid vastavalt sinu v\u00e4liruumi ja toiduvalmistamise harjumustele. K\u00f5ik elemendid on valmistatud pulberv\u00e4rvitud galvaniseeritud terasest, roostevabast terasest detailidega ning sobivad aastaringseks kasutamiseks v\u00e4listingimustes. T\u00e4nu reguleeritavatele jalgadele on paigaldus lihtne ka ebatasasel pinnal. OASIS moodulid tarnitakse kokkupanduna ja \u00fchildatakse lihtsalt Napoleon sisseehitatud grillide ja tarvikutega.<\/p>\n<h4 data-start=\"941\" data-end=\"1335\"><strong>Funktsioonid, mis toetavad igap\u00e4evakasutust<\/strong><\/h4>\n<p data-start=\"941\" data-end=\"1335\">\u2022 Pulberv\u00e4rvitud galvaniseeritud teras ja roostevabast terasest viimistlus<br data-start=\"1030\" data-end=\"1033\" \/>\u2022 Ilmastikukindel v\u00e4lim\u00f6\u00f6bel \u2013 sobib kasutamiseks igal aastaajal<br data-start=\"1097\" data-end=\"1100\" \/>\u2022 Modulaarne s\u00fcsteem v\u00f5imaldab kombineerida erinevaid mooduleid<br data-start=\"1163\" data-end=\"1166\" \/>\u2022 Reguleeritavad jalad stabiilseks paigaldamiseks<br data-start=\"1215\" data-end=\"1218\" \/>\u2022 Tarnitakse kokkupanduna \u2013 ei vaja monteerimist<\/p>\n","protected":false},"excerpt":{"rendered":"<h3 data-start=\"113\" data-end=\"217\"><strong>Napoleon OASIS\u2122 v\u00e4lim\u00f6\u00f6bli kapimoodul sisseehitatud 700-seeria 38-tollistele grillidele<\/strong><\/h3>\n<p class=\"\" data-start=\"175\" data-end=\"493\">Kahe sahtliga ruumikas kapimoodul Napoleon 700-seeria BIG38 sisseehitatud grillile.<\/p>\n<p class=\"\" data-start=\"495\" data-end=\"653\"><strong data-start=\"495\" data-end=\"507\">M\u00f5\u00f5tmed:<\/strong> (K \u00d7 L \u00d7 S): 90 \u00d7 103,5 \u00d7 61 cm<br data-start=\"539\" data-end=\"542\" \/><br data-start=\"557\" data-end=\"560\" \/><\/p>\n","protected":false},"featured_media":251735,"template":"","meta":{"inline_featured_image":false},"product_brand":[],"product_cat":[92,562,236],"product_tag":[],"class_list":{"0":"post-251738","1":"product","2":"type-product","3":"status-publish","4":"has-post-thumbnail","6":"product_cat-lisatarvikud","7":"product_cat-lisatarvikud-napoleon","8":"product_cat-grillilauad","9":"product_shipping_class-ainult-ise-jarele-tulemisega","11":"first","12":"instock","13":"sale","14":"taxable","15":"shipping-taxable","16":"purchasable","17":"product-type-simple"},"yoast_head":"<!-- This site is optimized with the Yoast SEO plugin v27.4 - https:\/\/yoast.com\/product\/yoast-seo-wordpress\/ -->\n<title>Napoleon OASIS\u2122 v\u00e4lim\u00f6\u00f6bli kapimoodul sisseehitatud 700-seeria 38-tollistele grillidele - BBQ Entertainment<\/title>\n<meta name=\"description\" content=\"Napoleon OASIS v\u00e4lim\u00f6\u00f6bel loob vastupidava ja stiilse v\u00e4lik\u00f6\u00f6gi. Kombineeri mooduleid ja kujunda funktsionaalne grilliala oma aeda.\" \/>\n<meta name=\"robots\" content=\"index, follow, max-snippet:-1, max-image-preview:large, max-video-preview:-1\" \/>\n<link rel=\"canonical\" href=\"https:\/\/bbqentertainment.com\/toode\/napoleon-oasis-ouemoobli-kapimoodul-sisseehitatud-700-seeria-38-tollistele-grillidele\/\" \/>\n<meta property=\"og:locale\" content=\"en_US\" \/>\n<meta property=\"og:type\" content=\"article\" \/>\n<meta property=\"og:title\" content=\"Napoleon OASIS\u2122 v\u00e4lim\u00f6\u00f6bli kapimoodul sisseehitatud 700-seeria 38-tollistele grillidele - BBQ Entertainment\" \/>\n<meta property=\"og:description\" content=\"Napoleon OASIS v\u00e4lim\u00f6\u00f6bel loob vastupidava ja stiilse v\u00e4lik\u00f6\u00f6gi. Kombineeri mooduleid ja kujunda funktsionaalne grilliala oma aeda.\" \/>\n<meta property=\"og:url\" content=\"https:\/\/bbqentertainment.com\/toode\/napoleon-oasis-ouemoobli-kapimoodul-sisseehitatud-700-seeria-38-tollistele-grillidele\/\" \/>\n<meta property=\"og:site_name\" content=\"BBQ Entertainment\" \/>\n<meta property=\"article:publisher\" content=\"https:\/\/www.facebook.com\/BBQ-Entertainment-N-Catering-2437913376443540\" \/>\n<meta property=\"article:modified_time\" content=\"2026-04-06T09:26:39+00:00\" \/>\n<meta property=\"og:image\" content=\"https:\/\/bbqentertainment.com\/wp-content\/uploads\/2025\/04\/im-ugc32-cn-a-03-21.jpg\" \/>\n\t<meta property=\"og:image:width\" content=\"700\" \/>\n\t<meta property=\"og:image:height\" content=\"700\" \/>\n\t<meta property=\"og:image:type\" content=\"image\/jpeg\" \/>\n<meta name=\"twitter:card\" content=\"summary_large_image\" \/>\n<meta name=\"twitter:label1\" content=\"Est. reading time\" \/>\n\t<meta name=\"twitter:data1\" content=\"1 minute\" \/>\n<script type=\"application\/ld+json\" class=\"yoast-schema-graph\">{\"@context\":\"https:\\\/\\\/schema.org\",\"@graph\":[{\"@type\":[\"WebPage\",\"ItemPage\"],\"@id\":\"https:\\\/\\\/bbqentertainment.com\\\/toode\\\/napoleon-oasis-ouemoobli-kapimoodul-sisseehitatud-700-seeria-38-tollistele-grillidele\\\/\",\"url\":\"https:\\\/\\\/bbqentertainment.com\\\/toode\\\/napoleon-oasis-ouemoobli-kapimoodul-sisseehitatud-700-seeria-38-tollistele-grillidele\\\/\",\"name\":\"Napoleon OASIS\u2122 v\u00e4lim\u00f6\u00f6bli kapimoodul sisseehitatud 700-seeria 38-tollistele grillidele - BBQ Entertainment\",\"isPartOf\":{\"@id\":\"https:\\\/\\\/bbqentertainment.com\\\/#website\"},\"primaryImageOfPage\":{\"@id\":\"https:\\\/\\\/bbqentertainment.com\\\/toode\\\/napoleon-oasis-ouemoobli-kapimoodul-sisseehitatud-700-seeria-38-tollistele-grillidele\\\/#primaryimage\"},\"image\":{\"@id\":\"https:\\\/\\\/bbqentertainment.com\\\/toode\\\/napoleon-oasis-ouemoobli-kapimoodul-sisseehitatud-700-seeria-38-tollistele-grillidele\\\/#primaryimage\"},\"thumbnailUrl\":\"https:\\\/\\\/bbqentertainment.com\\\/wp-content\\\/uploads\\\/2025\\\/04\\\/im-ugc32-cn-a-03-21.jpg\",\"datePublished\":\"2025-04-20T12:10:50+00:00\",\"dateModified\":\"2026-04-06T09:26:39+00:00\",\"description\":\"Napoleon OASIS v\u00e4lim\u00f6\u00f6bel loob vastupidava ja stiilse v\u00e4lik\u00f6\u00f6gi. Kombineeri mooduleid ja kujunda funktsionaalne grilliala oma aeda.\",\"breadcrumb\":{\"@id\":\"https:\\\/\\\/bbqentertainment.com\\\/toode\\\/napoleon-oasis-ouemoobli-kapimoodul-sisseehitatud-700-seeria-38-tollistele-grillidele\\\/#breadcrumb\"},\"inLanguage\":\"en-US\",\"potentialAction\":[{\"@type\":\"ReadAction\",\"target\":[\"https:\\\/\\\/bbqentertainment.com\\\/toode\\\/napoleon-oasis-ouemoobli-kapimoodul-sisseehitatud-700-seeria-38-tollistele-grillidele\\\/\"]}]},{\"@type\":\"ImageObject\",\"inLanguage\":\"en-US\",\"@id\":\"https:\\\/\\\/bbqentertainment.com\\\/toode\\\/napoleon-oasis-ouemoobli-kapimoodul-sisseehitatud-700-seeria-38-tollistele-grillidele\\\/#primaryimage\",\"url\":\"https:\\\/\\\/bbqentertainment.com\\\/wp-content\\\/uploads\\\/2025\\\/04\\\/im-ugc32-cn-a-03-21.jpg\",\"contentUrl\":\"https:\\\/\\\/bbqentertainment.com\\\/wp-content\\\/uploads\\\/2025\\\/04\\\/im-ugc32-cn-a-03-21.jpg\",\"width\":700,\"height\":700,\"caption\":\"Napoleon roostevabast terasest pulberv\u00e4rvitud v\u00e4lim\u00f6\u00f6bli kapimoodul\"},{\"@type\":\"BreadcrumbList\",\"@id\":\"https:\\\/\\\/bbqentertainment.com\\\/toode\\\/napoleon-oasis-ouemoobli-kapimoodul-sisseehitatud-700-seeria-38-tollistele-grillidele\\\/#breadcrumb\",\"itemListElement\":[{\"@type\":\"ListItem\",\"position\":1,\"name\":\"AVALEHT\",\"item\":\"https:\\\/\\\/bbqentertainment.com\\\/en\\\/\"},{\"@type\":\"ListItem\",\"position\":2,\"name\":\"Tooted\",\"item\":\"https:\\\/\\\/bbqentertainment.com\\\/tooted\\\/\"},{\"@type\":\"ListItem\",\"position\":3,\"name\":\"Lisatarvikud\",\"item\":\"https:\\\/\\\/bbqentertainment.com\\\/tootekategooria\\\/lisatarvikud\\\/\"},{\"@type\":\"ListItem\",\"position\":4,\"name\":\"Napoleon OASIS\u2122 v\u00e4lim\u00f6\u00f6bli kapimoodul sisseehitatud 700-seeria 38-tollistele grillidele\"}]},{\"@type\":\"WebSite\",\"@id\":\"https:\\\/\\\/bbqentertainment.com\\\/#website\",\"url\":\"https:\\\/\\\/bbqentertainment.com\\\/\",\"name\":\"BBQ Entertainment\",\"description\":\"BBQ is a great lifestyle, not just fun!\",\"publisher\":{\"@id\":\"https:\\\/\\\/bbqentertainment.com\\\/#organization\"},\"potentialAction\":[{\"@type\":\"SearchAction\",\"target\":{\"@type\":\"EntryPoint\",\"urlTemplate\":\"https:\\\/\\\/bbqentertainment.com\\\/?s={search_term_string}\"},\"query-input\":{\"@type\":\"PropertyValueSpecification\",\"valueRequired\":true,\"valueName\":\"search_term_string\"}}],\"inLanguage\":\"en-US\"},{\"@type\":\"Organization\",\"@id\":\"https:\\\/\\\/bbqentertainment.com\\\/#organization\",\"name\":\"BBQ Entertainment O\u00dc\",\"url\":\"https:\\\/\\\/bbqentertainment.com\\\/\",\"logo\":{\"@type\":\"ImageObject\",\"inLanguage\":\"en-US\",\"@id\":\"https:\\\/\\\/bbqentertainment.com\\\/#\\\/schema\\\/logo\\\/image\\\/\",\"url\":\"https:\\\/\\\/bbqentertainment.com\\\/wp-content\\\/uploads\\\/2020\\\/04\\\/BBQ-Entertainment-N-Catering-Enn-Tobreluts-Logo.png\",\"contentUrl\":\"https:\\\/\\\/bbqentertainment.com\\\/wp-content\\\/uploads\\\/2020\\\/04\\\/BBQ-Entertainment-N-Catering-Enn-Tobreluts-Logo.png\",\"width\":628,\"height\":266,\"caption\":\"BBQ Entertainment O\u00dc\"},\"image\":{\"@id\":\"https:\\\/\\\/bbqentertainment.com\\\/#\\\/schema\\\/logo\\\/image\\\/\"},\"sameAs\":[\"https:\\\/\\\/www.facebook.com\\\/BBQ-Entertainment-N-Catering-2437913376443540\",\"https:\\\/\\\/www.instagram.com\\\/bbqentertainmentncatering\\\/\",\"https:\\\/\\\/www.youtube.com\\\/channel\\\/UCmpuANQVhLy2Md8nrenp2jA\"]}]}<\/script>\n<!-- \/ Yoast SEO plugin. -->","yoast_head_json":{"title":"Napoleon OASIS\u2122 v\u00e4lim\u00f6\u00f6bli kapimoodul sisseehitatud 700-seeria 38-tollistele grillidele - BBQ Entertainment","description":"Napoleon OASIS v\u00e4lim\u00f6\u00f6bel loob vastupidava ja stiilse v\u00e4lik\u00f6\u00f6gi. Kombineeri mooduleid ja kujunda funktsionaalne grilliala oma aeda.","robots":{"index":"index","follow":"follow","max-snippet":"max-snippet:-1","max-image-preview":"max-image-preview:large","max-video-preview":"max-video-preview:-1"},"canonical":"https:\/\/bbqentertainment.com\/toode\/napoleon-oasis-ouemoobli-kapimoodul-sisseehitatud-700-seeria-38-tollistele-grillidele\/","og_locale":"en_US","og_type":"article","og_title":"Napoleon OASIS\u2122 v\u00e4lim\u00f6\u00f6bli kapimoodul sisseehitatud 700-seeria 38-tollistele grillidele - BBQ Entertainment","og_description":"Napoleon OASIS v\u00e4lim\u00f6\u00f6bel loob vastupidava ja stiilse v\u00e4lik\u00f6\u00f6gi. Kombineeri mooduleid ja kujunda funktsionaalne grilliala oma aeda.","og_url":"https:\/\/bbqentertainment.com\/toode\/napoleon-oasis-ouemoobli-kapimoodul-sisseehitatud-700-seeria-38-tollistele-grillidele\/","og_site_name":"BBQ Entertainment","article_publisher":"https:\/\/www.facebook.com\/BBQ-Entertainment-N-Catering-2437913376443540","article_modified_time":"2026-04-06T09:26:39+00:00","og_image":[{"width":700,"height":700,"url":"https:\/\/bbqentertainment.com\/wp-content\/uploads\/2025\/04\/im-ugc32-cn-a-03-21.jpg","type":"image\/jpeg"}],"twitter_card":"summary_large_image","twitter_misc":{"Est. reading time":"1 minute"},"schema":{"@context":"https:\/\/schema.org","@graph":[{"@type":["WebPage","ItemPage"],"@id":"https:\/\/bbqentertainment.com\/toode\/napoleon-oasis-ouemoobli-kapimoodul-sisseehitatud-700-seeria-38-tollistele-grillidele\/","url":"https:\/\/bbqentertainment.com\/toode\/napoleon-oasis-ouemoobli-kapimoodul-sisseehitatud-700-seeria-38-tollistele-grillidele\/","name":"Napoleon OASIS\u2122 v\u00e4lim\u00f6\u00f6bli kapimoodul sisseehitatud 700-seeria 38-tollistele grillidele - BBQ Entertainment","isPartOf":{"@id":"https:\/\/bbqentertainment.com\/#website"},"primaryImageOfPage":{"@id":"https:\/\/bbqentertainment.com\/toode\/napoleon-oasis-ouemoobli-kapimoodul-sisseehitatud-700-seeria-38-tollistele-grillidele\/#primaryimage"},"image":{"@id":"https:\/\/bbqentertainment.com\/toode\/napoleon-oasis-ouemoobli-kapimoodul-sisseehitatud-700-seeria-38-tollistele-grillidele\/#primaryimage"},"thumbnailUrl":"https:\/\/bbqentertainment.com\/wp-content\/uploads\/2025\/04\/im-ugc32-cn-a-03-21.jpg","datePublished":"2025-04-20T12:10:50+00:00","dateModified":"2026-04-06T09:26:39+00:00","description":"Napoleon OASIS v\u00e4lim\u00f6\u00f6bel loob vastupidava ja stiilse v\u00e4lik\u00f6\u00f6gi. Kombineeri mooduleid ja kujunda funktsionaalne grilliala oma aeda.","breadcrumb":{"@id":"https:\/\/bbqentertainment.com\/toode\/napoleon-oasis-ouemoobli-kapimoodul-sisseehitatud-700-seeria-38-tollistele-grillidele\/#breadcrumb"},"inLanguage":"en-US","potentialAction":[{"@type":"ReadAction","target":["https:\/\/bbqentertainment.com\/toode\/napoleon-oasis-ouemoobli-kapimoodul-sisseehitatud-700-seeria-38-tollistele-grillidele\/"]}]},{"@type":"ImageObject","inLanguage":"en-US","@id":"https:\/\/bbqentertainment.com\/toode\/napoleon-oasis-ouemoobli-kapimoodul-sisseehitatud-700-seeria-38-tollistele-grillidele\/#primaryimage","url":"https:\/\/bbqentertainment.com\/wp-content\/uploads\/2025\/04\/im-ugc32-cn-a-03-21.jpg","contentUrl":"https:\/\/bbqentertainment.com\/wp-content\/uploads\/2025\/04\/im-ugc32-cn-a-03-21.jpg","width":700,"height":700,"caption":"Napoleon roostevabast terasest pulberv\u00e4rvitud v\u00e4lim\u00f6\u00f6bli kapimoodul"},{"@type":"BreadcrumbList","@id":"https:\/\/bbqentertainment.com\/toode\/napoleon-oasis-ouemoobli-kapimoodul-sisseehitatud-700-seeria-38-tollistele-grillidele\/#breadcrumb","itemListElement":[{"@type":"ListItem","position":1,"name":"AVALEHT","item":"https:\/\/bbqentertainment.com\/en\/"},{"@type":"ListItem","position":2,"name":"Tooted","item":"https:\/\/bbqentertainment.com\/tooted\/"},{"@type":"ListItem","position":3,"name":"Lisatarvikud","item":"https:\/\/bbqentertainment.com\/tootekategooria\/lisatarvikud\/"},{"@type":"ListItem","position":4,"name":"Napoleon OASIS\u2122 v\u00e4lim\u00f6\u00f6bli kapimoodul sisseehitatud 700-seeria 38-tollistele grillidele"}]},{"@type":"WebSite","@id":"https:\/\/bbqentertainment.com\/#website","url":"https:\/\/bbqentertainment.com\/","name":"BBQ Entertainment","description":"BBQ is a great lifestyle, not just fun!","publisher":{"@id":"https:\/\/bbqentertainment.com\/#organization"},"potentialAction":[{"@type":"SearchAction","target":{"@type":"EntryPoint","urlTemplate":"https:\/\/bbqentertainment.com\/?s={search_term_string}"},"query-input":{"@type":"PropertyValueSpecification","valueRequired":true,"valueName":"search_term_string"}}],"inLanguage":"en-US"},{"@type":"Organization","@id":"https:\/\/bbqentertainment.com\/#organization","name":"BBQ Entertainment O\u00dc","url":"https:\/\/bbqentertainment.com\/","logo":{"@type":"ImageObject","inLanguage":"en-US","@id":"https:\/\/bbqentertainment.com\/#\/schema\/logo\/image\/","url":"https:\/\/bbqentertainment.com\/wp-content\/uploads\/2020\/04\/BBQ-Entertainment-N-Catering-Enn-Tobreluts-Logo.png","contentUrl":"https:\/\/bbqentertainment.com\/wp-content\/uploads\/2020\/04\/BBQ-Entertainment-N-Catering-Enn-Tobreluts-Logo.png","width":628,"height":266,"caption":"BBQ Entertainment O\u00dc"},"image":{"@id":"https:\/\/bbqentertainment.com\/#\/schema\/logo\/image\/"},"sameAs":["https:\/\/www.facebook.com\/BBQ-Entertainment-N-Catering-2437913376443540","https:\/\/www.instagram.com\/bbqentertainmentncatering\/","https:\/\/www.youtube.com\/channel\/UCmpuANQVhLy2Md8nrenp2jA"]}]}},"_links":{"self":[{"href":"https:\/\/bbqentertainment.com\/en\/wp-json\/wp\/v2\/product\/251738","targetHints":{"allow":["GET"]}}],"collection":[{"href":"https:\/\/bbqentertainment.com\/en\/wp-json\/wp\/v2\/product"}],"about":[{"href":"https:\/\/bbqentertainment.com\/en\/wp-json\/wp\/v2\/types\/product"}],"wp:featuredmedia":[{"embeddable":true,"href":"https:\/\/bbqentertainment.com\/en\/wp-json\/wp\/v2\/media\/251735"}],"wp:attachment":[{"href":"https:\/\/bbqentertainment.com\/en\/wp-json\/wp\/v2\/media?parent=251738"}],"wp:term":[{"taxonomy":"product_brand","embeddable":true,"href":"https:\/\/bbqentertainment.com\/en\/wp-json\/wp\/v2\/product_brand?post=251738"},{"taxonomy":"product_cat","embeddable":true,"href":"https:\/\/bbqentertainment.com\/en\/wp-json\/wp\/v2\/product_cat?post=251738"},{"taxonomy":"product_tag","embeddable":true,"href":"https:\/\/bbqentertainment.com\/en\/wp-json\/wp\/v2\/product_tag?post=251738"}],"curies":[{"name":"wp","href":"https:\/\/api.w.org\/{rel}","templated":true}]}}