{"id":251753,"date":"2025-04-20T16:53:50","date_gmt":"2025-04-20T13:53:50","guid":{"rendered":"https:\/\/bbqentertainment.com\/?post_type=product&#038;p=251753"},"modified":"2026-04-06T12:26:39","modified_gmt":"2026-04-06T09:26:39","slug":"napoloen-mini-mangugrill-lastele","status":"publish","type":"product","link":"https:\/\/bbqentertainment.com\/en\/toode\/napoloen-mini-mangugrill-lastele\/","title":{"rendered":"Napoleon Mini BBQ m\u00e4ngugrill lastele"},"content":{"rendered":"","protected":false},"excerpt":{"rendered":"<h3><strong>Napoleon Mini BBQ m\u00e4ngugrill lastele \u2013 puidust m\u00e4nguasi tarvikutega<\/strong><\/h3>\n<p class=\"\" data-start=\"219\" data-end=\"576\">Napoleon Rogue\u00ae SE 425 Mini BBQ on m\u00e4ngugrill v\u00e4ikestele grillihuvilistele, kes soovivad matkida p\u00e4ris grillimist. Sobib lastele alates 3. eluaastast, on see valmistatud vastupidavast puidust ja viimistletud m\u00e4nguasjadele ohutu v\u00e4rviga. Kaasasolevad grillitarvikud v\u00f5imaldavad kohe m\u00e4nguga alustada, k\u00f5ik lisad saab hoiustada kapis grilli all.<\/p>\n<p class=\"\" data-start=\"578\" data-end=\"958\"><strong data-start=\"578\" data-end=\"590\">Omadused<\/strong><br data-start=\"590\" data-end=\"593\" \/>\u2022 Valmistatud 100% puidust, kaetud m\u00e4nguasjadele ohutu v\u00e4rviga<br data-start=\"655\" data-end=\"658\" \/>\u2022 Sobib lastele alates 3. eluaastast<br data-start=\"694\" data-end=\"697\" \/>\u2022 Kolm p\u00f6\u00f6ratavat juhtnuppu<br data-start=\"724\" data-end=\"727\" \/>\u2022 \u201eSizzle Zone\u201c k\u00fclgp\u00f5leti ja tagap\u00f5leti (dekoratiivne)<br data-start=\"782\" data-end=\"785\" \/>\u2022 Kahepoolsed puidust grillrestid<br data-start=\"818\" data-end=\"821\" \/>\u2022 Kokkupandavad k\u00fcljelauad<br data-start=\"847\" data-end=\"850\" \/>\u2022 Alumine kapiosa hoiustamiseks<br data-start=\"881\" data-end=\"884\" \/>\u2022 Komplektis: varras (k\u00f6\u00f6givili, kala, liha), spaatel ja t\u00f6\u00f6riistakomplekt<\/p>\n<p data-start=\"578\" data-end=\"958\"><strong data-start=\"50\" data-end=\"62\">M\u00f5\u00f5tmed:<\/strong> (K \u00d7 L \u00d7 S): 70,7 \u00d7 72,5 \u00d7 34,8 cm<\/p>\n","protected":false},"featured_media":251756,"template":"","meta":{"inline_featured_image":false},"product_brand":[],"product_cat":[17,561,178],"product_tag":[],"class_list":{"0":"post-251753","1":"product","2":"type-product","3":"status-publish","4":"has-post-thumbnail","6":"product_cat-grillid-ja-ahjud","7":"product_cat-napoleon-gaasigrillid","8":"product_cat-muud-tooted","9":"product_shipping_class-ainult-ise-jarele-tulemisega","11":"first","12":"instock","13":"taxable","14":"shipping-taxable","15":"purchasable","16":"product-type-simple"},"yoast_head":"<!-- This site is optimized with the Yoast SEO plugin v27.2 - https:\/\/yoast.com\/product\/yoast-seo-wordpress\/ -->\n<title>Napoleon Mini BBQ m\u00e4ngugrill lastele - BBQ Entertainment<\/title>\n<meta name=\"description\" content=\"Napoleon m\u00e4ngugrill lastele alates 3. eluaastast. Puidust konstruktsioon, tarvikud kaasas. Ideaalne rollim\u00e4nguks v\u00e4ikestele grillis\u00f5pradele.\" \/>\n<meta name=\"robots\" content=\"index, follow, max-snippet:-1, max-image-preview:large, max-video-preview:-1\" \/>\n<link rel=\"canonical\" href=\"https:\/\/bbqentertainment.com\/toode\/napoloen-mini-mangugrill-lastele\/\" \/>\n<meta property=\"og:locale\" content=\"en_US\" \/>\n<meta property=\"og:type\" content=\"article\" \/>\n<meta property=\"og:title\" content=\"Napoleon Mini BBQ m\u00e4ngugrill lastele - BBQ Entertainment\" \/>\n<meta property=\"og:description\" content=\"Napoleon m\u00e4ngugrill lastele alates 3. eluaastast. Puidust konstruktsioon, tarvikud kaasas. Ideaalne rollim\u00e4nguks v\u00e4ikestele grillis\u00f5pradele.\" \/>\n<meta property=\"og:url\" content=\"https:\/\/bbqentertainment.com\/toode\/napoloen-mini-mangugrill-lastele\/\" \/>\n<meta property=\"og:site_name\" content=\"BBQ Entertainment\" \/>\n<meta property=\"article:publisher\" content=\"https:\/\/www.facebook.com\/BBQ-Entertainment-N-Catering-2437913376443540\" \/>\n<meta property=\"article:modified_time\" content=\"2026-04-06T09:26:39+00:00\" \/>\n<meta property=\"og:image\" content=\"https:\/\/bbqentertainment.com\/wp-content\/uploads\/2025\/04\/c433cef3a57a7fb7a40014d1617e23c8.jpg\" \/>\n\t<meta property=\"og:image:width\" content=\"547\" \/>\n\t<meta property=\"og:image:height\" content=\"418\" \/>\n\t<meta property=\"og:image:type\" content=\"image\/jpeg\" \/>\n<meta name=\"twitter:card\" content=\"summary_large_image\" \/>\n<meta name=\"twitter:label1\" content=\"Est. reading time\" \/>\n\t<meta name=\"twitter:data1\" content=\"1 minute\" \/>\n<script type=\"application\/ld+json\" class=\"yoast-schema-graph\">{\"@context\":\"https:\/\/schema.org\",\"@graph\":[{\"@type\":[\"WebPage\",\"ItemPage\"],\"@id\":\"https:\/\/bbqentertainment.com\/toode\/napoloen-mini-mangugrill-lastele\/\",\"url\":\"https:\/\/bbqentertainment.com\/toode\/napoloen-mini-mangugrill-lastele\/\",\"name\":\"Napoleon Mini BBQ m\u00e4ngugrill lastele - BBQ Entertainment\",\"isPartOf\":{\"@id\":\"https:\/\/bbqentertainment.com\/#website\"},\"primaryImageOfPage\":{\"@id\":\"https:\/\/bbqentertainment.com\/toode\/napoloen-mini-mangugrill-lastele\/#primaryimage\"},\"image\":{\"@id\":\"https:\/\/bbqentertainment.com\/toode\/napoloen-mini-mangugrill-lastele\/#primaryimage\"},\"thumbnailUrl\":\"https:\/\/bbqentertainment.com\/wp-content\/uploads\/2025\/04\/c433cef3a57a7fb7a40014d1617e23c8.jpg\",\"datePublished\":\"2025-04-20T13:53:50+00:00\",\"dateModified\":\"2026-04-06T09:26:39+00:00\",\"description\":\"Napoleon m\u00e4ngugrill lastele alates 3. eluaastast. Puidust konstruktsioon, tarvikud kaasas. Ideaalne rollim\u00e4nguks v\u00e4ikestele grillis\u00f5pradele.\",\"breadcrumb\":{\"@id\":\"https:\/\/bbqentertainment.com\/toode\/napoloen-mini-mangugrill-lastele\/#breadcrumb\"},\"inLanguage\":\"en-US\",\"potentialAction\":[{\"@type\":\"ReadAction\",\"target\":[\"https:\/\/bbqentertainment.com\/toode\/napoloen-mini-mangugrill-lastele\/\"]}]},{\"@type\":\"ImageObject\",\"inLanguage\":\"en-US\",\"@id\":\"https:\/\/bbqentertainment.com\/toode\/napoloen-mini-mangugrill-lastele\/#primaryimage\",\"url\":\"https:\/\/bbqentertainment.com\/wp-content\/uploads\/2025\/04\/c433cef3a57a7fb7a40014d1617e23c8.jpg\",\"contentUrl\":\"https:\/\/bbqentertainment.com\/wp-content\/uploads\/2025\/04\/c433cef3a57a7fb7a40014d1617e23c8.jpg\",\"width\":547,\"height\":418,\"caption\":\"Napoleon puidust m\u00e4ngugrill lastele koos grillitarvikutega\"},{\"@type\":\"BreadcrumbList\",\"@id\":\"https:\/\/bbqentertainment.com\/toode\/napoloen-mini-mangugrill-lastele\/#breadcrumb\",\"itemListElement\":[{\"@type\":\"ListItem\",\"position\":1,\"name\":\"AVALEHT\",\"item\":\"https:\/\/bbqentertainment.com\/en\/\"},{\"@type\":\"ListItem\",\"position\":2,\"name\":\"Tooted\",\"item\":\"https:\/\/bbqentertainment.com\/tooted\/\"},{\"@type\":\"ListItem\",\"position\":3,\"name\":\"Grillid ja ahjud\",\"item\":\"https:\/\/bbqentertainment.com\/tootekategooria\/grillid-ja-ahjud\/\"},{\"@type\":\"ListItem\",\"position\":4,\"name\":\"Napoleon Mini BBQ m\u00e4ngugrill lastele\"}]},{\"@type\":\"WebSite\",\"@id\":\"https:\/\/bbqentertainment.com\/#website\",\"url\":\"https:\/\/bbqentertainment.com\/\",\"name\":\"BBQ Entertainment\",\"description\":\"BBQ is a great lifestyle, not just fun!\",\"publisher\":{\"@id\":\"https:\/\/bbqentertainment.com\/#organization\"},\"potentialAction\":[{\"@type\":\"SearchAction\",\"target\":{\"@type\":\"EntryPoint\",\"urlTemplate\":\"https:\/\/bbqentertainment.com\/?s={search_term_string}\"},\"query-input\":{\"@type\":\"PropertyValueSpecification\",\"valueRequired\":true,\"valueName\":\"search_term_string\"}}],\"inLanguage\":\"en-US\"},{\"@type\":\"Organization\",\"@id\":\"https:\/\/bbqentertainment.com\/#organization\",\"name\":\"BBQ Entertainment O\u00dc\",\"url\":\"https:\/\/bbqentertainment.com\/\",\"logo\":{\"@type\":\"ImageObject\",\"inLanguage\":\"en-US\",\"@id\":\"https:\/\/bbqentertainment.com\/#\/schema\/logo\/image\/\",\"url\":\"https:\/\/bbqentertainment.com\/wp-content\/uploads\/2020\/04\/BBQ-Entertainment-N-Catering-Enn-Tobreluts-Logo.png\",\"contentUrl\":\"https:\/\/bbqentertainment.com\/wp-content\/uploads\/2020\/04\/BBQ-Entertainment-N-Catering-Enn-Tobreluts-Logo.png\",\"width\":628,\"height\":266,\"caption\":\"BBQ Entertainment O\u00dc\"},\"image\":{\"@id\":\"https:\/\/bbqentertainment.com\/#\/schema\/logo\/image\/\"},\"sameAs\":[\"https:\/\/www.facebook.com\/BBQ-Entertainment-N-Catering-2437913376443540\",\"https:\/\/www.instagram.com\/bbqentertainmentncatering\/\",\"https:\/\/www.youtube.com\/channel\/UCmpuANQVhLy2Md8nrenp2jA\"]}]}<\/script>\n<!-- \/ Yoast SEO plugin. -->","yoast_head_json":{"title":"Napoleon Mini BBQ m\u00e4ngugrill lastele - BBQ Entertainment","description":"Napoleon m\u00e4ngugrill lastele alates 3. eluaastast. Puidust konstruktsioon, tarvikud kaasas. Ideaalne rollim\u00e4nguks v\u00e4ikestele grillis\u00f5pradele.","robots":{"index":"index","follow":"follow","max-snippet":"max-snippet:-1","max-image-preview":"max-image-preview:large","max-video-preview":"max-video-preview:-1"},"canonical":"https:\/\/bbqentertainment.com\/toode\/napoloen-mini-mangugrill-lastele\/","og_locale":"en_US","og_type":"article","og_title":"Napoleon Mini BBQ m\u00e4ngugrill lastele - BBQ Entertainment","og_description":"Napoleon m\u00e4ngugrill lastele alates 3. eluaastast. Puidust konstruktsioon, tarvikud kaasas. Ideaalne rollim\u00e4nguks v\u00e4ikestele grillis\u00f5pradele.","og_url":"https:\/\/bbqentertainment.com\/toode\/napoloen-mini-mangugrill-lastele\/","og_site_name":"BBQ Entertainment","article_publisher":"https:\/\/www.facebook.com\/BBQ-Entertainment-N-Catering-2437913376443540","article_modified_time":"2026-04-06T09:26:39+00:00","og_image":[{"width":547,"height":418,"url":"https:\/\/bbqentertainment.com\/wp-content\/uploads\/2025\/04\/c433cef3a57a7fb7a40014d1617e23c8.jpg","type":"image\/jpeg"}],"twitter_card":"summary_large_image","twitter_misc":{"Est. reading time":"1 minute"},"schema":{"@context":"https:\/\/schema.org","@graph":[{"@type":["WebPage","ItemPage"],"@id":"https:\/\/bbqentertainment.com\/toode\/napoloen-mini-mangugrill-lastele\/","url":"https:\/\/bbqentertainment.com\/toode\/napoloen-mini-mangugrill-lastele\/","name":"Napoleon Mini BBQ m\u00e4ngugrill lastele - BBQ Entertainment","isPartOf":{"@id":"https:\/\/bbqentertainment.com\/#website"},"primaryImageOfPage":{"@id":"https:\/\/bbqentertainment.com\/toode\/napoloen-mini-mangugrill-lastele\/#primaryimage"},"image":{"@id":"https:\/\/bbqentertainment.com\/toode\/napoloen-mini-mangugrill-lastele\/#primaryimage"},"thumbnailUrl":"https:\/\/bbqentertainment.com\/wp-content\/uploads\/2025\/04\/c433cef3a57a7fb7a40014d1617e23c8.jpg","datePublished":"2025-04-20T13:53:50+00:00","dateModified":"2026-04-06T09:26:39+00:00","description":"Napoleon m\u00e4ngugrill lastele alates 3. eluaastast. Puidust konstruktsioon, tarvikud kaasas. Ideaalne rollim\u00e4nguks v\u00e4ikestele grillis\u00f5pradele.","breadcrumb":{"@id":"https:\/\/bbqentertainment.com\/toode\/napoloen-mini-mangugrill-lastele\/#breadcrumb"},"inLanguage":"en-US","potentialAction":[{"@type":"ReadAction","target":["https:\/\/bbqentertainment.com\/toode\/napoloen-mini-mangugrill-lastele\/"]}]},{"@type":"ImageObject","inLanguage":"en-US","@id":"https:\/\/bbqentertainment.com\/toode\/napoloen-mini-mangugrill-lastele\/#primaryimage","url":"https:\/\/bbqentertainment.com\/wp-content\/uploads\/2025\/04\/c433cef3a57a7fb7a40014d1617e23c8.jpg","contentUrl":"https:\/\/bbqentertainment.com\/wp-content\/uploads\/2025\/04\/c433cef3a57a7fb7a40014d1617e23c8.jpg","width":547,"height":418,"caption":"Napoleon puidust m\u00e4ngugrill lastele koos grillitarvikutega"},{"@type":"BreadcrumbList","@id":"https:\/\/bbqentertainment.com\/toode\/napoloen-mini-mangugrill-lastele\/#breadcrumb","itemListElement":[{"@type":"ListItem","position":1,"name":"AVALEHT","item":"https:\/\/bbqentertainment.com\/en\/"},{"@type":"ListItem","position":2,"name":"Tooted","item":"https:\/\/bbqentertainment.com\/tooted\/"},{"@type":"ListItem","position":3,"name":"Grillid ja ahjud","item":"https:\/\/bbqentertainment.com\/tootekategooria\/grillid-ja-ahjud\/"},{"@type":"ListItem","position":4,"name":"Napoleon Mini BBQ m\u00e4ngugrill lastele"}]},{"@type":"WebSite","@id":"https:\/\/bbqentertainment.com\/#website","url":"https:\/\/bbqentertainment.com\/","name":"BBQ Entertainment","description":"BBQ is a great lifestyle, not just fun!","publisher":{"@id":"https:\/\/bbqentertainment.com\/#organization"},"potentialAction":[{"@type":"SearchAction","target":{"@type":"EntryPoint","urlTemplate":"https:\/\/bbqentertainment.com\/?s={search_term_string}"},"query-input":{"@type":"PropertyValueSpecification","valueRequired":true,"valueName":"search_term_string"}}],"inLanguage":"en-US"},{"@type":"Organization","@id":"https:\/\/bbqentertainment.com\/#organization","name":"BBQ Entertainment O\u00dc","url":"https:\/\/bbqentertainment.com\/","logo":{"@type":"ImageObject","inLanguage":"en-US","@id":"https:\/\/bbqentertainment.com\/#\/schema\/logo\/image\/","url":"https:\/\/bbqentertainment.com\/wp-content\/uploads\/2020\/04\/BBQ-Entertainment-N-Catering-Enn-Tobreluts-Logo.png","contentUrl":"https:\/\/bbqentertainment.com\/wp-content\/uploads\/2020\/04\/BBQ-Entertainment-N-Catering-Enn-Tobreluts-Logo.png","width":628,"height":266,"caption":"BBQ Entertainment O\u00dc"},"image":{"@id":"https:\/\/bbqentertainment.com\/#\/schema\/logo\/image\/"},"sameAs":["https:\/\/www.facebook.com\/BBQ-Entertainment-N-Catering-2437913376443540","https:\/\/www.instagram.com\/bbqentertainmentncatering\/","https:\/\/www.youtube.com\/channel\/UCmpuANQVhLy2Md8nrenp2jA"]}]}},"_links":{"self":[{"href":"https:\/\/bbqentertainment.com\/en\/wp-json\/wp\/v2\/product\/251753","targetHints":{"allow":["GET"]}}],"collection":[{"href":"https:\/\/bbqentertainment.com\/en\/wp-json\/wp\/v2\/product"}],"about":[{"href":"https:\/\/bbqentertainment.com\/en\/wp-json\/wp\/v2\/types\/product"}],"wp:featuredmedia":[{"embeddable":true,"href":"https:\/\/bbqentertainment.com\/en\/wp-json\/wp\/v2\/media\/251756"}],"wp:attachment":[{"href":"https:\/\/bbqentertainment.com\/en\/wp-json\/wp\/v2\/media?parent=251753"}],"wp:term":[{"taxonomy":"product_brand","embeddable":true,"href":"https:\/\/bbqentertainment.com\/en\/wp-json\/wp\/v2\/product_brand?post=251753"},{"taxonomy":"product_cat","embeddable":true,"href":"https:\/\/bbqentertainment.com\/en\/wp-json\/wp\/v2\/product_cat?post=251753"},{"taxonomy":"product_tag","embeddable":true,"href":"https:\/\/bbqentertainment.com\/en\/wp-json\/wp\/v2\/product_tag?post=251753"}],"curies":[{"name":"wp","href":"https:\/\/api.w.org\/{rel}","templated":true}]}}