{"id":251841,"date":"2025-04-22T20:05:24","date_gmt":"2025-04-22T17:05:24","guid":{"rendered":"https:\/\/bbqentertainment.com\/?post_type=product&#038;p=251841"},"modified":"2026-04-10T01:10:53","modified_gmt":"2026-04-09T22:10:53","slug":"grillep-premium-grill-pellet-lepp-8-kg","status":"publish","type":"product","link":"https:\/\/bbqentertainment.com\/en\/toode\/grillep-premium-grill-pellet-lepp-8-kg\/","title":{"rendered":"GRILLEP premium grillpellet LEPP 8 kg"},"content":{"rendered":"","protected":false},"excerpt":{"rendered":"<h3><strong>GRILLEP premium grillpellet LEPP 8 kg<\/strong><\/h3>\n<p class=\"\" data-start=\"50\" data-end=\"263\">Need kvaliteetsed grillpelletid on pakendatud niiskuskindlasse MoistResist\u00ae paberkotti. Kott s\u00e4ilitab pelletite kvaliteedi tavap\u00e4rastes hoiutingimustes ja on mugav kanda t\u00e4nu tugevatele sangadele.<\/p>\n<p class=\"\" data-start=\"265\" data-end=\"355\">Sobib kasutamiseks pelletgrillides, suitsu- ja pizzaahjudes.<\/p>\n<div class=\"accordion\">\n<div class=\"accordion-item\"><\/div>\n<\/div>\n","protected":false},"featured_media":251844,"template":"","meta":{"inline_featured_image":false},"product_brand":[],"product_cat":[92,27,534,211],"product_tag":[],"class_list":{"0":"post-251841","1":"product","2":"type-product","3":"status-publish","4":"has-post-thumbnail","6":"product_cat-lisatarvikud","7":"product_cat-grillsusi","8":"product_cat-grill-pelletid","9":"product_cat-grillep","10":"product_shipping_class-grillsusi","12":"first","13":"instock","14":"taxable","15":"shipping-taxable","16":"purchasable","17":"product-type-simple"},"yoast_head":"<!-- This site is optimized with the Yoast SEO plugin v27.4 - https:\/\/yoast.com\/product\/yoast-seo-wordpress\/ -->\n<title>GRILLEP premium grillpellet LEPP 8 kg - BBQ Entertainment<\/title>\n<meta name=\"description\" content=\"Niiskuskindlad grillpelletid 8 kg paberkotis. Sobivad k\u00f5ikidesse pelletgrillidesse, suitsuahjudesse ja pizzaahjudesse. V\u00e4hem plastikut, rohkem maitset.\" \/>\n<meta name=\"robots\" content=\"index, follow, max-snippet:-1, max-image-preview:large, max-video-preview:-1\" \/>\n<link rel=\"canonical\" href=\"https:\/\/bbqentertainment.com\/toode\/grillep-premium-grill-pellet-lepp-8-kg\/\" \/>\n<meta property=\"og:locale\" content=\"en_US\" \/>\n<meta property=\"og:type\" content=\"article\" \/>\n<meta property=\"og:title\" content=\"GRILLEP premium grillpellet LEPP 8 kg - BBQ Entertainment\" \/>\n<meta property=\"og:description\" content=\"Niiskuskindlad grillpelletid 8 kg paberkotis. Sobivad k\u00f5ikidesse pelletgrillidesse, suitsuahjudesse ja pizzaahjudesse. V\u00e4hem plastikut, rohkem maitset.\" \/>\n<meta property=\"og:url\" content=\"https:\/\/bbqentertainment.com\/toode\/grillep-premium-grill-pellet-lepp-8-kg\/\" \/>\n<meta property=\"og:site_name\" content=\"BBQ Entertainment\" \/>\n<meta property=\"article:publisher\" content=\"https:\/\/www.facebook.com\/BBQ-Entertainment-N-Catering-2437913376443540\" \/>\n<meta property=\"article:modified_time\" content=\"2026-04-09T22:10:53+00:00\" \/>\n<meta property=\"og:image\" content=\"https:\/\/bbqentertainment.com\/wp-content\/uploads\/2025\/04\/4745010675096-GRILLEP-premium-grill-pellet-LEPP-8-kg.jpg\" \/>\n\t<meta property=\"og:image:width\" content=\"2119\" \/>\n\t<meta property=\"og:image:height\" content=\"2153\" \/>\n\t<meta property=\"og:image:type\" content=\"image\/jpeg\" \/>\n<meta name=\"twitter:card\" content=\"summary_large_image\" \/>\n<meta name=\"twitter:label1\" content=\"Est. reading time\" \/>\n\t<meta name=\"twitter:data1\" content=\"1 minute\" \/>\n<script type=\"application\/ld+json\" class=\"yoast-schema-graph\">{\"@context\":\"https:\\\/\\\/schema.org\",\"@graph\":[{\"@type\":[\"WebPage\",\"ItemPage\"],\"@id\":\"https:\\\/\\\/bbqentertainment.com\\\/toode\\\/grillep-premium-grill-pellet-lepp-8-kg\\\/\",\"url\":\"https:\\\/\\\/bbqentertainment.com\\\/toode\\\/grillep-premium-grill-pellet-lepp-8-kg\\\/\",\"name\":\"GRILLEP premium grillpellet LEPP 8 kg - BBQ Entertainment\",\"isPartOf\":{\"@id\":\"https:\\\/\\\/bbqentertainment.com\\\/#website\"},\"primaryImageOfPage\":{\"@id\":\"https:\\\/\\\/bbqentertainment.com\\\/toode\\\/grillep-premium-grill-pellet-lepp-8-kg\\\/#primaryimage\"},\"image\":{\"@id\":\"https:\\\/\\\/bbqentertainment.com\\\/toode\\\/grillep-premium-grill-pellet-lepp-8-kg\\\/#primaryimage\"},\"thumbnailUrl\":\"https:\\\/\\\/bbqentertainment.com\\\/wp-content\\\/uploads\\\/2025\\\/04\\\/4745010675096-GRILLEP-premium-grill-pellet-LEPP-8-kg.jpg\",\"datePublished\":\"2025-04-22T17:05:24+00:00\",\"dateModified\":\"2026-04-09T22:10:53+00:00\",\"description\":\"Niiskuskindlad grillpelletid 8 kg paberkotis. Sobivad k\u00f5ikidesse pelletgrillidesse, suitsuahjudesse ja pizzaahjudesse. V\u00e4hem plastikut, rohkem maitset.\",\"breadcrumb\":{\"@id\":\"https:\\\/\\\/bbqentertainment.com\\\/toode\\\/grillep-premium-grill-pellet-lepp-8-kg\\\/#breadcrumb\"},\"inLanguage\":\"en-US\",\"potentialAction\":[{\"@type\":\"ReadAction\",\"target\":[\"https:\\\/\\\/bbqentertainment.com\\\/toode\\\/grillep-premium-grill-pellet-lepp-8-kg\\\/\"]}]},{\"@type\":\"ImageObject\",\"inLanguage\":\"en-US\",\"@id\":\"https:\\\/\\\/bbqentertainment.com\\\/toode\\\/grillep-premium-grill-pellet-lepp-8-kg\\\/#primaryimage\",\"url\":\"https:\\\/\\\/bbqentertainment.com\\\/wp-content\\\/uploads\\\/2025\\\/04\\\/4745010675096-GRILLEP-premium-grill-pellet-LEPP-8-kg.jpg\",\"contentUrl\":\"https:\\\/\\\/bbqentertainment.com\\\/wp-content\\\/uploads\\\/2025\\\/04\\\/4745010675096-GRILLEP-premium-grill-pellet-LEPP-8-kg.jpg\",\"width\":2119,\"height\":2153,\"caption\":\"Created with GIMP\"},{\"@type\":\"BreadcrumbList\",\"@id\":\"https:\\\/\\\/bbqentertainment.com\\\/toode\\\/grillep-premium-grill-pellet-lepp-8-kg\\\/#breadcrumb\",\"itemListElement\":[{\"@type\":\"ListItem\",\"position\":1,\"name\":\"AVALEHT\",\"item\":\"https:\\\/\\\/bbqentertainment.com\\\/en\\\/\"},{\"@type\":\"ListItem\",\"position\":2,\"name\":\"Tooted\",\"item\":\"https:\\\/\\\/bbqentertainment.com\\\/tooted\\\/\"},{\"@type\":\"ListItem\",\"position\":3,\"name\":\"K\u00fcte\",\"item\":\"https:\\\/\\\/bbqentertainment.com\\\/tootekategooria\\\/grillsusi\\\/\"},{\"@type\":\"ListItem\",\"position\":4,\"name\":\"GRILL-PELLETID\",\"item\":\"https:\\\/\\\/bbqentertainment.com\\\/tootekategooria\\\/grillsusi\\\/grill-pelletid\\\/\"},{\"@type\":\"ListItem\",\"position\":5,\"name\":\"GRILLEP premium grillpellet LEPP 8 kg\"}]},{\"@type\":\"WebSite\",\"@id\":\"https:\\\/\\\/bbqentertainment.com\\\/#website\",\"url\":\"https:\\\/\\\/bbqentertainment.com\\\/\",\"name\":\"BBQ Entertainment\",\"description\":\"BBQ is a great lifestyle, not just fun!\",\"publisher\":{\"@id\":\"https:\\\/\\\/bbqentertainment.com\\\/#organization\"},\"potentialAction\":[{\"@type\":\"SearchAction\",\"target\":{\"@type\":\"EntryPoint\",\"urlTemplate\":\"https:\\\/\\\/bbqentertainment.com\\\/?s={search_term_string}\"},\"query-input\":{\"@type\":\"PropertyValueSpecification\",\"valueRequired\":true,\"valueName\":\"search_term_string\"}}],\"inLanguage\":\"en-US\"},{\"@type\":\"Organization\",\"@id\":\"https:\\\/\\\/bbqentertainment.com\\\/#organization\",\"name\":\"BBQ Entertainment O\u00dc\",\"url\":\"https:\\\/\\\/bbqentertainment.com\\\/\",\"logo\":{\"@type\":\"ImageObject\",\"inLanguage\":\"en-US\",\"@id\":\"https:\\\/\\\/bbqentertainment.com\\\/#\\\/schema\\\/logo\\\/image\\\/\",\"url\":\"https:\\\/\\\/bbqentertainment.com\\\/wp-content\\\/uploads\\\/2020\\\/04\\\/BBQ-Entertainment-N-Catering-Enn-Tobreluts-Logo.png\",\"contentUrl\":\"https:\\\/\\\/bbqentertainment.com\\\/wp-content\\\/uploads\\\/2020\\\/04\\\/BBQ-Entertainment-N-Catering-Enn-Tobreluts-Logo.png\",\"width\":628,\"height\":266,\"caption\":\"BBQ Entertainment O\u00dc\"},\"image\":{\"@id\":\"https:\\\/\\\/bbqentertainment.com\\\/#\\\/schema\\\/logo\\\/image\\\/\"},\"sameAs\":[\"https:\\\/\\\/www.facebook.com\\\/BBQ-Entertainment-N-Catering-2437913376443540\",\"https:\\\/\\\/www.instagram.com\\\/bbqentertainmentncatering\\\/\",\"https:\\\/\\\/www.youtube.com\\\/channel\\\/UCmpuANQVhLy2Md8nrenp2jA\"]}]}<\/script>\n<!-- \/ Yoast SEO plugin. -->","yoast_head_json":{"title":"GRILLEP premium grillpellet LEPP 8 kg - BBQ Entertainment","description":"Niiskuskindlad grillpelletid 8 kg paberkotis. Sobivad k\u00f5ikidesse pelletgrillidesse, suitsuahjudesse ja pizzaahjudesse. V\u00e4hem plastikut, rohkem maitset.","robots":{"index":"index","follow":"follow","max-snippet":"max-snippet:-1","max-image-preview":"max-image-preview:large","max-video-preview":"max-video-preview:-1"},"canonical":"https:\/\/bbqentertainment.com\/toode\/grillep-premium-grill-pellet-lepp-8-kg\/","og_locale":"en_US","og_type":"article","og_title":"GRILLEP premium grillpellet LEPP 8 kg - BBQ Entertainment","og_description":"Niiskuskindlad grillpelletid 8 kg paberkotis. Sobivad k\u00f5ikidesse pelletgrillidesse, suitsuahjudesse ja pizzaahjudesse. V\u00e4hem plastikut, rohkem maitset.","og_url":"https:\/\/bbqentertainment.com\/toode\/grillep-premium-grill-pellet-lepp-8-kg\/","og_site_name":"BBQ Entertainment","article_publisher":"https:\/\/www.facebook.com\/BBQ-Entertainment-N-Catering-2437913376443540","article_modified_time":"2026-04-09T22:10:53+00:00","og_image":[{"width":2119,"height":2153,"url":"https:\/\/bbqentertainment.com\/wp-content\/uploads\/2025\/04\/4745010675096-GRILLEP-premium-grill-pellet-LEPP-8-kg.jpg","type":"image\/jpeg"}],"twitter_card":"summary_large_image","twitter_misc":{"Est. reading time":"1 minute"},"schema":{"@context":"https:\/\/schema.org","@graph":[{"@type":["WebPage","ItemPage"],"@id":"https:\/\/bbqentertainment.com\/toode\/grillep-premium-grill-pellet-lepp-8-kg\/","url":"https:\/\/bbqentertainment.com\/toode\/grillep-premium-grill-pellet-lepp-8-kg\/","name":"GRILLEP premium grillpellet LEPP 8 kg - BBQ Entertainment","isPartOf":{"@id":"https:\/\/bbqentertainment.com\/#website"},"primaryImageOfPage":{"@id":"https:\/\/bbqentertainment.com\/toode\/grillep-premium-grill-pellet-lepp-8-kg\/#primaryimage"},"image":{"@id":"https:\/\/bbqentertainment.com\/toode\/grillep-premium-grill-pellet-lepp-8-kg\/#primaryimage"},"thumbnailUrl":"https:\/\/bbqentertainment.com\/wp-content\/uploads\/2025\/04\/4745010675096-GRILLEP-premium-grill-pellet-LEPP-8-kg.jpg","datePublished":"2025-04-22T17:05:24+00:00","dateModified":"2026-04-09T22:10:53+00:00","description":"Niiskuskindlad grillpelletid 8 kg paberkotis. Sobivad k\u00f5ikidesse pelletgrillidesse, suitsuahjudesse ja pizzaahjudesse. V\u00e4hem plastikut, rohkem maitset.","breadcrumb":{"@id":"https:\/\/bbqentertainment.com\/toode\/grillep-premium-grill-pellet-lepp-8-kg\/#breadcrumb"},"inLanguage":"en-US","potentialAction":[{"@type":"ReadAction","target":["https:\/\/bbqentertainment.com\/toode\/grillep-premium-grill-pellet-lepp-8-kg\/"]}]},{"@type":"ImageObject","inLanguage":"en-US","@id":"https:\/\/bbqentertainment.com\/toode\/grillep-premium-grill-pellet-lepp-8-kg\/#primaryimage","url":"https:\/\/bbqentertainment.com\/wp-content\/uploads\/2025\/04\/4745010675096-GRILLEP-premium-grill-pellet-LEPP-8-kg.jpg","contentUrl":"https:\/\/bbqentertainment.com\/wp-content\/uploads\/2025\/04\/4745010675096-GRILLEP-premium-grill-pellet-LEPP-8-kg.jpg","width":2119,"height":2153,"caption":"Created with GIMP"},{"@type":"BreadcrumbList","@id":"https:\/\/bbqentertainment.com\/toode\/grillep-premium-grill-pellet-lepp-8-kg\/#breadcrumb","itemListElement":[{"@type":"ListItem","position":1,"name":"AVALEHT","item":"https:\/\/bbqentertainment.com\/en\/"},{"@type":"ListItem","position":2,"name":"Tooted","item":"https:\/\/bbqentertainment.com\/tooted\/"},{"@type":"ListItem","position":3,"name":"K\u00fcte","item":"https:\/\/bbqentertainment.com\/tootekategooria\/grillsusi\/"},{"@type":"ListItem","position":4,"name":"GRILL-PELLETID","item":"https:\/\/bbqentertainment.com\/tootekategooria\/grillsusi\/grill-pelletid\/"},{"@type":"ListItem","position":5,"name":"GRILLEP premium grillpellet LEPP 8 kg"}]},{"@type":"WebSite","@id":"https:\/\/bbqentertainment.com\/#website","url":"https:\/\/bbqentertainment.com\/","name":"BBQ Entertainment","description":"BBQ is a great lifestyle, not just fun!","publisher":{"@id":"https:\/\/bbqentertainment.com\/#organization"},"potentialAction":[{"@type":"SearchAction","target":{"@type":"EntryPoint","urlTemplate":"https:\/\/bbqentertainment.com\/?s={search_term_string}"},"query-input":{"@type":"PropertyValueSpecification","valueRequired":true,"valueName":"search_term_string"}}],"inLanguage":"en-US"},{"@type":"Organization","@id":"https:\/\/bbqentertainment.com\/#organization","name":"BBQ Entertainment O\u00dc","url":"https:\/\/bbqentertainment.com\/","logo":{"@type":"ImageObject","inLanguage":"en-US","@id":"https:\/\/bbqentertainment.com\/#\/schema\/logo\/image\/","url":"https:\/\/bbqentertainment.com\/wp-content\/uploads\/2020\/04\/BBQ-Entertainment-N-Catering-Enn-Tobreluts-Logo.png","contentUrl":"https:\/\/bbqentertainment.com\/wp-content\/uploads\/2020\/04\/BBQ-Entertainment-N-Catering-Enn-Tobreluts-Logo.png","width":628,"height":266,"caption":"BBQ Entertainment O\u00dc"},"image":{"@id":"https:\/\/bbqentertainment.com\/#\/schema\/logo\/image\/"},"sameAs":["https:\/\/www.facebook.com\/BBQ-Entertainment-N-Catering-2437913376443540","https:\/\/www.instagram.com\/bbqentertainmentncatering\/","https:\/\/www.youtube.com\/channel\/UCmpuANQVhLy2Md8nrenp2jA"]}]}},"_links":{"self":[{"href":"https:\/\/bbqentertainment.com\/en\/wp-json\/wp\/v2\/product\/251841","targetHints":{"allow":["GET"]}}],"collection":[{"href":"https:\/\/bbqentertainment.com\/en\/wp-json\/wp\/v2\/product"}],"about":[{"href":"https:\/\/bbqentertainment.com\/en\/wp-json\/wp\/v2\/types\/product"}],"wp:featuredmedia":[{"embeddable":true,"href":"https:\/\/bbqentertainment.com\/en\/wp-json\/wp\/v2\/media\/251844"}],"wp:attachment":[{"href":"https:\/\/bbqentertainment.com\/en\/wp-json\/wp\/v2\/media?parent=251841"}],"wp:term":[{"taxonomy":"product_brand","embeddable":true,"href":"https:\/\/bbqentertainment.com\/en\/wp-json\/wp\/v2\/product_brand?post=251841"},{"taxonomy":"product_cat","embeddable":true,"href":"https:\/\/bbqentertainment.com\/en\/wp-json\/wp\/v2\/product_cat?post=251841"},{"taxonomy":"product_tag","embeddable":true,"href":"https:\/\/bbqentertainment.com\/en\/wp-json\/wp\/v2\/product_tag?post=251841"}],"curies":[{"name":"wp","href":"https:\/\/api.w.org\/{rel}","templated":true}]}}