{"id":251854,"date":"2025-04-23T14:11:20","date_gmt":"2025-04-23T11:11:20","guid":{"rendered":"https:\/\/bbqentertainment.com\/?post_type=product&#038;p=251854"},"modified":"2025-07-25T13:45:42","modified_gmt":"2025-07-25T10:45:42","slug":"eti-miniatuurne-votmehoidjaga-kiirtermomeeter-punane","status":"publish","type":"product","link":"https:\/\/bbqentertainment.com\/en\/toode\/eti-miniatuurne-votmehoidjaga-kiirtermomeeter-punane\/","title":{"rendered":"ETI Miniatuurne v\u00f5tmehoidjaga kiirtermomeeter, punane"},"content":{"rendered":"","protected":false},"excerpt":{"rendered":"<h3><strong>ETI Miniatuurne v\u00f5tmehoidjaga kiirtermomeeter, punane<\/strong><\/h3>\n<p class=\"\" data-start=\"47\" data-end=\"212\">V\u00e4ike ja lihtne termomeeter, mida saab kinnitada v\u00f5tmete v\u00f5i koti k\u00fclge.\u00a0Praktiline abivahend, mida on mugav kaasas kanda.<\/p>\n<p data-start=\"47\" data-end=\"212\"><strong>M\u00f5\u00f5tmed<\/strong>: 68 x 32 x 14,5 mm<\/p>\n<p class=\"\" data-start=\"50\" data-end=\"230\"><strong data-start=\"50\" data-end=\"76\">Termomeetri kasutamine<\/strong><br data-start=\"76\" data-end=\"79\" \/>Paigalda patarei nii, et positiivne pool (+) j\u00e4\u00e4b \u00fclespoole.<\/p>\n<p class=\"\" data-start=\"232\" data-end=\"384\">Ava terasest m\u00f5\u00f5tevarras ja aseta see v\u00e4hemalt 25 mm s\u00fcgavusele m\u00f5\u00f5detavasse toiduainesse. Oota, kuni n\u00e4it stabiliseerub, ja loe seej\u00e4rel tulemus.<\/p>\n<p class=\"\" data-start=\"386\" data-end=\"577\"><strong data-start=\"386\" data-end=\"405\">Patarei vahetus<\/strong><br data-start=\"405\" data-end=\"408\" \/>Patarei asub termomeetri tagak\u00fcljel. Kata eemaldamiseks kasuta m\u00fcnti ja p\u00f6\u00f6ra kaant noole suunas. Kasuta asendamiseks LR44 t\u00fc\u00fcpi n\u00f6\u00f6ppatareid. Keera kaas tagasi peale.<\/p>\n<p class=\"\" data-start=\"579\" data-end=\"719\"><strong data-start=\"579\" data-end=\"590\">Hoiatus<\/strong><br data-start=\"590\" data-end=\"593\" \/>HOIA LASTELE K\u00c4TTESAAMATUS KOHAS.<br data-start=\"626\" data-end=\"629\" \/>Kui kahtlustad, et patarei on alla neelatud v\u00f5i sattunud kehasse, p\u00f6\u00f6rdu kohe arsti poole.<\/p>\n<p class=\"\" data-start=\"721\" data-end=\"736\"><strong data-start=\"721\" data-end=\"734\">Veateated<\/strong><\/p>\n<ul data-start=\"737\" data-end=\"918\">\n<li class=\"\" data-start=\"737\" data-end=\"835\">\n<p class=\"\" data-start=\"739\" data-end=\"835\">\u201eLLL\u201c \u2013 m\u00f5\u00f5detav temperatuur j\u00e4\u00e4b alla alumise piirv\u00e4\u00e4rtuse (-50 \u00b0C) v\u00f5i anduris on katkestus.<\/p>\n<\/li>\n<li class=\"\" data-start=\"836\" data-end=\"918\">\n<p class=\"\" data-start=\"838\" data-end=\"918\">\u201eHHH\u201c \u2013 temperatuur \u00fcletab \u00fclemise piirv\u00e4\u00e4rtuse (120 \u00b0C) v\u00f5i anduris on l\u00fchis.<\/p>\n<\/li>\n<\/ul>\n<p class=\"\" data-start=\"920\" data-end=\"1327\"><strong data-start=\"920\" data-end=\"932\">Garantii<\/strong><br data-start=\"932\" data-end=\"935\" \/>Tootel on \u00fche-aastane garantii tootmis- ja materjalivigade vastu. Garantii alla kuuluvad tooted parandatakse v\u00f5i asendatakse ETI otsusel tasuta. Garantii ei kehti kahjustustele, mis on p\u00f5hjustatud tavap\u00e4rasest kulumisest, eba\u00f5igest kasutamisest v\u00f5i muudest v\u00e4\u00e4rkasutustest.<\/p>\n<p data-start=\"920\" data-end=\"1327\">Vaata toote REACH ja CE vastavussertifikaati: <a href=\"https:\/\/bbqentertainment.com\/wp-content\/uploads\/2025\/04\/Lae-alla-PDF-dokument.pdf\" target=\"\">Lae Alla PDF Dokument<\/a><\/p>\n","protected":false},"featured_media":251865,"template":"","meta":{"inline_featured_image":false},"product_brand":[],"product_cat":[92,479,24],"product_tag":[],"class_list":{"0":"post-251854","1":"product","2":"type-product","3":"status-publish","4":"has-post-thumbnail","6":"product_cat-lisatarvikud","7":"product_cat-grillitarvikud","8":"product_cat-termomeetrid","10":"first","11":"instock","12":"taxable","13":"shipping-taxable","14":"purchasable","15":"product-type-simple"},"yoast_head":"<!-- This site is optimized with the Yoast SEO plugin v27.2 - https:\/\/yoast.com\/product\/yoast-seo-wordpress\/ -->\n<title>ETI Miniatuurne v\u00f5tmehoidjaga kiirtermomeeter, punane - BBQ Entertainment<\/title>\n<meta name=\"description\" content=\"Kompaktne v\u00f5tmehoidjaga termomeeter igap\u00e4evaseks kasutamiseks. M\u00f5\u00f5dab kiiresti temperatuuri jookidest kuni toiduni \u2013 alati k\u00e4ep\u00e4rast.\" \/>\n<meta name=\"robots\" content=\"index, follow, max-snippet:-1, max-image-preview:large, max-video-preview:-1\" \/>\n<link rel=\"canonical\" href=\"https:\/\/bbqentertainment.com\/toode\/eti-miniatuurne-votmehoidjaga-kiirtermomeeter-punane\/\" \/>\n<meta property=\"og:locale\" content=\"en_US\" \/>\n<meta property=\"og:type\" content=\"article\" \/>\n<meta property=\"og:title\" content=\"ETI Miniatuurne v\u00f5tmehoidjaga kiirtermomeeter, punane - BBQ Entertainment\" \/>\n<meta property=\"og:description\" content=\"Kompaktne v\u00f5tmehoidjaga termomeeter igap\u00e4evaseks kasutamiseks. M\u00f5\u00f5dab kiiresti temperatuuri jookidest kuni toiduni \u2013 alati k\u00e4ep\u00e4rast.\" \/>\n<meta property=\"og:url\" content=\"https:\/\/bbqentertainment.com\/toode\/eti-miniatuurne-votmehoidjaga-kiirtermomeeter-punane\/\" \/>\n<meta property=\"og:site_name\" content=\"BBQ Entertainment\" \/>\n<meta property=\"article:publisher\" content=\"https:\/\/www.facebook.com\/BBQ-Entertainment-N-Catering-2437913376443540\" \/>\n<meta property=\"article:modified_time\" content=\"2025-07-25T10:45:42+00:00\" \/>\n<meta property=\"og:image\" content=\"https:\/\/bbqentertainment.com\/wp-content\/uploads\/2025\/04\/keyring-thermometer.jpg\" \/>\n\t<meta property=\"og:image:width\" content=\"700\" \/>\n\t<meta property=\"og:image:height\" content=\"700\" \/>\n\t<meta property=\"og:image:type\" content=\"image\/jpeg\" \/>\n<meta name=\"twitter:card\" content=\"summary_large_image\" \/>\n<meta name=\"twitter:label1\" content=\"Est. reading time\" \/>\n\t<meta name=\"twitter:data1\" content=\"1 minute\" \/>\n<script type=\"application\/ld+json\" class=\"yoast-schema-graph\">{\"@context\":\"https:\/\/schema.org\",\"@graph\":[{\"@type\":[\"WebPage\",\"ItemPage\"],\"@id\":\"https:\/\/bbqentertainment.com\/toode\/eti-miniatuurne-votmehoidjaga-kiirtermomeeter-punane\/\",\"url\":\"https:\/\/bbqentertainment.com\/toode\/eti-miniatuurne-votmehoidjaga-kiirtermomeeter-punane\/\",\"name\":\"ETI Miniatuurne v\u00f5tmehoidjaga kiirtermomeeter, punane - BBQ Entertainment\",\"isPartOf\":{\"@id\":\"https:\/\/bbqentertainment.com\/#website\"},\"primaryImageOfPage\":{\"@id\":\"https:\/\/bbqentertainment.com\/toode\/eti-miniatuurne-votmehoidjaga-kiirtermomeeter-punane\/#primaryimage\"},\"image\":{\"@id\":\"https:\/\/bbqentertainment.com\/toode\/eti-miniatuurne-votmehoidjaga-kiirtermomeeter-punane\/#primaryimage\"},\"thumbnailUrl\":\"https:\/\/bbqentertainment.com\/wp-content\/uploads\/2025\/04\/keyring-thermometer.jpg\",\"datePublished\":\"2025-04-23T11:11:20+00:00\",\"dateModified\":\"2025-07-25T10:45:42+00:00\",\"description\":\"Kompaktne v\u00f5tmehoidjaga termomeeter igap\u00e4evaseks kasutamiseks. M\u00f5\u00f5dab kiiresti temperatuuri jookidest kuni toiduni \u2013 alati k\u00e4ep\u00e4rast.\",\"breadcrumb\":{\"@id\":\"https:\/\/bbqentertainment.com\/toode\/eti-miniatuurne-votmehoidjaga-kiirtermomeeter-punane\/#breadcrumb\"},\"inLanguage\":\"en-US\",\"potentialAction\":[{\"@type\":\"ReadAction\",\"target\":[\"https:\/\/bbqentertainment.com\/toode\/eti-miniatuurne-votmehoidjaga-kiirtermomeeter-punane\/\"]}]},{\"@type\":\"ImageObject\",\"inLanguage\":\"en-US\",\"@id\":\"https:\/\/bbqentertainment.com\/toode\/eti-miniatuurne-votmehoidjaga-kiirtermomeeter-punane\/#primaryimage\",\"url\":\"https:\/\/bbqentertainment.com\/wp-content\/uploads\/2025\/04\/keyring-thermometer.jpg\",\"contentUrl\":\"https:\/\/bbqentertainment.com\/wp-content\/uploads\/2025\/04\/keyring-thermometer.jpg\",\"width\":700,\"height\":700},{\"@type\":\"BreadcrumbList\",\"@id\":\"https:\/\/bbqentertainment.com\/toode\/eti-miniatuurne-votmehoidjaga-kiirtermomeeter-punane\/#breadcrumb\",\"itemListElement\":[{\"@type\":\"ListItem\",\"position\":1,\"name\":\"AVALEHT\",\"item\":\"https:\/\/bbqentertainment.com\/en\/\"},{\"@type\":\"ListItem\",\"position\":2,\"name\":\"Tooted\",\"item\":\"https:\/\/bbqentertainment.com\/tooted\/\"},{\"@type\":\"ListItem\",\"position\":3,\"name\":\"Lisatarvikud\",\"item\":\"https:\/\/bbqentertainment.com\/tootekategooria\/lisatarvikud\/\"},{\"@type\":\"ListItem\",\"position\":4,\"name\":\"Termomeetrid\",\"item\":\"https:\/\/bbqentertainment.com\/tootekategooria\/lisatarvikud\/termomeetrid\/\"},{\"@type\":\"ListItem\",\"position\":5,\"name\":\"ETI Miniatuurne v\u00f5tmehoidjaga kiirtermomeeter, punane\"}]},{\"@type\":\"WebSite\",\"@id\":\"https:\/\/bbqentertainment.com\/#website\",\"url\":\"https:\/\/bbqentertainment.com\/\",\"name\":\"BBQ Entertainment\",\"description\":\"BBQ is a great lifestyle, not just fun!\",\"publisher\":{\"@id\":\"https:\/\/bbqentertainment.com\/#organization\"},\"potentialAction\":[{\"@type\":\"SearchAction\",\"target\":{\"@type\":\"EntryPoint\",\"urlTemplate\":\"https:\/\/bbqentertainment.com\/?s={search_term_string}\"},\"query-input\":{\"@type\":\"PropertyValueSpecification\",\"valueRequired\":true,\"valueName\":\"search_term_string\"}}],\"inLanguage\":\"en-US\"},{\"@type\":\"Organization\",\"@id\":\"https:\/\/bbqentertainment.com\/#organization\",\"name\":\"BBQ Entertainment O\u00dc\",\"url\":\"https:\/\/bbqentertainment.com\/\",\"logo\":{\"@type\":\"ImageObject\",\"inLanguage\":\"en-US\",\"@id\":\"https:\/\/bbqentertainment.com\/#\/schema\/logo\/image\/\",\"url\":\"https:\/\/bbqentertainment.com\/wp-content\/uploads\/2020\/04\/BBQ-Entertainment-N-Catering-Enn-Tobreluts-Logo.png\",\"contentUrl\":\"https:\/\/bbqentertainment.com\/wp-content\/uploads\/2020\/04\/BBQ-Entertainment-N-Catering-Enn-Tobreluts-Logo.png\",\"width\":628,\"height\":266,\"caption\":\"BBQ Entertainment O\u00dc\"},\"image\":{\"@id\":\"https:\/\/bbqentertainment.com\/#\/schema\/logo\/image\/\"},\"sameAs\":[\"https:\/\/www.facebook.com\/BBQ-Entertainment-N-Catering-2437913376443540\",\"https:\/\/www.instagram.com\/bbqentertainmentncatering\/\",\"https:\/\/www.youtube.com\/channel\/UCmpuANQVhLy2Md8nrenp2jA\"]}]}<\/script>\n<!-- \/ Yoast SEO plugin. -->","yoast_head_json":{"title":"ETI Miniatuurne v\u00f5tmehoidjaga kiirtermomeeter, punane - BBQ Entertainment","description":"Kompaktne v\u00f5tmehoidjaga termomeeter igap\u00e4evaseks kasutamiseks. M\u00f5\u00f5dab kiiresti temperatuuri jookidest kuni toiduni \u2013 alati k\u00e4ep\u00e4rast.","robots":{"index":"index","follow":"follow","max-snippet":"max-snippet:-1","max-image-preview":"max-image-preview:large","max-video-preview":"max-video-preview:-1"},"canonical":"https:\/\/bbqentertainment.com\/toode\/eti-miniatuurne-votmehoidjaga-kiirtermomeeter-punane\/","og_locale":"en_US","og_type":"article","og_title":"ETI Miniatuurne v\u00f5tmehoidjaga kiirtermomeeter, punane - BBQ Entertainment","og_description":"Kompaktne v\u00f5tmehoidjaga termomeeter igap\u00e4evaseks kasutamiseks. M\u00f5\u00f5dab kiiresti temperatuuri jookidest kuni toiduni \u2013 alati k\u00e4ep\u00e4rast.","og_url":"https:\/\/bbqentertainment.com\/toode\/eti-miniatuurne-votmehoidjaga-kiirtermomeeter-punane\/","og_site_name":"BBQ Entertainment","article_publisher":"https:\/\/www.facebook.com\/BBQ-Entertainment-N-Catering-2437913376443540","article_modified_time":"2025-07-25T10:45:42+00:00","og_image":[{"width":700,"height":700,"url":"https:\/\/bbqentertainment.com\/wp-content\/uploads\/2025\/04\/keyring-thermometer.jpg","type":"image\/jpeg"}],"twitter_card":"summary_large_image","twitter_misc":{"Est. reading time":"1 minute"},"schema":{"@context":"https:\/\/schema.org","@graph":[{"@type":["WebPage","ItemPage"],"@id":"https:\/\/bbqentertainment.com\/toode\/eti-miniatuurne-votmehoidjaga-kiirtermomeeter-punane\/","url":"https:\/\/bbqentertainment.com\/toode\/eti-miniatuurne-votmehoidjaga-kiirtermomeeter-punane\/","name":"ETI Miniatuurne v\u00f5tmehoidjaga kiirtermomeeter, punane - BBQ Entertainment","isPartOf":{"@id":"https:\/\/bbqentertainment.com\/#website"},"primaryImageOfPage":{"@id":"https:\/\/bbqentertainment.com\/toode\/eti-miniatuurne-votmehoidjaga-kiirtermomeeter-punane\/#primaryimage"},"image":{"@id":"https:\/\/bbqentertainment.com\/toode\/eti-miniatuurne-votmehoidjaga-kiirtermomeeter-punane\/#primaryimage"},"thumbnailUrl":"https:\/\/bbqentertainment.com\/wp-content\/uploads\/2025\/04\/keyring-thermometer.jpg","datePublished":"2025-04-23T11:11:20+00:00","dateModified":"2025-07-25T10:45:42+00:00","description":"Kompaktne v\u00f5tmehoidjaga termomeeter igap\u00e4evaseks kasutamiseks. M\u00f5\u00f5dab kiiresti temperatuuri jookidest kuni toiduni \u2013 alati k\u00e4ep\u00e4rast.","breadcrumb":{"@id":"https:\/\/bbqentertainment.com\/toode\/eti-miniatuurne-votmehoidjaga-kiirtermomeeter-punane\/#breadcrumb"},"inLanguage":"en-US","potentialAction":[{"@type":"ReadAction","target":["https:\/\/bbqentertainment.com\/toode\/eti-miniatuurne-votmehoidjaga-kiirtermomeeter-punane\/"]}]},{"@type":"ImageObject","inLanguage":"en-US","@id":"https:\/\/bbqentertainment.com\/toode\/eti-miniatuurne-votmehoidjaga-kiirtermomeeter-punane\/#primaryimage","url":"https:\/\/bbqentertainment.com\/wp-content\/uploads\/2025\/04\/keyring-thermometer.jpg","contentUrl":"https:\/\/bbqentertainment.com\/wp-content\/uploads\/2025\/04\/keyring-thermometer.jpg","width":700,"height":700},{"@type":"BreadcrumbList","@id":"https:\/\/bbqentertainment.com\/toode\/eti-miniatuurne-votmehoidjaga-kiirtermomeeter-punane\/#breadcrumb","itemListElement":[{"@type":"ListItem","position":1,"name":"AVALEHT","item":"https:\/\/bbqentertainment.com\/en\/"},{"@type":"ListItem","position":2,"name":"Tooted","item":"https:\/\/bbqentertainment.com\/tooted\/"},{"@type":"ListItem","position":3,"name":"Lisatarvikud","item":"https:\/\/bbqentertainment.com\/tootekategooria\/lisatarvikud\/"},{"@type":"ListItem","position":4,"name":"Termomeetrid","item":"https:\/\/bbqentertainment.com\/tootekategooria\/lisatarvikud\/termomeetrid\/"},{"@type":"ListItem","position":5,"name":"ETI Miniatuurne v\u00f5tmehoidjaga kiirtermomeeter, punane"}]},{"@type":"WebSite","@id":"https:\/\/bbqentertainment.com\/#website","url":"https:\/\/bbqentertainment.com\/","name":"BBQ Entertainment","description":"BBQ is a great lifestyle, not just fun!","publisher":{"@id":"https:\/\/bbqentertainment.com\/#organization"},"potentialAction":[{"@type":"SearchAction","target":{"@type":"EntryPoint","urlTemplate":"https:\/\/bbqentertainment.com\/?s={search_term_string}"},"query-input":{"@type":"PropertyValueSpecification","valueRequired":true,"valueName":"search_term_string"}}],"inLanguage":"en-US"},{"@type":"Organization","@id":"https:\/\/bbqentertainment.com\/#organization","name":"BBQ Entertainment O\u00dc","url":"https:\/\/bbqentertainment.com\/","logo":{"@type":"ImageObject","inLanguage":"en-US","@id":"https:\/\/bbqentertainment.com\/#\/schema\/logo\/image\/","url":"https:\/\/bbqentertainment.com\/wp-content\/uploads\/2020\/04\/BBQ-Entertainment-N-Catering-Enn-Tobreluts-Logo.png","contentUrl":"https:\/\/bbqentertainment.com\/wp-content\/uploads\/2020\/04\/BBQ-Entertainment-N-Catering-Enn-Tobreluts-Logo.png","width":628,"height":266,"caption":"BBQ Entertainment O\u00dc"},"image":{"@id":"https:\/\/bbqentertainment.com\/#\/schema\/logo\/image\/"},"sameAs":["https:\/\/www.facebook.com\/BBQ-Entertainment-N-Catering-2437913376443540","https:\/\/www.instagram.com\/bbqentertainmentncatering\/","https:\/\/www.youtube.com\/channel\/UCmpuANQVhLy2Md8nrenp2jA"]}]}},"_links":{"self":[{"href":"https:\/\/bbqentertainment.com\/en\/wp-json\/wp\/v2\/product\/251854","targetHints":{"allow":["GET"]}}],"collection":[{"href":"https:\/\/bbqentertainment.com\/en\/wp-json\/wp\/v2\/product"}],"about":[{"href":"https:\/\/bbqentertainment.com\/en\/wp-json\/wp\/v2\/types\/product"}],"wp:featuredmedia":[{"embeddable":true,"href":"https:\/\/bbqentertainment.com\/en\/wp-json\/wp\/v2\/media\/251865"}],"wp:attachment":[{"href":"https:\/\/bbqentertainment.com\/en\/wp-json\/wp\/v2\/media?parent=251854"}],"wp:term":[{"taxonomy":"product_brand","embeddable":true,"href":"https:\/\/bbqentertainment.com\/en\/wp-json\/wp\/v2\/product_brand?post=251854"},{"taxonomy":"product_cat","embeddable":true,"href":"https:\/\/bbqentertainment.com\/en\/wp-json\/wp\/v2\/product_cat?post=251854"},{"taxonomy":"product_tag","embeddable":true,"href":"https:\/\/bbqentertainment.com\/en\/wp-json\/wp\/v2\/product_tag?post=251854"}],"curies":[{"name":"wp","href":"https:\/\/api.w.org\/{rel}","templated":true}]}}