{"id":251870,"date":"2025-04-23T14:27:33","date_gmt":"2025-04-23T11:27:33","guid":{"rendered":"https:\/\/bbqentertainment.com\/?post_type=product&#038;p=251870"},"modified":"2025-07-25T13:45:39","modified_gmt":"2025-07-25T10:45:39","slug":"eti-thermastick-veekindel-taskutermomeeter-punane","status":"publish","type":"product","link":"https:\/\/bbqentertainment.com\/en\/toode\/eti-thermastick-veekindel-taskutermomeeter-punane\/","title":{"rendered":"ETI ThermaStick\u00ae veekindel taskutermomeeter, punane"},"content":{"rendered":"","protected":false},"excerpt":{"rendered":"<h3><strong>ETI ThermaStick\u00ae veekindel taskutermomeeter, punane<\/strong><\/h3>\n<p class=\"\" data-start=\"34\" data-end=\"281\">ThermaStick on kompaktne ja <strong>veekindel<\/strong> (IP66) taskutermomeeter, mis sobib h\u00e4sti erinevate temperatuurim\u00f5\u00f5tmiste jaoks. Termomeetril on roostevabast terasest m\u00f5\u00f5tevarras (\u00d82,5 \u00d7 115 mm) kitsendatud otsaga (\u00d81,6 mm), mis tagab kiire reaktsiooniaja.<\/p>\n<p class=\"\" data-start=\"283\" data-end=\"443\">Seade m\u00f5\u00f5dab temperatuuri vahemikus -49,9 kuni +299,9\u202f\u00b0C, t\u00e4psusega 0,1\u202f\u00b0C\/\u00b0F. Kasutamine on lihtne \u2013 kaks nuppu: sisse\/v\u00e4lja ning max\/min v\u00e4\u00e4rtuste kuvamiseks.<\/p>\n<p class=\"\" data-start=\"445\" data-end=\"597\">ThermaStick t\u00f6\u00f6tab \u00fche liitiumpatareiga, mille kasutusaeg on v\u00e4hemalt 5000 tundi. Aku s\u00e4\u00e4stmiseks l\u00fclitub seade automaatselt v\u00e4lja 10 minuti m\u00f6\u00f6dumisel.<\/p>\n<p class=\"\" data-start=\"599\" data-end=\"790\">Termomeeter on saadaval punases ja sinises toonis. Komplektis on m\u00f5\u00f5tevarrast kaitsev \u00fcmbris koos taskuklambriga, mis teeb selle hoiustamise ja kaasaskandmise turvaliseks ja mugavaks.<\/p>\n<ul data-start=\"792\" data-end=\"938\" data-is-last-node=\"\" data-is-only-node=\"\">\n<li class=\"\" data-start=\"792\" data-end=\"838\"><\/li>\n<\/ul>\n<p class=\"\" data-start=\"0\" data-end=\"52\"><strong data-start=\"0\" data-end=\"52\">Tehnilised andmed<\/strong><\/p>\n<ul data-start=\"54\" data-end=\"510\" data-is-last-node=\"\" data-is-only-node=\"\">\n<li class=\"\" data-start=\"54\" data-end=\"96\">\n<p class=\"\" data-start=\"56\" data-end=\"96\">M\u00f5\u00f5tevahemik: \u201349,9 kuni +299,9\u202f\u00b0C<\/p>\n<\/li>\n<li class=\"\" data-start=\"97\" data-end=\"130\">\n<p class=\"\" data-start=\"99\" data-end=\"130\">Lahutusv\u00f5ime: 0,1\u202f\u00b0C \/ \u00b0F<\/p>\n<\/li>\n<li class=\"\" data-start=\"131\" data-end=\"196\">\n<p class=\"\" data-start=\"133\" data-end=\"196\">T\u00e4psus: \u00b10,5\u202f\u00b0C vahemikus \u201310 kuni +100\u202f\u00b0C, muidu \u00b12,5\u202f\u00b0C<\/p>\n<\/li>\n<li class=\"\" data-start=\"197\" data-end=\"239\">\n<p class=\"\" data-start=\"199\" data-end=\"239\">Patarei: 3 V CR2032 liitiumpatarei<\/p>\n<\/li>\n<li class=\"\" data-start=\"240\" data-end=\"275\">\n<p class=\"\" data-start=\"242\" data-end=\"275\">Aku kestus: kuni 5000 tundi<\/p>\n<\/li>\n<li class=\"\" data-start=\"276\" data-end=\"306\">\n<p class=\"\" data-start=\"278\" data-end=\"306\">Anduri t\u00fc\u00fcp: termistor<\/p>\n<\/li>\n<li class=\"\" data-start=\"307\" data-end=\"332\">\n<p class=\"\" data-start=\"309\" data-end=\"332\">Ekraan: 12 mm LCD<\/p>\n<\/li>\n<li class=\"\" data-start=\"333\" data-end=\"366\">\n<p class=\"\" data-start=\"335\" data-end=\"366\">M\u00f5\u00f5tmed: 46 \u00d7 15 \u00d7 188 mm<\/p>\n<\/li>\n<li class=\"\" data-start=\"367\" data-end=\"385\">\n<p class=\"\" data-start=\"369\" data-end=\"385\">Kaal: 28 g<\/p>\n<\/li>\n<li class=\"\" data-start=\"386\" data-end=\"470\">\n<p class=\"\" data-start=\"388\" data-end=\"470\">Korpuse materjal: ABS-plastik, sisaldab antibakteriaalset Biomaster lisandit<\/p>\n<\/li>\n<li class=\"\" data-start=\"471\" data-end=\"510\">\n<p class=\"\" data-start=\"473\" data-end=\"510\">M\u00f5\u00f5teskaala: Celsius \/ Fahrenheit<\/p>\n<\/li>\n<\/ul>\n","protected":false},"featured_media":251877,"template":"","meta":{"inline_featured_image":false},"product_brand":[],"product_cat":[92,479,24],"product_tag":[],"class_list":{"0":"post-251870","1":"product","2":"type-product","3":"status-publish","4":"has-post-thumbnail","6":"product_cat-lisatarvikud","7":"product_cat-grillitarvikud","8":"product_cat-termomeetrid","10":"first","11":"instock","12":"taxable","13":"shipping-taxable","14":"purchasable","15":"product-type-simple"},"yoast_head":"<!-- This site is optimized with the Yoast SEO plugin v27.2 - https:\/\/yoast.com\/product\/yoast-seo-wordpress\/ -->\n<title>ETI ThermaStick\u00ae veekindel taskutermomeeter, punane - BBQ Entertainment<\/title>\n<meta name=\"description\" content=\"Veekindel ThermaStick termomeeter kiire reageerimisega. M\u00f5\u00f5tevahemik \u201349,9 kuni +299,9\u202f\u00b0C, suur ekraan ja max\/min funktsioon.\" \/>\n<meta name=\"robots\" content=\"index, follow, max-snippet:-1, max-image-preview:large, max-video-preview:-1\" \/>\n<link rel=\"canonical\" href=\"https:\/\/bbqentertainment.com\/toode\/eti-thermastick-veekindel-taskutermomeeter-punane\/\" \/>\n<meta property=\"og:locale\" content=\"en_US\" \/>\n<meta property=\"og:type\" content=\"article\" \/>\n<meta property=\"og:title\" content=\"ETI ThermaStick\u00ae veekindel taskutermomeeter, punane - BBQ Entertainment\" \/>\n<meta property=\"og:description\" content=\"Veekindel ThermaStick termomeeter kiire reageerimisega. M\u00f5\u00f5tevahemik \u201349,9 kuni +299,9\u202f\u00b0C, suur ekraan ja max\/min funktsioon.\" \/>\n<meta property=\"og:url\" content=\"https:\/\/bbqentertainment.com\/toode\/eti-thermastick-veekindel-taskutermomeeter-punane\/\" \/>\n<meta property=\"og:site_name\" content=\"BBQ Entertainment\" \/>\n<meta property=\"article:publisher\" content=\"https:\/\/www.facebook.com\/BBQ-Entertainment-N-Catering-2437913376443540\" \/>\n<meta property=\"article:modified_time\" content=\"2025-07-25T10:45:39+00:00\" \/>\n<meta property=\"og:image\" content=\"https:\/\/bbqentertainment.com\/wp-content\/uploads\/2025\/04\/thermastick-pocket-thermometers.jpg\" \/>\n\t<meta property=\"og:image:width\" content=\"700\" \/>\n\t<meta property=\"og:image:height\" content=\"700\" \/>\n\t<meta property=\"og:image:type\" content=\"image\/jpeg\" \/>\n<meta name=\"twitter:card\" content=\"summary_large_image\" \/>\n<meta name=\"twitter:label1\" content=\"Est. reading time\" \/>\n\t<meta name=\"twitter:data1\" content=\"1 minute\" \/>\n<script type=\"application\/ld+json\" class=\"yoast-schema-graph\">{\"@context\":\"https:\/\/schema.org\",\"@graph\":[{\"@type\":[\"WebPage\",\"ItemPage\"],\"@id\":\"https:\/\/bbqentertainment.com\/toode\/eti-thermastick-veekindel-taskutermomeeter-punane\/\",\"url\":\"https:\/\/bbqentertainment.com\/toode\/eti-thermastick-veekindel-taskutermomeeter-punane\/\",\"name\":\"ETI ThermaStick\u00ae veekindel taskutermomeeter, punane - BBQ Entertainment\",\"isPartOf\":{\"@id\":\"https:\/\/bbqentertainment.com\/#website\"},\"primaryImageOfPage\":{\"@id\":\"https:\/\/bbqentertainment.com\/toode\/eti-thermastick-veekindel-taskutermomeeter-punane\/#primaryimage\"},\"image\":{\"@id\":\"https:\/\/bbqentertainment.com\/toode\/eti-thermastick-veekindel-taskutermomeeter-punane\/#primaryimage\"},\"thumbnailUrl\":\"https:\/\/bbqentertainment.com\/wp-content\/uploads\/2025\/04\/thermastick-pocket-thermometers.jpg\",\"datePublished\":\"2025-04-23T11:27:33+00:00\",\"dateModified\":\"2025-07-25T10:45:39+00:00\",\"description\":\"Veekindel ThermaStick termomeeter kiire reageerimisega. M\u00f5\u00f5tevahemik \u201349,9 kuni +299,9\u202f\u00b0C, suur ekraan ja max\/min funktsioon.\",\"breadcrumb\":{\"@id\":\"https:\/\/bbqentertainment.com\/toode\/eti-thermastick-veekindel-taskutermomeeter-punane\/#breadcrumb\"},\"inLanguage\":\"en-US\",\"potentialAction\":[{\"@type\":\"ReadAction\",\"target\":[\"https:\/\/bbqentertainment.com\/toode\/eti-thermastick-veekindel-taskutermomeeter-punane\/\"]}]},{\"@type\":\"ImageObject\",\"inLanguage\":\"en-US\",\"@id\":\"https:\/\/bbqentertainment.com\/toode\/eti-thermastick-veekindel-taskutermomeeter-punane\/#primaryimage\",\"url\":\"https:\/\/bbqentertainment.com\/wp-content\/uploads\/2025\/04\/thermastick-pocket-thermometers.jpg\",\"contentUrl\":\"https:\/\/bbqentertainment.com\/wp-content\/uploads\/2025\/04\/thermastick-pocket-thermometers.jpg\",\"width\":700,\"height\":700},{\"@type\":\"BreadcrumbList\",\"@id\":\"https:\/\/bbqentertainment.com\/toode\/eti-thermastick-veekindel-taskutermomeeter-punane\/#breadcrumb\",\"itemListElement\":[{\"@type\":\"ListItem\",\"position\":1,\"name\":\"AVALEHT\",\"item\":\"https:\/\/bbqentertainment.com\/en\/\"},{\"@type\":\"ListItem\",\"position\":2,\"name\":\"Tooted\",\"item\":\"https:\/\/bbqentertainment.com\/tooted\/\"},{\"@type\":\"ListItem\",\"position\":3,\"name\":\"Lisatarvikud\",\"item\":\"https:\/\/bbqentertainment.com\/tootekategooria\/lisatarvikud\/\"},{\"@type\":\"ListItem\",\"position\":4,\"name\":\"Termomeetrid\",\"item\":\"https:\/\/bbqentertainment.com\/tootekategooria\/lisatarvikud\/termomeetrid\/\"},{\"@type\":\"ListItem\",\"position\":5,\"name\":\"ETI ThermaStick\u00ae veekindel taskutermomeeter, punane\"}]},{\"@type\":\"WebSite\",\"@id\":\"https:\/\/bbqentertainment.com\/#website\",\"url\":\"https:\/\/bbqentertainment.com\/\",\"name\":\"BBQ Entertainment\",\"description\":\"BBQ is a great lifestyle, not just fun!\",\"publisher\":{\"@id\":\"https:\/\/bbqentertainment.com\/#organization\"},\"potentialAction\":[{\"@type\":\"SearchAction\",\"target\":{\"@type\":\"EntryPoint\",\"urlTemplate\":\"https:\/\/bbqentertainment.com\/?s={search_term_string}\"},\"query-input\":{\"@type\":\"PropertyValueSpecification\",\"valueRequired\":true,\"valueName\":\"search_term_string\"}}],\"inLanguage\":\"en-US\"},{\"@type\":\"Organization\",\"@id\":\"https:\/\/bbqentertainment.com\/#organization\",\"name\":\"BBQ Entertainment O\u00dc\",\"url\":\"https:\/\/bbqentertainment.com\/\",\"logo\":{\"@type\":\"ImageObject\",\"inLanguage\":\"en-US\",\"@id\":\"https:\/\/bbqentertainment.com\/#\/schema\/logo\/image\/\",\"url\":\"https:\/\/bbqentertainment.com\/wp-content\/uploads\/2020\/04\/BBQ-Entertainment-N-Catering-Enn-Tobreluts-Logo.png\",\"contentUrl\":\"https:\/\/bbqentertainment.com\/wp-content\/uploads\/2020\/04\/BBQ-Entertainment-N-Catering-Enn-Tobreluts-Logo.png\",\"width\":628,\"height\":266,\"caption\":\"BBQ Entertainment O\u00dc\"},\"image\":{\"@id\":\"https:\/\/bbqentertainment.com\/#\/schema\/logo\/image\/\"},\"sameAs\":[\"https:\/\/www.facebook.com\/BBQ-Entertainment-N-Catering-2437913376443540\",\"https:\/\/www.instagram.com\/bbqentertainmentncatering\/\",\"https:\/\/www.youtube.com\/channel\/UCmpuANQVhLy2Md8nrenp2jA\"]}]}<\/script>\n<!-- \/ Yoast SEO plugin. -->","yoast_head_json":{"title":"ETI ThermaStick\u00ae veekindel taskutermomeeter, punane - BBQ Entertainment","description":"Veekindel ThermaStick termomeeter kiire reageerimisega. M\u00f5\u00f5tevahemik \u201349,9 kuni +299,9\u202f\u00b0C, suur ekraan ja max\/min funktsioon.","robots":{"index":"index","follow":"follow","max-snippet":"max-snippet:-1","max-image-preview":"max-image-preview:large","max-video-preview":"max-video-preview:-1"},"canonical":"https:\/\/bbqentertainment.com\/toode\/eti-thermastick-veekindel-taskutermomeeter-punane\/","og_locale":"en_US","og_type":"article","og_title":"ETI ThermaStick\u00ae veekindel taskutermomeeter, punane - BBQ Entertainment","og_description":"Veekindel ThermaStick termomeeter kiire reageerimisega. M\u00f5\u00f5tevahemik \u201349,9 kuni +299,9\u202f\u00b0C, suur ekraan ja max\/min funktsioon.","og_url":"https:\/\/bbqentertainment.com\/toode\/eti-thermastick-veekindel-taskutermomeeter-punane\/","og_site_name":"BBQ Entertainment","article_publisher":"https:\/\/www.facebook.com\/BBQ-Entertainment-N-Catering-2437913376443540","article_modified_time":"2025-07-25T10:45:39+00:00","og_image":[{"width":700,"height":700,"url":"https:\/\/bbqentertainment.com\/wp-content\/uploads\/2025\/04\/thermastick-pocket-thermometers.jpg","type":"image\/jpeg"}],"twitter_card":"summary_large_image","twitter_misc":{"Est. reading time":"1 minute"},"schema":{"@context":"https:\/\/schema.org","@graph":[{"@type":["WebPage","ItemPage"],"@id":"https:\/\/bbqentertainment.com\/toode\/eti-thermastick-veekindel-taskutermomeeter-punane\/","url":"https:\/\/bbqentertainment.com\/toode\/eti-thermastick-veekindel-taskutermomeeter-punane\/","name":"ETI ThermaStick\u00ae veekindel taskutermomeeter, punane - BBQ Entertainment","isPartOf":{"@id":"https:\/\/bbqentertainment.com\/#website"},"primaryImageOfPage":{"@id":"https:\/\/bbqentertainment.com\/toode\/eti-thermastick-veekindel-taskutermomeeter-punane\/#primaryimage"},"image":{"@id":"https:\/\/bbqentertainment.com\/toode\/eti-thermastick-veekindel-taskutermomeeter-punane\/#primaryimage"},"thumbnailUrl":"https:\/\/bbqentertainment.com\/wp-content\/uploads\/2025\/04\/thermastick-pocket-thermometers.jpg","datePublished":"2025-04-23T11:27:33+00:00","dateModified":"2025-07-25T10:45:39+00:00","description":"Veekindel ThermaStick termomeeter kiire reageerimisega. M\u00f5\u00f5tevahemik \u201349,9 kuni +299,9\u202f\u00b0C, suur ekraan ja max\/min funktsioon.","breadcrumb":{"@id":"https:\/\/bbqentertainment.com\/toode\/eti-thermastick-veekindel-taskutermomeeter-punane\/#breadcrumb"},"inLanguage":"en-US","potentialAction":[{"@type":"ReadAction","target":["https:\/\/bbqentertainment.com\/toode\/eti-thermastick-veekindel-taskutermomeeter-punane\/"]}]},{"@type":"ImageObject","inLanguage":"en-US","@id":"https:\/\/bbqentertainment.com\/toode\/eti-thermastick-veekindel-taskutermomeeter-punane\/#primaryimage","url":"https:\/\/bbqentertainment.com\/wp-content\/uploads\/2025\/04\/thermastick-pocket-thermometers.jpg","contentUrl":"https:\/\/bbqentertainment.com\/wp-content\/uploads\/2025\/04\/thermastick-pocket-thermometers.jpg","width":700,"height":700},{"@type":"BreadcrumbList","@id":"https:\/\/bbqentertainment.com\/toode\/eti-thermastick-veekindel-taskutermomeeter-punane\/#breadcrumb","itemListElement":[{"@type":"ListItem","position":1,"name":"AVALEHT","item":"https:\/\/bbqentertainment.com\/en\/"},{"@type":"ListItem","position":2,"name":"Tooted","item":"https:\/\/bbqentertainment.com\/tooted\/"},{"@type":"ListItem","position":3,"name":"Lisatarvikud","item":"https:\/\/bbqentertainment.com\/tootekategooria\/lisatarvikud\/"},{"@type":"ListItem","position":4,"name":"Termomeetrid","item":"https:\/\/bbqentertainment.com\/tootekategooria\/lisatarvikud\/termomeetrid\/"},{"@type":"ListItem","position":5,"name":"ETI ThermaStick\u00ae veekindel taskutermomeeter, punane"}]},{"@type":"WebSite","@id":"https:\/\/bbqentertainment.com\/#website","url":"https:\/\/bbqentertainment.com\/","name":"BBQ Entertainment","description":"BBQ is a great lifestyle, not just fun!","publisher":{"@id":"https:\/\/bbqentertainment.com\/#organization"},"potentialAction":[{"@type":"SearchAction","target":{"@type":"EntryPoint","urlTemplate":"https:\/\/bbqentertainment.com\/?s={search_term_string}"},"query-input":{"@type":"PropertyValueSpecification","valueRequired":true,"valueName":"search_term_string"}}],"inLanguage":"en-US"},{"@type":"Organization","@id":"https:\/\/bbqentertainment.com\/#organization","name":"BBQ Entertainment O\u00dc","url":"https:\/\/bbqentertainment.com\/","logo":{"@type":"ImageObject","inLanguage":"en-US","@id":"https:\/\/bbqentertainment.com\/#\/schema\/logo\/image\/","url":"https:\/\/bbqentertainment.com\/wp-content\/uploads\/2020\/04\/BBQ-Entertainment-N-Catering-Enn-Tobreluts-Logo.png","contentUrl":"https:\/\/bbqentertainment.com\/wp-content\/uploads\/2020\/04\/BBQ-Entertainment-N-Catering-Enn-Tobreluts-Logo.png","width":628,"height":266,"caption":"BBQ Entertainment O\u00dc"},"image":{"@id":"https:\/\/bbqentertainment.com\/#\/schema\/logo\/image\/"},"sameAs":["https:\/\/www.facebook.com\/BBQ-Entertainment-N-Catering-2437913376443540","https:\/\/www.instagram.com\/bbqentertainmentncatering\/","https:\/\/www.youtube.com\/channel\/UCmpuANQVhLy2Md8nrenp2jA"]}]}},"_links":{"self":[{"href":"https:\/\/bbqentertainment.com\/en\/wp-json\/wp\/v2\/product\/251870","targetHints":{"allow":["GET"]}}],"collection":[{"href":"https:\/\/bbqentertainment.com\/en\/wp-json\/wp\/v2\/product"}],"about":[{"href":"https:\/\/bbqentertainment.com\/en\/wp-json\/wp\/v2\/types\/product"}],"wp:featuredmedia":[{"embeddable":true,"href":"https:\/\/bbqentertainment.com\/en\/wp-json\/wp\/v2\/media\/251877"}],"wp:attachment":[{"href":"https:\/\/bbqentertainment.com\/en\/wp-json\/wp\/v2\/media?parent=251870"}],"wp:term":[{"taxonomy":"product_brand","embeddable":true,"href":"https:\/\/bbqentertainment.com\/en\/wp-json\/wp\/v2\/product_brand?post=251870"},{"taxonomy":"product_cat","embeddable":true,"href":"https:\/\/bbqentertainment.com\/en\/wp-json\/wp\/v2\/product_cat?post=251870"},{"taxonomy":"product_tag","embeddable":true,"href":"https:\/\/bbqentertainment.com\/en\/wp-json\/wp\/v2\/product_tag?post=251870"}],"curies":[{"name":"wp","href":"https:\/\/api.w.org\/{rel}","templated":true}]}}