{"id":251912,"date":"2025-04-23T18:34:31","date_gmt":"2025-04-23T15:34:31","guid":{"rendered":"https:\/\/bbqentertainment.com\/?post_type=product&#038;p=251912"},"modified":"2026-04-06T12:26:39","modified_gmt":"2026-04-06T09:26:39","slug":"napoleon-toiteallika-komplekt-700-seeria-bib-kulgpoletitele","status":"publish","type":"product","link":"https:\/\/bbqentertainment.com\/en\/toode\/napoleon-toiteallika-komplekt-700-seeria-bib-kulgpoletitele\/","title":{"rendered":"Napoleon toiteallika komplekt 700-seeria BIB k\u00fclgp\u00f5letitele"},"content":{"rendered":"","protected":false},"excerpt":{"rendered":"<h3><strong>Napoleon toiteallika komplekt 700-seeria BIB k\u00fclgp\u00f5letitele<\/strong><\/h3>\n<p class=\"\" data-start=\"54\" data-end=\"299\">Napoleon 700 seeria grillide varutoiteplokk. Tegu on originaalvaruosaga, mis on uus ja tarnitakse tehase originaalpakendis. Tegemist ei ole j\u00e4relturu tootega ega koopia, vaid tootja poolt heaks kiidetud asendusosaga.<\/p>\n<p class=\"\" data-start=\"301\" data-end=\"372\"><strong data-start=\"301\" data-end=\"313\">Sobivus: <\/strong>\u00a0Napoleon 700 seeria k\u00fclgp\u00f5letitele (BIB mudelid)<\/p>\n","protected":false},"featured_media":251915,"template":"","meta":{"inline_featured_image":false},"product_brand":[],"product_cat":[562],"product_tag":[],"class_list":{"0":"post-251912","1":"product","2":"type-product","3":"status-publish","4":"has-post-thumbnail","6":"product_cat-lisatarvikud-napoleon","8":"first","9":"instock","10":"taxable","11":"shipping-taxable","12":"purchasable","13":"product-type-simple"},"yoast_head":"<!-- This site is optimized with the Yoast SEO plugin v27.4 - https:\/\/yoast.com\/product\/yoast-seo-wordpress\/ -->\n<title>Napoleon toiteallika komplekt 700-seeria BIB k\u00fclgp\u00f5letitele - BBQ Entertainment<\/title>\n<meta name=\"robots\" content=\"index, follow, max-snippet:-1, max-image-preview:large, max-video-preview:-1\" \/>\n<link rel=\"canonical\" href=\"https:\/\/bbqentertainment.com\/toode\/napoleon-toiteallika-komplekt-700-seeria-bib-kulgpoletitele\/\" \/>\n<meta property=\"og:locale\" content=\"en_US\" \/>\n<meta property=\"og:type\" content=\"article\" \/>\n<meta property=\"og:title\" content=\"Napoleon toiteallika komplekt 700-seeria BIB k\u00fclgp\u00f5letitele - BBQ Entertainment\" \/>\n<meta property=\"og:description\" content=\"Napoleon toiteallika komplekt 700-seeria BIB k\u00fclgp\u00f5letitele Napoleon 700 seeria grillide varutoiteplokk. Tegu on originaalvaruosaga, mis on uus ja tarnitakse tehase originaalpakendis. Tegemist ei ole j\u00e4relturu tootega ega koopia, vaid tootja poolt heaks kiidetud asendusosaga. Sobivus: \u00a0Napoleon 700 seeria k\u00fclgp\u00f5letitele (BIB mudelid)\" \/>\n<meta property=\"og:url\" content=\"https:\/\/bbqentertainment.com\/toode\/napoleon-toiteallika-komplekt-700-seeria-bib-kulgpoletitele\/\" \/>\n<meta property=\"og:site_name\" content=\"BBQ Entertainment\" \/>\n<meta property=\"article:publisher\" content=\"https:\/\/www.facebook.com\/BBQ-Entertainment-N-Catering-2437913376443540\" \/>\n<meta property=\"article:modified_time\" content=\"2026-04-06T09:26:39+00:00\" \/>\n<meta property=\"og:image\" content=\"https:\/\/bbqentertainment.com\/wp-content\/uploads\/2025\/04\/napoleon-napoleon-power-supply-kit-700-series-burners-n370-1091-ser-n370-1091-ser-part-burner-bbq-31933108191294_600x600_crop_center.jpg.webp\" \/>\n\t<meta property=\"og:image:width\" content=\"600\" \/>\n\t<meta property=\"og:image:height\" content=\"600\" \/>\n\t<meta property=\"og:image:type\" content=\"image\/webp\" \/>\n<meta name=\"twitter:card\" content=\"summary_large_image\" \/>\n<meta name=\"twitter:label1\" content=\"Est. reading time\" \/>\n\t<meta name=\"twitter:data1\" content=\"1 minute\" \/>\n<script type=\"application\/ld+json\" class=\"yoast-schema-graph\">{\"@context\":\"https:\\\/\\\/schema.org\",\"@graph\":[{\"@type\":[\"WebPage\",\"ItemPage\"],\"@id\":\"https:\\\/\\\/bbqentertainment.com\\\/toode\\\/napoleon-toiteallika-komplekt-700-seeria-bib-kulgpoletitele\\\/\",\"url\":\"https:\\\/\\\/bbqentertainment.com\\\/toode\\\/napoleon-toiteallika-komplekt-700-seeria-bib-kulgpoletitele\\\/\",\"name\":\"Napoleon toiteallika komplekt 700-seeria BIB k\u00fclgp\u00f5letitele - BBQ Entertainment\",\"isPartOf\":{\"@id\":\"https:\\\/\\\/bbqentertainment.com\\\/#website\"},\"primaryImageOfPage\":{\"@id\":\"https:\\\/\\\/bbqentertainment.com\\\/toode\\\/napoleon-toiteallika-komplekt-700-seeria-bib-kulgpoletitele\\\/#primaryimage\"},\"image\":{\"@id\":\"https:\\\/\\\/bbqentertainment.com\\\/toode\\\/napoleon-toiteallika-komplekt-700-seeria-bib-kulgpoletitele\\\/#primaryimage\"},\"thumbnailUrl\":\"https:\\\/\\\/bbqentertainment.com\\\/wp-content\\\/uploads\\\/2025\\\/04\\\/napoleon-napoleon-power-supply-kit-700-series-burners-n370-1091-ser-n370-1091-ser-part-burner-bbq-31933108191294_600x600_crop_center.jpg.webp\",\"datePublished\":\"2025-04-23T15:34:31+00:00\",\"dateModified\":\"2026-04-06T09:26:39+00:00\",\"breadcrumb\":{\"@id\":\"https:\\\/\\\/bbqentertainment.com\\\/toode\\\/napoleon-toiteallika-komplekt-700-seeria-bib-kulgpoletitele\\\/#breadcrumb\"},\"inLanguage\":\"en-US\",\"potentialAction\":[{\"@type\":\"ReadAction\",\"target\":[\"https:\\\/\\\/bbqentertainment.com\\\/toode\\\/napoleon-toiteallika-komplekt-700-seeria-bib-kulgpoletitele\\\/\"]}]},{\"@type\":\"ImageObject\",\"inLanguage\":\"en-US\",\"@id\":\"https:\\\/\\\/bbqentertainment.com\\\/toode\\\/napoleon-toiteallika-komplekt-700-seeria-bib-kulgpoletitele\\\/#primaryimage\",\"url\":\"https:\\\/\\\/bbqentertainment.com\\\/wp-content\\\/uploads\\\/2025\\\/04\\\/napoleon-napoleon-power-supply-kit-700-series-burners-n370-1091-ser-n370-1091-ser-part-burner-bbq-31933108191294_600x600_crop_center.jpg.webp\",\"contentUrl\":\"https:\\\/\\\/bbqentertainment.com\\\/wp-content\\\/uploads\\\/2025\\\/04\\\/napoleon-napoleon-power-supply-kit-700-series-burners-n370-1091-ser-n370-1091-ser-part-burner-bbq-31933108191294_600x600_crop_center.jpg.webp\",\"width\":600,\"height\":600},{\"@type\":\"BreadcrumbList\",\"@id\":\"https:\\\/\\\/bbqentertainment.com\\\/toode\\\/napoleon-toiteallika-komplekt-700-seeria-bib-kulgpoletitele\\\/#breadcrumb\",\"itemListElement\":[{\"@type\":\"ListItem\",\"position\":1,\"name\":\"AVALEHT\",\"item\":\"https:\\\/\\\/bbqentertainment.com\\\/en\\\/\"},{\"@type\":\"ListItem\",\"position\":2,\"name\":\"Tooted\",\"item\":\"https:\\\/\\\/bbqentertainment.com\\\/tooted\\\/\"},{\"@type\":\"ListItem\",\"position\":3,\"name\":\"Lisatarvikud\",\"item\":\"https:\\\/\\\/bbqentertainment.com\\\/tootekategooria\\\/lisatarvikud\\\/\"},{\"@type\":\"ListItem\",\"position\":4,\"name\":\"Napoleon toiteallika komplekt 700-seeria BIB k\u00fclgp\u00f5letitele\"}]},{\"@type\":\"WebSite\",\"@id\":\"https:\\\/\\\/bbqentertainment.com\\\/#website\",\"url\":\"https:\\\/\\\/bbqentertainment.com\\\/\",\"name\":\"BBQ Entertainment\",\"description\":\"BBQ is a great lifestyle, not just fun!\",\"publisher\":{\"@id\":\"https:\\\/\\\/bbqentertainment.com\\\/#organization\"},\"potentialAction\":[{\"@type\":\"SearchAction\",\"target\":{\"@type\":\"EntryPoint\",\"urlTemplate\":\"https:\\\/\\\/bbqentertainment.com\\\/?s={search_term_string}\"},\"query-input\":{\"@type\":\"PropertyValueSpecification\",\"valueRequired\":true,\"valueName\":\"search_term_string\"}}],\"inLanguage\":\"en-US\"},{\"@type\":\"Organization\",\"@id\":\"https:\\\/\\\/bbqentertainment.com\\\/#organization\",\"name\":\"BBQ Entertainment O\u00dc\",\"url\":\"https:\\\/\\\/bbqentertainment.com\\\/\",\"logo\":{\"@type\":\"ImageObject\",\"inLanguage\":\"en-US\",\"@id\":\"https:\\\/\\\/bbqentertainment.com\\\/#\\\/schema\\\/logo\\\/image\\\/\",\"url\":\"https:\\\/\\\/bbqentertainment.com\\\/wp-content\\\/uploads\\\/2020\\\/04\\\/BBQ-Entertainment-N-Catering-Enn-Tobreluts-Logo.png\",\"contentUrl\":\"https:\\\/\\\/bbqentertainment.com\\\/wp-content\\\/uploads\\\/2020\\\/04\\\/BBQ-Entertainment-N-Catering-Enn-Tobreluts-Logo.png\",\"width\":628,\"height\":266,\"caption\":\"BBQ Entertainment O\u00dc\"},\"image\":{\"@id\":\"https:\\\/\\\/bbqentertainment.com\\\/#\\\/schema\\\/logo\\\/image\\\/\"},\"sameAs\":[\"https:\\\/\\\/www.facebook.com\\\/BBQ-Entertainment-N-Catering-2437913376443540\",\"https:\\\/\\\/www.instagram.com\\\/bbqentertainmentncatering\\\/\",\"https:\\\/\\\/www.youtube.com\\\/channel\\\/UCmpuANQVhLy2Md8nrenp2jA\"]}]}<\/script>\n<!-- \/ Yoast SEO plugin. -->","yoast_head_json":{"title":"Napoleon toiteallika komplekt 700-seeria BIB k\u00fclgp\u00f5letitele - BBQ Entertainment","robots":{"index":"index","follow":"follow","max-snippet":"max-snippet:-1","max-image-preview":"max-image-preview:large","max-video-preview":"max-video-preview:-1"},"canonical":"https:\/\/bbqentertainment.com\/toode\/napoleon-toiteallika-komplekt-700-seeria-bib-kulgpoletitele\/","og_locale":"en_US","og_type":"article","og_title":"Napoleon toiteallika komplekt 700-seeria BIB k\u00fclgp\u00f5letitele - BBQ Entertainment","og_description":"Napoleon toiteallika komplekt 700-seeria BIB k\u00fclgp\u00f5letitele Napoleon 700 seeria grillide varutoiteplokk. Tegu on originaalvaruosaga, mis on uus ja tarnitakse tehase originaalpakendis. Tegemist ei ole j\u00e4relturu tootega ega koopia, vaid tootja poolt heaks kiidetud asendusosaga. Sobivus: \u00a0Napoleon 700 seeria k\u00fclgp\u00f5letitele (BIB mudelid)","og_url":"https:\/\/bbqentertainment.com\/toode\/napoleon-toiteallika-komplekt-700-seeria-bib-kulgpoletitele\/","og_site_name":"BBQ Entertainment","article_publisher":"https:\/\/www.facebook.com\/BBQ-Entertainment-N-Catering-2437913376443540","article_modified_time":"2026-04-06T09:26:39+00:00","og_image":[{"width":600,"height":600,"url":"https:\/\/bbqentertainment.com\/wp-content\/uploads\/2025\/04\/napoleon-napoleon-power-supply-kit-700-series-burners-n370-1091-ser-n370-1091-ser-part-burner-bbq-31933108191294_600x600_crop_center.jpg.webp","type":"image\/webp"}],"twitter_card":"summary_large_image","twitter_misc":{"Est. reading time":"1 minute"},"schema":{"@context":"https:\/\/schema.org","@graph":[{"@type":["WebPage","ItemPage"],"@id":"https:\/\/bbqentertainment.com\/toode\/napoleon-toiteallika-komplekt-700-seeria-bib-kulgpoletitele\/","url":"https:\/\/bbqentertainment.com\/toode\/napoleon-toiteallika-komplekt-700-seeria-bib-kulgpoletitele\/","name":"Napoleon toiteallika komplekt 700-seeria BIB k\u00fclgp\u00f5letitele - BBQ Entertainment","isPartOf":{"@id":"https:\/\/bbqentertainment.com\/#website"},"primaryImageOfPage":{"@id":"https:\/\/bbqentertainment.com\/toode\/napoleon-toiteallika-komplekt-700-seeria-bib-kulgpoletitele\/#primaryimage"},"image":{"@id":"https:\/\/bbqentertainment.com\/toode\/napoleon-toiteallika-komplekt-700-seeria-bib-kulgpoletitele\/#primaryimage"},"thumbnailUrl":"https:\/\/bbqentertainment.com\/wp-content\/uploads\/2025\/04\/napoleon-napoleon-power-supply-kit-700-series-burners-n370-1091-ser-n370-1091-ser-part-burner-bbq-31933108191294_600x600_crop_center.jpg.webp","datePublished":"2025-04-23T15:34:31+00:00","dateModified":"2026-04-06T09:26:39+00:00","breadcrumb":{"@id":"https:\/\/bbqentertainment.com\/toode\/napoleon-toiteallika-komplekt-700-seeria-bib-kulgpoletitele\/#breadcrumb"},"inLanguage":"en-US","potentialAction":[{"@type":"ReadAction","target":["https:\/\/bbqentertainment.com\/toode\/napoleon-toiteallika-komplekt-700-seeria-bib-kulgpoletitele\/"]}]},{"@type":"ImageObject","inLanguage":"en-US","@id":"https:\/\/bbqentertainment.com\/toode\/napoleon-toiteallika-komplekt-700-seeria-bib-kulgpoletitele\/#primaryimage","url":"https:\/\/bbqentertainment.com\/wp-content\/uploads\/2025\/04\/napoleon-napoleon-power-supply-kit-700-series-burners-n370-1091-ser-n370-1091-ser-part-burner-bbq-31933108191294_600x600_crop_center.jpg.webp","contentUrl":"https:\/\/bbqentertainment.com\/wp-content\/uploads\/2025\/04\/napoleon-napoleon-power-supply-kit-700-series-burners-n370-1091-ser-n370-1091-ser-part-burner-bbq-31933108191294_600x600_crop_center.jpg.webp","width":600,"height":600},{"@type":"BreadcrumbList","@id":"https:\/\/bbqentertainment.com\/toode\/napoleon-toiteallika-komplekt-700-seeria-bib-kulgpoletitele\/#breadcrumb","itemListElement":[{"@type":"ListItem","position":1,"name":"AVALEHT","item":"https:\/\/bbqentertainment.com\/en\/"},{"@type":"ListItem","position":2,"name":"Tooted","item":"https:\/\/bbqentertainment.com\/tooted\/"},{"@type":"ListItem","position":3,"name":"Lisatarvikud","item":"https:\/\/bbqentertainment.com\/tootekategooria\/lisatarvikud\/"},{"@type":"ListItem","position":4,"name":"Napoleon toiteallika komplekt 700-seeria BIB k\u00fclgp\u00f5letitele"}]},{"@type":"WebSite","@id":"https:\/\/bbqentertainment.com\/#website","url":"https:\/\/bbqentertainment.com\/","name":"BBQ Entertainment","description":"BBQ is a great lifestyle, not just fun!","publisher":{"@id":"https:\/\/bbqentertainment.com\/#organization"},"potentialAction":[{"@type":"SearchAction","target":{"@type":"EntryPoint","urlTemplate":"https:\/\/bbqentertainment.com\/?s={search_term_string}"},"query-input":{"@type":"PropertyValueSpecification","valueRequired":true,"valueName":"search_term_string"}}],"inLanguage":"en-US"},{"@type":"Organization","@id":"https:\/\/bbqentertainment.com\/#organization","name":"BBQ Entertainment O\u00dc","url":"https:\/\/bbqentertainment.com\/","logo":{"@type":"ImageObject","inLanguage":"en-US","@id":"https:\/\/bbqentertainment.com\/#\/schema\/logo\/image\/","url":"https:\/\/bbqentertainment.com\/wp-content\/uploads\/2020\/04\/BBQ-Entertainment-N-Catering-Enn-Tobreluts-Logo.png","contentUrl":"https:\/\/bbqentertainment.com\/wp-content\/uploads\/2020\/04\/BBQ-Entertainment-N-Catering-Enn-Tobreluts-Logo.png","width":628,"height":266,"caption":"BBQ Entertainment O\u00dc"},"image":{"@id":"https:\/\/bbqentertainment.com\/#\/schema\/logo\/image\/"},"sameAs":["https:\/\/www.facebook.com\/BBQ-Entertainment-N-Catering-2437913376443540","https:\/\/www.instagram.com\/bbqentertainmentncatering\/","https:\/\/www.youtube.com\/channel\/UCmpuANQVhLy2Md8nrenp2jA"]}]}},"_links":{"self":[{"href":"https:\/\/bbqentertainment.com\/en\/wp-json\/wp\/v2\/product\/251912","targetHints":{"allow":["GET"]}}],"collection":[{"href":"https:\/\/bbqentertainment.com\/en\/wp-json\/wp\/v2\/product"}],"about":[{"href":"https:\/\/bbqentertainment.com\/en\/wp-json\/wp\/v2\/types\/product"}],"wp:featuredmedia":[{"embeddable":true,"href":"https:\/\/bbqentertainment.com\/en\/wp-json\/wp\/v2\/media\/251915"}],"wp:attachment":[{"href":"https:\/\/bbqentertainment.com\/en\/wp-json\/wp\/v2\/media?parent=251912"}],"wp:term":[{"taxonomy":"product_brand","embeddable":true,"href":"https:\/\/bbqentertainment.com\/en\/wp-json\/wp\/v2\/product_brand?post=251912"},{"taxonomy":"product_cat","embeddable":true,"href":"https:\/\/bbqentertainment.com\/en\/wp-json\/wp\/v2\/product_cat?post=251912"},{"taxonomy":"product_tag","embeddable":true,"href":"https:\/\/bbqentertainment.com\/en\/wp-json\/wp\/v2\/product_tag?post=251912"}],"curies":[{"name":"wp","href":"https:\/\/api.w.org\/{rel}","templated":true}]}}