{"id":251918,"date":"2025-04-23T19:13:56","date_gmt":"2025-04-23T16:13:56","guid":{"rendered":"https:\/\/bbqentertainment.com\/?post_type=product&#038;p=251918"},"modified":"2026-04-06T12:26:39","modified_gmt":"2026-04-06T09:26:39","slug":"napoleon-varupoleti-ja-2-rasvahajutajat-rogue-ja-prestige-500-grillidele","status":"publish","type":"product","link":"https:\/\/bbqentertainment.com\/en\/toode\/napoleon-varupoleti-ja-2-rasvahajutajat-rogue-ja-prestige-500-grillidele\/","title":{"rendered":"Napoleon varup\u00f5leti ja 2 rasvahajutajat Rogue ja Prestige 500 grillidele"},"content":{"rendered":"","protected":false},"excerpt":{"rendered":"<h3><strong>Napoleon varup\u00f5leti ja 2 rasvahajutajat Rogue ja Prestige 500 grillidele<\/strong><\/h3>\n<p class=\"\" data-start=\"75\" data-end=\"410\">See varuosakomplekt sisaldab \u00fchte p\u00f5letit ja kahte sear-plaati, mis on m\u00f5eldud Napoleon Rogue ja Prestige 500 seeria grillidele.<\/p>\n<p class=\"\" data-start=\"75\" data-end=\"410\">Osad on valmistatud vastavalt tootja originaalspetsifikatsioonidele, tagades t\u00e4pse sobivuse ja usaldusv\u00e4\u00e4rse kvaliteedi. Tugev konstruktsioon tagab pika kasutusea ja t\u00f6\u00f6kindluse ka intensiivsel kasutamisel.<\/p>\n<p>&nbsp;<\/p>\n","protected":false},"featured_media":251919,"template":"","meta":{"inline_featured_image":false},"product_brand":[],"product_cat":[562],"product_tag":[],"class_list":{"0":"post-251918","1":"product","2":"type-product","3":"status-publish","4":"has-post-thumbnail","6":"product_cat-lisatarvikud-napoleon","8":"first","9":"instock","10":"taxable","11":"shipping-taxable","12":"purchasable","13":"product-type-simple"},"yoast_head":"<!-- This site is optimized with the Yoast SEO plugin v27.4 - https:\/\/yoast.com\/product\/yoast-seo-wordpress\/ -->\n<title>Napoleon varup\u00f5leti ja 2 rasvahajutajat Rogue ja Prestige 500 grillidele - BBQ Entertainment<\/title>\n<meta name=\"robots\" content=\"index, follow, max-snippet:-1, max-image-preview:large, max-video-preview:-1\" \/>\n<link rel=\"canonical\" href=\"https:\/\/bbqentertainment.com\/toode\/napoleon-varupoleti-ja-2-rasvahajutajat-rogue-ja-prestige-500-grillidele\/\" \/>\n<meta property=\"og:locale\" content=\"en_US\" \/>\n<meta property=\"og:type\" content=\"article\" \/>\n<meta property=\"og:title\" content=\"Napoleon varup\u00f5leti ja 2 rasvahajutajat Rogue ja Prestige 500 grillidele - BBQ Entertainment\" \/>\n<meta property=\"og:description\" content=\"Napoleon varup\u00f5leti ja 2 rasvahajutajat Rogue ja Prestige 500 grillidele See varuosakomplekt sisaldab \u00fchte p\u00f5letit ja kahte sear-plaati, mis on m\u00f5eldud Napoleon Rogue ja Prestige 500 seeria grillidele. Osad on valmistatud vastavalt tootja originaalspetsifikatsioonidele, tagades t\u00e4pse sobivuse ja usaldusv\u00e4\u00e4rse kvaliteedi. Tugev konstruktsioon tagab pika kasutusea ja t\u00f6\u00f6kindluse ka intensiivsel kasutamisel. &nbsp;\" \/>\n<meta property=\"og:url\" content=\"https:\/\/bbqentertainment.com\/toode\/napoleon-varupoleti-ja-2-rasvahajutajat-rogue-ja-prestige-500-grillidele\/\" \/>\n<meta property=\"og:site_name\" content=\"BBQ Entertainment\" \/>\n<meta property=\"article:publisher\" content=\"https:\/\/www.facebook.com\/BBQ-Entertainment-N-Catering-2437913376443540\" \/>\n<meta property=\"article:modified_time\" content=\"2026-04-06T09:26:39+00:00\" \/>\n<meta property=\"og:image\" content=\"https:\/\/bbqentertainment.com\/wp-content\/uploads\/2025\/04\/s87001.jpg\" \/>\n\t<meta property=\"og:image:width\" content=\"700\" \/>\n\t<meta property=\"og:image:height\" content=\"700\" \/>\n\t<meta property=\"og:image:type\" content=\"image\/jpeg\" \/>\n<meta name=\"twitter:card\" content=\"summary_large_image\" \/>\n<meta name=\"twitter:label1\" content=\"Est. reading time\" \/>\n\t<meta name=\"twitter:data1\" content=\"1 minute\" \/>\n<script type=\"application\/ld+json\" class=\"yoast-schema-graph\">{\"@context\":\"https:\\\/\\\/schema.org\",\"@graph\":[{\"@type\":[\"WebPage\",\"ItemPage\"],\"@id\":\"https:\\\/\\\/bbqentertainment.com\\\/toode\\\/napoleon-varupoleti-ja-2-rasvahajutajat-rogue-ja-prestige-500-grillidele\\\/\",\"url\":\"https:\\\/\\\/bbqentertainment.com\\\/toode\\\/napoleon-varupoleti-ja-2-rasvahajutajat-rogue-ja-prestige-500-grillidele\\\/\",\"name\":\"Napoleon varup\u00f5leti ja 2 rasvahajutajat Rogue ja Prestige 500 grillidele - BBQ Entertainment\",\"isPartOf\":{\"@id\":\"https:\\\/\\\/bbqentertainment.com\\\/#website\"},\"primaryImageOfPage\":{\"@id\":\"https:\\\/\\\/bbqentertainment.com\\\/toode\\\/napoleon-varupoleti-ja-2-rasvahajutajat-rogue-ja-prestige-500-grillidele\\\/#primaryimage\"},\"image\":{\"@id\":\"https:\\\/\\\/bbqentertainment.com\\\/toode\\\/napoleon-varupoleti-ja-2-rasvahajutajat-rogue-ja-prestige-500-grillidele\\\/#primaryimage\"},\"thumbnailUrl\":\"https:\\\/\\\/bbqentertainment.com\\\/wp-content\\\/uploads\\\/2025\\\/04\\\/s87001.jpg\",\"datePublished\":\"2025-04-23T16:13:56+00:00\",\"dateModified\":\"2026-04-06T09:26:39+00:00\",\"breadcrumb\":{\"@id\":\"https:\\\/\\\/bbqentertainment.com\\\/toode\\\/napoleon-varupoleti-ja-2-rasvahajutajat-rogue-ja-prestige-500-grillidele\\\/#breadcrumb\"},\"inLanguage\":\"en-US\",\"potentialAction\":[{\"@type\":\"ReadAction\",\"target\":[\"https:\\\/\\\/bbqentertainment.com\\\/toode\\\/napoleon-varupoleti-ja-2-rasvahajutajat-rogue-ja-prestige-500-grillidele\\\/\"]}]},{\"@type\":\"ImageObject\",\"inLanguage\":\"en-US\",\"@id\":\"https:\\\/\\\/bbqentertainment.com\\\/toode\\\/napoleon-varupoleti-ja-2-rasvahajutajat-rogue-ja-prestige-500-grillidele\\\/#primaryimage\",\"url\":\"https:\\\/\\\/bbqentertainment.com\\\/wp-content\\\/uploads\\\/2025\\\/04\\\/s87001.jpg\",\"contentUrl\":\"https:\\\/\\\/bbqentertainment.com\\\/wp-content\\\/uploads\\\/2025\\\/04\\\/s87001.jpg\",\"width\":700,\"height\":700},{\"@type\":\"BreadcrumbList\",\"@id\":\"https:\\\/\\\/bbqentertainment.com\\\/toode\\\/napoleon-varupoleti-ja-2-rasvahajutajat-rogue-ja-prestige-500-grillidele\\\/#breadcrumb\",\"itemListElement\":[{\"@type\":\"ListItem\",\"position\":1,\"name\":\"AVALEHT\",\"item\":\"https:\\\/\\\/bbqentertainment.com\\\/en\\\/\"},{\"@type\":\"ListItem\",\"position\":2,\"name\":\"Tooted\",\"item\":\"https:\\\/\\\/bbqentertainment.com\\\/tooted\\\/\"},{\"@type\":\"ListItem\",\"position\":3,\"name\":\"Lisatarvikud\",\"item\":\"https:\\\/\\\/bbqentertainment.com\\\/tootekategooria\\\/lisatarvikud\\\/\"},{\"@type\":\"ListItem\",\"position\":4,\"name\":\"Lisatarvikud Napoleon\",\"item\":\"https:\\\/\\\/bbqentertainment.com\\\/tootekategooria\\\/lisatarvikud\\\/lisatarvikud-napoleon\\\/\"},{\"@type\":\"ListItem\",\"position\":5,\"name\":\"Napoleon varup\u00f5leti ja 2 rasvahajutajat Rogue ja Prestige 500 grillidele\"}]},{\"@type\":\"WebSite\",\"@id\":\"https:\\\/\\\/bbqentertainment.com\\\/#website\",\"url\":\"https:\\\/\\\/bbqentertainment.com\\\/\",\"name\":\"BBQ Entertainment\",\"description\":\"BBQ is a great lifestyle, not just fun!\",\"publisher\":{\"@id\":\"https:\\\/\\\/bbqentertainment.com\\\/#organization\"},\"potentialAction\":[{\"@type\":\"SearchAction\",\"target\":{\"@type\":\"EntryPoint\",\"urlTemplate\":\"https:\\\/\\\/bbqentertainment.com\\\/?s={search_term_string}\"},\"query-input\":{\"@type\":\"PropertyValueSpecification\",\"valueRequired\":true,\"valueName\":\"search_term_string\"}}],\"inLanguage\":\"en-US\"},{\"@type\":\"Organization\",\"@id\":\"https:\\\/\\\/bbqentertainment.com\\\/#organization\",\"name\":\"BBQ Entertainment O\u00dc\",\"url\":\"https:\\\/\\\/bbqentertainment.com\\\/\",\"logo\":{\"@type\":\"ImageObject\",\"inLanguage\":\"en-US\",\"@id\":\"https:\\\/\\\/bbqentertainment.com\\\/#\\\/schema\\\/logo\\\/image\\\/\",\"url\":\"https:\\\/\\\/bbqentertainment.com\\\/wp-content\\\/uploads\\\/2020\\\/04\\\/BBQ-Entertainment-N-Catering-Enn-Tobreluts-Logo.png\",\"contentUrl\":\"https:\\\/\\\/bbqentertainment.com\\\/wp-content\\\/uploads\\\/2020\\\/04\\\/BBQ-Entertainment-N-Catering-Enn-Tobreluts-Logo.png\",\"width\":628,\"height\":266,\"caption\":\"BBQ Entertainment O\u00dc\"},\"image\":{\"@id\":\"https:\\\/\\\/bbqentertainment.com\\\/#\\\/schema\\\/logo\\\/image\\\/\"},\"sameAs\":[\"https:\\\/\\\/www.facebook.com\\\/BBQ-Entertainment-N-Catering-2437913376443540\",\"https:\\\/\\\/www.instagram.com\\\/bbqentertainmentncatering\\\/\",\"https:\\\/\\\/www.youtube.com\\\/channel\\\/UCmpuANQVhLy2Md8nrenp2jA\"]}]}<\/script>\n<!-- \/ Yoast SEO plugin. -->","yoast_head_json":{"title":"Napoleon varup\u00f5leti ja 2 rasvahajutajat Rogue ja Prestige 500 grillidele - BBQ Entertainment","robots":{"index":"index","follow":"follow","max-snippet":"max-snippet:-1","max-image-preview":"max-image-preview:large","max-video-preview":"max-video-preview:-1"},"canonical":"https:\/\/bbqentertainment.com\/toode\/napoleon-varupoleti-ja-2-rasvahajutajat-rogue-ja-prestige-500-grillidele\/","og_locale":"en_US","og_type":"article","og_title":"Napoleon varup\u00f5leti ja 2 rasvahajutajat Rogue ja Prestige 500 grillidele - BBQ Entertainment","og_description":"Napoleon varup\u00f5leti ja 2 rasvahajutajat Rogue ja Prestige 500 grillidele See varuosakomplekt sisaldab \u00fchte p\u00f5letit ja kahte sear-plaati, mis on m\u00f5eldud Napoleon Rogue ja Prestige 500 seeria grillidele. Osad on valmistatud vastavalt tootja originaalspetsifikatsioonidele, tagades t\u00e4pse sobivuse ja usaldusv\u00e4\u00e4rse kvaliteedi. Tugev konstruktsioon tagab pika kasutusea ja t\u00f6\u00f6kindluse ka intensiivsel kasutamisel. &nbsp;","og_url":"https:\/\/bbqentertainment.com\/toode\/napoleon-varupoleti-ja-2-rasvahajutajat-rogue-ja-prestige-500-grillidele\/","og_site_name":"BBQ Entertainment","article_publisher":"https:\/\/www.facebook.com\/BBQ-Entertainment-N-Catering-2437913376443540","article_modified_time":"2026-04-06T09:26:39+00:00","og_image":[{"width":700,"height":700,"url":"https:\/\/bbqentertainment.com\/wp-content\/uploads\/2025\/04\/s87001.jpg","type":"image\/jpeg"}],"twitter_card":"summary_large_image","twitter_misc":{"Est. reading time":"1 minute"},"schema":{"@context":"https:\/\/schema.org","@graph":[{"@type":["WebPage","ItemPage"],"@id":"https:\/\/bbqentertainment.com\/toode\/napoleon-varupoleti-ja-2-rasvahajutajat-rogue-ja-prestige-500-grillidele\/","url":"https:\/\/bbqentertainment.com\/toode\/napoleon-varupoleti-ja-2-rasvahajutajat-rogue-ja-prestige-500-grillidele\/","name":"Napoleon varup\u00f5leti ja 2 rasvahajutajat Rogue ja Prestige 500 grillidele - BBQ Entertainment","isPartOf":{"@id":"https:\/\/bbqentertainment.com\/#website"},"primaryImageOfPage":{"@id":"https:\/\/bbqentertainment.com\/toode\/napoleon-varupoleti-ja-2-rasvahajutajat-rogue-ja-prestige-500-grillidele\/#primaryimage"},"image":{"@id":"https:\/\/bbqentertainment.com\/toode\/napoleon-varupoleti-ja-2-rasvahajutajat-rogue-ja-prestige-500-grillidele\/#primaryimage"},"thumbnailUrl":"https:\/\/bbqentertainment.com\/wp-content\/uploads\/2025\/04\/s87001.jpg","datePublished":"2025-04-23T16:13:56+00:00","dateModified":"2026-04-06T09:26:39+00:00","breadcrumb":{"@id":"https:\/\/bbqentertainment.com\/toode\/napoleon-varupoleti-ja-2-rasvahajutajat-rogue-ja-prestige-500-grillidele\/#breadcrumb"},"inLanguage":"en-US","potentialAction":[{"@type":"ReadAction","target":["https:\/\/bbqentertainment.com\/toode\/napoleon-varupoleti-ja-2-rasvahajutajat-rogue-ja-prestige-500-grillidele\/"]}]},{"@type":"ImageObject","inLanguage":"en-US","@id":"https:\/\/bbqentertainment.com\/toode\/napoleon-varupoleti-ja-2-rasvahajutajat-rogue-ja-prestige-500-grillidele\/#primaryimage","url":"https:\/\/bbqentertainment.com\/wp-content\/uploads\/2025\/04\/s87001.jpg","contentUrl":"https:\/\/bbqentertainment.com\/wp-content\/uploads\/2025\/04\/s87001.jpg","width":700,"height":700},{"@type":"BreadcrumbList","@id":"https:\/\/bbqentertainment.com\/toode\/napoleon-varupoleti-ja-2-rasvahajutajat-rogue-ja-prestige-500-grillidele\/#breadcrumb","itemListElement":[{"@type":"ListItem","position":1,"name":"AVALEHT","item":"https:\/\/bbqentertainment.com\/en\/"},{"@type":"ListItem","position":2,"name":"Tooted","item":"https:\/\/bbqentertainment.com\/tooted\/"},{"@type":"ListItem","position":3,"name":"Lisatarvikud","item":"https:\/\/bbqentertainment.com\/tootekategooria\/lisatarvikud\/"},{"@type":"ListItem","position":4,"name":"Lisatarvikud Napoleon","item":"https:\/\/bbqentertainment.com\/tootekategooria\/lisatarvikud\/lisatarvikud-napoleon\/"},{"@type":"ListItem","position":5,"name":"Napoleon varup\u00f5leti ja 2 rasvahajutajat Rogue ja Prestige 500 grillidele"}]},{"@type":"WebSite","@id":"https:\/\/bbqentertainment.com\/#website","url":"https:\/\/bbqentertainment.com\/","name":"BBQ Entertainment","description":"BBQ is a great lifestyle, not just fun!","publisher":{"@id":"https:\/\/bbqentertainment.com\/#organization"},"potentialAction":[{"@type":"SearchAction","target":{"@type":"EntryPoint","urlTemplate":"https:\/\/bbqentertainment.com\/?s={search_term_string}"},"query-input":{"@type":"PropertyValueSpecification","valueRequired":true,"valueName":"search_term_string"}}],"inLanguage":"en-US"},{"@type":"Organization","@id":"https:\/\/bbqentertainment.com\/#organization","name":"BBQ Entertainment O\u00dc","url":"https:\/\/bbqentertainment.com\/","logo":{"@type":"ImageObject","inLanguage":"en-US","@id":"https:\/\/bbqentertainment.com\/#\/schema\/logo\/image\/","url":"https:\/\/bbqentertainment.com\/wp-content\/uploads\/2020\/04\/BBQ-Entertainment-N-Catering-Enn-Tobreluts-Logo.png","contentUrl":"https:\/\/bbqentertainment.com\/wp-content\/uploads\/2020\/04\/BBQ-Entertainment-N-Catering-Enn-Tobreluts-Logo.png","width":628,"height":266,"caption":"BBQ Entertainment O\u00dc"},"image":{"@id":"https:\/\/bbqentertainment.com\/#\/schema\/logo\/image\/"},"sameAs":["https:\/\/www.facebook.com\/BBQ-Entertainment-N-Catering-2437913376443540","https:\/\/www.instagram.com\/bbqentertainmentncatering\/","https:\/\/www.youtube.com\/channel\/UCmpuANQVhLy2Md8nrenp2jA"]}]}},"_links":{"self":[{"href":"https:\/\/bbqentertainment.com\/en\/wp-json\/wp\/v2\/product\/251918","targetHints":{"allow":["GET"]}}],"collection":[{"href":"https:\/\/bbqentertainment.com\/en\/wp-json\/wp\/v2\/product"}],"about":[{"href":"https:\/\/bbqentertainment.com\/en\/wp-json\/wp\/v2\/types\/product"}],"wp:featuredmedia":[{"embeddable":true,"href":"https:\/\/bbqentertainment.com\/en\/wp-json\/wp\/v2\/media\/251919"}],"wp:attachment":[{"href":"https:\/\/bbqentertainment.com\/en\/wp-json\/wp\/v2\/media?parent=251918"}],"wp:term":[{"taxonomy":"product_brand","embeddable":true,"href":"https:\/\/bbqentertainment.com\/en\/wp-json\/wp\/v2\/product_brand?post=251918"},{"taxonomy":"product_cat","embeddable":true,"href":"https:\/\/bbqentertainment.com\/en\/wp-json\/wp\/v2\/product_cat?post=251918"},{"taxonomy":"product_tag","embeddable":true,"href":"https:\/\/bbqentertainment.com\/en\/wp-json\/wp\/v2\/product_tag?post=251918"}],"curies":[{"name":"wp","href":"https:\/\/api.w.org\/{rel}","templated":true}]}}