{"id":252096,"date":"2025-04-24T20:10:30","date_gmt":"2025-04-24T17:10:30","guid":{"rendered":"https:\/\/bbqentertainment.com\/?post_type=product&#038;p=252096"},"modified":"2026-04-16T13:56:21","modified_gmt":"2026-04-16T10:56:21","slug":"char-griller-harjavaba-puhastushari-3-osaline","status":"publish","type":"product","link":"https:\/\/bbqentertainment.com\/en\/toode\/char-griller-harjavaba-puhastushari-3-osaline\/","title":{"rendered":"Char-Griller grillipuhastushari (ilma harjasteta, 3 osaline) \/ BBQ Bristle Free Cleaning Brush"},"content":{"rendered":"","protected":false},"excerpt":{"rendered":"<h3 data-start=\"0\" data-end=\"39\"><strong>Char-Griller harjavaba puhastushari 3-osaline<\/strong><\/h3>\n<p class=\"\" data-start=\"41\" data-end=\"381\">Char-Grilleri harjavaba puhastushari on t\u00f5hus ja vastupidav t\u00f6\u00f6riist, millega saad grillrestilt eemaldada kogu mustuse ja toiduj\u00e4\u00e4gid. Roostevabast terasest spiraalkujuline &#8220;harja&#8221; osa puhastab p\u00f5hjalikult, ent ohutult. Kolmeosaline puhastuspea j\u00f5uab paremini restivahedesse ja teeb t\u00f6\u00f6 \u00e4ra v\u00e4iksema vaevaga.<\/p>\n<p class=\"\" data-start=\"383\" data-end=\"531\"><strong data-start=\"383\" data-end=\"397\">Kasutamine<\/strong><br data-start=\"397\" data-end=\"400\" \/>Sobib k\u00f5ikidele grillidele. Kasuta jahtunud restil, et eemaldada k\u00f5rbenud j\u00e4\u00e4gid. P\u00e4rast kasutamist loputa vee all ja lase kuivada.<\/p>\n<p class=\"\" data-start=\"533\" data-end=\"547\"><strong data-start=\"533\" data-end=\"545\">Omadused<\/strong><\/p>\n<ul data-start=\"548\" data-end=\"773\">\n<li class=\"\" data-start=\"548\" data-end=\"595\">\n<p class=\"\" data-start=\"550\" data-end=\"595\">Roostevabast terasest spiraalkonstruktsioon<\/p>\n<\/li>\n<li class=\"\" data-start=\"596\" data-end=\"674\">\n<p class=\"\" data-start=\"598\" data-end=\"674\">Harjavaba disain \u2013 ei sisalda lahtitulevaid harjaseid ega sulavat nailonit<\/p>\n<\/li>\n<li class=\"\" data-start=\"675\" data-end=\"722\">\n<p class=\"\" data-start=\"677\" data-end=\"722\">Ei kriimusta pinda, puuduvad teravad servad<\/p>\n<\/li>\n<li class=\"\" data-start=\"723\" data-end=\"773\">\n<p class=\"\" data-start=\"725\" data-end=\"773\">Kolmekordne puhastuspea t\u00f5husamaks puhastamiseks<\/p>\n<\/li>\n<\/ul>\n","protected":false},"featured_media":252101,"template":"","meta":{"inline_featured_image":false},"product_brand":[],"product_cat":[19,92,479],"product_tag":[],"class_list":{"0":"post-252096","1":"product","2":"type-product","3":"status-publish","4":"has-post-thumbnail","6":"product_cat-masterbuilt-ahjud","7":"product_cat-lisatarvikud","8":"product_cat-grillitarvikud","10":"first","11":"instock","12":"taxable","13":"shipping-taxable","14":"purchasable","15":"product-type-simple"},"yoast_head":"<!-- This site is optimized with the Yoast SEO plugin v27.4 - https:\/\/yoast.com\/product\/yoast-seo-wordpress\/ -->\n<title>Char-Griller grillipuhastushari (ilma harjasteta, 3 osaline) \/ BBQ Bristle Free Cleaning Brush - BBQ Entertainment<\/title>\n<meta name=\"robots\" content=\"index, follow, max-snippet:-1, max-image-preview:large, max-video-preview:-1\" \/>\n<link rel=\"canonical\" href=\"https:\/\/bbqentertainment.com\/toode\/char-griller-harjavaba-puhastushari-3-osaline\/\" \/>\n<meta property=\"og:locale\" content=\"en_US\" \/>\n<meta property=\"og:type\" content=\"article\" \/>\n<meta property=\"og:title\" content=\"Char-Griller grillipuhastushari (ilma harjasteta, 3 osaline) \/ BBQ Bristle Free Cleaning Brush - BBQ Entertainment\" \/>\n<meta property=\"og:description\" content=\"Char-Griller harjavaba puhastushari 3-osaline Char-Grilleri harjavaba puhastushari on t\u00f5hus ja vastupidav t\u00f6\u00f6riist, millega saad grillrestilt eemaldada kogu mustuse ja toiduj\u00e4\u00e4gid. Roostevabast terasest spiraalkujuline &quot;harja&quot; osa puhastab p\u00f5hjalikult, ent ohutult. Kolmeosaline puhastuspea j\u00f5uab paremini restivahedesse ja teeb t\u00f6\u00f6 \u00e4ra v\u00e4iksema vaevaga. KasutamineSobib k\u00f5ikidele grillidele. Kasuta jahtunud restil, et eemaldada k\u00f5rbenud j\u00e4\u00e4gid. P\u00e4rast kasutamist loputa vee all ja lase kuivada. Omadused     Roostevabast terasest spiraalkonstruktsioon    Harjavaba disain \u2013 ei sisalda lahtitulevaid harjaseid ega sulavat nailonit    Ei kriimusta pinda, puuduvad teravad servad    Kolmekordne puhastuspea t\u00f5husamaks puhastamiseks\" \/>\n<meta property=\"og:url\" content=\"https:\/\/bbqentertainment.com\/toode\/char-griller-harjavaba-puhastushari-3-osaline\/\" \/>\n<meta property=\"og:site_name\" content=\"BBQ Entertainment\" \/>\n<meta property=\"article:publisher\" content=\"https:\/\/www.facebook.com\/BBQ-Entertainment-N-Catering-2437913376443540\" \/>\n<meta property=\"article:modified_time\" content=\"2026-04-16T10:56:21+00:00\" \/>\n<meta property=\"og:image\" content=\"https:\/\/bbqentertainment.com\/wp-content\/uploads\/2025\/04\/char-griller-char-griller-haar-loze-rvs-grillborst.jpg\" \/>\n\t<meta property=\"og:image:width\" content=\"1600\" \/>\n\t<meta property=\"og:image:height\" content=\"1600\" \/>\n\t<meta property=\"og:image:type\" content=\"image\/jpeg\" \/>\n<meta name=\"twitter:card\" content=\"summary_large_image\" \/>\n<meta name=\"twitter:label1\" content=\"Est. reading time\" \/>\n\t<meta name=\"twitter:data1\" content=\"1 minute\" \/>\n<script type=\"application\/ld+json\" class=\"yoast-schema-graph\">{\"@context\":\"https:\\\/\\\/schema.org\",\"@graph\":[{\"@type\":[\"WebPage\",\"ItemPage\"],\"@id\":\"https:\\\/\\\/bbqentertainment.com\\\/toode\\\/char-griller-harjavaba-puhastushari-3-osaline\\\/\",\"url\":\"https:\\\/\\\/bbqentertainment.com\\\/toode\\\/char-griller-harjavaba-puhastushari-3-osaline\\\/\",\"name\":\"Char-Griller grillipuhastushari (ilma harjasteta, 3 osaline) \\\/ BBQ Bristle Free Cleaning Brush - BBQ Entertainment\",\"isPartOf\":{\"@id\":\"https:\\\/\\\/bbqentertainment.com\\\/#website\"},\"primaryImageOfPage\":{\"@id\":\"https:\\\/\\\/bbqentertainment.com\\\/toode\\\/char-griller-harjavaba-puhastushari-3-osaline\\\/#primaryimage\"},\"image\":{\"@id\":\"https:\\\/\\\/bbqentertainment.com\\\/toode\\\/char-griller-harjavaba-puhastushari-3-osaline\\\/#primaryimage\"},\"thumbnailUrl\":\"https:\\\/\\\/bbqentertainment.com\\\/wp-content\\\/uploads\\\/2025\\\/04\\\/char-griller-char-griller-haar-loze-rvs-grillborst.jpg\",\"datePublished\":\"2025-04-24T17:10:30+00:00\",\"dateModified\":\"2026-04-16T10:56:21+00:00\",\"breadcrumb\":{\"@id\":\"https:\\\/\\\/bbqentertainment.com\\\/toode\\\/char-griller-harjavaba-puhastushari-3-osaline\\\/#breadcrumb\"},\"inLanguage\":\"en-US\",\"potentialAction\":[{\"@type\":\"ReadAction\",\"target\":[\"https:\\\/\\\/bbqentertainment.com\\\/toode\\\/char-griller-harjavaba-puhastushari-3-osaline\\\/\"]}]},{\"@type\":\"ImageObject\",\"inLanguage\":\"en-US\",\"@id\":\"https:\\\/\\\/bbqentertainment.com\\\/toode\\\/char-griller-harjavaba-puhastushari-3-osaline\\\/#primaryimage\",\"url\":\"https:\\\/\\\/bbqentertainment.com\\\/wp-content\\\/uploads\\\/2025\\\/04\\\/char-griller-char-griller-haar-loze-rvs-grillborst.jpg\",\"contentUrl\":\"https:\\\/\\\/bbqentertainment.com\\\/wp-content\\\/uploads\\\/2025\\\/04\\\/char-griller-char-griller-haar-loze-rvs-grillborst.jpg\",\"width\":1600,\"height\":1600},{\"@type\":\"BreadcrumbList\",\"@id\":\"https:\\\/\\\/bbqentertainment.com\\\/toode\\\/char-griller-harjavaba-puhastushari-3-osaline\\\/#breadcrumb\",\"itemListElement\":[{\"@type\":\"ListItem\",\"position\":1,\"name\":\"AVALEHT\",\"item\":\"https:\\\/\\\/bbqentertainment.com\\\/en\\\/\"},{\"@type\":\"ListItem\",\"position\":2,\"name\":\"Tooted\",\"item\":\"https:\\\/\\\/bbqentertainment.com\\\/tooted\\\/\"},{\"@type\":\"ListItem\",\"position\":3,\"name\":\"Grillid ja ahjud\",\"item\":\"https:\\\/\\\/bbqentertainment.com\\\/tootekategooria\\\/grillid-ja-ahjud\\\/\"},{\"@type\":\"ListItem\",\"position\":4,\"name\":\"Masterbuilt &amp; CharGriller\",\"item\":\"https:\\\/\\\/bbqentertainment.com\\\/tootekategooria\\\/grillid-ja-ahjud\\\/masterbuilt-ahjud\\\/\"},{\"@type\":\"ListItem\",\"position\":5,\"name\":\"Char-Griller grillipuhastushari (ilma harjasteta, 3 osaline) \\\/ BBQ Bristle Free Cleaning Brush\"}]},{\"@type\":\"WebSite\",\"@id\":\"https:\\\/\\\/bbqentertainment.com\\\/#website\",\"url\":\"https:\\\/\\\/bbqentertainment.com\\\/\",\"name\":\"BBQ Entertainment\",\"description\":\"BBQ is a great lifestyle, not just fun!\",\"publisher\":{\"@id\":\"https:\\\/\\\/bbqentertainment.com\\\/#organization\"},\"potentialAction\":[{\"@type\":\"SearchAction\",\"target\":{\"@type\":\"EntryPoint\",\"urlTemplate\":\"https:\\\/\\\/bbqentertainment.com\\\/?s={search_term_string}\"},\"query-input\":{\"@type\":\"PropertyValueSpecification\",\"valueRequired\":true,\"valueName\":\"search_term_string\"}}],\"inLanguage\":\"en-US\"},{\"@type\":\"Organization\",\"@id\":\"https:\\\/\\\/bbqentertainment.com\\\/#organization\",\"name\":\"BBQ Entertainment O\u00dc\",\"url\":\"https:\\\/\\\/bbqentertainment.com\\\/\",\"logo\":{\"@type\":\"ImageObject\",\"inLanguage\":\"en-US\",\"@id\":\"https:\\\/\\\/bbqentertainment.com\\\/#\\\/schema\\\/logo\\\/image\\\/\",\"url\":\"https:\\\/\\\/bbqentertainment.com\\\/wp-content\\\/uploads\\\/2020\\\/04\\\/BBQ-Entertainment-N-Catering-Enn-Tobreluts-Logo.png\",\"contentUrl\":\"https:\\\/\\\/bbqentertainment.com\\\/wp-content\\\/uploads\\\/2020\\\/04\\\/BBQ-Entertainment-N-Catering-Enn-Tobreluts-Logo.png\",\"width\":628,\"height\":266,\"caption\":\"BBQ Entertainment O\u00dc\"},\"image\":{\"@id\":\"https:\\\/\\\/bbqentertainment.com\\\/#\\\/schema\\\/logo\\\/image\\\/\"},\"sameAs\":[\"https:\\\/\\\/www.facebook.com\\\/BBQ-Entertainment-N-Catering-2437913376443540\",\"https:\\\/\\\/www.instagram.com\\\/bbqentertainmentncatering\\\/\",\"https:\\\/\\\/www.youtube.com\\\/channel\\\/UCmpuANQVhLy2Md8nrenp2jA\"]}]}<\/script>\n<!-- \/ Yoast SEO plugin. -->","yoast_head_json":{"title":"Char-Griller grillipuhastushari (ilma harjasteta, 3 osaline) \/ BBQ Bristle Free Cleaning Brush - BBQ Entertainment","robots":{"index":"index","follow":"follow","max-snippet":"max-snippet:-1","max-image-preview":"max-image-preview:large","max-video-preview":"max-video-preview:-1"},"canonical":"https:\/\/bbqentertainment.com\/toode\/char-griller-harjavaba-puhastushari-3-osaline\/","og_locale":"en_US","og_type":"article","og_title":"Char-Griller grillipuhastushari (ilma harjasteta, 3 osaline) \/ BBQ Bristle Free Cleaning Brush - BBQ Entertainment","og_description":"Char-Griller harjavaba puhastushari 3-osaline Char-Grilleri harjavaba puhastushari on t\u00f5hus ja vastupidav t\u00f6\u00f6riist, millega saad grillrestilt eemaldada kogu mustuse ja toiduj\u00e4\u00e4gid. Roostevabast terasest spiraalkujuline \"harja\" osa puhastab p\u00f5hjalikult, ent ohutult. Kolmeosaline puhastuspea j\u00f5uab paremini restivahedesse ja teeb t\u00f6\u00f6 \u00e4ra v\u00e4iksema vaevaga. KasutamineSobib k\u00f5ikidele grillidele. Kasuta jahtunud restil, et eemaldada k\u00f5rbenud j\u00e4\u00e4gid. P\u00e4rast kasutamist loputa vee all ja lase kuivada. Omadused     Roostevabast terasest spiraalkonstruktsioon    Harjavaba disain \u2013 ei sisalda lahtitulevaid harjaseid ega sulavat nailonit    Ei kriimusta pinda, puuduvad teravad servad    Kolmekordne puhastuspea t\u00f5husamaks puhastamiseks","og_url":"https:\/\/bbqentertainment.com\/toode\/char-griller-harjavaba-puhastushari-3-osaline\/","og_site_name":"BBQ Entertainment","article_publisher":"https:\/\/www.facebook.com\/BBQ-Entertainment-N-Catering-2437913376443540","article_modified_time":"2026-04-16T10:56:21+00:00","og_image":[{"width":1600,"height":1600,"url":"https:\/\/bbqentertainment.com\/wp-content\/uploads\/2025\/04\/char-griller-char-griller-haar-loze-rvs-grillborst.jpg","type":"image\/jpeg"}],"twitter_card":"summary_large_image","twitter_misc":{"Est. reading time":"1 minute"},"schema":{"@context":"https:\/\/schema.org","@graph":[{"@type":["WebPage","ItemPage"],"@id":"https:\/\/bbqentertainment.com\/toode\/char-griller-harjavaba-puhastushari-3-osaline\/","url":"https:\/\/bbqentertainment.com\/toode\/char-griller-harjavaba-puhastushari-3-osaline\/","name":"Char-Griller grillipuhastushari (ilma harjasteta, 3 osaline) \/ BBQ Bristle Free Cleaning Brush - BBQ Entertainment","isPartOf":{"@id":"https:\/\/bbqentertainment.com\/#website"},"primaryImageOfPage":{"@id":"https:\/\/bbqentertainment.com\/toode\/char-griller-harjavaba-puhastushari-3-osaline\/#primaryimage"},"image":{"@id":"https:\/\/bbqentertainment.com\/toode\/char-griller-harjavaba-puhastushari-3-osaline\/#primaryimage"},"thumbnailUrl":"https:\/\/bbqentertainment.com\/wp-content\/uploads\/2025\/04\/char-griller-char-griller-haar-loze-rvs-grillborst.jpg","datePublished":"2025-04-24T17:10:30+00:00","dateModified":"2026-04-16T10:56:21+00:00","breadcrumb":{"@id":"https:\/\/bbqentertainment.com\/toode\/char-griller-harjavaba-puhastushari-3-osaline\/#breadcrumb"},"inLanguage":"en-US","potentialAction":[{"@type":"ReadAction","target":["https:\/\/bbqentertainment.com\/toode\/char-griller-harjavaba-puhastushari-3-osaline\/"]}]},{"@type":"ImageObject","inLanguage":"en-US","@id":"https:\/\/bbqentertainment.com\/toode\/char-griller-harjavaba-puhastushari-3-osaline\/#primaryimage","url":"https:\/\/bbqentertainment.com\/wp-content\/uploads\/2025\/04\/char-griller-char-griller-haar-loze-rvs-grillborst.jpg","contentUrl":"https:\/\/bbqentertainment.com\/wp-content\/uploads\/2025\/04\/char-griller-char-griller-haar-loze-rvs-grillborst.jpg","width":1600,"height":1600},{"@type":"BreadcrumbList","@id":"https:\/\/bbqentertainment.com\/toode\/char-griller-harjavaba-puhastushari-3-osaline\/#breadcrumb","itemListElement":[{"@type":"ListItem","position":1,"name":"AVALEHT","item":"https:\/\/bbqentertainment.com\/en\/"},{"@type":"ListItem","position":2,"name":"Tooted","item":"https:\/\/bbqentertainment.com\/tooted\/"},{"@type":"ListItem","position":3,"name":"Grillid ja ahjud","item":"https:\/\/bbqentertainment.com\/tootekategooria\/grillid-ja-ahjud\/"},{"@type":"ListItem","position":4,"name":"Masterbuilt &amp; CharGriller","item":"https:\/\/bbqentertainment.com\/tootekategooria\/grillid-ja-ahjud\/masterbuilt-ahjud\/"},{"@type":"ListItem","position":5,"name":"Char-Griller grillipuhastushari (ilma harjasteta, 3 osaline) \/ BBQ Bristle Free Cleaning Brush"}]},{"@type":"WebSite","@id":"https:\/\/bbqentertainment.com\/#website","url":"https:\/\/bbqentertainment.com\/","name":"BBQ Entertainment","description":"BBQ is a great lifestyle, not just fun!","publisher":{"@id":"https:\/\/bbqentertainment.com\/#organization"},"potentialAction":[{"@type":"SearchAction","target":{"@type":"EntryPoint","urlTemplate":"https:\/\/bbqentertainment.com\/?s={search_term_string}"},"query-input":{"@type":"PropertyValueSpecification","valueRequired":true,"valueName":"search_term_string"}}],"inLanguage":"en-US"},{"@type":"Organization","@id":"https:\/\/bbqentertainment.com\/#organization","name":"BBQ Entertainment O\u00dc","url":"https:\/\/bbqentertainment.com\/","logo":{"@type":"ImageObject","inLanguage":"en-US","@id":"https:\/\/bbqentertainment.com\/#\/schema\/logo\/image\/","url":"https:\/\/bbqentertainment.com\/wp-content\/uploads\/2020\/04\/BBQ-Entertainment-N-Catering-Enn-Tobreluts-Logo.png","contentUrl":"https:\/\/bbqentertainment.com\/wp-content\/uploads\/2020\/04\/BBQ-Entertainment-N-Catering-Enn-Tobreluts-Logo.png","width":628,"height":266,"caption":"BBQ Entertainment O\u00dc"},"image":{"@id":"https:\/\/bbqentertainment.com\/#\/schema\/logo\/image\/"},"sameAs":["https:\/\/www.facebook.com\/BBQ-Entertainment-N-Catering-2437913376443540","https:\/\/www.instagram.com\/bbqentertainmentncatering\/","https:\/\/www.youtube.com\/channel\/UCmpuANQVhLy2Md8nrenp2jA"]}]}},"_links":{"self":[{"href":"https:\/\/bbqentertainment.com\/en\/wp-json\/wp\/v2\/product\/252096","targetHints":{"allow":["GET"]}}],"collection":[{"href":"https:\/\/bbqentertainment.com\/en\/wp-json\/wp\/v2\/product"}],"about":[{"href":"https:\/\/bbqentertainment.com\/en\/wp-json\/wp\/v2\/types\/product"}],"wp:featuredmedia":[{"embeddable":true,"href":"https:\/\/bbqentertainment.com\/en\/wp-json\/wp\/v2\/media\/252101"}],"wp:attachment":[{"href":"https:\/\/bbqentertainment.com\/en\/wp-json\/wp\/v2\/media?parent=252096"}],"wp:term":[{"taxonomy":"product_brand","embeddable":true,"href":"https:\/\/bbqentertainment.com\/en\/wp-json\/wp\/v2\/product_brand?post=252096"},{"taxonomy":"product_cat","embeddable":true,"href":"https:\/\/bbqentertainment.com\/en\/wp-json\/wp\/v2\/product_cat?post=252096"},{"taxonomy":"product_tag","embeddable":true,"href":"https:\/\/bbqentertainment.com\/en\/wp-json\/wp\/v2\/product_tag?post=252096"}],"curies":[{"name":"wp","href":"https:\/\/api.w.org\/{rel}","templated":true}]}}