{"id":252103,"date":"2025-04-24T20:14:29","date_gmt":"2025-04-24T17:14:29","guid":{"rendered":"https:\/\/bbqentertainment.com\/?post_type=product&#038;p=252103"},"modified":"2025-07-25T13:46:03","modified_gmt":"2025-07-25T10:46:03","slug":"char-griller-soe-suutamise-starter","status":"publish","type":"product","link":"https:\/\/bbqentertainment.com\/en\/toode\/char-griller-soe-suutamise-starter\/","title":{"rendered":"Char-griller s\u00f6e s\u00fc\u00fctamise starter"},"content":{"rendered":"","protected":false},"excerpt":{"rendered":"<h3 data-start=\"0\" data-end=\"65\"><strong data-start=\"0\" data-end=\"65\">Char-Griller s\u00f6e s\u00fc\u00fctamise starter Quick Release mehhanismiga<\/strong><\/h3>\n<p class=\"\" data-start=\"67\" data-end=\"280\">Char-Grilleri s\u00f6e s\u00fc\u00fctamise starter on kiire ja ohutu viis grillis\u00f6e s\u00fc\u00fctamiseks ilma s\u00fc\u00fctevedelikuta. T\u00e4nu roostevabast terasest korpusele ja nutikale p\u00e4\u00e4stikumehhanismile on see mugav abivahend igale grillijale.<\/p>\n<p class=\"\" data-start=\"282\" data-end=\"296\"><strong data-start=\"282\" data-end=\"294\">Omadused<\/strong><\/p>\n<ul data-start=\"297\" data-end=\"642\">\n<li class=\"\" data-start=\"297\" data-end=\"393\">\n<p class=\"\" data-start=\"299\" data-end=\"393\">Quick Release p\u00e4\u00e4stik: h\u00f5\u00f5guvad s\u00f6ed saab kallutada grillile lihtsalt p\u00e4\u00e4stikule vajutades<\/p>\n<\/li>\n<li class=\"\" data-start=\"394\" data-end=\"455\">\n<p class=\"\" data-start=\"396\" data-end=\"455\">Soojusisolatsiooniga k\u00e4epide: kaitseb k\u00e4si kuumuse eest<\/p>\n<\/li>\n<li class=\"\" data-start=\"456\" data-end=\"520\">\n<p class=\"\" data-start=\"458\" data-end=\"520\">S\u00f6ed on s\u00fc\u00fctamiseks valmis umbes 15 minutiga<\/p>\n<\/li>\n<li class=\"\" data-start=\"521\" data-end=\"589\">\n<p class=\"\" data-start=\"523\" data-end=\"589\">Mahutavus: kuni 1,8 kg grillis\u00fctt \u2013 sobib enamikule grillidest<\/p>\n<\/li>\n<li class=\"\" data-start=\"590\" data-end=\"642\">\n<p class=\"\" data-start=\"592\" data-end=\"642\">Universaalne: sobib nii briketile kui puus\u00f6ele<\/p>\n<\/li>\n<\/ul>\n<p class=\"\" data-start=\"644\" data-end=\"660\"><strong data-start=\"644\" data-end=\"658\">Kasutamine<\/strong><\/p>\n<ol data-start=\"661\" data-end=\"875\">\n<li class=\"\" data-start=\"661\" data-end=\"731\">\n<p class=\"\" data-start=\"664\" data-end=\"731\">Aseta starteri alla s\u00fc\u00fctematerjal (n\u00e4iteks paber v\u00f5i s\u00fc\u00fctekuubik)<\/p>\n<\/li>\n<li class=\"\" data-start=\"732\" data-end=\"762\">\n<p class=\"\" data-start=\"735\" data-end=\"762\">T\u00e4ida starter grillis\u00f6ega<\/p>\n<\/li>\n<li class=\"\" data-start=\"763\" data-end=\"791\">\n<p class=\"\" data-start=\"766\" data-end=\"791\">S\u00fc\u00fcta all olev materjal<\/p>\n<\/li>\n<li class=\"\" data-start=\"792\" data-end=\"830\">\n<p class=\"\" data-start=\"795\" data-end=\"830\">Oota kuni s\u00f6ed muutuvad h\u00f5\u00f5guvaks<\/p>\n<\/li>\n<li class=\"\" data-start=\"831\" data-end=\"875\">\n<p class=\"\" data-start=\"834\" data-end=\"875\">Vajuta p\u00e4\u00e4stikule ja vala s\u00f6ed grillile<\/p>\n<\/li>\n<\/ol>\n","protected":false},"featured_media":252120,"template":"","meta":{"inline_featured_image":false},"product_brand":[],"product_cat":[19,92,479,104],"product_tag":[],"class_list":{"0":"post-252103","1":"product","2":"type-product","3":"status-publish","4":"has-post-thumbnail","6":"product_cat-masterbuilt-ahjud","7":"product_cat-lisatarvikud","8":"product_cat-grillitarvikud","9":"product_cat-sute-suutamiseks","11":"first","12":"instock","13":"taxable","14":"shipping-taxable","15":"purchasable","16":"product-type-simple"},"yoast_head":"<!-- This site is optimized with the Yoast SEO plugin v27.2 - https:\/\/yoast.com\/product\/yoast-seo-wordpress\/ -->\n<title>Char-griller s\u00f6e s\u00fc\u00fctamise starter - BBQ Entertainment<\/title>\n<meta name=\"robots\" content=\"index, follow, max-snippet:-1, max-image-preview:large, max-video-preview:-1\" \/>\n<link rel=\"canonical\" href=\"https:\/\/bbqentertainment.com\/toode\/char-griller-soe-suutamise-starter\/\" \/>\n<meta property=\"og:locale\" content=\"en_US\" \/>\n<meta property=\"og:type\" content=\"article\" \/>\n<meta property=\"og:title\" content=\"Char-griller s\u00f6e s\u00fc\u00fctamise starter - BBQ Entertainment\" \/>\n<meta property=\"og:description\" content=\"Char-Griller s\u00f6e s\u00fc\u00fctamise starter Quick Release mehhanismiga Char-Grilleri s\u00f6e s\u00fc\u00fctamise starter on kiire ja ohutu viis grillis\u00f6e s\u00fc\u00fctamiseks ilma s\u00fc\u00fctevedelikuta. T\u00e4nu roostevabast terasest korpusele ja nutikale p\u00e4\u00e4stikumehhanismile on see mugav abivahend igale grillijale. Omadused     Quick Release p\u00e4\u00e4stik: h\u00f5\u00f5guvad s\u00f6ed saab kallutada grillile lihtsalt p\u00e4\u00e4stikule vajutades    Soojusisolatsiooniga k\u00e4epide: kaitseb k\u00e4si kuumuse eest    S\u00f6ed on s\u00fc\u00fctamiseks valmis umbes 15 minutiga    Mahutavus: kuni 1,8 kg grillis\u00fctt \u2013 sobib enamikule grillidest    Universaalne: sobib nii briketile kui puus\u00f6ele   Kasutamine     Aseta starteri alla s\u00fc\u00fctematerjal (n\u00e4iteks paber v\u00f5i s\u00fc\u00fctekuubik)    T\u00e4ida starter grillis\u00f6ega    S\u00fc\u00fcta all olev materjal    Oota kuni s\u00f6ed muutuvad h\u00f5\u00f5guvaks    Vajuta p\u00e4\u00e4stikule ja vala s\u00f6ed grillile\" \/>\n<meta property=\"og:url\" content=\"https:\/\/bbqentertainment.com\/toode\/char-griller-soe-suutamise-starter\/\" \/>\n<meta property=\"og:site_name\" content=\"BBQ Entertainment\" \/>\n<meta property=\"article:publisher\" content=\"https:\/\/www.facebook.com\/BBQ-Entertainment-N-Catering-2437913376443540\" \/>\n<meta property=\"article:modified_time\" content=\"2025-07-25T10:46:03+00:00\" \/>\n<meta property=\"og:image\" content=\"https:\/\/bbqentertainment.com\/wp-content\/uploads\/2025\/04\/Char-Griller-soe-starter-4-2.png\" \/>\n\t<meta property=\"og:image:width\" content=\"1600\" \/>\n\t<meta property=\"og:image:height\" content=\"1600\" \/>\n\t<meta property=\"og:image:type\" content=\"image\/png\" \/>\n<meta name=\"twitter:card\" content=\"summary_large_image\" \/>\n<meta name=\"twitter:label1\" content=\"Est. reading time\" \/>\n\t<meta name=\"twitter:data1\" content=\"1 minute\" \/>\n<script type=\"application\/ld+json\" class=\"yoast-schema-graph\">{\"@context\":\"https:\/\/schema.org\",\"@graph\":[{\"@type\":[\"WebPage\",\"ItemPage\"],\"@id\":\"https:\/\/bbqentertainment.com\/toode\/char-griller-soe-suutamise-starter\/\",\"url\":\"https:\/\/bbqentertainment.com\/toode\/char-griller-soe-suutamise-starter\/\",\"name\":\"Char-griller s\u00f6e s\u00fc\u00fctamise starter - BBQ Entertainment\",\"isPartOf\":{\"@id\":\"https:\/\/bbqentertainment.com\/#website\"},\"primaryImageOfPage\":{\"@id\":\"https:\/\/bbqentertainment.com\/toode\/char-griller-soe-suutamise-starter\/#primaryimage\"},\"image\":{\"@id\":\"https:\/\/bbqentertainment.com\/toode\/char-griller-soe-suutamise-starter\/#primaryimage\"},\"thumbnailUrl\":\"https:\/\/bbqentertainment.com\/wp-content\/uploads\/2025\/04\/Char-Griller-soe-starter-4-2.png\",\"datePublished\":\"2025-04-24T17:14:29+00:00\",\"dateModified\":\"2025-07-25T10:46:03+00:00\",\"breadcrumb\":{\"@id\":\"https:\/\/bbqentertainment.com\/toode\/char-griller-soe-suutamise-starter\/#breadcrumb\"},\"inLanguage\":\"en-US\",\"potentialAction\":[{\"@type\":\"ReadAction\",\"target\":[\"https:\/\/bbqentertainment.com\/toode\/char-griller-soe-suutamise-starter\/\"]}]},{\"@type\":\"ImageObject\",\"inLanguage\":\"en-US\",\"@id\":\"https:\/\/bbqentertainment.com\/toode\/char-griller-soe-suutamise-starter\/#primaryimage\",\"url\":\"https:\/\/bbqentertainment.com\/wp-content\/uploads\/2025\/04\/Char-Griller-soe-starter-4-2.png\",\"contentUrl\":\"https:\/\/bbqentertainment.com\/wp-content\/uploads\/2025\/04\/Char-Griller-soe-starter-4-2.png\",\"width\":1600,\"height\":1600},{\"@type\":\"BreadcrumbList\",\"@id\":\"https:\/\/bbqentertainment.com\/toode\/char-griller-soe-suutamise-starter\/#breadcrumb\",\"itemListElement\":[{\"@type\":\"ListItem\",\"position\":1,\"name\":\"AVALEHT\",\"item\":\"https:\/\/bbqentertainment.com\/en\/\"},{\"@type\":\"ListItem\",\"position\":2,\"name\":\"Tooted\",\"item\":\"https:\/\/bbqentertainment.com\/tooted\/\"},{\"@type\":\"ListItem\",\"position\":3,\"name\":\"Grillid ja ahjud\",\"item\":\"https:\/\/bbqentertainment.com\/tootekategooria\/grillid-ja-ahjud\/\"},{\"@type\":\"ListItem\",\"position\":4,\"name\":\"Masterbuilt &amp; CharGriller\",\"item\":\"https:\/\/bbqentertainment.com\/tootekategooria\/grillid-ja-ahjud\/masterbuilt-ahjud\/\"},{\"@type\":\"ListItem\",\"position\":5,\"name\":\"Char-griller s\u00f6e s\u00fc\u00fctamise starter\"}]},{\"@type\":\"WebSite\",\"@id\":\"https:\/\/bbqentertainment.com\/#website\",\"url\":\"https:\/\/bbqentertainment.com\/\",\"name\":\"BBQ Entertainment\",\"description\":\"BBQ is a great lifestyle, not just fun!\",\"publisher\":{\"@id\":\"https:\/\/bbqentertainment.com\/#organization\"},\"potentialAction\":[{\"@type\":\"SearchAction\",\"target\":{\"@type\":\"EntryPoint\",\"urlTemplate\":\"https:\/\/bbqentertainment.com\/?s={search_term_string}\"},\"query-input\":{\"@type\":\"PropertyValueSpecification\",\"valueRequired\":true,\"valueName\":\"search_term_string\"}}],\"inLanguage\":\"en-US\"},{\"@type\":\"Organization\",\"@id\":\"https:\/\/bbqentertainment.com\/#organization\",\"name\":\"BBQ Entertainment O\u00dc\",\"url\":\"https:\/\/bbqentertainment.com\/\",\"logo\":{\"@type\":\"ImageObject\",\"inLanguage\":\"en-US\",\"@id\":\"https:\/\/bbqentertainment.com\/#\/schema\/logo\/image\/\",\"url\":\"https:\/\/bbqentertainment.com\/wp-content\/uploads\/2020\/04\/BBQ-Entertainment-N-Catering-Enn-Tobreluts-Logo.png\",\"contentUrl\":\"https:\/\/bbqentertainment.com\/wp-content\/uploads\/2020\/04\/BBQ-Entertainment-N-Catering-Enn-Tobreluts-Logo.png\",\"width\":628,\"height\":266,\"caption\":\"BBQ Entertainment O\u00dc\"},\"image\":{\"@id\":\"https:\/\/bbqentertainment.com\/#\/schema\/logo\/image\/\"},\"sameAs\":[\"https:\/\/www.facebook.com\/BBQ-Entertainment-N-Catering-2437913376443540\",\"https:\/\/www.instagram.com\/bbqentertainmentncatering\/\",\"https:\/\/www.youtube.com\/channel\/UCmpuANQVhLy2Md8nrenp2jA\"]}]}<\/script>\n<!-- \/ Yoast SEO plugin. -->","yoast_head_json":{"title":"Char-griller s\u00f6e s\u00fc\u00fctamise starter - BBQ Entertainment","robots":{"index":"index","follow":"follow","max-snippet":"max-snippet:-1","max-image-preview":"max-image-preview:large","max-video-preview":"max-video-preview:-1"},"canonical":"https:\/\/bbqentertainment.com\/toode\/char-griller-soe-suutamise-starter\/","og_locale":"en_US","og_type":"article","og_title":"Char-griller s\u00f6e s\u00fc\u00fctamise starter - BBQ Entertainment","og_description":"Char-Griller s\u00f6e s\u00fc\u00fctamise starter Quick Release mehhanismiga Char-Grilleri s\u00f6e s\u00fc\u00fctamise starter on kiire ja ohutu viis grillis\u00f6e s\u00fc\u00fctamiseks ilma s\u00fc\u00fctevedelikuta. T\u00e4nu roostevabast terasest korpusele ja nutikale p\u00e4\u00e4stikumehhanismile on see mugav abivahend igale grillijale. Omadused     Quick Release p\u00e4\u00e4stik: h\u00f5\u00f5guvad s\u00f6ed saab kallutada grillile lihtsalt p\u00e4\u00e4stikule vajutades    Soojusisolatsiooniga k\u00e4epide: kaitseb k\u00e4si kuumuse eest    S\u00f6ed on s\u00fc\u00fctamiseks valmis umbes 15 minutiga    Mahutavus: kuni 1,8 kg grillis\u00fctt \u2013 sobib enamikule grillidest    Universaalne: sobib nii briketile kui puus\u00f6ele   Kasutamine     Aseta starteri alla s\u00fc\u00fctematerjal (n\u00e4iteks paber v\u00f5i s\u00fc\u00fctekuubik)    T\u00e4ida starter grillis\u00f6ega    S\u00fc\u00fcta all olev materjal    Oota kuni s\u00f6ed muutuvad h\u00f5\u00f5guvaks    Vajuta p\u00e4\u00e4stikule ja vala s\u00f6ed grillile","og_url":"https:\/\/bbqentertainment.com\/toode\/char-griller-soe-suutamise-starter\/","og_site_name":"BBQ Entertainment","article_publisher":"https:\/\/www.facebook.com\/BBQ-Entertainment-N-Catering-2437913376443540","article_modified_time":"2025-07-25T10:46:03+00:00","og_image":[{"width":1600,"height":1600,"url":"https:\/\/bbqentertainment.com\/wp-content\/uploads\/2025\/04\/Char-Griller-soe-starter-4-2.png","type":"image\/png"}],"twitter_card":"summary_large_image","twitter_misc":{"Est. reading time":"1 minute"},"schema":{"@context":"https:\/\/schema.org","@graph":[{"@type":["WebPage","ItemPage"],"@id":"https:\/\/bbqentertainment.com\/toode\/char-griller-soe-suutamise-starter\/","url":"https:\/\/bbqentertainment.com\/toode\/char-griller-soe-suutamise-starter\/","name":"Char-griller s\u00f6e s\u00fc\u00fctamise starter - BBQ Entertainment","isPartOf":{"@id":"https:\/\/bbqentertainment.com\/#website"},"primaryImageOfPage":{"@id":"https:\/\/bbqentertainment.com\/toode\/char-griller-soe-suutamise-starter\/#primaryimage"},"image":{"@id":"https:\/\/bbqentertainment.com\/toode\/char-griller-soe-suutamise-starter\/#primaryimage"},"thumbnailUrl":"https:\/\/bbqentertainment.com\/wp-content\/uploads\/2025\/04\/Char-Griller-soe-starter-4-2.png","datePublished":"2025-04-24T17:14:29+00:00","dateModified":"2025-07-25T10:46:03+00:00","breadcrumb":{"@id":"https:\/\/bbqentertainment.com\/toode\/char-griller-soe-suutamise-starter\/#breadcrumb"},"inLanguage":"en-US","potentialAction":[{"@type":"ReadAction","target":["https:\/\/bbqentertainment.com\/toode\/char-griller-soe-suutamise-starter\/"]}]},{"@type":"ImageObject","inLanguage":"en-US","@id":"https:\/\/bbqentertainment.com\/toode\/char-griller-soe-suutamise-starter\/#primaryimage","url":"https:\/\/bbqentertainment.com\/wp-content\/uploads\/2025\/04\/Char-Griller-soe-starter-4-2.png","contentUrl":"https:\/\/bbqentertainment.com\/wp-content\/uploads\/2025\/04\/Char-Griller-soe-starter-4-2.png","width":1600,"height":1600},{"@type":"BreadcrumbList","@id":"https:\/\/bbqentertainment.com\/toode\/char-griller-soe-suutamise-starter\/#breadcrumb","itemListElement":[{"@type":"ListItem","position":1,"name":"AVALEHT","item":"https:\/\/bbqentertainment.com\/en\/"},{"@type":"ListItem","position":2,"name":"Tooted","item":"https:\/\/bbqentertainment.com\/tooted\/"},{"@type":"ListItem","position":3,"name":"Grillid ja ahjud","item":"https:\/\/bbqentertainment.com\/tootekategooria\/grillid-ja-ahjud\/"},{"@type":"ListItem","position":4,"name":"Masterbuilt &amp; CharGriller","item":"https:\/\/bbqentertainment.com\/tootekategooria\/grillid-ja-ahjud\/masterbuilt-ahjud\/"},{"@type":"ListItem","position":5,"name":"Char-griller s\u00f6e s\u00fc\u00fctamise starter"}]},{"@type":"WebSite","@id":"https:\/\/bbqentertainment.com\/#website","url":"https:\/\/bbqentertainment.com\/","name":"BBQ Entertainment","description":"BBQ is a great lifestyle, not just fun!","publisher":{"@id":"https:\/\/bbqentertainment.com\/#organization"},"potentialAction":[{"@type":"SearchAction","target":{"@type":"EntryPoint","urlTemplate":"https:\/\/bbqentertainment.com\/?s={search_term_string}"},"query-input":{"@type":"PropertyValueSpecification","valueRequired":true,"valueName":"search_term_string"}}],"inLanguage":"en-US"},{"@type":"Organization","@id":"https:\/\/bbqentertainment.com\/#organization","name":"BBQ Entertainment O\u00dc","url":"https:\/\/bbqentertainment.com\/","logo":{"@type":"ImageObject","inLanguage":"en-US","@id":"https:\/\/bbqentertainment.com\/#\/schema\/logo\/image\/","url":"https:\/\/bbqentertainment.com\/wp-content\/uploads\/2020\/04\/BBQ-Entertainment-N-Catering-Enn-Tobreluts-Logo.png","contentUrl":"https:\/\/bbqentertainment.com\/wp-content\/uploads\/2020\/04\/BBQ-Entertainment-N-Catering-Enn-Tobreluts-Logo.png","width":628,"height":266,"caption":"BBQ Entertainment O\u00dc"},"image":{"@id":"https:\/\/bbqentertainment.com\/#\/schema\/logo\/image\/"},"sameAs":["https:\/\/www.facebook.com\/BBQ-Entertainment-N-Catering-2437913376443540","https:\/\/www.instagram.com\/bbqentertainmentncatering\/","https:\/\/www.youtube.com\/channel\/UCmpuANQVhLy2Md8nrenp2jA"]}]}},"_links":{"self":[{"href":"https:\/\/bbqentertainment.com\/en\/wp-json\/wp\/v2\/product\/252103","targetHints":{"allow":["GET"]}}],"collection":[{"href":"https:\/\/bbqentertainment.com\/en\/wp-json\/wp\/v2\/product"}],"about":[{"href":"https:\/\/bbqentertainment.com\/en\/wp-json\/wp\/v2\/types\/product"}],"wp:featuredmedia":[{"embeddable":true,"href":"https:\/\/bbqentertainment.com\/en\/wp-json\/wp\/v2\/media\/252120"}],"wp:attachment":[{"href":"https:\/\/bbqentertainment.com\/en\/wp-json\/wp\/v2\/media?parent=252103"}],"wp:term":[{"taxonomy":"product_brand","embeddable":true,"href":"https:\/\/bbqentertainment.com\/en\/wp-json\/wp\/v2\/product_brand?post=252103"},{"taxonomy":"product_cat","embeddable":true,"href":"https:\/\/bbqentertainment.com\/en\/wp-json\/wp\/v2\/product_cat?post=252103"},{"taxonomy":"product_tag","embeddable":true,"href":"https:\/\/bbqentertainment.com\/en\/wp-json\/wp\/v2\/product_tag?post=252103"}],"curies":[{"name":"wp","href":"https:\/\/api.w.org\/{rel}","templated":true}]}}