{"id":252122,"date":"2025-04-24T20:31:21","date_gmt":"2025-04-24T17:31:21","guid":{"rendered":"https:\/\/bbqentertainment.com\/?post_type=product&#038;p=252122"},"modified":"2025-07-25T13:46:01","modified_gmt":"2025-07-25T10:46:01","slug":"char-griller-kuumakindel-grillikinnas","status":"publish","type":"product","link":"https:\/\/bbqentertainment.com\/en\/toode\/char-griller-kuumakindel-grillikinnas\/","title":{"rendered":"Char-Griller kuumakindel grillikinnas"},"content":{"rendered":"","protected":false},"excerpt":{"rendered":"<h3 data-start=\"0\" data-end=\"65\"><strong>Char-Griller kuumakindel grillikinnas<\/strong><\/h3>\n<p class=\"\" data-start=\"41\" data-end=\"422\">Char-Grilleri BBQ kinnas on loodud spetsiaalselt grillimiseks ja muudeks k\u00f5rge temperatuuriga seotud t\u00f6\u00f6deks. Grillikinnas sobib h\u00e4sti Smokin\u2019 Stone\u2019i paigaldamiseks, restide kohendamiseks ja s\u00fcte liigutamiseks. V\u00e4liskiht on valmistatud kuumakindlast aramiidkiust ning sisemine vooder pehmest puuvillast. Silikoonist mustrid kindal tagavad kindla haarde ja takistavad kuumuse tungimist materjali sisse.<\/p>\n<p class=\"\" data-start=\"424\" data-end=\"438\"><strong data-start=\"424\" data-end=\"436\">Omadused<\/strong><\/p>\n<ul data-start=\"439\" data-end=\"645\">\n<li class=\"\" data-start=\"439\" data-end=\"467\">\n<p class=\"\" data-start=\"441\" data-end=\"467\">Kuumakindlus kuni 246\u202f\u00b0C<\/p>\n<\/li>\n<li class=\"\" data-start=\"468\" data-end=\"528\">\n<p class=\"\" data-start=\"470\" data-end=\"528\">Valmistatud aramiidkiust ja silikoonist<\/p>\n<\/li>\n<li class=\"\" data-start=\"529\" data-end=\"566\">\n<p class=\"\" data-start=\"531\" data-end=\"566\">Pikendtud k\u00e4ise osa kaitseb k\u00e4sivart<\/p>\n<\/li>\n<li class=\"\" data-start=\"567\" data-end=\"610\">\n<p class=\"\" data-start=\"569\" data-end=\"610\">Sobib nii paremasse kui vasakusse k\u00e4tte<\/p>\n<\/li>\n<li class=\"\" data-start=\"611\" data-end=\"645\">\n<p class=\"\" data-start=\"613\" data-end=\"645\">M\u00fc\u00fcgil \u00fcksiktootena (1 kinnas)<\/p>\n<\/li>\n<\/ul>\n","protected":false},"featured_media":252123,"template":"","meta":{"inline_featured_image":false},"product_brand":[],"product_cat":[19,92,479,374],"product_tag":[],"class_list":{"0":"post-252122","1":"product","2":"type-product","3":"status-publish","4":"has-post-thumbnail","6":"product_cat-masterbuilt-ahjud","7":"product_cat-lisatarvikud","8":"product_cat-grillitarvikud","9":"product_cat-kokapolled-ja-kindad","11":"first","12":"instock","13":"taxable","14":"shipping-taxable","15":"purchasable","16":"product-type-simple"},"yoast_head":"<!-- This site is optimized with the Yoast SEO plugin v27.2 - https:\/\/yoast.com\/product\/yoast-seo-wordpress\/ -->\n<title>Char-Griller kuumakindel grillikinnas - BBQ Entertainment<\/title>\n<meta name=\"robots\" content=\"index, follow, max-snippet:-1, max-image-preview:large, max-video-preview:-1\" \/>\n<link rel=\"canonical\" href=\"https:\/\/bbqentertainment.com\/toode\/char-griller-kuumakindel-grillikinnas\/\" \/>\n<meta property=\"og:locale\" content=\"en_US\" \/>\n<meta property=\"og:type\" content=\"article\" \/>\n<meta property=\"og:title\" content=\"Char-Griller kuumakindel grillikinnas - BBQ Entertainment\" \/>\n<meta property=\"og:description\" content=\"Char-Griller kuumakindel grillikinnas Char-Grilleri BBQ kinnas on loodud spetsiaalselt grillimiseks ja muudeks k\u00f5rge temperatuuriga seotud t\u00f6\u00f6deks. Grillikinnas sobib h\u00e4sti Smokin\u2019 Stone\u2019i paigaldamiseks, restide kohendamiseks ja s\u00fcte liigutamiseks. V\u00e4liskiht on valmistatud kuumakindlast aramiidkiust ning sisemine vooder pehmest puuvillast. Silikoonist mustrid kindal tagavad kindla haarde ja takistavad kuumuse tungimist materjali sisse. Omadused     Kuumakindlus kuni 246\u202f\u00b0C    Valmistatud aramiidkiust ja silikoonist    Pikendtud k\u00e4ise osa kaitseb k\u00e4sivart    Sobib nii paremasse kui vasakusse k\u00e4tte    M\u00fc\u00fcgil \u00fcksiktootena (1 kinnas)\" \/>\n<meta property=\"og:url\" content=\"https:\/\/bbqentertainment.com\/toode\/char-griller-kuumakindel-grillikinnas\/\" \/>\n<meta property=\"og:site_name\" content=\"BBQ Entertainment\" \/>\n<meta property=\"article:publisher\" content=\"https:\/\/www.facebook.com\/BBQ-Entertainment-N-Catering-2437913376443540\" \/>\n<meta property=\"article:modified_time\" content=\"2025-07-25T10:46:01+00:00\" \/>\n<meta property=\"og:image\" content=\"https:\/\/bbqentertainment.com\/wp-content\/uploads\/2025\/04\/Char-Grill-BBQ-kinnas.jpg\" \/>\n\t<meta property=\"og:image:width\" content=\"1600\" \/>\n\t<meta property=\"og:image:height\" content=\"1600\" \/>\n\t<meta property=\"og:image:type\" content=\"image\/jpeg\" \/>\n<meta name=\"twitter:card\" content=\"summary_large_image\" \/>\n<meta name=\"twitter:label1\" content=\"Est. reading time\" \/>\n\t<meta name=\"twitter:data1\" content=\"1 minute\" \/>\n<script type=\"application\/ld+json\" class=\"yoast-schema-graph\">{\"@context\":\"https:\/\/schema.org\",\"@graph\":[{\"@type\":[\"WebPage\",\"ItemPage\"],\"@id\":\"https:\/\/bbqentertainment.com\/toode\/char-griller-kuumakindel-grillikinnas\/\",\"url\":\"https:\/\/bbqentertainment.com\/toode\/char-griller-kuumakindel-grillikinnas\/\",\"name\":\"Char-Griller kuumakindel grillikinnas - BBQ Entertainment\",\"isPartOf\":{\"@id\":\"https:\/\/bbqentertainment.com\/#website\"},\"primaryImageOfPage\":{\"@id\":\"https:\/\/bbqentertainment.com\/toode\/char-griller-kuumakindel-grillikinnas\/#primaryimage\"},\"image\":{\"@id\":\"https:\/\/bbqentertainment.com\/toode\/char-griller-kuumakindel-grillikinnas\/#primaryimage\"},\"thumbnailUrl\":\"https:\/\/bbqentertainment.com\/wp-content\/uploads\/2025\/04\/Char-Grill-BBQ-kinnas.jpg\",\"datePublished\":\"2025-04-24T17:31:21+00:00\",\"dateModified\":\"2025-07-25T10:46:01+00:00\",\"breadcrumb\":{\"@id\":\"https:\/\/bbqentertainment.com\/toode\/char-griller-kuumakindel-grillikinnas\/#breadcrumb\"},\"inLanguage\":\"en-US\",\"potentialAction\":[{\"@type\":\"ReadAction\",\"target\":[\"https:\/\/bbqentertainment.com\/toode\/char-griller-kuumakindel-grillikinnas\/\"]}]},{\"@type\":\"ImageObject\",\"inLanguage\":\"en-US\",\"@id\":\"https:\/\/bbqentertainment.com\/toode\/char-griller-kuumakindel-grillikinnas\/#primaryimage\",\"url\":\"https:\/\/bbqentertainment.com\/wp-content\/uploads\/2025\/04\/Char-Grill-BBQ-kinnas.jpg\",\"contentUrl\":\"https:\/\/bbqentertainment.com\/wp-content\/uploads\/2025\/04\/Char-Grill-BBQ-kinnas.jpg\",\"width\":1600,\"height\":1600},{\"@type\":\"BreadcrumbList\",\"@id\":\"https:\/\/bbqentertainment.com\/toode\/char-griller-kuumakindel-grillikinnas\/#breadcrumb\",\"itemListElement\":[{\"@type\":\"ListItem\",\"position\":1,\"name\":\"AVALEHT\",\"item\":\"https:\/\/bbqentertainment.com\/en\/\"},{\"@type\":\"ListItem\",\"position\":2,\"name\":\"Tooted\",\"item\":\"https:\/\/bbqentertainment.com\/tooted\/\"},{\"@type\":\"ListItem\",\"position\":3,\"name\":\"Grillid ja ahjud\",\"item\":\"https:\/\/bbqentertainment.com\/tootekategooria\/grillid-ja-ahjud\/\"},{\"@type\":\"ListItem\",\"position\":4,\"name\":\"Masterbuilt &amp; CharGriller\",\"item\":\"https:\/\/bbqentertainment.com\/tootekategooria\/grillid-ja-ahjud\/masterbuilt-ahjud\/\"},{\"@type\":\"ListItem\",\"position\":5,\"name\":\"Char-Griller kuumakindel grillikinnas\"}]},{\"@type\":\"WebSite\",\"@id\":\"https:\/\/bbqentertainment.com\/#website\",\"url\":\"https:\/\/bbqentertainment.com\/\",\"name\":\"BBQ Entertainment\",\"description\":\"BBQ is a great lifestyle, not just fun!\",\"publisher\":{\"@id\":\"https:\/\/bbqentertainment.com\/#organization\"},\"potentialAction\":[{\"@type\":\"SearchAction\",\"target\":{\"@type\":\"EntryPoint\",\"urlTemplate\":\"https:\/\/bbqentertainment.com\/?s={search_term_string}\"},\"query-input\":{\"@type\":\"PropertyValueSpecification\",\"valueRequired\":true,\"valueName\":\"search_term_string\"}}],\"inLanguage\":\"en-US\"},{\"@type\":\"Organization\",\"@id\":\"https:\/\/bbqentertainment.com\/#organization\",\"name\":\"BBQ Entertainment O\u00dc\",\"url\":\"https:\/\/bbqentertainment.com\/\",\"logo\":{\"@type\":\"ImageObject\",\"inLanguage\":\"en-US\",\"@id\":\"https:\/\/bbqentertainment.com\/#\/schema\/logo\/image\/\",\"url\":\"https:\/\/bbqentertainment.com\/wp-content\/uploads\/2020\/04\/BBQ-Entertainment-N-Catering-Enn-Tobreluts-Logo.png\",\"contentUrl\":\"https:\/\/bbqentertainment.com\/wp-content\/uploads\/2020\/04\/BBQ-Entertainment-N-Catering-Enn-Tobreluts-Logo.png\",\"width\":628,\"height\":266,\"caption\":\"BBQ Entertainment O\u00dc\"},\"image\":{\"@id\":\"https:\/\/bbqentertainment.com\/#\/schema\/logo\/image\/\"},\"sameAs\":[\"https:\/\/www.facebook.com\/BBQ-Entertainment-N-Catering-2437913376443540\",\"https:\/\/www.instagram.com\/bbqentertainmentncatering\/\",\"https:\/\/www.youtube.com\/channel\/UCmpuANQVhLy2Md8nrenp2jA\"]}]}<\/script>\n<!-- \/ Yoast SEO plugin. -->","yoast_head_json":{"title":"Char-Griller kuumakindel grillikinnas - BBQ Entertainment","robots":{"index":"index","follow":"follow","max-snippet":"max-snippet:-1","max-image-preview":"max-image-preview:large","max-video-preview":"max-video-preview:-1"},"canonical":"https:\/\/bbqentertainment.com\/toode\/char-griller-kuumakindel-grillikinnas\/","og_locale":"en_US","og_type":"article","og_title":"Char-Griller kuumakindel grillikinnas - BBQ Entertainment","og_description":"Char-Griller kuumakindel grillikinnas Char-Grilleri BBQ kinnas on loodud spetsiaalselt grillimiseks ja muudeks k\u00f5rge temperatuuriga seotud t\u00f6\u00f6deks. Grillikinnas sobib h\u00e4sti Smokin\u2019 Stone\u2019i paigaldamiseks, restide kohendamiseks ja s\u00fcte liigutamiseks. V\u00e4liskiht on valmistatud kuumakindlast aramiidkiust ning sisemine vooder pehmest puuvillast. Silikoonist mustrid kindal tagavad kindla haarde ja takistavad kuumuse tungimist materjali sisse. Omadused     Kuumakindlus kuni 246\u202f\u00b0C    Valmistatud aramiidkiust ja silikoonist    Pikendtud k\u00e4ise osa kaitseb k\u00e4sivart    Sobib nii paremasse kui vasakusse k\u00e4tte    M\u00fc\u00fcgil \u00fcksiktootena (1 kinnas)","og_url":"https:\/\/bbqentertainment.com\/toode\/char-griller-kuumakindel-grillikinnas\/","og_site_name":"BBQ Entertainment","article_publisher":"https:\/\/www.facebook.com\/BBQ-Entertainment-N-Catering-2437913376443540","article_modified_time":"2025-07-25T10:46:01+00:00","og_image":[{"width":1600,"height":1600,"url":"https:\/\/bbqentertainment.com\/wp-content\/uploads\/2025\/04\/Char-Grill-BBQ-kinnas.jpg","type":"image\/jpeg"}],"twitter_card":"summary_large_image","twitter_misc":{"Est. reading time":"1 minute"},"schema":{"@context":"https:\/\/schema.org","@graph":[{"@type":["WebPage","ItemPage"],"@id":"https:\/\/bbqentertainment.com\/toode\/char-griller-kuumakindel-grillikinnas\/","url":"https:\/\/bbqentertainment.com\/toode\/char-griller-kuumakindel-grillikinnas\/","name":"Char-Griller kuumakindel grillikinnas - BBQ Entertainment","isPartOf":{"@id":"https:\/\/bbqentertainment.com\/#website"},"primaryImageOfPage":{"@id":"https:\/\/bbqentertainment.com\/toode\/char-griller-kuumakindel-grillikinnas\/#primaryimage"},"image":{"@id":"https:\/\/bbqentertainment.com\/toode\/char-griller-kuumakindel-grillikinnas\/#primaryimage"},"thumbnailUrl":"https:\/\/bbqentertainment.com\/wp-content\/uploads\/2025\/04\/Char-Grill-BBQ-kinnas.jpg","datePublished":"2025-04-24T17:31:21+00:00","dateModified":"2025-07-25T10:46:01+00:00","breadcrumb":{"@id":"https:\/\/bbqentertainment.com\/toode\/char-griller-kuumakindel-grillikinnas\/#breadcrumb"},"inLanguage":"en-US","potentialAction":[{"@type":"ReadAction","target":["https:\/\/bbqentertainment.com\/toode\/char-griller-kuumakindel-grillikinnas\/"]}]},{"@type":"ImageObject","inLanguage":"en-US","@id":"https:\/\/bbqentertainment.com\/toode\/char-griller-kuumakindel-grillikinnas\/#primaryimage","url":"https:\/\/bbqentertainment.com\/wp-content\/uploads\/2025\/04\/Char-Grill-BBQ-kinnas.jpg","contentUrl":"https:\/\/bbqentertainment.com\/wp-content\/uploads\/2025\/04\/Char-Grill-BBQ-kinnas.jpg","width":1600,"height":1600},{"@type":"BreadcrumbList","@id":"https:\/\/bbqentertainment.com\/toode\/char-griller-kuumakindel-grillikinnas\/#breadcrumb","itemListElement":[{"@type":"ListItem","position":1,"name":"AVALEHT","item":"https:\/\/bbqentertainment.com\/en\/"},{"@type":"ListItem","position":2,"name":"Tooted","item":"https:\/\/bbqentertainment.com\/tooted\/"},{"@type":"ListItem","position":3,"name":"Grillid ja ahjud","item":"https:\/\/bbqentertainment.com\/tootekategooria\/grillid-ja-ahjud\/"},{"@type":"ListItem","position":4,"name":"Masterbuilt &amp; CharGriller","item":"https:\/\/bbqentertainment.com\/tootekategooria\/grillid-ja-ahjud\/masterbuilt-ahjud\/"},{"@type":"ListItem","position":5,"name":"Char-Griller kuumakindel grillikinnas"}]},{"@type":"WebSite","@id":"https:\/\/bbqentertainment.com\/#website","url":"https:\/\/bbqentertainment.com\/","name":"BBQ Entertainment","description":"BBQ is a great lifestyle, not just fun!","publisher":{"@id":"https:\/\/bbqentertainment.com\/#organization"},"potentialAction":[{"@type":"SearchAction","target":{"@type":"EntryPoint","urlTemplate":"https:\/\/bbqentertainment.com\/?s={search_term_string}"},"query-input":{"@type":"PropertyValueSpecification","valueRequired":true,"valueName":"search_term_string"}}],"inLanguage":"en-US"},{"@type":"Organization","@id":"https:\/\/bbqentertainment.com\/#organization","name":"BBQ Entertainment O\u00dc","url":"https:\/\/bbqentertainment.com\/","logo":{"@type":"ImageObject","inLanguage":"en-US","@id":"https:\/\/bbqentertainment.com\/#\/schema\/logo\/image\/","url":"https:\/\/bbqentertainment.com\/wp-content\/uploads\/2020\/04\/BBQ-Entertainment-N-Catering-Enn-Tobreluts-Logo.png","contentUrl":"https:\/\/bbqentertainment.com\/wp-content\/uploads\/2020\/04\/BBQ-Entertainment-N-Catering-Enn-Tobreluts-Logo.png","width":628,"height":266,"caption":"BBQ Entertainment O\u00dc"},"image":{"@id":"https:\/\/bbqentertainment.com\/#\/schema\/logo\/image\/"},"sameAs":["https:\/\/www.facebook.com\/BBQ-Entertainment-N-Catering-2437913376443540","https:\/\/www.instagram.com\/bbqentertainmentncatering\/","https:\/\/www.youtube.com\/channel\/UCmpuANQVhLy2Md8nrenp2jA"]}]}},"_links":{"self":[{"href":"https:\/\/bbqentertainment.com\/en\/wp-json\/wp\/v2\/product\/252122","targetHints":{"allow":["GET"]}}],"collection":[{"href":"https:\/\/bbqentertainment.com\/en\/wp-json\/wp\/v2\/product"}],"about":[{"href":"https:\/\/bbqentertainment.com\/en\/wp-json\/wp\/v2\/types\/product"}],"wp:featuredmedia":[{"embeddable":true,"href":"https:\/\/bbqentertainment.com\/en\/wp-json\/wp\/v2\/media\/252123"}],"wp:attachment":[{"href":"https:\/\/bbqentertainment.com\/en\/wp-json\/wp\/v2\/media?parent=252122"}],"wp:term":[{"taxonomy":"product_brand","embeddable":true,"href":"https:\/\/bbqentertainment.com\/en\/wp-json\/wp\/v2\/product_brand?post=252122"},{"taxonomy":"product_cat","embeddable":true,"href":"https:\/\/bbqentertainment.com\/en\/wp-json\/wp\/v2\/product_cat?post=252122"},{"taxonomy":"product_tag","embeddable":true,"href":"https:\/\/bbqentertainment.com\/en\/wp-json\/wp\/v2\/product_tag?post=252122"}],"curies":[{"name":"wp","href":"https:\/\/api.w.org\/{rel}","templated":true}]}}