{"id":252133,"date":"2025-04-24T20:51:02","date_gmt":"2025-04-24T17:51:02","guid":{"rendered":"https:\/\/bbqentertainment.com\/?post_type=product&#038;p=252133"},"modified":"2025-07-25T13:45:53","modified_gmt":"2025-07-25T10:45:53","slug":"char-griller-competiton-pro-ilmastikukindel-grillikate","status":"publish","type":"product","link":"https:\/\/bbqentertainment.com\/en\/toode\/char-griller-competiton-pro-ilmastikukindel-grillikate\/","title":{"rendered":"Char-Griller Competiton PRO ilmastikukindel grillikate"},"content":{"rendered":"","protected":false},"excerpt":{"rendered":"<h3 data-start=\"0\" data-end=\"65\"><strong>Char-Griller Competiton PRO ilmastikukindel grillikate<\/strong><\/h3>\n<p class=\"\" data-start=\"54\" data-end=\"409\">See vastupidav kaitsekate on loodud spetsiaalselt Char-Griller Competition Pro 8125 Off-set Smokeri jaoks. Kerge, kuid tugev PVC- ja pol\u00fcesterkiust valmistatud kate kaitseb grilli niiskuse, tuule, tolmu ja mustuse eest. Tihedalt istuv l\u00f5ige hoiab katte kindlalt paigal ka tugevama tuule korral ning aitab s\u00e4ilitada grilli head seisukorda aastast aastasse.<\/p>\n<p class=\"\" data-start=\"411\" data-end=\"425\"><strong data-start=\"411\" data-end=\"423\">Omadused<\/strong><\/p>\n<ul data-start=\"426\" data-end=\"667\">\n<li class=\"\" data-start=\"426\" data-end=\"486\">\n<p class=\"\" data-start=\"428\" data-end=\"486\">Sobib t\u00e4pselt mudelile Char-Griller Competition Pro 8125<\/p>\n<\/li>\n<li class=\"\" data-start=\"487\" data-end=\"557\">\n<p class=\"\" data-start=\"489\" data-end=\"557\">Valmistatud veekindlast ja vastupidavast PVC-pol\u00fcesterkomposiidist<\/p>\n<\/li>\n<li class=\"\" data-start=\"558\" data-end=\"601\">\n<p class=\"\" data-start=\"560\" data-end=\"601\">Kaitseb ilmastikum\u00f5jude ja mustuse eest<\/p>\n<\/li>\n<li class=\"\" data-start=\"602\" data-end=\"635\">\n<p class=\"\" data-start=\"604\" data-end=\"635\">Kerge paigaldada ja eemaldada<\/p>\n<\/li>\n<li class=\"\" data-start=\"636\" data-end=\"667\">\n<p class=\"\" data-start=\"638\" data-end=\"667\">Aitab pikendada grilli eluiga<\/p>\n<\/li>\n<\/ul>\n<p class=\"\" data-start=\"669\" data-end=\"737\"><strong>M\u00f5\u00f5tmed:<\/strong> 84,1 \u00d7 168,4 \u00d7 130,3 cm<\/p>\n","protected":false},"featured_media":252136,"template":"","meta":{"inline_featured_image":false},"product_brand":[],"product_cat":[19],"product_tag":[],"class_list":{"0":"post-252133","1":"product","2":"type-product","3":"status-publish","4":"has-post-thumbnail","6":"product_cat-masterbuilt-ahjud","8":"first","9":"instock","10":"taxable","11":"shipping-taxable","12":"purchasable","13":"product-type-simple"},"yoast_head":"<!-- This site is optimized with the Yoast SEO plugin v27.2 - https:\/\/yoast.com\/product\/yoast-seo-wordpress\/ -->\n<title>Char-Griller Competiton PRO ilmastikukindel grillikate - BBQ Entertainment<\/title>\n<meta name=\"description\" content=\"Ilmastikukindel grillikate Char-Griller Pro 8125 grilli mudelile. Kaitseb ilmastikum\u00f5jude ja mustuse eest. Valmistatud PVC-pol\u00fcesterkomposiidist\" \/>\n<meta name=\"robots\" content=\"index, follow, max-snippet:-1, max-image-preview:large, max-video-preview:-1\" \/>\n<link rel=\"canonical\" href=\"https:\/\/bbqentertainment.com\/toode\/char-griller-competiton-pro-ilmastikukindel-grillikate\/\" \/>\n<meta property=\"og:locale\" content=\"en_US\" \/>\n<meta property=\"og:type\" content=\"article\" \/>\n<meta property=\"og:title\" content=\"Char-Griller Competiton PRO ilmastikukindel grillikate - BBQ Entertainment\" \/>\n<meta property=\"og:description\" content=\"Ilmastikukindel grillikate Char-Griller Pro 8125 grilli mudelile. Kaitseb ilmastikum\u00f5jude ja mustuse eest. Valmistatud PVC-pol\u00fcesterkomposiidist\" \/>\n<meta property=\"og:url\" content=\"https:\/\/bbqentertainment.com\/toode\/char-griller-competiton-pro-ilmastikukindel-grillikate\/\" \/>\n<meta property=\"og:site_name\" content=\"BBQ Entertainment\" \/>\n<meta property=\"article:publisher\" content=\"https:\/\/www.facebook.com\/BBQ-Entertainment-N-Catering-2437913376443540\" \/>\n<meta property=\"article:modified_time\" content=\"2025-07-25T10:45:53+00:00\" \/>\n<meta property=\"og:image\" content=\"https:\/\/bbqentertainment.com\/wp-content\/uploads\/2025\/04\/char-griller-char-griller-beschermhoes-competition.jpg\" \/>\n\t<meta property=\"og:image:width\" content=\"1600\" \/>\n\t<meta property=\"og:image:height\" content=\"1600\" \/>\n\t<meta property=\"og:image:type\" content=\"image\/jpeg\" \/>\n<meta name=\"twitter:card\" content=\"summary_large_image\" \/>\n<meta name=\"twitter:label1\" content=\"Est. reading time\" \/>\n\t<meta name=\"twitter:data1\" content=\"1 minute\" \/>\n<script type=\"application\/ld+json\" class=\"yoast-schema-graph\">{\"@context\":\"https:\/\/schema.org\",\"@graph\":[{\"@type\":[\"WebPage\",\"ItemPage\"],\"@id\":\"https:\/\/bbqentertainment.com\/toode\/char-griller-competiton-pro-ilmastikukindel-grillikate\/\",\"url\":\"https:\/\/bbqentertainment.com\/toode\/char-griller-competiton-pro-ilmastikukindel-grillikate\/\",\"name\":\"Char-Griller Competiton PRO ilmastikukindel grillikate - BBQ Entertainment\",\"isPartOf\":{\"@id\":\"https:\/\/bbqentertainment.com\/#website\"},\"primaryImageOfPage\":{\"@id\":\"https:\/\/bbqentertainment.com\/toode\/char-griller-competiton-pro-ilmastikukindel-grillikate\/#primaryimage\"},\"image\":{\"@id\":\"https:\/\/bbqentertainment.com\/toode\/char-griller-competiton-pro-ilmastikukindel-grillikate\/#primaryimage\"},\"thumbnailUrl\":\"https:\/\/bbqentertainment.com\/wp-content\/uploads\/2025\/04\/char-griller-char-griller-beschermhoes-competition.jpg\",\"datePublished\":\"2025-04-24T17:51:02+00:00\",\"dateModified\":\"2025-07-25T10:45:53+00:00\",\"description\":\"Ilmastikukindel grillikate Char-Griller Pro 8125 grilli mudelile. Kaitseb ilmastikum\u00f5jude ja mustuse eest. Valmistatud PVC-pol\u00fcesterkomposiidist\",\"breadcrumb\":{\"@id\":\"https:\/\/bbqentertainment.com\/toode\/char-griller-competiton-pro-ilmastikukindel-grillikate\/#breadcrumb\"},\"inLanguage\":\"en-US\",\"potentialAction\":[{\"@type\":\"ReadAction\",\"target\":[\"https:\/\/bbqentertainment.com\/toode\/char-griller-competiton-pro-ilmastikukindel-grillikate\/\"]}]},{\"@type\":\"ImageObject\",\"inLanguage\":\"en-US\",\"@id\":\"https:\/\/bbqentertainment.com\/toode\/char-griller-competiton-pro-ilmastikukindel-grillikate\/#primaryimage\",\"url\":\"https:\/\/bbqentertainment.com\/wp-content\/uploads\/2025\/04\/char-griller-char-griller-beschermhoes-competition.jpg\",\"contentUrl\":\"https:\/\/bbqentertainment.com\/wp-content\/uploads\/2025\/04\/char-griller-char-griller-beschermhoes-competition.jpg\",\"width\":1600,\"height\":1600},{\"@type\":\"BreadcrumbList\",\"@id\":\"https:\/\/bbqentertainment.com\/toode\/char-griller-competiton-pro-ilmastikukindel-grillikate\/#breadcrumb\",\"itemListElement\":[{\"@type\":\"ListItem\",\"position\":1,\"name\":\"AVALEHT\",\"item\":\"https:\/\/bbqentertainment.com\/en\/\"},{\"@type\":\"ListItem\",\"position\":2,\"name\":\"Tooted\",\"item\":\"https:\/\/bbqentertainment.com\/tooted\/\"},{\"@type\":\"ListItem\",\"position\":3,\"name\":\"Grillid ja ahjud\",\"item\":\"https:\/\/bbqentertainment.com\/tootekategooria\/grillid-ja-ahjud\/\"},{\"@type\":\"ListItem\",\"position\":4,\"name\":\"Masterbuilt &amp; CharGriller\",\"item\":\"https:\/\/bbqentertainment.com\/tootekategooria\/grillid-ja-ahjud\/masterbuilt-ahjud\/\"},{\"@type\":\"ListItem\",\"position\":5,\"name\":\"Char-Griller Competiton PRO ilmastikukindel grillikate\"}]},{\"@type\":\"WebSite\",\"@id\":\"https:\/\/bbqentertainment.com\/#website\",\"url\":\"https:\/\/bbqentertainment.com\/\",\"name\":\"BBQ Entertainment\",\"description\":\"BBQ is a great lifestyle, not just fun!\",\"publisher\":{\"@id\":\"https:\/\/bbqentertainment.com\/#organization\"},\"potentialAction\":[{\"@type\":\"SearchAction\",\"target\":{\"@type\":\"EntryPoint\",\"urlTemplate\":\"https:\/\/bbqentertainment.com\/?s={search_term_string}\"},\"query-input\":{\"@type\":\"PropertyValueSpecification\",\"valueRequired\":true,\"valueName\":\"search_term_string\"}}],\"inLanguage\":\"en-US\"},{\"@type\":\"Organization\",\"@id\":\"https:\/\/bbqentertainment.com\/#organization\",\"name\":\"BBQ Entertainment O\u00dc\",\"url\":\"https:\/\/bbqentertainment.com\/\",\"logo\":{\"@type\":\"ImageObject\",\"inLanguage\":\"en-US\",\"@id\":\"https:\/\/bbqentertainment.com\/#\/schema\/logo\/image\/\",\"url\":\"https:\/\/bbqentertainment.com\/wp-content\/uploads\/2020\/04\/BBQ-Entertainment-N-Catering-Enn-Tobreluts-Logo.png\",\"contentUrl\":\"https:\/\/bbqentertainment.com\/wp-content\/uploads\/2020\/04\/BBQ-Entertainment-N-Catering-Enn-Tobreluts-Logo.png\",\"width\":628,\"height\":266,\"caption\":\"BBQ Entertainment O\u00dc\"},\"image\":{\"@id\":\"https:\/\/bbqentertainment.com\/#\/schema\/logo\/image\/\"},\"sameAs\":[\"https:\/\/www.facebook.com\/BBQ-Entertainment-N-Catering-2437913376443540\",\"https:\/\/www.instagram.com\/bbqentertainmentncatering\/\",\"https:\/\/www.youtube.com\/channel\/UCmpuANQVhLy2Md8nrenp2jA\"]}]}<\/script>\n<!-- \/ Yoast SEO plugin. -->","yoast_head_json":{"title":"Char-Griller Competiton PRO ilmastikukindel grillikate - BBQ Entertainment","description":"Ilmastikukindel grillikate Char-Griller Pro 8125 grilli mudelile. Kaitseb ilmastikum\u00f5jude ja mustuse eest. Valmistatud PVC-pol\u00fcesterkomposiidist","robots":{"index":"index","follow":"follow","max-snippet":"max-snippet:-1","max-image-preview":"max-image-preview:large","max-video-preview":"max-video-preview:-1"},"canonical":"https:\/\/bbqentertainment.com\/toode\/char-griller-competiton-pro-ilmastikukindel-grillikate\/","og_locale":"en_US","og_type":"article","og_title":"Char-Griller Competiton PRO ilmastikukindel grillikate - BBQ Entertainment","og_description":"Ilmastikukindel grillikate Char-Griller Pro 8125 grilli mudelile. Kaitseb ilmastikum\u00f5jude ja mustuse eest. Valmistatud PVC-pol\u00fcesterkomposiidist","og_url":"https:\/\/bbqentertainment.com\/toode\/char-griller-competiton-pro-ilmastikukindel-grillikate\/","og_site_name":"BBQ Entertainment","article_publisher":"https:\/\/www.facebook.com\/BBQ-Entertainment-N-Catering-2437913376443540","article_modified_time":"2025-07-25T10:45:53+00:00","og_image":[{"width":1600,"height":1600,"url":"https:\/\/bbqentertainment.com\/wp-content\/uploads\/2025\/04\/char-griller-char-griller-beschermhoes-competition.jpg","type":"image\/jpeg"}],"twitter_card":"summary_large_image","twitter_misc":{"Est. reading time":"1 minute"},"schema":{"@context":"https:\/\/schema.org","@graph":[{"@type":["WebPage","ItemPage"],"@id":"https:\/\/bbqentertainment.com\/toode\/char-griller-competiton-pro-ilmastikukindel-grillikate\/","url":"https:\/\/bbqentertainment.com\/toode\/char-griller-competiton-pro-ilmastikukindel-grillikate\/","name":"Char-Griller Competiton PRO ilmastikukindel grillikate - BBQ Entertainment","isPartOf":{"@id":"https:\/\/bbqentertainment.com\/#website"},"primaryImageOfPage":{"@id":"https:\/\/bbqentertainment.com\/toode\/char-griller-competiton-pro-ilmastikukindel-grillikate\/#primaryimage"},"image":{"@id":"https:\/\/bbqentertainment.com\/toode\/char-griller-competiton-pro-ilmastikukindel-grillikate\/#primaryimage"},"thumbnailUrl":"https:\/\/bbqentertainment.com\/wp-content\/uploads\/2025\/04\/char-griller-char-griller-beschermhoes-competition.jpg","datePublished":"2025-04-24T17:51:02+00:00","dateModified":"2025-07-25T10:45:53+00:00","description":"Ilmastikukindel grillikate Char-Griller Pro 8125 grilli mudelile. Kaitseb ilmastikum\u00f5jude ja mustuse eest. Valmistatud PVC-pol\u00fcesterkomposiidist","breadcrumb":{"@id":"https:\/\/bbqentertainment.com\/toode\/char-griller-competiton-pro-ilmastikukindel-grillikate\/#breadcrumb"},"inLanguage":"en-US","potentialAction":[{"@type":"ReadAction","target":["https:\/\/bbqentertainment.com\/toode\/char-griller-competiton-pro-ilmastikukindel-grillikate\/"]}]},{"@type":"ImageObject","inLanguage":"en-US","@id":"https:\/\/bbqentertainment.com\/toode\/char-griller-competiton-pro-ilmastikukindel-grillikate\/#primaryimage","url":"https:\/\/bbqentertainment.com\/wp-content\/uploads\/2025\/04\/char-griller-char-griller-beschermhoes-competition.jpg","contentUrl":"https:\/\/bbqentertainment.com\/wp-content\/uploads\/2025\/04\/char-griller-char-griller-beschermhoes-competition.jpg","width":1600,"height":1600},{"@type":"BreadcrumbList","@id":"https:\/\/bbqentertainment.com\/toode\/char-griller-competiton-pro-ilmastikukindel-grillikate\/#breadcrumb","itemListElement":[{"@type":"ListItem","position":1,"name":"AVALEHT","item":"https:\/\/bbqentertainment.com\/en\/"},{"@type":"ListItem","position":2,"name":"Tooted","item":"https:\/\/bbqentertainment.com\/tooted\/"},{"@type":"ListItem","position":3,"name":"Grillid ja ahjud","item":"https:\/\/bbqentertainment.com\/tootekategooria\/grillid-ja-ahjud\/"},{"@type":"ListItem","position":4,"name":"Masterbuilt &amp; CharGriller","item":"https:\/\/bbqentertainment.com\/tootekategooria\/grillid-ja-ahjud\/masterbuilt-ahjud\/"},{"@type":"ListItem","position":5,"name":"Char-Griller Competiton PRO ilmastikukindel grillikate"}]},{"@type":"WebSite","@id":"https:\/\/bbqentertainment.com\/#website","url":"https:\/\/bbqentertainment.com\/","name":"BBQ Entertainment","description":"BBQ is a great lifestyle, not just fun!","publisher":{"@id":"https:\/\/bbqentertainment.com\/#organization"},"potentialAction":[{"@type":"SearchAction","target":{"@type":"EntryPoint","urlTemplate":"https:\/\/bbqentertainment.com\/?s={search_term_string}"},"query-input":{"@type":"PropertyValueSpecification","valueRequired":true,"valueName":"search_term_string"}}],"inLanguage":"en-US"},{"@type":"Organization","@id":"https:\/\/bbqentertainment.com\/#organization","name":"BBQ Entertainment O\u00dc","url":"https:\/\/bbqentertainment.com\/","logo":{"@type":"ImageObject","inLanguage":"en-US","@id":"https:\/\/bbqentertainment.com\/#\/schema\/logo\/image\/","url":"https:\/\/bbqentertainment.com\/wp-content\/uploads\/2020\/04\/BBQ-Entertainment-N-Catering-Enn-Tobreluts-Logo.png","contentUrl":"https:\/\/bbqentertainment.com\/wp-content\/uploads\/2020\/04\/BBQ-Entertainment-N-Catering-Enn-Tobreluts-Logo.png","width":628,"height":266,"caption":"BBQ Entertainment O\u00dc"},"image":{"@id":"https:\/\/bbqentertainment.com\/#\/schema\/logo\/image\/"},"sameAs":["https:\/\/www.facebook.com\/BBQ-Entertainment-N-Catering-2437913376443540","https:\/\/www.instagram.com\/bbqentertainmentncatering\/","https:\/\/www.youtube.com\/channel\/UCmpuANQVhLy2Md8nrenp2jA"]}]}},"_links":{"self":[{"href":"https:\/\/bbqentertainment.com\/en\/wp-json\/wp\/v2\/product\/252133","targetHints":{"allow":["GET"]}}],"collection":[{"href":"https:\/\/bbqentertainment.com\/en\/wp-json\/wp\/v2\/product"}],"about":[{"href":"https:\/\/bbqentertainment.com\/en\/wp-json\/wp\/v2\/types\/product"}],"wp:featuredmedia":[{"embeddable":true,"href":"https:\/\/bbqentertainment.com\/en\/wp-json\/wp\/v2\/media\/252136"}],"wp:attachment":[{"href":"https:\/\/bbqentertainment.com\/en\/wp-json\/wp\/v2\/media?parent=252133"}],"wp:term":[{"taxonomy":"product_brand","embeddable":true,"href":"https:\/\/bbqentertainment.com\/en\/wp-json\/wp\/v2\/product_brand?post=252133"},{"taxonomy":"product_cat","embeddable":true,"href":"https:\/\/bbqentertainment.com\/en\/wp-json\/wp\/v2\/product_cat?post=252133"},{"taxonomy":"product_tag","embeddable":true,"href":"https:\/\/bbqentertainment.com\/en\/wp-json\/wp\/v2\/product_tag?post=252133"}],"curies":[{"name":"wp","href":"https:\/\/api.w.org\/{rel}","templated":true}]}}