{"id":252152,"date":"2025-04-24T21:16:07","date_gmt":"2025-04-24T18:16:07","guid":{"rendered":"https:\/\/bbqentertainment.com\/?post_type=product&#038;p=252152"},"modified":"2025-07-25T13:45:37","modified_gmt":"2025-07-25T10:45:37","slug":"char-griller-ilmastikukindel-smokin-champ-grillikate","status":"publish","type":"product","link":"https:\/\/bbqentertainment.com\/en\/toode\/char-griller-ilmastikukindel-smokin-champ-grillikate\/","title":{"rendered":"Char-Griller ilmastikukindel Smokin&#8217; Champ grillikate"},"content":{"rendered":"","protected":false},"excerpt":{"rendered":"<h3 data-start=\"0\" data-end=\"65\"><strong>Char-Griller ilmastikukindel Smokin&#8217; Champ grillikate<\/strong><\/h3>\n<p class=\"\" data-start=\"67\" data-end=\"393\">See vastupidav ja ilmastikukindel grillikate aitab hoida sinu Smokin\u2019 Champ grilli v\u00f5i smokerit heas seisukorras aastateks. Mustast vin\u00fc\u00fclist valmistatud kate kaitseb tuule, liiva, niiskuse, p\u00e4ikese ja lindude eest. Siset\u00f6\u00f6tlus on tehtud veekindlast PVC- ja pol\u00fcesterkihist, mis annab lisakaitse ka karmimates ilmastikuoludes.<\/p>\n<p class=\"\" data-start=\"395\" data-end=\"409\"><strong data-start=\"395\" data-end=\"407\">Omadused<\/strong><\/p>\n<ul data-start=\"410\" data-end=\"704\">\n<li class=\"\" data-start=\"410\" data-end=\"447\">\n<p class=\"\" data-start=\"412\" data-end=\"447\">Veekindel PVC- ja pol\u00fcestervooder<\/p>\n<\/li>\n<li class=\"\" data-start=\"448\" data-end=\"510\">\n<p class=\"\" data-start=\"450\" data-end=\"510\">Venivad lisapaneelid sobituvad suitsukasti ja suitsutoruga<\/p>\n<\/li>\n<li class=\"\" data-start=\"511\" data-end=\"555\">\n<p class=\"\" data-start=\"513\" data-end=\"555\">Kaitseb grilli ilmastiku ja mustuse eest<\/p>\n<\/li>\n<li class=\"\" data-start=\"556\" data-end=\"629\">\n<p class=\"\" data-start=\"558\" data-end=\"629\">Sobib mudelitele: Smokin&#8217; Champ 1624, 1733, Blazer 2130, Classic 2175<\/p>\n<\/li>\n<li class=\"\" data-start=\"630\" data-end=\"704\">\n<p class=\"\" data-start=\"632\" data-end=\"704\">Reguleeritav suurus: sobib grillidele pikkusega 60\u201370 tolli (152\u2013178 cm)<\/p>\n<\/li>\n<\/ul>\n<p class=\"\" data-start=\"732\" data-end=\"775\"><strong>M\u00f5\u00f5tmed:<\/strong> 157,5 \u00d7 73,7 \u00d7 127 cm (P \u00d7 L \u00d7 K)<\/p>\n<p>&nbsp;<\/p>\n","protected":false},"featured_media":252153,"template":"","meta":{"inline_featured_image":false},"product_brand":[],"product_cat":[19],"product_tag":[],"class_list":{"0":"post-252152","1":"product","2":"type-product","3":"status-publish","4":"has-post-thumbnail","6":"product_cat-masterbuilt-ahjud","8":"first","9":"instock","10":"taxable","11":"shipping-taxable","12":"purchasable","13":"product-type-simple"},"yoast_head":"<!-- This site is optimized with the Yoast SEO plugin v27.4 - https:\/\/yoast.com\/product\/yoast-seo-wordpress\/ -->\n<title>Char-Griller ilmastikukindel Smokin&#039; Champ grillikate - BBQ Entertainment<\/title>\n<meta name=\"description\" content=\"Ilmastikukindel grillikate Char-Griller Smokin&#039; Champ grilli mudelile. Kaitseb ilmastikum\u00f5jude ja mustuse eest. Valmistatud PVC-pol\u00fcesterkomposiidist\" \/>\n<meta name=\"robots\" content=\"index, follow, max-snippet:-1, max-image-preview:large, max-video-preview:-1\" \/>\n<link rel=\"canonical\" href=\"https:\/\/bbqentertainment.com\/toode\/char-griller-ilmastikukindel-smokin-champ-grillikate\/\" \/>\n<meta property=\"og:locale\" content=\"en_US\" \/>\n<meta property=\"og:type\" content=\"article\" \/>\n<meta property=\"og:title\" content=\"Char-Griller ilmastikukindel Smokin&#039; Champ grillikate - BBQ Entertainment\" \/>\n<meta property=\"og:description\" content=\"Ilmastikukindel grillikate Char-Griller Smokin&#039; Champ grilli mudelile. Kaitseb ilmastikum\u00f5jude ja mustuse eest. Valmistatud PVC-pol\u00fcesterkomposiidist\" \/>\n<meta property=\"og:url\" content=\"https:\/\/bbqentertainment.com\/toode\/char-griller-ilmastikukindel-smokin-champ-grillikate\/\" \/>\n<meta property=\"og:site_name\" content=\"BBQ Entertainment\" \/>\n<meta property=\"article:publisher\" content=\"https:\/\/www.facebook.com\/BBQ-Entertainment-N-Catering-2437913376443540\" \/>\n<meta property=\"article:modified_time\" content=\"2025-07-25T10:45:37+00:00\" \/>\n<meta property=\"og:image\" content=\"https:\/\/bbqentertainment.com\/wp-content\/uploads\/2025\/04\/s-l960.jpg\" \/>\n\t<meta property=\"og:image:width\" content=\"500\" \/>\n\t<meta property=\"og:image:height\" content=\"500\" \/>\n\t<meta property=\"og:image:type\" content=\"image\/jpeg\" \/>\n<meta name=\"twitter:card\" content=\"summary_large_image\" \/>\n<meta name=\"twitter:label1\" content=\"Est. reading time\" \/>\n\t<meta name=\"twitter:data1\" content=\"1 minute\" \/>\n<script type=\"application\/ld+json\" class=\"yoast-schema-graph\">{\"@context\":\"https:\\\/\\\/schema.org\",\"@graph\":[{\"@type\":[\"WebPage\",\"ItemPage\"],\"@id\":\"https:\\\/\\\/bbqentertainment.com\\\/toode\\\/char-griller-ilmastikukindel-smokin-champ-grillikate\\\/\",\"url\":\"https:\\\/\\\/bbqentertainment.com\\\/toode\\\/char-griller-ilmastikukindel-smokin-champ-grillikate\\\/\",\"name\":\"Char-Griller ilmastikukindel Smokin' Champ grillikate - BBQ Entertainment\",\"isPartOf\":{\"@id\":\"https:\\\/\\\/bbqentertainment.com\\\/#website\"},\"primaryImageOfPage\":{\"@id\":\"https:\\\/\\\/bbqentertainment.com\\\/toode\\\/char-griller-ilmastikukindel-smokin-champ-grillikate\\\/#primaryimage\"},\"image\":{\"@id\":\"https:\\\/\\\/bbqentertainment.com\\\/toode\\\/char-griller-ilmastikukindel-smokin-champ-grillikate\\\/#primaryimage\"},\"thumbnailUrl\":\"https:\\\/\\\/bbqentertainment.com\\\/wp-content\\\/uploads\\\/2025\\\/04\\\/s-l960.jpg\",\"datePublished\":\"2025-04-24T18:16:07+00:00\",\"dateModified\":\"2025-07-25T10:45:37+00:00\",\"description\":\"Ilmastikukindel grillikate Char-Griller Smokin' Champ grilli mudelile. Kaitseb ilmastikum\u00f5jude ja mustuse eest. Valmistatud PVC-pol\u00fcesterkomposiidist\",\"breadcrumb\":{\"@id\":\"https:\\\/\\\/bbqentertainment.com\\\/toode\\\/char-griller-ilmastikukindel-smokin-champ-grillikate\\\/#breadcrumb\"},\"inLanguage\":\"en-US\",\"potentialAction\":[{\"@type\":\"ReadAction\",\"target\":[\"https:\\\/\\\/bbqentertainment.com\\\/toode\\\/char-griller-ilmastikukindel-smokin-champ-grillikate\\\/\"]}]},{\"@type\":\"ImageObject\",\"inLanguage\":\"en-US\",\"@id\":\"https:\\\/\\\/bbqentertainment.com\\\/toode\\\/char-griller-ilmastikukindel-smokin-champ-grillikate\\\/#primaryimage\",\"url\":\"https:\\\/\\\/bbqentertainment.com\\\/wp-content\\\/uploads\\\/2025\\\/04\\\/s-l960.jpg\",\"contentUrl\":\"https:\\\/\\\/bbqentertainment.com\\\/wp-content\\\/uploads\\\/2025\\\/04\\\/s-l960.jpg\",\"width\":500,\"height\":500},{\"@type\":\"BreadcrumbList\",\"@id\":\"https:\\\/\\\/bbqentertainment.com\\\/toode\\\/char-griller-ilmastikukindel-smokin-champ-grillikate\\\/#breadcrumb\",\"itemListElement\":[{\"@type\":\"ListItem\",\"position\":1,\"name\":\"AVALEHT\",\"item\":\"https:\\\/\\\/bbqentertainment.com\\\/en\\\/\"},{\"@type\":\"ListItem\",\"position\":2,\"name\":\"Tooted\",\"item\":\"https:\\\/\\\/bbqentertainment.com\\\/tooted\\\/\"},{\"@type\":\"ListItem\",\"position\":3,\"name\":\"Grillid ja ahjud\",\"item\":\"https:\\\/\\\/bbqentertainment.com\\\/tootekategooria\\\/grillid-ja-ahjud\\\/\"},{\"@type\":\"ListItem\",\"position\":4,\"name\":\"Masterbuilt &amp; CharGriller\",\"item\":\"https:\\\/\\\/bbqentertainment.com\\\/tootekategooria\\\/grillid-ja-ahjud\\\/masterbuilt-ahjud\\\/\"},{\"@type\":\"ListItem\",\"position\":5,\"name\":\"Char-Griller ilmastikukindel Smokin&#8217; Champ grillikate\"}]},{\"@type\":\"WebSite\",\"@id\":\"https:\\\/\\\/bbqentertainment.com\\\/#website\",\"url\":\"https:\\\/\\\/bbqentertainment.com\\\/\",\"name\":\"BBQ Entertainment\",\"description\":\"BBQ is a great lifestyle, not just fun!\",\"publisher\":{\"@id\":\"https:\\\/\\\/bbqentertainment.com\\\/#organization\"},\"potentialAction\":[{\"@type\":\"SearchAction\",\"target\":{\"@type\":\"EntryPoint\",\"urlTemplate\":\"https:\\\/\\\/bbqentertainment.com\\\/?s={search_term_string}\"},\"query-input\":{\"@type\":\"PropertyValueSpecification\",\"valueRequired\":true,\"valueName\":\"search_term_string\"}}],\"inLanguage\":\"en-US\"},{\"@type\":\"Organization\",\"@id\":\"https:\\\/\\\/bbqentertainment.com\\\/#organization\",\"name\":\"BBQ Entertainment O\u00dc\",\"url\":\"https:\\\/\\\/bbqentertainment.com\\\/\",\"logo\":{\"@type\":\"ImageObject\",\"inLanguage\":\"en-US\",\"@id\":\"https:\\\/\\\/bbqentertainment.com\\\/#\\\/schema\\\/logo\\\/image\\\/\",\"url\":\"https:\\\/\\\/bbqentertainment.com\\\/wp-content\\\/uploads\\\/2020\\\/04\\\/BBQ-Entertainment-N-Catering-Enn-Tobreluts-Logo.png\",\"contentUrl\":\"https:\\\/\\\/bbqentertainment.com\\\/wp-content\\\/uploads\\\/2020\\\/04\\\/BBQ-Entertainment-N-Catering-Enn-Tobreluts-Logo.png\",\"width\":628,\"height\":266,\"caption\":\"BBQ Entertainment O\u00dc\"},\"image\":{\"@id\":\"https:\\\/\\\/bbqentertainment.com\\\/#\\\/schema\\\/logo\\\/image\\\/\"},\"sameAs\":[\"https:\\\/\\\/www.facebook.com\\\/BBQ-Entertainment-N-Catering-2437913376443540\",\"https:\\\/\\\/www.instagram.com\\\/bbqentertainmentncatering\\\/\",\"https:\\\/\\\/www.youtube.com\\\/channel\\\/UCmpuANQVhLy2Md8nrenp2jA\"]}]}<\/script>\n<!-- \/ Yoast SEO plugin. -->","yoast_head_json":{"title":"Char-Griller ilmastikukindel Smokin' Champ grillikate - BBQ Entertainment","description":"Ilmastikukindel grillikate Char-Griller Smokin' Champ grilli mudelile. Kaitseb ilmastikum\u00f5jude ja mustuse eest. Valmistatud PVC-pol\u00fcesterkomposiidist","robots":{"index":"index","follow":"follow","max-snippet":"max-snippet:-1","max-image-preview":"max-image-preview:large","max-video-preview":"max-video-preview:-1"},"canonical":"https:\/\/bbqentertainment.com\/toode\/char-griller-ilmastikukindel-smokin-champ-grillikate\/","og_locale":"en_US","og_type":"article","og_title":"Char-Griller ilmastikukindel Smokin' Champ grillikate - BBQ Entertainment","og_description":"Ilmastikukindel grillikate Char-Griller Smokin' Champ grilli mudelile. Kaitseb ilmastikum\u00f5jude ja mustuse eest. Valmistatud PVC-pol\u00fcesterkomposiidist","og_url":"https:\/\/bbqentertainment.com\/toode\/char-griller-ilmastikukindel-smokin-champ-grillikate\/","og_site_name":"BBQ Entertainment","article_publisher":"https:\/\/www.facebook.com\/BBQ-Entertainment-N-Catering-2437913376443540","article_modified_time":"2025-07-25T10:45:37+00:00","og_image":[{"width":500,"height":500,"url":"https:\/\/bbqentertainment.com\/wp-content\/uploads\/2025\/04\/s-l960.jpg","type":"image\/jpeg"}],"twitter_card":"summary_large_image","twitter_misc":{"Est. reading time":"1 minute"},"schema":{"@context":"https:\/\/schema.org","@graph":[{"@type":["WebPage","ItemPage"],"@id":"https:\/\/bbqentertainment.com\/toode\/char-griller-ilmastikukindel-smokin-champ-grillikate\/","url":"https:\/\/bbqentertainment.com\/toode\/char-griller-ilmastikukindel-smokin-champ-grillikate\/","name":"Char-Griller ilmastikukindel Smokin' Champ grillikate - BBQ Entertainment","isPartOf":{"@id":"https:\/\/bbqentertainment.com\/#website"},"primaryImageOfPage":{"@id":"https:\/\/bbqentertainment.com\/toode\/char-griller-ilmastikukindel-smokin-champ-grillikate\/#primaryimage"},"image":{"@id":"https:\/\/bbqentertainment.com\/toode\/char-griller-ilmastikukindel-smokin-champ-grillikate\/#primaryimage"},"thumbnailUrl":"https:\/\/bbqentertainment.com\/wp-content\/uploads\/2025\/04\/s-l960.jpg","datePublished":"2025-04-24T18:16:07+00:00","dateModified":"2025-07-25T10:45:37+00:00","description":"Ilmastikukindel grillikate Char-Griller Smokin' Champ grilli mudelile. Kaitseb ilmastikum\u00f5jude ja mustuse eest. Valmistatud PVC-pol\u00fcesterkomposiidist","breadcrumb":{"@id":"https:\/\/bbqentertainment.com\/toode\/char-griller-ilmastikukindel-smokin-champ-grillikate\/#breadcrumb"},"inLanguage":"en-US","potentialAction":[{"@type":"ReadAction","target":["https:\/\/bbqentertainment.com\/toode\/char-griller-ilmastikukindel-smokin-champ-grillikate\/"]}]},{"@type":"ImageObject","inLanguage":"en-US","@id":"https:\/\/bbqentertainment.com\/toode\/char-griller-ilmastikukindel-smokin-champ-grillikate\/#primaryimage","url":"https:\/\/bbqentertainment.com\/wp-content\/uploads\/2025\/04\/s-l960.jpg","contentUrl":"https:\/\/bbqentertainment.com\/wp-content\/uploads\/2025\/04\/s-l960.jpg","width":500,"height":500},{"@type":"BreadcrumbList","@id":"https:\/\/bbqentertainment.com\/toode\/char-griller-ilmastikukindel-smokin-champ-grillikate\/#breadcrumb","itemListElement":[{"@type":"ListItem","position":1,"name":"AVALEHT","item":"https:\/\/bbqentertainment.com\/en\/"},{"@type":"ListItem","position":2,"name":"Tooted","item":"https:\/\/bbqentertainment.com\/tooted\/"},{"@type":"ListItem","position":3,"name":"Grillid ja ahjud","item":"https:\/\/bbqentertainment.com\/tootekategooria\/grillid-ja-ahjud\/"},{"@type":"ListItem","position":4,"name":"Masterbuilt &amp; CharGriller","item":"https:\/\/bbqentertainment.com\/tootekategooria\/grillid-ja-ahjud\/masterbuilt-ahjud\/"},{"@type":"ListItem","position":5,"name":"Char-Griller ilmastikukindel Smokin&#8217; Champ grillikate"}]},{"@type":"WebSite","@id":"https:\/\/bbqentertainment.com\/#website","url":"https:\/\/bbqentertainment.com\/","name":"BBQ Entertainment","description":"BBQ is a great lifestyle, not just fun!","publisher":{"@id":"https:\/\/bbqentertainment.com\/#organization"},"potentialAction":[{"@type":"SearchAction","target":{"@type":"EntryPoint","urlTemplate":"https:\/\/bbqentertainment.com\/?s={search_term_string}"},"query-input":{"@type":"PropertyValueSpecification","valueRequired":true,"valueName":"search_term_string"}}],"inLanguage":"en-US"},{"@type":"Organization","@id":"https:\/\/bbqentertainment.com\/#organization","name":"BBQ Entertainment O\u00dc","url":"https:\/\/bbqentertainment.com\/","logo":{"@type":"ImageObject","inLanguage":"en-US","@id":"https:\/\/bbqentertainment.com\/#\/schema\/logo\/image\/","url":"https:\/\/bbqentertainment.com\/wp-content\/uploads\/2020\/04\/BBQ-Entertainment-N-Catering-Enn-Tobreluts-Logo.png","contentUrl":"https:\/\/bbqentertainment.com\/wp-content\/uploads\/2020\/04\/BBQ-Entertainment-N-Catering-Enn-Tobreluts-Logo.png","width":628,"height":266,"caption":"BBQ Entertainment O\u00dc"},"image":{"@id":"https:\/\/bbqentertainment.com\/#\/schema\/logo\/image\/"},"sameAs":["https:\/\/www.facebook.com\/BBQ-Entertainment-N-Catering-2437913376443540","https:\/\/www.instagram.com\/bbqentertainmentncatering\/","https:\/\/www.youtube.com\/channel\/UCmpuANQVhLy2Md8nrenp2jA"]}]}},"_links":{"self":[{"href":"https:\/\/bbqentertainment.com\/en\/wp-json\/wp\/v2\/product\/252152","targetHints":{"allow":["GET"]}}],"collection":[{"href":"https:\/\/bbqentertainment.com\/en\/wp-json\/wp\/v2\/product"}],"about":[{"href":"https:\/\/bbqentertainment.com\/en\/wp-json\/wp\/v2\/types\/product"}],"wp:featuredmedia":[{"embeddable":true,"href":"https:\/\/bbqentertainment.com\/en\/wp-json\/wp\/v2\/media\/252153"}],"wp:attachment":[{"href":"https:\/\/bbqentertainment.com\/en\/wp-json\/wp\/v2\/media?parent=252152"}],"wp:term":[{"taxonomy":"product_brand","embeddable":true,"href":"https:\/\/bbqentertainment.com\/en\/wp-json\/wp\/v2\/product_brand?post=252152"},{"taxonomy":"product_cat","embeddable":true,"href":"https:\/\/bbqentertainment.com\/en\/wp-json\/wp\/v2\/product_cat?post=252152"},{"taxonomy":"product_tag","embeddable":true,"href":"https:\/\/bbqentertainment.com\/en\/wp-json\/wp\/v2\/product_tag?post=252152"}],"curies":[{"name":"wp","href":"https:\/\/api.w.org\/{rel}","templated":true}]}}