{"id":252404,"date":"2025-05-05T14:10:46","date_gmt":"2025-05-05T11:10:46","guid":{"rendered":"https:\/\/bbqentertainment.com\/?post_type=product&#038;p=252404"},"modified":"2026-04-07T17:21:33","modified_gmt":"2026-04-07T14:21:33","slug":"komplekt-toolaud-jane-1600-riiuli-ja-puidust-tasapinnaga-komodo-kamado-19-matt-must","status":"publish","type":"product","link":"https:\/\/bbqentertainment.com\/en\/toode\/komplekt-toolaud-jane-1600-riiuli-ja-puidust-tasapinnaga-komodo-kamado-19-matt-must\/","title":{"rendered":"ERIPAKKUMINE komplekt: T\u00f6\u00f6laud JANE 1600 riiuli ja puidust tasapinnaga + KOMODO KAMADO 19\u201d matt must"},"content":{"rendered":"","protected":false},"excerpt":{"rendered":"<h3><span style=\"color: #000000;\"><strong>ERIPAKKUMINE &#8211; komplekt: T\u00d6\u00d6LAUD Disainmet JANE 1600 riiuli ja puidust tasapinnaga + KOMODO KAMADO 19\u201d matt must<\/strong><\/span><\/h3>\n<p style=\"font-weight: 400;\"><span style=\"color: #000000;\"><strong>ERIPAKKUMINE LAUD + AHI<\/strong><\/span><\/p>\n<p style=\"font-weight: 400;\"><span style=\"color: #000000;\"><strong>Komplekti kuulub<\/strong><\/span><\/p>\n<ul style=\"font-weight: 400;\">\n<li><span style=\"color: #000000;\">T\u00f6\u00f6laud JANE 1600\u00a0\u2013 termot\u00f6\u00f6deldud saarepuidust t\u00f6\u00f6pind ja riiul<\/span><\/li>\n<li><span style=\"color: #000000;\">Keraamiline grill KOMODO KAMADO 19\u201d TT\u00a0\u2013 matt must, ruudukujuline alus<\/span><\/li>\n<li><span style=\"color: #000000;\">Refractory Barbeque Grill 19\u201d TT Supreme Export Package\u00a0\u2013 p\u00f5hikomplekt grilliga<\/span><\/li>\n<li><span style=\"color: #000000;\">Baking Stone for 19\u201d TT\u00a0\u2013 k\u00fcpsetuskivi pitsade ja leiva jaoks<\/span><\/li>\n<li><span style=\"color: #000000;\">Pair Rod &amp; Tube Teak Side Tables for 19\u201d TT\u00a0\u2013 komplekt kahest teaktiivast k\u00fclglauast<\/span><\/li>\n<li><span style=\"color: #000000;\">Rib Rack for 19\u201d TT\u00a0\u2013 ribirest vertikaalseks k\u00fcpsetamiseks<\/span><\/li>\n<li><span style=\"color: #000000;\">Rolling Cart for 19\u201d TT\u00a0\u2013 ratastel alus grilli lihtsaks liigutamiseks<\/span><\/li>\n<li><span style=\"color: #000000;\">Stainless and Teak Grate Grabbers (2 tk)\u00a0\u2013 roostevabast terasest ja teaktangidega restit\u00f5stjad<\/span><\/li>\n<li><span style=\"color: #000000;\">Tel-Tru Lid Thermometer\u00a0\u2013 t\u00e4pne ja vastupidav kaanetermomeeter<\/span><\/li>\n<\/ul>\n<p style=\"font-weight: 400;\"><span style=\"color: #000000;\"><strong>T\u00f6\u00f6laud JANE 1600 omadused<\/strong><\/span><\/p>\n<ul style=\"font-weight: 400;\">\n<li><span style=\"color: #000000;\">valmistatud Eestis k\u00e4sit\u00f6\u00f6na<\/span><\/li>\n<li><span style=\"color: #000000;\">t\u00f6\u00f6pind ja riiul:\u00a0Thermory termot\u00f6\u00f6deldud saar<\/span><\/li>\n<li><span style=\"color: #000000;\">vastupidavusklass 1 \u2013\u00a0m\u00e4danikukindel 25+ aastat<\/span><\/li>\n<li><span style=\"color: #000000;\">ei vaja tingimata pinnat\u00f6\u00f6tlust, ajaga muutub h\u00f5behalliks<\/span><\/li>\n<li><span style=\"color: #000000;\">UV-kaitse\u00f5liga toonitav, soovitatav hooldus kord aastas<\/span><\/li>\n<li><span style=\"color: #000000;\">tugev nelikanttorust metallraam,\u00a0topelt pulberv\u00e4rvkattega\u00a0(tsink + pealiskate)<\/span><\/li>\n<li><span style=\"color: #000000;\">t\u00e4ispikalt avanev metallsiinidel sahtel<\/span><\/li>\n<li><span style=\"color: #000000;\">lihtsalt liigutatav ratastel, 2 lukustatavat ratast<\/span><\/li>\n<li><span style=\"color: #000000;\">m\u00f5\u00f5dud:\u00a091 \u00d7 67 \u00d7 155 cm (K \u00d7 S \u00d7 L)<\/span><\/li>\n<\/ul>\n<p style=\"font-weight: 400;\"><span style=\"color: #000000;\"><strong>KOMODO KAMADO 19\u201d TT Matte Black Square omadused<\/strong><\/span><\/p>\n<ul style=\"font-weight: 400;\">\n<li><span style=\"color: #000000;\">19-tolline (ca 48 cm) keraamiline grill\u00a0\u2013 sobib otse k\u00fcpsetamiseks, suitsutamiseks ja madalal temperatuuril k\u00fcpsetamiseks<\/span><\/li>\n<li><span style=\"color: #000000;\">tugev keraamiline korpus,\u00a0suure soojapidavusega<\/span><\/li>\n<li><span style=\"color: #000000;\">matt must viimistlus, stiilne ja vastupidav<\/span><\/li>\n<li><span style=\"color: #000000;\">ruudukujuline alus\u00a0\u2013 stabiilne ja sobib integreerimiseks t\u00f6\u00f6pinnaga<\/span><\/li>\n<li><span style=\"color: #000000;\">k\u00f5rge kaanega (Hi-Cap), v\u00f5imaldab k\u00fcpsetada suuremaid lihasid ja kasutada mitut k\u00fcpsetustaset<\/span><\/li>\n<li><span style=\"color: #000000;\">ventilatsioon:\u00a0tagumine korsten tagab \u00fchtlase kuumuse ja sobib k\u00fcpsetamiseks nagu Itaalia puuk\u00fcttega ahjus<\/span><\/li>\n<li><span style=\"color: #000000;\">topeltsiibrid\u00a0t\u00e4pseks temperatuurikontrolliks<\/span><\/li>\n<li><span style=\"color: #000000;\">ahju k\u00f5rgus:\u00a093 cm,\u00a0avatud kaanega:\u00a0122 cm<\/span><\/li>\n<\/ul>\n<p style=\"font-weight: 400;\"><span style=\"color: #000000;\"><strong>Kaup on kohe laos olemas.<\/strong>\u00a0Vaadata ja katsuda saab toodet Tallinnas,\u00a0<strong>V\u00e4geva tee 8, Peetri, Rae vald<\/strong>, BBQ Entertainment O\u00dc m\u00fc\u00fcgisalongis.<\/span><\/p>\n<p style=\"font-weight: 400;\">\n","protected":false},"featured_media":252781,"template":"","meta":{"inline_featured_image":false},"product_brand":[],"product_cat":[17,470,238,236],"product_tag":[],"class_list":{"0":"post-252404","1":"product","2":"type-product","3":"status-publish","4":"has-post-thumbnail","6":"product_cat-grillid-ja-ahjud","7":"product_cat-komodo-kamado","8":"product_cat-muud-grillid-ja-ahjud","9":"product_cat-grillilauad","11":"first","12":"instock","13":"sale","14":"taxable","15":"shipping-taxable","16":"purchasable","17":"product-type-simple"},"yoast_head":"<!-- This site is optimized with the Yoast SEO plugin v27.4 - https:\/\/yoast.com\/product\/yoast-seo-wordpress\/ -->\n<title>ERIPAKKUMINE komplekt: T\u00f6\u00f6laud JANE 1600 riiuli ja puidust tasapinnaga + KOMODO KAMADO 19\u201d matt must - BBQ Entertainment<\/title>\n<meta name=\"robots\" content=\"index, follow, max-snippet:-1, max-image-preview:large, max-video-preview:-1\" \/>\n<link rel=\"canonical\" href=\"https:\/\/bbqentertainment.com\/toode\/komplekt-toolaud-jane-1600-riiuli-ja-puidust-tasapinnaga-komodo-kamado-19-matt-must\/\" \/>\n<meta property=\"og:locale\" content=\"en_US\" \/>\n<meta property=\"og:type\" content=\"article\" \/>\n<meta property=\"og:title\" content=\"ERIPAKKUMINE komplekt: T\u00f6\u00f6laud JANE 1600 riiuli ja puidust tasapinnaga + KOMODO KAMADO 19\u201d matt must - BBQ Entertainment\" \/>\n<meta property=\"og:description\" content=\"ERIPAKKUMINE - komplekt: T\u00d6\u00d6LAUD Disainmet JANE 1600 riiuli ja puidust tasapinnaga + KOMODO KAMADO 19\u201d matt must ERIPAKKUMINE LAUD + AHI Komplekti kuulub    T\u00f6\u00f6laud JANE 1600\u00a0\u2013 termot\u00f6\u00f6deldud saarepuidust t\u00f6\u00f6pind ja riiul  Keraamiline grill KOMODO KAMADO 19\u201d TT\u00a0\u2013 matt must, ruudukujuline alus  Refractory Barbeque Grill 19\u201d TT Supreme Export Package\u00a0\u2013 p\u00f5hikomplekt grilliga  Baking Stone for 19\u201d TT\u00a0\u2013 k\u00fcpsetuskivi pitsade ja leiva jaoks  Pair Rod &amp; Tube Teak Side Tables for 19\u201d TT\u00a0\u2013 komplekt kahest teaktiivast k\u00fclglauast  Rib Rack for 19\u201d TT\u00a0\u2013 ribirest vertikaalseks k\u00fcpsetamiseks  Rolling Cart for 19\u201d TT\u00a0\u2013 ratastel alus grilli lihtsaks liigutamiseks  Stainless and Teak Grate Grabbers (2 tk)\u00a0\u2013 roostevabast terasest ja teaktangidega restit\u00f5stjad  Tel-Tru Lid Thermometer\u00a0\u2013 t\u00e4pne ja vastupidav kaanetermomeeter  T\u00f6\u00f6laud JANE 1600 omadused    valmistatud Eestis k\u00e4sit\u00f6\u00f6na  t\u00f6\u00f6pind ja riiul:\u00a0Thermory termot\u00f6\u00f6deldud saar  vastupidavusklass 1 \u2013\u00a0m\u00e4danikukindel 25+ aastat  ei vaja tingimata pinnat\u00f6\u00f6tlust, ajaga muutub h\u00f5behalliks  UV-kaitse\u00f5liga toonitav, soovitatav hooldus kord aastas  tugev nelikanttorust metallraam,\u00a0topelt pulberv\u00e4rvkattega\u00a0(tsink + pealiskate)  t\u00e4ispikalt avanev metallsiinidel sahtel  lihtsalt liigutatav ratastel, 2 lukustatavat ratast  m\u00f5\u00f5dud:\u00a091 \u00d7 67 \u00d7 155 cm (K \u00d7 S \u00d7 L)  KOMODO KAMADO 19\u201d TT Matte Black Square omadused    19-tolline (ca 48 cm) keraamiline grill\u00a0\u2013 sobib otse k\u00fcpsetamiseks, suitsutamiseks ja madalal temperatuuril k\u00fcpsetamiseks  tugev keraamiline korpus,\u00a0suure soojapidavusega  matt must viimistlus, stiilne ja vastupidav  ruudukujuline alus\u00a0\u2013 stabiilne ja sobib integreerimiseks t\u00f6\u00f6pinnaga  k\u00f5rge kaanega (Hi-Cap), v\u00f5imaldab k\u00fcpsetada suuremaid lihasid ja kasutada mitut k\u00fcpsetustaset  ventilatsioon:\u00a0tagumine korsten tagab \u00fchtlase kuumuse ja sobib k\u00fcpsetamiseks nagu Itaalia puuk\u00fcttega ahjus  topeltsiibrid\u00a0t\u00e4pseks temperatuurikontrolliks  ahju k\u00f5rgus:\u00a093 cm,\u00a0avatud kaanega:\u00a0122 cm  Kaup on kohe laos olemas.\u00a0Vaadata ja katsuda saab toodet Tallinnas,\u00a0V\u00e4geva tee 8, Peetri, Rae vald, BBQ Entertainment O\u00dc m\u00fc\u00fcgisalongis.\" \/>\n<meta property=\"og:url\" content=\"https:\/\/bbqentertainment.com\/toode\/komplekt-toolaud-jane-1600-riiuli-ja-puidust-tasapinnaga-komodo-kamado-19-matt-must\/\" \/>\n<meta property=\"og:site_name\" content=\"BBQ Entertainment\" \/>\n<meta property=\"article:publisher\" content=\"https:\/\/www.facebook.com\/BBQ-Entertainment-N-Catering-2437913376443540\" \/>\n<meta property=\"article:modified_time\" content=\"2026-04-07T14:21:33+00:00\" \/>\n<meta property=\"og:image\" content=\"https:\/\/bbqentertainment.com\/wp-content\/uploads\/2025\/05\/komplekt-Toolaud-JANE-1600-riiuli-ja-puidust-tasapinnaga-KOMODO-KAMADO-19-matt-must.jpg\" \/>\n\t<meta property=\"og:image:width\" content=\"1200\" \/>\n\t<meta property=\"og:image:height\" content=\"1200\" \/>\n\t<meta property=\"og:image:type\" content=\"image\/jpeg\" \/>\n<meta name=\"twitter:card\" content=\"summary_large_image\" \/>\n<meta name=\"twitter:label1\" content=\"Est. reading time\" \/>\n\t<meta name=\"twitter:data1\" content=\"1 minute\" \/>\n<script type=\"application\/ld+json\" class=\"yoast-schema-graph\">{\"@context\":\"https:\\\/\\\/schema.org\",\"@graph\":[{\"@type\":[\"WebPage\",\"ItemPage\"],\"@id\":\"https:\\\/\\\/bbqentertainment.com\\\/toode\\\/komplekt-toolaud-jane-1600-riiuli-ja-puidust-tasapinnaga-komodo-kamado-19-matt-must\\\/\",\"url\":\"https:\\\/\\\/bbqentertainment.com\\\/toode\\\/komplekt-toolaud-jane-1600-riiuli-ja-puidust-tasapinnaga-komodo-kamado-19-matt-must\\\/\",\"name\":\"ERIPAKKUMINE komplekt: T\u00f6\u00f6laud JANE 1600 riiuli ja puidust tasapinnaga + KOMODO KAMADO 19\u201d matt must - BBQ Entertainment\",\"isPartOf\":{\"@id\":\"https:\\\/\\\/bbqentertainment.com\\\/#website\"},\"primaryImageOfPage\":{\"@id\":\"https:\\\/\\\/bbqentertainment.com\\\/toode\\\/komplekt-toolaud-jane-1600-riiuli-ja-puidust-tasapinnaga-komodo-kamado-19-matt-must\\\/#primaryimage\"},\"image\":{\"@id\":\"https:\\\/\\\/bbqentertainment.com\\\/toode\\\/komplekt-toolaud-jane-1600-riiuli-ja-puidust-tasapinnaga-komodo-kamado-19-matt-must\\\/#primaryimage\"},\"thumbnailUrl\":\"https:\\\/\\\/bbqentertainment.com\\\/wp-content\\\/uploads\\\/2025\\\/05\\\/komplekt-Toolaud-JANE-1600-riiuli-ja-puidust-tasapinnaga-KOMODO-KAMADO-19-matt-must.jpg\",\"datePublished\":\"2025-05-05T11:10:46+00:00\",\"dateModified\":\"2026-04-07T14:21:33+00:00\",\"breadcrumb\":{\"@id\":\"https:\\\/\\\/bbqentertainment.com\\\/toode\\\/komplekt-toolaud-jane-1600-riiuli-ja-puidust-tasapinnaga-komodo-kamado-19-matt-must\\\/#breadcrumb\"},\"inLanguage\":\"en-US\",\"potentialAction\":[{\"@type\":\"ReadAction\",\"target\":[\"https:\\\/\\\/bbqentertainment.com\\\/toode\\\/komplekt-toolaud-jane-1600-riiuli-ja-puidust-tasapinnaga-komodo-kamado-19-matt-must\\\/\"]}]},{\"@type\":\"ImageObject\",\"inLanguage\":\"en-US\",\"@id\":\"https:\\\/\\\/bbqentertainment.com\\\/toode\\\/komplekt-toolaud-jane-1600-riiuli-ja-puidust-tasapinnaga-komodo-kamado-19-matt-must\\\/#primaryimage\",\"url\":\"https:\\\/\\\/bbqentertainment.com\\\/wp-content\\\/uploads\\\/2025\\\/05\\\/komplekt-Toolaud-JANE-1600-riiuli-ja-puidust-tasapinnaga-KOMODO-KAMADO-19-matt-must.jpg\",\"contentUrl\":\"https:\\\/\\\/bbqentertainment.com\\\/wp-content\\\/uploads\\\/2025\\\/05\\\/komplekt-Toolaud-JANE-1600-riiuli-ja-puidust-tasapinnaga-KOMODO-KAMADO-19-matt-must.jpg\",\"width\":1200,\"height\":1200},{\"@type\":\"BreadcrumbList\",\"@id\":\"https:\\\/\\\/bbqentertainment.com\\\/toode\\\/komplekt-toolaud-jane-1600-riiuli-ja-puidust-tasapinnaga-komodo-kamado-19-matt-must\\\/#breadcrumb\",\"itemListElement\":[{\"@type\":\"ListItem\",\"position\":1,\"name\":\"AVALEHT\",\"item\":\"https:\\\/\\\/bbqentertainment.com\\\/en\\\/\"},{\"@type\":\"ListItem\",\"position\":2,\"name\":\"Tooted\",\"item\":\"https:\\\/\\\/bbqentertainment.com\\\/tooted\\\/\"},{\"@type\":\"ListItem\",\"position\":3,\"name\":\"Lisatarvikud\",\"item\":\"https:\\\/\\\/bbqentertainment.com\\\/tootekategooria\\\/lisatarvikud\\\/\"},{\"@type\":\"ListItem\",\"position\":4,\"name\":\"GRILLILAUAD\",\"item\":\"https:\\\/\\\/bbqentertainment.com\\\/tootekategooria\\\/lisatarvikud\\\/grillilauad\\\/\"},{\"@type\":\"ListItem\",\"position\":5,\"name\":\"ERIPAKKUMINE komplekt: T\u00f6\u00f6laud JANE 1600 riiuli ja puidust tasapinnaga + KOMODO KAMADO 19\u201d matt must\"}]},{\"@type\":\"WebSite\",\"@id\":\"https:\\\/\\\/bbqentertainment.com\\\/#website\",\"url\":\"https:\\\/\\\/bbqentertainment.com\\\/\",\"name\":\"BBQ Entertainment\",\"description\":\"BBQ is a great lifestyle, not just fun!\",\"publisher\":{\"@id\":\"https:\\\/\\\/bbqentertainment.com\\\/#organization\"},\"potentialAction\":[{\"@type\":\"SearchAction\",\"target\":{\"@type\":\"EntryPoint\",\"urlTemplate\":\"https:\\\/\\\/bbqentertainment.com\\\/?s={search_term_string}\"},\"query-input\":{\"@type\":\"PropertyValueSpecification\",\"valueRequired\":true,\"valueName\":\"search_term_string\"}}],\"inLanguage\":\"en-US\"},{\"@type\":\"Organization\",\"@id\":\"https:\\\/\\\/bbqentertainment.com\\\/#organization\",\"name\":\"BBQ Entertainment O\u00dc\",\"url\":\"https:\\\/\\\/bbqentertainment.com\\\/\",\"logo\":{\"@type\":\"ImageObject\",\"inLanguage\":\"en-US\",\"@id\":\"https:\\\/\\\/bbqentertainment.com\\\/#\\\/schema\\\/logo\\\/image\\\/\",\"url\":\"https:\\\/\\\/bbqentertainment.com\\\/wp-content\\\/uploads\\\/2020\\\/04\\\/BBQ-Entertainment-N-Catering-Enn-Tobreluts-Logo.png\",\"contentUrl\":\"https:\\\/\\\/bbqentertainment.com\\\/wp-content\\\/uploads\\\/2020\\\/04\\\/BBQ-Entertainment-N-Catering-Enn-Tobreluts-Logo.png\",\"width\":628,\"height\":266,\"caption\":\"BBQ Entertainment O\u00dc\"},\"image\":{\"@id\":\"https:\\\/\\\/bbqentertainment.com\\\/#\\\/schema\\\/logo\\\/image\\\/\"},\"sameAs\":[\"https:\\\/\\\/www.facebook.com\\\/BBQ-Entertainment-N-Catering-2437913376443540\",\"https:\\\/\\\/www.instagram.com\\\/bbqentertainmentncatering\\\/\",\"https:\\\/\\\/www.youtube.com\\\/channel\\\/UCmpuANQVhLy2Md8nrenp2jA\"]}]}<\/script>\n<!-- \/ Yoast SEO plugin. -->","yoast_head_json":{"title":"ERIPAKKUMINE komplekt: T\u00f6\u00f6laud JANE 1600 riiuli ja puidust tasapinnaga + KOMODO KAMADO 19\u201d matt must - BBQ Entertainment","robots":{"index":"index","follow":"follow","max-snippet":"max-snippet:-1","max-image-preview":"max-image-preview:large","max-video-preview":"max-video-preview:-1"},"canonical":"https:\/\/bbqentertainment.com\/toode\/komplekt-toolaud-jane-1600-riiuli-ja-puidust-tasapinnaga-komodo-kamado-19-matt-must\/","og_locale":"en_US","og_type":"article","og_title":"ERIPAKKUMINE komplekt: T\u00f6\u00f6laud JANE 1600 riiuli ja puidust tasapinnaga + KOMODO KAMADO 19\u201d matt must - BBQ Entertainment","og_description":"ERIPAKKUMINE - komplekt: T\u00d6\u00d6LAUD Disainmet JANE 1600 riiuli ja puidust tasapinnaga + KOMODO KAMADO 19\u201d matt must ERIPAKKUMINE LAUD + AHI Komplekti kuulub    T\u00f6\u00f6laud JANE 1600\u00a0\u2013 termot\u00f6\u00f6deldud saarepuidust t\u00f6\u00f6pind ja riiul  Keraamiline grill KOMODO KAMADO 19\u201d TT\u00a0\u2013 matt must, ruudukujuline alus  Refractory Barbeque Grill 19\u201d TT Supreme Export Package\u00a0\u2013 p\u00f5hikomplekt grilliga  Baking Stone for 19\u201d TT\u00a0\u2013 k\u00fcpsetuskivi pitsade ja leiva jaoks  Pair Rod &amp; Tube Teak Side Tables for 19\u201d TT\u00a0\u2013 komplekt kahest teaktiivast k\u00fclglauast  Rib Rack for 19\u201d TT\u00a0\u2013 ribirest vertikaalseks k\u00fcpsetamiseks  Rolling Cart for 19\u201d TT\u00a0\u2013 ratastel alus grilli lihtsaks liigutamiseks  Stainless and Teak Grate Grabbers (2 tk)\u00a0\u2013 roostevabast terasest ja teaktangidega restit\u00f5stjad  Tel-Tru Lid Thermometer\u00a0\u2013 t\u00e4pne ja vastupidav kaanetermomeeter  T\u00f6\u00f6laud JANE 1600 omadused    valmistatud Eestis k\u00e4sit\u00f6\u00f6na  t\u00f6\u00f6pind ja riiul:\u00a0Thermory termot\u00f6\u00f6deldud saar  vastupidavusklass 1 \u2013\u00a0m\u00e4danikukindel 25+ aastat  ei vaja tingimata pinnat\u00f6\u00f6tlust, ajaga muutub h\u00f5behalliks  UV-kaitse\u00f5liga toonitav, soovitatav hooldus kord aastas  tugev nelikanttorust metallraam,\u00a0topelt pulberv\u00e4rvkattega\u00a0(tsink + pealiskate)  t\u00e4ispikalt avanev metallsiinidel sahtel  lihtsalt liigutatav ratastel, 2 lukustatavat ratast  m\u00f5\u00f5dud:\u00a091 \u00d7 67 \u00d7 155 cm (K \u00d7 S \u00d7 L)  KOMODO KAMADO 19\u201d TT Matte Black Square omadused    19-tolline (ca 48 cm) keraamiline grill\u00a0\u2013 sobib otse k\u00fcpsetamiseks, suitsutamiseks ja madalal temperatuuril k\u00fcpsetamiseks  tugev keraamiline korpus,\u00a0suure soojapidavusega  matt must viimistlus, stiilne ja vastupidav  ruudukujuline alus\u00a0\u2013 stabiilne ja sobib integreerimiseks t\u00f6\u00f6pinnaga  k\u00f5rge kaanega (Hi-Cap), v\u00f5imaldab k\u00fcpsetada suuremaid lihasid ja kasutada mitut k\u00fcpsetustaset  ventilatsioon:\u00a0tagumine korsten tagab \u00fchtlase kuumuse ja sobib k\u00fcpsetamiseks nagu Itaalia puuk\u00fcttega ahjus  topeltsiibrid\u00a0t\u00e4pseks temperatuurikontrolliks  ahju k\u00f5rgus:\u00a093 cm,\u00a0avatud kaanega:\u00a0122 cm  Kaup on kohe laos olemas.\u00a0Vaadata ja katsuda saab toodet Tallinnas,\u00a0V\u00e4geva tee 8, Peetri, Rae vald, BBQ Entertainment O\u00dc m\u00fc\u00fcgisalongis.","og_url":"https:\/\/bbqentertainment.com\/toode\/komplekt-toolaud-jane-1600-riiuli-ja-puidust-tasapinnaga-komodo-kamado-19-matt-must\/","og_site_name":"BBQ Entertainment","article_publisher":"https:\/\/www.facebook.com\/BBQ-Entertainment-N-Catering-2437913376443540","article_modified_time":"2026-04-07T14:21:33+00:00","og_image":[{"width":1200,"height":1200,"url":"https:\/\/bbqentertainment.com\/wp-content\/uploads\/2025\/05\/komplekt-Toolaud-JANE-1600-riiuli-ja-puidust-tasapinnaga-KOMODO-KAMADO-19-matt-must.jpg","type":"image\/jpeg"}],"twitter_card":"summary_large_image","twitter_misc":{"Est. reading time":"1 minute"},"schema":{"@context":"https:\/\/schema.org","@graph":[{"@type":["WebPage","ItemPage"],"@id":"https:\/\/bbqentertainment.com\/toode\/komplekt-toolaud-jane-1600-riiuli-ja-puidust-tasapinnaga-komodo-kamado-19-matt-must\/","url":"https:\/\/bbqentertainment.com\/toode\/komplekt-toolaud-jane-1600-riiuli-ja-puidust-tasapinnaga-komodo-kamado-19-matt-must\/","name":"ERIPAKKUMINE komplekt: T\u00f6\u00f6laud JANE 1600 riiuli ja puidust tasapinnaga + KOMODO KAMADO 19\u201d matt must - BBQ Entertainment","isPartOf":{"@id":"https:\/\/bbqentertainment.com\/#website"},"primaryImageOfPage":{"@id":"https:\/\/bbqentertainment.com\/toode\/komplekt-toolaud-jane-1600-riiuli-ja-puidust-tasapinnaga-komodo-kamado-19-matt-must\/#primaryimage"},"image":{"@id":"https:\/\/bbqentertainment.com\/toode\/komplekt-toolaud-jane-1600-riiuli-ja-puidust-tasapinnaga-komodo-kamado-19-matt-must\/#primaryimage"},"thumbnailUrl":"https:\/\/bbqentertainment.com\/wp-content\/uploads\/2025\/05\/komplekt-Toolaud-JANE-1600-riiuli-ja-puidust-tasapinnaga-KOMODO-KAMADO-19-matt-must.jpg","datePublished":"2025-05-05T11:10:46+00:00","dateModified":"2026-04-07T14:21:33+00:00","breadcrumb":{"@id":"https:\/\/bbqentertainment.com\/toode\/komplekt-toolaud-jane-1600-riiuli-ja-puidust-tasapinnaga-komodo-kamado-19-matt-must\/#breadcrumb"},"inLanguage":"en-US","potentialAction":[{"@type":"ReadAction","target":["https:\/\/bbqentertainment.com\/toode\/komplekt-toolaud-jane-1600-riiuli-ja-puidust-tasapinnaga-komodo-kamado-19-matt-must\/"]}]},{"@type":"ImageObject","inLanguage":"en-US","@id":"https:\/\/bbqentertainment.com\/toode\/komplekt-toolaud-jane-1600-riiuli-ja-puidust-tasapinnaga-komodo-kamado-19-matt-must\/#primaryimage","url":"https:\/\/bbqentertainment.com\/wp-content\/uploads\/2025\/05\/komplekt-Toolaud-JANE-1600-riiuli-ja-puidust-tasapinnaga-KOMODO-KAMADO-19-matt-must.jpg","contentUrl":"https:\/\/bbqentertainment.com\/wp-content\/uploads\/2025\/05\/komplekt-Toolaud-JANE-1600-riiuli-ja-puidust-tasapinnaga-KOMODO-KAMADO-19-matt-must.jpg","width":1200,"height":1200},{"@type":"BreadcrumbList","@id":"https:\/\/bbqentertainment.com\/toode\/komplekt-toolaud-jane-1600-riiuli-ja-puidust-tasapinnaga-komodo-kamado-19-matt-must\/#breadcrumb","itemListElement":[{"@type":"ListItem","position":1,"name":"AVALEHT","item":"https:\/\/bbqentertainment.com\/en\/"},{"@type":"ListItem","position":2,"name":"Tooted","item":"https:\/\/bbqentertainment.com\/tooted\/"},{"@type":"ListItem","position":3,"name":"Lisatarvikud","item":"https:\/\/bbqentertainment.com\/tootekategooria\/lisatarvikud\/"},{"@type":"ListItem","position":4,"name":"GRILLILAUAD","item":"https:\/\/bbqentertainment.com\/tootekategooria\/lisatarvikud\/grillilauad\/"},{"@type":"ListItem","position":5,"name":"ERIPAKKUMINE komplekt: T\u00f6\u00f6laud JANE 1600 riiuli ja puidust tasapinnaga + KOMODO KAMADO 19\u201d matt must"}]},{"@type":"WebSite","@id":"https:\/\/bbqentertainment.com\/#website","url":"https:\/\/bbqentertainment.com\/","name":"BBQ Entertainment","description":"BBQ is a great lifestyle, not just fun!","publisher":{"@id":"https:\/\/bbqentertainment.com\/#organization"},"potentialAction":[{"@type":"SearchAction","target":{"@type":"EntryPoint","urlTemplate":"https:\/\/bbqentertainment.com\/?s={search_term_string}"},"query-input":{"@type":"PropertyValueSpecification","valueRequired":true,"valueName":"search_term_string"}}],"inLanguage":"en-US"},{"@type":"Organization","@id":"https:\/\/bbqentertainment.com\/#organization","name":"BBQ Entertainment O\u00dc","url":"https:\/\/bbqentertainment.com\/","logo":{"@type":"ImageObject","inLanguage":"en-US","@id":"https:\/\/bbqentertainment.com\/#\/schema\/logo\/image\/","url":"https:\/\/bbqentertainment.com\/wp-content\/uploads\/2020\/04\/BBQ-Entertainment-N-Catering-Enn-Tobreluts-Logo.png","contentUrl":"https:\/\/bbqentertainment.com\/wp-content\/uploads\/2020\/04\/BBQ-Entertainment-N-Catering-Enn-Tobreluts-Logo.png","width":628,"height":266,"caption":"BBQ Entertainment O\u00dc"},"image":{"@id":"https:\/\/bbqentertainment.com\/#\/schema\/logo\/image\/"},"sameAs":["https:\/\/www.facebook.com\/BBQ-Entertainment-N-Catering-2437913376443540","https:\/\/www.instagram.com\/bbqentertainmentncatering\/","https:\/\/www.youtube.com\/channel\/UCmpuANQVhLy2Md8nrenp2jA"]}]}},"_links":{"self":[{"href":"https:\/\/bbqentertainment.com\/en\/wp-json\/wp\/v2\/product\/252404","targetHints":{"allow":["GET"]}}],"collection":[{"href":"https:\/\/bbqentertainment.com\/en\/wp-json\/wp\/v2\/product"}],"about":[{"href":"https:\/\/bbqentertainment.com\/en\/wp-json\/wp\/v2\/types\/product"}],"wp:featuredmedia":[{"embeddable":true,"href":"https:\/\/bbqentertainment.com\/en\/wp-json\/wp\/v2\/media\/252781"}],"wp:attachment":[{"href":"https:\/\/bbqentertainment.com\/en\/wp-json\/wp\/v2\/media?parent=252404"}],"wp:term":[{"taxonomy":"product_brand","embeddable":true,"href":"https:\/\/bbqentertainment.com\/en\/wp-json\/wp\/v2\/product_brand?post=252404"},{"taxonomy":"product_cat","embeddable":true,"href":"https:\/\/bbqentertainment.com\/en\/wp-json\/wp\/v2\/product_cat?post=252404"},{"taxonomy":"product_tag","embeddable":true,"href":"https:\/\/bbqentertainment.com\/en\/wp-json\/wp\/v2\/product_tag?post=252404"}],"curies":[{"name":"wp","href":"https:\/\/api.w.org\/{rel}","templated":true}]}}