{"id":252439,"date":"2025-05-08T19:52:54","date_gmt":"2025-05-08T16:52:54","guid":{"rendered":"https:\/\/bbqentertainment.com\/?post_type=product&#038;p=252439"},"modified":"2025-12-03T21:19:38","modified_gmt":"2025-12-03T19:19:38","slug":"roostevabast-lisarest-ehk-grillresti-korgem-tasapind-kamado-coeo-le-quatro-large-grillile","status":"publish","type":"product","link":"https:\/\/bbqentertainment.com\/en\/toode\/roostevabast-lisarest-ehk-grillresti-korgem-tasapind-kamado-coeo-le-quatro-large-grillile\/","title":{"rendered":"Roostevabast lisarest ehk grillresti k\u00f5rgem tasapind KAMADO COEO LE QUATRO LARGE grillile"},"content":{"rendered":"<h3><strong><u>COEO&#8217;st<\/u><\/strong><\/h3>\n<ul>\n<li>COEO on Prantsuse k\u00f6\u00f6gitarvikute br\u00e4nd, mis s\u00fcndis 2020. aasta m\u00e4rtsi isolatsiooni ajal. Selle asutajad, inseneriharidusega Yannick ja La Cornue&#8217;i k\u00f6\u00f6gibr\u00e4ndi endine t\u00f6\u00f6taja Amandine Aasias, v\u00f5tsid endale v\u00e4ljakutse siduda insenerit\u00f6\u00f6 ja disain, et luua k\u00f6\u00f6gitarvikuid, mis v\u00f5imaldavad k\u00f5igil v\u00e4ljendada oma ainulaadset kokkamisstiili!<\/li>\n<li>\u201cBBQ kokkamine on kohal k\u00f5igil kontinentidel ja COEO-ga &#8211; koosolemine &#8211; tahame r\u00f5hutada selle gastronoomia katal\u00fc\u00fctilist m\u00f5ju. K\u00f5ik armastavad koguneda ilusa leegi \u00fcmber ja koos kokata!\u201d<\/li>\n<li>Asudes Montpellieri p\u00f5hjaosas, C\u00e9vennes&#8217;is, kujundab idufirma k\u00f6\u00f6gitarvikuid, sealhulgas grille, mis on p\u00e4lvinud IF DESIGN ja Saksamaa Disainiauhinna 2024. Nende moto &#8220;Meilt Teile&#8221; viib nad eelistama otse\u00fchendust oma klientide kasutajatega, et alati hoida otsest sidet sektori vajadustega.<\/li>\n<\/ul>\n","protected":false},"excerpt":{"rendered":"<h3><strong>Roostevabast lisarest ehk grillresti k\u00f5rgem tasapind KAMADO COEO LE QUATRO LARGE grillile<\/strong><\/h3>\n<p style=\"font-weight: 400\">Kvaliteetsest 304L roostevabast terasest valmistatud k\u00fcpsetusresti laiendus suurendab QUATRO Large kamado grilli k\u00fcpsetuspinda kuni 60%.<\/p>\n<p style=\"font-weight: 400\"><strong>Omadused<\/strong><br \/>\n\u2022 lisab grillile teise k\u00fcpsetustasandi<br \/>\n\u2022 v\u00f5imaldab \u00fcheaegselt valmistada erinevat t\u00fc\u00fcpi toite<br \/>\n\u2022 sobib toitude madalal temperatuuril k\u00fcpsetamiseks v\u00f5i soojas hoidmiseks<br \/>\n\u2022 n\u00f5udepesumasinas pestav<\/p>\n<p><a href=\"https:\/\/bbqentertainment.com\/wp-content\/uploads\/2024\/02\/COEO_QUATRO_Presentation_2024-BBQ-Entertainment-OU.pdf\" target=\"_blank\" rel=\"noopener\"><strong>COEO Quatro Kamado kataloogi ja lisavarustuse v\u00f5imalusi saab n\u00e4ha siit<\/strong><\/a><\/p>\n","protected":false},"featured_media":252440,"template":"","meta":{"inline_featured_image":false},"product_brand":[],"product_cat":[572],"product_tag":[],"class_list":{"0":"post-252439","1":"product","2":"type-product","3":"status-publish","4":"has-post-thumbnail","6":"product_cat-coeo-grillid-tuleasemed-ja-tarvikud","8":"first","9":"instock","10":"taxable","11":"shipping-taxable","12":"purchasable","13":"product-type-simple"},"yoast_head":"<!-- This site is optimized with the Yoast SEO plugin v27.2 - https:\/\/yoast.com\/product\/yoast-seo-wordpress\/ -->\n<title>Roostevabast lisarest ehk grillresti k\u00f5rgem tasapind KAMADO COEO LE QUATRO LARGE grillile - BBQ Entertainment<\/title>\n<meta name=\"robots\" content=\"index, follow, max-snippet:-1, max-image-preview:large, max-video-preview:-1\" \/>\n<link rel=\"canonical\" href=\"https:\/\/bbqentertainment.com\/toode\/roostevabast-lisarest-ehk-grillresti-korgem-tasapind-kamado-coeo-le-quatro-large-grillile\/\" \/>\n<meta property=\"og:locale\" content=\"en_US\" \/>\n<meta property=\"og:type\" content=\"article\" \/>\n<meta property=\"og:title\" content=\"Roostevabast lisarest ehk grillresti k\u00f5rgem tasapind KAMADO COEO LE QUATRO LARGE grillile - BBQ Entertainment\" \/>\n<meta property=\"og:description\" content=\"Roostevabast lisarest ehk grillresti k\u00f5rgem tasapind KAMADO COEO LE QUATRO LARGE grillile Kvaliteetsest 304L roostevabast terasest valmistatud k\u00fcpsetusresti laiendus suurendab QUATRO Large kamado grilli k\u00fcpsetuspinda kuni 60%. Omadused \u2022 lisab grillile teise k\u00fcpsetustasandi \u2022 v\u00f5imaldab \u00fcheaegselt valmistada erinevat t\u00fc\u00fcpi toite \u2022 sobib toitude madalal temperatuuril k\u00fcpsetamiseks v\u00f5i soojas hoidmiseks \u2022 n\u00f5udepesumasinas pestav COEO Quatro Kamado kataloogi ja lisavarustuse v\u00f5imalusi saab n\u00e4ha siit\" \/>\n<meta property=\"og:url\" content=\"https:\/\/bbqentertainment.com\/toode\/roostevabast-lisarest-ehk-grillresti-korgem-tasapind-kamado-coeo-le-quatro-large-grillile\/\" \/>\n<meta property=\"og:site_name\" content=\"BBQ Entertainment\" \/>\n<meta property=\"article:publisher\" content=\"https:\/\/www.facebook.com\/BBQ-Entertainment-N-Catering-2437913376443540\" \/>\n<meta property=\"article:modified_time\" content=\"2025-12-03T19:19:38+00:00\" \/>\n<meta property=\"og:image\" content=\"https:\/\/bbqentertainment.com\/wp-content\/uploads\/2025\/05\/grille-surelevee-fond-transaprent.webp\" \/>\n\t<meta property=\"og:image:width\" content=\"1000\" \/>\n\t<meta property=\"og:image:height\" content=\"1000\" \/>\n\t<meta property=\"og:image:type\" content=\"image\/webp\" \/>\n<meta name=\"twitter:card\" content=\"summary_large_image\" \/>\n<meta name=\"twitter:label1\" content=\"Est. reading time\" \/>\n\t<meta name=\"twitter:data1\" content=\"1 minute\" \/>\n<script type=\"application\/ld+json\" class=\"yoast-schema-graph\">{\"@context\":\"https:\/\/schema.org\",\"@graph\":[{\"@type\":[\"WebPage\",\"ItemPage\"],\"@id\":\"https:\/\/bbqentertainment.com\/toode\/roostevabast-lisarest-ehk-grillresti-korgem-tasapind-kamado-coeo-le-quatro-large-grillile\/\",\"url\":\"https:\/\/bbqentertainment.com\/toode\/roostevabast-lisarest-ehk-grillresti-korgem-tasapind-kamado-coeo-le-quatro-large-grillile\/\",\"name\":\"Roostevabast lisarest ehk grillresti k\u00f5rgem tasapind KAMADO COEO LE QUATRO LARGE grillile - BBQ Entertainment\",\"isPartOf\":{\"@id\":\"https:\/\/bbqentertainment.com\/#website\"},\"primaryImageOfPage\":{\"@id\":\"https:\/\/bbqentertainment.com\/toode\/roostevabast-lisarest-ehk-grillresti-korgem-tasapind-kamado-coeo-le-quatro-large-grillile\/#primaryimage\"},\"image\":{\"@id\":\"https:\/\/bbqentertainment.com\/toode\/roostevabast-lisarest-ehk-grillresti-korgem-tasapind-kamado-coeo-le-quatro-large-grillile\/#primaryimage\"},\"thumbnailUrl\":\"https:\/\/bbqentertainment.com\/wp-content\/uploads\/2025\/05\/grille-surelevee-fond-transaprent.webp\",\"datePublished\":\"2025-05-08T16:52:54+00:00\",\"dateModified\":\"2025-12-03T19:19:38+00:00\",\"breadcrumb\":{\"@id\":\"https:\/\/bbqentertainment.com\/toode\/roostevabast-lisarest-ehk-grillresti-korgem-tasapind-kamado-coeo-le-quatro-large-grillile\/#breadcrumb\"},\"inLanguage\":\"en-US\",\"potentialAction\":[{\"@type\":\"ReadAction\",\"target\":[\"https:\/\/bbqentertainment.com\/toode\/roostevabast-lisarest-ehk-grillresti-korgem-tasapind-kamado-coeo-le-quatro-large-grillile\/\"]}]},{\"@type\":\"ImageObject\",\"inLanguage\":\"en-US\",\"@id\":\"https:\/\/bbqentertainment.com\/toode\/roostevabast-lisarest-ehk-grillresti-korgem-tasapind-kamado-coeo-le-quatro-large-grillile\/#primaryimage\",\"url\":\"https:\/\/bbqentertainment.com\/wp-content\/uploads\/2025\/05\/grille-surelevee-fond-transaprent.webp\",\"contentUrl\":\"https:\/\/bbqentertainment.com\/wp-content\/uploads\/2025\/05\/grille-surelevee-fond-transaprent.webp\",\"width\":1000,\"height\":1000},{\"@type\":\"BreadcrumbList\",\"@id\":\"https:\/\/bbqentertainment.com\/toode\/roostevabast-lisarest-ehk-grillresti-korgem-tasapind-kamado-coeo-le-quatro-large-grillile\/#breadcrumb\",\"itemListElement\":[{\"@type\":\"ListItem\",\"position\":1,\"name\":\"AVALEHT\",\"item\":\"https:\/\/bbqentertainment.com\/en\/\"},{\"@type\":\"ListItem\",\"position\":2,\"name\":\"Tooted\",\"item\":\"https:\/\/bbqentertainment.com\/tooted\/\"},{\"@type\":\"ListItem\",\"position\":3,\"name\":\"Grillid ja ahjud\",\"item\":\"https:\/\/bbqentertainment.com\/tootekategooria\/grillid-ja-ahjud\/\"},{\"@type\":\"ListItem\",\"position\":4,\"name\":\"COEO grillid, tuleasemed ja tarvikud\",\"item\":\"https:\/\/bbqentertainment.com\/tootekategooria\/grillid-ja-ahjud\/coeo-grillid-tuleasemed-ja-tarvikud\/\"},{\"@type\":\"ListItem\",\"position\":5,\"name\":\"Roostevabast lisarest ehk grillresti k\u00f5rgem tasapind KAMADO COEO LE QUATRO LARGE grillile\"}]},{\"@type\":\"WebSite\",\"@id\":\"https:\/\/bbqentertainment.com\/#website\",\"url\":\"https:\/\/bbqentertainment.com\/\",\"name\":\"BBQ Entertainment\",\"description\":\"BBQ is a great lifestyle, not just fun!\",\"publisher\":{\"@id\":\"https:\/\/bbqentertainment.com\/#organization\"},\"potentialAction\":[{\"@type\":\"SearchAction\",\"target\":{\"@type\":\"EntryPoint\",\"urlTemplate\":\"https:\/\/bbqentertainment.com\/?s={search_term_string}\"},\"query-input\":{\"@type\":\"PropertyValueSpecification\",\"valueRequired\":true,\"valueName\":\"search_term_string\"}}],\"inLanguage\":\"en-US\"},{\"@type\":\"Organization\",\"@id\":\"https:\/\/bbqentertainment.com\/#organization\",\"name\":\"BBQ Entertainment O\u00dc\",\"url\":\"https:\/\/bbqentertainment.com\/\",\"logo\":{\"@type\":\"ImageObject\",\"inLanguage\":\"en-US\",\"@id\":\"https:\/\/bbqentertainment.com\/#\/schema\/logo\/image\/\",\"url\":\"https:\/\/bbqentertainment.com\/wp-content\/uploads\/2020\/04\/BBQ-Entertainment-N-Catering-Enn-Tobreluts-Logo.png\",\"contentUrl\":\"https:\/\/bbqentertainment.com\/wp-content\/uploads\/2020\/04\/BBQ-Entertainment-N-Catering-Enn-Tobreluts-Logo.png\",\"width\":628,\"height\":266,\"caption\":\"BBQ Entertainment O\u00dc\"},\"image\":{\"@id\":\"https:\/\/bbqentertainment.com\/#\/schema\/logo\/image\/\"},\"sameAs\":[\"https:\/\/www.facebook.com\/BBQ-Entertainment-N-Catering-2437913376443540\",\"https:\/\/www.instagram.com\/bbqentertainmentncatering\/\",\"https:\/\/www.youtube.com\/channel\/UCmpuANQVhLy2Md8nrenp2jA\"]}]}<\/script>\n<!-- \/ Yoast SEO plugin. -->","yoast_head_json":{"title":"Roostevabast lisarest ehk grillresti k\u00f5rgem tasapind KAMADO COEO LE QUATRO LARGE grillile - BBQ Entertainment","robots":{"index":"index","follow":"follow","max-snippet":"max-snippet:-1","max-image-preview":"max-image-preview:large","max-video-preview":"max-video-preview:-1"},"canonical":"https:\/\/bbqentertainment.com\/toode\/roostevabast-lisarest-ehk-grillresti-korgem-tasapind-kamado-coeo-le-quatro-large-grillile\/","og_locale":"en_US","og_type":"article","og_title":"Roostevabast lisarest ehk grillresti k\u00f5rgem tasapind KAMADO COEO LE QUATRO LARGE grillile - BBQ Entertainment","og_description":"Roostevabast lisarest ehk grillresti k\u00f5rgem tasapind KAMADO COEO LE QUATRO LARGE grillile Kvaliteetsest 304L roostevabast terasest valmistatud k\u00fcpsetusresti laiendus suurendab QUATRO Large kamado grilli k\u00fcpsetuspinda kuni 60%. Omadused \u2022 lisab grillile teise k\u00fcpsetustasandi \u2022 v\u00f5imaldab \u00fcheaegselt valmistada erinevat t\u00fc\u00fcpi toite \u2022 sobib toitude madalal temperatuuril k\u00fcpsetamiseks v\u00f5i soojas hoidmiseks \u2022 n\u00f5udepesumasinas pestav COEO Quatro Kamado kataloogi ja lisavarustuse v\u00f5imalusi saab n\u00e4ha siit","og_url":"https:\/\/bbqentertainment.com\/toode\/roostevabast-lisarest-ehk-grillresti-korgem-tasapind-kamado-coeo-le-quatro-large-grillile\/","og_site_name":"BBQ Entertainment","article_publisher":"https:\/\/www.facebook.com\/BBQ-Entertainment-N-Catering-2437913376443540","article_modified_time":"2025-12-03T19:19:38+00:00","og_image":[{"width":1000,"height":1000,"url":"https:\/\/bbqentertainment.com\/wp-content\/uploads\/2025\/05\/grille-surelevee-fond-transaprent.webp","type":"image\/webp"}],"twitter_card":"summary_large_image","twitter_misc":{"Est. reading time":"1 minute"},"schema":{"@context":"https:\/\/schema.org","@graph":[{"@type":["WebPage","ItemPage"],"@id":"https:\/\/bbqentertainment.com\/toode\/roostevabast-lisarest-ehk-grillresti-korgem-tasapind-kamado-coeo-le-quatro-large-grillile\/","url":"https:\/\/bbqentertainment.com\/toode\/roostevabast-lisarest-ehk-grillresti-korgem-tasapind-kamado-coeo-le-quatro-large-grillile\/","name":"Roostevabast lisarest ehk grillresti k\u00f5rgem tasapind KAMADO COEO LE QUATRO LARGE grillile - BBQ Entertainment","isPartOf":{"@id":"https:\/\/bbqentertainment.com\/#website"},"primaryImageOfPage":{"@id":"https:\/\/bbqentertainment.com\/toode\/roostevabast-lisarest-ehk-grillresti-korgem-tasapind-kamado-coeo-le-quatro-large-grillile\/#primaryimage"},"image":{"@id":"https:\/\/bbqentertainment.com\/toode\/roostevabast-lisarest-ehk-grillresti-korgem-tasapind-kamado-coeo-le-quatro-large-grillile\/#primaryimage"},"thumbnailUrl":"https:\/\/bbqentertainment.com\/wp-content\/uploads\/2025\/05\/grille-surelevee-fond-transaprent.webp","datePublished":"2025-05-08T16:52:54+00:00","dateModified":"2025-12-03T19:19:38+00:00","breadcrumb":{"@id":"https:\/\/bbqentertainment.com\/toode\/roostevabast-lisarest-ehk-grillresti-korgem-tasapind-kamado-coeo-le-quatro-large-grillile\/#breadcrumb"},"inLanguage":"en-US","potentialAction":[{"@type":"ReadAction","target":["https:\/\/bbqentertainment.com\/toode\/roostevabast-lisarest-ehk-grillresti-korgem-tasapind-kamado-coeo-le-quatro-large-grillile\/"]}]},{"@type":"ImageObject","inLanguage":"en-US","@id":"https:\/\/bbqentertainment.com\/toode\/roostevabast-lisarest-ehk-grillresti-korgem-tasapind-kamado-coeo-le-quatro-large-grillile\/#primaryimage","url":"https:\/\/bbqentertainment.com\/wp-content\/uploads\/2025\/05\/grille-surelevee-fond-transaprent.webp","contentUrl":"https:\/\/bbqentertainment.com\/wp-content\/uploads\/2025\/05\/grille-surelevee-fond-transaprent.webp","width":1000,"height":1000},{"@type":"BreadcrumbList","@id":"https:\/\/bbqentertainment.com\/toode\/roostevabast-lisarest-ehk-grillresti-korgem-tasapind-kamado-coeo-le-quatro-large-grillile\/#breadcrumb","itemListElement":[{"@type":"ListItem","position":1,"name":"AVALEHT","item":"https:\/\/bbqentertainment.com\/en\/"},{"@type":"ListItem","position":2,"name":"Tooted","item":"https:\/\/bbqentertainment.com\/tooted\/"},{"@type":"ListItem","position":3,"name":"Grillid ja ahjud","item":"https:\/\/bbqentertainment.com\/tootekategooria\/grillid-ja-ahjud\/"},{"@type":"ListItem","position":4,"name":"COEO grillid, tuleasemed ja tarvikud","item":"https:\/\/bbqentertainment.com\/tootekategooria\/grillid-ja-ahjud\/coeo-grillid-tuleasemed-ja-tarvikud\/"},{"@type":"ListItem","position":5,"name":"Roostevabast lisarest ehk grillresti k\u00f5rgem tasapind KAMADO COEO LE QUATRO LARGE grillile"}]},{"@type":"WebSite","@id":"https:\/\/bbqentertainment.com\/#website","url":"https:\/\/bbqentertainment.com\/","name":"BBQ Entertainment","description":"BBQ is a great lifestyle, not just fun!","publisher":{"@id":"https:\/\/bbqentertainment.com\/#organization"},"potentialAction":[{"@type":"SearchAction","target":{"@type":"EntryPoint","urlTemplate":"https:\/\/bbqentertainment.com\/?s={search_term_string}"},"query-input":{"@type":"PropertyValueSpecification","valueRequired":true,"valueName":"search_term_string"}}],"inLanguage":"en-US"},{"@type":"Organization","@id":"https:\/\/bbqentertainment.com\/#organization","name":"BBQ Entertainment O\u00dc","url":"https:\/\/bbqentertainment.com\/","logo":{"@type":"ImageObject","inLanguage":"en-US","@id":"https:\/\/bbqentertainment.com\/#\/schema\/logo\/image\/","url":"https:\/\/bbqentertainment.com\/wp-content\/uploads\/2020\/04\/BBQ-Entertainment-N-Catering-Enn-Tobreluts-Logo.png","contentUrl":"https:\/\/bbqentertainment.com\/wp-content\/uploads\/2020\/04\/BBQ-Entertainment-N-Catering-Enn-Tobreluts-Logo.png","width":628,"height":266,"caption":"BBQ Entertainment O\u00dc"},"image":{"@id":"https:\/\/bbqentertainment.com\/#\/schema\/logo\/image\/"},"sameAs":["https:\/\/www.facebook.com\/BBQ-Entertainment-N-Catering-2437913376443540","https:\/\/www.instagram.com\/bbqentertainmentncatering\/","https:\/\/www.youtube.com\/channel\/UCmpuANQVhLy2Md8nrenp2jA"]}]}},"_links":{"self":[{"href":"https:\/\/bbqentertainment.com\/en\/wp-json\/wp\/v2\/product\/252439","targetHints":{"allow":["GET"]}}],"collection":[{"href":"https:\/\/bbqentertainment.com\/en\/wp-json\/wp\/v2\/product"}],"about":[{"href":"https:\/\/bbqentertainment.com\/en\/wp-json\/wp\/v2\/types\/product"}],"wp:featuredmedia":[{"embeddable":true,"href":"https:\/\/bbqentertainment.com\/en\/wp-json\/wp\/v2\/media\/252440"}],"wp:attachment":[{"href":"https:\/\/bbqentertainment.com\/en\/wp-json\/wp\/v2\/media?parent=252439"}],"wp:term":[{"taxonomy":"product_brand","embeddable":true,"href":"https:\/\/bbqentertainment.com\/en\/wp-json\/wp\/v2\/product_brand?post=252439"},{"taxonomy":"product_cat","embeddable":true,"href":"https:\/\/bbqentertainment.com\/en\/wp-json\/wp\/v2\/product_cat?post=252439"},{"taxonomy":"product_tag","embeddable":true,"href":"https:\/\/bbqentertainment.com\/en\/wp-json\/wp\/v2\/product_tag?post=252439"}],"curies":[{"name":"wp","href":"https:\/\/api.w.org\/{rel}","templated":true}]}}