{"id":252470,"date":"2025-05-10T21:58:41","date_gmt":"2025-05-10T18:58:41","guid":{"rendered":"https:\/\/bbqentertainment.com\/?post_type=product&#038;p=252470"},"modified":"2026-04-10T00:25:56","modified_gmt":"2026-04-09T21:25:56","slug":"bbq-rub-maitseainesegu-apelsinimaitseline850g","status":"publish","type":"product","link":"https:\/\/bbqentertainment.com\/en\/toode\/bbq-rub-maitseainesegu-apelsinimaitseline850g\/","title":{"rendered":"BBQ RUB apelsinimaitseline 850g (uus pakend) Enn Tobrelutsu maitseainesegu"},"content":{"rendered":"<p>Koostis: sool (31%), kuivatatud gl\u00fckoosisiirup, suhkur, v\u00fcrtsid (sh <b class=\"\">sinep, seller<\/b>), sibulapulber, k\u00fc\u00fcslaugupulber, happesuse regulaator E330 ehk sidrunhape, looduslikud l\u00f5hna- ja maitseained, sidrunimahla pulber, salvei.\u00a0Hoida toatemperatuuril, kuivas kohas.<\/p>\n<p>Toodetud\u00a0Suurbritannias eksklusiivselt eritellimusena BBQ Entertainment O\u00dc-le Enn Tobrelutsu loodud retsepti j\u00e4rgi. Maaletooja: BBQ Entertainment O\u00dc.<\/p>\n","protected":false},"excerpt":{"rendered":"<h3><strong>BBQ RUB apelsinimaitseline 850g (uus pakend) Enn Tobrelutsu maitseainesegu<\/strong><\/h3>\n<p><span style=\"color: #ed1c24;\">Populaarne maitseaine uues kasutajas\u00f5bralikus pakendis!<\/span><\/p>\n<ul>\n<li>Ainulaadne aroom ja maitse!<\/li>\n<li>Kergelt v\u00fcrtsine maitseainesegu, milles on tunda apelsinimaitset<\/li>\n<li>Ainulaadne maitseainesegu annab lihale kuldse v\u00e4rvuse<\/li>\n<li>Imbub kiiresti lihasse, seet\u00f5ttu piisab vahetust maitsestamisest \u2013 nii j\u00e4\u00e4vad mahlad rohkem liha sisse, s\u00e4ilitades liha naturaalsuse!<\/li>\n<li>Sobib ideaalselt linnulihale (sh pardi rinnafilee) ja ribile ning suurep\u00e4raselt sealihale ja punasele kalale (nt l\u00f5hefileele). Kindlasti proovi ka praemunaga, frii- ja ahjukartulitega ning pastaroogades.<\/li>\n<li>BBQ rubi on v\u00f5imalik osta ka 15 kg kottides nn lahtisel kujul, huvi korral kirjuta: info@bbqentertainment.com<\/li>\n<\/ul>\n","protected":false},"featured_media":252849,"template":"","meta":{"inline_featured_image":false},"product_brand":[],"product_cat":[28,30],"product_tag":[],"class_list":{"0":"post-252470","1":"product","2":"type-product","3":"status-publish","4":"has-post-thumbnail","6":"product_cat-maitseandjad","7":"product_cat-bbq-rub","9":"first","10":"instock","11":"taxable","12":"shipping-taxable","13":"purchasable","14":"product-type-simple"},"yoast_head":"<!-- This site is optimized with the Yoast SEO plugin v27.4 - https:\/\/yoast.com\/product\/yoast-seo-wordpress\/ -->\n<title>BBQ RUB apelsinimaitseline 850g (uus pakend) Enn Tobrelutsu maitseainesegu - BBQ Entertainment<\/title>\n<meta name=\"description\" content=\"Ainulaadne apelsinimaitseline BBQ RUB maitseainesegu annab lihale kuldse jume, s\u00e4ilitab mahlad ja sobib nii lihale, kalale kui ka k\u00f6\u00f6giviljadele.\" \/>\n<meta name=\"robots\" content=\"index, follow, max-snippet:-1, max-image-preview:large, max-video-preview:-1\" \/>\n<link rel=\"canonical\" href=\"https:\/\/bbqentertainment.com\/toode\/bbq-rub-maitseainesegu-apelsinimaitseline850g\/\" \/>\n<meta property=\"og:locale\" content=\"en_US\" \/>\n<meta property=\"og:type\" content=\"article\" \/>\n<meta property=\"og:title\" content=\"BBQ RUB apelsinimaitseline 850g (uus pakend) Enn Tobrelutsu maitseainesegu - BBQ Entertainment\" \/>\n<meta property=\"og:description\" content=\"Ainulaadne apelsinimaitseline BBQ RUB maitseainesegu annab lihale kuldse jume, s\u00e4ilitab mahlad ja sobib nii lihale, kalale kui ka k\u00f6\u00f6giviljadele.\" \/>\n<meta property=\"og:url\" content=\"https:\/\/bbqentertainment.com\/toode\/bbq-rub-maitseainesegu-apelsinimaitseline850g\/\" \/>\n<meta property=\"og:site_name\" content=\"BBQ Entertainment\" \/>\n<meta property=\"article:publisher\" content=\"https:\/\/www.facebook.com\/BBQ-Entertainment-N-Catering-2437913376443540\" \/>\n<meta property=\"article:modified_time\" content=\"2026-04-09T21:25:56+00:00\" \/>\n<meta property=\"og:image\" content=\"https:\/\/bbqentertainment.com\/wp-content\/uploads\/2025\/05\/BBQ-RUB-apelsinimaitseline-850g-uus-pakend-BBQ-Entertainment-Enn-Tobrelutsu-maitseainesegu.jpg\" \/>\n\t<meta property=\"og:image:width\" content=\"1200\" \/>\n\t<meta property=\"og:image:height\" content=\"1200\" \/>\n\t<meta property=\"og:image:type\" content=\"image\/jpeg\" \/>\n<meta name=\"twitter:card\" content=\"summary_large_image\" \/>\n<meta name=\"twitter:label1\" content=\"Est. reading time\" \/>\n\t<meta name=\"twitter:data1\" content=\"1 minute\" \/>\n<script type=\"application\/ld+json\" class=\"yoast-schema-graph\">{\"@context\":\"https:\\\/\\\/schema.org\",\"@graph\":[{\"@type\":[\"WebPage\",\"ItemPage\"],\"@id\":\"https:\\\/\\\/bbqentertainment.com\\\/toode\\\/bbq-rub-maitseainesegu-apelsinimaitseline850g\\\/\",\"url\":\"https:\\\/\\\/bbqentertainment.com\\\/toode\\\/bbq-rub-maitseainesegu-apelsinimaitseline850g\\\/\",\"name\":\"BBQ RUB apelsinimaitseline 850g (uus pakend) Enn Tobrelutsu maitseainesegu - BBQ Entertainment\",\"isPartOf\":{\"@id\":\"https:\\\/\\\/bbqentertainment.com\\\/#website\"},\"primaryImageOfPage\":{\"@id\":\"https:\\\/\\\/bbqentertainment.com\\\/toode\\\/bbq-rub-maitseainesegu-apelsinimaitseline850g\\\/#primaryimage\"},\"image\":{\"@id\":\"https:\\\/\\\/bbqentertainment.com\\\/toode\\\/bbq-rub-maitseainesegu-apelsinimaitseline850g\\\/#primaryimage\"},\"thumbnailUrl\":\"https:\\\/\\\/bbqentertainment.com\\\/wp-content\\\/uploads\\\/2025\\\/05\\\/BBQ-RUB-apelsinimaitseline-850g-uus-pakend-BBQ-Entertainment-Enn-Tobrelutsu-maitseainesegu.jpg\",\"datePublished\":\"2025-05-10T18:58:41+00:00\",\"dateModified\":\"2026-04-09T21:25:56+00:00\",\"description\":\"Ainulaadne apelsinimaitseline BBQ RUB maitseainesegu annab lihale kuldse jume, s\u00e4ilitab mahlad ja sobib nii lihale, kalale kui ka k\u00f6\u00f6giviljadele.\",\"breadcrumb\":{\"@id\":\"https:\\\/\\\/bbqentertainment.com\\\/toode\\\/bbq-rub-maitseainesegu-apelsinimaitseline850g\\\/#breadcrumb\"},\"inLanguage\":\"en-US\",\"potentialAction\":[{\"@type\":\"ReadAction\",\"target\":[\"https:\\\/\\\/bbqentertainment.com\\\/toode\\\/bbq-rub-maitseainesegu-apelsinimaitseline850g\\\/\"]}]},{\"@type\":\"ImageObject\",\"inLanguage\":\"en-US\",\"@id\":\"https:\\\/\\\/bbqentertainment.com\\\/toode\\\/bbq-rub-maitseainesegu-apelsinimaitseline850g\\\/#primaryimage\",\"url\":\"https:\\\/\\\/bbqentertainment.com\\\/wp-content\\\/uploads\\\/2025\\\/05\\\/BBQ-RUB-apelsinimaitseline-850g-uus-pakend-BBQ-Entertainment-Enn-Tobrelutsu-maitseainesegu.jpg\",\"contentUrl\":\"https:\\\/\\\/bbqentertainment.com\\\/wp-content\\\/uploads\\\/2025\\\/05\\\/BBQ-RUB-apelsinimaitseline-850g-uus-pakend-BBQ-Entertainment-Enn-Tobrelutsu-maitseainesegu.jpg\",\"width\":1200,\"height\":1200},{\"@type\":\"BreadcrumbList\",\"@id\":\"https:\\\/\\\/bbqentertainment.com\\\/toode\\\/bbq-rub-maitseainesegu-apelsinimaitseline850g\\\/#breadcrumb\",\"itemListElement\":[{\"@type\":\"ListItem\",\"position\":1,\"name\":\"AVALEHT\",\"item\":\"https:\\\/\\\/bbqentertainment.com\\\/en\\\/\"},{\"@type\":\"ListItem\",\"position\":2,\"name\":\"Tooted\",\"item\":\"https:\\\/\\\/bbqentertainment.com\\\/tooted\\\/\"},{\"@type\":\"ListItem\",\"position\":3,\"name\":\"Maitseandjad\",\"item\":\"https:\\\/\\\/bbqentertainment.com\\\/en\\\/tootekategooria\\\/maitseandjad\\\/\"},{\"@type\":\"ListItem\",\"position\":4,\"name\":\"BBQ RUB\",\"item\":\"https:\\\/\\\/bbqentertainment.com\\\/tootekategooria\\\/maitseandjad\\\/bbq-rub\\\/\"},{\"@type\":\"ListItem\",\"position\":5,\"name\":\"BBQ RUB apelsinimaitseline 850g (uus pakend) Enn Tobrelutsu maitseainesegu\"}]},{\"@type\":\"WebSite\",\"@id\":\"https:\\\/\\\/bbqentertainment.com\\\/#website\",\"url\":\"https:\\\/\\\/bbqentertainment.com\\\/\",\"name\":\"BBQ Entertainment\",\"description\":\"BBQ is a great lifestyle, not just fun!\",\"publisher\":{\"@id\":\"https:\\\/\\\/bbqentertainment.com\\\/#organization\"},\"potentialAction\":[{\"@type\":\"SearchAction\",\"target\":{\"@type\":\"EntryPoint\",\"urlTemplate\":\"https:\\\/\\\/bbqentertainment.com\\\/?s={search_term_string}\"},\"query-input\":{\"@type\":\"PropertyValueSpecification\",\"valueRequired\":true,\"valueName\":\"search_term_string\"}}],\"inLanguage\":\"en-US\"},{\"@type\":\"Organization\",\"@id\":\"https:\\\/\\\/bbqentertainment.com\\\/#organization\",\"name\":\"BBQ Entertainment O\u00dc\",\"url\":\"https:\\\/\\\/bbqentertainment.com\\\/\",\"logo\":{\"@type\":\"ImageObject\",\"inLanguage\":\"en-US\",\"@id\":\"https:\\\/\\\/bbqentertainment.com\\\/#\\\/schema\\\/logo\\\/image\\\/\",\"url\":\"https:\\\/\\\/bbqentertainment.com\\\/wp-content\\\/uploads\\\/2020\\\/04\\\/BBQ-Entertainment-N-Catering-Enn-Tobreluts-Logo.png\",\"contentUrl\":\"https:\\\/\\\/bbqentertainment.com\\\/wp-content\\\/uploads\\\/2020\\\/04\\\/BBQ-Entertainment-N-Catering-Enn-Tobreluts-Logo.png\",\"width\":628,\"height\":266,\"caption\":\"BBQ Entertainment O\u00dc\"},\"image\":{\"@id\":\"https:\\\/\\\/bbqentertainment.com\\\/#\\\/schema\\\/logo\\\/image\\\/\"},\"sameAs\":[\"https:\\\/\\\/www.facebook.com\\\/BBQ-Entertainment-N-Catering-2437913376443540\",\"https:\\\/\\\/www.instagram.com\\\/bbqentertainmentncatering\\\/\",\"https:\\\/\\\/www.youtube.com\\\/channel\\\/UCmpuANQVhLy2Md8nrenp2jA\"]}]}<\/script>\n<!-- \/ Yoast SEO plugin. -->","yoast_head_json":{"title":"BBQ RUB apelsinimaitseline 850g (uus pakend) Enn Tobrelutsu maitseainesegu - BBQ Entertainment","description":"Ainulaadne apelsinimaitseline BBQ RUB maitseainesegu annab lihale kuldse jume, s\u00e4ilitab mahlad ja sobib nii lihale, kalale kui ka k\u00f6\u00f6giviljadele.","robots":{"index":"index","follow":"follow","max-snippet":"max-snippet:-1","max-image-preview":"max-image-preview:large","max-video-preview":"max-video-preview:-1"},"canonical":"https:\/\/bbqentertainment.com\/toode\/bbq-rub-maitseainesegu-apelsinimaitseline850g\/","og_locale":"en_US","og_type":"article","og_title":"BBQ RUB apelsinimaitseline 850g (uus pakend) Enn Tobrelutsu maitseainesegu - BBQ Entertainment","og_description":"Ainulaadne apelsinimaitseline BBQ RUB maitseainesegu annab lihale kuldse jume, s\u00e4ilitab mahlad ja sobib nii lihale, kalale kui ka k\u00f6\u00f6giviljadele.","og_url":"https:\/\/bbqentertainment.com\/toode\/bbq-rub-maitseainesegu-apelsinimaitseline850g\/","og_site_name":"BBQ Entertainment","article_publisher":"https:\/\/www.facebook.com\/BBQ-Entertainment-N-Catering-2437913376443540","article_modified_time":"2026-04-09T21:25:56+00:00","og_image":[{"width":1200,"height":1200,"url":"https:\/\/bbqentertainment.com\/wp-content\/uploads\/2025\/05\/BBQ-RUB-apelsinimaitseline-850g-uus-pakend-BBQ-Entertainment-Enn-Tobrelutsu-maitseainesegu.jpg","type":"image\/jpeg"}],"twitter_card":"summary_large_image","twitter_misc":{"Est. reading time":"1 minute"},"schema":{"@context":"https:\/\/schema.org","@graph":[{"@type":["WebPage","ItemPage"],"@id":"https:\/\/bbqentertainment.com\/toode\/bbq-rub-maitseainesegu-apelsinimaitseline850g\/","url":"https:\/\/bbqentertainment.com\/toode\/bbq-rub-maitseainesegu-apelsinimaitseline850g\/","name":"BBQ RUB apelsinimaitseline 850g (uus pakend) Enn Tobrelutsu maitseainesegu - BBQ Entertainment","isPartOf":{"@id":"https:\/\/bbqentertainment.com\/#website"},"primaryImageOfPage":{"@id":"https:\/\/bbqentertainment.com\/toode\/bbq-rub-maitseainesegu-apelsinimaitseline850g\/#primaryimage"},"image":{"@id":"https:\/\/bbqentertainment.com\/toode\/bbq-rub-maitseainesegu-apelsinimaitseline850g\/#primaryimage"},"thumbnailUrl":"https:\/\/bbqentertainment.com\/wp-content\/uploads\/2025\/05\/BBQ-RUB-apelsinimaitseline-850g-uus-pakend-BBQ-Entertainment-Enn-Tobrelutsu-maitseainesegu.jpg","datePublished":"2025-05-10T18:58:41+00:00","dateModified":"2026-04-09T21:25:56+00:00","description":"Ainulaadne apelsinimaitseline BBQ RUB maitseainesegu annab lihale kuldse jume, s\u00e4ilitab mahlad ja sobib nii lihale, kalale kui ka k\u00f6\u00f6giviljadele.","breadcrumb":{"@id":"https:\/\/bbqentertainment.com\/toode\/bbq-rub-maitseainesegu-apelsinimaitseline850g\/#breadcrumb"},"inLanguage":"en-US","potentialAction":[{"@type":"ReadAction","target":["https:\/\/bbqentertainment.com\/toode\/bbq-rub-maitseainesegu-apelsinimaitseline850g\/"]}]},{"@type":"ImageObject","inLanguage":"en-US","@id":"https:\/\/bbqentertainment.com\/toode\/bbq-rub-maitseainesegu-apelsinimaitseline850g\/#primaryimage","url":"https:\/\/bbqentertainment.com\/wp-content\/uploads\/2025\/05\/BBQ-RUB-apelsinimaitseline-850g-uus-pakend-BBQ-Entertainment-Enn-Tobrelutsu-maitseainesegu.jpg","contentUrl":"https:\/\/bbqentertainment.com\/wp-content\/uploads\/2025\/05\/BBQ-RUB-apelsinimaitseline-850g-uus-pakend-BBQ-Entertainment-Enn-Tobrelutsu-maitseainesegu.jpg","width":1200,"height":1200},{"@type":"BreadcrumbList","@id":"https:\/\/bbqentertainment.com\/toode\/bbq-rub-maitseainesegu-apelsinimaitseline850g\/#breadcrumb","itemListElement":[{"@type":"ListItem","position":1,"name":"AVALEHT","item":"https:\/\/bbqentertainment.com\/en\/"},{"@type":"ListItem","position":2,"name":"Tooted","item":"https:\/\/bbqentertainment.com\/tooted\/"},{"@type":"ListItem","position":3,"name":"Maitseandjad","item":"https:\/\/bbqentertainment.com\/en\/tootekategooria\/maitseandjad\/"},{"@type":"ListItem","position":4,"name":"BBQ RUB","item":"https:\/\/bbqentertainment.com\/tootekategooria\/maitseandjad\/bbq-rub\/"},{"@type":"ListItem","position":5,"name":"BBQ RUB apelsinimaitseline 850g (uus pakend) Enn Tobrelutsu maitseainesegu"}]},{"@type":"WebSite","@id":"https:\/\/bbqentertainment.com\/#website","url":"https:\/\/bbqentertainment.com\/","name":"BBQ Entertainment","description":"BBQ is a great lifestyle, not just fun!","publisher":{"@id":"https:\/\/bbqentertainment.com\/#organization"},"potentialAction":[{"@type":"SearchAction","target":{"@type":"EntryPoint","urlTemplate":"https:\/\/bbqentertainment.com\/?s={search_term_string}"},"query-input":{"@type":"PropertyValueSpecification","valueRequired":true,"valueName":"search_term_string"}}],"inLanguage":"en-US"},{"@type":"Organization","@id":"https:\/\/bbqentertainment.com\/#organization","name":"BBQ Entertainment O\u00dc","url":"https:\/\/bbqentertainment.com\/","logo":{"@type":"ImageObject","inLanguage":"en-US","@id":"https:\/\/bbqentertainment.com\/#\/schema\/logo\/image\/","url":"https:\/\/bbqentertainment.com\/wp-content\/uploads\/2020\/04\/BBQ-Entertainment-N-Catering-Enn-Tobreluts-Logo.png","contentUrl":"https:\/\/bbqentertainment.com\/wp-content\/uploads\/2020\/04\/BBQ-Entertainment-N-Catering-Enn-Tobreluts-Logo.png","width":628,"height":266,"caption":"BBQ Entertainment O\u00dc"},"image":{"@id":"https:\/\/bbqentertainment.com\/#\/schema\/logo\/image\/"},"sameAs":["https:\/\/www.facebook.com\/BBQ-Entertainment-N-Catering-2437913376443540","https:\/\/www.instagram.com\/bbqentertainmentncatering\/","https:\/\/www.youtube.com\/channel\/UCmpuANQVhLy2Md8nrenp2jA"]}]}},"_links":{"self":[{"href":"https:\/\/bbqentertainment.com\/en\/wp-json\/wp\/v2\/product\/252470","targetHints":{"allow":["GET"]}}],"collection":[{"href":"https:\/\/bbqentertainment.com\/en\/wp-json\/wp\/v2\/product"}],"about":[{"href":"https:\/\/bbqentertainment.com\/en\/wp-json\/wp\/v2\/types\/product"}],"wp:featuredmedia":[{"embeddable":true,"href":"https:\/\/bbqentertainment.com\/en\/wp-json\/wp\/v2\/media\/252849"}],"wp:attachment":[{"href":"https:\/\/bbqentertainment.com\/en\/wp-json\/wp\/v2\/media?parent=252470"}],"wp:term":[{"taxonomy":"product_brand","embeddable":true,"href":"https:\/\/bbqentertainment.com\/en\/wp-json\/wp\/v2\/product_brand?post=252470"},{"taxonomy":"product_cat","embeddable":true,"href":"https:\/\/bbqentertainment.com\/en\/wp-json\/wp\/v2\/product_cat?post=252470"},{"taxonomy":"product_tag","embeddable":true,"href":"https:\/\/bbqentertainment.com\/en\/wp-json\/wp\/v2\/product_tag?post=252470"}],"curies":[{"name":"wp","href":"https:\/\/api.w.org\/{rel}","templated":true}]}}