{"id":252509,"date":"2025-05-11T08:42:35","date_gmt":"2025-05-11T05:42:35","guid":{"rendered":"https:\/\/bbqentertainment.com\/?post_type=product&#038;p=252509"},"modified":"2025-07-25T13:45:50","modified_gmt":"2025-07-25T10:45:50","slug":"lauagrill-nomad-shichirin-ummargune","status":"publish","type":"product","link":"https:\/\/bbqentertainment.com\/en\/toode\/lauagrill-nomad-shichirin-ummargune\/","title":{"rendered":"COEO NOMAD Hibachi Shichirin lauagrill \u2013 \u00fcmmargune Jaapani s\u00f6egrill"},"content":{"rendered":"<h3><strong><u>COEO\u2019st<\/u><\/strong><\/h3>\n<ul>\n<li>COEO on Prantsuse k\u00f6\u00f6gitarvikute br\u00e4nd, mis s\u00fcndis 2020. aasta m\u00e4rtsi isolatsiooni ajal. Selle asutajad, inseneriharidusega Yannick ja La Cornue\u2019i k\u00f6\u00f6gibr\u00e4ndi endine t\u00f6\u00f6taja Amandine Aasias, v\u00f5tsid endale v\u00e4ljakutse siduda insenerit\u00f6\u00f6 ja disain, et luua k\u00f6\u00f6gitarvikuid, mis v\u00f5imaldavad k\u00f5igil v\u00e4ljendada oma ainulaadset kokkamisstiili!<\/li>\n<li>\u201cBBQ kokkamine on kohal k\u00f5igil kontinentidel ja COEO-ga \u2013 koosolemine \u2013 tahame r\u00f5hutada selle gastronoomia katal\u00fc\u00fctilist m\u00f5ju. K\u00f5ik armastavad koguneda ilusa leegi \u00fcmber ja koos kokata!\u201d<\/li>\n<li>Asudes Montpellieri p\u00f5hjaosas, C\u00e9vennes\u2019is, kujundab idufirma k\u00f6\u00f6gitarvikuid, sealhulgas grille, mis on p\u00e4lvinud IF DESIGN ja Saksamaa Disainiauhinna 2024. Nende moto \u201cMeilt Teile\u201d viib nad eelistama otse\u00fchendust oma klientide kasutajatega, et alati hoida otsest sidet sektori vajadustega.<\/li>\n<\/ul>\n","protected":false},"excerpt":{"rendered":"<h3><strong>COEO NOMAD Hibachi Shichirin lauagrill \u2013 \u00fcmmargune Jaapani s\u00f6egrill<\/strong><\/h3>\n<p style=\"font-weight: 400\">NOMAD Shichirin on traditsiooniline Jaapani lauagrill, mis \u00fchendab endas kvaliteetse keraamika, kompaktsuse ja t\u00f5husa kuumuse.<\/p>\n<p style=\"font-weight: 400\"><strong>K\u00fcpsetuspind l\u00e4bim\u00f5\u00f5duga 30,5 cm<\/strong> sobib kuni neljale inimesele.<\/p>\n<p style=\"font-weight: 400\">T\u00e4nu 35 mm paksusele keraamikale ja suurep\u00e4rasele soojuspidavusele saavutad stabiilse temperatuuri v\u00e4ikse s\u00f6ekogusega. Roostevabast terasest \u00f5hutusavad v\u00f5imaldavad t\u00e4pselt reguleerida kuumust, et saavutada ideaalne k\u00fcpsustase nii lihale, kalale kui ka k\u00f6\u00f6giviljadele.<\/p>\n<p style=\"font-weight: 400\"><strong>Komplekt sisaldab:<\/strong><\/p>\n<ul style=\"font-weight: 400\">\n<li>1 keraamiline grillkorpus (paksus 35 mm), 2 roostevabast terasest ventilatsiooniavaga<\/li>\n<li>1 roostevabast terasest k\u00fcpsetusrest<\/li>\n<li>1 malmist s\u00f6erest<\/li>\n<li>1 musta lakiga roostevabast terasest alus kahe tiigipuust k\u00e4epidemega<\/li>\n<li>1 ristk\u00fclikukujuline bambusalus<\/li>\n<li>1 roostevabast terasest ja bambusest tangid<\/li>\n<\/ul>\n<p style=\"font-weight: 400\"><strong>Kasutusv\u00f5imalused<\/strong><br \/>\nNOMAD Shichirin on ideaalne r\u00f5dul, terrassil, aias, puhkusel v\u00f5i isegi restoranik\u00f6\u00f6gis. See sobib erinevate Jaapani stiilis grillmeetodite jaoks, sealhulgas:<\/p>\n<ul style=\"font-weight: 400\">\n<li><strong>Hibachi<\/strong>\u00a0\u2013 otsene kuumus s\u00f6elt, sobib kiireks lihade ja k\u00f6\u00f6giviljade grillimiseks<\/li>\n<li><strong>Yakitori<\/strong>\u00a0\u2013 Jaapani kana- ja lihavardad, mida grillitakse otse laual<\/li>\n<li><strong>Yakiniku<\/strong>\u00a0\u2013 interaktiivne s\u00f6\u00f6misviis, kus iga\u00fcks k\u00fcpsetab ise oma lihal\u00f5ike<\/li>\n<\/ul>\n","protected":false},"featured_media":252510,"template":"","meta":{"inline_featured_image":false},"product_brand":[],"product_cat":[17,572],"product_tag":[],"class_list":{"0":"post-252509","1":"product","2":"type-product","3":"status-publish","4":"has-post-thumbnail","6":"product_cat-grillid-ja-ahjud","7":"product_cat-coeo-grillid-tuleasemed-ja-tarvikud","8":"product_shipping_class-ainult-ise-jarele-tulemisega","10":"first","11":"instock","12":"taxable","13":"shipping-taxable","14":"purchasable","15":"product-type-simple"},"yoast_head":"<!-- This site is optimized with the Yoast SEO plugin v27.4 - https:\/\/yoast.com\/product\/yoast-seo-wordpress\/ -->\n<title>COEO NOMAD Hibachi Shichirin lauagrill \u2013 \u00fcmmargune Jaapani s\u00f6egrill - BBQ Entertainment<\/title>\n<meta name=\"description\" content=\"Kompaktne ja t\u00f5hus lauagrill Jaapani stiilis toidu valmistamiseks. Kvaliteetne keraamika, suurep\u00e4rane soojuspidavus ja stiilne disain.\" \/>\n<meta name=\"robots\" content=\"index, follow, max-snippet:-1, max-image-preview:large, max-video-preview:-1\" \/>\n<link rel=\"canonical\" href=\"https:\/\/bbqentertainment.com\/toode\/lauagrill-nomad-shichirin-ummargune\/\" \/>\n<meta property=\"og:locale\" content=\"en_US\" \/>\n<meta property=\"og:type\" content=\"article\" \/>\n<meta property=\"og:title\" content=\"COEO NOMAD Hibachi Shichirin lauagrill \u2013 \u00fcmmargune Jaapani s\u00f6egrill - BBQ Entertainment\" \/>\n<meta property=\"og:description\" content=\"Kompaktne ja t\u00f5hus lauagrill Jaapani stiilis toidu valmistamiseks. Kvaliteetne keraamika, suurep\u00e4rane soojuspidavus ja stiilne disain.\" \/>\n<meta property=\"og:url\" content=\"https:\/\/bbqentertainment.com\/toode\/lauagrill-nomad-shichirin-ummargune\/\" \/>\n<meta property=\"og:site_name\" content=\"BBQ Entertainment\" \/>\n<meta property=\"article:publisher\" content=\"https:\/\/www.facebook.com\/BBQ-Entertainment-N-Catering-2437913376443540\" \/>\n<meta property=\"article:modified_time\" content=\"2025-07-25T10:45:50+00:00\" \/>\n<meta property=\"og:image\" content=\"https:\/\/bbqentertainment.com\/wp-content\/uploads\/2025\/05\/Grill-Nomad-Rond-Barbecue-Japonais-Hibachi-Shichirin-Konro-Yakitori.webp\" \/>\n\t<meta property=\"og:image:width\" content=\"1000\" \/>\n\t<meta property=\"og:image:height\" content=\"1000\" \/>\n\t<meta property=\"og:image:type\" content=\"image\/webp\" \/>\n<meta name=\"twitter:card\" content=\"summary_large_image\" \/>\n<meta name=\"twitter:label1\" content=\"Est. reading time\" \/>\n\t<meta name=\"twitter:data1\" content=\"1 minute\" \/>\n<script type=\"application\/ld+json\" class=\"yoast-schema-graph\">{\"@context\":\"https:\\\/\\\/schema.org\",\"@graph\":[{\"@type\":[\"WebPage\",\"ItemPage\"],\"@id\":\"https:\\\/\\\/bbqentertainment.com\\\/toode\\\/lauagrill-nomad-shichirin-ummargune\\\/\",\"url\":\"https:\\\/\\\/bbqentertainment.com\\\/toode\\\/lauagrill-nomad-shichirin-ummargune\\\/\",\"name\":\"COEO NOMAD Hibachi Shichirin lauagrill \u2013 \u00fcmmargune Jaapani s\u00f6egrill - BBQ Entertainment\",\"isPartOf\":{\"@id\":\"https:\\\/\\\/bbqentertainment.com\\\/#website\"},\"primaryImageOfPage\":{\"@id\":\"https:\\\/\\\/bbqentertainment.com\\\/toode\\\/lauagrill-nomad-shichirin-ummargune\\\/#primaryimage\"},\"image\":{\"@id\":\"https:\\\/\\\/bbqentertainment.com\\\/toode\\\/lauagrill-nomad-shichirin-ummargune\\\/#primaryimage\"},\"thumbnailUrl\":\"https:\\\/\\\/bbqentertainment.com\\\/wp-content\\\/uploads\\\/2025\\\/05\\\/Grill-Nomad-Rond-Barbecue-Japonais-Hibachi-Shichirin-Konro-Yakitori.webp\",\"datePublished\":\"2025-05-11T05:42:35+00:00\",\"dateModified\":\"2025-07-25T10:45:50+00:00\",\"description\":\"Kompaktne ja t\u00f5hus lauagrill Jaapani stiilis toidu valmistamiseks. Kvaliteetne keraamika, suurep\u00e4rane soojuspidavus ja stiilne disain.\",\"breadcrumb\":{\"@id\":\"https:\\\/\\\/bbqentertainment.com\\\/toode\\\/lauagrill-nomad-shichirin-ummargune\\\/#breadcrumb\"},\"inLanguage\":\"en-US\",\"potentialAction\":[{\"@type\":\"ReadAction\",\"target\":[\"https:\\\/\\\/bbqentertainment.com\\\/toode\\\/lauagrill-nomad-shichirin-ummargune\\\/\"]}]},{\"@type\":\"ImageObject\",\"inLanguage\":\"en-US\",\"@id\":\"https:\\\/\\\/bbqentertainment.com\\\/toode\\\/lauagrill-nomad-shichirin-ummargune\\\/#primaryimage\",\"url\":\"https:\\\/\\\/bbqentertainment.com\\\/wp-content\\\/uploads\\\/2025\\\/05\\\/Grill-Nomad-Rond-Barbecue-Japonais-Hibachi-Shichirin-Konro-Yakitori.webp\",\"contentUrl\":\"https:\\\/\\\/bbqentertainment.com\\\/wp-content\\\/uploads\\\/2025\\\/05\\\/Grill-Nomad-Rond-Barbecue-Japonais-Hibachi-Shichirin-Konro-Yakitori.webp\",\"width\":1000,\"height\":1000},{\"@type\":\"BreadcrumbList\",\"@id\":\"https:\\\/\\\/bbqentertainment.com\\\/toode\\\/lauagrill-nomad-shichirin-ummargune\\\/#breadcrumb\",\"itemListElement\":[{\"@type\":\"ListItem\",\"position\":1,\"name\":\"AVALEHT\",\"item\":\"https:\\\/\\\/bbqentertainment.com\\\/en\\\/\"},{\"@type\":\"ListItem\",\"position\":2,\"name\":\"Tooted\",\"item\":\"https:\\\/\\\/bbqentertainment.com\\\/tooted\\\/\"},{\"@type\":\"ListItem\",\"position\":3,\"name\":\"Grillid ja ahjud\",\"item\":\"https:\\\/\\\/bbqentertainment.com\\\/tootekategooria\\\/grillid-ja-ahjud\\\/\"},{\"@type\":\"ListItem\",\"position\":4,\"name\":\"COEO grillid, tuleasemed ja tarvikud\",\"item\":\"https:\\\/\\\/bbqentertainment.com\\\/tootekategooria\\\/grillid-ja-ahjud\\\/coeo-grillid-tuleasemed-ja-tarvikud\\\/\"},{\"@type\":\"ListItem\",\"position\":5,\"name\":\"COEO NOMAD Hibachi Shichirin lauagrill \u2013 \u00fcmmargune Jaapani s\u00f6egrill\"}]},{\"@type\":\"WebSite\",\"@id\":\"https:\\\/\\\/bbqentertainment.com\\\/#website\",\"url\":\"https:\\\/\\\/bbqentertainment.com\\\/\",\"name\":\"BBQ Entertainment\",\"description\":\"BBQ is a great lifestyle, not just fun!\",\"publisher\":{\"@id\":\"https:\\\/\\\/bbqentertainment.com\\\/#organization\"},\"potentialAction\":[{\"@type\":\"SearchAction\",\"target\":{\"@type\":\"EntryPoint\",\"urlTemplate\":\"https:\\\/\\\/bbqentertainment.com\\\/?s={search_term_string}\"},\"query-input\":{\"@type\":\"PropertyValueSpecification\",\"valueRequired\":true,\"valueName\":\"search_term_string\"}}],\"inLanguage\":\"en-US\"},{\"@type\":\"Organization\",\"@id\":\"https:\\\/\\\/bbqentertainment.com\\\/#organization\",\"name\":\"BBQ Entertainment O\u00dc\",\"url\":\"https:\\\/\\\/bbqentertainment.com\\\/\",\"logo\":{\"@type\":\"ImageObject\",\"inLanguage\":\"en-US\",\"@id\":\"https:\\\/\\\/bbqentertainment.com\\\/#\\\/schema\\\/logo\\\/image\\\/\",\"url\":\"https:\\\/\\\/bbqentertainment.com\\\/wp-content\\\/uploads\\\/2020\\\/04\\\/BBQ-Entertainment-N-Catering-Enn-Tobreluts-Logo.png\",\"contentUrl\":\"https:\\\/\\\/bbqentertainment.com\\\/wp-content\\\/uploads\\\/2020\\\/04\\\/BBQ-Entertainment-N-Catering-Enn-Tobreluts-Logo.png\",\"width\":628,\"height\":266,\"caption\":\"BBQ Entertainment O\u00dc\"},\"image\":{\"@id\":\"https:\\\/\\\/bbqentertainment.com\\\/#\\\/schema\\\/logo\\\/image\\\/\"},\"sameAs\":[\"https:\\\/\\\/www.facebook.com\\\/BBQ-Entertainment-N-Catering-2437913376443540\",\"https:\\\/\\\/www.instagram.com\\\/bbqentertainmentncatering\\\/\",\"https:\\\/\\\/www.youtube.com\\\/channel\\\/UCmpuANQVhLy2Md8nrenp2jA\"]}]}<\/script>\n<!-- \/ Yoast SEO plugin. -->","yoast_head_json":{"title":"COEO NOMAD Hibachi Shichirin lauagrill \u2013 \u00fcmmargune Jaapani s\u00f6egrill - BBQ Entertainment","description":"Kompaktne ja t\u00f5hus lauagrill Jaapani stiilis toidu valmistamiseks. Kvaliteetne keraamika, suurep\u00e4rane soojuspidavus ja stiilne disain.","robots":{"index":"index","follow":"follow","max-snippet":"max-snippet:-1","max-image-preview":"max-image-preview:large","max-video-preview":"max-video-preview:-1"},"canonical":"https:\/\/bbqentertainment.com\/toode\/lauagrill-nomad-shichirin-ummargune\/","og_locale":"en_US","og_type":"article","og_title":"COEO NOMAD Hibachi Shichirin lauagrill \u2013 \u00fcmmargune Jaapani s\u00f6egrill - BBQ Entertainment","og_description":"Kompaktne ja t\u00f5hus lauagrill Jaapani stiilis toidu valmistamiseks. Kvaliteetne keraamika, suurep\u00e4rane soojuspidavus ja stiilne disain.","og_url":"https:\/\/bbqentertainment.com\/toode\/lauagrill-nomad-shichirin-ummargune\/","og_site_name":"BBQ Entertainment","article_publisher":"https:\/\/www.facebook.com\/BBQ-Entertainment-N-Catering-2437913376443540","article_modified_time":"2025-07-25T10:45:50+00:00","og_image":[{"width":1000,"height":1000,"url":"https:\/\/bbqentertainment.com\/wp-content\/uploads\/2025\/05\/Grill-Nomad-Rond-Barbecue-Japonais-Hibachi-Shichirin-Konro-Yakitori.webp","type":"image\/webp"}],"twitter_card":"summary_large_image","twitter_misc":{"Est. reading time":"1 minute"},"schema":{"@context":"https:\/\/schema.org","@graph":[{"@type":["WebPage","ItemPage"],"@id":"https:\/\/bbqentertainment.com\/toode\/lauagrill-nomad-shichirin-ummargune\/","url":"https:\/\/bbqentertainment.com\/toode\/lauagrill-nomad-shichirin-ummargune\/","name":"COEO NOMAD Hibachi Shichirin lauagrill \u2013 \u00fcmmargune Jaapani s\u00f6egrill - BBQ Entertainment","isPartOf":{"@id":"https:\/\/bbqentertainment.com\/#website"},"primaryImageOfPage":{"@id":"https:\/\/bbqentertainment.com\/toode\/lauagrill-nomad-shichirin-ummargune\/#primaryimage"},"image":{"@id":"https:\/\/bbqentertainment.com\/toode\/lauagrill-nomad-shichirin-ummargune\/#primaryimage"},"thumbnailUrl":"https:\/\/bbqentertainment.com\/wp-content\/uploads\/2025\/05\/Grill-Nomad-Rond-Barbecue-Japonais-Hibachi-Shichirin-Konro-Yakitori.webp","datePublished":"2025-05-11T05:42:35+00:00","dateModified":"2025-07-25T10:45:50+00:00","description":"Kompaktne ja t\u00f5hus lauagrill Jaapani stiilis toidu valmistamiseks. Kvaliteetne keraamika, suurep\u00e4rane soojuspidavus ja stiilne disain.","breadcrumb":{"@id":"https:\/\/bbqentertainment.com\/toode\/lauagrill-nomad-shichirin-ummargune\/#breadcrumb"},"inLanguage":"en-US","potentialAction":[{"@type":"ReadAction","target":["https:\/\/bbqentertainment.com\/toode\/lauagrill-nomad-shichirin-ummargune\/"]}]},{"@type":"ImageObject","inLanguage":"en-US","@id":"https:\/\/bbqentertainment.com\/toode\/lauagrill-nomad-shichirin-ummargune\/#primaryimage","url":"https:\/\/bbqentertainment.com\/wp-content\/uploads\/2025\/05\/Grill-Nomad-Rond-Barbecue-Japonais-Hibachi-Shichirin-Konro-Yakitori.webp","contentUrl":"https:\/\/bbqentertainment.com\/wp-content\/uploads\/2025\/05\/Grill-Nomad-Rond-Barbecue-Japonais-Hibachi-Shichirin-Konro-Yakitori.webp","width":1000,"height":1000},{"@type":"BreadcrumbList","@id":"https:\/\/bbqentertainment.com\/toode\/lauagrill-nomad-shichirin-ummargune\/#breadcrumb","itemListElement":[{"@type":"ListItem","position":1,"name":"AVALEHT","item":"https:\/\/bbqentertainment.com\/en\/"},{"@type":"ListItem","position":2,"name":"Tooted","item":"https:\/\/bbqentertainment.com\/tooted\/"},{"@type":"ListItem","position":3,"name":"Grillid ja ahjud","item":"https:\/\/bbqentertainment.com\/tootekategooria\/grillid-ja-ahjud\/"},{"@type":"ListItem","position":4,"name":"COEO grillid, tuleasemed ja tarvikud","item":"https:\/\/bbqentertainment.com\/tootekategooria\/grillid-ja-ahjud\/coeo-grillid-tuleasemed-ja-tarvikud\/"},{"@type":"ListItem","position":5,"name":"COEO NOMAD Hibachi Shichirin lauagrill \u2013 \u00fcmmargune Jaapani s\u00f6egrill"}]},{"@type":"WebSite","@id":"https:\/\/bbqentertainment.com\/#website","url":"https:\/\/bbqentertainment.com\/","name":"BBQ Entertainment","description":"BBQ is a great lifestyle, not just fun!","publisher":{"@id":"https:\/\/bbqentertainment.com\/#organization"},"potentialAction":[{"@type":"SearchAction","target":{"@type":"EntryPoint","urlTemplate":"https:\/\/bbqentertainment.com\/?s={search_term_string}"},"query-input":{"@type":"PropertyValueSpecification","valueRequired":true,"valueName":"search_term_string"}}],"inLanguage":"en-US"},{"@type":"Organization","@id":"https:\/\/bbqentertainment.com\/#organization","name":"BBQ Entertainment O\u00dc","url":"https:\/\/bbqentertainment.com\/","logo":{"@type":"ImageObject","inLanguage":"en-US","@id":"https:\/\/bbqentertainment.com\/#\/schema\/logo\/image\/","url":"https:\/\/bbqentertainment.com\/wp-content\/uploads\/2020\/04\/BBQ-Entertainment-N-Catering-Enn-Tobreluts-Logo.png","contentUrl":"https:\/\/bbqentertainment.com\/wp-content\/uploads\/2020\/04\/BBQ-Entertainment-N-Catering-Enn-Tobreluts-Logo.png","width":628,"height":266,"caption":"BBQ Entertainment O\u00dc"},"image":{"@id":"https:\/\/bbqentertainment.com\/#\/schema\/logo\/image\/"},"sameAs":["https:\/\/www.facebook.com\/BBQ-Entertainment-N-Catering-2437913376443540","https:\/\/www.instagram.com\/bbqentertainmentncatering\/","https:\/\/www.youtube.com\/channel\/UCmpuANQVhLy2Md8nrenp2jA"]}]}},"_links":{"self":[{"href":"https:\/\/bbqentertainment.com\/en\/wp-json\/wp\/v2\/product\/252509","targetHints":{"allow":["GET"]}}],"collection":[{"href":"https:\/\/bbqentertainment.com\/en\/wp-json\/wp\/v2\/product"}],"about":[{"href":"https:\/\/bbqentertainment.com\/en\/wp-json\/wp\/v2\/types\/product"}],"wp:featuredmedia":[{"embeddable":true,"href":"https:\/\/bbqentertainment.com\/en\/wp-json\/wp\/v2\/media\/252510"}],"wp:attachment":[{"href":"https:\/\/bbqentertainment.com\/en\/wp-json\/wp\/v2\/media?parent=252509"}],"wp:term":[{"taxonomy":"product_brand","embeddable":true,"href":"https:\/\/bbqentertainment.com\/en\/wp-json\/wp\/v2\/product_brand?post=252509"},{"taxonomy":"product_cat","embeddable":true,"href":"https:\/\/bbqentertainment.com\/en\/wp-json\/wp\/v2\/product_cat?post=252509"},{"taxonomy":"product_tag","embeddable":true,"href":"https:\/\/bbqentertainment.com\/en\/wp-json\/wp\/v2\/product_tag?post=252509"}],"curies":[{"name":"wp","href":"https:\/\/api.w.org\/{rel}","templated":true}]}}