{"id":252561,"date":"2025-05-11T17:43:03","date_gmt":"2025-05-11T14:43:03","guid":{"rendered":"https:\/\/bbqentertainment.com\/?post_type=product&#038;p=252561"},"modified":"2026-03-07T21:35:56","modified_gmt":"2026-03-07T19:35:56","slug":"liha-sisetermomeeter-eti-thermapen-ir-infrared-valge","status":"publish","type":"product","link":"https:\/\/bbqentertainment.com\/en\/toode\/liha-sisetermomeeter-eti-thermapen-ir-infrared-valge\/","title":{"rendered":"Liha-sisetermomeeter ETI THERMAPEN IR infrared (valge)"},"content":{"rendered":"","protected":false},"excerpt":{"rendered":"<h3><strong>Liha-sisetermomeeter ETI THERMAPEN IR infrared (valge)<\/strong><\/h3>\n<p style=\"font-weight: 400\">Thermapen IR \u00fchendab kaks funktsiooni \u00fches kompaktses ja t\u00f6\u00f6kindlas seadmes: t\u00e4pne infrapuna-termomeeter pindade m\u00f5\u00f5tmiseks ja sisseehitatud kokkupandav sond sisetemperatuuri m\u00e4\u00e4ramiseks. Sobib ideaalselt toiduainet\u00f6\u00f6stusesse, professionaalsetele kokkadele, cateringi ja grillimise jaoks.<\/p>\n<p style=\"font-weight: 400\">Reguleeritav emissiivsus tagab t\u00e4pse m\u00f5\u00f5tmise erinevatel pindadel, 360\u00b0 p\u00f6\u00f6rduv ekraan muudab info lugemise mugavaks igas t\u00f6\u00f6asendis ning liikumisanduriga unere\u017eiim pikendab aku t\u00f6\u00f6iga. Korpus on varustatud antibakteriaalse Biomaster kaitsega ja vastab professionaalsetele h\u00fcgieenin\u00f5uetele.<\/p>\n<p style=\"font-weight: 400\"><strong>Omadused<\/strong><br \/>\n\u2022 m\u00f5\u00f5dab nii pindade kui toidu sisetemperatuuri<br \/>\n\u2022 reguleeritav emissiivsus (0.1\u20131.0)<br \/>\n\u2022 5:1 optiline suhe infrapuna m\u00f5\u00f5tmisel<br \/>\n\u2022 suur, 360\u00b0 p\u00f6\u00f6rduv LCD-ekraan<br \/>\n\u2022 toidukindel kokkupandav sond<br \/>\n\u2022 liikumisanduril p\u00f5hinev energias\u00e4\u00e4sture\u017eiim<br \/>\n\u2022 IP65 pritsmekindel korpus Biomaster kaitsega<br \/>\n\u2022 tasuta j\u00e4lgitav kalibreerimistunnistus<\/p>\n<p style=\"font-weight: 400\"><strong>Tehnilised andmed<\/strong><strong><br \/>\n<\/strong>\u2022\u00a0Infrapuna m\u00f5\u00f5tevahemik:\u00a0\u201349,9 \u00b0C kuni +349,9 \u00b0C<br data-start=\"181\" data-end=\"184\" \/>\u2022\u00a0Sondiga m\u00f5\u00f5tevahemik:\u00a0\u201349,9 \u00b0C kuni +299,9 \u00b0C<br data-start=\"235\" data-end=\"238\" \/>\u2022\u00a0T\u00e4psus (infrapuna):\u00a0\u00b11 \u00b0C (vahemikus 0\u2026+100 \u00b0C), muidu \u00b12 \u00b0C v\u00f5i \u00b12% m\u00f5\u00f5tetulemusest<br data-start=\"328\" data-end=\"331\" \/>\u2022\u00a0T\u00e4psus (sond):\u00a0\u00b10,4 \u00b0C (\u201349,9\u2026+199,9 \u00b0C), muidu \u00b11 \u00b0C<br data-start=\"390\" data-end=\"393\" \/>\u2022\u00a0Resolutsioon:\u00a00,1 \u00b0C v\u00f5i 1 \u00b0C \u2013 kasutaja poolt seadistatav<br data-start=\"457\" data-end=\"460\" \/>\u2022\u00a0Max\/Min funktsioon:\u00a0jah<br data-start=\"489\" data-end=\"492\" \/>\u2022\u00a0T\u00f6\u00f6temperatuur:\u00a0\u201320 \u00b0C kuni +50 \u00b0C<br data-start=\"532\" data-end=\"535\" \/>\u2022\u00a0Optiline suhe (infrapuna):\u00a05:1<br data-start=\"571\" data-end=\"574\" \/>\u2022\u00a0Emissiivsus:\u00a0reguleeritav 0,1 kuni 1,00 (vaikimisi 0,95)<br data-start=\"636\" data-end=\"639\" \/>\u2022\u00a0Ekraan:\u00a012 mm (horisontaalne) ja 10 mm (vertikaalne) LCD, 360\u00b0 p\u00f6\u00f6rduv<br data-start=\"715\" data-end=\"718\" \/>\u2022\u00a0Patareid:\u00a02 \u00d7 3 V CR2032 liitiumpatarei (komplektis)<br data-start=\"776\" data-end=\"779\" \/>\u2022\u00a0Aku kestvus:\u00a0kuni 1000 tundi pidevat kasutamist<br data-start=\"832\" data-end=\"835\" \/>\u2022\u00a0M\u00f5\u00f5tmed:\u00a019 \u00d7 50 \u00d7 157 mm<br data-start=\"866\" data-end=\"869\" \/>\u2022\u00a0Kaal:\u00a0125 g<br data-start=\"886\" data-end=\"889\" \/>\u2022\u00a0Korpus:\u00a0PC\/ABS plastik, sisaldab Biomaster\u00ae antibakteriaalset kaitset<\/p>\n","protected":false},"featured_media":252568,"template":"","meta":{"inline_featured_image":false},"product_brand":[],"product_cat":[92,479,24],"product_tag":[],"class_list":{"0":"post-252561","1":"product","2":"type-product","3":"status-publish","4":"has-post-thumbnail","6":"product_cat-lisatarvikud","7":"product_cat-grillitarvikud","8":"product_cat-termomeetrid","10":"first","11":"instock","12":"taxable","13":"shipping-taxable","14":"purchasable","15":"product-type-simple"},"yoast_head":"<!-- This site is optimized with the Yoast SEO plugin v27.2 - https:\/\/yoast.com\/product\/yoast-seo-wordpress\/ -->\n<title>Liha-sisetermomeeter ETI THERMAPEN IR infrared (valge) - BBQ Entertainment<\/title>\n<meta name=\"robots\" content=\"index, follow, max-snippet:-1, max-image-preview:large, max-video-preview:-1\" \/>\n<link rel=\"canonical\" href=\"https:\/\/bbqentertainment.com\/toode\/liha-sisetermomeeter-eti-thermapen-ir-infrared-valge\/\" \/>\n<meta property=\"og:locale\" content=\"en_US\" \/>\n<meta property=\"og:type\" content=\"article\" \/>\n<meta property=\"og:title\" content=\"Liha-sisetermomeeter ETI THERMAPEN IR infrared (valge) - BBQ Entertainment\" \/>\n<meta property=\"og:description\" content=\"Liha-sisetermomeeter ETI THERMAPEN IR infrared (valge) Thermapen IR \u00fchendab kaks funktsiooni \u00fches kompaktses ja t\u00f6\u00f6kindlas seadmes: t\u00e4pne infrapuna-termomeeter pindade m\u00f5\u00f5tmiseks ja sisseehitatud kokkupandav sond sisetemperatuuri m\u00e4\u00e4ramiseks. Sobib ideaalselt toiduainet\u00f6\u00f6stusesse, professionaalsetele kokkadele, cateringi ja grillimise jaoks. Reguleeritav emissiivsus tagab t\u00e4pse m\u00f5\u00f5tmise erinevatel pindadel, 360\u00b0 p\u00f6\u00f6rduv ekraan muudab info lugemise mugavaks igas t\u00f6\u00f6asendis ning liikumisanduriga unere\u017eiim pikendab aku t\u00f6\u00f6iga. Korpus on varustatud antibakteriaalse Biomaster kaitsega ja vastab professionaalsetele h\u00fcgieenin\u00f5uetele. Omadused \u2022 m\u00f5\u00f5dab nii pindade kui toidu sisetemperatuuri \u2022 reguleeritav emissiivsus (0.1\u20131.0) \u2022 5:1 optiline suhe infrapuna m\u00f5\u00f5tmisel \u2022 suur, 360\u00b0 p\u00f6\u00f6rduv LCD-ekraan \u2022 toidukindel kokkupandav sond \u2022 liikumisanduril p\u00f5hinev energias\u00e4\u00e4sture\u017eiim \u2022 IP65 pritsmekindel korpus Biomaster kaitsega \u2022 tasuta j\u00e4lgitav kalibreerimistunnistus Tehnilised andmed \u2022\u00a0Infrapuna m\u00f5\u00f5tevahemik:\u00a0\u201349,9 \u00b0C kuni +349,9 \u00b0C\u2022\u00a0Sondiga m\u00f5\u00f5tevahemik:\u00a0\u201349,9 \u00b0C kuni +299,9 \u00b0C\u2022\u00a0T\u00e4psus (infrapuna):\u00a0\u00b11 \u00b0C (vahemikus 0\u2026+100 \u00b0C), muidu \u00b12 \u00b0C v\u00f5i \u00b12% m\u00f5\u00f5tetulemusest\u2022\u00a0T\u00e4psus (sond):\u00a0\u00b10,4 \u00b0C (\u201349,9\u2026+199,9 \u00b0C), muidu \u00b11 \u00b0C\u2022\u00a0Resolutsioon:\u00a00,1 \u00b0C v\u00f5i 1 \u00b0C \u2013 kasutaja poolt seadistatav\u2022\u00a0Max\/Min funktsioon:\u00a0jah\u2022\u00a0T\u00f6\u00f6temperatuur:\u00a0\u201320 \u00b0C kuni +50 \u00b0C\u2022\u00a0Optiline suhe (infrapuna):\u00a05:1\u2022\u00a0Emissiivsus:\u00a0reguleeritav 0,1 kuni 1,00 (vaikimisi 0,95)\u2022\u00a0Ekraan:\u00a012 mm (horisontaalne) ja 10 mm (vertikaalne) LCD, 360\u00b0 p\u00f6\u00f6rduv\u2022\u00a0Patareid:\u00a02 \u00d7 3 V CR2032 liitiumpatarei (komplektis)\u2022\u00a0Aku kestvus:\u00a0kuni 1000 tundi pidevat kasutamist\u2022\u00a0M\u00f5\u00f5tmed:\u00a019 \u00d7 50 \u00d7 157 mm\u2022\u00a0Kaal:\u00a0125 g\u2022\u00a0Korpus:\u00a0PC\/ABS plastik, sisaldab Biomaster\u00ae antibakteriaalset kaitset\" \/>\n<meta property=\"og:url\" content=\"https:\/\/bbqentertainment.com\/toode\/liha-sisetermomeeter-eti-thermapen-ir-infrared-valge\/\" \/>\n<meta property=\"og:site_name\" content=\"BBQ Entertainment\" \/>\n<meta property=\"article:publisher\" content=\"https:\/\/www.facebook.com\/BBQ-Entertainment-N-Catering-2437913376443540\" \/>\n<meta property=\"article:modified_time\" content=\"2026-03-07T19:35:56+00:00\" \/>\n<meta property=\"og:image\" content=\"https:\/\/bbqentertainment.com\/wp-content\/uploads\/2025\/05\/thermapen-ir-infrared-thermometer-with-foldaway-probe.jpg\" \/>\n\t<meta property=\"og:image:width\" content=\"700\" \/>\n\t<meta property=\"og:image:height\" content=\"700\" \/>\n\t<meta property=\"og:image:type\" content=\"image\/jpeg\" \/>\n<meta name=\"twitter:card\" content=\"summary_large_image\" \/>\n<meta name=\"twitter:label1\" content=\"Est. reading time\" \/>\n\t<meta name=\"twitter:data1\" content=\"1 minute\" \/>\n<script type=\"application\/ld+json\" class=\"yoast-schema-graph\">{\"@context\":\"https:\/\/schema.org\",\"@graph\":[{\"@type\":[\"WebPage\",\"ItemPage\"],\"@id\":\"https:\/\/bbqentertainment.com\/toode\/liha-sisetermomeeter-eti-thermapen-ir-infrared-valge\/\",\"url\":\"https:\/\/bbqentertainment.com\/toode\/liha-sisetermomeeter-eti-thermapen-ir-infrared-valge\/\",\"name\":\"Liha-sisetermomeeter ETI THERMAPEN IR infrared (valge) - BBQ Entertainment\",\"isPartOf\":{\"@id\":\"https:\/\/bbqentertainment.com\/#website\"},\"primaryImageOfPage\":{\"@id\":\"https:\/\/bbqentertainment.com\/toode\/liha-sisetermomeeter-eti-thermapen-ir-infrared-valge\/#primaryimage\"},\"image\":{\"@id\":\"https:\/\/bbqentertainment.com\/toode\/liha-sisetermomeeter-eti-thermapen-ir-infrared-valge\/#primaryimage\"},\"thumbnailUrl\":\"https:\/\/bbqentertainment.com\/wp-content\/uploads\/2025\/05\/thermapen-ir-infrared-thermometer-with-foldaway-probe.jpg\",\"datePublished\":\"2025-05-11T14:43:03+00:00\",\"dateModified\":\"2026-03-07T19:35:56+00:00\",\"breadcrumb\":{\"@id\":\"https:\/\/bbqentertainment.com\/toode\/liha-sisetermomeeter-eti-thermapen-ir-infrared-valge\/#breadcrumb\"},\"inLanguage\":\"en-US\",\"potentialAction\":[{\"@type\":\"ReadAction\",\"target\":[\"https:\/\/bbqentertainment.com\/toode\/liha-sisetermomeeter-eti-thermapen-ir-infrared-valge\/\"]}]},{\"@type\":\"ImageObject\",\"inLanguage\":\"en-US\",\"@id\":\"https:\/\/bbqentertainment.com\/toode\/liha-sisetermomeeter-eti-thermapen-ir-infrared-valge\/#primaryimage\",\"url\":\"https:\/\/bbqentertainment.com\/wp-content\/uploads\/2025\/05\/thermapen-ir-infrared-thermometer-with-foldaway-probe.jpg\",\"contentUrl\":\"https:\/\/bbqentertainment.com\/wp-content\/uploads\/2025\/05\/thermapen-ir-infrared-thermometer-with-foldaway-probe.jpg\",\"width\":700,\"height\":700},{\"@type\":\"BreadcrumbList\",\"@id\":\"https:\/\/bbqentertainment.com\/toode\/liha-sisetermomeeter-eti-thermapen-ir-infrared-valge\/#breadcrumb\",\"itemListElement\":[{\"@type\":\"ListItem\",\"position\":1,\"name\":\"AVALEHT\",\"item\":\"https:\/\/bbqentertainment.com\/en\/\"},{\"@type\":\"ListItem\",\"position\":2,\"name\":\"Tooted\",\"item\":\"https:\/\/bbqentertainment.com\/tooted\/\"},{\"@type\":\"ListItem\",\"position\":3,\"name\":\"Lisatarvikud\",\"item\":\"https:\/\/bbqentertainment.com\/tootekategooria\/lisatarvikud\/\"},{\"@type\":\"ListItem\",\"position\":4,\"name\":\"Termomeetrid\",\"item\":\"https:\/\/bbqentertainment.com\/tootekategooria\/lisatarvikud\/termomeetrid\/\"},{\"@type\":\"ListItem\",\"position\":5,\"name\":\"Liha-sisetermomeeter ETI THERMAPEN IR infrared (valge)\"}]},{\"@type\":\"WebSite\",\"@id\":\"https:\/\/bbqentertainment.com\/#website\",\"url\":\"https:\/\/bbqentertainment.com\/\",\"name\":\"BBQ Entertainment\",\"description\":\"BBQ is a great lifestyle, not just fun!\",\"publisher\":{\"@id\":\"https:\/\/bbqentertainment.com\/#organization\"},\"potentialAction\":[{\"@type\":\"SearchAction\",\"target\":{\"@type\":\"EntryPoint\",\"urlTemplate\":\"https:\/\/bbqentertainment.com\/?s={search_term_string}\"},\"query-input\":{\"@type\":\"PropertyValueSpecification\",\"valueRequired\":true,\"valueName\":\"search_term_string\"}}],\"inLanguage\":\"en-US\"},{\"@type\":\"Organization\",\"@id\":\"https:\/\/bbqentertainment.com\/#organization\",\"name\":\"BBQ Entertainment O\u00dc\",\"url\":\"https:\/\/bbqentertainment.com\/\",\"logo\":{\"@type\":\"ImageObject\",\"inLanguage\":\"en-US\",\"@id\":\"https:\/\/bbqentertainment.com\/#\/schema\/logo\/image\/\",\"url\":\"https:\/\/bbqentertainment.com\/wp-content\/uploads\/2020\/04\/BBQ-Entertainment-N-Catering-Enn-Tobreluts-Logo.png\",\"contentUrl\":\"https:\/\/bbqentertainment.com\/wp-content\/uploads\/2020\/04\/BBQ-Entertainment-N-Catering-Enn-Tobreluts-Logo.png\",\"width\":628,\"height\":266,\"caption\":\"BBQ Entertainment O\u00dc\"},\"image\":{\"@id\":\"https:\/\/bbqentertainment.com\/#\/schema\/logo\/image\/\"},\"sameAs\":[\"https:\/\/www.facebook.com\/BBQ-Entertainment-N-Catering-2437913376443540\",\"https:\/\/www.instagram.com\/bbqentertainmentncatering\/\",\"https:\/\/www.youtube.com\/channel\/UCmpuANQVhLy2Md8nrenp2jA\"]}]}<\/script>\n<!-- \/ Yoast SEO plugin. -->","yoast_head_json":{"title":"Liha-sisetermomeeter ETI THERMAPEN IR infrared (valge) - BBQ Entertainment","robots":{"index":"index","follow":"follow","max-snippet":"max-snippet:-1","max-image-preview":"max-image-preview:large","max-video-preview":"max-video-preview:-1"},"canonical":"https:\/\/bbqentertainment.com\/toode\/liha-sisetermomeeter-eti-thermapen-ir-infrared-valge\/","og_locale":"en_US","og_type":"article","og_title":"Liha-sisetermomeeter ETI THERMAPEN IR infrared (valge) - BBQ Entertainment","og_description":"Liha-sisetermomeeter ETI THERMAPEN IR infrared (valge) Thermapen IR \u00fchendab kaks funktsiooni \u00fches kompaktses ja t\u00f6\u00f6kindlas seadmes: t\u00e4pne infrapuna-termomeeter pindade m\u00f5\u00f5tmiseks ja sisseehitatud kokkupandav sond sisetemperatuuri m\u00e4\u00e4ramiseks. Sobib ideaalselt toiduainet\u00f6\u00f6stusesse, professionaalsetele kokkadele, cateringi ja grillimise jaoks. Reguleeritav emissiivsus tagab t\u00e4pse m\u00f5\u00f5tmise erinevatel pindadel, 360\u00b0 p\u00f6\u00f6rduv ekraan muudab info lugemise mugavaks igas t\u00f6\u00f6asendis ning liikumisanduriga unere\u017eiim pikendab aku t\u00f6\u00f6iga. Korpus on varustatud antibakteriaalse Biomaster kaitsega ja vastab professionaalsetele h\u00fcgieenin\u00f5uetele. Omadused \u2022 m\u00f5\u00f5dab nii pindade kui toidu sisetemperatuuri \u2022 reguleeritav emissiivsus (0.1\u20131.0) \u2022 5:1 optiline suhe infrapuna m\u00f5\u00f5tmisel \u2022 suur, 360\u00b0 p\u00f6\u00f6rduv LCD-ekraan \u2022 toidukindel kokkupandav sond \u2022 liikumisanduril p\u00f5hinev energias\u00e4\u00e4sture\u017eiim \u2022 IP65 pritsmekindel korpus Biomaster kaitsega \u2022 tasuta j\u00e4lgitav kalibreerimistunnistus Tehnilised andmed \u2022\u00a0Infrapuna m\u00f5\u00f5tevahemik:\u00a0\u201349,9 \u00b0C kuni +349,9 \u00b0C\u2022\u00a0Sondiga m\u00f5\u00f5tevahemik:\u00a0\u201349,9 \u00b0C kuni +299,9 \u00b0C\u2022\u00a0T\u00e4psus (infrapuna):\u00a0\u00b11 \u00b0C (vahemikus 0\u2026+100 \u00b0C), muidu \u00b12 \u00b0C v\u00f5i \u00b12% m\u00f5\u00f5tetulemusest\u2022\u00a0T\u00e4psus (sond):\u00a0\u00b10,4 \u00b0C (\u201349,9\u2026+199,9 \u00b0C), muidu \u00b11 \u00b0C\u2022\u00a0Resolutsioon:\u00a00,1 \u00b0C v\u00f5i 1 \u00b0C \u2013 kasutaja poolt seadistatav\u2022\u00a0Max\/Min funktsioon:\u00a0jah\u2022\u00a0T\u00f6\u00f6temperatuur:\u00a0\u201320 \u00b0C kuni +50 \u00b0C\u2022\u00a0Optiline suhe (infrapuna):\u00a05:1\u2022\u00a0Emissiivsus:\u00a0reguleeritav 0,1 kuni 1,00 (vaikimisi 0,95)\u2022\u00a0Ekraan:\u00a012 mm (horisontaalne) ja 10 mm (vertikaalne) LCD, 360\u00b0 p\u00f6\u00f6rduv\u2022\u00a0Patareid:\u00a02 \u00d7 3 V CR2032 liitiumpatarei (komplektis)\u2022\u00a0Aku kestvus:\u00a0kuni 1000 tundi pidevat kasutamist\u2022\u00a0M\u00f5\u00f5tmed:\u00a019 \u00d7 50 \u00d7 157 mm\u2022\u00a0Kaal:\u00a0125 g\u2022\u00a0Korpus:\u00a0PC\/ABS plastik, sisaldab Biomaster\u00ae antibakteriaalset kaitset","og_url":"https:\/\/bbqentertainment.com\/toode\/liha-sisetermomeeter-eti-thermapen-ir-infrared-valge\/","og_site_name":"BBQ Entertainment","article_publisher":"https:\/\/www.facebook.com\/BBQ-Entertainment-N-Catering-2437913376443540","article_modified_time":"2026-03-07T19:35:56+00:00","og_image":[{"width":700,"height":700,"url":"https:\/\/bbqentertainment.com\/wp-content\/uploads\/2025\/05\/thermapen-ir-infrared-thermometer-with-foldaway-probe.jpg","type":"image\/jpeg"}],"twitter_card":"summary_large_image","twitter_misc":{"Est. reading time":"1 minute"},"schema":{"@context":"https:\/\/schema.org","@graph":[{"@type":["WebPage","ItemPage"],"@id":"https:\/\/bbqentertainment.com\/toode\/liha-sisetermomeeter-eti-thermapen-ir-infrared-valge\/","url":"https:\/\/bbqentertainment.com\/toode\/liha-sisetermomeeter-eti-thermapen-ir-infrared-valge\/","name":"Liha-sisetermomeeter ETI THERMAPEN IR infrared (valge) - BBQ Entertainment","isPartOf":{"@id":"https:\/\/bbqentertainment.com\/#website"},"primaryImageOfPage":{"@id":"https:\/\/bbqentertainment.com\/toode\/liha-sisetermomeeter-eti-thermapen-ir-infrared-valge\/#primaryimage"},"image":{"@id":"https:\/\/bbqentertainment.com\/toode\/liha-sisetermomeeter-eti-thermapen-ir-infrared-valge\/#primaryimage"},"thumbnailUrl":"https:\/\/bbqentertainment.com\/wp-content\/uploads\/2025\/05\/thermapen-ir-infrared-thermometer-with-foldaway-probe.jpg","datePublished":"2025-05-11T14:43:03+00:00","dateModified":"2026-03-07T19:35:56+00:00","breadcrumb":{"@id":"https:\/\/bbqentertainment.com\/toode\/liha-sisetermomeeter-eti-thermapen-ir-infrared-valge\/#breadcrumb"},"inLanguage":"en-US","potentialAction":[{"@type":"ReadAction","target":["https:\/\/bbqentertainment.com\/toode\/liha-sisetermomeeter-eti-thermapen-ir-infrared-valge\/"]}]},{"@type":"ImageObject","inLanguage":"en-US","@id":"https:\/\/bbqentertainment.com\/toode\/liha-sisetermomeeter-eti-thermapen-ir-infrared-valge\/#primaryimage","url":"https:\/\/bbqentertainment.com\/wp-content\/uploads\/2025\/05\/thermapen-ir-infrared-thermometer-with-foldaway-probe.jpg","contentUrl":"https:\/\/bbqentertainment.com\/wp-content\/uploads\/2025\/05\/thermapen-ir-infrared-thermometer-with-foldaway-probe.jpg","width":700,"height":700},{"@type":"BreadcrumbList","@id":"https:\/\/bbqentertainment.com\/toode\/liha-sisetermomeeter-eti-thermapen-ir-infrared-valge\/#breadcrumb","itemListElement":[{"@type":"ListItem","position":1,"name":"AVALEHT","item":"https:\/\/bbqentertainment.com\/en\/"},{"@type":"ListItem","position":2,"name":"Tooted","item":"https:\/\/bbqentertainment.com\/tooted\/"},{"@type":"ListItem","position":3,"name":"Lisatarvikud","item":"https:\/\/bbqentertainment.com\/tootekategooria\/lisatarvikud\/"},{"@type":"ListItem","position":4,"name":"Termomeetrid","item":"https:\/\/bbqentertainment.com\/tootekategooria\/lisatarvikud\/termomeetrid\/"},{"@type":"ListItem","position":5,"name":"Liha-sisetermomeeter ETI THERMAPEN IR infrared (valge)"}]},{"@type":"WebSite","@id":"https:\/\/bbqentertainment.com\/#website","url":"https:\/\/bbqentertainment.com\/","name":"BBQ Entertainment","description":"BBQ is a great lifestyle, not just fun!","publisher":{"@id":"https:\/\/bbqentertainment.com\/#organization"},"potentialAction":[{"@type":"SearchAction","target":{"@type":"EntryPoint","urlTemplate":"https:\/\/bbqentertainment.com\/?s={search_term_string}"},"query-input":{"@type":"PropertyValueSpecification","valueRequired":true,"valueName":"search_term_string"}}],"inLanguage":"en-US"},{"@type":"Organization","@id":"https:\/\/bbqentertainment.com\/#organization","name":"BBQ Entertainment O\u00dc","url":"https:\/\/bbqentertainment.com\/","logo":{"@type":"ImageObject","inLanguage":"en-US","@id":"https:\/\/bbqentertainment.com\/#\/schema\/logo\/image\/","url":"https:\/\/bbqentertainment.com\/wp-content\/uploads\/2020\/04\/BBQ-Entertainment-N-Catering-Enn-Tobreluts-Logo.png","contentUrl":"https:\/\/bbqentertainment.com\/wp-content\/uploads\/2020\/04\/BBQ-Entertainment-N-Catering-Enn-Tobreluts-Logo.png","width":628,"height":266,"caption":"BBQ Entertainment O\u00dc"},"image":{"@id":"https:\/\/bbqentertainment.com\/#\/schema\/logo\/image\/"},"sameAs":["https:\/\/www.facebook.com\/BBQ-Entertainment-N-Catering-2437913376443540","https:\/\/www.instagram.com\/bbqentertainmentncatering\/","https:\/\/www.youtube.com\/channel\/UCmpuANQVhLy2Md8nrenp2jA"]}]}},"_links":{"self":[{"href":"https:\/\/bbqentertainment.com\/en\/wp-json\/wp\/v2\/product\/252561","targetHints":{"allow":["GET"]}}],"collection":[{"href":"https:\/\/bbqentertainment.com\/en\/wp-json\/wp\/v2\/product"}],"about":[{"href":"https:\/\/bbqentertainment.com\/en\/wp-json\/wp\/v2\/types\/product"}],"wp:featuredmedia":[{"embeddable":true,"href":"https:\/\/bbqentertainment.com\/en\/wp-json\/wp\/v2\/media\/252568"}],"wp:attachment":[{"href":"https:\/\/bbqentertainment.com\/en\/wp-json\/wp\/v2\/media?parent=252561"}],"wp:term":[{"taxonomy":"product_brand","embeddable":true,"href":"https:\/\/bbqentertainment.com\/en\/wp-json\/wp\/v2\/product_brand?post=252561"},{"taxonomy":"product_cat","embeddable":true,"href":"https:\/\/bbqentertainment.com\/en\/wp-json\/wp\/v2\/product_cat?post=252561"},{"taxonomy":"product_tag","embeddable":true,"href":"https:\/\/bbqentertainment.com\/en\/wp-json\/wp\/v2\/product_tag?post=252561"}],"curies":[{"name":"wp","href":"https:\/\/api.w.org\/{rel}","templated":true}]}}