{"id":252571,"date":"2025-05-11T18:07:23","date_gmt":"2025-05-11T15:07:23","guid":{"rendered":"https:\/\/bbqentertainment.com\/?post_type=product&#038;p=252571"},"modified":"2026-03-29T21:10:51","modified_gmt":"2026-03-29T18:10:51","slug":"char-griller-grillitarvikute-komplekt-tangid-kahvel-labidas","status":"publish","type":"product","link":"https:\/\/bbqentertainment.com\/en\/toode\/char-griller-grillitarvikute-komplekt-tangid-kahvel-labidas\/","title":{"rendered":"Char-Griller grillitarvikute komplekt (tangid, kahvel, labidas)"},"content":{"rendered":"","protected":false},"excerpt":{"rendered":"<h3 data-start=\"0\" data-end=\"39\"><strong>Char-Griller grillitarvikute komplekt (tangid, kahvel, labidas)<\/strong><\/h3>\n<p class=\"\" data-start=\"123\" data-end=\"348\">Char-Grilleri 3-osaline grillitarvikute komplekt sisaldab k\u00f5ike vajalikku mugavaks ja t\u00e4pseks grillimiseks. Komplekti kuuluvad spaatel, tangid ja kahvel \u2013 iga t\u00f6\u00f6riist on loodud vastupidavusest ja kasutusmugavusest l\u00e4htuvalt.<\/p>\n<p class=\"\" data-start=\"350\" data-end=\"651\">Spaatlil on sakiline serv liha l\u00f5ikamiseks otse grillil, tangid sobivad h\u00e4sti steikide ja ribide k\u00e4sitsemiseks ning kahvel aitab liha fikseerida l\u00f5ikamisel v\u00f5i serveerimisel. Roostevabast terasest konstruktsioon tagab t\u00f6\u00f6riistade tugevuse, mustad soft-touch k\u00e4epidemed annavad kindla ja mugava haarde.<\/p>\n","protected":false},"featured_media":252572,"template":"","meta":{"inline_featured_image":false},"product_brand":[],"product_cat":[19,92,479],"product_tag":[],"class_list":{"0":"post-252571","1":"product","2":"type-product","3":"status-publish","4":"has-post-thumbnail","6":"product_cat-masterbuilt-ahjud","7":"product_cat-lisatarvikud","8":"product_cat-grillitarvikud","10":"first","11":"instock","12":"taxable","13":"shipping-taxable","14":"purchasable","15":"product-type-simple"},"yoast_head":"<!-- This site is optimized with the Yoast SEO plugin v27.2 - https:\/\/yoast.com\/product\/yoast-seo-wordpress\/ -->\n<title>Char-Griller grillitarvikute komplekt (tangid, kahvel, labidas) - BBQ Entertainment<\/title>\n<meta name=\"robots\" content=\"index, follow, max-snippet:-1, max-image-preview:large, max-video-preview:-1\" \/>\n<link rel=\"canonical\" href=\"https:\/\/bbqentertainment.com\/toode\/char-griller-grillitarvikute-komplekt-tangid-kahvel-labidas\/\" \/>\n<meta property=\"og:locale\" content=\"en_US\" \/>\n<meta property=\"og:type\" content=\"article\" \/>\n<meta property=\"og:title\" content=\"Char-Griller grillitarvikute komplekt (tangid, kahvel, labidas) - BBQ Entertainment\" \/>\n<meta property=\"og:description\" content=\"Char-Griller grillitarvikute komplekt (tangid, kahvel, labidas) Char-Grilleri 3-osaline grillitarvikute komplekt sisaldab k\u00f5ike vajalikku mugavaks ja t\u00e4pseks grillimiseks. Komplekti kuuluvad spaatel, tangid ja kahvel \u2013 iga t\u00f6\u00f6riist on loodud vastupidavusest ja kasutusmugavusest l\u00e4htuvalt. Spaatlil on sakiline serv liha l\u00f5ikamiseks otse grillil, tangid sobivad h\u00e4sti steikide ja ribide k\u00e4sitsemiseks ning kahvel aitab liha fikseerida l\u00f5ikamisel v\u00f5i serveerimisel. Roostevabast terasest konstruktsioon tagab t\u00f6\u00f6riistade tugevuse, mustad soft-touch k\u00e4epidemed annavad kindla ja mugava haarde.\" \/>\n<meta property=\"og:url\" content=\"https:\/\/bbqentertainment.com\/toode\/char-griller-grillitarvikute-komplekt-tangid-kahvel-labidas\/\" \/>\n<meta property=\"og:site_name\" content=\"BBQ Entertainment\" \/>\n<meta property=\"article:publisher\" content=\"https:\/\/www.facebook.com\/BBQ-Entertainment-N-Catering-2437913376443540\" \/>\n<meta property=\"article:modified_time\" content=\"2026-03-29T18:10:51+00:00\" \/>\n<meta property=\"og:image\" content=\"https:\/\/bbqentertainment.com\/wp-content\/uploads\/2025\/05\/49552022.png.jpeg\" \/>\n\t<meta property=\"og:image:width\" content=\"646\" \/>\n\t<meta property=\"og:image:height\" content=\"646\" \/>\n\t<meta property=\"og:image:type\" content=\"image\/jpeg\" \/>\n<meta name=\"twitter:card\" content=\"summary_large_image\" \/>\n<meta name=\"twitter:label1\" content=\"Est. reading time\" \/>\n\t<meta name=\"twitter:data1\" content=\"1 minute\" \/>\n<script type=\"application\/ld+json\" class=\"yoast-schema-graph\">{\"@context\":\"https:\/\/schema.org\",\"@graph\":[{\"@type\":[\"WebPage\",\"ItemPage\"],\"@id\":\"https:\/\/bbqentertainment.com\/toode\/char-griller-grillitarvikute-komplekt-tangid-kahvel-labidas\/\",\"url\":\"https:\/\/bbqentertainment.com\/toode\/char-griller-grillitarvikute-komplekt-tangid-kahvel-labidas\/\",\"name\":\"Char-Griller grillitarvikute komplekt (tangid, kahvel, labidas) - BBQ Entertainment\",\"isPartOf\":{\"@id\":\"https:\/\/bbqentertainment.com\/#website\"},\"primaryImageOfPage\":{\"@id\":\"https:\/\/bbqentertainment.com\/toode\/char-griller-grillitarvikute-komplekt-tangid-kahvel-labidas\/#primaryimage\"},\"image\":{\"@id\":\"https:\/\/bbqentertainment.com\/toode\/char-griller-grillitarvikute-komplekt-tangid-kahvel-labidas\/#primaryimage\"},\"thumbnailUrl\":\"https:\/\/bbqentertainment.com\/wp-content\/uploads\/2025\/05\/49552022.png.jpeg\",\"datePublished\":\"2025-05-11T15:07:23+00:00\",\"dateModified\":\"2026-03-29T18:10:51+00:00\",\"breadcrumb\":{\"@id\":\"https:\/\/bbqentertainment.com\/toode\/char-griller-grillitarvikute-komplekt-tangid-kahvel-labidas\/#breadcrumb\"},\"inLanguage\":\"en-US\",\"potentialAction\":[{\"@type\":\"ReadAction\",\"target\":[\"https:\/\/bbqentertainment.com\/toode\/char-griller-grillitarvikute-komplekt-tangid-kahvel-labidas\/\"]}]},{\"@type\":\"ImageObject\",\"inLanguage\":\"en-US\",\"@id\":\"https:\/\/bbqentertainment.com\/toode\/char-griller-grillitarvikute-komplekt-tangid-kahvel-labidas\/#primaryimage\",\"url\":\"https:\/\/bbqentertainment.com\/wp-content\/uploads\/2025\/05\/49552022.png.jpeg\",\"contentUrl\":\"https:\/\/bbqentertainment.com\/wp-content\/uploads\/2025\/05\/49552022.png.jpeg\",\"width\":646,\"height\":646},{\"@type\":\"BreadcrumbList\",\"@id\":\"https:\/\/bbqentertainment.com\/toode\/char-griller-grillitarvikute-komplekt-tangid-kahvel-labidas\/#breadcrumb\",\"itemListElement\":[{\"@type\":\"ListItem\",\"position\":1,\"name\":\"AVALEHT\",\"item\":\"https:\/\/bbqentertainment.com\/en\/\"},{\"@type\":\"ListItem\",\"position\":2,\"name\":\"Tooted\",\"item\":\"https:\/\/bbqentertainment.com\/tooted\/\"},{\"@type\":\"ListItem\",\"position\":3,\"name\":\"Grillid ja ahjud\",\"item\":\"https:\/\/bbqentertainment.com\/tootekategooria\/grillid-ja-ahjud\/\"},{\"@type\":\"ListItem\",\"position\":4,\"name\":\"Masterbuilt &amp; CharGriller\",\"item\":\"https:\/\/bbqentertainment.com\/tootekategooria\/grillid-ja-ahjud\/masterbuilt-ahjud\/\"},{\"@type\":\"ListItem\",\"position\":5,\"name\":\"Char-Griller grillitarvikute komplekt (tangid, kahvel, labidas)\"}]},{\"@type\":\"WebSite\",\"@id\":\"https:\/\/bbqentertainment.com\/#website\",\"url\":\"https:\/\/bbqentertainment.com\/\",\"name\":\"BBQ Entertainment\",\"description\":\"BBQ is a great lifestyle, not just fun!\",\"publisher\":{\"@id\":\"https:\/\/bbqentertainment.com\/#organization\"},\"potentialAction\":[{\"@type\":\"SearchAction\",\"target\":{\"@type\":\"EntryPoint\",\"urlTemplate\":\"https:\/\/bbqentertainment.com\/?s={search_term_string}\"},\"query-input\":{\"@type\":\"PropertyValueSpecification\",\"valueRequired\":true,\"valueName\":\"search_term_string\"}}],\"inLanguage\":\"en-US\"},{\"@type\":\"Organization\",\"@id\":\"https:\/\/bbqentertainment.com\/#organization\",\"name\":\"BBQ Entertainment O\u00dc\",\"url\":\"https:\/\/bbqentertainment.com\/\",\"logo\":{\"@type\":\"ImageObject\",\"inLanguage\":\"en-US\",\"@id\":\"https:\/\/bbqentertainment.com\/#\/schema\/logo\/image\/\",\"url\":\"https:\/\/bbqentertainment.com\/wp-content\/uploads\/2020\/04\/BBQ-Entertainment-N-Catering-Enn-Tobreluts-Logo.png\",\"contentUrl\":\"https:\/\/bbqentertainment.com\/wp-content\/uploads\/2020\/04\/BBQ-Entertainment-N-Catering-Enn-Tobreluts-Logo.png\",\"width\":628,\"height\":266,\"caption\":\"BBQ Entertainment O\u00dc\"},\"image\":{\"@id\":\"https:\/\/bbqentertainment.com\/#\/schema\/logo\/image\/\"},\"sameAs\":[\"https:\/\/www.facebook.com\/BBQ-Entertainment-N-Catering-2437913376443540\",\"https:\/\/www.instagram.com\/bbqentertainmentncatering\/\",\"https:\/\/www.youtube.com\/channel\/UCmpuANQVhLy2Md8nrenp2jA\"]}]}<\/script>\n<!-- \/ Yoast SEO plugin. -->","yoast_head_json":{"title":"Char-Griller grillitarvikute komplekt (tangid, kahvel, labidas) - BBQ Entertainment","robots":{"index":"index","follow":"follow","max-snippet":"max-snippet:-1","max-image-preview":"max-image-preview:large","max-video-preview":"max-video-preview:-1"},"canonical":"https:\/\/bbqentertainment.com\/toode\/char-griller-grillitarvikute-komplekt-tangid-kahvel-labidas\/","og_locale":"en_US","og_type":"article","og_title":"Char-Griller grillitarvikute komplekt (tangid, kahvel, labidas) - BBQ Entertainment","og_description":"Char-Griller grillitarvikute komplekt (tangid, kahvel, labidas) Char-Grilleri 3-osaline grillitarvikute komplekt sisaldab k\u00f5ike vajalikku mugavaks ja t\u00e4pseks grillimiseks. Komplekti kuuluvad spaatel, tangid ja kahvel \u2013 iga t\u00f6\u00f6riist on loodud vastupidavusest ja kasutusmugavusest l\u00e4htuvalt. Spaatlil on sakiline serv liha l\u00f5ikamiseks otse grillil, tangid sobivad h\u00e4sti steikide ja ribide k\u00e4sitsemiseks ning kahvel aitab liha fikseerida l\u00f5ikamisel v\u00f5i serveerimisel. Roostevabast terasest konstruktsioon tagab t\u00f6\u00f6riistade tugevuse, mustad soft-touch k\u00e4epidemed annavad kindla ja mugava haarde.","og_url":"https:\/\/bbqentertainment.com\/toode\/char-griller-grillitarvikute-komplekt-tangid-kahvel-labidas\/","og_site_name":"BBQ Entertainment","article_publisher":"https:\/\/www.facebook.com\/BBQ-Entertainment-N-Catering-2437913376443540","article_modified_time":"2026-03-29T18:10:51+00:00","og_image":[{"width":646,"height":646,"url":"https:\/\/bbqentertainment.com\/wp-content\/uploads\/2025\/05\/49552022.png.jpeg","type":"image\/jpeg"}],"twitter_card":"summary_large_image","twitter_misc":{"Est. reading time":"1 minute"},"schema":{"@context":"https:\/\/schema.org","@graph":[{"@type":["WebPage","ItemPage"],"@id":"https:\/\/bbqentertainment.com\/toode\/char-griller-grillitarvikute-komplekt-tangid-kahvel-labidas\/","url":"https:\/\/bbqentertainment.com\/toode\/char-griller-grillitarvikute-komplekt-tangid-kahvel-labidas\/","name":"Char-Griller grillitarvikute komplekt (tangid, kahvel, labidas) - BBQ Entertainment","isPartOf":{"@id":"https:\/\/bbqentertainment.com\/#website"},"primaryImageOfPage":{"@id":"https:\/\/bbqentertainment.com\/toode\/char-griller-grillitarvikute-komplekt-tangid-kahvel-labidas\/#primaryimage"},"image":{"@id":"https:\/\/bbqentertainment.com\/toode\/char-griller-grillitarvikute-komplekt-tangid-kahvel-labidas\/#primaryimage"},"thumbnailUrl":"https:\/\/bbqentertainment.com\/wp-content\/uploads\/2025\/05\/49552022.png.jpeg","datePublished":"2025-05-11T15:07:23+00:00","dateModified":"2026-03-29T18:10:51+00:00","breadcrumb":{"@id":"https:\/\/bbqentertainment.com\/toode\/char-griller-grillitarvikute-komplekt-tangid-kahvel-labidas\/#breadcrumb"},"inLanguage":"en-US","potentialAction":[{"@type":"ReadAction","target":["https:\/\/bbqentertainment.com\/toode\/char-griller-grillitarvikute-komplekt-tangid-kahvel-labidas\/"]}]},{"@type":"ImageObject","inLanguage":"en-US","@id":"https:\/\/bbqentertainment.com\/toode\/char-griller-grillitarvikute-komplekt-tangid-kahvel-labidas\/#primaryimage","url":"https:\/\/bbqentertainment.com\/wp-content\/uploads\/2025\/05\/49552022.png.jpeg","contentUrl":"https:\/\/bbqentertainment.com\/wp-content\/uploads\/2025\/05\/49552022.png.jpeg","width":646,"height":646},{"@type":"BreadcrumbList","@id":"https:\/\/bbqentertainment.com\/toode\/char-griller-grillitarvikute-komplekt-tangid-kahvel-labidas\/#breadcrumb","itemListElement":[{"@type":"ListItem","position":1,"name":"AVALEHT","item":"https:\/\/bbqentertainment.com\/en\/"},{"@type":"ListItem","position":2,"name":"Tooted","item":"https:\/\/bbqentertainment.com\/tooted\/"},{"@type":"ListItem","position":3,"name":"Grillid ja ahjud","item":"https:\/\/bbqentertainment.com\/tootekategooria\/grillid-ja-ahjud\/"},{"@type":"ListItem","position":4,"name":"Masterbuilt &amp; CharGriller","item":"https:\/\/bbqentertainment.com\/tootekategooria\/grillid-ja-ahjud\/masterbuilt-ahjud\/"},{"@type":"ListItem","position":5,"name":"Char-Griller grillitarvikute komplekt (tangid, kahvel, labidas)"}]},{"@type":"WebSite","@id":"https:\/\/bbqentertainment.com\/#website","url":"https:\/\/bbqentertainment.com\/","name":"BBQ Entertainment","description":"BBQ is a great lifestyle, not just fun!","publisher":{"@id":"https:\/\/bbqentertainment.com\/#organization"},"potentialAction":[{"@type":"SearchAction","target":{"@type":"EntryPoint","urlTemplate":"https:\/\/bbqentertainment.com\/?s={search_term_string}"},"query-input":{"@type":"PropertyValueSpecification","valueRequired":true,"valueName":"search_term_string"}}],"inLanguage":"en-US"},{"@type":"Organization","@id":"https:\/\/bbqentertainment.com\/#organization","name":"BBQ Entertainment O\u00dc","url":"https:\/\/bbqentertainment.com\/","logo":{"@type":"ImageObject","inLanguage":"en-US","@id":"https:\/\/bbqentertainment.com\/#\/schema\/logo\/image\/","url":"https:\/\/bbqentertainment.com\/wp-content\/uploads\/2020\/04\/BBQ-Entertainment-N-Catering-Enn-Tobreluts-Logo.png","contentUrl":"https:\/\/bbqentertainment.com\/wp-content\/uploads\/2020\/04\/BBQ-Entertainment-N-Catering-Enn-Tobreluts-Logo.png","width":628,"height":266,"caption":"BBQ Entertainment O\u00dc"},"image":{"@id":"https:\/\/bbqentertainment.com\/#\/schema\/logo\/image\/"},"sameAs":["https:\/\/www.facebook.com\/BBQ-Entertainment-N-Catering-2437913376443540","https:\/\/www.instagram.com\/bbqentertainmentncatering\/","https:\/\/www.youtube.com\/channel\/UCmpuANQVhLy2Md8nrenp2jA"]}]}},"_links":{"self":[{"href":"https:\/\/bbqentertainment.com\/en\/wp-json\/wp\/v2\/product\/252571","targetHints":{"allow":["GET"]}}],"collection":[{"href":"https:\/\/bbqentertainment.com\/en\/wp-json\/wp\/v2\/product"}],"about":[{"href":"https:\/\/bbqentertainment.com\/en\/wp-json\/wp\/v2\/types\/product"}],"wp:featuredmedia":[{"embeddable":true,"href":"https:\/\/bbqentertainment.com\/en\/wp-json\/wp\/v2\/media\/252572"}],"wp:attachment":[{"href":"https:\/\/bbqentertainment.com\/en\/wp-json\/wp\/v2\/media?parent=252571"}],"wp:term":[{"taxonomy":"product_brand","embeddable":true,"href":"https:\/\/bbqentertainment.com\/en\/wp-json\/wp\/v2\/product_brand?post=252571"},{"taxonomy":"product_cat","embeddable":true,"href":"https:\/\/bbqentertainment.com\/en\/wp-json\/wp\/v2\/product_cat?post=252571"},{"taxonomy":"product_tag","embeddable":true,"href":"https:\/\/bbqentertainment.com\/en\/wp-json\/wp\/v2\/product_tag?post=252571"}],"curies":[{"name":"wp","href":"https:\/\/api.w.org\/{rel}","templated":true}]}}