{"id":252576,"date":"2025-05-11T18:14:55","date_gmt":"2025-05-11T15:14:55","guid":{"rendered":"https:\/\/bbqentertainment.com\/?post_type=product&#038;p=252576"},"modified":"2026-01-11T14:53:00","modified_gmt":"2026-01-11T12:53:00","slug":"char-griller-vedruga-grilltangid-44-cm","status":"publish","type":"product","link":"https:\/\/bbqentertainment.com\/en\/toode\/char-griller-vedruga-grilltangid-44-cm\/","title":{"rendered":"Char-Griller grilltangid 44 cm"},"content":{"rendered":"","protected":false},"excerpt":{"rendered":"<h3 data-start=\"0\" data-end=\"39\"><strong>Char-Griller vedruga grilltangid 44 cm<\/strong><\/h3>\n<p class=\"\" data-start=\"47\" data-end=\"249\">Char-Griller vedruga grilltangid on loodud mugavaks ja kindlaks toiduk\u00e4sitsemiseks. T\u00e4nu vedrumehhanismile saad \u00fche k\u00e4ega h\u00f5lpsalt t\u00f5sta, p\u00f6\u00f6rata ja liigutada liha, k\u00f6\u00f6givilju ja muud grilltoitu.<\/p>\n<p class=\"\" data-start=\"251\" data-end=\"514\">Tugev roostevabast terasest konstruktsioon tagab vastupidavuse ka intensiivsel kasutamisel. Kummeeritud k\u00e4epide pakub kindlat libisemiskindlat haaret ja kaitseb kuumuse eest. Tangidel on ka lukustatav riputusaas, mis teeb hoiustamise lihtsaks ja ruumis\u00e4\u00e4stlikuks.<\/p>\n","protected":false},"featured_media":252589,"template":"","meta":{"inline_featured_image":false},"product_brand":[],"product_cat":[19,92,479],"product_tag":[],"class_list":{"0":"post-252576","1":"product","2":"type-product","3":"status-publish","4":"has-post-thumbnail","6":"product_cat-masterbuilt-ahjud","7":"product_cat-lisatarvikud","8":"product_cat-grillitarvikud","10":"first","11":"instock","12":"taxable","13":"shipping-taxable","14":"purchasable","15":"product-type-simple"},"yoast_head":"<!-- This site is optimized with the Yoast SEO plugin v27.4 - https:\/\/yoast.com\/product\/yoast-seo-wordpress\/ -->\n<title>Char-Griller grilltangid 44 cm - BBQ Entertainment<\/title>\n<meta name=\"robots\" content=\"index, follow, max-snippet:-1, max-image-preview:large, max-video-preview:-1\" \/>\n<link rel=\"canonical\" href=\"https:\/\/bbqentertainment.com\/toode\/char-griller-vedruga-grilltangid-44-cm\/\" \/>\n<meta property=\"og:locale\" content=\"en_US\" \/>\n<meta property=\"og:type\" content=\"article\" \/>\n<meta property=\"og:title\" content=\"Char-Griller grilltangid 44 cm - BBQ Entertainment\" \/>\n<meta property=\"og:description\" content=\"Char-Griller vedruga grilltangid 44 cm Char-Griller vedruga grilltangid on loodud mugavaks ja kindlaks toiduk\u00e4sitsemiseks. T\u00e4nu vedrumehhanismile saad \u00fche k\u00e4ega h\u00f5lpsalt t\u00f5sta, p\u00f6\u00f6rata ja liigutada liha, k\u00f6\u00f6givilju ja muud grilltoitu. Tugev roostevabast terasest konstruktsioon tagab vastupidavuse ka intensiivsel kasutamisel. Kummeeritud k\u00e4epide pakub kindlat libisemiskindlat haaret ja kaitseb kuumuse eest. Tangidel on ka lukustatav riputusaas, mis teeb hoiustamise lihtsaks ja ruumis\u00e4\u00e4stlikuks.\" \/>\n<meta property=\"og:url\" content=\"https:\/\/bbqentertainment.com\/toode\/char-griller-vedruga-grilltangid-44-cm\/\" \/>\n<meta property=\"og:site_name\" content=\"BBQ Entertainment\" \/>\n<meta property=\"article:publisher\" content=\"https:\/\/www.facebook.com\/BBQ-Entertainment-N-Catering-2437913376443540\" \/>\n<meta property=\"article:modified_time\" content=\"2026-01-11T12:53:00+00:00\" \/>\n<meta property=\"og:image\" content=\"https:\/\/bbqentertainment.com\/wp-content\/uploads\/2025\/05\/char-griller-char-griller-spring-loaded-tang-44-cm.jpg\" \/>\n\t<meta property=\"og:image:width\" content=\"2000\" \/>\n\t<meta property=\"og:image:height\" content=\"2000\" \/>\n\t<meta property=\"og:image:type\" content=\"image\/jpeg\" \/>\n<meta name=\"twitter:card\" content=\"summary_large_image\" \/>\n<meta name=\"twitter:label1\" content=\"Est. reading time\" \/>\n\t<meta name=\"twitter:data1\" content=\"1 minute\" \/>\n<script type=\"application\/ld+json\" class=\"yoast-schema-graph\">{\"@context\":\"https:\\\/\\\/schema.org\",\"@graph\":[{\"@type\":[\"WebPage\",\"ItemPage\"],\"@id\":\"https:\\\/\\\/bbqentertainment.com\\\/toode\\\/char-griller-vedruga-grilltangid-44-cm\\\/\",\"url\":\"https:\\\/\\\/bbqentertainment.com\\\/toode\\\/char-griller-vedruga-grilltangid-44-cm\\\/\",\"name\":\"Char-Griller grilltangid 44 cm - BBQ Entertainment\",\"isPartOf\":{\"@id\":\"https:\\\/\\\/bbqentertainment.com\\\/#website\"},\"primaryImageOfPage\":{\"@id\":\"https:\\\/\\\/bbqentertainment.com\\\/toode\\\/char-griller-vedruga-grilltangid-44-cm\\\/#primaryimage\"},\"image\":{\"@id\":\"https:\\\/\\\/bbqentertainment.com\\\/toode\\\/char-griller-vedruga-grilltangid-44-cm\\\/#primaryimage\"},\"thumbnailUrl\":\"https:\\\/\\\/bbqentertainment.com\\\/wp-content\\\/uploads\\\/2025\\\/05\\\/char-griller-char-griller-spring-loaded-tang-44-cm.jpg\",\"datePublished\":\"2025-05-11T15:14:55+00:00\",\"dateModified\":\"2026-01-11T12:53:00+00:00\",\"breadcrumb\":{\"@id\":\"https:\\\/\\\/bbqentertainment.com\\\/toode\\\/char-griller-vedruga-grilltangid-44-cm\\\/#breadcrumb\"},\"inLanguage\":\"en-US\",\"potentialAction\":[{\"@type\":\"ReadAction\",\"target\":[\"https:\\\/\\\/bbqentertainment.com\\\/toode\\\/char-griller-vedruga-grilltangid-44-cm\\\/\"]}]},{\"@type\":\"ImageObject\",\"inLanguage\":\"en-US\",\"@id\":\"https:\\\/\\\/bbqentertainment.com\\\/toode\\\/char-griller-vedruga-grilltangid-44-cm\\\/#primaryimage\",\"url\":\"https:\\\/\\\/bbqentertainment.com\\\/wp-content\\\/uploads\\\/2025\\\/05\\\/char-griller-char-griller-spring-loaded-tang-44-cm.jpg\",\"contentUrl\":\"https:\\\/\\\/bbqentertainment.com\\\/wp-content\\\/uploads\\\/2025\\\/05\\\/char-griller-char-griller-spring-loaded-tang-44-cm.jpg\",\"width\":2000,\"height\":2000},{\"@type\":\"BreadcrumbList\",\"@id\":\"https:\\\/\\\/bbqentertainment.com\\\/toode\\\/char-griller-vedruga-grilltangid-44-cm\\\/#breadcrumb\",\"itemListElement\":[{\"@type\":\"ListItem\",\"position\":1,\"name\":\"AVALEHT\",\"item\":\"https:\\\/\\\/bbqentertainment.com\\\/en\\\/\"},{\"@type\":\"ListItem\",\"position\":2,\"name\":\"Tooted\",\"item\":\"https:\\\/\\\/bbqentertainment.com\\\/tooted\\\/\"},{\"@type\":\"ListItem\",\"position\":3,\"name\":\"Grillid ja ahjud\",\"item\":\"https:\\\/\\\/bbqentertainment.com\\\/tootekategooria\\\/grillid-ja-ahjud\\\/\"},{\"@type\":\"ListItem\",\"position\":4,\"name\":\"Masterbuilt &amp; CharGriller\",\"item\":\"https:\\\/\\\/bbqentertainment.com\\\/tootekategooria\\\/grillid-ja-ahjud\\\/masterbuilt-ahjud\\\/\"},{\"@type\":\"ListItem\",\"position\":5,\"name\":\"Char-Griller grilltangid 44 cm\"}]},{\"@type\":\"WebSite\",\"@id\":\"https:\\\/\\\/bbqentertainment.com\\\/#website\",\"url\":\"https:\\\/\\\/bbqentertainment.com\\\/\",\"name\":\"BBQ Entertainment\",\"description\":\"BBQ is a great lifestyle, not just fun!\",\"publisher\":{\"@id\":\"https:\\\/\\\/bbqentertainment.com\\\/#organization\"},\"potentialAction\":[{\"@type\":\"SearchAction\",\"target\":{\"@type\":\"EntryPoint\",\"urlTemplate\":\"https:\\\/\\\/bbqentertainment.com\\\/?s={search_term_string}\"},\"query-input\":{\"@type\":\"PropertyValueSpecification\",\"valueRequired\":true,\"valueName\":\"search_term_string\"}}],\"inLanguage\":\"en-US\"},{\"@type\":\"Organization\",\"@id\":\"https:\\\/\\\/bbqentertainment.com\\\/#organization\",\"name\":\"BBQ Entertainment O\u00dc\",\"url\":\"https:\\\/\\\/bbqentertainment.com\\\/\",\"logo\":{\"@type\":\"ImageObject\",\"inLanguage\":\"en-US\",\"@id\":\"https:\\\/\\\/bbqentertainment.com\\\/#\\\/schema\\\/logo\\\/image\\\/\",\"url\":\"https:\\\/\\\/bbqentertainment.com\\\/wp-content\\\/uploads\\\/2020\\\/04\\\/BBQ-Entertainment-N-Catering-Enn-Tobreluts-Logo.png\",\"contentUrl\":\"https:\\\/\\\/bbqentertainment.com\\\/wp-content\\\/uploads\\\/2020\\\/04\\\/BBQ-Entertainment-N-Catering-Enn-Tobreluts-Logo.png\",\"width\":628,\"height\":266,\"caption\":\"BBQ Entertainment O\u00dc\"},\"image\":{\"@id\":\"https:\\\/\\\/bbqentertainment.com\\\/#\\\/schema\\\/logo\\\/image\\\/\"},\"sameAs\":[\"https:\\\/\\\/www.facebook.com\\\/BBQ-Entertainment-N-Catering-2437913376443540\",\"https:\\\/\\\/www.instagram.com\\\/bbqentertainmentncatering\\\/\",\"https:\\\/\\\/www.youtube.com\\\/channel\\\/UCmpuANQVhLy2Md8nrenp2jA\"]}]}<\/script>\n<!-- \/ Yoast SEO plugin. -->","yoast_head_json":{"title":"Char-Griller grilltangid 44 cm - BBQ Entertainment","robots":{"index":"index","follow":"follow","max-snippet":"max-snippet:-1","max-image-preview":"max-image-preview:large","max-video-preview":"max-video-preview:-1"},"canonical":"https:\/\/bbqentertainment.com\/toode\/char-griller-vedruga-grilltangid-44-cm\/","og_locale":"en_US","og_type":"article","og_title":"Char-Griller grilltangid 44 cm - BBQ Entertainment","og_description":"Char-Griller vedruga grilltangid 44 cm Char-Griller vedruga grilltangid on loodud mugavaks ja kindlaks toiduk\u00e4sitsemiseks. T\u00e4nu vedrumehhanismile saad \u00fche k\u00e4ega h\u00f5lpsalt t\u00f5sta, p\u00f6\u00f6rata ja liigutada liha, k\u00f6\u00f6givilju ja muud grilltoitu. Tugev roostevabast terasest konstruktsioon tagab vastupidavuse ka intensiivsel kasutamisel. Kummeeritud k\u00e4epide pakub kindlat libisemiskindlat haaret ja kaitseb kuumuse eest. Tangidel on ka lukustatav riputusaas, mis teeb hoiustamise lihtsaks ja ruumis\u00e4\u00e4stlikuks.","og_url":"https:\/\/bbqentertainment.com\/toode\/char-griller-vedruga-grilltangid-44-cm\/","og_site_name":"BBQ Entertainment","article_publisher":"https:\/\/www.facebook.com\/BBQ-Entertainment-N-Catering-2437913376443540","article_modified_time":"2026-01-11T12:53:00+00:00","og_image":[{"width":2000,"height":2000,"url":"https:\/\/bbqentertainment.com\/wp-content\/uploads\/2025\/05\/char-griller-char-griller-spring-loaded-tang-44-cm.jpg","type":"image\/jpeg"}],"twitter_card":"summary_large_image","twitter_misc":{"Est. reading time":"1 minute"},"schema":{"@context":"https:\/\/schema.org","@graph":[{"@type":["WebPage","ItemPage"],"@id":"https:\/\/bbqentertainment.com\/toode\/char-griller-vedruga-grilltangid-44-cm\/","url":"https:\/\/bbqentertainment.com\/toode\/char-griller-vedruga-grilltangid-44-cm\/","name":"Char-Griller grilltangid 44 cm - BBQ Entertainment","isPartOf":{"@id":"https:\/\/bbqentertainment.com\/#website"},"primaryImageOfPage":{"@id":"https:\/\/bbqentertainment.com\/toode\/char-griller-vedruga-grilltangid-44-cm\/#primaryimage"},"image":{"@id":"https:\/\/bbqentertainment.com\/toode\/char-griller-vedruga-grilltangid-44-cm\/#primaryimage"},"thumbnailUrl":"https:\/\/bbqentertainment.com\/wp-content\/uploads\/2025\/05\/char-griller-char-griller-spring-loaded-tang-44-cm.jpg","datePublished":"2025-05-11T15:14:55+00:00","dateModified":"2026-01-11T12:53:00+00:00","breadcrumb":{"@id":"https:\/\/bbqentertainment.com\/toode\/char-griller-vedruga-grilltangid-44-cm\/#breadcrumb"},"inLanguage":"en-US","potentialAction":[{"@type":"ReadAction","target":["https:\/\/bbqentertainment.com\/toode\/char-griller-vedruga-grilltangid-44-cm\/"]}]},{"@type":"ImageObject","inLanguage":"en-US","@id":"https:\/\/bbqentertainment.com\/toode\/char-griller-vedruga-grilltangid-44-cm\/#primaryimage","url":"https:\/\/bbqentertainment.com\/wp-content\/uploads\/2025\/05\/char-griller-char-griller-spring-loaded-tang-44-cm.jpg","contentUrl":"https:\/\/bbqentertainment.com\/wp-content\/uploads\/2025\/05\/char-griller-char-griller-spring-loaded-tang-44-cm.jpg","width":2000,"height":2000},{"@type":"BreadcrumbList","@id":"https:\/\/bbqentertainment.com\/toode\/char-griller-vedruga-grilltangid-44-cm\/#breadcrumb","itemListElement":[{"@type":"ListItem","position":1,"name":"AVALEHT","item":"https:\/\/bbqentertainment.com\/en\/"},{"@type":"ListItem","position":2,"name":"Tooted","item":"https:\/\/bbqentertainment.com\/tooted\/"},{"@type":"ListItem","position":3,"name":"Grillid ja ahjud","item":"https:\/\/bbqentertainment.com\/tootekategooria\/grillid-ja-ahjud\/"},{"@type":"ListItem","position":4,"name":"Masterbuilt &amp; CharGriller","item":"https:\/\/bbqentertainment.com\/tootekategooria\/grillid-ja-ahjud\/masterbuilt-ahjud\/"},{"@type":"ListItem","position":5,"name":"Char-Griller grilltangid 44 cm"}]},{"@type":"WebSite","@id":"https:\/\/bbqentertainment.com\/#website","url":"https:\/\/bbqentertainment.com\/","name":"BBQ Entertainment","description":"BBQ is a great lifestyle, not just fun!","publisher":{"@id":"https:\/\/bbqentertainment.com\/#organization"},"potentialAction":[{"@type":"SearchAction","target":{"@type":"EntryPoint","urlTemplate":"https:\/\/bbqentertainment.com\/?s={search_term_string}"},"query-input":{"@type":"PropertyValueSpecification","valueRequired":true,"valueName":"search_term_string"}}],"inLanguage":"en-US"},{"@type":"Organization","@id":"https:\/\/bbqentertainment.com\/#organization","name":"BBQ Entertainment O\u00dc","url":"https:\/\/bbqentertainment.com\/","logo":{"@type":"ImageObject","inLanguage":"en-US","@id":"https:\/\/bbqentertainment.com\/#\/schema\/logo\/image\/","url":"https:\/\/bbqentertainment.com\/wp-content\/uploads\/2020\/04\/BBQ-Entertainment-N-Catering-Enn-Tobreluts-Logo.png","contentUrl":"https:\/\/bbqentertainment.com\/wp-content\/uploads\/2020\/04\/BBQ-Entertainment-N-Catering-Enn-Tobreluts-Logo.png","width":628,"height":266,"caption":"BBQ Entertainment O\u00dc"},"image":{"@id":"https:\/\/bbqentertainment.com\/#\/schema\/logo\/image\/"},"sameAs":["https:\/\/www.facebook.com\/BBQ-Entertainment-N-Catering-2437913376443540","https:\/\/www.instagram.com\/bbqentertainmentncatering\/","https:\/\/www.youtube.com\/channel\/UCmpuANQVhLy2Md8nrenp2jA"]}]}},"_links":{"self":[{"href":"https:\/\/bbqentertainment.com\/en\/wp-json\/wp\/v2\/product\/252576","targetHints":{"allow":["GET"]}}],"collection":[{"href":"https:\/\/bbqentertainment.com\/en\/wp-json\/wp\/v2\/product"}],"about":[{"href":"https:\/\/bbqentertainment.com\/en\/wp-json\/wp\/v2\/types\/product"}],"wp:featuredmedia":[{"embeddable":true,"href":"https:\/\/bbqentertainment.com\/en\/wp-json\/wp\/v2\/media\/252589"}],"wp:attachment":[{"href":"https:\/\/bbqentertainment.com\/en\/wp-json\/wp\/v2\/media?parent=252576"}],"wp:term":[{"taxonomy":"product_brand","embeddable":true,"href":"https:\/\/bbqentertainment.com\/en\/wp-json\/wp\/v2\/product_brand?post=252576"},{"taxonomy":"product_cat","embeddable":true,"href":"https:\/\/bbqentertainment.com\/en\/wp-json\/wp\/v2\/product_cat?post=252576"},{"taxonomy":"product_tag","embeddable":true,"href":"https:\/\/bbqentertainment.com\/en\/wp-json\/wp\/v2\/product_tag?post=252576"}],"curies":[{"name":"wp","href":"https:\/\/api.w.org\/{rel}","templated":true}]}}