{"id":252591,"date":"2025-05-11T18:29:11","date_gmt":"2025-05-11T15:29:11","guid":{"rendered":"https:\/\/bbqentertainment.com\/?post_type=product&#038;p=252591"},"modified":"2026-03-08T02:31:49","modified_gmt":"2026-03-08T00:31:49","slug":"kamado-joe-nahast-kokapoll","status":"publish","type":"product","link":"https:\/\/bbqentertainment.com\/en\/toode\/kamado-joe-nahast-kokapoll\/","title":{"rendered":"Kamado Joe nahast kokap\u00f5ll"},"content":{"rendered":"","protected":false},"excerpt":{"rendered":"<h3><strong>Kamado Joe nahast kokap\u00f5ll<\/strong><\/h3>\n<p style=\"font-weight: 400\">Kamado Joe nahast p\u00f5ll on valmistatud k\u00e4sit\u00f6\u00f6na Hollandis, kasutades Itaalias toodetud t\u00e4isnahka, mis kohandub ajapikku kandja kehaga ja muutub aina pehmemaks.<\/p>\n<p style=\"font-weight: 400\" data-start=\"327\" data-end=\"894\"><strong data-start=\"327\" data-end=\"340\">Omadused:<\/strong><br data-start=\"340\" data-end=\"343\" \/>\u2022 T\u00e4isnahast &#8211; valmistatud pehmest, vastupidavast p\u00fchvlinahast<br data-start=\"433\" data-end=\"436\" data-is-only-node=\"\" \/>\u2022\u00a0K\u00e4sit\u00f6\u00f6\u00a0\u2013 valmistatud Hollandis, r\u00f5huga detailidel ja vastupidavusel<br data-start=\"510\" data-end=\"513\" \/>\u2022\u00a0Reguleeritav suurus\u00a0\u2013 tugevad nahkrihmad ja messingist pandlad v\u00f5imaldavad sobitada p\u00f5lle igale kehakujule<br data-start=\"625\" data-end=\"628\" \/>\u2022\u00a0M\u00f5\u00f5dud:\u00a082 \u00d7 60 cm<br data-start=\"652\" data-end=\"655\" \/>\u2022 Praktiline disain \u2013 k\u00fcljes teer\u00e4tiku aas\u00a0<br data-start=\"721\" data-end=\"724\" \/>\u2022\u00a0Kamado Joe disain\u00a0\u2013 rinnal punane logo, k\u00fcljel \u201cProud Flamekeeper\u201d silt<br data-start=\"801\" data-end=\"804\" \/>\u2022\u00a0Lihtne hooldada\u00a0\u2013 naturaalne mustuse- ja vetth\u00fclgav pind, puhastatav niiske lapiga<\/p>\n","protected":false},"featured_media":252594,"template":"","meta":{"inline_featured_image":false},"product_brand":[],"product_cat":[147,374],"product_tag":[],"class_list":{"0":"post-252591","1":"product","2":"type-product","3":"status-publish","4":"has-post-thumbnail","6":"product_cat-kamado-joe-2","7":"product_cat-kokapolled-ja-kindad","9":"first","10":"instock","11":"taxable","12":"shipping-taxable","13":"purchasable","14":"product-type-simple"},"yoast_head":"<!-- This site is optimized with the Yoast SEO plugin v27.2 - https:\/\/yoast.com\/product\/yoast-seo-wordpress\/ -->\n<title>Kamado Joe nahast kokap\u00f5ll - BBQ Entertainment<\/title>\n<meta name=\"description\" content=\"Kvaliteetne Kamado Joe nahast p\u00f5ll \u2013 t\u00e4isnahast, k\u00e4sit\u00f6\u00f6na valmistatud, reguleeritav ja vastupidav. Mugav ja stiilne valik igale grillis\u00f5brale.\" \/>\n<meta name=\"robots\" content=\"index, follow, max-snippet:-1, max-image-preview:large, max-video-preview:-1\" \/>\n<link rel=\"canonical\" href=\"https:\/\/bbqentertainment.com\/toode\/kamado-joe-nahast-kokapoll\/\" \/>\n<meta property=\"og:locale\" content=\"en_US\" \/>\n<meta property=\"og:type\" content=\"article\" \/>\n<meta property=\"og:title\" content=\"Kamado Joe nahast kokap\u00f5ll - BBQ Entertainment\" \/>\n<meta property=\"og:description\" content=\"Kvaliteetne Kamado Joe nahast p\u00f5ll \u2013 t\u00e4isnahast, k\u00e4sit\u00f6\u00f6na valmistatud, reguleeritav ja vastupidav. Mugav ja stiilne valik igale grillis\u00f5brale.\" \/>\n<meta property=\"og:url\" content=\"https:\/\/bbqentertainment.com\/toode\/kamado-joe-nahast-kokapoll\/\" \/>\n<meta property=\"og:site_name\" content=\"BBQ Entertainment\" \/>\n<meta property=\"article:publisher\" content=\"https:\/\/www.facebook.com\/BBQ-Entertainment-N-Catering-2437913376443540\" \/>\n<meta property=\"article:modified_time\" content=\"2026-03-08T00:31:49+00:00\" \/>\n<meta property=\"og:image\" content=\"https:\/\/bbqentertainment.com\/wp-content\/uploads\/2025\/05\/Kamado-Joe-KJ15275224-Leather-Apron.png\" \/>\n\t<meta property=\"og:image:width\" content=\"800\" \/>\n\t<meta property=\"og:image:height\" content=\"800\" \/>\n\t<meta property=\"og:image:type\" content=\"image\/png\" \/>\n<meta name=\"twitter:card\" content=\"summary_large_image\" \/>\n<meta name=\"twitter:label1\" content=\"Est. reading time\" \/>\n\t<meta name=\"twitter:data1\" content=\"1 minute\" \/>\n<script type=\"application\/ld+json\" class=\"yoast-schema-graph\">{\"@context\":\"https:\/\/schema.org\",\"@graph\":[{\"@type\":[\"WebPage\",\"ItemPage\"],\"@id\":\"https:\/\/bbqentertainment.com\/toode\/kamado-joe-nahast-kokapoll\/\",\"url\":\"https:\/\/bbqentertainment.com\/toode\/kamado-joe-nahast-kokapoll\/\",\"name\":\"Kamado Joe nahast kokap\u00f5ll - BBQ Entertainment\",\"isPartOf\":{\"@id\":\"https:\/\/bbqentertainment.com\/#website\"},\"primaryImageOfPage\":{\"@id\":\"https:\/\/bbqentertainment.com\/toode\/kamado-joe-nahast-kokapoll\/#primaryimage\"},\"image\":{\"@id\":\"https:\/\/bbqentertainment.com\/toode\/kamado-joe-nahast-kokapoll\/#primaryimage\"},\"thumbnailUrl\":\"https:\/\/bbqentertainment.com\/wp-content\/uploads\/2025\/05\/Kamado-Joe-KJ15275224-Leather-Apron.png\",\"datePublished\":\"2025-05-11T15:29:11+00:00\",\"dateModified\":\"2026-03-08T00:31:49+00:00\",\"description\":\"Kvaliteetne Kamado Joe nahast p\u00f5ll \u2013 t\u00e4isnahast, k\u00e4sit\u00f6\u00f6na valmistatud, reguleeritav ja vastupidav. Mugav ja stiilne valik igale grillis\u00f5brale.\",\"breadcrumb\":{\"@id\":\"https:\/\/bbqentertainment.com\/toode\/kamado-joe-nahast-kokapoll\/#breadcrumb\"},\"inLanguage\":\"en-US\",\"potentialAction\":[{\"@type\":\"ReadAction\",\"target\":[\"https:\/\/bbqentertainment.com\/toode\/kamado-joe-nahast-kokapoll\/\"]}]},{\"@type\":\"ImageObject\",\"inLanguage\":\"en-US\",\"@id\":\"https:\/\/bbqentertainment.com\/toode\/kamado-joe-nahast-kokapoll\/#primaryimage\",\"url\":\"https:\/\/bbqentertainment.com\/wp-content\/uploads\/2025\/05\/Kamado-Joe-KJ15275224-Leather-Apron.png\",\"contentUrl\":\"https:\/\/bbqentertainment.com\/wp-content\/uploads\/2025\/05\/Kamado-Joe-KJ15275224-Leather-Apron.png\",\"width\":800,\"height\":800},{\"@type\":\"BreadcrumbList\",\"@id\":\"https:\/\/bbqentertainment.com\/toode\/kamado-joe-nahast-kokapoll\/#breadcrumb\",\"itemListElement\":[{\"@type\":\"ListItem\",\"position\":1,\"name\":\"AVALEHT\",\"item\":\"https:\/\/bbqentertainment.com\/en\/\"},{\"@type\":\"ListItem\",\"position\":2,\"name\":\"Tooted\",\"item\":\"https:\/\/bbqentertainment.com\/tooted\/\"},{\"@type\":\"ListItem\",\"position\":3,\"name\":\"KOKAP\u00d5LLED JA -KINDAD\",\"item\":\"https:\/\/bbqentertainment.com\/tootekategooria\/kokapolled-ja-kindad\/\"},{\"@type\":\"ListItem\",\"position\":4,\"name\":\"Kamado Joe nahast kokap\u00f5ll\"}]},{\"@type\":\"WebSite\",\"@id\":\"https:\/\/bbqentertainment.com\/#website\",\"url\":\"https:\/\/bbqentertainment.com\/\",\"name\":\"BBQ Entertainment\",\"description\":\"BBQ is a great lifestyle, not just fun!\",\"publisher\":{\"@id\":\"https:\/\/bbqentertainment.com\/#organization\"},\"potentialAction\":[{\"@type\":\"SearchAction\",\"target\":{\"@type\":\"EntryPoint\",\"urlTemplate\":\"https:\/\/bbqentertainment.com\/?s={search_term_string}\"},\"query-input\":{\"@type\":\"PropertyValueSpecification\",\"valueRequired\":true,\"valueName\":\"search_term_string\"}}],\"inLanguage\":\"en-US\"},{\"@type\":\"Organization\",\"@id\":\"https:\/\/bbqentertainment.com\/#organization\",\"name\":\"BBQ Entertainment O\u00dc\",\"url\":\"https:\/\/bbqentertainment.com\/\",\"logo\":{\"@type\":\"ImageObject\",\"inLanguage\":\"en-US\",\"@id\":\"https:\/\/bbqentertainment.com\/#\/schema\/logo\/image\/\",\"url\":\"https:\/\/bbqentertainment.com\/wp-content\/uploads\/2020\/04\/BBQ-Entertainment-N-Catering-Enn-Tobreluts-Logo.png\",\"contentUrl\":\"https:\/\/bbqentertainment.com\/wp-content\/uploads\/2020\/04\/BBQ-Entertainment-N-Catering-Enn-Tobreluts-Logo.png\",\"width\":628,\"height\":266,\"caption\":\"BBQ Entertainment O\u00dc\"},\"image\":{\"@id\":\"https:\/\/bbqentertainment.com\/#\/schema\/logo\/image\/\"},\"sameAs\":[\"https:\/\/www.facebook.com\/BBQ-Entertainment-N-Catering-2437913376443540\",\"https:\/\/www.instagram.com\/bbqentertainmentncatering\/\",\"https:\/\/www.youtube.com\/channel\/UCmpuANQVhLy2Md8nrenp2jA\"]}]}<\/script>\n<!-- \/ Yoast SEO plugin. -->","yoast_head_json":{"title":"Kamado Joe nahast kokap\u00f5ll - BBQ Entertainment","description":"Kvaliteetne Kamado Joe nahast p\u00f5ll \u2013 t\u00e4isnahast, k\u00e4sit\u00f6\u00f6na valmistatud, reguleeritav ja vastupidav. Mugav ja stiilne valik igale grillis\u00f5brale.","robots":{"index":"index","follow":"follow","max-snippet":"max-snippet:-1","max-image-preview":"max-image-preview:large","max-video-preview":"max-video-preview:-1"},"canonical":"https:\/\/bbqentertainment.com\/toode\/kamado-joe-nahast-kokapoll\/","og_locale":"en_US","og_type":"article","og_title":"Kamado Joe nahast kokap\u00f5ll - BBQ Entertainment","og_description":"Kvaliteetne Kamado Joe nahast p\u00f5ll \u2013 t\u00e4isnahast, k\u00e4sit\u00f6\u00f6na valmistatud, reguleeritav ja vastupidav. Mugav ja stiilne valik igale grillis\u00f5brale.","og_url":"https:\/\/bbqentertainment.com\/toode\/kamado-joe-nahast-kokapoll\/","og_site_name":"BBQ Entertainment","article_publisher":"https:\/\/www.facebook.com\/BBQ-Entertainment-N-Catering-2437913376443540","article_modified_time":"2026-03-08T00:31:49+00:00","og_image":[{"width":800,"height":800,"url":"https:\/\/bbqentertainment.com\/wp-content\/uploads\/2025\/05\/Kamado-Joe-KJ15275224-Leather-Apron.png","type":"image\/png"}],"twitter_card":"summary_large_image","twitter_misc":{"Est. reading time":"1 minute"},"schema":{"@context":"https:\/\/schema.org","@graph":[{"@type":["WebPage","ItemPage"],"@id":"https:\/\/bbqentertainment.com\/toode\/kamado-joe-nahast-kokapoll\/","url":"https:\/\/bbqentertainment.com\/toode\/kamado-joe-nahast-kokapoll\/","name":"Kamado Joe nahast kokap\u00f5ll - BBQ Entertainment","isPartOf":{"@id":"https:\/\/bbqentertainment.com\/#website"},"primaryImageOfPage":{"@id":"https:\/\/bbqentertainment.com\/toode\/kamado-joe-nahast-kokapoll\/#primaryimage"},"image":{"@id":"https:\/\/bbqentertainment.com\/toode\/kamado-joe-nahast-kokapoll\/#primaryimage"},"thumbnailUrl":"https:\/\/bbqentertainment.com\/wp-content\/uploads\/2025\/05\/Kamado-Joe-KJ15275224-Leather-Apron.png","datePublished":"2025-05-11T15:29:11+00:00","dateModified":"2026-03-08T00:31:49+00:00","description":"Kvaliteetne Kamado Joe nahast p\u00f5ll \u2013 t\u00e4isnahast, k\u00e4sit\u00f6\u00f6na valmistatud, reguleeritav ja vastupidav. Mugav ja stiilne valik igale grillis\u00f5brale.","breadcrumb":{"@id":"https:\/\/bbqentertainment.com\/toode\/kamado-joe-nahast-kokapoll\/#breadcrumb"},"inLanguage":"en-US","potentialAction":[{"@type":"ReadAction","target":["https:\/\/bbqentertainment.com\/toode\/kamado-joe-nahast-kokapoll\/"]}]},{"@type":"ImageObject","inLanguage":"en-US","@id":"https:\/\/bbqentertainment.com\/toode\/kamado-joe-nahast-kokapoll\/#primaryimage","url":"https:\/\/bbqentertainment.com\/wp-content\/uploads\/2025\/05\/Kamado-Joe-KJ15275224-Leather-Apron.png","contentUrl":"https:\/\/bbqentertainment.com\/wp-content\/uploads\/2025\/05\/Kamado-Joe-KJ15275224-Leather-Apron.png","width":800,"height":800},{"@type":"BreadcrumbList","@id":"https:\/\/bbqentertainment.com\/toode\/kamado-joe-nahast-kokapoll\/#breadcrumb","itemListElement":[{"@type":"ListItem","position":1,"name":"AVALEHT","item":"https:\/\/bbqentertainment.com\/en\/"},{"@type":"ListItem","position":2,"name":"Tooted","item":"https:\/\/bbqentertainment.com\/tooted\/"},{"@type":"ListItem","position":3,"name":"KOKAP\u00d5LLED JA -KINDAD","item":"https:\/\/bbqentertainment.com\/tootekategooria\/kokapolled-ja-kindad\/"},{"@type":"ListItem","position":4,"name":"Kamado Joe nahast kokap\u00f5ll"}]},{"@type":"WebSite","@id":"https:\/\/bbqentertainment.com\/#website","url":"https:\/\/bbqentertainment.com\/","name":"BBQ Entertainment","description":"BBQ is a great lifestyle, not just fun!","publisher":{"@id":"https:\/\/bbqentertainment.com\/#organization"},"potentialAction":[{"@type":"SearchAction","target":{"@type":"EntryPoint","urlTemplate":"https:\/\/bbqentertainment.com\/?s={search_term_string}"},"query-input":{"@type":"PropertyValueSpecification","valueRequired":true,"valueName":"search_term_string"}}],"inLanguage":"en-US"},{"@type":"Organization","@id":"https:\/\/bbqentertainment.com\/#organization","name":"BBQ Entertainment O\u00dc","url":"https:\/\/bbqentertainment.com\/","logo":{"@type":"ImageObject","inLanguage":"en-US","@id":"https:\/\/bbqentertainment.com\/#\/schema\/logo\/image\/","url":"https:\/\/bbqentertainment.com\/wp-content\/uploads\/2020\/04\/BBQ-Entertainment-N-Catering-Enn-Tobreluts-Logo.png","contentUrl":"https:\/\/bbqentertainment.com\/wp-content\/uploads\/2020\/04\/BBQ-Entertainment-N-Catering-Enn-Tobreluts-Logo.png","width":628,"height":266,"caption":"BBQ Entertainment O\u00dc"},"image":{"@id":"https:\/\/bbqentertainment.com\/#\/schema\/logo\/image\/"},"sameAs":["https:\/\/www.facebook.com\/BBQ-Entertainment-N-Catering-2437913376443540","https:\/\/www.instagram.com\/bbqentertainmentncatering\/","https:\/\/www.youtube.com\/channel\/UCmpuANQVhLy2Md8nrenp2jA"]}]}},"_links":{"self":[{"href":"https:\/\/bbqentertainment.com\/en\/wp-json\/wp\/v2\/product\/252591","targetHints":{"allow":["GET"]}}],"collection":[{"href":"https:\/\/bbqentertainment.com\/en\/wp-json\/wp\/v2\/product"}],"about":[{"href":"https:\/\/bbqentertainment.com\/en\/wp-json\/wp\/v2\/types\/product"}],"wp:featuredmedia":[{"embeddable":true,"href":"https:\/\/bbqentertainment.com\/en\/wp-json\/wp\/v2\/media\/252594"}],"wp:attachment":[{"href":"https:\/\/bbqentertainment.com\/en\/wp-json\/wp\/v2\/media?parent=252591"}],"wp:term":[{"taxonomy":"product_brand","embeddable":true,"href":"https:\/\/bbqentertainment.com\/en\/wp-json\/wp\/v2\/product_brand?post=252591"},{"taxonomy":"product_cat","embeddable":true,"href":"https:\/\/bbqentertainment.com\/en\/wp-json\/wp\/v2\/product_cat?post=252591"},{"taxonomy":"product_tag","embeddable":true,"href":"https:\/\/bbqentertainment.com\/en\/wp-json\/wp\/v2\/product_tag?post=252591"}],"curies":[{"name":"wp","href":"https:\/\/api.w.org\/{rel}","templated":true}]}}