{"id":252603,"date":"2025-05-11T18:50:12","date_gmt":"2025-05-11T15:50:12","guid":{"rendered":"https:\/\/bbqentertainment.com\/?post_type=product&#038;p=252603"},"modified":"2026-01-11T14:34:13","modified_gmt":"2026-01-11T12:34:13","slug":"masterbuilt-grillsusi-72kg","status":"publish","type":"product","link":"https:\/\/bbqentertainment.com\/en\/toode\/masterbuilt-grillsusi-72kg\/","title":{"rendered":"Masterbuilt premium klassi lehtpuu grills\u00fcsi 7,2kg"},"content":{"rendered":"","protected":false},"excerpt":{"rendered":"<h3><strong>Masterbuilt premium klassi lehtpuu grills\u00fcsi 7,2kg<\/strong><\/h3>\n<p style=\"font-weight: 400;\">Masterbuilt premium klassi lehtpuus\u00fcsion 100% naturaalsest lehtpuust valmistatud k\u00f5rgekvaliteediline s\u00fcsi, mis tagab puhta p\u00f5lemise ja tugeva kuumuse. S\u00fcsi sobib igaks k\u00fcpsetustemperatuuriks ja k\u00f5ikidele toidut\u00fc\u00fcpidele \u2013 madalal ja aeglaselt suitsutamiseks v\u00f5i k\u00f5rgel kuumusel grillimiseks. P\u00f5leb \u00fchtlaselt, annab puhta maitse ja tagab maksimaalse j\u00f5udluse.<\/p>\n","protected":false},"featured_media":252612,"template":"","meta":{"inline_featured_image":false},"product_brand":[],"product_cat":[19,27,439,103],"product_tag":[],"class_list":{"0":"post-252603","1":"product","2":"type-product","3":"status-publish","4":"has-post-thumbnail","6":"product_cat-masterbuilt-ahjud","7":"product_cat-grillsusi","8":"product_cat-eksootilised-grillsoed","9":"product_cat-kamado-joe-big-block-grillsusi","11":"first","12":"instock","13":"sale","14":"taxable","15":"shipping-taxable","16":"purchasable","17":"product-type-simple"},"yoast_head":"<!-- This site is optimized with the Yoast SEO plugin v27.2 - https:\/\/yoast.com\/product\/yoast-seo-wordpress\/ -->\n<title>Masterbuilt premium klassi lehtpuu grills\u00fcsi 7,2kg - BBQ Entertainment<\/title>\n<meta name=\"description\" content=\"100% looduslik lehtpuus\u00fcsi Masterbuiltilt. Sobib k\u00f5ikidele s\u00f6egrillidele, puhas p\u00f5lemine ja ideaalne maitse igal temperatuuril. Kott 7,2 kg.\" \/>\n<meta name=\"robots\" content=\"index, follow, max-snippet:-1, max-image-preview:large, max-video-preview:-1\" \/>\n<link rel=\"canonical\" href=\"https:\/\/bbqentertainment.com\/toode\/masterbuilt-grillsusi-72kg\/\" \/>\n<meta property=\"og:locale\" content=\"en_US\" \/>\n<meta property=\"og:type\" content=\"article\" \/>\n<meta property=\"og:title\" content=\"Masterbuilt premium klassi lehtpuu grills\u00fcsi 7,2kg - BBQ Entertainment\" \/>\n<meta property=\"og:description\" content=\"100% looduslik lehtpuus\u00fcsi Masterbuiltilt. Sobib k\u00f5ikidele s\u00f6egrillidele, puhas p\u00f5lemine ja ideaalne maitse igal temperatuuril. Kott 7,2 kg.\" \/>\n<meta property=\"og:url\" content=\"https:\/\/bbqentertainment.com\/toode\/masterbuilt-grillsusi-72kg\/\" \/>\n<meta property=\"og:site_name\" content=\"BBQ Entertainment\" \/>\n<meta property=\"article:publisher\" content=\"https:\/\/www.facebook.com\/BBQ-Entertainment-N-Catering-2437913376443540\" \/>\n<meta property=\"article:modified_time\" content=\"2026-01-11T12:34:13+00:00\" \/>\n<meta property=\"og:image\" content=\"https:\/\/bbqentertainment.com\/wp-content\/uploads\/2025\/05\/MB20091621-charcoal-2-bag_201217-SPS.jpg.webp\" \/>\n\t<meta property=\"og:image:width\" content=\"400\" \/>\n\t<meta property=\"og:image:height\" content=\"400\" \/>\n\t<meta property=\"og:image:type\" content=\"image\/webp\" \/>\n<meta name=\"twitter:card\" content=\"summary_large_image\" \/>\n<meta name=\"twitter:label1\" content=\"Est. reading time\" \/>\n\t<meta name=\"twitter:data1\" content=\"1 minute\" \/>\n<script type=\"application\/ld+json\" class=\"yoast-schema-graph\">{\"@context\":\"https:\/\/schema.org\",\"@graph\":[{\"@type\":[\"WebPage\",\"ItemPage\"],\"@id\":\"https:\/\/bbqentertainment.com\/toode\/masterbuilt-grillsusi-72kg\/\",\"url\":\"https:\/\/bbqentertainment.com\/toode\/masterbuilt-grillsusi-72kg\/\",\"name\":\"Masterbuilt premium klassi lehtpuu grills\u00fcsi 7,2kg - BBQ Entertainment\",\"isPartOf\":{\"@id\":\"https:\/\/bbqentertainment.com\/#website\"},\"primaryImageOfPage\":{\"@id\":\"https:\/\/bbqentertainment.com\/toode\/masterbuilt-grillsusi-72kg\/#primaryimage\"},\"image\":{\"@id\":\"https:\/\/bbqentertainment.com\/toode\/masterbuilt-grillsusi-72kg\/#primaryimage\"},\"thumbnailUrl\":\"https:\/\/bbqentertainment.com\/wp-content\/uploads\/2025\/05\/MB20091621-charcoal-2-bag_201217-SPS.jpg.webp\",\"datePublished\":\"2025-05-11T15:50:12+00:00\",\"dateModified\":\"2026-01-11T12:34:13+00:00\",\"description\":\"100% looduslik lehtpuus\u00fcsi Masterbuiltilt. Sobib k\u00f5ikidele s\u00f6egrillidele, puhas p\u00f5lemine ja ideaalne maitse igal temperatuuril. Kott 7,2 kg.\",\"breadcrumb\":{\"@id\":\"https:\/\/bbqentertainment.com\/toode\/masterbuilt-grillsusi-72kg\/#breadcrumb\"},\"inLanguage\":\"en-US\",\"potentialAction\":[{\"@type\":\"ReadAction\",\"target\":[\"https:\/\/bbqentertainment.com\/toode\/masterbuilt-grillsusi-72kg\/\"]}]},{\"@type\":\"ImageObject\",\"inLanguage\":\"en-US\",\"@id\":\"https:\/\/bbqentertainment.com\/toode\/masterbuilt-grillsusi-72kg\/#primaryimage\",\"url\":\"https:\/\/bbqentertainment.com\/wp-content\/uploads\/2025\/05\/MB20091621-charcoal-2-bag_201217-SPS.jpg.webp\",\"contentUrl\":\"https:\/\/bbqentertainment.com\/wp-content\/uploads\/2025\/05\/MB20091621-charcoal-2-bag_201217-SPS.jpg.webp\",\"width\":400,\"height\":400},{\"@type\":\"BreadcrumbList\",\"@id\":\"https:\/\/bbqentertainment.com\/toode\/masterbuilt-grillsusi-72kg\/#breadcrumb\",\"itemListElement\":[{\"@type\":\"ListItem\",\"position\":1,\"name\":\"AVALEHT\",\"item\":\"https:\/\/bbqentertainment.com\/en\/\"},{\"@type\":\"ListItem\",\"position\":2,\"name\":\"Tooted\",\"item\":\"https:\/\/bbqentertainment.com\/tooted\/\"},{\"@type\":\"ListItem\",\"position\":3,\"name\":\"K\u00fcte\",\"item\":\"https:\/\/bbqentertainment.com\/tootekategooria\/grillsusi\/\"},{\"@type\":\"ListItem\",\"position\":4,\"name\":\"Masterbuilt premium klassi lehtpuu grills\u00fcsi 7,2kg\"}]},{\"@type\":\"WebSite\",\"@id\":\"https:\/\/bbqentertainment.com\/#website\",\"url\":\"https:\/\/bbqentertainment.com\/\",\"name\":\"BBQ Entertainment\",\"description\":\"BBQ is a great lifestyle, not just fun!\",\"publisher\":{\"@id\":\"https:\/\/bbqentertainment.com\/#organization\"},\"potentialAction\":[{\"@type\":\"SearchAction\",\"target\":{\"@type\":\"EntryPoint\",\"urlTemplate\":\"https:\/\/bbqentertainment.com\/?s={search_term_string}\"},\"query-input\":{\"@type\":\"PropertyValueSpecification\",\"valueRequired\":true,\"valueName\":\"search_term_string\"}}],\"inLanguage\":\"en-US\"},{\"@type\":\"Organization\",\"@id\":\"https:\/\/bbqentertainment.com\/#organization\",\"name\":\"BBQ Entertainment O\u00dc\",\"url\":\"https:\/\/bbqentertainment.com\/\",\"logo\":{\"@type\":\"ImageObject\",\"inLanguage\":\"en-US\",\"@id\":\"https:\/\/bbqentertainment.com\/#\/schema\/logo\/image\/\",\"url\":\"https:\/\/bbqentertainment.com\/wp-content\/uploads\/2020\/04\/BBQ-Entertainment-N-Catering-Enn-Tobreluts-Logo.png\",\"contentUrl\":\"https:\/\/bbqentertainment.com\/wp-content\/uploads\/2020\/04\/BBQ-Entertainment-N-Catering-Enn-Tobreluts-Logo.png\",\"width\":628,\"height\":266,\"caption\":\"BBQ Entertainment O\u00dc\"},\"image\":{\"@id\":\"https:\/\/bbqentertainment.com\/#\/schema\/logo\/image\/\"},\"sameAs\":[\"https:\/\/www.facebook.com\/BBQ-Entertainment-N-Catering-2437913376443540\",\"https:\/\/www.instagram.com\/bbqentertainmentncatering\/\",\"https:\/\/www.youtube.com\/channel\/UCmpuANQVhLy2Md8nrenp2jA\"]}]}<\/script>\n<!-- \/ Yoast SEO plugin. -->","yoast_head_json":{"title":"Masterbuilt premium klassi lehtpuu grills\u00fcsi 7,2kg - BBQ Entertainment","description":"100% looduslik lehtpuus\u00fcsi Masterbuiltilt. Sobib k\u00f5ikidele s\u00f6egrillidele, puhas p\u00f5lemine ja ideaalne maitse igal temperatuuril. Kott 7,2 kg.","robots":{"index":"index","follow":"follow","max-snippet":"max-snippet:-1","max-image-preview":"max-image-preview:large","max-video-preview":"max-video-preview:-1"},"canonical":"https:\/\/bbqentertainment.com\/toode\/masterbuilt-grillsusi-72kg\/","og_locale":"en_US","og_type":"article","og_title":"Masterbuilt premium klassi lehtpuu grills\u00fcsi 7,2kg - BBQ Entertainment","og_description":"100% looduslik lehtpuus\u00fcsi Masterbuiltilt. Sobib k\u00f5ikidele s\u00f6egrillidele, puhas p\u00f5lemine ja ideaalne maitse igal temperatuuril. Kott 7,2 kg.","og_url":"https:\/\/bbqentertainment.com\/toode\/masterbuilt-grillsusi-72kg\/","og_site_name":"BBQ Entertainment","article_publisher":"https:\/\/www.facebook.com\/BBQ-Entertainment-N-Catering-2437913376443540","article_modified_time":"2026-01-11T12:34:13+00:00","og_image":[{"width":400,"height":400,"url":"https:\/\/bbqentertainment.com\/wp-content\/uploads\/2025\/05\/MB20091621-charcoal-2-bag_201217-SPS.jpg.webp","type":"image\/webp"}],"twitter_card":"summary_large_image","twitter_misc":{"Est. reading time":"1 minute"},"schema":{"@context":"https:\/\/schema.org","@graph":[{"@type":["WebPage","ItemPage"],"@id":"https:\/\/bbqentertainment.com\/toode\/masterbuilt-grillsusi-72kg\/","url":"https:\/\/bbqentertainment.com\/toode\/masterbuilt-grillsusi-72kg\/","name":"Masterbuilt premium klassi lehtpuu grills\u00fcsi 7,2kg - BBQ Entertainment","isPartOf":{"@id":"https:\/\/bbqentertainment.com\/#website"},"primaryImageOfPage":{"@id":"https:\/\/bbqentertainment.com\/toode\/masterbuilt-grillsusi-72kg\/#primaryimage"},"image":{"@id":"https:\/\/bbqentertainment.com\/toode\/masterbuilt-grillsusi-72kg\/#primaryimage"},"thumbnailUrl":"https:\/\/bbqentertainment.com\/wp-content\/uploads\/2025\/05\/MB20091621-charcoal-2-bag_201217-SPS.jpg.webp","datePublished":"2025-05-11T15:50:12+00:00","dateModified":"2026-01-11T12:34:13+00:00","description":"100% looduslik lehtpuus\u00fcsi Masterbuiltilt. Sobib k\u00f5ikidele s\u00f6egrillidele, puhas p\u00f5lemine ja ideaalne maitse igal temperatuuril. Kott 7,2 kg.","breadcrumb":{"@id":"https:\/\/bbqentertainment.com\/toode\/masterbuilt-grillsusi-72kg\/#breadcrumb"},"inLanguage":"en-US","potentialAction":[{"@type":"ReadAction","target":["https:\/\/bbqentertainment.com\/toode\/masterbuilt-grillsusi-72kg\/"]}]},{"@type":"ImageObject","inLanguage":"en-US","@id":"https:\/\/bbqentertainment.com\/toode\/masterbuilt-grillsusi-72kg\/#primaryimage","url":"https:\/\/bbqentertainment.com\/wp-content\/uploads\/2025\/05\/MB20091621-charcoal-2-bag_201217-SPS.jpg.webp","contentUrl":"https:\/\/bbqentertainment.com\/wp-content\/uploads\/2025\/05\/MB20091621-charcoal-2-bag_201217-SPS.jpg.webp","width":400,"height":400},{"@type":"BreadcrumbList","@id":"https:\/\/bbqentertainment.com\/toode\/masterbuilt-grillsusi-72kg\/#breadcrumb","itemListElement":[{"@type":"ListItem","position":1,"name":"AVALEHT","item":"https:\/\/bbqentertainment.com\/en\/"},{"@type":"ListItem","position":2,"name":"Tooted","item":"https:\/\/bbqentertainment.com\/tooted\/"},{"@type":"ListItem","position":3,"name":"K\u00fcte","item":"https:\/\/bbqentertainment.com\/tootekategooria\/grillsusi\/"},{"@type":"ListItem","position":4,"name":"Masterbuilt premium klassi lehtpuu grills\u00fcsi 7,2kg"}]},{"@type":"WebSite","@id":"https:\/\/bbqentertainment.com\/#website","url":"https:\/\/bbqentertainment.com\/","name":"BBQ Entertainment","description":"BBQ is a great lifestyle, not just fun!","publisher":{"@id":"https:\/\/bbqentertainment.com\/#organization"},"potentialAction":[{"@type":"SearchAction","target":{"@type":"EntryPoint","urlTemplate":"https:\/\/bbqentertainment.com\/?s={search_term_string}"},"query-input":{"@type":"PropertyValueSpecification","valueRequired":true,"valueName":"search_term_string"}}],"inLanguage":"en-US"},{"@type":"Organization","@id":"https:\/\/bbqentertainment.com\/#organization","name":"BBQ Entertainment O\u00dc","url":"https:\/\/bbqentertainment.com\/","logo":{"@type":"ImageObject","inLanguage":"en-US","@id":"https:\/\/bbqentertainment.com\/#\/schema\/logo\/image\/","url":"https:\/\/bbqentertainment.com\/wp-content\/uploads\/2020\/04\/BBQ-Entertainment-N-Catering-Enn-Tobreluts-Logo.png","contentUrl":"https:\/\/bbqentertainment.com\/wp-content\/uploads\/2020\/04\/BBQ-Entertainment-N-Catering-Enn-Tobreluts-Logo.png","width":628,"height":266,"caption":"BBQ Entertainment O\u00dc"},"image":{"@id":"https:\/\/bbqentertainment.com\/#\/schema\/logo\/image\/"},"sameAs":["https:\/\/www.facebook.com\/BBQ-Entertainment-N-Catering-2437913376443540","https:\/\/www.instagram.com\/bbqentertainmentncatering\/","https:\/\/www.youtube.com\/channel\/UCmpuANQVhLy2Md8nrenp2jA"]}]}},"_links":{"self":[{"href":"https:\/\/bbqentertainment.com\/en\/wp-json\/wp\/v2\/product\/252603","targetHints":{"allow":["GET"]}}],"collection":[{"href":"https:\/\/bbqentertainment.com\/en\/wp-json\/wp\/v2\/product"}],"about":[{"href":"https:\/\/bbqentertainment.com\/en\/wp-json\/wp\/v2\/types\/product"}],"wp:featuredmedia":[{"embeddable":true,"href":"https:\/\/bbqentertainment.com\/en\/wp-json\/wp\/v2\/media\/252612"}],"wp:attachment":[{"href":"https:\/\/bbqentertainment.com\/en\/wp-json\/wp\/v2\/media?parent=252603"}],"wp:term":[{"taxonomy":"product_brand","embeddable":true,"href":"https:\/\/bbqentertainment.com\/en\/wp-json\/wp\/v2\/product_brand?post=252603"},{"taxonomy":"product_cat","embeddable":true,"href":"https:\/\/bbqentertainment.com\/en\/wp-json\/wp\/v2\/product_cat?post=252603"},{"taxonomy":"product_tag","embeddable":true,"href":"https:\/\/bbqentertainment.com\/en\/wp-json\/wp\/v2\/product_tag?post=252603"}],"curies":[{"name":"wp","href":"https:\/\/api.w.org\/{rel}","templated":true}]}}