{"id":252629,"date":"2025-05-11T19:25:34","date_gmt":"2025-05-11T16:25:34","guid":{"rendered":"https:\/\/bbqentertainment.com\/?post_type=product&#038;p=252629"},"modified":"2025-07-25T13:45:22","modified_gmt":"2025-07-25T10:45:22","slug":"ninja-air-fryer-max-pro-62l-kuumaohufrituur-must","status":"publish","type":"product","link":"https:\/\/bbqentertainment.com\/en\/toode\/ninja-air-fryer-max-pro-62l-kuumaohufrituur-must\/","title":{"rendered":"Ninja Air Fryer MAX PRO 6,2L kuuma\u00f5hufrit\u00fc\u00fcr, must"},"content":{"rendered":"<h3><strong data-start=\"125\" data-end=\"147\">Ninja kaubam\u00e4rk<\/strong><\/h3>\n<p>Ninja on tuntud Ameerika kodutehnika kaubam\u00e4rk, mis kuulub SharkNinja ettev\u00f5ttele. Br\u00e4nd keskendub nutikatele ja kasutajas\u00f5bralikele lahendustele igap\u00e4evaseks toiduvalmistamiseks. Ninja tootevalikusse kuuluvad k\u00f6\u00f6gikombainid, blenderid, frit\u00fc\u00fcrid, multikeetjad ja v\u00e4lik\u00f6\u00f6gi seadmed. Nende eesm\u00e4rk on \u00fchendada funktsionaalsus, t\u00f6\u00f6kindlus ja uuenduslik disain, et muuta toiduvalmistamine lihtsamaks ja kiiremaks igas kodus.<\/p>\n","protected":false},"excerpt":{"rendered":"<h3 id=\"product-description\" class=\"product__title\" data-product-name=\"Ninja Air Fryer MAX PRO 6.2L, 2000 W, black - Air fryer\"><strong>Ninja Air Fryer MAX PRO 6,2L kuuma\u00f5hufrit\u00fc\u00fcr, must<\/strong><\/h3>\n<p class=\"\" data-start=\"74\" data-end=\"453\">Kas otsid \u00f5hufrit\u00fc\u00fcri, mis oleks ruumis\u00e4\u00e4stlik, kuid suudaks valmistada toitu kogu perele? Ninja Air Fryer MAX PRO mahutab <strong data-start=\"197\" data-end=\"216\">6,2-liitrisesse<\/strong> korvi kuni 2 kg kana v\u00f5i 1,4 kg friikartuleid \u2013 sobib suurep\u00e4raselt kuni neljale inimesele. T\u00e4nu <strong data-start=\"314\" data-end=\"351\">reguleeritavale Crisper Plate&#8217;ile<\/strong> saad toitu valmistada kahel viisil: kas \u00fchtlaselt kr\u00f5bedaks p\u00f5hjast v\u00f5i kiireks pealtpruunistamiseks.<\/p>\n<p class=\"\" data-start=\"455\" data-end=\"740\">Ninja Air Fryer k\u00fcpsetab kuni <strong data-start=\"485\" data-end=\"515\">60% v\u00e4iksema energiakuluga<\/strong> kui tavaline ahi \u2013 see t\u00e4hendab v\u00e4iksemat arvet ja sama head tulemust.<br data-start=\"586\" data-end=\"589\" \/>Seadmel on <strong data-start=\"600\" data-end=\"625\">6 k\u00fcpsetusfunktsiooni<\/strong>, selge <strong data-start=\"633\" data-end=\"647\">LCD-ekraan<\/strong> ja n\u00f5udepesumasinas pestavad mittenakkuvad osad, mis teevad kasutamise ja hoolduse lihtsaks.<\/p>\n<p class=\"\" data-start=\"742\" data-end=\"1149\"><strong data-start=\"742\" data-end=\"755\">Omadused<\/strong><\/p>\n<p class=\"\" data-start=\"742\" data-end=\"1149\">\u2022 v\u00f5imsus: 2000 W<br data-start=\"1193\" data-end=\"1196\" \/>\u2022 maksimaalne toidumaht: 2000 g<br data-start=\"755\" data-end=\"758\" \/>\u2022 6 programmi: kuuma \u00f5huga frittimine, r\u00f6stimine, k\u00fcpsetamine, soojendamine, kuivatamine, eriti kr\u00f5be<br data-start=\"859\" data-end=\"862\" \/>\u2022 reguleeritav temperatuur: 40\u2013240 \u00b0C<br data-start=\"899\" data-end=\"902\" \/>\u2022 6,2 L k\u00fcpsetuskorv, sobib kuni 2 kg toidule<br data-start=\"947\" data-end=\"950\" \/>\u2022 reguleeritav Crisper Plate kahe k\u00fcpsetustaseme jaoks<br data-start=\"1004\" data-end=\"1007\" \/>\u2022 LCD-ekraan ja digitaalne juhtimine<br data-start=\"1043\" data-end=\"1046\" \/>\u2022 mittenakkuvad ja n\u00f5udepesumasinas pestavad osad<br data-start=\"1095\" data-end=\"1098\" \/>\u2022 mittekuumenev korpus, taimer<br data-start=\"1128\" data-end=\"1131\" \/>\u2022 1 k\u00fcpsetuskorv<\/p>\n<p data-start=\"742\" data-end=\"1149\"><em>Toode on saadaval ka valges v\u00e4rvitoonis.\u00a0<\/em><\/p>\n","protected":false},"featured_media":252634,"template":"","meta":{"inline_featured_image":false},"product_brand":[],"product_cat":[627,178],"product_tag":[],"class_list":{"0":"post-252629","1":"product","2":"type-product","3":"status-publish","4":"has-post-thumbnail","6":"product_cat-ninja-koogiseadmed","7":"product_cat-muud-tooted","8":"product_shipping_class-ainult-ise-jarele-tulemisega","10":"first","11":"instock","12":"taxable","13":"shipping-taxable","14":"purchasable","15":"product-type-simple"},"yoast_head":"<!-- This site is optimized with the Yoast SEO plugin v27.4 - https:\/\/yoast.com\/product\/yoast-seo-wordpress\/ -->\n<title>Ninja Air Fryer MAX PRO 6,2L kuuma\u00f5hufrit\u00fc\u00fcr, must - BBQ Entertainment<\/title>\n<meta name=\"robots\" content=\"index, follow, max-snippet:-1, max-image-preview:large, max-video-preview:-1\" \/>\n<link rel=\"canonical\" href=\"https:\/\/bbqentertainment.com\/toode\/ninja-air-fryer-max-pro-62l-kuumaohufrituur-must\/\" \/>\n<meta property=\"og:locale\" content=\"en_US\" \/>\n<meta property=\"og:type\" content=\"article\" \/>\n<meta property=\"og:title\" content=\"Ninja Air Fryer MAX PRO 6,2L kuuma\u00f5hufrit\u00fc\u00fcr, must - BBQ Entertainment\" \/>\n<meta property=\"og:description\" content=\"Ninja Air Fryer MAX PRO 6,2L kuuma\u00f5hufrit\u00fc\u00fcr, must Kas otsid \u00f5hufrit\u00fc\u00fcri, mis oleks ruumis\u00e4\u00e4stlik, kuid suudaks valmistada toitu kogu perele? Ninja Air Fryer MAX PRO mahutab 6,2-liitrisesse korvi kuni 2 kg kana v\u00f5i 1,4 kg friikartuleid \u2013 sobib suurep\u00e4raselt kuni neljale inimesele. T\u00e4nu reguleeritavale Crisper Plate&#039;ile saad toitu valmistada kahel viisil: kas \u00fchtlaselt kr\u00f5bedaks p\u00f5hjast v\u00f5i kiireks pealtpruunistamiseks. Ninja Air Fryer k\u00fcpsetab kuni 60% v\u00e4iksema energiakuluga kui tavaline ahi \u2013 see t\u00e4hendab v\u00e4iksemat arvet ja sama head tulemust.Seadmel on 6 k\u00fcpsetusfunktsiooni, selge LCD-ekraan ja n\u00f5udepesumasinas pestavad mittenakkuvad osad, mis teevad kasutamise ja hoolduse lihtsaks. Omadused \u2022 v\u00f5imsus: 2000 W\u2022 maksimaalne toidumaht: 2000 g\u2022 6 programmi: kuuma \u00f5huga frittimine, r\u00f6stimine, k\u00fcpsetamine, soojendamine, kuivatamine, eriti kr\u00f5be\u2022 reguleeritav temperatuur: 40\u2013240 \u00b0C\u2022 6,2 L k\u00fcpsetuskorv, sobib kuni 2 kg toidule\u2022 reguleeritav Crisper Plate kahe k\u00fcpsetustaseme jaoks\u2022 LCD-ekraan ja digitaalne juhtimine\u2022 mittenakkuvad ja n\u00f5udepesumasinas pestavad osad\u2022 mittekuumenev korpus, taimer\u2022 1 k\u00fcpsetuskorv Toode on saadaval ka valges v\u00e4rvitoonis.\u00a0\" \/>\n<meta property=\"og:url\" content=\"https:\/\/bbqentertainment.com\/toode\/ninja-air-fryer-max-pro-62l-kuumaohufrituur-must\/\" \/>\n<meta property=\"og:site_name\" content=\"BBQ Entertainment\" \/>\n<meta property=\"article:publisher\" content=\"https:\/\/www.facebook.com\/BBQ-Entertainment-N-Catering-2437913376443540\" \/>\n<meta property=\"article:modified_time\" content=\"2025-07-25T10:45:22+00:00\" \/>\n<meta property=\"og:image\" content=\"https:\/\/bbqentertainment.com\/wp-content\/uploads\/2025\/05\/AF180EU_1-copy.png\" \/>\n\t<meta property=\"og:image:width\" content=\"1080\" \/>\n\t<meta property=\"og:image:height\" content=\"1080\" \/>\n\t<meta property=\"og:image:type\" content=\"image\/png\" \/>\n<meta name=\"twitter:card\" content=\"summary_large_image\" \/>\n<meta name=\"twitter:label1\" content=\"Est. reading time\" \/>\n\t<meta name=\"twitter:data1\" content=\"1 minute\" \/>\n<script type=\"application\/ld+json\" class=\"yoast-schema-graph\">{\"@context\":\"https:\\\/\\\/schema.org\",\"@graph\":[{\"@type\":[\"WebPage\",\"ItemPage\"],\"@id\":\"https:\\\/\\\/bbqentertainment.com\\\/toode\\\/ninja-air-fryer-max-pro-62l-kuumaohufrituur-must\\\/\",\"url\":\"https:\\\/\\\/bbqentertainment.com\\\/toode\\\/ninja-air-fryer-max-pro-62l-kuumaohufrituur-must\\\/\",\"name\":\"Ninja Air Fryer MAX PRO 6,2L kuuma\u00f5hufrit\u00fc\u00fcr, must - BBQ Entertainment\",\"isPartOf\":{\"@id\":\"https:\\\/\\\/bbqentertainment.com\\\/#website\"},\"primaryImageOfPage\":{\"@id\":\"https:\\\/\\\/bbqentertainment.com\\\/toode\\\/ninja-air-fryer-max-pro-62l-kuumaohufrituur-must\\\/#primaryimage\"},\"image\":{\"@id\":\"https:\\\/\\\/bbqentertainment.com\\\/toode\\\/ninja-air-fryer-max-pro-62l-kuumaohufrituur-must\\\/#primaryimage\"},\"thumbnailUrl\":\"https:\\\/\\\/bbqentertainment.com\\\/wp-content\\\/uploads\\\/2025\\\/05\\\/AF180EU_1-copy.png\",\"datePublished\":\"2025-05-11T16:25:34+00:00\",\"dateModified\":\"2025-07-25T10:45:22+00:00\",\"breadcrumb\":{\"@id\":\"https:\\\/\\\/bbqentertainment.com\\\/toode\\\/ninja-air-fryer-max-pro-62l-kuumaohufrituur-must\\\/#breadcrumb\"},\"inLanguage\":\"en-US\",\"potentialAction\":[{\"@type\":\"ReadAction\",\"target\":[\"https:\\\/\\\/bbqentertainment.com\\\/toode\\\/ninja-air-fryer-max-pro-62l-kuumaohufrituur-must\\\/\"]}]},{\"@type\":\"ImageObject\",\"inLanguage\":\"en-US\",\"@id\":\"https:\\\/\\\/bbqentertainment.com\\\/toode\\\/ninja-air-fryer-max-pro-62l-kuumaohufrituur-must\\\/#primaryimage\",\"url\":\"https:\\\/\\\/bbqentertainment.com\\\/wp-content\\\/uploads\\\/2025\\\/05\\\/AF180EU_1-copy.png\",\"contentUrl\":\"https:\\\/\\\/bbqentertainment.com\\\/wp-content\\\/uploads\\\/2025\\\/05\\\/AF180EU_1-copy.png\",\"width\":1080,\"height\":1080},{\"@type\":\"BreadcrumbList\",\"@id\":\"https:\\\/\\\/bbqentertainment.com\\\/toode\\\/ninja-air-fryer-max-pro-62l-kuumaohufrituur-must\\\/#breadcrumb\",\"itemListElement\":[{\"@type\":\"ListItem\",\"position\":1,\"name\":\"AVALEHT\",\"item\":\"https:\\\/\\\/bbqentertainment.com\\\/en\\\/\"},{\"@type\":\"ListItem\",\"position\":2,\"name\":\"Tooted\",\"item\":\"https:\\\/\\\/bbqentertainment.com\\\/tooted\\\/\"},{\"@type\":\"ListItem\",\"position\":3,\"name\":\"Muud tooted\",\"item\":\"https:\\\/\\\/bbqentertainment.com\\\/tootekategooria\\\/muud-tooted\\\/\"},{\"@type\":\"ListItem\",\"position\":4,\"name\":\"Ninja k\u00f6\u00f6giseadmed\",\"item\":\"https:\\\/\\\/bbqentertainment.com\\\/tootekategooria\\\/muud-tooted\\\/ninja-koogiseadmed\\\/\"},{\"@type\":\"ListItem\",\"position\":5,\"name\":\"Ninja Air Fryer MAX PRO 6,2L kuuma\u00f5hufrit\u00fc\u00fcr, must\"}]},{\"@type\":\"WebSite\",\"@id\":\"https:\\\/\\\/bbqentertainment.com\\\/#website\",\"url\":\"https:\\\/\\\/bbqentertainment.com\\\/\",\"name\":\"BBQ Entertainment\",\"description\":\"BBQ is a great lifestyle, not just fun!\",\"publisher\":{\"@id\":\"https:\\\/\\\/bbqentertainment.com\\\/#organization\"},\"potentialAction\":[{\"@type\":\"SearchAction\",\"target\":{\"@type\":\"EntryPoint\",\"urlTemplate\":\"https:\\\/\\\/bbqentertainment.com\\\/?s={search_term_string}\"},\"query-input\":{\"@type\":\"PropertyValueSpecification\",\"valueRequired\":true,\"valueName\":\"search_term_string\"}}],\"inLanguage\":\"en-US\"},{\"@type\":\"Organization\",\"@id\":\"https:\\\/\\\/bbqentertainment.com\\\/#organization\",\"name\":\"BBQ Entertainment O\u00dc\",\"url\":\"https:\\\/\\\/bbqentertainment.com\\\/\",\"logo\":{\"@type\":\"ImageObject\",\"inLanguage\":\"en-US\",\"@id\":\"https:\\\/\\\/bbqentertainment.com\\\/#\\\/schema\\\/logo\\\/image\\\/\",\"url\":\"https:\\\/\\\/bbqentertainment.com\\\/wp-content\\\/uploads\\\/2020\\\/04\\\/BBQ-Entertainment-N-Catering-Enn-Tobreluts-Logo.png\",\"contentUrl\":\"https:\\\/\\\/bbqentertainment.com\\\/wp-content\\\/uploads\\\/2020\\\/04\\\/BBQ-Entertainment-N-Catering-Enn-Tobreluts-Logo.png\",\"width\":628,\"height\":266,\"caption\":\"BBQ Entertainment O\u00dc\"},\"image\":{\"@id\":\"https:\\\/\\\/bbqentertainment.com\\\/#\\\/schema\\\/logo\\\/image\\\/\"},\"sameAs\":[\"https:\\\/\\\/www.facebook.com\\\/BBQ-Entertainment-N-Catering-2437913376443540\",\"https:\\\/\\\/www.instagram.com\\\/bbqentertainmentncatering\\\/\",\"https:\\\/\\\/www.youtube.com\\\/channel\\\/UCmpuANQVhLy2Md8nrenp2jA\"]}]}<\/script>\n<!-- \/ Yoast SEO plugin. -->","yoast_head_json":{"title":"Ninja Air Fryer MAX PRO 6,2L kuuma\u00f5hufrit\u00fc\u00fcr, must - BBQ Entertainment","robots":{"index":"index","follow":"follow","max-snippet":"max-snippet:-1","max-image-preview":"max-image-preview:large","max-video-preview":"max-video-preview:-1"},"canonical":"https:\/\/bbqentertainment.com\/toode\/ninja-air-fryer-max-pro-62l-kuumaohufrituur-must\/","og_locale":"en_US","og_type":"article","og_title":"Ninja Air Fryer MAX PRO 6,2L kuuma\u00f5hufrit\u00fc\u00fcr, must - BBQ Entertainment","og_description":"Ninja Air Fryer MAX PRO 6,2L kuuma\u00f5hufrit\u00fc\u00fcr, must Kas otsid \u00f5hufrit\u00fc\u00fcri, mis oleks ruumis\u00e4\u00e4stlik, kuid suudaks valmistada toitu kogu perele? Ninja Air Fryer MAX PRO mahutab 6,2-liitrisesse korvi kuni 2 kg kana v\u00f5i 1,4 kg friikartuleid \u2013 sobib suurep\u00e4raselt kuni neljale inimesele. T\u00e4nu reguleeritavale Crisper Plate'ile saad toitu valmistada kahel viisil: kas \u00fchtlaselt kr\u00f5bedaks p\u00f5hjast v\u00f5i kiireks pealtpruunistamiseks. Ninja Air Fryer k\u00fcpsetab kuni 60% v\u00e4iksema energiakuluga kui tavaline ahi \u2013 see t\u00e4hendab v\u00e4iksemat arvet ja sama head tulemust.Seadmel on 6 k\u00fcpsetusfunktsiooni, selge LCD-ekraan ja n\u00f5udepesumasinas pestavad mittenakkuvad osad, mis teevad kasutamise ja hoolduse lihtsaks. Omadused \u2022 v\u00f5imsus: 2000 W\u2022 maksimaalne toidumaht: 2000 g\u2022 6 programmi: kuuma \u00f5huga frittimine, r\u00f6stimine, k\u00fcpsetamine, soojendamine, kuivatamine, eriti kr\u00f5be\u2022 reguleeritav temperatuur: 40\u2013240 \u00b0C\u2022 6,2 L k\u00fcpsetuskorv, sobib kuni 2 kg toidule\u2022 reguleeritav Crisper Plate kahe k\u00fcpsetustaseme jaoks\u2022 LCD-ekraan ja digitaalne juhtimine\u2022 mittenakkuvad ja n\u00f5udepesumasinas pestavad osad\u2022 mittekuumenev korpus, taimer\u2022 1 k\u00fcpsetuskorv Toode on saadaval ka valges v\u00e4rvitoonis.\u00a0","og_url":"https:\/\/bbqentertainment.com\/toode\/ninja-air-fryer-max-pro-62l-kuumaohufrituur-must\/","og_site_name":"BBQ Entertainment","article_publisher":"https:\/\/www.facebook.com\/BBQ-Entertainment-N-Catering-2437913376443540","article_modified_time":"2025-07-25T10:45:22+00:00","og_image":[{"width":1080,"height":1080,"url":"https:\/\/bbqentertainment.com\/wp-content\/uploads\/2025\/05\/AF180EU_1-copy.png","type":"image\/png"}],"twitter_card":"summary_large_image","twitter_misc":{"Est. reading time":"1 minute"},"schema":{"@context":"https:\/\/schema.org","@graph":[{"@type":["WebPage","ItemPage"],"@id":"https:\/\/bbqentertainment.com\/toode\/ninja-air-fryer-max-pro-62l-kuumaohufrituur-must\/","url":"https:\/\/bbqentertainment.com\/toode\/ninja-air-fryer-max-pro-62l-kuumaohufrituur-must\/","name":"Ninja Air Fryer MAX PRO 6,2L kuuma\u00f5hufrit\u00fc\u00fcr, must - BBQ Entertainment","isPartOf":{"@id":"https:\/\/bbqentertainment.com\/#website"},"primaryImageOfPage":{"@id":"https:\/\/bbqentertainment.com\/toode\/ninja-air-fryer-max-pro-62l-kuumaohufrituur-must\/#primaryimage"},"image":{"@id":"https:\/\/bbqentertainment.com\/toode\/ninja-air-fryer-max-pro-62l-kuumaohufrituur-must\/#primaryimage"},"thumbnailUrl":"https:\/\/bbqentertainment.com\/wp-content\/uploads\/2025\/05\/AF180EU_1-copy.png","datePublished":"2025-05-11T16:25:34+00:00","dateModified":"2025-07-25T10:45:22+00:00","breadcrumb":{"@id":"https:\/\/bbqentertainment.com\/toode\/ninja-air-fryer-max-pro-62l-kuumaohufrituur-must\/#breadcrumb"},"inLanguage":"en-US","potentialAction":[{"@type":"ReadAction","target":["https:\/\/bbqentertainment.com\/toode\/ninja-air-fryer-max-pro-62l-kuumaohufrituur-must\/"]}]},{"@type":"ImageObject","inLanguage":"en-US","@id":"https:\/\/bbqentertainment.com\/toode\/ninja-air-fryer-max-pro-62l-kuumaohufrituur-must\/#primaryimage","url":"https:\/\/bbqentertainment.com\/wp-content\/uploads\/2025\/05\/AF180EU_1-copy.png","contentUrl":"https:\/\/bbqentertainment.com\/wp-content\/uploads\/2025\/05\/AF180EU_1-copy.png","width":1080,"height":1080},{"@type":"BreadcrumbList","@id":"https:\/\/bbqentertainment.com\/toode\/ninja-air-fryer-max-pro-62l-kuumaohufrituur-must\/#breadcrumb","itemListElement":[{"@type":"ListItem","position":1,"name":"AVALEHT","item":"https:\/\/bbqentertainment.com\/en\/"},{"@type":"ListItem","position":2,"name":"Tooted","item":"https:\/\/bbqentertainment.com\/tooted\/"},{"@type":"ListItem","position":3,"name":"Muud tooted","item":"https:\/\/bbqentertainment.com\/tootekategooria\/muud-tooted\/"},{"@type":"ListItem","position":4,"name":"Ninja k\u00f6\u00f6giseadmed","item":"https:\/\/bbqentertainment.com\/tootekategooria\/muud-tooted\/ninja-koogiseadmed\/"},{"@type":"ListItem","position":5,"name":"Ninja Air Fryer MAX PRO 6,2L kuuma\u00f5hufrit\u00fc\u00fcr, must"}]},{"@type":"WebSite","@id":"https:\/\/bbqentertainment.com\/#website","url":"https:\/\/bbqentertainment.com\/","name":"BBQ Entertainment","description":"BBQ is a great lifestyle, not just fun!","publisher":{"@id":"https:\/\/bbqentertainment.com\/#organization"},"potentialAction":[{"@type":"SearchAction","target":{"@type":"EntryPoint","urlTemplate":"https:\/\/bbqentertainment.com\/?s={search_term_string}"},"query-input":{"@type":"PropertyValueSpecification","valueRequired":true,"valueName":"search_term_string"}}],"inLanguage":"en-US"},{"@type":"Organization","@id":"https:\/\/bbqentertainment.com\/#organization","name":"BBQ Entertainment O\u00dc","url":"https:\/\/bbqentertainment.com\/","logo":{"@type":"ImageObject","inLanguage":"en-US","@id":"https:\/\/bbqentertainment.com\/#\/schema\/logo\/image\/","url":"https:\/\/bbqentertainment.com\/wp-content\/uploads\/2020\/04\/BBQ-Entertainment-N-Catering-Enn-Tobreluts-Logo.png","contentUrl":"https:\/\/bbqentertainment.com\/wp-content\/uploads\/2020\/04\/BBQ-Entertainment-N-Catering-Enn-Tobreluts-Logo.png","width":628,"height":266,"caption":"BBQ Entertainment O\u00dc"},"image":{"@id":"https:\/\/bbqentertainment.com\/#\/schema\/logo\/image\/"},"sameAs":["https:\/\/www.facebook.com\/BBQ-Entertainment-N-Catering-2437913376443540","https:\/\/www.instagram.com\/bbqentertainmentncatering\/","https:\/\/www.youtube.com\/channel\/UCmpuANQVhLy2Md8nrenp2jA"]}]}},"_links":{"self":[{"href":"https:\/\/bbqentertainment.com\/en\/wp-json\/wp\/v2\/product\/252629","targetHints":{"allow":["GET"]}}],"collection":[{"href":"https:\/\/bbqentertainment.com\/en\/wp-json\/wp\/v2\/product"}],"about":[{"href":"https:\/\/bbqentertainment.com\/en\/wp-json\/wp\/v2\/types\/product"}],"wp:featuredmedia":[{"embeddable":true,"href":"https:\/\/bbqentertainment.com\/en\/wp-json\/wp\/v2\/media\/252634"}],"wp:attachment":[{"href":"https:\/\/bbqentertainment.com\/en\/wp-json\/wp\/v2\/media?parent=252629"}],"wp:term":[{"taxonomy":"product_brand","embeddable":true,"href":"https:\/\/bbqentertainment.com\/en\/wp-json\/wp\/v2\/product_brand?post=252629"},{"taxonomy":"product_cat","embeddable":true,"href":"https:\/\/bbqentertainment.com\/en\/wp-json\/wp\/v2\/product_cat?post=252629"},{"taxonomy":"product_tag","embeddable":true,"href":"https:\/\/bbqentertainment.com\/en\/wp-json\/wp\/v2\/product_tag?post=252629"}],"curies":[{"name":"wp","href":"https:\/\/api.w.org\/{rel}","templated":true}]}}