{"id":252738,"date":"2025-05-19T04:56:31","date_gmt":"2025-05-19T01:56:31","guid":{"rendered":"https:\/\/bbqentertainment.com\/?post_type=product&#038;p=252738"},"modified":"2025-09-18T15:11:58","modified_gmt":"2025-09-18T12:11:58","slug":"yeti-hondo-rannatool-mereroheline","status":"publish","type":"product","link":"https:\/\/bbqentertainment.com\/en\/toode\/yeti-hondo-rannatool-mereroheline\/","title":{"rendered":"Yeti HONDO rannatool, mereroheline"},"content":{"rendered":"<h3><strong>Yeti \u2013 loodud kestma<\/strong><\/h3>\n<p>Yeti on 2006. aastal asutatud kaubam\u00e4rk, mis s\u00fcndis kirglikust soovist luua vastupidavaid ja k\u00f5rgekvaliteedilisi tooteid aktiivse eluviisi harrastajatele. Alguse sai k\u00f5ik j\u00e4\u00e4kasti t\u00e4iustamisest, kuid t\u00e4naseks on Yeti tootevalikus ka termosed, joogipudelid ja muud v\u00e4litingimustes h\u00e4davajalikud tarvikud. Yeti missioon on pakkuda varustust, mis peab vastu nii ekstreemsetele ilmastikutingimustele kui ka igap\u00e4evaelu n\u00f5udmistele.<\/p>\n","protected":false},"excerpt":{"rendered":"<h3><strong>Yeti HONDO rannatool, mereroheline<\/strong><\/h3>\n<p>YETI rannatool on loodud kestma aastaid \u2013 nii p\u00e4ikese, soola kui ka liiva k\u00e4es. Ilmastikukindla disainiga tooli\u00a0raam on vastupidav soolasele \u00f5hule ja rannatingimustele. FlexGrid\u2122 kangas ja EasyBreathe\u2122 v\u00f5rk v\u00f5imaldavad mugavalt istuda isegi kuuma ilmaga.<\/p>\n<p class=\"\" data-start=\"385\" data-end=\"409\"><strong data-start=\"385\" data-end=\"407\">Omadused<\/strong><\/p>\n<ul data-start=\"410\" data-end=\"837\">\n<li class=\"\" data-start=\"410\" data-end=\"505\">\n<p class=\"\" data-start=\"412\" data-end=\"505\">Kerge raam avaneb kiiresti ja k\u00e4ib lihtsalt kokku, et transport ja hoiustamine oleks lihtne<\/p>\n<\/li>\n<li class=\"\" data-start=\"506\" data-end=\"583\">\n<p class=\"\" data-start=\"508\" data-end=\"583\">Neli lukustatavat kaldenurka v\u00f5imaldavad istuda sirgelt v\u00f5i visata pikali<\/p>\n<\/li>\n<li class=\"\" data-start=\"584\" data-end=\"662\">\n<p class=\"\" data-start=\"586\" data-end=\"662\">Veevoolu j\u00e4rgiva kujuga peatoepadi pakub lisatuge ka l\u00f5\u00f5gastavaks uinakuks<\/p>\n<\/li>\n<li class=\"\" data-start=\"663\" data-end=\"710\">\n<p class=\"\" data-start=\"665\" data-end=\"710\">Kaalub 5,5 kg, kuid kannab kuni 159 kg<\/p>\n<\/li>\n<li class=\"\" data-start=\"711\" data-end=\"762\">\n<p class=\"\" data-start=\"713\" data-end=\"762\">Kaasas reguleeritav \u00f5larihm ja joogitopsihoidja<\/p>\n<\/li>\n<li class=\"\" data-start=\"763\" data-end=\"837\">\n<p class=\"\" data-start=\"765\" data-end=\"837\">K\u00fclgedele saab kinnitada lisatarvikud (nt Sidekick Dry\u00ae varustusekott)<\/p>\n<\/li>\n<\/ul>\n<p><strong>M\u00f5\u00f5tmed<\/strong>: 74,7 x 67,3 x 77,5 cm (S x L x K)<\/p>\n","protected":false},"featured_media":252749,"template":"","meta":{"inline_featured_image":false},"product_brand":[],"product_cat":[574,178],"product_tag":[],"class_list":{"0":"post-252738","1":"product","2":"type-product","3":"status-publish","4":"has-post-thumbnail","6":"product_cat-yeti-kulmakastid-ja-joogipudelid","7":"product_cat-muud-tooted","9":"first","10":"instock","11":"taxable","12":"shipping-taxable","13":"purchasable","14":"product-type-simple"},"yoast_head":"<!-- This site is optimized with the Yoast SEO plugin v27.4 - https:\/\/yoast.com\/product\/yoast-seo-wordpress\/ -->\n<title>Yeti HONDO rannatool, mereroheline - BBQ Entertainment<\/title>\n<meta name=\"description\" content=\"Vastupidav ja mugav rannatool mererohelises toonis. Hingav kangas, reguleeritav seljatugi ja lihtne kokkupanek \u2013 ideaalne rannap\u00e4evadeks.\" \/>\n<meta name=\"robots\" content=\"index, follow, max-snippet:-1, max-image-preview:large, max-video-preview:-1\" \/>\n<link rel=\"canonical\" href=\"https:\/\/bbqentertainment.com\/toode\/yeti-hondo-rannatool-mereroheline\/\" \/>\n<meta property=\"og:locale\" content=\"en_US\" \/>\n<meta property=\"og:type\" content=\"article\" \/>\n<meta property=\"og:title\" content=\"Yeti HONDO rannatool, mereroheline - BBQ Entertainment\" \/>\n<meta property=\"og:description\" content=\"Vastupidav ja mugav rannatool mererohelises toonis. Hingav kangas, reguleeritav seljatugi ja lihtne kokkupanek \u2013 ideaalne rannap\u00e4evadeks.\" \/>\n<meta property=\"og:url\" content=\"https:\/\/bbqentertainment.com\/toode\/yeti-hondo-rannatool-mereroheline\/\" \/>\n<meta property=\"og:site_name\" content=\"BBQ Entertainment\" \/>\n<meta property=\"article:publisher\" content=\"https:\/\/www.facebook.com\/BBQ-Entertainment-N-Catering-2437913376443540\" \/>\n<meta property=\"article:modified_time\" content=\"2025-09-18T12:11:58+00:00\" \/>\n<meta property=\"og:image\" content=\"https:\/\/bbqentertainment.com\/wp-content\/uploads\/2020\/03\/Enn-Tobreluts-FOTO-Andres-Tali-1.jpg\" \/>\n\t<meta property=\"og:image:width\" content=\"1200\" \/>\n\t<meta property=\"og:image:height\" content=\"800\" \/>\n\t<meta property=\"og:image:type\" content=\"image\/jpeg\" \/>\n<meta name=\"twitter:card\" content=\"summary_large_image\" \/>\n<meta name=\"twitter:label1\" content=\"Est. reading time\" \/>\n\t<meta name=\"twitter:data1\" content=\"1 minute\" \/>\n<script type=\"application\/ld+json\" class=\"yoast-schema-graph\">{\"@context\":\"https:\\\/\\\/schema.org\",\"@graph\":[{\"@type\":[\"WebPage\",\"ItemPage\"],\"@id\":\"https:\\\/\\\/bbqentertainment.com\\\/toode\\\/yeti-hondo-rannatool-mereroheline\\\/\",\"url\":\"https:\\\/\\\/bbqentertainment.com\\\/toode\\\/yeti-hondo-rannatool-mereroheline\\\/\",\"name\":\"Yeti HONDO rannatool, mereroheline - BBQ Entertainment\",\"isPartOf\":{\"@id\":\"https:\\\/\\\/bbqentertainment.com\\\/#website\"},\"primaryImageOfPage\":{\"@id\":\"https:\\\/\\\/bbqentertainment.com\\\/toode\\\/yeti-hondo-rannatool-mereroheline\\\/#primaryimage\"},\"image\":{\"@id\":\"https:\\\/\\\/bbqentertainment.com\\\/toode\\\/yeti-hondo-rannatool-mereroheline\\\/#primaryimage\"},\"thumbnailUrl\":\"https:\\\/\\\/bbqentertainment.com\\\/wp-content\\\/uploads\\\/2025\\\/05\\\/site_studio_outdoor_Hondo_Beach_Chair_Seafoam_Front_026_Primary_A_2400x2400.png.avif\",\"datePublished\":\"2025-05-19T01:56:31+00:00\",\"dateModified\":\"2025-09-18T12:11:58+00:00\",\"description\":\"Vastupidav ja mugav rannatool mererohelises toonis. Hingav kangas, reguleeritav seljatugi ja lihtne kokkupanek \u2013 ideaalne rannap\u00e4evadeks.\",\"breadcrumb\":{\"@id\":\"https:\\\/\\\/bbqentertainment.com\\\/toode\\\/yeti-hondo-rannatool-mereroheline\\\/#breadcrumb\"},\"inLanguage\":\"en-US\",\"potentialAction\":[{\"@type\":\"ReadAction\",\"target\":[\"https:\\\/\\\/bbqentertainment.com\\\/toode\\\/yeti-hondo-rannatool-mereroheline\\\/\"]}]},{\"@type\":\"ImageObject\",\"inLanguage\":\"en-US\",\"@id\":\"https:\\\/\\\/bbqentertainment.com\\\/toode\\\/yeti-hondo-rannatool-mereroheline\\\/#primaryimage\",\"url\":\"https:\\\/\\\/bbqentertainment.com\\\/wp-content\\\/uploads\\\/2025\\\/05\\\/site_studio_outdoor_Hondo_Beach_Chair_Seafoam_Front_026_Primary_A_2400x2400.png.avif\",\"contentUrl\":\"https:\\\/\\\/bbqentertainment.com\\\/wp-content\\\/uploads\\\/2025\\\/05\\\/site_studio_outdoor_Hondo_Beach_Chair_Seafoam_Front_026_Primary_A_2400x2400.png.avif\",\"width\":500,\"height\":500},{\"@type\":\"BreadcrumbList\",\"@id\":\"https:\\\/\\\/bbqentertainment.com\\\/toode\\\/yeti-hondo-rannatool-mereroheline\\\/#breadcrumb\",\"itemListElement\":[{\"@type\":\"ListItem\",\"position\":1,\"name\":\"AVALEHT\",\"item\":\"https:\\\/\\\/bbqentertainment.com\\\/en\\\/\"},{\"@type\":\"ListItem\",\"position\":2,\"name\":\"Tooted\",\"item\":\"https:\\\/\\\/bbqentertainment.com\\\/tooted\\\/\"},{\"@type\":\"ListItem\",\"position\":3,\"name\":\"Muud tooted\",\"item\":\"https:\\\/\\\/bbqentertainment.com\\\/tootekategooria\\\/muud-tooted\\\/\"},{\"@type\":\"ListItem\",\"position\":4,\"name\":\"YETI k\u00fclmakastid ja joogipudelid\",\"item\":\"https:\\\/\\\/bbqentertainment.com\\\/tootekategooria\\\/muud-tooted\\\/yeti-kulmakastid-ja-joogipudelid\\\/\"},{\"@type\":\"ListItem\",\"position\":5,\"name\":\"Yeti HONDO rannatool, mereroheline\"}]},{\"@type\":\"WebSite\",\"@id\":\"https:\\\/\\\/bbqentertainment.com\\\/#website\",\"url\":\"https:\\\/\\\/bbqentertainment.com\\\/\",\"name\":\"BBQ Entertainment\",\"description\":\"BBQ is a great lifestyle, not just fun!\",\"publisher\":{\"@id\":\"https:\\\/\\\/bbqentertainment.com\\\/#organization\"},\"potentialAction\":[{\"@type\":\"SearchAction\",\"target\":{\"@type\":\"EntryPoint\",\"urlTemplate\":\"https:\\\/\\\/bbqentertainment.com\\\/?s={search_term_string}\"},\"query-input\":{\"@type\":\"PropertyValueSpecification\",\"valueRequired\":true,\"valueName\":\"search_term_string\"}}],\"inLanguage\":\"en-US\"},{\"@type\":\"Organization\",\"@id\":\"https:\\\/\\\/bbqentertainment.com\\\/#organization\",\"name\":\"BBQ Entertainment O\u00dc\",\"url\":\"https:\\\/\\\/bbqentertainment.com\\\/\",\"logo\":{\"@type\":\"ImageObject\",\"inLanguage\":\"en-US\",\"@id\":\"https:\\\/\\\/bbqentertainment.com\\\/#\\\/schema\\\/logo\\\/image\\\/\",\"url\":\"https:\\\/\\\/bbqentertainment.com\\\/wp-content\\\/uploads\\\/2020\\\/04\\\/BBQ-Entertainment-N-Catering-Enn-Tobreluts-Logo.png\",\"contentUrl\":\"https:\\\/\\\/bbqentertainment.com\\\/wp-content\\\/uploads\\\/2020\\\/04\\\/BBQ-Entertainment-N-Catering-Enn-Tobreluts-Logo.png\",\"width\":628,\"height\":266,\"caption\":\"BBQ Entertainment O\u00dc\"},\"image\":{\"@id\":\"https:\\\/\\\/bbqentertainment.com\\\/#\\\/schema\\\/logo\\\/image\\\/\"},\"sameAs\":[\"https:\\\/\\\/www.facebook.com\\\/BBQ-Entertainment-N-Catering-2437913376443540\",\"https:\\\/\\\/www.instagram.com\\\/bbqentertainmentncatering\\\/\",\"https:\\\/\\\/www.youtube.com\\\/channel\\\/UCmpuANQVhLy2Md8nrenp2jA\"]}]}<\/script>\n<!-- \/ Yoast SEO plugin. -->","yoast_head_json":{"title":"Yeti HONDO rannatool, mereroheline - BBQ Entertainment","description":"Vastupidav ja mugav rannatool mererohelises toonis. Hingav kangas, reguleeritav seljatugi ja lihtne kokkupanek \u2013 ideaalne rannap\u00e4evadeks.","robots":{"index":"index","follow":"follow","max-snippet":"max-snippet:-1","max-image-preview":"max-image-preview:large","max-video-preview":"max-video-preview:-1"},"canonical":"https:\/\/bbqentertainment.com\/toode\/yeti-hondo-rannatool-mereroheline\/","og_locale":"en_US","og_type":"article","og_title":"Yeti HONDO rannatool, mereroheline - BBQ Entertainment","og_description":"Vastupidav ja mugav rannatool mererohelises toonis. Hingav kangas, reguleeritav seljatugi ja lihtne kokkupanek \u2013 ideaalne rannap\u00e4evadeks.","og_url":"https:\/\/bbqentertainment.com\/toode\/yeti-hondo-rannatool-mereroheline\/","og_site_name":"BBQ Entertainment","article_publisher":"https:\/\/www.facebook.com\/BBQ-Entertainment-N-Catering-2437913376443540","article_modified_time":"2025-09-18T12:11:58+00:00","og_image":[{"width":1200,"height":800,"url":"https:\/\/bbqentertainment.com\/wp-content\/uploads\/2020\/03\/Enn-Tobreluts-FOTO-Andres-Tali-1.jpg","type":"image\/jpeg"}],"twitter_card":"summary_large_image","twitter_misc":{"Est. reading time":"1 minute"},"schema":{"@context":"https:\/\/schema.org","@graph":[{"@type":["WebPage","ItemPage"],"@id":"https:\/\/bbqentertainment.com\/toode\/yeti-hondo-rannatool-mereroheline\/","url":"https:\/\/bbqentertainment.com\/toode\/yeti-hondo-rannatool-mereroheline\/","name":"Yeti HONDO rannatool, mereroheline - BBQ Entertainment","isPartOf":{"@id":"https:\/\/bbqentertainment.com\/#website"},"primaryImageOfPage":{"@id":"https:\/\/bbqentertainment.com\/toode\/yeti-hondo-rannatool-mereroheline\/#primaryimage"},"image":{"@id":"https:\/\/bbqentertainment.com\/toode\/yeti-hondo-rannatool-mereroheline\/#primaryimage"},"thumbnailUrl":"https:\/\/bbqentertainment.com\/wp-content\/uploads\/2025\/05\/site_studio_outdoor_Hondo_Beach_Chair_Seafoam_Front_026_Primary_A_2400x2400.png.avif","datePublished":"2025-05-19T01:56:31+00:00","dateModified":"2025-09-18T12:11:58+00:00","description":"Vastupidav ja mugav rannatool mererohelises toonis. Hingav kangas, reguleeritav seljatugi ja lihtne kokkupanek \u2013 ideaalne rannap\u00e4evadeks.","breadcrumb":{"@id":"https:\/\/bbqentertainment.com\/toode\/yeti-hondo-rannatool-mereroheline\/#breadcrumb"},"inLanguage":"en-US","potentialAction":[{"@type":"ReadAction","target":["https:\/\/bbqentertainment.com\/toode\/yeti-hondo-rannatool-mereroheline\/"]}]},{"@type":"ImageObject","inLanguage":"en-US","@id":"https:\/\/bbqentertainment.com\/toode\/yeti-hondo-rannatool-mereroheline\/#primaryimage","url":"https:\/\/bbqentertainment.com\/wp-content\/uploads\/2025\/05\/site_studio_outdoor_Hondo_Beach_Chair_Seafoam_Front_026_Primary_A_2400x2400.png.avif","contentUrl":"https:\/\/bbqentertainment.com\/wp-content\/uploads\/2025\/05\/site_studio_outdoor_Hondo_Beach_Chair_Seafoam_Front_026_Primary_A_2400x2400.png.avif","width":500,"height":500},{"@type":"BreadcrumbList","@id":"https:\/\/bbqentertainment.com\/toode\/yeti-hondo-rannatool-mereroheline\/#breadcrumb","itemListElement":[{"@type":"ListItem","position":1,"name":"AVALEHT","item":"https:\/\/bbqentertainment.com\/en\/"},{"@type":"ListItem","position":2,"name":"Tooted","item":"https:\/\/bbqentertainment.com\/tooted\/"},{"@type":"ListItem","position":3,"name":"Muud tooted","item":"https:\/\/bbqentertainment.com\/tootekategooria\/muud-tooted\/"},{"@type":"ListItem","position":4,"name":"YETI k\u00fclmakastid ja joogipudelid","item":"https:\/\/bbqentertainment.com\/tootekategooria\/muud-tooted\/yeti-kulmakastid-ja-joogipudelid\/"},{"@type":"ListItem","position":5,"name":"Yeti HONDO rannatool, mereroheline"}]},{"@type":"WebSite","@id":"https:\/\/bbqentertainment.com\/#website","url":"https:\/\/bbqentertainment.com\/","name":"BBQ Entertainment","description":"BBQ is a great lifestyle, not just fun!","publisher":{"@id":"https:\/\/bbqentertainment.com\/#organization"},"potentialAction":[{"@type":"SearchAction","target":{"@type":"EntryPoint","urlTemplate":"https:\/\/bbqentertainment.com\/?s={search_term_string}"},"query-input":{"@type":"PropertyValueSpecification","valueRequired":true,"valueName":"search_term_string"}}],"inLanguage":"en-US"},{"@type":"Organization","@id":"https:\/\/bbqentertainment.com\/#organization","name":"BBQ Entertainment O\u00dc","url":"https:\/\/bbqentertainment.com\/","logo":{"@type":"ImageObject","inLanguage":"en-US","@id":"https:\/\/bbqentertainment.com\/#\/schema\/logo\/image\/","url":"https:\/\/bbqentertainment.com\/wp-content\/uploads\/2020\/04\/BBQ-Entertainment-N-Catering-Enn-Tobreluts-Logo.png","contentUrl":"https:\/\/bbqentertainment.com\/wp-content\/uploads\/2020\/04\/BBQ-Entertainment-N-Catering-Enn-Tobreluts-Logo.png","width":628,"height":266,"caption":"BBQ Entertainment O\u00dc"},"image":{"@id":"https:\/\/bbqentertainment.com\/#\/schema\/logo\/image\/"},"sameAs":["https:\/\/www.facebook.com\/BBQ-Entertainment-N-Catering-2437913376443540","https:\/\/www.instagram.com\/bbqentertainmentncatering\/","https:\/\/www.youtube.com\/channel\/UCmpuANQVhLy2Md8nrenp2jA"]}]}},"_links":{"self":[{"href":"https:\/\/bbqentertainment.com\/en\/wp-json\/wp\/v2\/product\/252738","targetHints":{"allow":["GET"]}}],"collection":[{"href":"https:\/\/bbqentertainment.com\/en\/wp-json\/wp\/v2\/product"}],"about":[{"href":"https:\/\/bbqentertainment.com\/en\/wp-json\/wp\/v2\/types\/product"}],"wp:featuredmedia":[{"embeddable":true,"href":"https:\/\/bbqentertainment.com\/en\/wp-json\/wp\/v2\/media\/252749"}],"wp:attachment":[{"href":"https:\/\/bbqentertainment.com\/en\/wp-json\/wp\/v2\/media?parent=252738"}],"wp:term":[{"taxonomy":"product_brand","embeddable":true,"href":"https:\/\/bbqentertainment.com\/en\/wp-json\/wp\/v2\/product_brand?post=252738"},{"taxonomy":"product_cat","embeddable":true,"href":"https:\/\/bbqentertainment.com\/en\/wp-json\/wp\/v2\/product_cat?post=252738"},{"taxonomy":"product_tag","embeddable":true,"href":"https:\/\/bbqentertainment.com\/en\/wp-json\/wp\/v2\/product_tag?post=252738"}],"curies":[{"name":"wp","href":"https:\/\/api.w.org\/{rel}","templated":true}]}}