{"id":252759,"date":"2025-05-14T11:34:03","date_gmt":"2025-05-14T08:34:03","guid":{"rendered":"https:\/\/bbqentertainment.com\/?post_type=product&#038;p=252759"},"modified":"2025-11-05T08:29:57","modified_gmt":"2025-11-05T06:29:57","slug":"maitseainesegu-heath-riles-garlic-jalapeno-rub-340g","status":"publish","type":"product","link":"https:\/\/bbqentertainment.com\/en\/toode\/maitseainesegu-heath-riles-garlic-jalapeno-rub-340g\/","title":{"rendered":"Maitseainesegu Heath Riles Garlic Jalapeno Rub 340g"},"content":{"rendered":"","protected":false},"excerpt":{"rendered":"<h3><strong>Maitseainesegu Heath Riles Garlic Jalapeno Rub 340g<\/strong><\/h3>\n<p class=\"\" data-start=\"52\" data-end=\"296\">Heath Riles BBQ meeskond on v\u00f5istluste legend, kelle nimele kuulub rohkelt tiitleid ribikategoorias. Nende saladus? Kihtide kaupa maitset \u2013 ja just <em data-start=\"190\" data-end=\"211\">Garlic Jalape\u00f1o Rub<\/em> on esimene kiht, mis ribidele l\u00e4heb. See annab v\u00fcrtsika aluse, mis j\u00e4\u00e4b meelde.<\/p>\n<p class=\"\" data-start=\"298\" data-end=\"507\">Selle rub\u2019i v\u00fcrtsikus tuleb k\u00fc\u00fcslaugu ja jalape\u00f1o kombinatsioonist. Kui armastad teravat toitu, on see segu just sulle. Kui aga v\u00fcrts pole sinu teema, kasuta seda ettevaatlikult \u2013 teravust on selles piisavalt.<\/p>\n<p class=\"\" data-start=\"509\" data-end=\"528\"><strong data-start=\"509\" data-end=\"526\">Kus kasutada<\/strong><\/p>\n<ul data-start=\"529\" data-end=\"609\">\n<li class=\"\" data-start=\"529\" data-end=\"538\">\n<p class=\"\" data-start=\"531\" data-end=\"538\">Ribid<\/p>\n<\/li>\n<li class=\"\" data-start=\"539\" data-end=\"550\">\n<p class=\"\" data-start=\"541\" data-end=\"550\">Sealiha<\/p>\n<\/li>\n<li class=\"\" data-start=\"551\" data-end=\"559\">\n<p class=\"\" data-start=\"553\" data-end=\"559\">Kana<\/p>\n<\/li>\n<li class=\"\" data-start=\"560\" data-end=\"609\">\n<p class=\"\" data-start=\"562\" data-end=\"609\">Tugevama maitsega k\u00f6\u00f6giviljad (nt mais, seened)<\/p>\n<\/li>\n<\/ul>\n<p class=\"\" data-start=\"611\" data-end=\"734\"><strong data-start=\"611\" data-end=\"623\">Pro tip<\/strong><br data-start=\"623\" data-end=\"626\" \/>Kasutatakse tihti esimese kihina enne teiste rub&#8217;ide lisamist, et saavutada maitsetasakaal ja kerge tulisus.<\/p>\n<p class=\"\" data-start=\"736\" data-end=\"913\"><strong data-start=\"736\" data-end=\"752\">Koostisosad<\/strong><br data-start=\"752\" data-end=\"755\" \/>Sool, suhkur, v\u00fcrtsid, naatriumglutamaat, kuivatatud k\u00fc\u00fcslauk, jalape\u00f1opipra pulber, rafineeritud soja\u00f5li, v\u00e4hem kui 2% r\u00e4nidioksiidi paakumise v\u00e4ltimiseks.<\/p>\n","protected":false},"featured_media":252760,"template":"","meta":{"inline_featured_image":false},"product_brand":[],"product_cat":[28,491],"product_tag":[],"class_list":{"0":"post-252759","1":"product","2":"type-product","3":"status-publish","4":"has-post-thumbnail","6":"product_cat-maitseandjad","7":"product_cat-ameerika-bbq-rubid-kastmed","9":"first","10":"instock","11":"taxable","12":"shipping-taxable","13":"purchasable","14":"product-type-simple"},"yoast_head":"<!-- This site is optimized with the Yoast SEO plugin v27.4 - https:\/\/yoast.com\/product\/yoast-seo-wordpress\/ -->\n<title>Maitseainesegu Heath Riles Garlic Jalapeno Rub 340g - BBQ Entertainment<\/title>\n<meta name=\"description\" content=\"V\u00fcrtsikas maitseaine k\u00fc\u00fcslaugu ja jalapenoga. Heath Riles Garlic Jalapeno Rub sobib eriti h\u00e4sti ribidele, kanale ja sealihale.\" \/>\n<meta name=\"robots\" content=\"index, follow, max-snippet:-1, max-image-preview:large, max-video-preview:-1\" \/>\n<link rel=\"canonical\" href=\"https:\/\/bbqentertainment.com\/toode\/maitseainesegu-heath-riles-garlic-jalapeno-rub-340g\/\" \/>\n<meta property=\"og:locale\" content=\"en_US\" \/>\n<meta property=\"og:type\" content=\"article\" \/>\n<meta property=\"og:title\" content=\"Maitseainesegu Heath Riles Garlic Jalapeno Rub 340g - BBQ Entertainment\" \/>\n<meta property=\"og:description\" content=\"V\u00fcrtsikas maitseaine k\u00fc\u00fcslaugu ja jalapenoga. Heath Riles Garlic Jalapeno Rub sobib eriti h\u00e4sti ribidele, kanale ja sealihale.\" \/>\n<meta property=\"og:url\" content=\"https:\/\/bbqentertainment.com\/toode\/maitseainesegu-heath-riles-garlic-jalapeno-rub-340g\/\" \/>\n<meta property=\"og:site_name\" content=\"BBQ Entertainment\" \/>\n<meta property=\"article:publisher\" content=\"https:\/\/www.facebook.com\/BBQ-Entertainment-N-Catering-2437913376443540\" \/>\n<meta property=\"article:modified_time\" content=\"2025-11-05T06:29:57+00:00\" \/>\n<meta property=\"og:image\" content=\"https:\/\/bbqentertainment.com\/wp-content\/uploads\/2025\/05\/Heath-Riles-Garlic-Jalapeno-Rub.webp\" \/>\n\t<meta property=\"og:image:width\" content=\"1100\" \/>\n\t<meta property=\"og:image:height\" content=\"1100\" \/>\n\t<meta property=\"og:image:type\" content=\"image\/webp\" \/>\n<meta name=\"twitter:card\" content=\"summary_large_image\" \/>\n<meta name=\"twitter:label1\" content=\"Est. reading time\" \/>\n\t<meta name=\"twitter:data1\" content=\"1 minute\" \/>\n<script type=\"application\/ld+json\" class=\"yoast-schema-graph\">{\"@context\":\"https:\\\/\\\/schema.org\",\"@graph\":[{\"@type\":[\"WebPage\",\"ItemPage\"],\"@id\":\"https:\\\/\\\/bbqentertainment.com\\\/toode\\\/maitseainesegu-heath-riles-garlic-jalapeno-rub-340g\\\/\",\"url\":\"https:\\\/\\\/bbqentertainment.com\\\/toode\\\/maitseainesegu-heath-riles-garlic-jalapeno-rub-340g\\\/\",\"name\":\"Maitseainesegu Heath Riles Garlic Jalapeno Rub 340g - BBQ Entertainment\",\"isPartOf\":{\"@id\":\"https:\\\/\\\/bbqentertainment.com\\\/#website\"},\"primaryImageOfPage\":{\"@id\":\"https:\\\/\\\/bbqentertainment.com\\\/toode\\\/maitseainesegu-heath-riles-garlic-jalapeno-rub-340g\\\/#primaryimage\"},\"image\":{\"@id\":\"https:\\\/\\\/bbqentertainment.com\\\/toode\\\/maitseainesegu-heath-riles-garlic-jalapeno-rub-340g\\\/#primaryimage\"},\"thumbnailUrl\":\"https:\\\/\\\/bbqentertainment.com\\\/wp-content\\\/uploads\\\/2025\\\/05\\\/Heath-Riles-Garlic-Jalapeno-Rub.webp\",\"datePublished\":\"2025-05-14T08:34:03+00:00\",\"dateModified\":\"2025-11-05T06:29:57+00:00\",\"description\":\"V\u00fcrtsikas maitseaine k\u00fc\u00fcslaugu ja jalapenoga. Heath Riles Garlic Jalapeno Rub sobib eriti h\u00e4sti ribidele, kanale ja sealihale.\",\"breadcrumb\":{\"@id\":\"https:\\\/\\\/bbqentertainment.com\\\/toode\\\/maitseainesegu-heath-riles-garlic-jalapeno-rub-340g\\\/#breadcrumb\"},\"inLanguage\":\"en-US\",\"potentialAction\":[{\"@type\":\"ReadAction\",\"target\":[\"https:\\\/\\\/bbqentertainment.com\\\/toode\\\/maitseainesegu-heath-riles-garlic-jalapeno-rub-340g\\\/\"]}]},{\"@type\":\"ImageObject\",\"inLanguage\":\"en-US\",\"@id\":\"https:\\\/\\\/bbqentertainment.com\\\/toode\\\/maitseainesegu-heath-riles-garlic-jalapeno-rub-340g\\\/#primaryimage\",\"url\":\"https:\\\/\\\/bbqentertainment.com\\\/wp-content\\\/uploads\\\/2025\\\/05\\\/Heath-Riles-Garlic-Jalapeno-Rub.webp\",\"contentUrl\":\"https:\\\/\\\/bbqentertainment.com\\\/wp-content\\\/uploads\\\/2025\\\/05\\\/Heath-Riles-Garlic-Jalapeno-Rub.webp\",\"width\":1100,\"height\":1100},{\"@type\":\"BreadcrumbList\",\"@id\":\"https:\\\/\\\/bbqentertainment.com\\\/toode\\\/maitseainesegu-heath-riles-garlic-jalapeno-rub-340g\\\/#breadcrumb\",\"itemListElement\":[{\"@type\":\"ListItem\",\"position\":1,\"name\":\"AVALEHT\",\"item\":\"https:\\\/\\\/bbqentertainment.com\\\/en\\\/\"},{\"@type\":\"ListItem\",\"position\":2,\"name\":\"Tooted\",\"item\":\"https:\\\/\\\/bbqentertainment.com\\\/tooted\\\/\"},{\"@type\":\"ListItem\",\"position\":3,\"name\":\"Maitseandjad\",\"item\":\"https:\\\/\\\/bbqentertainment.com\\\/en\\\/tootekategooria\\\/maitseandjad\\\/\"},{\"@type\":\"ListItem\",\"position\":4,\"name\":\"Maitseainesegu Heath Riles Garlic Jalapeno Rub 340g\"}]},{\"@type\":\"WebSite\",\"@id\":\"https:\\\/\\\/bbqentertainment.com\\\/#website\",\"url\":\"https:\\\/\\\/bbqentertainment.com\\\/\",\"name\":\"BBQ Entertainment\",\"description\":\"BBQ is a great lifestyle, not just fun!\",\"publisher\":{\"@id\":\"https:\\\/\\\/bbqentertainment.com\\\/#organization\"},\"potentialAction\":[{\"@type\":\"SearchAction\",\"target\":{\"@type\":\"EntryPoint\",\"urlTemplate\":\"https:\\\/\\\/bbqentertainment.com\\\/?s={search_term_string}\"},\"query-input\":{\"@type\":\"PropertyValueSpecification\",\"valueRequired\":true,\"valueName\":\"search_term_string\"}}],\"inLanguage\":\"en-US\"},{\"@type\":\"Organization\",\"@id\":\"https:\\\/\\\/bbqentertainment.com\\\/#organization\",\"name\":\"BBQ Entertainment O\u00dc\",\"url\":\"https:\\\/\\\/bbqentertainment.com\\\/\",\"logo\":{\"@type\":\"ImageObject\",\"inLanguage\":\"en-US\",\"@id\":\"https:\\\/\\\/bbqentertainment.com\\\/#\\\/schema\\\/logo\\\/image\\\/\",\"url\":\"https:\\\/\\\/bbqentertainment.com\\\/wp-content\\\/uploads\\\/2020\\\/04\\\/BBQ-Entertainment-N-Catering-Enn-Tobreluts-Logo.png\",\"contentUrl\":\"https:\\\/\\\/bbqentertainment.com\\\/wp-content\\\/uploads\\\/2020\\\/04\\\/BBQ-Entertainment-N-Catering-Enn-Tobreluts-Logo.png\",\"width\":628,\"height\":266,\"caption\":\"BBQ Entertainment O\u00dc\"},\"image\":{\"@id\":\"https:\\\/\\\/bbqentertainment.com\\\/#\\\/schema\\\/logo\\\/image\\\/\"},\"sameAs\":[\"https:\\\/\\\/www.facebook.com\\\/BBQ-Entertainment-N-Catering-2437913376443540\",\"https:\\\/\\\/www.instagram.com\\\/bbqentertainmentncatering\\\/\",\"https:\\\/\\\/www.youtube.com\\\/channel\\\/UCmpuANQVhLy2Md8nrenp2jA\"]}]}<\/script>\n<!-- \/ Yoast SEO plugin. -->","yoast_head_json":{"title":"Maitseainesegu Heath Riles Garlic Jalapeno Rub 340g - BBQ Entertainment","description":"V\u00fcrtsikas maitseaine k\u00fc\u00fcslaugu ja jalapenoga. Heath Riles Garlic Jalapeno Rub sobib eriti h\u00e4sti ribidele, kanale ja sealihale.","robots":{"index":"index","follow":"follow","max-snippet":"max-snippet:-1","max-image-preview":"max-image-preview:large","max-video-preview":"max-video-preview:-1"},"canonical":"https:\/\/bbqentertainment.com\/toode\/maitseainesegu-heath-riles-garlic-jalapeno-rub-340g\/","og_locale":"en_US","og_type":"article","og_title":"Maitseainesegu Heath Riles Garlic Jalapeno Rub 340g - BBQ Entertainment","og_description":"V\u00fcrtsikas maitseaine k\u00fc\u00fcslaugu ja jalapenoga. Heath Riles Garlic Jalapeno Rub sobib eriti h\u00e4sti ribidele, kanale ja sealihale.","og_url":"https:\/\/bbqentertainment.com\/toode\/maitseainesegu-heath-riles-garlic-jalapeno-rub-340g\/","og_site_name":"BBQ Entertainment","article_publisher":"https:\/\/www.facebook.com\/BBQ-Entertainment-N-Catering-2437913376443540","article_modified_time":"2025-11-05T06:29:57+00:00","og_image":[{"width":1100,"height":1100,"url":"https:\/\/bbqentertainment.com\/wp-content\/uploads\/2025\/05\/Heath-Riles-Garlic-Jalapeno-Rub.webp","type":"image\/webp"}],"twitter_card":"summary_large_image","twitter_misc":{"Est. reading time":"1 minute"},"schema":{"@context":"https:\/\/schema.org","@graph":[{"@type":["WebPage","ItemPage"],"@id":"https:\/\/bbqentertainment.com\/toode\/maitseainesegu-heath-riles-garlic-jalapeno-rub-340g\/","url":"https:\/\/bbqentertainment.com\/toode\/maitseainesegu-heath-riles-garlic-jalapeno-rub-340g\/","name":"Maitseainesegu Heath Riles Garlic Jalapeno Rub 340g - BBQ Entertainment","isPartOf":{"@id":"https:\/\/bbqentertainment.com\/#website"},"primaryImageOfPage":{"@id":"https:\/\/bbqentertainment.com\/toode\/maitseainesegu-heath-riles-garlic-jalapeno-rub-340g\/#primaryimage"},"image":{"@id":"https:\/\/bbqentertainment.com\/toode\/maitseainesegu-heath-riles-garlic-jalapeno-rub-340g\/#primaryimage"},"thumbnailUrl":"https:\/\/bbqentertainment.com\/wp-content\/uploads\/2025\/05\/Heath-Riles-Garlic-Jalapeno-Rub.webp","datePublished":"2025-05-14T08:34:03+00:00","dateModified":"2025-11-05T06:29:57+00:00","description":"V\u00fcrtsikas maitseaine k\u00fc\u00fcslaugu ja jalapenoga. Heath Riles Garlic Jalapeno Rub sobib eriti h\u00e4sti ribidele, kanale ja sealihale.","breadcrumb":{"@id":"https:\/\/bbqentertainment.com\/toode\/maitseainesegu-heath-riles-garlic-jalapeno-rub-340g\/#breadcrumb"},"inLanguage":"en-US","potentialAction":[{"@type":"ReadAction","target":["https:\/\/bbqentertainment.com\/toode\/maitseainesegu-heath-riles-garlic-jalapeno-rub-340g\/"]}]},{"@type":"ImageObject","inLanguage":"en-US","@id":"https:\/\/bbqentertainment.com\/toode\/maitseainesegu-heath-riles-garlic-jalapeno-rub-340g\/#primaryimage","url":"https:\/\/bbqentertainment.com\/wp-content\/uploads\/2025\/05\/Heath-Riles-Garlic-Jalapeno-Rub.webp","contentUrl":"https:\/\/bbqentertainment.com\/wp-content\/uploads\/2025\/05\/Heath-Riles-Garlic-Jalapeno-Rub.webp","width":1100,"height":1100},{"@type":"BreadcrumbList","@id":"https:\/\/bbqentertainment.com\/toode\/maitseainesegu-heath-riles-garlic-jalapeno-rub-340g\/#breadcrumb","itemListElement":[{"@type":"ListItem","position":1,"name":"AVALEHT","item":"https:\/\/bbqentertainment.com\/en\/"},{"@type":"ListItem","position":2,"name":"Tooted","item":"https:\/\/bbqentertainment.com\/tooted\/"},{"@type":"ListItem","position":3,"name":"Maitseandjad","item":"https:\/\/bbqentertainment.com\/en\/tootekategooria\/maitseandjad\/"},{"@type":"ListItem","position":4,"name":"Maitseainesegu Heath Riles Garlic Jalapeno Rub 340g"}]},{"@type":"WebSite","@id":"https:\/\/bbqentertainment.com\/#website","url":"https:\/\/bbqentertainment.com\/","name":"BBQ Entertainment","description":"BBQ is a great lifestyle, not just fun!","publisher":{"@id":"https:\/\/bbqentertainment.com\/#organization"},"potentialAction":[{"@type":"SearchAction","target":{"@type":"EntryPoint","urlTemplate":"https:\/\/bbqentertainment.com\/?s={search_term_string}"},"query-input":{"@type":"PropertyValueSpecification","valueRequired":true,"valueName":"search_term_string"}}],"inLanguage":"en-US"},{"@type":"Organization","@id":"https:\/\/bbqentertainment.com\/#organization","name":"BBQ Entertainment O\u00dc","url":"https:\/\/bbqentertainment.com\/","logo":{"@type":"ImageObject","inLanguage":"en-US","@id":"https:\/\/bbqentertainment.com\/#\/schema\/logo\/image\/","url":"https:\/\/bbqentertainment.com\/wp-content\/uploads\/2020\/04\/BBQ-Entertainment-N-Catering-Enn-Tobreluts-Logo.png","contentUrl":"https:\/\/bbqentertainment.com\/wp-content\/uploads\/2020\/04\/BBQ-Entertainment-N-Catering-Enn-Tobreluts-Logo.png","width":628,"height":266,"caption":"BBQ Entertainment O\u00dc"},"image":{"@id":"https:\/\/bbqentertainment.com\/#\/schema\/logo\/image\/"},"sameAs":["https:\/\/www.facebook.com\/BBQ-Entertainment-N-Catering-2437913376443540","https:\/\/www.instagram.com\/bbqentertainmentncatering\/","https:\/\/www.youtube.com\/channel\/UCmpuANQVhLy2Md8nrenp2jA"]}]}},"_links":{"self":[{"href":"https:\/\/bbqentertainment.com\/en\/wp-json\/wp\/v2\/product\/252759","targetHints":{"allow":["GET"]}}],"collection":[{"href":"https:\/\/bbqentertainment.com\/en\/wp-json\/wp\/v2\/product"}],"about":[{"href":"https:\/\/bbqentertainment.com\/en\/wp-json\/wp\/v2\/types\/product"}],"wp:featuredmedia":[{"embeddable":true,"href":"https:\/\/bbqentertainment.com\/en\/wp-json\/wp\/v2\/media\/252760"}],"wp:attachment":[{"href":"https:\/\/bbqentertainment.com\/en\/wp-json\/wp\/v2\/media?parent=252759"}],"wp:term":[{"taxonomy":"product_brand","embeddable":true,"href":"https:\/\/bbqentertainment.com\/en\/wp-json\/wp\/v2\/product_brand?post=252759"},{"taxonomy":"product_cat","embeddable":true,"href":"https:\/\/bbqentertainment.com\/en\/wp-json\/wp\/v2\/product_cat?post=252759"},{"taxonomy":"product_tag","embeddable":true,"href":"https:\/\/bbqentertainment.com\/en\/wp-json\/wp\/v2\/product_tag?post=252759"}],"curies":[{"name":"wp","href":"https:\/\/api.w.org\/{rel}","templated":true}]}}