{"id":253065,"date":"2025-06-06T14:23:36","date_gmt":"2025-06-06T11:23:36","guid":{"rendered":"https:\/\/bbqentertainment.com\/?post_type=product&#038;p=253065"},"modified":"2025-08-07T13:24:26","modified_gmt":"2025-08-07T10:24:26","slug":"ilmastikukindel-grillikate-masterbuilt-710-wifi-suitsuahjule","status":"publish","type":"product","link":"https:\/\/bbqentertainment.com\/en\/toode\/ilmastikukindel-grillikate-masterbuilt-710-wifi-suitsuahjule\/","title":{"rendered":"Ilmastikukindel grillikate Masterbuilt 710 Wifi suitsuahjule"},"content":{"rendered":"","protected":false},"excerpt":{"rendered":"<h3><strong>Ilmastikukindel grillikate Masterbuilt 710 Wifi suitsuahjule<\/strong><\/h3>\n<p data-start=\"494\" data-end=\"506\"><strong data-start=\"494\" data-end=\"506\">Omadused<\/strong><\/p>\n<ul data-start=\"508\" data-end=\"857\">\n<li data-start=\"508\" data-end=\"601\">\n<p data-start=\"510\" data-end=\"601\">Universaalne vertikaalse suitsuahju kate 710 seeria mudelitele koos v\u00f5i ilma jalgadeta<\/p>\n<\/li>\n<li data-start=\"602\" data-end=\"654\">\n<p data-start=\"604\" data-end=\"654\">Reguleeritav eespael katte t\u00e4pseks kinnitamiseks<\/p>\n<\/li>\n<li data-start=\"655\" data-end=\"736\">\n<p data-start=\"657\" data-end=\"736\">Tugevad, topelt\u00f5mblustega servad v\u00e4ldivad lekkeid ja kaitsevad ilmastiku eest<\/p>\n<\/li>\n<li data-start=\"737\" data-end=\"776\">\n<p data-start=\"739\" data-end=\"776\">PVC-sisekiht rebenemise v\u00e4ltimiseks<\/p>\n<\/li>\n<li data-start=\"777\" data-end=\"822\">\n<p data-start=\"779\" data-end=\"822\">UV-kaitse, mis hoiab \u00e4ra katte pleekimise<\/p>\n<\/li>\n<li data-start=\"823\" data-end=\"857\">\n<p data-start=\"825\" data-end=\"857\">M\u00f5\u00f5dud: 63,5 \u00d7 63,5 \u00d7 101,6 cm<\/p>\n<\/li>\n<\/ul>\n","protected":false},"featured_media":253072,"template":"","meta":{"inline_featured_image":false},"product_brand":[],"product_cat":[19,92],"product_tag":[],"class_list":{"0":"post-253065","1":"product","2":"type-product","3":"status-publish","4":"has-post-thumbnail","6":"product_cat-masterbuilt-ahjud","7":"product_cat-lisatarvikud","9":"first","10":"instock","11":"taxable","12":"shipping-taxable","13":"purchasable","14":"product-type-simple"},"yoast_head":"<!-- This site is optimized with the Yoast SEO plugin v27.4 - https:\/\/yoast.com\/product\/yoast-seo-wordpress\/ -->\n<title>Ilmastikukindel grillikate Masterbuilt 710 Wifi suitsuahjule - BBQ Entertainment<\/title>\n<meta name=\"robots\" content=\"index, follow, max-snippet:-1, max-image-preview:large, max-video-preview:-1\" \/>\n<link rel=\"canonical\" href=\"https:\/\/bbqentertainment.com\/toode\/ilmastikukindel-grillikate-masterbuilt-710-wifi-suitsuahjule\/\" \/>\n<meta property=\"og:locale\" content=\"en_US\" \/>\n<meta property=\"og:type\" content=\"article\" \/>\n<meta property=\"og:title\" content=\"Ilmastikukindel grillikate Masterbuilt 710 Wifi suitsuahjule - BBQ Entertainment\" \/>\n<meta property=\"og:description\" content=\"Ilmastikukindel grillikate Masterbuilt 710 Wifi suitsuahjule Omadused     Universaalne vertikaalse suitsuahju kate 710 seeria mudelitele koos v\u00f5i ilma jalgadeta    Reguleeritav eespael katte t\u00e4pseks kinnitamiseks    Tugevad, topelt\u00f5mblustega servad v\u00e4ldivad lekkeid ja kaitsevad ilmastiku eest    PVC-sisekiht rebenemise v\u00e4ltimiseks    UV-kaitse, mis hoiab \u00e4ra katte pleekimise    M\u00f5\u00f5dud: 63,5 \u00d7 63,5 \u00d7 101,6 cm\" \/>\n<meta property=\"og:url\" content=\"https:\/\/bbqentertainment.com\/toode\/ilmastikukindel-grillikate-masterbuilt-710-wifi-suitsuahjule\/\" \/>\n<meta property=\"og:site_name\" content=\"BBQ Entertainment\" \/>\n<meta property=\"article:publisher\" content=\"https:\/\/www.facebook.com\/BBQ-Entertainment-N-Catering-2437913376443540\" \/>\n<meta property=\"article:modified_time\" content=\"2025-08-07T10:24:26+00:00\" \/>\n<meta property=\"og:image\" content=\"https:\/\/bbqentertainment.com\/wp-content\/uploads\/2025\/06\/MB20080924-01.webp.jpeg\" \/>\n\t<meta property=\"og:image:width\" content=\"2000\" \/>\n\t<meta property=\"og:image:height\" content=\"2000\" \/>\n\t<meta property=\"og:image:type\" content=\"image\/jpeg\" \/>\n<meta name=\"twitter:card\" content=\"summary_large_image\" \/>\n<meta name=\"twitter:label1\" content=\"Est. reading time\" \/>\n\t<meta name=\"twitter:data1\" content=\"1 minute\" \/>\n<script type=\"application\/ld+json\" class=\"yoast-schema-graph\">{\"@context\":\"https:\\\/\\\/schema.org\",\"@graph\":[{\"@type\":[\"WebPage\",\"ItemPage\"],\"@id\":\"https:\\\/\\\/bbqentertainment.com\\\/toode\\\/ilmastikukindel-grillikate-masterbuilt-710-wifi-suitsuahjule\\\/\",\"url\":\"https:\\\/\\\/bbqentertainment.com\\\/toode\\\/ilmastikukindel-grillikate-masterbuilt-710-wifi-suitsuahjule\\\/\",\"name\":\"Ilmastikukindel grillikate Masterbuilt 710 Wifi suitsuahjule - BBQ Entertainment\",\"isPartOf\":{\"@id\":\"https:\\\/\\\/bbqentertainment.com\\\/#website\"},\"primaryImageOfPage\":{\"@id\":\"https:\\\/\\\/bbqentertainment.com\\\/toode\\\/ilmastikukindel-grillikate-masterbuilt-710-wifi-suitsuahjule\\\/#primaryimage\"},\"image\":{\"@id\":\"https:\\\/\\\/bbqentertainment.com\\\/toode\\\/ilmastikukindel-grillikate-masterbuilt-710-wifi-suitsuahjule\\\/#primaryimage\"},\"thumbnailUrl\":\"https:\\\/\\\/bbqentertainment.com\\\/wp-content\\\/uploads\\\/2025\\\/06\\\/MB20080924-01.webp.jpeg\",\"datePublished\":\"2025-06-06T11:23:36+00:00\",\"dateModified\":\"2025-08-07T10:24:26+00:00\",\"breadcrumb\":{\"@id\":\"https:\\\/\\\/bbqentertainment.com\\\/toode\\\/ilmastikukindel-grillikate-masterbuilt-710-wifi-suitsuahjule\\\/#breadcrumb\"},\"inLanguage\":\"en-US\",\"potentialAction\":[{\"@type\":\"ReadAction\",\"target\":[\"https:\\\/\\\/bbqentertainment.com\\\/toode\\\/ilmastikukindel-grillikate-masterbuilt-710-wifi-suitsuahjule\\\/\"]}]},{\"@type\":\"ImageObject\",\"inLanguage\":\"en-US\",\"@id\":\"https:\\\/\\\/bbqentertainment.com\\\/toode\\\/ilmastikukindel-grillikate-masterbuilt-710-wifi-suitsuahjule\\\/#primaryimage\",\"url\":\"https:\\\/\\\/bbqentertainment.com\\\/wp-content\\\/uploads\\\/2025\\\/06\\\/MB20080924-01.webp.jpeg\",\"contentUrl\":\"https:\\\/\\\/bbqentertainment.com\\\/wp-content\\\/uploads\\\/2025\\\/06\\\/MB20080924-01.webp.jpeg\",\"width\":2000,\"height\":2000},{\"@type\":\"BreadcrumbList\",\"@id\":\"https:\\\/\\\/bbqentertainment.com\\\/toode\\\/ilmastikukindel-grillikate-masterbuilt-710-wifi-suitsuahjule\\\/#breadcrumb\",\"itemListElement\":[{\"@type\":\"ListItem\",\"position\":1,\"name\":\"AVALEHT\",\"item\":\"https:\\\/\\\/bbqentertainment.com\\\/en\\\/\"},{\"@type\":\"ListItem\",\"position\":2,\"name\":\"Tooted\",\"item\":\"https:\\\/\\\/bbqentertainment.com\\\/tooted\\\/\"},{\"@type\":\"ListItem\",\"position\":3,\"name\":\"Grillid ja ahjud\",\"item\":\"https:\\\/\\\/bbqentertainment.com\\\/tootekategooria\\\/grillid-ja-ahjud\\\/\"},{\"@type\":\"ListItem\",\"position\":4,\"name\":\"Masterbuilt &amp; CharGriller\",\"item\":\"https:\\\/\\\/bbqentertainment.com\\\/tootekategooria\\\/grillid-ja-ahjud\\\/masterbuilt-ahjud\\\/\"},{\"@type\":\"ListItem\",\"position\":5,\"name\":\"Ilmastikukindel grillikate Masterbuilt 710 Wifi suitsuahjule\"}]},{\"@type\":\"WebSite\",\"@id\":\"https:\\\/\\\/bbqentertainment.com\\\/#website\",\"url\":\"https:\\\/\\\/bbqentertainment.com\\\/\",\"name\":\"BBQ Entertainment\",\"description\":\"BBQ is a great lifestyle, not just fun!\",\"publisher\":{\"@id\":\"https:\\\/\\\/bbqentertainment.com\\\/#organization\"},\"potentialAction\":[{\"@type\":\"SearchAction\",\"target\":{\"@type\":\"EntryPoint\",\"urlTemplate\":\"https:\\\/\\\/bbqentertainment.com\\\/?s={search_term_string}\"},\"query-input\":{\"@type\":\"PropertyValueSpecification\",\"valueRequired\":true,\"valueName\":\"search_term_string\"}}],\"inLanguage\":\"en-US\"},{\"@type\":\"Organization\",\"@id\":\"https:\\\/\\\/bbqentertainment.com\\\/#organization\",\"name\":\"BBQ Entertainment O\u00dc\",\"url\":\"https:\\\/\\\/bbqentertainment.com\\\/\",\"logo\":{\"@type\":\"ImageObject\",\"inLanguage\":\"en-US\",\"@id\":\"https:\\\/\\\/bbqentertainment.com\\\/#\\\/schema\\\/logo\\\/image\\\/\",\"url\":\"https:\\\/\\\/bbqentertainment.com\\\/wp-content\\\/uploads\\\/2020\\\/04\\\/BBQ-Entertainment-N-Catering-Enn-Tobreluts-Logo.png\",\"contentUrl\":\"https:\\\/\\\/bbqentertainment.com\\\/wp-content\\\/uploads\\\/2020\\\/04\\\/BBQ-Entertainment-N-Catering-Enn-Tobreluts-Logo.png\",\"width\":628,\"height\":266,\"caption\":\"BBQ Entertainment O\u00dc\"},\"image\":{\"@id\":\"https:\\\/\\\/bbqentertainment.com\\\/#\\\/schema\\\/logo\\\/image\\\/\"},\"sameAs\":[\"https:\\\/\\\/www.facebook.com\\\/BBQ-Entertainment-N-Catering-2437913376443540\",\"https:\\\/\\\/www.instagram.com\\\/bbqentertainmentncatering\\\/\",\"https:\\\/\\\/www.youtube.com\\\/channel\\\/UCmpuANQVhLy2Md8nrenp2jA\"]}]}<\/script>\n<!-- \/ Yoast SEO plugin. -->","yoast_head_json":{"title":"Ilmastikukindel grillikate Masterbuilt 710 Wifi suitsuahjule - BBQ Entertainment","robots":{"index":"index","follow":"follow","max-snippet":"max-snippet:-1","max-image-preview":"max-image-preview:large","max-video-preview":"max-video-preview:-1"},"canonical":"https:\/\/bbqentertainment.com\/toode\/ilmastikukindel-grillikate-masterbuilt-710-wifi-suitsuahjule\/","og_locale":"en_US","og_type":"article","og_title":"Ilmastikukindel grillikate Masterbuilt 710 Wifi suitsuahjule - BBQ Entertainment","og_description":"Ilmastikukindel grillikate Masterbuilt 710 Wifi suitsuahjule Omadused     Universaalne vertikaalse suitsuahju kate 710 seeria mudelitele koos v\u00f5i ilma jalgadeta    Reguleeritav eespael katte t\u00e4pseks kinnitamiseks    Tugevad, topelt\u00f5mblustega servad v\u00e4ldivad lekkeid ja kaitsevad ilmastiku eest    PVC-sisekiht rebenemise v\u00e4ltimiseks    UV-kaitse, mis hoiab \u00e4ra katte pleekimise    M\u00f5\u00f5dud: 63,5 \u00d7 63,5 \u00d7 101,6 cm","og_url":"https:\/\/bbqentertainment.com\/toode\/ilmastikukindel-grillikate-masterbuilt-710-wifi-suitsuahjule\/","og_site_name":"BBQ Entertainment","article_publisher":"https:\/\/www.facebook.com\/BBQ-Entertainment-N-Catering-2437913376443540","article_modified_time":"2025-08-07T10:24:26+00:00","og_image":[{"width":2000,"height":2000,"url":"https:\/\/bbqentertainment.com\/wp-content\/uploads\/2025\/06\/MB20080924-01.webp.jpeg","type":"image\/jpeg"}],"twitter_card":"summary_large_image","twitter_misc":{"Est. reading time":"1 minute"},"schema":{"@context":"https:\/\/schema.org","@graph":[{"@type":["WebPage","ItemPage"],"@id":"https:\/\/bbqentertainment.com\/toode\/ilmastikukindel-grillikate-masterbuilt-710-wifi-suitsuahjule\/","url":"https:\/\/bbqentertainment.com\/toode\/ilmastikukindel-grillikate-masterbuilt-710-wifi-suitsuahjule\/","name":"Ilmastikukindel grillikate Masterbuilt 710 Wifi suitsuahjule - BBQ Entertainment","isPartOf":{"@id":"https:\/\/bbqentertainment.com\/#website"},"primaryImageOfPage":{"@id":"https:\/\/bbqentertainment.com\/toode\/ilmastikukindel-grillikate-masterbuilt-710-wifi-suitsuahjule\/#primaryimage"},"image":{"@id":"https:\/\/bbqentertainment.com\/toode\/ilmastikukindel-grillikate-masterbuilt-710-wifi-suitsuahjule\/#primaryimage"},"thumbnailUrl":"https:\/\/bbqentertainment.com\/wp-content\/uploads\/2025\/06\/MB20080924-01.webp.jpeg","datePublished":"2025-06-06T11:23:36+00:00","dateModified":"2025-08-07T10:24:26+00:00","breadcrumb":{"@id":"https:\/\/bbqentertainment.com\/toode\/ilmastikukindel-grillikate-masterbuilt-710-wifi-suitsuahjule\/#breadcrumb"},"inLanguage":"en-US","potentialAction":[{"@type":"ReadAction","target":["https:\/\/bbqentertainment.com\/toode\/ilmastikukindel-grillikate-masterbuilt-710-wifi-suitsuahjule\/"]}]},{"@type":"ImageObject","inLanguage":"en-US","@id":"https:\/\/bbqentertainment.com\/toode\/ilmastikukindel-grillikate-masterbuilt-710-wifi-suitsuahjule\/#primaryimage","url":"https:\/\/bbqentertainment.com\/wp-content\/uploads\/2025\/06\/MB20080924-01.webp.jpeg","contentUrl":"https:\/\/bbqentertainment.com\/wp-content\/uploads\/2025\/06\/MB20080924-01.webp.jpeg","width":2000,"height":2000},{"@type":"BreadcrumbList","@id":"https:\/\/bbqentertainment.com\/toode\/ilmastikukindel-grillikate-masterbuilt-710-wifi-suitsuahjule\/#breadcrumb","itemListElement":[{"@type":"ListItem","position":1,"name":"AVALEHT","item":"https:\/\/bbqentertainment.com\/en\/"},{"@type":"ListItem","position":2,"name":"Tooted","item":"https:\/\/bbqentertainment.com\/tooted\/"},{"@type":"ListItem","position":3,"name":"Grillid ja ahjud","item":"https:\/\/bbqentertainment.com\/tootekategooria\/grillid-ja-ahjud\/"},{"@type":"ListItem","position":4,"name":"Masterbuilt &amp; CharGriller","item":"https:\/\/bbqentertainment.com\/tootekategooria\/grillid-ja-ahjud\/masterbuilt-ahjud\/"},{"@type":"ListItem","position":5,"name":"Ilmastikukindel grillikate Masterbuilt 710 Wifi suitsuahjule"}]},{"@type":"WebSite","@id":"https:\/\/bbqentertainment.com\/#website","url":"https:\/\/bbqentertainment.com\/","name":"BBQ Entertainment","description":"BBQ is a great lifestyle, not just fun!","publisher":{"@id":"https:\/\/bbqentertainment.com\/#organization"},"potentialAction":[{"@type":"SearchAction","target":{"@type":"EntryPoint","urlTemplate":"https:\/\/bbqentertainment.com\/?s={search_term_string}"},"query-input":{"@type":"PropertyValueSpecification","valueRequired":true,"valueName":"search_term_string"}}],"inLanguage":"en-US"},{"@type":"Organization","@id":"https:\/\/bbqentertainment.com\/#organization","name":"BBQ Entertainment O\u00dc","url":"https:\/\/bbqentertainment.com\/","logo":{"@type":"ImageObject","inLanguage":"en-US","@id":"https:\/\/bbqentertainment.com\/#\/schema\/logo\/image\/","url":"https:\/\/bbqentertainment.com\/wp-content\/uploads\/2020\/04\/BBQ-Entertainment-N-Catering-Enn-Tobreluts-Logo.png","contentUrl":"https:\/\/bbqentertainment.com\/wp-content\/uploads\/2020\/04\/BBQ-Entertainment-N-Catering-Enn-Tobreluts-Logo.png","width":628,"height":266,"caption":"BBQ Entertainment O\u00dc"},"image":{"@id":"https:\/\/bbqentertainment.com\/#\/schema\/logo\/image\/"},"sameAs":["https:\/\/www.facebook.com\/BBQ-Entertainment-N-Catering-2437913376443540","https:\/\/www.instagram.com\/bbqentertainmentncatering\/","https:\/\/www.youtube.com\/channel\/UCmpuANQVhLy2Md8nrenp2jA"]}]}},"_links":{"self":[{"href":"https:\/\/bbqentertainment.com\/en\/wp-json\/wp\/v2\/product\/253065","targetHints":{"allow":["GET"]}}],"collection":[{"href":"https:\/\/bbqentertainment.com\/en\/wp-json\/wp\/v2\/product"}],"about":[{"href":"https:\/\/bbqentertainment.com\/en\/wp-json\/wp\/v2\/types\/product"}],"wp:featuredmedia":[{"embeddable":true,"href":"https:\/\/bbqentertainment.com\/en\/wp-json\/wp\/v2\/media\/253072"}],"wp:attachment":[{"href":"https:\/\/bbqentertainment.com\/en\/wp-json\/wp\/v2\/media?parent=253065"}],"wp:term":[{"taxonomy":"product_brand","embeddable":true,"href":"https:\/\/bbqentertainment.com\/en\/wp-json\/wp\/v2\/product_brand?post=253065"},{"taxonomy":"product_cat","embeddable":true,"href":"https:\/\/bbqentertainment.com\/en\/wp-json\/wp\/v2\/product_cat?post=253065"},{"taxonomy":"product_tag","embeddable":true,"href":"https:\/\/bbqentertainment.com\/en\/wp-json\/wp\/v2\/product_tag?post=253065"}],"curies":[{"name":"wp","href":"https:\/\/api.w.org\/{rel}","templated":true}]}}