{"id":253074,"date":"2025-06-06T14:33:13","date_gmt":"2025-06-06T11:33:13","guid":{"rendered":"https:\/\/bbqentertainment.com\/?post_type=product&#038;p=253074"},"modified":"2025-07-25T13:45:51","modified_gmt":"2025-07-25T10:45:51","slug":"masterbuilt-dual-fuel-suitsuahju-kate","status":"publish","type":"product","link":"https:\/\/bbqentertainment.com\/en\/toode\/masterbuilt-dual-fuel-suitsuahju-kate\/","title":{"rendered":"Masterbuilt Dual Fuel suitsuahju kate"},"content":{"rendered":"","protected":false},"excerpt":{"rendered":"<h3><strong>Ilmastikukindel grillikate Masterbuilt Dual Fuel suitsuahjule<\/strong><\/h3>\n<p data-start=\"414\" data-end=\"426\"><strong data-start=\"414\" data-end=\"426\">Omadused<\/strong><\/p>\n<ul data-start=\"428\" data-end=\"720\">\n<li data-start=\"428\" data-end=\"523\">\n<p data-start=\"430\" data-end=\"523\">Tugevad, topelt\u00f5mblustega servad kaitsevad ilmastiku eest ja hoiavad suitsuahju uuev\u00e4\u00e4rsena<\/p>\n<\/li>\n<li data-start=\"524\" data-end=\"595\">\n<p data-start=\"526\" data-end=\"595\">PVC-sisekiht v\u00e4ldib rebenemist katte eemaldamisel v\u00f5i paigaldamisel<\/p>\n<\/li>\n<li data-start=\"596\" data-end=\"675\">\n<p data-start=\"598\" data-end=\"675\">UV-kaitse v\u00e4ldib katte pleekimist, reguleeritav pael tagab kindla kinnituse<\/p>\n<\/li>\n<li data-start=\"676\" data-end=\"720\">\n<p data-start=\"678\" data-end=\"720\">Sobib Masterbuilt Dual Fuel suitsuahjule<\/p>\n<\/li>\n<\/ul>\n","protected":false},"featured_media":253075,"template":"","meta":{"inline_featured_image":false},"product_brand":[],"product_cat":[19,92],"product_tag":[],"class_list":{"0":"post-253074","1":"product","2":"type-product","3":"status-publish","4":"has-post-thumbnail","6":"product_cat-masterbuilt-ahjud","7":"product_cat-lisatarvikud","8":"product_shipping_class-ainult-ise-jarele-tulemisega","10":"first","11":"instock","12":"taxable","13":"shipping-taxable","14":"purchasable","15":"product-type-simple"},"yoast_head":"<!-- This site is optimized with the Yoast SEO plugin v27.2 - https:\/\/yoast.com\/product\/yoast-seo-wordpress\/ -->\n<title>Masterbuilt Dual Fuel suitsuahju kate - BBQ Entertainment<\/title>\n<meta name=\"description\" content=\"Masterbuilt Dual Fuel suitsuahi\" \/>\n<meta name=\"robots\" content=\"index, follow, max-snippet:-1, max-image-preview:large, max-video-preview:-1\" \/>\n<link rel=\"canonical\" href=\"https:\/\/bbqentertainment.com\/toode\/masterbuilt-dual-fuel-suitsuahju-kate\/\" \/>\n<meta property=\"og:locale\" content=\"en_US\" \/>\n<meta property=\"og:type\" content=\"article\" \/>\n<meta property=\"og:title\" content=\"Masterbuilt Dual Fuel suitsuahju kate - BBQ Entertainment\" \/>\n<meta property=\"og:description\" content=\"Masterbuilt Dual Fuel suitsuahi\" \/>\n<meta property=\"og:url\" content=\"https:\/\/bbqentertainment.com\/toode\/masterbuilt-dual-fuel-suitsuahju-kate\/\" \/>\n<meta property=\"og:site_name\" content=\"BBQ Entertainment\" \/>\n<meta property=\"article:publisher\" content=\"https:\/\/www.facebook.com\/BBQ-Entertainment-N-Catering-2437913376443540\" \/>\n<meta property=\"article:modified_time\" content=\"2025-07-25T10:45:51+00:00\" \/>\n<meta property=\"og:image\" content=\"https:\/\/bbqentertainment.com\/wp-content\/uploads\/2025\/06\/MB_2021_Criteo__0018_MB20080419_Studio_2048x2048_2a7f79b3-951d-4028-adfc-087059b1241d.jpg.webp\" \/>\n\t<meta property=\"og:image:width\" content=\"2048\" \/>\n\t<meta property=\"og:image:height\" content=\"2048\" \/>\n\t<meta property=\"og:image:type\" content=\"image\/webp\" \/>\n<meta name=\"twitter:card\" content=\"summary_large_image\" \/>\n<meta name=\"twitter:label1\" content=\"Est. reading time\" \/>\n\t<meta name=\"twitter:data1\" content=\"1 minute\" \/>\n<script type=\"application\/ld+json\" class=\"yoast-schema-graph\">{\"@context\":\"https:\/\/schema.org\",\"@graph\":[{\"@type\":[\"WebPage\",\"ItemPage\"],\"@id\":\"https:\/\/bbqentertainment.com\/toode\/masterbuilt-dual-fuel-suitsuahju-kate\/\",\"url\":\"https:\/\/bbqentertainment.com\/toode\/masterbuilt-dual-fuel-suitsuahju-kate\/\",\"name\":\"Masterbuilt Dual Fuel suitsuahju kate - BBQ Entertainment\",\"isPartOf\":{\"@id\":\"https:\/\/bbqentertainment.com\/#website\"},\"primaryImageOfPage\":{\"@id\":\"https:\/\/bbqentertainment.com\/toode\/masterbuilt-dual-fuel-suitsuahju-kate\/#primaryimage\"},\"image\":{\"@id\":\"https:\/\/bbqentertainment.com\/toode\/masterbuilt-dual-fuel-suitsuahju-kate\/#primaryimage\"},\"thumbnailUrl\":\"https:\/\/bbqentertainment.com\/wp-content\/uploads\/2025\/06\/MB_2021_Criteo__0018_MB20080419_Studio_2048x2048_2a7f79b3-951d-4028-adfc-087059b1241d.jpg.webp\",\"datePublished\":\"2025-06-06T11:33:13+00:00\",\"dateModified\":\"2025-07-25T10:45:51+00:00\",\"description\":\"Masterbuilt Dual Fuel suitsuahi\",\"breadcrumb\":{\"@id\":\"https:\/\/bbqentertainment.com\/toode\/masterbuilt-dual-fuel-suitsuahju-kate\/#breadcrumb\"},\"inLanguage\":\"en-US\",\"potentialAction\":[{\"@type\":\"ReadAction\",\"target\":[\"https:\/\/bbqentertainment.com\/toode\/masterbuilt-dual-fuel-suitsuahju-kate\/\"]}]},{\"@type\":\"ImageObject\",\"inLanguage\":\"en-US\",\"@id\":\"https:\/\/bbqentertainment.com\/toode\/masterbuilt-dual-fuel-suitsuahju-kate\/#primaryimage\",\"url\":\"https:\/\/bbqentertainment.com\/wp-content\/uploads\/2025\/06\/MB_2021_Criteo__0018_MB20080419_Studio_2048x2048_2a7f79b3-951d-4028-adfc-087059b1241d.jpg.webp\",\"contentUrl\":\"https:\/\/bbqentertainment.com\/wp-content\/uploads\/2025\/06\/MB_2021_Criteo__0018_MB20080419_Studio_2048x2048_2a7f79b3-951d-4028-adfc-087059b1241d.jpg.webp\",\"width\":2048,\"height\":2048},{\"@type\":\"BreadcrumbList\",\"@id\":\"https:\/\/bbqentertainment.com\/toode\/masterbuilt-dual-fuel-suitsuahju-kate\/#breadcrumb\",\"itemListElement\":[{\"@type\":\"ListItem\",\"position\":1,\"name\":\"AVALEHT\",\"item\":\"https:\/\/bbqentertainment.com\/en\/\"},{\"@type\":\"ListItem\",\"position\":2,\"name\":\"Tooted\",\"item\":\"https:\/\/bbqentertainment.com\/tooted\/\"},{\"@type\":\"ListItem\",\"position\":3,\"name\":\"Grillid ja ahjud\",\"item\":\"https:\/\/bbqentertainment.com\/tootekategooria\/grillid-ja-ahjud\/\"},{\"@type\":\"ListItem\",\"position\":4,\"name\":\"Masterbuilt &amp; CharGriller\",\"item\":\"https:\/\/bbqentertainment.com\/tootekategooria\/grillid-ja-ahjud\/masterbuilt-ahjud\/\"},{\"@type\":\"ListItem\",\"position\":5,\"name\":\"Masterbuilt Dual Fuel suitsuahju kate\"}]},{\"@type\":\"WebSite\",\"@id\":\"https:\/\/bbqentertainment.com\/#website\",\"url\":\"https:\/\/bbqentertainment.com\/\",\"name\":\"BBQ Entertainment\",\"description\":\"BBQ is a great lifestyle, not just fun!\",\"publisher\":{\"@id\":\"https:\/\/bbqentertainment.com\/#organization\"},\"potentialAction\":[{\"@type\":\"SearchAction\",\"target\":{\"@type\":\"EntryPoint\",\"urlTemplate\":\"https:\/\/bbqentertainment.com\/?s={search_term_string}\"},\"query-input\":{\"@type\":\"PropertyValueSpecification\",\"valueRequired\":true,\"valueName\":\"search_term_string\"}}],\"inLanguage\":\"en-US\"},{\"@type\":\"Organization\",\"@id\":\"https:\/\/bbqentertainment.com\/#organization\",\"name\":\"BBQ Entertainment O\u00dc\",\"url\":\"https:\/\/bbqentertainment.com\/\",\"logo\":{\"@type\":\"ImageObject\",\"inLanguage\":\"en-US\",\"@id\":\"https:\/\/bbqentertainment.com\/#\/schema\/logo\/image\/\",\"url\":\"https:\/\/bbqentertainment.com\/wp-content\/uploads\/2020\/04\/BBQ-Entertainment-N-Catering-Enn-Tobreluts-Logo.png\",\"contentUrl\":\"https:\/\/bbqentertainment.com\/wp-content\/uploads\/2020\/04\/BBQ-Entertainment-N-Catering-Enn-Tobreluts-Logo.png\",\"width\":628,\"height\":266,\"caption\":\"BBQ Entertainment O\u00dc\"},\"image\":{\"@id\":\"https:\/\/bbqentertainment.com\/#\/schema\/logo\/image\/\"},\"sameAs\":[\"https:\/\/www.facebook.com\/BBQ-Entertainment-N-Catering-2437913376443540\",\"https:\/\/www.instagram.com\/bbqentertainmentncatering\/\",\"https:\/\/www.youtube.com\/channel\/UCmpuANQVhLy2Md8nrenp2jA\"]}]}<\/script>\n<!-- \/ Yoast SEO plugin. -->","yoast_head_json":{"title":"Masterbuilt Dual Fuel suitsuahju kate - BBQ Entertainment","description":"Masterbuilt Dual Fuel suitsuahi","robots":{"index":"index","follow":"follow","max-snippet":"max-snippet:-1","max-image-preview":"max-image-preview:large","max-video-preview":"max-video-preview:-1"},"canonical":"https:\/\/bbqentertainment.com\/toode\/masterbuilt-dual-fuel-suitsuahju-kate\/","og_locale":"en_US","og_type":"article","og_title":"Masterbuilt Dual Fuel suitsuahju kate - BBQ Entertainment","og_description":"Masterbuilt Dual Fuel suitsuahi","og_url":"https:\/\/bbqentertainment.com\/toode\/masterbuilt-dual-fuel-suitsuahju-kate\/","og_site_name":"BBQ Entertainment","article_publisher":"https:\/\/www.facebook.com\/BBQ-Entertainment-N-Catering-2437913376443540","article_modified_time":"2025-07-25T10:45:51+00:00","og_image":[{"width":2048,"height":2048,"url":"https:\/\/bbqentertainment.com\/wp-content\/uploads\/2025\/06\/MB_2021_Criteo__0018_MB20080419_Studio_2048x2048_2a7f79b3-951d-4028-adfc-087059b1241d.jpg.webp","type":"image\/webp"}],"twitter_card":"summary_large_image","twitter_misc":{"Est. reading time":"1 minute"},"schema":{"@context":"https:\/\/schema.org","@graph":[{"@type":["WebPage","ItemPage"],"@id":"https:\/\/bbqentertainment.com\/toode\/masterbuilt-dual-fuel-suitsuahju-kate\/","url":"https:\/\/bbqentertainment.com\/toode\/masterbuilt-dual-fuel-suitsuahju-kate\/","name":"Masterbuilt Dual Fuel suitsuahju kate - BBQ Entertainment","isPartOf":{"@id":"https:\/\/bbqentertainment.com\/#website"},"primaryImageOfPage":{"@id":"https:\/\/bbqentertainment.com\/toode\/masterbuilt-dual-fuel-suitsuahju-kate\/#primaryimage"},"image":{"@id":"https:\/\/bbqentertainment.com\/toode\/masterbuilt-dual-fuel-suitsuahju-kate\/#primaryimage"},"thumbnailUrl":"https:\/\/bbqentertainment.com\/wp-content\/uploads\/2025\/06\/MB_2021_Criteo__0018_MB20080419_Studio_2048x2048_2a7f79b3-951d-4028-adfc-087059b1241d.jpg.webp","datePublished":"2025-06-06T11:33:13+00:00","dateModified":"2025-07-25T10:45:51+00:00","description":"Masterbuilt Dual Fuel suitsuahi","breadcrumb":{"@id":"https:\/\/bbqentertainment.com\/toode\/masterbuilt-dual-fuel-suitsuahju-kate\/#breadcrumb"},"inLanguage":"en-US","potentialAction":[{"@type":"ReadAction","target":["https:\/\/bbqentertainment.com\/toode\/masterbuilt-dual-fuel-suitsuahju-kate\/"]}]},{"@type":"ImageObject","inLanguage":"en-US","@id":"https:\/\/bbqentertainment.com\/toode\/masterbuilt-dual-fuel-suitsuahju-kate\/#primaryimage","url":"https:\/\/bbqentertainment.com\/wp-content\/uploads\/2025\/06\/MB_2021_Criteo__0018_MB20080419_Studio_2048x2048_2a7f79b3-951d-4028-adfc-087059b1241d.jpg.webp","contentUrl":"https:\/\/bbqentertainment.com\/wp-content\/uploads\/2025\/06\/MB_2021_Criteo__0018_MB20080419_Studio_2048x2048_2a7f79b3-951d-4028-adfc-087059b1241d.jpg.webp","width":2048,"height":2048},{"@type":"BreadcrumbList","@id":"https:\/\/bbqentertainment.com\/toode\/masterbuilt-dual-fuel-suitsuahju-kate\/#breadcrumb","itemListElement":[{"@type":"ListItem","position":1,"name":"AVALEHT","item":"https:\/\/bbqentertainment.com\/en\/"},{"@type":"ListItem","position":2,"name":"Tooted","item":"https:\/\/bbqentertainment.com\/tooted\/"},{"@type":"ListItem","position":3,"name":"Grillid ja ahjud","item":"https:\/\/bbqentertainment.com\/tootekategooria\/grillid-ja-ahjud\/"},{"@type":"ListItem","position":4,"name":"Masterbuilt &amp; CharGriller","item":"https:\/\/bbqentertainment.com\/tootekategooria\/grillid-ja-ahjud\/masterbuilt-ahjud\/"},{"@type":"ListItem","position":5,"name":"Masterbuilt Dual Fuel suitsuahju kate"}]},{"@type":"WebSite","@id":"https:\/\/bbqentertainment.com\/#website","url":"https:\/\/bbqentertainment.com\/","name":"BBQ Entertainment","description":"BBQ is a great lifestyle, not just fun!","publisher":{"@id":"https:\/\/bbqentertainment.com\/#organization"},"potentialAction":[{"@type":"SearchAction","target":{"@type":"EntryPoint","urlTemplate":"https:\/\/bbqentertainment.com\/?s={search_term_string}"},"query-input":{"@type":"PropertyValueSpecification","valueRequired":true,"valueName":"search_term_string"}}],"inLanguage":"en-US"},{"@type":"Organization","@id":"https:\/\/bbqentertainment.com\/#organization","name":"BBQ Entertainment O\u00dc","url":"https:\/\/bbqentertainment.com\/","logo":{"@type":"ImageObject","inLanguage":"en-US","@id":"https:\/\/bbqentertainment.com\/#\/schema\/logo\/image\/","url":"https:\/\/bbqentertainment.com\/wp-content\/uploads\/2020\/04\/BBQ-Entertainment-N-Catering-Enn-Tobreluts-Logo.png","contentUrl":"https:\/\/bbqentertainment.com\/wp-content\/uploads\/2020\/04\/BBQ-Entertainment-N-Catering-Enn-Tobreluts-Logo.png","width":628,"height":266,"caption":"BBQ Entertainment O\u00dc"},"image":{"@id":"https:\/\/bbqentertainment.com\/#\/schema\/logo\/image\/"},"sameAs":["https:\/\/www.facebook.com\/BBQ-Entertainment-N-Catering-2437913376443540","https:\/\/www.instagram.com\/bbqentertainmentncatering\/","https:\/\/www.youtube.com\/channel\/UCmpuANQVhLy2Md8nrenp2jA"]}]}},"_links":{"self":[{"href":"https:\/\/bbqentertainment.com\/en\/wp-json\/wp\/v2\/product\/253074","targetHints":{"allow":["GET"]}}],"collection":[{"href":"https:\/\/bbqentertainment.com\/en\/wp-json\/wp\/v2\/product"}],"about":[{"href":"https:\/\/bbqentertainment.com\/en\/wp-json\/wp\/v2\/types\/product"}],"wp:featuredmedia":[{"embeddable":true,"href":"https:\/\/bbqentertainment.com\/en\/wp-json\/wp\/v2\/media\/253075"}],"wp:attachment":[{"href":"https:\/\/bbqentertainment.com\/en\/wp-json\/wp\/v2\/media?parent=253074"}],"wp:term":[{"taxonomy":"product_brand","embeddable":true,"href":"https:\/\/bbqentertainment.com\/en\/wp-json\/wp\/v2\/product_brand?post=253074"},{"taxonomy":"product_cat","embeddable":true,"href":"https:\/\/bbqentertainment.com\/en\/wp-json\/wp\/v2\/product_cat?post=253074"},{"taxonomy":"product_tag","embeddable":true,"href":"https:\/\/bbqentertainment.com\/en\/wp-json\/wp\/v2\/product_tag?post=253074"}],"curies":[{"name":"wp","href":"https:\/\/api.w.org\/{rel}","templated":true}]}}