{"id":253079,"date":"2025-06-06T15:09:59","date_gmt":"2025-06-06T12:09:59","guid":{"rendered":"https:\/\/bbqentertainment.com\/?post_type=product&#038;p=253079"},"modified":"2026-03-08T20:51:33","modified_gmt":"2026-03-08T18:51:33","slug":"masterbuilt-gravity-series-lihasondi-termomeeter","status":"publish","type":"product","link":"https:\/\/bbqentertainment.com\/en\/toode\/masterbuilt-gravity-series-lihasondi-termomeeter\/","title":{"rendered":"Masterbuilt Gravity Series lihasondi termomeeter"},"content":{"rendered":"","protected":false},"excerpt":{"rendered":"<h3><strong>Masterbuilt Gravity Series lihasondi termomeeter<\/strong><\/h3>\n<p data-start=\"54\" data-end=\"297\">Masterbuilt Gravity Series BBQ + suitsuahjule saab lisada kuni neli lihasondi termomeetrit. Need termomeetrid annavad t\u00e4pse temperatuuriandme digitaalsele juhtpaneelile v\u00f5i WiFi kaudu, et saaksid k\u00fcpsetada mitmesuguseid toite t\u00e4iusliku t\u00e4psusega.<\/p>\n<p data-start=\"299\" data-end=\"311\"><strong data-start=\"299\" data-end=\"311\">Omadused<\/strong><\/p>\n<ul data-start=\"313\" data-end=\"512\">\n<li data-start=\"313\" data-end=\"368\">\n<p data-start=\"315\" data-end=\"368\">Sobib k\u00f5ikidele Gravity Series BBQ + suitsuahjudele<\/p>\n<\/li>\n<li data-start=\"369\" data-end=\"431\">\n<p data-start=\"371\" data-end=\"431\">Kuvab temperatuuri digitaalsel juhtpaneelil v\u00f5i WiFi kaudu<\/p>\n<\/li>\n<li data-start=\"432\" data-end=\"474\">\n<p data-start=\"434\" data-end=\"474\">Eemaldatav, et lihtsustada puhastamist<\/p>\n<\/li>\n<li data-start=\"475\" data-end=\"512\">\n<p data-start=\"477\" data-end=\"512\">Valmistatud roostevabast terasest<\/p>\n<\/li>\n<\/ul>\n","protected":false},"featured_media":253080,"template":"","meta":{"inline_featured_image":false},"product_brand":[],"product_cat":[19,92,24],"product_tag":[],"class_list":{"0":"post-253079","1":"product","2":"type-product","3":"status-publish","4":"has-post-thumbnail","6":"product_cat-masterbuilt-ahjud","7":"product_cat-lisatarvikud","8":"product_cat-termomeetrid","10":"first","11":"instock","12":"taxable","13":"shipping-taxable","14":"purchasable","15":"product-type-simple"},"yoast_head":"<!-- This site is optimized with the Yoast SEO plugin v27.2 - https:\/\/yoast.com\/product\/yoast-seo-wordpress\/ -->\n<title>Masterbuilt Gravity Series lihasondi termomeeter - BBQ Entertainment<\/title>\n<meta name=\"robots\" content=\"index, follow, max-snippet:-1, max-image-preview:large, max-video-preview:-1\" \/>\n<link rel=\"canonical\" href=\"https:\/\/bbqentertainment.com\/toode\/masterbuilt-gravity-series-lihasondi-termomeeter\/\" \/>\n<meta property=\"og:locale\" content=\"en_US\" \/>\n<meta property=\"og:type\" content=\"article\" \/>\n<meta property=\"og:title\" content=\"Masterbuilt Gravity Series lihasondi termomeeter - BBQ Entertainment\" \/>\n<meta property=\"og:description\" content=\"Masterbuilt Gravity Series lihasondi termomeeter Masterbuilt Gravity Series BBQ + suitsuahjule saab lisada kuni neli lihasondi termomeetrit. Need termomeetrid annavad t\u00e4pse temperatuuriandme digitaalsele juhtpaneelile v\u00f5i WiFi kaudu, et saaksid k\u00fcpsetada mitmesuguseid toite t\u00e4iusliku t\u00e4psusega. Omadused     Sobib k\u00f5ikidele Gravity Series BBQ + suitsuahjudele    Kuvab temperatuuri digitaalsel juhtpaneelil v\u00f5i WiFi kaudu    Eemaldatav, et lihtsustada puhastamist    Valmistatud roostevabast terasest\" \/>\n<meta property=\"og:url\" content=\"https:\/\/bbqentertainment.com\/toode\/masterbuilt-gravity-series-lihasondi-termomeeter\/\" \/>\n<meta property=\"og:site_name\" content=\"BBQ Entertainment\" \/>\n<meta property=\"article:publisher\" content=\"https:\/\/www.facebook.com\/BBQ-Entertainment-N-Catering-2437913376443540\" \/>\n<meta property=\"article:modified_time\" content=\"2026-03-08T18:51:33+00:00\" \/>\n<meta property=\"og:image\" content=\"https:\/\/bbqentertainment.com\/wp-content\/uploads\/2025\/06\/9004190170_63f4cd75-324c-4d51-8bc2-04beacbcd770.jpg.webp\" \/>\n\t<meta property=\"og:image:width\" content=\"700\" \/>\n\t<meta property=\"og:image:height\" content=\"700\" \/>\n\t<meta property=\"og:image:type\" content=\"image\/webp\" \/>\n<meta name=\"twitter:card\" content=\"summary_large_image\" \/>\n<meta name=\"twitter:label1\" content=\"Est. reading time\" \/>\n\t<meta name=\"twitter:data1\" content=\"1 minute\" \/>\n<script type=\"application\/ld+json\" class=\"yoast-schema-graph\">{\"@context\":\"https:\/\/schema.org\",\"@graph\":[{\"@type\":[\"WebPage\",\"ItemPage\"],\"@id\":\"https:\/\/bbqentertainment.com\/toode\/masterbuilt-gravity-series-lihasondi-termomeeter\/\",\"url\":\"https:\/\/bbqentertainment.com\/toode\/masterbuilt-gravity-series-lihasondi-termomeeter\/\",\"name\":\"Masterbuilt Gravity Series lihasondi termomeeter - BBQ Entertainment\",\"isPartOf\":{\"@id\":\"https:\/\/bbqentertainment.com\/#website\"},\"primaryImageOfPage\":{\"@id\":\"https:\/\/bbqentertainment.com\/toode\/masterbuilt-gravity-series-lihasondi-termomeeter\/#primaryimage\"},\"image\":{\"@id\":\"https:\/\/bbqentertainment.com\/toode\/masterbuilt-gravity-series-lihasondi-termomeeter\/#primaryimage\"},\"thumbnailUrl\":\"https:\/\/bbqentertainment.com\/wp-content\/uploads\/2025\/06\/9004190170_63f4cd75-324c-4d51-8bc2-04beacbcd770.jpg.webp\",\"datePublished\":\"2025-06-06T12:09:59+00:00\",\"dateModified\":\"2026-03-08T18:51:33+00:00\",\"breadcrumb\":{\"@id\":\"https:\/\/bbqentertainment.com\/toode\/masterbuilt-gravity-series-lihasondi-termomeeter\/#breadcrumb\"},\"inLanguage\":\"en-US\",\"potentialAction\":[{\"@type\":\"ReadAction\",\"target\":[\"https:\/\/bbqentertainment.com\/toode\/masterbuilt-gravity-series-lihasondi-termomeeter\/\"]}]},{\"@type\":\"ImageObject\",\"inLanguage\":\"en-US\",\"@id\":\"https:\/\/bbqentertainment.com\/toode\/masterbuilt-gravity-series-lihasondi-termomeeter\/#primaryimage\",\"url\":\"https:\/\/bbqentertainment.com\/wp-content\/uploads\/2025\/06\/9004190170_63f4cd75-324c-4d51-8bc2-04beacbcd770.jpg.webp\",\"contentUrl\":\"https:\/\/bbqentertainment.com\/wp-content\/uploads\/2025\/06\/9004190170_63f4cd75-324c-4d51-8bc2-04beacbcd770.jpg.webp\",\"width\":700,\"height\":700},{\"@type\":\"BreadcrumbList\",\"@id\":\"https:\/\/bbqentertainment.com\/toode\/masterbuilt-gravity-series-lihasondi-termomeeter\/#breadcrumb\",\"itemListElement\":[{\"@type\":\"ListItem\",\"position\":1,\"name\":\"AVALEHT\",\"item\":\"https:\/\/bbqentertainment.com\/en\/\"},{\"@type\":\"ListItem\",\"position\":2,\"name\":\"Tooted\",\"item\":\"https:\/\/bbqentertainment.com\/tooted\/\"},{\"@type\":\"ListItem\",\"position\":3,\"name\":\"Grillid ja ahjud\",\"item\":\"https:\/\/bbqentertainment.com\/tootekategooria\/grillid-ja-ahjud\/\"},{\"@type\":\"ListItem\",\"position\":4,\"name\":\"Masterbuilt &amp; CharGriller\",\"item\":\"https:\/\/bbqentertainment.com\/tootekategooria\/grillid-ja-ahjud\/masterbuilt-ahjud\/\"},{\"@type\":\"ListItem\",\"position\":5,\"name\":\"Masterbuilt Gravity Series lihasondi termomeeter\"}]},{\"@type\":\"WebSite\",\"@id\":\"https:\/\/bbqentertainment.com\/#website\",\"url\":\"https:\/\/bbqentertainment.com\/\",\"name\":\"BBQ Entertainment\",\"description\":\"BBQ is a great lifestyle, not just fun!\",\"publisher\":{\"@id\":\"https:\/\/bbqentertainment.com\/#organization\"},\"potentialAction\":[{\"@type\":\"SearchAction\",\"target\":{\"@type\":\"EntryPoint\",\"urlTemplate\":\"https:\/\/bbqentertainment.com\/?s={search_term_string}\"},\"query-input\":{\"@type\":\"PropertyValueSpecification\",\"valueRequired\":true,\"valueName\":\"search_term_string\"}}],\"inLanguage\":\"en-US\"},{\"@type\":\"Organization\",\"@id\":\"https:\/\/bbqentertainment.com\/#organization\",\"name\":\"BBQ Entertainment O\u00dc\",\"url\":\"https:\/\/bbqentertainment.com\/\",\"logo\":{\"@type\":\"ImageObject\",\"inLanguage\":\"en-US\",\"@id\":\"https:\/\/bbqentertainment.com\/#\/schema\/logo\/image\/\",\"url\":\"https:\/\/bbqentertainment.com\/wp-content\/uploads\/2020\/04\/BBQ-Entertainment-N-Catering-Enn-Tobreluts-Logo.png\",\"contentUrl\":\"https:\/\/bbqentertainment.com\/wp-content\/uploads\/2020\/04\/BBQ-Entertainment-N-Catering-Enn-Tobreluts-Logo.png\",\"width\":628,\"height\":266,\"caption\":\"BBQ Entertainment O\u00dc\"},\"image\":{\"@id\":\"https:\/\/bbqentertainment.com\/#\/schema\/logo\/image\/\"},\"sameAs\":[\"https:\/\/www.facebook.com\/BBQ-Entertainment-N-Catering-2437913376443540\",\"https:\/\/www.instagram.com\/bbqentertainmentncatering\/\",\"https:\/\/www.youtube.com\/channel\/UCmpuANQVhLy2Md8nrenp2jA\"]}]}<\/script>\n<!-- \/ Yoast SEO plugin. -->","yoast_head_json":{"title":"Masterbuilt Gravity Series lihasondi termomeeter - BBQ Entertainment","robots":{"index":"index","follow":"follow","max-snippet":"max-snippet:-1","max-image-preview":"max-image-preview:large","max-video-preview":"max-video-preview:-1"},"canonical":"https:\/\/bbqentertainment.com\/toode\/masterbuilt-gravity-series-lihasondi-termomeeter\/","og_locale":"en_US","og_type":"article","og_title":"Masterbuilt Gravity Series lihasondi termomeeter - BBQ Entertainment","og_description":"Masterbuilt Gravity Series lihasondi termomeeter Masterbuilt Gravity Series BBQ + suitsuahjule saab lisada kuni neli lihasondi termomeetrit. Need termomeetrid annavad t\u00e4pse temperatuuriandme digitaalsele juhtpaneelile v\u00f5i WiFi kaudu, et saaksid k\u00fcpsetada mitmesuguseid toite t\u00e4iusliku t\u00e4psusega. Omadused     Sobib k\u00f5ikidele Gravity Series BBQ + suitsuahjudele    Kuvab temperatuuri digitaalsel juhtpaneelil v\u00f5i WiFi kaudu    Eemaldatav, et lihtsustada puhastamist    Valmistatud roostevabast terasest","og_url":"https:\/\/bbqentertainment.com\/toode\/masterbuilt-gravity-series-lihasondi-termomeeter\/","og_site_name":"BBQ Entertainment","article_publisher":"https:\/\/www.facebook.com\/BBQ-Entertainment-N-Catering-2437913376443540","article_modified_time":"2026-03-08T18:51:33+00:00","og_image":[{"width":700,"height":700,"url":"https:\/\/bbqentertainment.com\/wp-content\/uploads\/2025\/06\/9004190170_63f4cd75-324c-4d51-8bc2-04beacbcd770.jpg.webp","type":"image\/webp"}],"twitter_card":"summary_large_image","twitter_misc":{"Est. reading time":"1 minute"},"schema":{"@context":"https:\/\/schema.org","@graph":[{"@type":["WebPage","ItemPage"],"@id":"https:\/\/bbqentertainment.com\/toode\/masterbuilt-gravity-series-lihasondi-termomeeter\/","url":"https:\/\/bbqentertainment.com\/toode\/masterbuilt-gravity-series-lihasondi-termomeeter\/","name":"Masterbuilt Gravity Series lihasondi termomeeter - BBQ Entertainment","isPartOf":{"@id":"https:\/\/bbqentertainment.com\/#website"},"primaryImageOfPage":{"@id":"https:\/\/bbqentertainment.com\/toode\/masterbuilt-gravity-series-lihasondi-termomeeter\/#primaryimage"},"image":{"@id":"https:\/\/bbqentertainment.com\/toode\/masterbuilt-gravity-series-lihasondi-termomeeter\/#primaryimage"},"thumbnailUrl":"https:\/\/bbqentertainment.com\/wp-content\/uploads\/2025\/06\/9004190170_63f4cd75-324c-4d51-8bc2-04beacbcd770.jpg.webp","datePublished":"2025-06-06T12:09:59+00:00","dateModified":"2026-03-08T18:51:33+00:00","breadcrumb":{"@id":"https:\/\/bbqentertainment.com\/toode\/masterbuilt-gravity-series-lihasondi-termomeeter\/#breadcrumb"},"inLanguage":"en-US","potentialAction":[{"@type":"ReadAction","target":["https:\/\/bbqentertainment.com\/toode\/masterbuilt-gravity-series-lihasondi-termomeeter\/"]}]},{"@type":"ImageObject","inLanguage":"en-US","@id":"https:\/\/bbqentertainment.com\/toode\/masterbuilt-gravity-series-lihasondi-termomeeter\/#primaryimage","url":"https:\/\/bbqentertainment.com\/wp-content\/uploads\/2025\/06\/9004190170_63f4cd75-324c-4d51-8bc2-04beacbcd770.jpg.webp","contentUrl":"https:\/\/bbqentertainment.com\/wp-content\/uploads\/2025\/06\/9004190170_63f4cd75-324c-4d51-8bc2-04beacbcd770.jpg.webp","width":700,"height":700},{"@type":"BreadcrumbList","@id":"https:\/\/bbqentertainment.com\/toode\/masterbuilt-gravity-series-lihasondi-termomeeter\/#breadcrumb","itemListElement":[{"@type":"ListItem","position":1,"name":"AVALEHT","item":"https:\/\/bbqentertainment.com\/en\/"},{"@type":"ListItem","position":2,"name":"Tooted","item":"https:\/\/bbqentertainment.com\/tooted\/"},{"@type":"ListItem","position":3,"name":"Grillid ja ahjud","item":"https:\/\/bbqentertainment.com\/tootekategooria\/grillid-ja-ahjud\/"},{"@type":"ListItem","position":4,"name":"Masterbuilt &amp; CharGriller","item":"https:\/\/bbqentertainment.com\/tootekategooria\/grillid-ja-ahjud\/masterbuilt-ahjud\/"},{"@type":"ListItem","position":5,"name":"Masterbuilt Gravity Series lihasondi termomeeter"}]},{"@type":"WebSite","@id":"https:\/\/bbqentertainment.com\/#website","url":"https:\/\/bbqentertainment.com\/","name":"BBQ Entertainment","description":"BBQ is a great lifestyle, not just fun!","publisher":{"@id":"https:\/\/bbqentertainment.com\/#organization"},"potentialAction":[{"@type":"SearchAction","target":{"@type":"EntryPoint","urlTemplate":"https:\/\/bbqentertainment.com\/?s={search_term_string}"},"query-input":{"@type":"PropertyValueSpecification","valueRequired":true,"valueName":"search_term_string"}}],"inLanguage":"en-US"},{"@type":"Organization","@id":"https:\/\/bbqentertainment.com\/#organization","name":"BBQ Entertainment O\u00dc","url":"https:\/\/bbqentertainment.com\/","logo":{"@type":"ImageObject","inLanguage":"en-US","@id":"https:\/\/bbqentertainment.com\/#\/schema\/logo\/image\/","url":"https:\/\/bbqentertainment.com\/wp-content\/uploads\/2020\/04\/BBQ-Entertainment-N-Catering-Enn-Tobreluts-Logo.png","contentUrl":"https:\/\/bbqentertainment.com\/wp-content\/uploads\/2020\/04\/BBQ-Entertainment-N-Catering-Enn-Tobreluts-Logo.png","width":628,"height":266,"caption":"BBQ Entertainment O\u00dc"},"image":{"@id":"https:\/\/bbqentertainment.com\/#\/schema\/logo\/image\/"},"sameAs":["https:\/\/www.facebook.com\/BBQ-Entertainment-N-Catering-2437913376443540","https:\/\/www.instagram.com\/bbqentertainmentncatering\/","https:\/\/www.youtube.com\/channel\/UCmpuANQVhLy2Md8nrenp2jA"]}]}},"_links":{"self":[{"href":"https:\/\/bbqentertainment.com\/en\/wp-json\/wp\/v2\/product\/253079","targetHints":{"allow":["GET"]}}],"collection":[{"href":"https:\/\/bbqentertainment.com\/en\/wp-json\/wp\/v2\/product"}],"about":[{"href":"https:\/\/bbqentertainment.com\/en\/wp-json\/wp\/v2\/types\/product"}],"wp:featuredmedia":[{"embeddable":true,"href":"https:\/\/bbqentertainment.com\/en\/wp-json\/wp\/v2\/media\/253080"}],"wp:attachment":[{"href":"https:\/\/bbqentertainment.com\/en\/wp-json\/wp\/v2\/media?parent=253079"}],"wp:term":[{"taxonomy":"product_brand","embeddable":true,"href":"https:\/\/bbqentertainment.com\/en\/wp-json\/wp\/v2\/product_brand?post=253079"},{"taxonomy":"product_cat","embeddable":true,"href":"https:\/\/bbqentertainment.com\/en\/wp-json\/wp\/v2\/product_cat?post=253079"},{"taxonomy":"product_tag","embeddable":true,"href":"https:\/\/bbqentertainment.com\/en\/wp-json\/wp\/v2\/product_tag?post=253079"}],"curies":[{"name":"wp","href":"https:\/\/api.w.org\/{rel}","templated":true}]}}