{"id":253103,"date":"2025-06-07T11:47:59","date_gmt":"2025-06-07T08:47:59","guid":{"rendered":"https:\/\/bbqentertainment.com\/?post_type=product&#038;p=253103"},"modified":"2026-03-22T15:55:45","modified_gmt":"2026-03-22T13:55:45","slug":"char-griller-traditsiooniline-30-soegrill","status":"publish","type":"product","link":"https:\/\/bbqentertainment.com\/en\/toode\/char-griller-traditsiooniline-30-soegrill\/","title":{"rendered":"Char-Griller traditsiooniline 30&#8243; s\u00f6egrill"},"content":{"rendered":"","protected":false},"excerpt":{"rendered":"<h3><strong>Char-Griller traditsiooniline 30&#8243; s\u00f6egrill<\/strong><\/h3>\n<p data-start=\"55\" data-end=\"419\">Char-Grilleri 30-tolline s\u00f6egrill on loodud neile, kes hindavad klassikalist s\u00f6ega grillimist ja suitsutamist. Tugev teraskonstruktsioon ja lihtne hooldus tagavad, et see grill peab kaua vastu. K\u00fcpsetuspind on piisavalt suur, et valmistada toitu ka suuremale seltskonnale. Isolatsiooniga grillkorpus aitab suitsu ja soojust hoida, et toit j\u00e4\u00e4ks maitsev ja mahlane.<\/p>\n<p data-start=\"421\" data-end=\"433\"><strong data-start=\"421\" data-end=\"433\">Omadused<\/strong><\/p>\n<ul data-start=\"435\" data-end=\"863\">\n<li data-start=\"435\" data-end=\"463\">\n<p data-start=\"437\" data-end=\"463\">K\u00fcpsetuspind: 73 \u00d7 45 cm<\/p>\n<\/li>\n<li data-start=\"464\" data-end=\"485\">\n<p data-start=\"466\" data-end=\"485\">Tugev teraskorpus<\/p>\n<\/li>\n<li data-start=\"486\" data-end=\"535\">\n<p data-start=\"488\" data-end=\"535\">Isolatsiooniga grillkorpus kuumuse hoidmiseks<\/p>\n<\/li>\n<li data-start=\"536\" data-end=\"584\">\n<p data-start=\"538\" data-end=\"584\">Kahe \u00f5huklapiga t\u00e4pne \u00f5huvoolu reguleerimine<\/p>\n<\/li>\n<li data-start=\"585\" data-end=\"631\">\n<p data-start=\"587\" data-end=\"631\">Lihtsasti t\u00fchjendatav EasyDump\u2122 tuhasahtel<\/p>\n<\/li>\n<li data-start=\"632\" data-end=\"661\">\n<p data-start=\"634\" data-end=\"661\">Valurauast k\u00fcpsetusrestid<\/p>\n<\/li>\n<li data-start=\"662\" data-end=\"691\">\n<p data-start=\"664\" data-end=\"691\">Kroomitud soojendamisrest<\/p>\n<\/li>\n<li data-start=\"692\" data-end=\"726\">\n<p data-start=\"694\" data-end=\"726\">K\u00fclgmine riiul lisapinna jaoks<\/p>\n<\/li>\n<li data-start=\"727\" data-end=\"760\">\n<p data-start=\"729\" data-end=\"760\">Rattad lihtsaks liigutamiseks<\/p>\n<\/li>\n<li data-start=\"761\" data-end=\"787\">\n<p data-start=\"763\" data-end=\"787\">Komplektis resti eemaldamise t\u00f6\u00f6riist<\/p>\n<\/li>\n<li data-start=\"818\" data-end=\"863\">\n<p data-start=\"820\" data-end=\"863\">\u00dchilduv Char-Griller kaasaskantava s\u00f6egrilli &amp; suitsuahju k\u00fcljegrilliga (m\u00fc\u00fcakse eraldi)<\/p>\n<\/li>\n<\/ul>\n","protected":false},"featured_media":253108,"template":"","meta":{"inline_featured_image":false},"product_brand":[],"product_cat":[17,19],"product_tag":[],"class_list":{"0":"post-253103","1":"product","2":"type-product","3":"status-publish","4":"has-post-thumbnail","6":"product_cat-grillid-ja-ahjud","7":"product_cat-masterbuilt-ahjud","8":"product_shipping_class-ainult-ise-jarele-tulemisega","10":"first","11":"instock","12":"sale","13":"taxable","14":"shipping-taxable","15":"purchasable","16":"product-type-simple"},"yoast_head":"<!-- This site is optimized with the Yoast SEO plugin v27.2 - https:\/\/yoast.com\/product\/yoast-seo-wordpress\/ -->\n<title>Char-Griller traditsiooniline 30&quot; s\u00f6egrill - BBQ Entertainment<\/title>\n<meta name=\"description\" content=\"Char-Griller 30&#039;&#039; s\u00f6egrill pakub piisavalt ruumi ja t\u00e4pset kontrolli, et saavutada klassikaline suitsumaitse igal grillimisel.\" \/>\n<meta name=\"robots\" content=\"index, follow, max-snippet:-1, max-image-preview:large, max-video-preview:-1\" \/>\n<link rel=\"canonical\" href=\"https:\/\/bbqentertainment.com\/toode\/char-griller-traditsiooniline-30-soegrill\/\" \/>\n<meta property=\"og:locale\" content=\"en_US\" \/>\n<meta property=\"og:type\" content=\"article\" \/>\n<meta property=\"og:title\" content=\"Char-Griller traditsiooniline 30&quot; s\u00f6egrill - BBQ Entertainment\" \/>\n<meta property=\"og:description\" content=\"Char-Griller 30&#039;&#039; s\u00f6egrill pakub piisavalt ruumi ja t\u00e4pset kontrolli, et saavutada klassikaline suitsumaitse igal grillimisel.\" \/>\n<meta property=\"og:url\" content=\"https:\/\/bbqentertainment.com\/toode\/char-griller-traditsiooniline-30-soegrill\/\" \/>\n<meta property=\"og:site_name\" content=\"BBQ Entertainment\" \/>\n<meta property=\"article:publisher\" content=\"https:\/\/www.facebook.com\/BBQ-Entertainment-N-Catering-2437913376443540\" \/>\n<meta property=\"article:modified_time\" content=\"2026-03-22T13:55:45+00:00\" \/>\n<meta property=\"og:image\" content=\"https:\/\/bbqentertainment.com\/wp-content\/uploads\/2025\/06\/30-traditional-charcoal-grill-char-griller.jpg\" \/>\n\t<meta property=\"og:image:width\" content=\"800\" \/>\n\t<meta property=\"og:image:height\" content=\"800\" \/>\n\t<meta property=\"og:image:type\" content=\"image\/jpeg\" \/>\n<meta name=\"twitter:card\" content=\"summary_large_image\" \/>\n<meta name=\"twitter:label1\" content=\"Est. reading time\" \/>\n\t<meta name=\"twitter:data1\" content=\"1 minute\" \/>\n<script type=\"application\/ld+json\" class=\"yoast-schema-graph\">{\"@context\":\"https:\/\/schema.org\",\"@graph\":[{\"@type\":[\"WebPage\",\"ItemPage\"],\"@id\":\"https:\/\/bbqentertainment.com\/toode\/char-griller-traditsiooniline-30-soegrill\/\",\"url\":\"https:\/\/bbqentertainment.com\/toode\/char-griller-traditsiooniline-30-soegrill\/\",\"name\":\"Char-Griller traditsiooniline 30\\\" s\u00f6egrill - BBQ Entertainment\",\"isPartOf\":{\"@id\":\"https:\/\/bbqentertainment.com\/#website\"},\"primaryImageOfPage\":{\"@id\":\"https:\/\/bbqentertainment.com\/toode\/char-griller-traditsiooniline-30-soegrill\/#primaryimage\"},\"image\":{\"@id\":\"https:\/\/bbqentertainment.com\/toode\/char-griller-traditsiooniline-30-soegrill\/#primaryimage\"},\"thumbnailUrl\":\"https:\/\/bbqentertainment.com\/wp-content\/uploads\/2025\/06\/30-traditional-charcoal-grill-char-griller.jpg\",\"datePublished\":\"2025-06-07T08:47:59+00:00\",\"dateModified\":\"2026-03-22T13:55:45+00:00\",\"description\":\"Char-Griller 30'' s\u00f6egrill pakub piisavalt ruumi ja t\u00e4pset kontrolli, et saavutada klassikaline suitsumaitse igal grillimisel.\",\"breadcrumb\":{\"@id\":\"https:\/\/bbqentertainment.com\/toode\/char-griller-traditsiooniline-30-soegrill\/#breadcrumb\"},\"inLanguage\":\"en-US\",\"potentialAction\":[{\"@type\":\"ReadAction\",\"target\":[\"https:\/\/bbqentertainment.com\/toode\/char-griller-traditsiooniline-30-soegrill\/\"]}]},{\"@type\":\"ImageObject\",\"inLanguage\":\"en-US\",\"@id\":\"https:\/\/bbqentertainment.com\/toode\/char-griller-traditsiooniline-30-soegrill\/#primaryimage\",\"url\":\"https:\/\/bbqentertainment.com\/wp-content\/uploads\/2025\/06\/30-traditional-charcoal-grill-char-griller.jpg\",\"contentUrl\":\"https:\/\/bbqentertainment.com\/wp-content\/uploads\/2025\/06\/30-traditional-charcoal-grill-char-griller.jpg\",\"width\":800,\"height\":800},{\"@type\":\"BreadcrumbList\",\"@id\":\"https:\/\/bbqentertainment.com\/toode\/char-griller-traditsiooniline-30-soegrill\/#breadcrumb\",\"itemListElement\":[{\"@type\":\"ListItem\",\"position\":1,\"name\":\"AVALEHT\",\"item\":\"https:\/\/bbqentertainment.com\/en\/\"},{\"@type\":\"ListItem\",\"position\":2,\"name\":\"Tooted\",\"item\":\"https:\/\/bbqentertainment.com\/tooted\/\"},{\"@type\":\"ListItem\",\"position\":3,\"name\":\"Grillid ja ahjud\",\"item\":\"https:\/\/bbqentertainment.com\/tootekategooria\/grillid-ja-ahjud\/\"},{\"@type\":\"ListItem\",\"position\":4,\"name\":\"Char-Griller traditsiooniline 30&#8243; s\u00f6egrill\"}]},{\"@type\":\"WebSite\",\"@id\":\"https:\/\/bbqentertainment.com\/#website\",\"url\":\"https:\/\/bbqentertainment.com\/\",\"name\":\"BBQ Entertainment\",\"description\":\"BBQ is a great lifestyle, not just fun!\",\"publisher\":{\"@id\":\"https:\/\/bbqentertainment.com\/#organization\"},\"potentialAction\":[{\"@type\":\"SearchAction\",\"target\":{\"@type\":\"EntryPoint\",\"urlTemplate\":\"https:\/\/bbqentertainment.com\/?s={search_term_string}\"},\"query-input\":{\"@type\":\"PropertyValueSpecification\",\"valueRequired\":true,\"valueName\":\"search_term_string\"}}],\"inLanguage\":\"en-US\"},{\"@type\":\"Organization\",\"@id\":\"https:\/\/bbqentertainment.com\/#organization\",\"name\":\"BBQ Entertainment O\u00dc\",\"url\":\"https:\/\/bbqentertainment.com\/\",\"logo\":{\"@type\":\"ImageObject\",\"inLanguage\":\"en-US\",\"@id\":\"https:\/\/bbqentertainment.com\/#\/schema\/logo\/image\/\",\"url\":\"https:\/\/bbqentertainment.com\/wp-content\/uploads\/2020\/04\/BBQ-Entertainment-N-Catering-Enn-Tobreluts-Logo.png\",\"contentUrl\":\"https:\/\/bbqentertainment.com\/wp-content\/uploads\/2020\/04\/BBQ-Entertainment-N-Catering-Enn-Tobreluts-Logo.png\",\"width\":628,\"height\":266,\"caption\":\"BBQ Entertainment O\u00dc\"},\"image\":{\"@id\":\"https:\/\/bbqentertainment.com\/#\/schema\/logo\/image\/\"},\"sameAs\":[\"https:\/\/www.facebook.com\/BBQ-Entertainment-N-Catering-2437913376443540\",\"https:\/\/www.instagram.com\/bbqentertainmentncatering\/\",\"https:\/\/www.youtube.com\/channel\/UCmpuANQVhLy2Md8nrenp2jA\"]}]}<\/script>\n<!-- \/ Yoast SEO plugin. -->","yoast_head_json":{"title":"Char-Griller traditsiooniline 30\" s\u00f6egrill - BBQ Entertainment","description":"Char-Griller 30'' s\u00f6egrill pakub piisavalt ruumi ja t\u00e4pset kontrolli, et saavutada klassikaline suitsumaitse igal grillimisel.","robots":{"index":"index","follow":"follow","max-snippet":"max-snippet:-1","max-image-preview":"max-image-preview:large","max-video-preview":"max-video-preview:-1"},"canonical":"https:\/\/bbqentertainment.com\/toode\/char-griller-traditsiooniline-30-soegrill\/","og_locale":"en_US","og_type":"article","og_title":"Char-Griller traditsiooniline 30\" s\u00f6egrill - BBQ Entertainment","og_description":"Char-Griller 30'' s\u00f6egrill pakub piisavalt ruumi ja t\u00e4pset kontrolli, et saavutada klassikaline suitsumaitse igal grillimisel.","og_url":"https:\/\/bbqentertainment.com\/toode\/char-griller-traditsiooniline-30-soegrill\/","og_site_name":"BBQ Entertainment","article_publisher":"https:\/\/www.facebook.com\/BBQ-Entertainment-N-Catering-2437913376443540","article_modified_time":"2026-03-22T13:55:45+00:00","og_image":[{"width":800,"height":800,"url":"https:\/\/bbqentertainment.com\/wp-content\/uploads\/2025\/06\/30-traditional-charcoal-grill-char-griller.jpg","type":"image\/jpeg"}],"twitter_card":"summary_large_image","twitter_misc":{"Est. reading time":"1 minute"},"schema":{"@context":"https:\/\/schema.org","@graph":[{"@type":["WebPage","ItemPage"],"@id":"https:\/\/bbqentertainment.com\/toode\/char-griller-traditsiooniline-30-soegrill\/","url":"https:\/\/bbqentertainment.com\/toode\/char-griller-traditsiooniline-30-soegrill\/","name":"Char-Griller traditsiooniline 30\" s\u00f6egrill - BBQ Entertainment","isPartOf":{"@id":"https:\/\/bbqentertainment.com\/#website"},"primaryImageOfPage":{"@id":"https:\/\/bbqentertainment.com\/toode\/char-griller-traditsiooniline-30-soegrill\/#primaryimage"},"image":{"@id":"https:\/\/bbqentertainment.com\/toode\/char-griller-traditsiooniline-30-soegrill\/#primaryimage"},"thumbnailUrl":"https:\/\/bbqentertainment.com\/wp-content\/uploads\/2025\/06\/30-traditional-charcoal-grill-char-griller.jpg","datePublished":"2025-06-07T08:47:59+00:00","dateModified":"2026-03-22T13:55:45+00:00","description":"Char-Griller 30'' s\u00f6egrill pakub piisavalt ruumi ja t\u00e4pset kontrolli, et saavutada klassikaline suitsumaitse igal grillimisel.","breadcrumb":{"@id":"https:\/\/bbqentertainment.com\/toode\/char-griller-traditsiooniline-30-soegrill\/#breadcrumb"},"inLanguage":"en-US","potentialAction":[{"@type":"ReadAction","target":["https:\/\/bbqentertainment.com\/toode\/char-griller-traditsiooniline-30-soegrill\/"]}]},{"@type":"ImageObject","inLanguage":"en-US","@id":"https:\/\/bbqentertainment.com\/toode\/char-griller-traditsiooniline-30-soegrill\/#primaryimage","url":"https:\/\/bbqentertainment.com\/wp-content\/uploads\/2025\/06\/30-traditional-charcoal-grill-char-griller.jpg","contentUrl":"https:\/\/bbqentertainment.com\/wp-content\/uploads\/2025\/06\/30-traditional-charcoal-grill-char-griller.jpg","width":800,"height":800},{"@type":"BreadcrumbList","@id":"https:\/\/bbqentertainment.com\/toode\/char-griller-traditsiooniline-30-soegrill\/#breadcrumb","itemListElement":[{"@type":"ListItem","position":1,"name":"AVALEHT","item":"https:\/\/bbqentertainment.com\/en\/"},{"@type":"ListItem","position":2,"name":"Tooted","item":"https:\/\/bbqentertainment.com\/tooted\/"},{"@type":"ListItem","position":3,"name":"Grillid ja ahjud","item":"https:\/\/bbqentertainment.com\/tootekategooria\/grillid-ja-ahjud\/"},{"@type":"ListItem","position":4,"name":"Char-Griller traditsiooniline 30&#8243; s\u00f6egrill"}]},{"@type":"WebSite","@id":"https:\/\/bbqentertainment.com\/#website","url":"https:\/\/bbqentertainment.com\/","name":"BBQ Entertainment","description":"BBQ is a great lifestyle, not just fun!","publisher":{"@id":"https:\/\/bbqentertainment.com\/#organization"},"potentialAction":[{"@type":"SearchAction","target":{"@type":"EntryPoint","urlTemplate":"https:\/\/bbqentertainment.com\/?s={search_term_string}"},"query-input":{"@type":"PropertyValueSpecification","valueRequired":true,"valueName":"search_term_string"}}],"inLanguage":"en-US"},{"@type":"Organization","@id":"https:\/\/bbqentertainment.com\/#organization","name":"BBQ Entertainment O\u00dc","url":"https:\/\/bbqentertainment.com\/","logo":{"@type":"ImageObject","inLanguage":"en-US","@id":"https:\/\/bbqentertainment.com\/#\/schema\/logo\/image\/","url":"https:\/\/bbqentertainment.com\/wp-content\/uploads\/2020\/04\/BBQ-Entertainment-N-Catering-Enn-Tobreluts-Logo.png","contentUrl":"https:\/\/bbqentertainment.com\/wp-content\/uploads\/2020\/04\/BBQ-Entertainment-N-Catering-Enn-Tobreluts-Logo.png","width":628,"height":266,"caption":"BBQ Entertainment O\u00dc"},"image":{"@id":"https:\/\/bbqentertainment.com\/#\/schema\/logo\/image\/"},"sameAs":["https:\/\/www.facebook.com\/BBQ-Entertainment-N-Catering-2437913376443540","https:\/\/www.instagram.com\/bbqentertainmentncatering\/","https:\/\/www.youtube.com\/channel\/UCmpuANQVhLy2Md8nrenp2jA"]}]}},"_links":{"self":[{"href":"https:\/\/bbqentertainment.com\/en\/wp-json\/wp\/v2\/product\/253103","targetHints":{"allow":["GET"]}}],"collection":[{"href":"https:\/\/bbqentertainment.com\/en\/wp-json\/wp\/v2\/product"}],"about":[{"href":"https:\/\/bbqentertainment.com\/en\/wp-json\/wp\/v2\/types\/product"}],"wp:featuredmedia":[{"embeddable":true,"href":"https:\/\/bbqentertainment.com\/en\/wp-json\/wp\/v2\/media\/253108"}],"wp:attachment":[{"href":"https:\/\/bbqentertainment.com\/en\/wp-json\/wp\/v2\/media?parent=253103"}],"wp:term":[{"taxonomy":"product_brand","embeddable":true,"href":"https:\/\/bbqentertainment.com\/en\/wp-json\/wp\/v2\/product_brand?post=253103"},{"taxonomy":"product_cat","embeddable":true,"href":"https:\/\/bbqentertainment.com\/en\/wp-json\/wp\/v2\/product_cat?post=253103"},{"taxonomy":"product_tag","embeddable":true,"href":"https:\/\/bbqentertainment.com\/en\/wp-json\/wp\/v2\/product_tag?post=253103"}],"curies":[{"name":"wp","href":"https:\/\/api.w.org\/{rel}","templated":true}]}}