{"id":253354,"date":"2025-07-10T13:57:29","date_gmt":"2025-07-10T10:57:29","guid":{"rendered":"https:\/\/bbqentertainment.com\/?post_type=product&#038;p=253354"},"modified":"2025-12-22T11:28:39","modified_gmt":"2025-12-22T09:28:39","slug":"blues-hog-smokey-mountain-bbq-kaste-680g","status":"publish","type":"product","link":"https:\/\/bbqentertainment.com\/en\/toode\/blues-hog-smokey-mountain-bbq-kaste-680g\/","title":{"rendered":"Blues Hog Smokey Mountain BBQ kaste 680g"},"content":{"rendered":"","protected":false},"excerpt":{"rendered":"<h3><strong>Blues Hog Smokey Mountain BBQ kaste 680g<\/strong><\/h3>\n<div class=\"flex basis-auto flex-col -mb-(--composer-overlap-px) [--composer-overlap-px:55px] grow overflow-hidden\">\n<div class=\"relative h-full\">\n<div class=\"flex h-full flex-col overflow-y-auto [scrollbar-gutter:stable_both-edges] @[84rem]\/thread:pt-(--header-height)\">\n<div class=\"@thread-xl\/thread:pt-header-height flex flex-col text-sm pb-25\">\n<article class=\"text-token-text-primary w-full\" dir=\"auto\" data-testid=\"conversation-turn-2\" data-scroll-anchor=\"true\">\n<div class=\"text-base my-auto mx-auto py-5 [--thread-content-margin:--spacing(4)] @[37rem]:[--thread-content-margin:--spacing(6)] @[72rem]:[--thread-content-margin:--spacing(16)] px-(--thread-content-margin)\">\n<div class=\"[--thread-content-max-width:32rem] @[34rem]:[--thread-content-max-width:40rem] @[64rem]:[--thread-content-max-width:48rem] mx-auto flex max-w-(--thread-content-max-width) flex-1 text-base gap-4 md:gap-5 lg:gap-6 group\/turn-messages focus-visible:outline-hidden\">\n<div class=\"group\/conversation-turn relative flex w-full min-w-0 flex-col agent-turn\">\n<div class=\"relative flex-col gap-1 md:gap-3\">\n<div class=\"flex max-w-full flex-col grow\">\n<div class=\"min-h-8 text-message relative flex w-full flex-col items-end gap-2 text-start break-words whitespace-normal [.text-message+&amp;]:mt-5\" dir=\"auto\" data-message-author-role=\"assistant\" data-message-id=\"e7e24582-7253-4a76-ad76-d224da534680\" data-message-model-slug=\"gpt-4o\">\n<div class=\"flex w-full flex-col gap-1 empty:hidden first:pt-[3px]\">\n<div class=\"markdown prose dark:prose-invert w-full break-words light\">\n<p data-start=\"94\" data-end=\"472\">Blues Hog Smokey Mountain Sauce on klassikalise BBQ-kastme ja suitsuse mopikastme tasakaalus kooslus. Selle rikkalik, kergelt v\u00fcrtsikas ja suitsune maitse sobib suurep\u00e4raselt nii lihale, grillitud k\u00f6\u00f6giviljadele kui ka burgeritele ja v\u00f5ileibadele. Valmistatud kvaliteetsetest koostisosadest, et tuua esile iga suut\u00e4ie parimad maitsed.<\/p>\n<p data-start=\"474\" data-end=\"488\"><strong data-start=\"474\" data-end=\"488\">Kasutamine<\/strong><\/p>\n<p data-start=\"490\" data-end=\"725\">\u2013 <strong data-start=\"492\" data-end=\"501\">Liha:<\/strong> sobib marinaadiks ja glasuurimiseks nii kanale, seale, veiselihale kui kalale<br data-start=\"579\" data-end=\"582\" \/>\u2013 <strong data-start=\"584\" data-end=\"600\">K\u00f6\u00f6giviljad:<\/strong> lisa grillitud juurviljadele intensiivsem maitsen\u00fcanss<br data-start=\"655\" data-end=\"658\" \/>\u2013 <strong data-start=\"660\" data-end=\"686\">Burgerid ja v\u00f5ileivad:<\/strong> kasuta kastmena lisamaitse andmiseks<\/p>\n<p data-start=\"727\" data-end=\"840\">Parima tulemuse saavutad, kui lisad kastme k\u00fcpsetamise l\u00f5puosas. Nii tekib toidule karamelline ja isu\u00e4ratav pind.<\/p>\n<p data-start=\"842\" data-end=\"857\"><strong data-start=\"842\" data-end=\"857\">Koostisosad<\/strong><\/p>\n<p data-start=\"859\" data-end=\"1365\">Ketsup (tomatip\u00fcree, destilleeritud \u00e4\u00e4dikas, fruktoosisiirup, maisisiirup, sool, v\u00fcrtsid, sibulapulber, looduslikud maitsed), fariinsuhkur, \u00f5una\u00e4\u00e4dikas, suhkur, sool, vesi, v\u00fcrtsid, Worcestershire kaste (\u00e4\u00e4dikas, melass, maisisiirup, vesi, sool, karamellv\u00e4rv, k\u00fc\u00fcslaugupulber, suhkur, v\u00fcrtsid, an\u0161oovis, tamarind, looduslikud maitsed, v\u00e4\u00e4velhape), hikkoripuusuitsu maitse, t\u0161illipulber (t\u0161illipipar, v\u00fcrtsid, sool, k\u00fc\u00fcslaugupulber), paprika, k\u00fc\u00fcslaugupulber, kuivatatud sibul, maitseained, t\u0161ipotlepipar.<\/p>\n<p data-start=\"1367\" data-end=\"1411\"><strong data-start=\"1367\" data-end=\"1383\">Allergeenid:<\/strong> kala (an\u0161oovis), v\u00e4\u00e4velhape<\/p>\n<p data-start=\"1413\" data-end=\"1600\"><strong data-start=\"1413\" data-end=\"1441\">Toitev\u00e4\u00e4rtus 100 g kohta: e<\/strong>nergia 933 kJ \/ 222 kcal, sasvad 1,4 g (millest k\u00fcllastunud rasvhapped 0 g), s\u00fcsivesikud 63 g (millest suhkrud 44 g), valgud 0g, sool 2g.<br data-start=\"1546\" data-end=\"1549\" \/><br data-start=\"1572\" data-end=\"1575\" \/><strong data-start=\"1602\" data-end=\"1618\">S\u00e4ilitamine:<\/strong> hoida p\u00e4rast avamist k\u00fclmkapis.<\/p>\n<\/div>\n<\/div>\n<\/div>\n<\/div>\n<div class=\"flex min-h-[46px] justify-start\"><\/div>\n<\/div>\n<\/div>\n<\/div>\n<\/div>\n<\/article>\n<\/div>\n<\/div>\n<\/div>\n<\/div>\n<div id=\"thread-bottom-container\" class=\"content-fade relative isolate z-10 w-full basis-auto has-data-has-thread-error:pt-2 has-data-has-thread-error:[box-shadow:var(--sharp-edge-bottom-shadow)] md:border-transparent md:pt-0 dark:border-white\/20 md:dark:border-transparent flex flex-col\">\n<div id=\"thread-bottom\">\n<div class=\"text-base mx-auto [--thread-content-margin:--spacing(4)] @[37rem]:[--thread-content-margin:--spacing(6)] @[72rem]:[--thread-content-margin:--spacing(16)] px-(--thread-content-margin)\">\n<div class=\"[--thread-content-max-width:32rem] @[34rem]:[--thread-content-max-width:40rem] @[64rem]:[--thread-content-max-width:48rem] mx-auto flex max-w-(--thread-content-max-width) flex-1 text-base gap-4 md:gap-5 lg:gap-6\">\n<div class=\"max-xs:[--force-hide-label:none] relative z-1 flex h-full max-w-full flex-1 flex-col\">\n<div class=\"hidden\"><\/div>\n<div class=\"bg-token-bg-primary flex w-full cursor-text flex-col items-center justify-center overflow-clip bg-clip-padding contain-inline-size dark:bg-[#303030] shadow-short rounded-[28px]\">\n<div class=\"relative flex w-full items-end px-2.5 py-2.5\">\n<div class=\"relative flex w-full flex-auto flex-col\">\n<div class=\"relative mx-2.5 grid grid-cols-[auto_minmax(0,1fr)]\"><\/div>\n<\/div>\n<\/div>\n<\/div>\n<\/div>\n<\/div>\n<\/div>\n<\/div>\n<\/div>\n","protected":false},"featured_media":253357,"template":"","meta":{"inline_featured_image":false},"product_brand":[],"product_cat":[28,581,491],"product_tag":[],"class_list":{"0":"post-253354","1":"product","2":"type-product","3":"status-publish","4":"has-post-thumbnail","6":"product_cat-maitseandjad","7":"product_cat-bbq-kastmed","8":"product_cat-ameerika-bbq-rubid-kastmed","10":"first","11":"instock","12":"taxable","13":"shipping-taxable","14":"purchasable","15":"product-type-simple"},"yoast_head":"<!-- This site is optimized with the Yoast SEO plugin v27.4 - https:\/\/yoast.com\/product\/yoast-seo-wordpress\/ -->\n<title>Blues Hog Smokey Mountain BBQ kaste 680g - BBQ Entertainment<\/title>\n<meta name=\"description\" content=\"BBQ kaste, mis \u00fchendab klassikalise magusa tomatise maitse suitsuse v\u00fcrtsikusega. Blues Hog Smokey Mountain sobib lihale, grillroale ja burgerile.\" \/>\n<meta name=\"robots\" content=\"index, follow, max-snippet:-1, max-image-preview:large, max-video-preview:-1\" \/>\n<link rel=\"canonical\" href=\"https:\/\/bbqentertainment.com\/toode\/blues-hog-smokey-mountain-bbq-kaste-680g\/\" \/>\n<meta property=\"og:locale\" content=\"en_US\" \/>\n<meta property=\"og:type\" content=\"article\" \/>\n<meta property=\"og:title\" content=\"Blues Hog Smokey Mountain BBQ kaste 680g - BBQ Entertainment\" \/>\n<meta property=\"og:description\" content=\"BBQ kaste, mis \u00fchendab klassikalise magusa tomatise maitse suitsuse v\u00fcrtsikusega. Blues Hog Smokey Mountain sobib lihale, grillroale ja burgerile.\" \/>\n<meta property=\"og:url\" content=\"https:\/\/bbqentertainment.com\/toode\/blues-hog-smokey-mountain-bbq-kaste-680g\/\" \/>\n<meta property=\"og:site_name\" content=\"BBQ Entertainment\" \/>\n<meta property=\"article:publisher\" content=\"https:\/\/www.facebook.com\/BBQ-Entertainment-N-Catering-2437913376443540\" \/>\n<meta property=\"article:modified_time\" content=\"2025-12-22T09:28:39+00:00\" \/>\n<meta property=\"og:image\" content=\"https:\/\/bbqentertainment.com\/wp-content\/uploads\/2025\/07\/Blues_Hog_Smokey_Mountain_Front__51920.jpg\" \/>\n\t<meta property=\"og:image:width\" content=\"1000\" \/>\n\t<meta property=\"og:image:height\" content=\"1000\" \/>\n\t<meta property=\"og:image:type\" content=\"image\/jpeg\" \/>\n<meta name=\"twitter:card\" content=\"summary_large_image\" \/>\n<meta name=\"twitter:label1\" content=\"Est. reading time\" \/>\n\t<meta name=\"twitter:data1\" content=\"1 minute\" \/>\n<script type=\"application\/ld+json\" class=\"yoast-schema-graph\">{\"@context\":\"https:\\\/\\\/schema.org\",\"@graph\":[{\"@type\":[\"WebPage\",\"ItemPage\"],\"@id\":\"https:\\\/\\\/bbqentertainment.com\\\/toode\\\/blues-hog-smokey-mountain-bbq-kaste-680g\\\/\",\"url\":\"https:\\\/\\\/bbqentertainment.com\\\/toode\\\/blues-hog-smokey-mountain-bbq-kaste-680g\\\/\",\"name\":\"Blues Hog Smokey Mountain BBQ kaste 680g - BBQ Entertainment\",\"isPartOf\":{\"@id\":\"https:\\\/\\\/bbqentertainment.com\\\/#website\"},\"primaryImageOfPage\":{\"@id\":\"https:\\\/\\\/bbqentertainment.com\\\/toode\\\/blues-hog-smokey-mountain-bbq-kaste-680g\\\/#primaryimage\"},\"image\":{\"@id\":\"https:\\\/\\\/bbqentertainment.com\\\/toode\\\/blues-hog-smokey-mountain-bbq-kaste-680g\\\/#primaryimage\"},\"thumbnailUrl\":\"https:\\\/\\\/bbqentertainment.com\\\/wp-content\\\/uploads\\\/2025\\\/07\\\/Blues_Hog_Smokey_Mountain_Front__51920.jpg\",\"datePublished\":\"2025-07-10T10:57:29+00:00\",\"dateModified\":\"2025-12-22T09:28:39+00:00\",\"description\":\"BBQ kaste, mis \u00fchendab klassikalise magusa tomatise maitse suitsuse v\u00fcrtsikusega. Blues Hog Smokey Mountain sobib lihale, grillroale ja burgerile.\",\"breadcrumb\":{\"@id\":\"https:\\\/\\\/bbqentertainment.com\\\/toode\\\/blues-hog-smokey-mountain-bbq-kaste-680g\\\/#breadcrumb\"},\"inLanguage\":\"en-US\",\"potentialAction\":[{\"@type\":\"ReadAction\",\"target\":[\"https:\\\/\\\/bbqentertainment.com\\\/toode\\\/blues-hog-smokey-mountain-bbq-kaste-680g\\\/\"]}]},{\"@type\":\"ImageObject\",\"inLanguage\":\"en-US\",\"@id\":\"https:\\\/\\\/bbqentertainment.com\\\/toode\\\/blues-hog-smokey-mountain-bbq-kaste-680g\\\/#primaryimage\",\"url\":\"https:\\\/\\\/bbqentertainment.com\\\/wp-content\\\/uploads\\\/2025\\\/07\\\/Blues_Hog_Smokey_Mountain_Front__51920.jpg\",\"contentUrl\":\"https:\\\/\\\/bbqentertainment.com\\\/wp-content\\\/uploads\\\/2025\\\/07\\\/Blues_Hog_Smokey_Mountain_Front__51920.jpg\",\"width\":1000,\"height\":1000},{\"@type\":\"BreadcrumbList\",\"@id\":\"https:\\\/\\\/bbqentertainment.com\\\/toode\\\/blues-hog-smokey-mountain-bbq-kaste-680g\\\/#breadcrumb\",\"itemListElement\":[{\"@type\":\"ListItem\",\"position\":1,\"name\":\"AVALEHT\",\"item\":\"https:\\\/\\\/bbqentertainment.com\\\/en\\\/\"},{\"@type\":\"ListItem\",\"position\":2,\"name\":\"Tooted\",\"item\":\"https:\\\/\\\/bbqentertainment.com\\\/tooted\\\/\"},{\"@type\":\"ListItem\",\"position\":3,\"name\":\"Maitseandjad\",\"item\":\"https:\\\/\\\/bbqentertainment.com\\\/en\\\/tootekategooria\\\/maitseandjad\\\/\"},{\"@type\":\"ListItem\",\"position\":4,\"name\":\"AMEERIKA BBQ RUBID \\\/ KASTMED\",\"item\":\"https:\\\/\\\/bbqentertainment.com\\\/tootekategooria\\\/maitseandjad\\\/ameerika-bbq-rubid-kastmed\\\/\"},{\"@type\":\"ListItem\",\"position\":5,\"name\":\"Blues Hog Smokey Mountain BBQ kaste 680g\"}]},{\"@type\":\"WebSite\",\"@id\":\"https:\\\/\\\/bbqentertainment.com\\\/#website\",\"url\":\"https:\\\/\\\/bbqentertainment.com\\\/\",\"name\":\"BBQ Entertainment\",\"description\":\"BBQ is a great lifestyle, not just fun!\",\"publisher\":{\"@id\":\"https:\\\/\\\/bbqentertainment.com\\\/#organization\"},\"potentialAction\":[{\"@type\":\"SearchAction\",\"target\":{\"@type\":\"EntryPoint\",\"urlTemplate\":\"https:\\\/\\\/bbqentertainment.com\\\/?s={search_term_string}\"},\"query-input\":{\"@type\":\"PropertyValueSpecification\",\"valueRequired\":true,\"valueName\":\"search_term_string\"}}],\"inLanguage\":\"en-US\"},{\"@type\":\"Organization\",\"@id\":\"https:\\\/\\\/bbqentertainment.com\\\/#organization\",\"name\":\"BBQ Entertainment O\u00dc\",\"url\":\"https:\\\/\\\/bbqentertainment.com\\\/\",\"logo\":{\"@type\":\"ImageObject\",\"inLanguage\":\"en-US\",\"@id\":\"https:\\\/\\\/bbqentertainment.com\\\/#\\\/schema\\\/logo\\\/image\\\/\",\"url\":\"https:\\\/\\\/bbqentertainment.com\\\/wp-content\\\/uploads\\\/2020\\\/04\\\/BBQ-Entertainment-N-Catering-Enn-Tobreluts-Logo.png\",\"contentUrl\":\"https:\\\/\\\/bbqentertainment.com\\\/wp-content\\\/uploads\\\/2020\\\/04\\\/BBQ-Entertainment-N-Catering-Enn-Tobreluts-Logo.png\",\"width\":628,\"height\":266,\"caption\":\"BBQ Entertainment O\u00dc\"},\"image\":{\"@id\":\"https:\\\/\\\/bbqentertainment.com\\\/#\\\/schema\\\/logo\\\/image\\\/\"},\"sameAs\":[\"https:\\\/\\\/www.facebook.com\\\/BBQ-Entertainment-N-Catering-2437913376443540\",\"https:\\\/\\\/www.instagram.com\\\/bbqentertainmentncatering\\\/\",\"https:\\\/\\\/www.youtube.com\\\/channel\\\/UCmpuANQVhLy2Md8nrenp2jA\"]}]}<\/script>\n<!-- \/ Yoast SEO plugin. -->","yoast_head_json":{"title":"Blues Hog Smokey Mountain BBQ kaste 680g - BBQ Entertainment","description":"BBQ kaste, mis \u00fchendab klassikalise magusa tomatise maitse suitsuse v\u00fcrtsikusega. Blues Hog Smokey Mountain sobib lihale, grillroale ja burgerile.","robots":{"index":"index","follow":"follow","max-snippet":"max-snippet:-1","max-image-preview":"max-image-preview:large","max-video-preview":"max-video-preview:-1"},"canonical":"https:\/\/bbqentertainment.com\/toode\/blues-hog-smokey-mountain-bbq-kaste-680g\/","og_locale":"en_US","og_type":"article","og_title":"Blues Hog Smokey Mountain BBQ kaste 680g - BBQ Entertainment","og_description":"BBQ kaste, mis \u00fchendab klassikalise magusa tomatise maitse suitsuse v\u00fcrtsikusega. Blues Hog Smokey Mountain sobib lihale, grillroale ja burgerile.","og_url":"https:\/\/bbqentertainment.com\/toode\/blues-hog-smokey-mountain-bbq-kaste-680g\/","og_site_name":"BBQ Entertainment","article_publisher":"https:\/\/www.facebook.com\/BBQ-Entertainment-N-Catering-2437913376443540","article_modified_time":"2025-12-22T09:28:39+00:00","og_image":[{"width":1000,"height":1000,"url":"https:\/\/bbqentertainment.com\/wp-content\/uploads\/2025\/07\/Blues_Hog_Smokey_Mountain_Front__51920.jpg","type":"image\/jpeg"}],"twitter_card":"summary_large_image","twitter_misc":{"Est. reading time":"1 minute"},"schema":{"@context":"https:\/\/schema.org","@graph":[{"@type":["WebPage","ItemPage"],"@id":"https:\/\/bbqentertainment.com\/toode\/blues-hog-smokey-mountain-bbq-kaste-680g\/","url":"https:\/\/bbqentertainment.com\/toode\/blues-hog-smokey-mountain-bbq-kaste-680g\/","name":"Blues Hog Smokey Mountain BBQ kaste 680g - BBQ Entertainment","isPartOf":{"@id":"https:\/\/bbqentertainment.com\/#website"},"primaryImageOfPage":{"@id":"https:\/\/bbqentertainment.com\/toode\/blues-hog-smokey-mountain-bbq-kaste-680g\/#primaryimage"},"image":{"@id":"https:\/\/bbqentertainment.com\/toode\/blues-hog-smokey-mountain-bbq-kaste-680g\/#primaryimage"},"thumbnailUrl":"https:\/\/bbqentertainment.com\/wp-content\/uploads\/2025\/07\/Blues_Hog_Smokey_Mountain_Front__51920.jpg","datePublished":"2025-07-10T10:57:29+00:00","dateModified":"2025-12-22T09:28:39+00:00","description":"BBQ kaste, mis \u00fchendab klassikalise magusa tomatise maitse suitsuse v\u00fcrtsikusega. Blues Hog Smokey Mountain sobib lihale, grillroale ja burgerile.","breadcrumb":{"@id":"https:\/\/bbqentertainment.com\/toode\/blues-hog-smokey-mountain-bbq-kaste-680g\/#breadcrumb"},"inLanguage":"en-US","potentialAction":[{"@type":"ReadAction","target":["https:\/\/bbqentertainment.com\/toode\/blues-hog-smokey-mountain-bbq-kaste-680g\/"]}]},{"@type":"ImageObject","inLanguage":"en-US","@id":"https:\/\/bbqentertainment.com\/toode\/blues-hog-smokey-mountain-bbq-kaste-680g\/#primaryimage","url":"https:\/\/bbqentertainment.com\/wp-content\/uploads\/2025\/07\/Blues_Hog_Smokey_Mountain_Front__51920.jpg","contentUrl":"https:\/\/bbqentertainment.com\/wp-content\/uploads\/2025\/07\/Blues_Hog_Smokey_Mountain_Front__51920.jpg","width":1000,"height":1000},{"@type":"BreadcrumbList","@id":"https:\/\/bbqentertainment.com\/toode\/blues-hog-smokey-mountain-bbq-kaste-680g\/#breadcrumb","itemListElement":[{"@type":"ListItem","position":1,"name":"AVALEHT","item":"https:\/\/bbqentertainment.com\/en\/"},{"@type":"ListItem","position":2,"name":"Tooted","item":"https:\/\/bbqentertainment.com\/tooted\/"},{"@type":"ListItem","position":3,"name":"Maitseandjad","item":"https:\/\/bbqentertainment.com\/en\/tootekategooria\/maitseandjad\/"},{"@type":"ListItem","position":4,"name":"AMEERIKA BBQ RUBID \/ KASTMED","item":"https:\/\/bbqentertainment.com\/tootekategooria\/maitseandjad\/ameerika-bbq-rubid-kastmed\/"},{"@type":"ListItem","position":5,"name":"Blues Hog Smokey Mountain BBQ kaste 680g"}]},{"@type":"WebSite","@id":"https:\/\/bbqentertainment.com\/#website","url":"https:\/\/bbqentertainment.com\/","name":"BBQ Entertainment","description":"BBQ is a great lifestyle, not just fun!","publisher":{"@id":"https:\/\/bbqentertainment.com\/#organization"},"potentialAction":[{"@type":"SearchAction","target":{"@type":"EntryPoint","urlTemplate":"https:\/\/bbqentertainment.com\/?s={search_term_string}"},"query-input":{"@type":"PropertyValueSpecification","valueRequired":true,"valueName":"search_term_string"}}],"inLanguage":"en-US"},{"@type":"Organization","@id":"https:\/\/bbqentertainment.com\/#organization","name":"BBQ Entertainment O\u00dc","url":"https:\/\/bbqentertainment.com\/","logo":{"@type":"ImageObject","inLanguage":"en-US","@id":"https:\/\/bbqentertainment.com\/#\/schema\/logo\/image\/","url":"https:\/\/bbqentertainment.com\/wp-content\/uploads\/2020\/04\/BBQ-Entertainment-N-Catering-Enn-Tobreluts-Logo.png","contentUrl":"https:\/\/bbqentertainment.com\/wp-content\/uploads\/2020\/04\/BBQ-Entertainment-N-Catering-Enn-Tobreluts-Logo.png","width":628,"height":266,"caption":"BBQ Entertainment O\u00dc"},"image":{"@id":"https:\/\/bbqentertainment.com\/#\/schema\/logo\/image\/"},"sameAs":["https:\/\/www.facebook.com\/BBQ-Entertainment-N-Catering-2437913376443540","https:\/\/www.instagram.com\/bbqentertainmentncatering\/","https:\/\/www.youtube.com\/channel\/UCmpuANQVhLy2Md8nrenp2jA"]}]}},"_links":{"self":[{"href":"https:\/\/bbqentertainment.com\/en\/wp-json\/wp\/v2\/product\/253354","targetHints":{"allow":["GET"]}}],"collection":[{"href":"https:\/\/bbqentertainment.com\/en\/wp-json\/wp\/v2\/product"}],"about":[{"href":"https:\/\/bbqentertainment.com\/en\/wp-json\/wp\/v2\/types\/product"}],"wp:featuredmedia":[{"embeddable":true,"href":"https:\/\/bbqentertainment.com\/en\/wp-json\/wp\/v2\/media\/253357"}],"wp:attachment":[{"href":"https:\/\/bbqentertainment.com\/en\/wp-json\/wp\/v2\/media?parent=253354"}],"wp:term":[{"taxonomy":"product_brand","embeddable":true,"href":"https:\/\/bbqentertainment.com\/en\/wp-json\/wp\/v2\/product_brand?post=253354"},{"taxonomy":"product_cat","embeddable":true,"href":"https:\/\/bbqentertainment.com\/en\/wp-json\/wp\/v2\/product_cat?post=253354"},{"taxonomy":"product_tag","embeddable":true,"href":"https:\/\/bbqentertainment.com\/en\/wp-json\/wp\/v2\/product_tag?post=253354"}],"curies":[{"name":"wp","href":"https:\/\/api.w.org\/{rel}","templated":true}]}}