{"id":253446,"date":"2025-07-13T18:35:36","date_gmt":"2025-07-13T15:35:36","guid":{"rendered":"https:\/\/bbqentertainment.com\/?post_type=product&#038;p=253446"},"modified":"2026-03-03T14:05:11","modified_gmt":"2026-03-03T12:05:11","slug":"proq-kulmsuitsupuru-pook-kott-12-l","status":"publish","type":"product","link":"https:\/\/bbqentertainment.com\/en\/toode\/proq-kulmsuitsupuru-pook-kott-12-l\/","title":{"rendered":"ProQ k\u00fclmsuitsupuru &#8211; p\u00f6\u00f6k &#8211; kott 1,2 L"},"content":{"rendered":"","protected":false},"excerpt":{"rendered":"<h3><strong>ProQ k\u00fclmsuitsupuru &#8211; p\u00f6\u00f6k &#8211; kott 1,2 L<\/strong><\/h3>\n<p data-start=\"60\" data-end=\"301\">ProQ suitsutuspuru on 100% looduslik ja kemikaalivaba, m\u00f5eldud spetsiaalselt k\u00fclmsuitsutamiseks. See annab toidule peene ja aromaatse suitsumaitse ning sobib suurep\u00e4raselt juustu, kala, singi, peekoni, v\u00f5i, soola ja k\u00fc\u00fcslaugu suitsutamiseks.<\/p>\n<p data-start=\"303\" data-end=\"526\" data-is-last-node=\"\" data-is-only-node=\"\">Peeneks jahvatatud puru p\u00f5leb aeglaselt ja \u00fchtlaselt, tagades stabiilse ja puhta suitsu kogu suitsutamise v\u00e4ltel. Eriti mugav on seda kasutada koos <strong data-start=\"451\" data-end=\"483\">ProQ k\u00fclmsuitsugeneraatoriga<\/strong>, kuid sobib ka teiste sarnaste seadmetega.<\/p>\n","protected":false},"featured_media":253447,"template":"","meta":{"inline_featured_image":false},"product_brand":[],"product_cat":[473,92,26],"product_tag":[],"class_list":{"0":"post-253446","1":"product","2":"type-product","3":"status-publish","4":"has-post-thumbnail","6":"product_cat-pro-q","7":"product_cat-lisatarvikud","8":"product_cat-puidulaastud-ja-tukid","10":"first","11":"instock","12":"taxable","13":"shipping-taxable","14":"purchasable","15":"product-type-simple"},"yoast_head":"<!-- This site is optimized with the Yoast SEO plugin v27.2 - https:\/\/yoast.com\/product\/yoast-seo-wordpress\/ -->\n<title>ProQ k\u00fclmsuitsupuru - p\u00f6\u00f6k - kott 1,2 L - BBQ Entertainment<\/title>\n<meta name=\"robots\" content=\"index, follow, max-snippet:-1, max-image-preview:large, max-video-preview:-1\" \/>\n<link rel=\"canonical\" href=\"https:\/\/bbqentertainment.com\/toode\/proq-kulmsuitsupuru-pook-kott-12-l\/\" \/>\n<meta property=\"og:locale\" content=\"en_US\" \/>\n<meta property=\"og:type\" content=\"article\" \/>\n<meta property=\"og:title\" content=\"ProQ k\u00fclmsuitsupuru - p\u00f6\u00f6k - kott 1,2 L - BBQ Entertainment\" \/>\n<meta property=\"og:description\" content=\"ProQ k\u00fclmsuitsupuru - p\u00f6\u00f6k - kott 1,2 L ProQ suitsutuspuru on 100% looduslik ja kemikaalivaba, m\u00f5eldud spetsiaalselt k\u00fclmsuitsutamiseks. See annab toidule peene ja aromaatse suitsumaitse ning sobib suurep\u00e4raselt juustu, kala, singi, peekoni, v\u00f5i, soola ja k\u00fc\u00fcslaugu suitsutamiseks. Peeneks jahvatatud puru p\u00f5leb aeglaselt ja \u00fchtlaselt, tagades stabiilse ja puhta suitsu kogu suitsutamise v\u00e4ltel. Eriti mugav on seda kasutada koos ProQ k\u00fclmsuitsugeneraatoriga, kuid sobib ka teiste sarnaste seadmetega.\" \/>\n<meta property=\"og:url\" content=\"https:\/\/bbqentertainment.com\/toode\/proq-kulmsuitsupuru-pook-kott-12-l\/\" \/>\n<meta property=\"og:site_name\" content=\"BBQ Entertainment\" \/>\n<meta property=\"article:publisher\" content=\"https:\/\/www.facebook.com\/BBQ-Entertainment-N-Catering-2437913376443540\" \/>\n<meta property=\"article:modified_time\" content=\"2026-03-03T12:05:11+00:00\" \/>\n<meta property=\"og:image\" content=\"https:\/\/bbqentertainment.com\/wp-content\/uploads\/2025\/07\/ProQBeechWoodDust0824_1080x.jpg.webp\" \/>\n\t<meta property=\"og:image:width\" content=\"1000\" \/>\n\t<meta property=\"og:image:height\" content=\"1200\" \/>\n\t<meta property=\"og:image:type\" content=\"image\/webp\" \/>\n<meta name=\"twitter:card\" content=\"summary_large_image\" \/>\n<meta name=\"twitter:label1\" content=\"Est. reading time\" \/>\n\t<meta name=\"twitter:data1\" content=\"1 minute\" \/>\n<script type=\"application\/ld+json\" class=\"yoast-schema-graph\">{\"@context\":\"https:\/\/schema.org\",\"@graph\":[{\"@type\":[\"WebPage\",\"ItemPage\"],\"@id\":\"https:\/\/bbqentertainment.com\/toode\/proq-kulmsuitsupuru-pook-kott-12-l\/\",\"url\":\"https:\/\/bbqentertainment.com\/toode\/proq-kulmsuitsupuru-pook-kott-12-l\/\",\"name\":\"ProQ k\u00fclmsuitsupuru - p\u00f6\u00f6k - kott 1,2 L - BBQ Entertainment\",\"isPartOf\":{\"@id\":\"https:\/\/bbqentertainment.com\/#website\"},\"primaryImageOfPage\":{\"@id\":\"https:\/\/bbqentertainment.com\/toode\/proq-kulmsuitsupuru-pook-kott-12-l\/#primaryimage\"},\"image\":{\"@id\":\"https:\/\/bbqentertainment.com\/toode\/proq-kulmsuitsupuru-pook-kott-12-l\/#primaryimage\"},\"thumbnailUrl\":\"https:\/\/bbqentertainment.com\/wp-content\/uploads\/2025\/07\/ProQBeechWoodDust0824_1080x.jpg.webp\",\"datePublished\":\"2025-07-13T15:35:36+00:00\",\"dateModified\":\"2026-03-03T12:05:11+00:00\",\"breadcrumb\":{\"@id\":\"https:\/\/bbqentertainment.com\/toode\/proq-kulmsuitsupuru-pook-kott-12-l\/#breadcrumb\"},\"inLanguage\":\"en-US\",\"potentialAction\":[{\"@type\":\"ReadAction\",\"target\":[\"https:\/\/bbqentertainment.com\/toode\/proq-kulmsuitsupuru-pook-kott-12-l\/\"]}]},{\"@type\":\"ImageObject\",\"inLanguage\":\"en-US\",\"@id\":\"https:\/\/bbqentertainment.com\/toode\/proq-kulmsuitsupuru-pook-kott-12-l\/#primaryimage\",\"url\":\"https:\/\/bbqentertainment.com\/wp-content\/uploads\/2025\/07\/ProQBeechWoodDust0824_1080x.jpg.webp\",\"contentUrl\":\"https:\/\/bbqentertainment.com\/wp-content\/uploads\/2025\/07\/ProQBeechWoodDust0824_1080x.jpg.webp\",\"width\":1000,\"height\":1200},{\"@type\":\"BreadcrumbList\",\"@id\":\"https:\/\/bbqentertainment.com\/toode\/proq-kulmsuitsupuru-pook-kott-12-l\/#breadcrumb\",\"itemListElement\":[{\"@type\":\"ListItem\",\"position\":1,\"name\":\"AVALEHT\",\"item\":\"https:\/\/bbqentertainment.com\/en\/\"},{\"@type\":\"ListItem\",\"position\":2,\"name\":\"Tooted\",\"item\":\"https:\/\/bbqentertainment.com\/tooted\/\"},{\"@type\":\"ListItem\",\"position\":3,\"name\":\"Grillid ja ahjud\",\"item\":\"https:\/\/bbqentertainment.com\/tootekategooria\/grillid-ja-ahjud\/\"},{\"@type\":\"ListItem\",\"position\":4,\"name\":\"PRO Q\",\"item\":\"https:\/\/bbqentertainment.com\/tootekategooria\/grillid-ja-ahjud\/pro-q\/\"},{\"@type\":\"ListItem\",\"position\":5,\"name\":\"ProQ k\u00fclmsuitsupuru &#8211; p\u00f6\u00f6k &#8211; kott 1,2 L\"}]},{\"@type\":\"WebSite\",\"@id\":\"https:\/\/bbqentertainment.com\/#website\",\"url\":\"https:\/\/bbqentertainment.com\/\",\"name\":\"BBQ Entertainment\",\"description\":\"BBQ is a great lifestyle, not just fun!\",\"publisher\":{\"@id\":\"https:\/\/bbqentertainment.com\/#organization\"},\"potentialAction\":[{\"@type\":\"SearchAction\",\"target\":{\"@type\":\"EntryPoint\",\"urlTemplate\":\"https:\/\/bbqentertainment.com\/?s={search_term_string}\"},\"query-input\":{\"@type\":\"PropertyValueSpecification\",\"valueRequired\":true,\"valueName\":\"search_term_string\"}}],\"inLanguage\":\"en-US\"},{\"@type\":\"Organization\",\"@id\":\"https:\/\/bbqentertainment.com\/#organization\",\"name\":\"BBQ Entertainment O\u00dc\",\"url\":\"https:\/\/bbqentertainment.com\/\",\"logo\":{\"@type\":\"ImageObject\",\"inLanguage\":\"en-US\",\"@id\":\"https:\/\/bbqentertainment.com\/#\/schema\/logo\/image\/\",\"url\":\"https:\/\/bbqentertainment.com\/wp-content\/uploads\/2020\/04\/BBQ-Entertainment-N-Catering-Enn-Tobreluts-Logo.png\",\"contentUrl\":\"https:\/\/bbqentertainment.com\/wp-content\/uploads\/2020\/04\/BBQ-Entertainment-N-Catering-Enn-Tobreluts-Logo.png\",\"width\":628,\"height\":266,\"caption\":\"BBQ Entertainment O\u00dc\"},\"image\":{\"@id\":\"https:\/\/bbqentertainment.com\/#\/schema\/logo\/image\/\"},\"sameAs\":[\"https:\/\/www.facebook.com\/BBQ-Entertainment-N-Catering-2437913376443540\",\"https:\/\/www.instagram.com\/bbqentertainmentncatering\/\",\"https:\/\/www.youtube.com\/channel\/UCmpuANQVhLy2Md8nrenp2jA\"]}]}<\/script>\n<!-- \/ Yoast SEO plugin. -->","yoast_head_json":{"title":"ProQ k\u00fclmsuitsupuru - p\u00f6\u00f6k - kott 1,2 L - BBQ Entertainment","robots":{"index":"index","follow":"follow","max-snippet":"max-snippet:-1","max-image-preview":"max-image-preview:large","max-video-preview":"max-video-preview:-1"},"canonical":"https:\/\/bbqentertainment.com\/toode\/proq-kulmsuitsupuru-pook-kott-12-l\/","og_locale":"en_US","og_type":"article","og_title":"ProQ k\u00fclmsuitsupuru - p\u00f6\u00f6k - kott 1,2 L - BBQ Entertainment","og_description":"ProQ k\u00fclmsuitsupuru - p\u00f6\u00f6k - kott 1,2 L ProQ suitsutuspuru on 100% looduslik ja kemikaalivaba, m\u00f5eldud spetsiaalselt k\u00fclmsuitsutamiseks. See annab toidule peene ja aromaatse suitsumaitse ning sobib suurep\u00e4raselt juustu, kala, singi, peekoni, v\u00f5i, soola ja k\u00fc\u00fcslaugu suitsutamiseks. Peeneks jahvatatud puru p\u00f5leb aeglaselt ja \u00fchtlaselt, tagades stabiilse ja puhta suitsu kogu suitsutamise v\u00e4ltel. Eriti mugav on seda kasutada koos ProQ k\u00fclmsuitsugeneraatoriga, kuid sobib ka teiste sarnaste seadmetega.","og_url":"https:\/\/bbqentertainment.com\/toode\/proq-kulmsuitsupuru-pook-kott-12-l\/","og_site_name":"BBQ Entertainment","article_publisher":"https:\/\/www.facebook.com\/BBQ-Entertainment-N-Catering-2437913376443540","article_modified_time":"2026-03-03T12:05:11+00:00","og_image":[{"width":1000,"height":1200,"url":"https:\/\/bbqentertainment.com\/wp-content\/uploads\/2025\/07\/ProQBeechWoodDust0824_1080x.jpg.webp","type":"image\/webp"}],"twitter_card":"summary_large_image","twitter_misc":{"Est. reading time":"1 minute"},"schema":{"@context":"https:\/\/schema.org","@graph":[{"@type":["WebPage","ItemPage"],"@id":"https:\/\/bbqentertainment.com\/toode\/proq-kulmsuitsupuru-pook-kott-12-l\/","url":"https:\/\/bbqentertainment.com\/toode\/proq-kulmsuitsupuru-pook-kott-12-l\/","name":"ProQ k\u00fclmsuitsupuru - p\u00f6\u00f6k - kott 1,2 L - BBQ Entertainment","isPartOf":{"@id":"https:\/\/bbqentertainment.com\/#website"},"primaryImageOfPage":{"@id":"https:\/\/bbqentertainment.com\/toode\/proq-kulmsuitsupuru-pook-kott-12-l\/#primaryimage"},"image":{"@id":"https:\/\/bbqentertainment.com\/toode\/proq-kulmsuitsupuru-pook-kott-12-l\/#primaryimage"},"thumbnailUrl":"https:\/\/bbqentertainment.com\/wp-content\/uploads\/2025\/07\/ProQBeechWoodDust0824_1080x.jpg.webp","datePublished":"2025-07-13T15:35:36+00:00","dateModified":"2026-03-03T12:05:11+00:00","breadcrumb":{"@id":"https:\/\/bbqentertainment.com\/toode\/proq-kulmsuitsupuru-pook-kott-12-l\/#breadcrumb"},"inLanguage":"en-US","potentialAction":[{"@type":"ReadAction","target":["https:\/\/bbqentertainment.com\/toode\/proq-kulmsuitsupuru-pook-kott-12-l\/"]}]},{"@type":"ImageObject","inLanguage":"en-US","@id":"https:\/\/bbqentertainment.com\/toode\/proq-kulmsuitsupuru-pook-kott-12-l\/#primaryimage","url":"https:\/\/bbqentertainment.com\/wp-content\/uploads\/2025\/07\/ProQBeechWoodDust0824_1080x.jpg.webp","contentUrl":"https:\/\/bbqentertainment.com\/wp-content\/uploads\/2025\/07\/ProQBeechWoodDust0824_1080x.jpg.webp","width":1000,"height":1200},{"@type":"BreadcrumbList","@id":"https:\/\/bbqentertainment.com\/toode\/proq-kulmsuitsupuru-pook-kott-12-l\/#breadcrumb","itemListElement":[{"@type":"ListItem","position":1,"name":"AVALEHT","item":"https:\/\/bbqentertainment.com\/en\/"},{"@type":"ListItem","position":2,"name":"Tooted","item":"https:\/\/bbqentertainment.com\/tooted\/"},{"@type":"ListItem","position":3,"name":"Grillid ja ahjud","item":"https:\/\/bbqentertainment.com\/tootekategooria\/grillid-ja-ahjud\/"},{"@type":"ListItem","position":4,"name":"PRO Q","item":"https:\/\/bbqentertainment.com\/tootekategooria\/grillid-ja-ahjud\/pro-q\/"},{"@type":"ListItem","position":5,"name":"ProQ k\u00fclmsuitsupuru &#8211; p\u00f6\u00f6k &#8211; kott 1,2 L"}]},{"@type":"WebSite","@id":"https:\/\/bbqentertainment.com\/#website","url":"https:\/\/bbqentertainment.com\/","name":"BBQ Entertainment","description":"BBQ is a great lifestyle, not just fun!","publisher":{"@id":"https:\/\/bbqentertainment.com\/#organization"},"potentialAction":[{"@type":"SearchAction","target":{"@type":"EntryPoint","urlTemplate":"https:\/\/bbqentertainment.com\/?s={search_term_string}"},"query-input":{"@type":"PropertyValueSpecification","valueRequired":true,"valueName":"search_term_string"}}],"inLanguage":"en-US"},{"@type":"Organization","@id":"https:\/\/bbqentertainment.com\/#organization","name":"BBQ Entertainment O\u00dc","url":"https:\/\/bbqentertainment.com\/","logo":{"@type":"ImageObject","inLanguage":"en-US","@id":"https:\/\/bbqentertainment.com\/#\/schema\/logo\/image\/","url":"https:\/\/bbqentertainment.com\/wp-content\/uploads\/2020\/04\/BBQ-Entertainment-N-Catering-Enn-Tobreluts-Logo.png","contentUrl":"https:\/\/bbqentertainment.com\/wp-content\/uploads\/2020\/04\/BBQ-Entertainment-N-Catering-Enn-Tobreluts-Logo.png","width":628,"height":266,"caption":"BBQ Entertainment O\u00dc"},"image":{"@id":"https:\/\/bbqentertainment.com\/#\/schema\/logo\/image\/"},"sameAs":["https:\/\/www.facebook.com\/BBQ-Entertainment-N-Catering-2437913376443540","https:\/\/www.instagram.com\/bbqentertainmentncatering\/","https:\/\/www.youtube.com\/channel\/UCmpuANQVhLy2Md8nrenp2jA"]}]}},"_links":{"self":[{"href":"https:\/\/bbqentertainment.com\/en\/wp-json\/wp\/v2\/product\/253446","targetHints":{"allow":["GET"]}}],"collection":[{"href":"https:\/\/bbqentertainment.com\/en\/wp-json\/wp\/v2\/product"}],"about":[{"href":"https:\/\/bbqentertainment.com\/en\/wp-json\/wp\/v2\/types\/product"}],"wp:featuredmedia":[{"embeddable":true,"href":"https:\/\/bbqentertainment.com\/en\/wp-json\/wp\/v2\/media\/253447"}],"wp:attachment":[{"href":"https:\/\/bbqentertainment.com\/en\/wp-json\/wp\/v2\/media?parent=253446"}],"wp:term":[{"taxonomy":"product_brand","embeddable":true,"href":"https:\/\/bbqentertainment.com\/en\/wp-json\/wp\/v2\/product_brand?post=253446"},{"taxonomy":"product_cat","embeddable":true,"href":"https:\/\/bbqentertainment.com\/en\/wp-json\/wp\/v2\/product_cat?post=253446"},{"taxonomy":"product_tag","embeddable":true,"href":"https:\/\/bbqentertainment.com\/en\/wp-json\/wp\/v2\/product_tag?post=253446"}],"curies":[{"name":"wp","href":"https:\/\/api.w.org\/{rel}","templated":true}]}}