{"id":253493,"date":"2025-07-16T10:35:31","date_gmt":"2025-07-16T07:35:31","guid":{"rendered":"https:\/\/bbqentertainment.com\/?post_type=product&#038;p=253493"},"modified":"2025-07-25T13:45:38","modified_gmt":"2025-07-25T10:45:38","slug":"liha-sisetermomeeter-meater-pro-duo-wifi","status":"publish","type":"product","link":"https:\/\/bbqentertainment.com\/en\/toode\/liha-sisetermomeeter-meater-pro-duo-wifi\/","title":{"rendered":"Liha sisetermomeeter MEATER Pro Duo WIFI"},"content":{"rendered":"","protected":false},"excerpt":{"rendered":"<h3><strong>Liha sisetermomeeter MEATER Pro Duo WIFI<\/strong><\/h3>\n<div><\/div>\n<div>\n<article class=\"text-token-text-primary w-full\" dir=\"auto\" data-testid=\"conversation-turn-46\" data-scroll-anchor=\"true\">\n<div class=\"text-base my-auto mx-auto py-5 [--thread-content-margin:--spacing(4)] @[37rem]:[--thread-content-margin:--spacing(6)] @[72rem]:[--thread-content-margin:--spacing(16)] px-(--thread-content-margin)\">\n<div class=\"[--thread-content-max-width:32rem] @[34rem]:[--thread-content-max-width:40rem] @[64rem]:[--thread-content-max-width:48rem] mx-auto flex max-w-(--thread-content-max-width) flex-1 text-base gap-4 md:gap-5 lg:gap-6 group\/turn-messages focus-visible:outline-hidden\">\n<div class=\"group\/conversation-turn relative flex w-full min-w-0 flex-col agent-turn\">\n<div class=\"relative flex-col gap-1 md:gap-3\">\n<div class=\"flex max-w-full flex-col grow\">\n<div class=\"min-h-8 text-message relative flex w-full flex-col items-end gap-2 text-start break-words whitespace-normal [.text-message+&amp;]:mt-5\" dir=\"auto\" data-message-author-role=\"assistant\" data-message-id=\"f8941175-c442-4986-887d-e93c89508f91\" data-message-model-slug=\"gpt-4o\">\n<div class=\"flex w-full flex-col gap-1 empty:hidden first:pt-[3px]\">\n<div class=\"markdown prose dark:prose-invert w-full break-words light\">\n<p data-start=\"206\" data-end=\"496\">MEATER Pro Duo on uuenduslik kahe anduriga nutitermomeeter, mis v\u00f5imaldab korraga j\u00e4lgida kahe erineva lihat\u00fcki sisetemperatuuri ning \u00fcmbritseva \u00f5hu temperatuuri. T\u00e4nu WiFi-\u00fchendusele saad toidu k\u00fcpsemist reaalajas j\u00e4lgida otse oma telefonist \u2013 olgu sa k\u00f6\u00f6gis, terrassil v\u00f5i kodust eemal.<\/p>\n<p data-start=\"498\" data-end=\"946\"><strong data-start=\"498\" data-end=\"510\">Omadused<\/strong><br data-start=\"510\" data-end=\"513\" \/>\u2022 WiFi-re\u017eiim: sisseehitatud WiFi-v\u00f5imendi katab kogu kodu<br data-start=\"571\" data-end=\"574\" \/>\u2022 Topeltandurid: igas termomeetris on 5 sisetemperatuuriandurit ja 1 v\u00e4line andur \u00f5hu m\u00f5\u00f5tmiseks<br data-start=\"670\" data-end=\"673\" \/>\u2022 Juhtimine rakenduse kaudu: samm-sammuline juhend, aja- ja temperatuurip\u00f5hised teavitused<br data-start=\"763\" data-end=\"766\" \/>\u2022 T\u00e4pne algoritm: arvutab v\u00e4lja toidu k\u00fcpsetus- ja puhkeaja<br data-start=\"825\" data-end=\"828\" \/>\u2022 \u00d5hutemperatuuri m\u00f5\u00f5tepiir (BBQ): kuni 550\u202f\u00b0C<br data-start=\"874\" data-end=\"877\" \/>\u2022 Sisetemperatuuri m\u00f5\u00f5tepiir: kuni 105\u202f\u00b0C<br data-start=\"918\" data-end=\"921\" \/>\u2022 M\u00f5\u00f5tet\u00e4psus: \u00b10,18\u202f\u00b0C<\/p>\n<p data-start=\"948\" data-end=\"1458\"><strong data-start=\"948\" data-end=\"969\">Tehnilised andmed<\/strong><br data-start=\"969\" data-end=\"972\" \/>\u2022 Termomeetri materjal: roostevaba teras ja tsirkooniumkeraamika<br data-start=\"1036\" data-end=\"1039\" \/>\u2022 Laadimis- ja hoiualuse materjal: naturaalne bambus<br data-start=\"1091\" data-end=\"1094\" \/>\u2022 Disain: \u00f5huke ja elegantne<br data-start=\"1122\" data-end=\"1125\" \/>\u2022 Maksimaalne t\u00f6\u00f6temperatuur v\u00e4litingimustes: 60\u202f\u00b0C<br data-start=\"1176\" data-end=\"1179\" \/>\u2022 Sisseehitatud WiFi-v\u00f5imendi<br data-start=\"1208\" data-end=\"1211\" \/>\u2022 Otse\u00fchendus MEATER Cloud\u2019iga \u2013 kaugj\u00e4lgimise v\u00f5imalus<br data-start=\"1266\" data-end=\"1269\" \/>\u2022 T\u00e4islaetuna t\u00f6\u00f6tab \u00fcle 24 tunni<br data-start=\"1302\" data-end=\"1305\" \/>\u2022 Kiirlaadimine: 5 min = 2 tundi kasutust, 30 min = kuni 24 tundi<br data-start=\"1370\" data-end=\"1373\" \/>\u2022 M\u00f5\u00f5tmed: 15,7 \u00d7 11,8 \u00d7 3,7 cm<br data-start=\"1404\" data-end=\"1407\" \/>\u2022 Termomeetri diameeter: 5 mm<br data-start=\"1436\" data-end=\"1439\" \/>\u2022 USB-C laadimine<\/p>\n<p data-start=\"1460\" data-end=\"1554\"><strong data-start=\"1460\" data-end=\"1480\">Rakenduse n\u00f5uded<\/strong><br data-start=\"1480\" data-end=\"1483\" \/>\u2022 iPhone v\u00f5i iPad: iOS 15 v\u00f5i uuem<br data-start=\"1517\" data-end=\"1520\" \/>\u2022 Android: versioon 8.0 v\u00f5i uuem<\/p>\n<\/div>\n<\/div>\n<\/div>\n<\/div>\n<\/div>\n<div class=\"aria-live=polite absolute\">\n<div class=\"flex items-center justify-center\"><\/div>\n<\/div>\n<\/div>\n<\/div>\n<\/div>\n<\/article>\n<\/div>\n","protected":false},"featured_media":253496,"template":"","meta":{"inline_featured_image":false},"product_brand":[],"product_cat":[92,479,24],"product_tag":[],"class_list":{"0":"post-253493","1":"product","2":"type-product","3":"status-publish","4":"has-post-thumbnail","6":"product_cat-lisatarvikud","7":"product_cat-grillitarvikud","8":"product_cat-termomeetrid","10":"first","11":"instock","12":"taxable","13":"shipping-taxable","14":"purchasable","15":"product-type-simple"},"yoast_head":"<!-- This site is optimized with the Yoast SEO plugin v27.2 - https:\/\/yoast.com\/product\/yoast-seo-wordpress\/ -->\n<title>Liha sisetermomeeter MEATER Pro Duo WIFI - BBQ Entertainment<\/title>\n<meta name=\"description\" content=\"T\u00e4pne ja nutikas lihatermomeeter WiFi-\u00fchendusega \u2013 MEATER Pro Duo v\u00f5imaldab j\u00e4lgida kahe lihat\u00fcki temperatuuri reaalajas otse telefonist.\" \/>\n<meta name=\"robots\" content=\"index, follow, max-snippet:-1, max-image-preview:large, max-video-preview:-1\" \/>\n<link rel=\"canonical\" href=\"https:\/\/bbqentertainment.com\/toode\/liha-sisetermomeeter-meater-pro-duo-wifi\/\" \/>\n<meta property=\"og:locale\" content=\"en_US\" \/>\n<meta property=\"og:type\" content=\"article\" \/>\n<meta property=\"og:title\" content=\"Liha sisetermomeeter MEATER Pro Duo WIFI - BBQ Entertainment\" \/>\n<meta property=\"og:description\" content=\"T\u00e4pne ja nutikas lihatermomeeter WiFi-\u00fchendusega \u2013 MEATER Pro Duo v\u00f5imaldab j\u00e4lgida kahe lihat\u00fcki temperatuuri reaalajas otse telefonist.\" \/>\n<meta property=\"og:url\" content=\"https:\/\/bbqentertainment.com\/toode\/liha-sisetermomeeter-meater-pro-duo-wifi\/\" \/>\n<meta property=\"og:site_name\" content=\"BBQ Entertainment\" \/>\n<meta property=\"article:publisher\" content=\"https:\/\/www.facebook.com\/BBQ-Entertainment-N-Catering-2437913376443540\" \/>\n<meta property=\"article:modified_time\" content=\"2025-07-25T10:45:38+00:00\" \/>\n<meta property=\"og:image\" content=\"https:\/\/bbqentertainment.com\/wp-content\/uploads\/2025\/07\/img_2024DUO1000px994x994_e34f40a5249cce39a6748b71971456bb.png\" \/>\n\t<meta property=\"og:image:width\" content=\"680\" \/>\n\t<meta property=\"og:image:height\" content=\"680\" \/>\n\t<meta property=\"og:image:type\" content=\"image\/png\" \/>\n<meta name=\"twitter:card\" content=\"summary_large_image\" \/>\n<meta name=\"twitter:label1\" content=\"Est. reading time\" \/>\n\t<meta name=\"twitter:data1\" content=\"1 minute\" \/>\n<script type=\"application\/ld+json\" class=\"yoast-schema-graph\">{\"@context\":\"https:\/\/schema.org\",\"@graph\":[{\"@type\":[\"WebPage\",\"ItemPage\"],\"@id\":\"https:\/\/bbqentertainment.com\/toode\/liha-sisetermomeeter-meater-pro-duo-wifi\/\",\"url\":\"https:\/\/bbqentertainment.com\/toode\/liha-sisetermomeeter-meater-pro-duo-wifi\/\",\"name\":\"Liha sisetermomeeter MEATER Pro Duo WIFI - BBQ Entertainment\",\"isPartOf\":{\"@id\":\"https:\/\/bbqentertainment.com\/#website\"},\"primaryImageOfPage\":{\"@id\":\"https:\/\/bbqentertainment.com\/toode\/liha-sisetermomeeter-meater-pro-duo-wifi\/#primaryimage\"},\"image\":{\"@id\":\"https:\/\/bbqentertainment.com\/toode\/liha-sisetermomeeter-meater-pro-duo-wifi\/#primaryimage\"},\"thumbnailUrl\":\"https:\/\/bbqentertainment.com\/wp-content\/uploads\/2025\/07\/img_2024DUO1000px994x994_e34f40a5249cce39a6748b71971456bb.png\",\"datePublished\":\"2025-07-16T07:35:31+00:00\",\"dateModified\":\"2025-07-25T10:45:38+00:00\",\"description\":\"T\u00e4pne ja nutikas lihatermomeeter WiFi-\u00fchendusega \u2013 MEATER Pro Duo v\u00f5imaldab j\u00e4lgida kahe lihat\u00fcki temperatuuri reaalajas otse telefonist.\",\"breadcrumb\":{\"@id\":\"https:\/\/bbqentertainment.com\/toode\/liha-sisetermomeeter-meater-pro-duo-wifi\/#breadcrumb\"},\"inLanguage\":\"en-US\",\"potentialAction\":[{\"@type\":\"ReadAction\",\"target\":[\"https:\/\/bbqentertainment.com\/toode\/liha-sisetermomeeter-meater-pro-duo-wifi\/\"]}]},{\"@type\":\"ImageObject\",\"inLanguage\":\"en-US\",\"@id\":\"https:\/\/bbqentertainment.com\/toode\/liha-sisetermomeeter-meater-pro-duo-wifi\/#primaryimage\",\"url\":\"https:\/\/bbqentertainment.com\/wp-content\/uploads\/2025\/07\/img_2024DUO1000px994x994_e34f40a5249cce39a6748b71971456bb.png\",\"contentUrl\":\"https:\/\/bbqentertainment.com\/wp-content\/uploads\/2025\/07\/img_2024DUO1000px994x994_e34f40a5249cce39a6748b71971456bb.png\",\"width\":680,\"height\":680},{\"@type\":\"BreadcrumbList\",\"@id\":\"https:\/\/bbqentertainment.com\/toode\/liha-sisetermomeeter-meater-pro-duo-wifi\/#breadcrumb\",\"itemListElement\":[{\"@type\":\"ListItem\",\"position\":1,\"name\":\"AVALEHT\",\"item\":\"https:\/\/bbqentertainment.com\/en\/\"},{\"@type\":\"ListItem\",\"position\":2,\"name\":\"Tooted\",\"item\":\"https:\/\/bbqentertainment.com\/tooted\/\"},{\"@type\":\"ListItem\",\"position\":3,\"name\":\"Lisatarvikud\",\"item\":\"https:\/\/bbqentertainment.com\/tootekategooria\/lisatarvikud\/\"},{\"@type\":\"ListItem\",\"position\":4,\"name\":\"Liha sisetermomeeter MEATER Pro Duo WIFI\"}]},{\"@type\":\"WebSite\",\"@id\":\"https:\/\/bbqentertainment.com\/#website\",\"url\":\"https:\/\/bbqentertainment.com\/\",\"name\":\"BBQ Entertainment\",\"description\":\"BBQ is a great lifestyle, not just fun!\",\"publisher\":{\"@id\":\"https:\/\/bbqentertainment.com\/#organization\"},\"potentialAction\":[{\"@type\":\"SearchAction\",\"target\":{\"@type\":\"EntryPoint\",\"urlTemplate\":\"https:\/\/bbqentertainment.com\/?s={search_term_string}\"},\"query-input\":{\"@type\":\"PropertyValueSpecification\",\"valueRequired\":true,\"valueName\":\"search_term_string\"}}],\"inLanguage\":\"en-US\"},{\"@type\":\"Organization\",\"@id\":\"https:\/\/bbqentertainment.com\/#organization\",\"name\":\"BBQ Entertainment O\u00dc\",\"url\":\"https:\/\/bbqentertainment.com\/\",\"logo\":{\"@type\":\"ImageObject\",\"inLanguage\":\"en-US\",\"@id\":\"https:\/\/bbqentertainment.com\/#\/schema\/logo\/image\/\",\"url\":\"https:\/\/bbqentertainment.com\/wp-content\/uploads\/2020\/04\/BBQ-Entertainment-N-Catering-Enn-Tobreluts-Logo.png\",\"contentUrl\":\"https:\/\/bbqentertainment.com\/wp-content\/uploads\/2020\/04\/BBQ-Entertainment-N-Catering-Enn-Tobreluts-Logo.png\",\"width\":628,\"height\":266,\"caption\":\"BBQ Entertainment O\u00dc\"},\"image\":{\"@id\":\"https:\/\/bbqentertainment.com\/#\/schema\/logo\/image\/\"},\"sameAs\":[\"https:\/\/www.facebook.com\/BBQ-Entertainment-N-Catering-2437913376443540\",\"https:\/\/www.instagram.com\/bbqentertainmentncatering\/\",\"https:\/\/www.youtube.com\/channel\/UCmpuANQVhLy2Md8nrenp2jA\"]}]}<\/script>\n<!-- \/ Yoast SEO plugin. -->","yoast_head_json":{"title":"Liha sisetermomeeter MEATER Pro Duo WIFI - BBQ Entertainment","description":"T\u00e4pne ja nutikas lihatermomeeter WiFi-\u00fchendusega \u2013 MEATER Pro Duo v\u00f5imaldab j\u00e4lgida kahe lihat\u00fcki temperatuuri reaalajas otse telefonist.","robots":{"index":"index","follow":"follow","max-snippet":"max-snippet:-1","max-image-preview":"max-image-preview:large","max-video-preview":"max-video-preview:-1"},"canonical":"https:\/\/bbqentertainment.com\/toode\/liha-sisetermomeeter-meater-pro-duo-wifi\/","og_locale":"en_US","og_type":"article","og_title":"Liha sisetermomeeter MEATER Pro Duo WIFI - BBQ Entertainment","og_description":"T\u00e4pne ja nutikas lihatermomeeter WiFi-\u00fchendusega \u2013 MEATER Pro Duo v\u00f5imaldab j\u00e4lgida kahe lihat\u00fcki temperatuuri reaalajas otse telefonist.","og_url":"https:\/\/bbqentertainment.com\/toode\/liha-sisetermomeeter-meater-pro-duo-wifi\/","og_site_name":"BBQ Entertainment","article_publisher":"https:\/\/www.facebook.com\/BBQ-Entertainment-N-Catering-2437913376443540","article_modified_time":"2025-07-25T10:45:38+00:00","og_image":[{"width":680,"height":680,"url":"https:\/\/bbqentertainment.com\/wp-content\/uploads\/2025\/07\/img_2024DUO1000px994x994_e34f40a5249cce39a6748b71971456bb.png","type":"image\/png"}],"twitter_card":"summary_large_image","twitter_misc":{"Est. reading time":"1 minute"},"schema":{"@context":"https:\/\/schema.org","@graph":[{"@type":["WebPage","ItemPage"],"@id":"https:\/\/bbqentertainment.com\/toode\/liha-sisetermomeeter-meater-pro-duo-wifi\/","url":"https:\/\/bbqentertainment.com\/toode\/liha-sisetermomeeter-meater-pro-duo-wifi\/","name":"Liha sisetermomeeter MEATER Pro Duo WIFI - BBQ Entertainment","isPartOf":{"@id":"https:\/\/bbqentertainment.com\/#website"},"primaryImageOfPage":{"@id":"https:\/\/bbqentertainment.com\/toode\/liha-sisetermomeeter-meater-pro-duo-wifi\/#primaryimage"},"image":{"@id":"https:\/\/bbqentertainment.com\/toode\/liha-sisetermomeeter-meater-pro-duo-wifi\/#primaryimage"},"thumbnailUrl":"https:\/\/bbqentertainment.com\/wp-content\/uploads\/2025\/07\/img_2024DUO1000px994x994_e34f40a5249cce39a6748b71971456bb.png","datePublished":"2025-07-16T07:35:31+00:00","dateModified":"2025-07-25T10:45:38+00:00","description":"T\u00e4pne ja nutikas lihatermomeeter WiFi-\u00fchendusega \u2013 MEATER Pro Duo v\u00f5imaldab j\u00e4lgida kahe lihat\u00fcki temperatuuri reaalajas otse telefonist.","breadcrumb":{"@id":"https:\/\/bbqentertainment.com\/toode\/liha-sisetermomeeter-meater-pro-duo-wifi\/#breadcrumb"},"inLanguage":"en-US","potentialAction":[{"@type":"ReadAction","target":["https:\/\/bbqentertainment.com\/toode\/liha-sisetermomeeter-meater-pro-duo-wifi\/"]}]},{"@type":"ImageObject","inLanguage":"en-US","@id":"https:\/\/bbqentertainment.com\/toode\/liha-sisetermomeeter-meater-pro-duo-wifi\/#primaryimage","url":"https:\/\/bbqentertainment.com\/wp-content\/uploads\/2025\/07\/img_2024DUO1000px994x994_e34f40a5249cce39a6748b71971456bb.png","contentUrl":"https:\/\/bbqentertainment.com\/wp-content\/uploads\/2025\/07\/img_2024DUO1000px994x994_e34f40a5249cce39a6748b71971456bb.png","width":680,"height":680},{"@type":"BreadcrumbList","@id":"https:\/\/bbqentertainment.com\/toode\/liha-sisetermomeeter-meater-pro-duo-wifi\/#breadcrumb","itemListElement":[{"@type":"ListItem","position":1,"name":"AVALEHT","item":"https:\/\/bbqentertainment.com\/en\/"},{"@type":"ListItem","position":2,"name":"Tooted","item":"https:\/\/bbqentertainment.com\/tooted\/"},{"@type":"ListItem","position":3,"name":"Lisatarvikud","item":"https:\/\/bbqentertainment.com\/tootekategooria\/lisatarvikud\/"},{"@type":"ListItem","position":4,"name":"Liha sisetermomeeter MEATER Pro Duo WIFI"}]},{"@type":"WebSite","@id":"https:\/\/bbqentertainment.com\/#website","url":"https:\/\/bbqentertainment.com\/","name":"BBQ Entertainment","description":"BBQ is a great lifestyle, not just fun!","publisher":{"@id":"https:\/\/bbqentertainment.com\/#organization"},"potentialAction":[{"@type":"SearchAction","target":{"@type":"EntryPoint","urlTemplate":"https:\/\/bbqentertainment.com\/?s={search_term_string}"},"query-input":{"@type":"PropertyValueSpecification","valueRequired":true,"valueName":"search_term_string"}}],"inLanguage":"en-US"},{"@type":"Organization","@id":"https:\/\/bbqentertainment.com\/#organization","name":"BBQ Entertainment O\u00dc","url":"https:\/\/bbqentertainment.com\/","logo":{"@type":"ImageObject","inLanguage":"en-US","@id":"https:\/\/bbqentertainment.com\/#\/schema\/logo\/image\/","url":"https:\/\/bbqentertainment.com\/wp-content\/uploads\/2020\/04\/BBQ-Entertainment-N-Catering-Enn-Tobreluts-Logo.png","contentUrl":"https:\/\/bbqentertainment.com\/wp-content\/uploads\/2020\/04\/BBQ-Entertainment-N-Catering-Enn-Tobreluts-Logo.png","width":628,"height":266,"caption":"BBQ Entertainment O\u00dc"},"image":{"@id":"https:\/\/bbqentertainment.com\/#\/schema\/logo\/image\/"},"sameAs":["https:\/\/www.facebook.com\/BBQ-Entertainment-N-Catering-2437913376443540","https:\/\/www.instagram.com\/bbqentertainmentncatering\/","https:\/\/www.youtube.com\/channel\/UCmpuANQVhLy2Md8nrenp2jA"]}]}},"_links":{"self":[{"href":"https:\/\/bbqentertainment.com\/en\/wp-json\/wp\/v2\/product\/253493","targetHints":{"allow":["GET"]}}],"collection":[{"href":"https:\/\/bbqentertainment.com\/en\/wp-json\/wp\/v2\/product"}],"about":[{"href":"https:\/\/bbqentertainment.com\/en\/wp-json\/wp\/v2\/types\/product"}],"wp:featuredmedia":[{"embeddable":true,"href":"https:\/\/bbqentertainment.com\/en\/wp-json\/wp\/v2\/media\/253496"}],"wp:attachment":[{"href":"https:\/\/bbqentertainment.com\/en\/wp-json\/wp\/v2\/media?parent=253493"}],"wp:term":[{"taxonomy":"product_brand","embeddable":true,"href":"https:\/\/bbqentertainment.com\/en\/wp-json\/wp\/v2\/product_brand?post=253493"},{"taxonomy":"product_cat","embeddable":true,"href":"https:\/\/bbqentertainment.com\/en\/wp-json\/wp\/v2\/product_cat?post=253493"},{"taxonomy":"product_tag","embeddable":true,"href":"https:\/\/bbqentertainment.com\/en\/wp-json\/wp\/v2\/product_tag?post=253493"}],"curies":[{"name":"wp","href":"https:\/\/api.w.org\/{rel}","templated":true}]}}