{"id":253530,"date":"2025-07-17T20:02:59","date_gmt":"2025-07-17T17:02:59","guid":{"rendered":"https:\/\/bbqentertainment.com\/?post_type=product&#038;p=253530"},"modified":"2025-07-25T13:45:21","modified_gmt":"2025-07-25T10:45:21","slug":"ultragrime-xxl-bbq-cleanup-abrasiivsed-puhastuslapid-30-tk-pakk","status":"publish","type":"product","link":"https:\/\/bbqentertainment.com\/en\/toode\/ultragrime-xxl-bbq-cleanup-abrasiivsed-puhastuslapid-30-tk-pakk\/","title":{"rendered":"UltraGrime XXL BBQ Cleanup abrasiivsed puhastuslapid \u2013 30 tk\/pakk"},"content":{"rendered":"","protected":false},"excerpt":{"rendered":"<h3><strong>UltraGrime XXL BBQ Cleanup abrasiivsed puhastuslapid \u2013 30 tk\/pakk<\/strong><\/h3>\n<p data-start=\"161\" data-end=\"429\">UltraGrime\u00ae BBQ puhastuslapid on m\u00f5eldud t\u00f5husaks grillide ja grilltarvikute ning ka k\u00f6\u00f6gipindade puhastamiseks. Abrasiivne pind eemaldab kinnip\u00f5lenud rasva ja t\u00f5rksa mustuse kiiresti ning t\u00f5husalt. Lapi \u00fcks pool on kare tugevamaks puhastamiseks, teine pehmem tundlikumatele pindadele.<\/p>\n<p data-start=\"431\" data-end=\"561\">Sobivad kasutamiseks nii kodus kui v\u00e4litingimustes \u2013 metallgrillide, restide, aiam\u00f6\u00f6bli, n\u00f5ude ja erinevate pindade puhastamiseks.<\/p>\n<p data-start=\"563\" data-end=\"1013\"><strong data-start=\"563\" data-end=\"575\">Omadused<\/strong><br data-start=\"575\" data-end=\"578\" \/>\u2022 Pakis 30 puhastuslappi<br data-start=\"602\" data-end=\"605\" \/>\u2022 XXL-m\u00f5\u00f5t: 38 \u00d7 25 cm \u2013 \u00fcle kahe korra suurem kui tavalised salvr\u00e4tikud<br data-start=\"677\" data-end=\"680\" \/>\u2022 Kahepoolne: abrasiivne ja pehme<br data-start=\"713\" data-end=\"716\" \/>\u2022 P\u00fcsib niiskena \u00fcle 60 minuti<br data-start=\"746\" data-end=\"749\" \/>\u2022 Ei kuiva isegi siis, kui pakend j\u00e4\u00e4b avatuks mitmeks p\u00e4evaks<br data-start=\"811\" data-end=\"814\" \/>\u2022 Tugev, riidetaoline materjal \u2013 ei rebe ega lagune kasutamisel<br data-start=\"877\" data-end=\"880\" \/>\u2022 Suure imamisv\u00f5imega<br data-start=\"925\" data-end=\"928\" \/>\u2022 Ohutu nii nahale kui erinevatele pindadele<br data-start=\"972\" data-end=\"975\" \/>\u2022 Vastupidav ja taaskasutatav pakend<\/p>\n","protected":false},"featured_media":253526,"template":"","meta":{"inline_featured_image":false},"product_brand":[],"product_cat":[92,479],"product_tag":[],"class_list":{"0":"post-253530","1":"product","2":"type-product","3":"status-publish","4":"has-post-thumbnail","6":"product_cat-lisatarvikud","7":"product_cat-grillitarvikud","9":"first","10":"instock","11":"taxable","12":"shipping-taxable","13":"purchasable","14":"product-type-simple"},"yoast_head":"<!-- This site is optimized with the Yoast SEO plugin v27.2 - https:\/\/yoast.com\/product\/yoast-seo-wordpress\/ -->\n<title>UltraGrime XXL BBQ Cleanup abrasiivsed puhastuslapid \u2013 30 tk\/pakk - BBQ Entertainment<\/title>\n<meta name=\"robots\" content=\"index, follow, max-snippet:-1, max-image-preview:large, max-video-preview:-1\" \/>\n<link rel=\"canonical\" href=\"https:\/\/bbqentertainment.com\/toode\/ultragrime-xxl-bbq-cleanup-abrasiivsed-puhastuslapid-30-tk-pakk\/\" \/>\n<meta property=\"og:locale\" content=\"en_US\" \/>\n<meta property=\"og:type\" content=\"article\" \/>\n<meta property=\"og:title\" content=\"UltraGrime XXL BBQ Cleanup abrasiivsed puhastuslapid \u2013 30 tk\/pakk - BBQ Entertainment\" \/>\n<meta property=\"og:description\" content=\"UltraGrime XXL BBQ Cleanup abrasiivsed puhastuslapid \u2013 30 tk\/pakk UltraGrime\u00ae BBQ puhastuslapid on m\u00f5eldud t\u00f5husaks grillide ja grilltarvikute ning ka k\u00f6\u00f6gipindade puhastamiseks. Abrasiivne pind eemaldab kinnip\u00f5lenud rasva ja t\u00f5rksa mustuse kiiresti ning t\u00f5husalt. Lapi \u00fcks pool on kare tugevamaks puhastamiseks, teine pehmem tundlikumatele pindadele. Sobivad kasutamiseks nii kodus kui v\u00e4litingimustes \u2013 metallgrillide, restide, aiam\u00f6\u00f6bli, n\u00f5ude ja erinevate pindade puhastamiseks. Omadused\u2022 Pakis 30 puhastuslappi\u2022 XXL-m\u00f5\u00f5t: 38 \u00d7 25 cm \u2013 \u00fcle kahe korra suurem kui tavalised salvr\u00e4tikud\u2022 Kahepoolne: abrasiivne ja pehme\u2022 P\u00fcsib niiskena \u00fcle 60 minuti\u2022 Ei kuiva isegi siis, kui pakend j\u00e4\u00e4b avatuks mitmeks p\u00e4evaks\u2022 Tugev, riidetaoline materjal \u2013 ei rebe ega lagune kasutamisel\u2022 Suure imamisv\u00f5imega\u2022 Ohutu nii nahale kui erinevatele pindadele\u2022 Vastupidav ja taaskasutatav pakend\" \/>\n<meta property=\"og:url\" content=\"https:\/\/bbqentertainment.com\/toode\/ultragrime-xxl-bbq-cleanup-abrasiivsed-puhastuslapid-30-tk-pakk\/\" \/>\n<meta property=\"og:site_name\" content=\"BBQ Entertainment\" \/>\n<meta property=\"article:publisher\" content=\"https:\/\/www.facebook.com\/BBQ-Entertainment-N-Catering-2437913376443540\" \/>\n<meta property=\"article:modified_time\" content=\"2025-07-25T10:45:21+00:00\" \/>\n<meta property=\"og:image\" content=\"https:\/\/bbqentertainment.com\/wp-content\/uploads\/2025\/07\/UltraGrime-puhastuslapid-bbq.png\" \/>\n\t<meta property=\"og:image:width\" content=\"300\" \/>\n\t<meta property=\"og:image:height\" content=\"300\" \/>\n\t<meta property=\"og:image:type\" content=\"image\/png\" \/>\n<meta name=\"twitter:card\" content=\"summary_large_image\" \/>\n<meta name=\"twitter:label1\" content=\"Est. reading time\" \/>\n\t<meta name=\"twitter:data1\" content=\"1 minute\" \/>\n<script type=\"application\/ld+json\" class=\"yoast-schema-graph\">{\"@context\":\"https:\/\/schema.org\",\"@graph\":[{\"@type\":[\"WebPage\",\"ItemPage\"],\"@id\":\"https:\/\/bbqentertainment.com\/toode\/ultragrime-xxl-bbq-cleanup-abrasiivsed-puhastuslapid-30-tk-pakk\/\",\"url\":\"https:\/\/bbqentertainment.com\/toode\/ultragrime-xxl-bbq-cleanup-abrasiivsed-puhastuslapid-30-tk-pakk\/\",\"name\":\"UltraGrime XXL BBQ Cleanup abrasiivsed puhastuslapid \u2013 30 tk\/pakk - BBQ Entertainment\",\"isPartOf\":{\"@id\":\"https:\/\/bbqentertainment.com\/#website\"},\"primaryImageOfPage\":{\"@id\":\"https:\/\/bbqentertainment.com\/toode\/ultragrime-xxl-bbq-cleanup-abrasiivsed-puhastuslapid-30-tk-pakk\/#primaryimage\"},\"image\":{\"@id\":\"https:\/\/bbqentertainment.com\/toode\/ultragrime-xxl-bbq-cleanup-abrasiivsed-puhastuslapid-30-tk-pakk\/#primaryimage\"},\"thumbnailUrl\":\"https:\/\/bbqentertainment.com\/wp-content\/uploads\/2025\/07\/UltraGrime-puhastuslapid-bbq.png\",\"datePublished\":\"2025-07-17T17:02:59+00:00\",\"dateModified\":\"2025-07-25T10:45:21+00:00\",\"breadcrumb\":{\"@id\":\"https:\/\/bbqentertainment.com\/toode\/ultragrime-xxl-bbq-cleanup-abrasiivsed-puhastuslapid-30-tk-pakk\/#breadcrumb\"},\"inLanguage\":\"en-US\",\"potentialAction\":[{\"@type\":\"ReadAction\",\"target\":[\"https:\/\/bbqentertainment.com\/toode\/ultragrime-xxl-bbq-cleanup-abrasiivsed-puhastuslapid-30-tk-pakk\/\"]}]},{\"@type\":\"ImageObject\",\"inLanguage\":\"en-US\",\"@id\":\"https:\/\/bbqentertainment.com\/toode\/ultragrime-xxl-bbq-cleanup-abrasiivsed-puhastuslapid-30-tk-pakk\/#primaryimage\",\"url\":\"https:\/\/bbqentertainment.com\/wp-content\/uploads\/2025\/07\/UltraGrime-puhastuslapid-bbq.png\",\"contentUrl\":\"https:\/\/bbqentertainment.com\/wp-content\/uploads\/2025\/07\/UltraGrime-puhastuslapid-bbq.png\",\"width\":300,\"height\":300},{\"@type\":\"BreadcrumbList\",\"@id\":\"https:\/\/bbqentertainment.com\/toode\/ultragrime-xxl-bbq-cleanup-abrasiivsed-puhastuslapid-30-tk-pakk\/#breadcrumb\",\"itemListElement\":[{\"@type\":\"ListItem\",\"position\":1,\"name\":\"AVALEHT\",\"item\":\"https:\/\/bbqentertainment.com\/en\/\"},{\"@type\":\"ListItem\",\"position\":2,\"name\":\"Tooted\",\"item\":\"https:\/\/bbqentertainment.com\/tooted\/\"},{\"@type\":\"ListItem\",\"position\":3,\"name\":\"Lisatarvikud\",\"item\":\"https:\/\/bbqentertainment.com\/tootekategooria\/lisatarvikud\/\"},{\"@type\":\"ListItem\",\"position\":4,\"name\":\"UltraGrime XXL BBQ Cleanup abrasiivsed puhastuslapid \u2013 30 tk\/pakk\"}]},{\"@type\":\"WebSite\",\"@id\":\"https:\/\/bbqentertainment.com\/#website\",\"url\":\"https:\/\/bbqentertainment.com\/\",\"name\":\"BBQ Entertainment\",\"description\":\"BBQ is a great lifestyle, not just fun!\",\"publisher\":{\"@id\":\"https:\/\/bbqentertainment.com\/#organization\"},\"potentialAction\":[{\"@type\":\"SearchAction\",\"target\":{\"@type\":\"EntryPoint\",\"urlTemplate\":\"https:\/\/bbqentertainment.com\/?s={search_term_string}\"},\"query-input\":{\"@type\":\"PropertyValueSpecification\",\"valueRequired\":true,\"valueName\":\"search_term_string\"}}],\"inLanguage\":\"en-US\"},{\"@type\":\"Organization\",\"@id\":\"https:\/\/bbqentertainment.com\/#organization\",\"name\":\"BBQ Entertainment O\u00dc\",\"url\":\"https:\/\/bbqentertainment.com\/\",\"logo\":{\"@type\":\"ImageObject\",\"inLanguage\":\"en-US\",\"@id\":\"https:\/\/bbqentertainment.com\/#\/schema\/logo\/image\/\",\"url\":\"https:\/\/bbqentertainment.com\/wp-content\/uploads\/2020\/04\/BBQ-Entertainment-N-Catering-Enn-Tobreluts-Logo.png\",\"contentUrl\":\"https:\/\/bbqentertainment.com\/wp-content\/uploads\/2020\/04\/BBQ-Entertainment-N-Catering-Enn-Tobreluts-Logo.png\",\"width\":628,\"height\":266,\"caption\":\"BBQ Entertainment O\u00dc\"},\"image\":{\"@id\":\"https:\/\/bbqentertainment.com\/#\/schema\/logo\/image\/\"},\"sameAs\":[\"https:\/\/www.facebook.com\/BBQ-Entertainment-N-Catering-2437913376443540\",\"https:\/\/www.instagram.com\/bbqentertainmentncatering\/\",\"https:\/\/www.youtube.com\/channel\/UCmpuANQVhLy2Md8nrenp2jA\"]}]}<\/script>\n<!-- \/ Yoast SEO plugin. -->","yoast_head_json":{"title":"UltraGrime XXL BBQ Cleanup abrasiivsed puhastuslapid \u2013 30 tk\/pakk - BBQ Entertainment","robots":{"index":"index","follow":"follow","max-snippet":"max-snippet:-1","max-image-preview":"max-image-preview:large","max-video-preview":"max-video-preview:-1"},"canonical":"https:\/\/bbqentertainment.com\/toode\/ultragrime-xxl-bbq-cleanup-abrasiivsed-puhastuslapid-30-tk-pakk\/","og_locale":"en_US","og_type":"article","og_title":"UltraGrime XXL BBQ Cleanup abrasiivsed puhastuslapid \u2013 30 tk\/pakk - BBQ Entertainment","og_description":"UltraGrime XXL BBQ Cleanup abrasiivsed puhastuslapid \u2013 30 tk\/pakk UltraGrime\u00ae BBQ puhastuslapid on m\u00f5eldud t\u00f5husaks grillide ja grilltarvikute ning ka k\u00f6\u00f6gipindade puhastamiseks. Abrasiivne pind eemaldab kinnip\u00f5lenud rasva ja t\u00f5rksa mustuse kiiresti ning t\u00f5husalt. Lapi \u00fcks pool on kare tugevamaks puhastamiseks, teine pehmem tundlikumatele pindadele. Sobivad kasutamiseks nii kodus kui v\u00e4litingimustes \u2013 metallgrillide, restide, aiam\u00f6\u00f6bli, n\u00f5ude ja erinevate pindade puhastamiseks. Omadused\u2022 Pakis 30 puhastuslappi\u2022 XXL-m\u00f5\u00f5t: 38 \u00d7 25 cm \u2013 \u00fcle kahe korra suurem kui tavalised salvr\u00e4tikud\u2022 Kahepoolne: abrasiivne ja pehme\u2022 P\u00fcsib niiskena \u00fcle 60 minuti\u2022 Ei kuiva isegi siis, kui pakend j\u00e4\u00e4b avatuks mitmeks p\u00e4evaks\u2022 Tugev, riidetaoline materjal \u2013 ei rebe ega lagune kasutamisel\u2022 Suure imamisv\u00f5imega\u2022 Ohutu nii nahale kui erinevatele pindadele\u2022 Vastupidav ja taaskasutatav pakend","og_url":"https:\/\/bbqentertainment.com\/toode\/ultragrime-xxl-bbq-cleanup-abrasiivsed-puhastuslapid-30-tk-pakk\/","og_site_name":"BBQ Entertainment","article_publisher":"https:\/\/www.facebook.com\/BBQ-Entertainment-N-Catering-2437913376443540","article_modified_time":"2025-07-25T10:45:21+00:00","og_image":[{"width":300,"height":300,"url":"https:\/\/bbqentertainment.com\/wp-content\/uploads\/2025\/07\/UltraGrime-puhastuslapid-bbq.png","type":"image\/png"}],"twitter_card":"summary_large_image","twitter_misc":{"Est. reading time":"1 minute"},"schema":{"@context":"https:\/\/schema.org","@graph":[{"@type":["WebPage","ItemPage"],"@id":"https:\/\/bbqentertainment.com\/toode\/ultragrime-xxl-bbq-cleanup-abrasiivsed-puhastuslapid-30-tk-pakk\/","url":"https:\/\/bbqentertainment.com\/toode\/ultragrime-xxl-bbq-cleanup-abrasiivsed-puhastuslapid-30-tk-pakk\/","name":"UltraGrime XXL BBQ Cleanup abrasiivsed puhastuslapid \u2013 30 tk\/pakk - BBQ Entertainment","isPartOf":{"@id":"https:\/\/bbqentertainment.com\/#website"},"primaryImageOfPage":{"@id":"https:\/\/bbqentertainment.com\/toode\/ultragrime-xxl-bbq-cleanup-abrasiivsed-puhastuslapid-30-tk-pakk\/#primaryimage"},"image":{"@id":"https:\/\/bbqentertainment.com\/toode\/ultragrime-xxl-bbq-cleanup-abrasiivsed-puhastuslapid-30-tk-pakk\/#primaryimage"},"thumbnailUrl":"https:\/\/bbqentertainment.com\/wp-content\/uploads\/2025\/07\/UltraGrime-puhastuslapid-bbq.png","datePublished":"2025-07-17T17:02:59+00:00","dateModified":"2025-07-25T10:45:21+00:00","breadcrumb":{"@id":"https:\/\/bbqentertainment.com\/toode\/ultragrime-xxl-bbq-cleanup-abrasiivsed-puhastuslapid-30-tk-pakk\/#breadcrumb"},"inLanguage":"en-US","potentialAction":[{"@type":"ReadAction","target":["https:\/\/bbqentertainment.com\/toode\/ultragrime-xxl-bbq-cleanup-abrasiivsed-puhastuslapid-30-tk-pakk\/"]}]},{"@type":"ImageObject","inLanguage":"en-US","@id":"https:\/\/bbqentertainment.com\/toode\/ultragrime-xxl-bbq-cleanup-abrasiivsed-puhastuslapid-30-tk-pakk\/#primaryimage","url":"https:\/\/bbqentertainment.com\/wp-content\/uploads\/2025\/07\/UltraGrime-puhastuslapid-bbq.png","contentUrl":"https:\/\/bbqentertainment.com\/wp-content\/uploads\/2025\/07\/UltraGrime-puhastuslapid-bbq.png","width":300,"height":300},{"@type":"BreadcrumbList","@id":"https:\/\/bbqentertainment.com\/toode\/ultragrime-xxl-bbq-cleanup-abrasiivsed-puhastuslapid-30-tk-pakk\/#breadcrumb","itemListElement":[{"@type":"ListItem","position":1,"name":"AVALEHT","item":"https:\/\/bbqentertainment.com\/en\/"},{"@type":"ListItem","position":2,"name":"Tooted","item":"https:\/\/bbqentertainment.com\/tooted\/"},{"@type":"ListItem","position":3,"name":"Lisatarvikud","item":"https:\/\/bbqentertainment.com\/tootekategooria\/lisatarvikud\/"},{"@type":"ListItem","position":4,"name":"UltraGrime XXL BBQ Cleanup abrasiivsed puhastuslapid \u2013 30 tk\/pakk"}]},{"@type":"WebSite","@id":"https:\/\/bbqentertainment.com\/#website","url":"https:\/\/bbqentertainment.com\/","name":"BBQ Entertainment","description":"BBQ is a great lifestyle, not just fun!","publisher":{"@id":"https:\/\/bbqentertainment.com\/#organization"},"potentialAction":[{"@type":"SearchAction","target":{"@type":"EntryPoint","urlTemplate":"https:\/\/bbqentertainment.com\/?s={search_term_string}"},"query-input":{"@type":"PropertyValueSpecification","valueRequired":true,"valueName":"search_term_string"}}],"inLanguage":"en-US"},{"@type":"Organization","@id":"https:\/\/bbqentertainment.com\/#organization","name":"BBQ Entertainment O\u00dc","url":"https:\/\/bbqentertainment.com\/","logo":{"@type":"ImageObject","inLanguage":"en-US","@id":"https:\/\/bbqentertainment.com\/#\/schema\/logo\/image\/","url":"https:\/\/bbqentertainment.com\/wp-content\/uploads\/2020\/04\/BBQ-Entertainment-N-Catering-Enn-Tobreluts-Logo.png","contentUrl":"https:\/\/bbqentertainment.com\/wp-content\/uploads\/2020\/04\/BBQ-Entertainment-N-Catering-Enn-Tobreluts-Logo.png","width":628,"height":266,"caption":"BBQ Entertainment O\u00dc"},"image":{"@id":"https:\/\/bbqentertainment.com\/#\/schema\/logo\/image\/"},"sameAs":["https:\/\/www.facebook.com\/BBQ-Entertainment-N-Catering-2437913376443540","https:\/\/www.instagram.com\/bbqentertainmentncatering\/","https:\/\/www.youtube.com\/channel\/UCmpuANQVhLy2Md8nrenp2jA"]}]}},"_links":{"self":[{"href":"https:\/\/bbqentertainment.com\/en\/wp-json\/wp\/v2\/product\/253530","targetHints":{"allow":["GET"]}}],"collection":[{"href":"https:\/\/bbqentertainment.com\/en\/wp-json\/wp\/v2\/product"}],"about":[{"href":"https:\/\/bbqentertainment.com\/en\/wp-json\/wp\/v2\/types\/product"}],"wp:featuredmedia":[{"embeddable":true,"href":"https:\/\/bbqentertainment.com\/en\/wp-json\/wp\/v2\/media\/253526"}],"wp:attachment":[{"href":"https:\/\/bbqentertainment.com\/en\/wp-json\/wp\/v2\/media?parent=253530"}],"wp:term":[{"taxonomy":"product_brand","embeddable":true,"href":"https:\/\/bbqentertainment.com\/en\/wp-json\/wp\/v2\/product_brand?post=253530"},{"taxonomy":"product_cat","embeddable":true,"href":"https:\/\/bbqentertainment.com\/en\/wp-json\/wp\/v2\/product_cat?post=253530"},{"taxonomy":"product_tag","embeddable":true,"href":"https:\/\/bbqentertainment.com\/en\/wp-json\/wp\/v2\/product_tag?post=253530"}],"curies":[{"name":"wp","href":"https:\/\/api.w.org\/{rel}","templated":true}]}}