{"id":253715,"date":"2025-07-22T14:00:54","date_gmt":"2025-07-22T11:00:54","guid":{"rendered":"https:\/\/bbqentertainment.com\/?post_type=product&#038;p=253715"},"modified":"2025-07-22T14:15:17","modified_gmt":"2025-07-22T11:15:17","slug":"ilmastikukindel-grillikate-masterbuilt-digitaalsele-soe-suitsuahjule","status":"publish","type":"product","link":"https:\/\/bbqentertainment.com\/en\/toode\/ilmastikukindel-grillikate-masterbuilt-digitaalsele-soe-suitsuahjule\/","title":{"rendered":"Ilmastikukindel grillikate Masterbuilt digitaalsele s\u00f6e-suitsuahjule"},"content":{"rendered":"","protected":false},"excerpt":{"rendered":"<h3><strong>Ilmastikukindel grillikate Masterbuilt digitaalsele s\u00f6e-suitsuahjule<\/strong><\/h3>\n<p data-start=\"80\" data-end=\"210\">Tugevast materjalist valmistatud grillikate kaitseb grilli ilmastiku, tolmu ja pleekimise eest ning aitab pikendada seadme eluiga.<\/p>\n<p data-start=\"212\" data-end=\"459\">\u2022 Topelt\u00f5mblused v\u00e4hendavad lekkimise ja kulumise ohtu<br data-start=\"266\" data-end=\"269\" \/>\u2022 PVC-sisekiht takistab katte rebimist paigaldamisel ja eemaldamisel<br data-start=\"337\" data-end=\"340\" \/>\u2022 UV-kaitse aitab ennetada materjali pleekimist<br data-start=\"387\" data-end=\"390\" \/>\u2022 Reguleeritav n\u00f6\u00f6r hoiab katte kindlalt paigal ka tuulistes oludes<\/p>\n<p data-start=\"461\" data-end=\"597\"><strong data-start=\"461\" data-end=\"474\">Materjal:<\/strong> pol\u00fcester ja PVC (tekstiil + plast)<br data-start=\"510\" data-end=\"513\" \/><strong data-start=\"513\" data-end=\"524\">M\u00f5\u00f5dud:<\/strong> 62,2 \u00d7 73,7 \u00d7 115,6 cm<\/p>\n","protected":false},"featured_media":253722,"template":"","meta":{"inline_featured_image":false},"product_brand":[],"product_cat":[19,92],"product_tag":[],"class_list":{"0":"post-253715","1":"product","2":"type-product","3":"status-publish","4":"has-post-thumbnail","6":"product_cat-masterbuilt-ahjud","7":"product_cat-lisatarvikud","9":"first","10":"instock","11":"taxable","12":"shipping-taxable","13":"purchasable","14":"product-type-simple"},"yoast_head":"<!-- This site is optimized with the Yoast SEO plugin v27.4 - https:\/\/yoast.com\/product\/yoast-seo-wordpress\/ -->\n<title>Ilmastikukindel grillikate Masterbuilt digitaalsele s\u00f6e-suitsuahjule - BBQ Entertainment<\/title>\n<meta name=\"robots\" content=\"index, follow, max-snippet:-1, max-image-preview:large, max-video-preview:-1\" \/>\n<link rel=\"canonical\" href=\"https:\/\/bbqentertainment.com\/toode\/ilmastikukindel-grillikate-masterbuilt-digitaalsele-soe-suitsuahjule\/\" \/>\n<meta property=\"og:locale\" content=\"en_US\" \/>\n<meta property=\"og:type\" content=\"article\" \/>\n<meta property=\"og:title\" content=\"Ilmastikukindel grillikate Masterbuilt digitaalsele s\u00f6e-suitsuahjule - BBQ Entertainment\" \/>\n<meta property=\"og:description\" content=\"Ilmastikukindel grillikate Masterbuilt digitaalsele s\u00f6e-suitsuahjule Tugevast materjalist valmistatud grillikate kaitseb grilli ilmastiku, tolmu ja pleekimise eest ning aitab pikendada seadme eluiga. \u2022 Topelt\u00f5mblused v\u00e4hendavad lekkimise ja kulumise ohtu\u2022 PVC-sisekiht takistab katte rebimist paigaldamisel ja eemaldamisel\u2022 UV-kaitse aitab ennetada materjali pleekimist\u2022 Reguleeritav n\u00f6\u00f6r hoiab katte kindlalt paigal ka tuulistes oludes Materjal: pol\u00fcester ja PVC (tekstiil + plast)M\u00f5\u00f5dud: 62,2 \u00d7 73,7 \u00d7 115,6 cm\" \/>\n<meta property=\"og:url\" content=\"https:\/\/bbqentertainment.com\/toode\/ilmastikukindel-grillikate-masterbuilt-digitaalsele-soe-suitsuahjule\/\" \/>\n<meta property=\"og:site_name\" content=\"BBQ Entertainment\" \/>\n<meta property=\"article:publisher\" content=\"https:\/\/www.facebook.com\/BBQ-Entertainment-N-Catering-2437913376443540\" \/>\n<meta property=\"article:modified_time\" content=\"2025-07-22T11:15:17+00:00\" \/>\n<meta property=\"og:image\" content=\"https:\/\/bbqentertainment.com\/wp-content\/uploads\/2025\/07\/1-5ed8fc6461-mb20080321.jpg.webp\" \/>\n\t<meta property=\"og:image:width\" content=\"768\" \/>\n\t<meta property=\"og:image:height\" content=\"512\" \/>\n\t<meta property=\"og:image:type\" content=\"image\/webp\" \/>\n<meta name=\"twitter:card\" content=\"summary_large_image\" \/>\n<meta name=\"twitter:label1\" content=\"Est. reading time\" \/>\n\t<meta name=\"twitter:data1\" content=\"1 minute\" \/>\n<script type=\"application\/ld+json\" class=\"yoast-schema-graph\">{\"@context\":\"https:\\\/\\\/schema.org\",\"@graph\":[{\"@type\":[\"WebPage\",\"ItemPage\"],\"@id\":\"https:\\\/\\\/bbqentertainment.com\\\/toode\\\/ilmastikukindel-grillikate-masterbuilt-digitaalsele-soe-suitsuahjule\\\/\",\"url\":\"https:\\\/\\\/bbqentertainment.com\\\/toode\\\/ilmastikukindel-grillikate-masterbuilt-digitaalsele-soe-suitsuahjule\\\/\",\"name\":\"Ilmastikukindel grillikate Masterbuilt digitaalsele s\u00f6e-suitsuahjule - BBQ Entertainment\",\"isPartOf\":{\"@id\":\"https:\\\/\\\/bbqentertainment.com\\\/#website\"},\"primaryImageOfPage\":{\"@id\":\"https:\\\/\\\/bbqentertainment.com\\\/toode\\\/ilmastikukindel-grillikate-masterbuilt-digitaalsele-soe-suitsuahjule\\\/#primaryimage\"},\"image\":{\"@id\":\"https:\\\/\\\/bbqentertainment.com\\\/toode\\\/ilmastikukindel-grillikate-masterbuilt-digitaalsele-soe-suitsuahjule\\\/#primaryimage\"},\"thumbnailUrl\":\"https:\\\/\\\/bbqentertainment.com\\\/wp-content\\\/uploads\\\/2025\\\/07\\\/1-5ed8fc6461-mb20080321.jpg.webp\",\"datePublished\":\"2025-07-22T11:00:54+00:00\",\"dateModified\":\"2025-07-22T11:15:17+00:00\",\"breadcrumb\":{\"@id\":\"https:\\\/\\\/bbqentertainment.com\\\/toode\\\/ilmastikukindel-grillikate-masterbuilt-digitaalsele-soe-suitsuahjule\\\/#breadcrumb\"},\"inLanguage\":\"en-US\",\"potentialAction\":[{\"@type\":\"ReadAction\",\"target\":[\"https:\\\/\\\/bbqentertainment.com\\\/toode\\\/ilmastikukindel-grillikate-masterbuilt-digitaalsele-soe-suitsuahjule\\\/\"]}]},{\"@type\":\"ImageObject\",\"inLanguage\":\"en-US\",\"@id\":\"https:\\\/\\\/bbqentertainment.com\\\/toode\\\/ilmastikukindel-grillikate-masterbuilt-digitaalsele-soe-suitsuahjule\\\/#primaryimage\",\"url\":\"https:\\\/\\\/bbqentertainment.com\\\/wp-content\\\/uploads\\\/2025\\\/07\\\/1-5ed8fc6461-mb20080321.jpg.webp\",\"contentUrl\":\"https:\\\/\\\/bbqentertainment.com\\\/wp-content\\\/uploads\\\/2025\\\/07\\\/1-5ed8fc6461-mb20080321.jpg.webp\",\"width\":768,\"height\":512},{\"@type\":\"BreadcrumbList\",\"@id\":\"https:\\\/\\\/bbqentertainment.com\\\/toode\\\/ilmastikukindel-grillikate-masterbuilt-digitaalsele-soe-suitsuahjule\\\/#breadcrumb\",\"itemListElement\":[{\"@type\":\"ListItem\",\"position\":1,\"name\":\"AVALEHT\",\"item\":\"https:\\\/\\\/bbqentertainment.com\\\/en\\\/\"},{\"@type\":\"ListItem\",\"position\":2,\"name\":\"Tooted\",\"item\":\"https:\\\/\\\/bbqentertainment.com\\\/tooted\\\/\"},{\"@type\":\"ListItem\",\"position\":3,\"name\":\"Grillid ja ahjud\",\"item\":\"https:\\\/\\\/bbqentertainment.com\\\/tootekategooria\\\/grillid-ja-ahjud\\\/\"},{\"@type\":\"ListItem\",\"position\":4,\"name\":\"Masterbuilt &amp; CharGriller\",\"item\":\"https:\\\/\\\/bbqentertainment.com\\\/tootekategooria\\\/grillid-ja-ahjud\\\/masterbuilt-ahjud\\\/\"},{\"@type\":\"ListItem\",\"position\":5,\"name\":\"Ilmastikukindel grillikate Masterbuilt digitaalsele s\u00f6e-suitsuahjule\"}]},{\"@type\":\"WebSite\",\"@id\":\"https:\\\/\\\/bbqentertainment.com\\\/#website\",\"url\":\"https:\\\/\\\/bbqentertainment.com\\\/\",\"name\":\"BBQ Entertainment\",\"description\":\"BBQ is a great lifestyle, not just fun!\",\"publisher\":{\"@id\":\"https:\\\/\\\/bbqentertainment.com\\\/#organization\"},\"potentialAction\":[{\"@type\":\"SearchAction\",\"target\":{\"@type\":\"EntryPoint\",\"urlTemplate\":\"https:\\\/\\\/bbqentertainment.com\\\/?s={search_term_string}\"},\"query-input\":{\"@type\":\"PropertyValueSpecification\",\"valueRequired\":true,\"valueName\":\"search_term_string\"}}],\"inLanguage\":\"en-US\"},{\"@type\":\"Organization\",\"@id\":\"https:\\\/\\\/bbqentertainment.com\\\/#organization\",\"name\":\"BBQ Entertainment O\u00dc\",\"url\":\"https:\\\/\\\/bbqentertainment.com\\\/\",\"logo\":{\"@type\":\"ImageObject\",\"inLanguage\":\"en-US\",\"@id\":\"https:\\\/\\\/bbqentertainment.com\\\/#\\\/schema\\\/logo\\\/image\\\/\",\"url\":\"https:\\\/\\\/bbqentertainment.com\\\/wp-content\\\/uploads\\\/2020\\\/04\\\/BBQ-Entertainment-N-Catering-Enn-Tobreluts-Logo.png\",\"contentUrl\":\"https:\\\/\\\/bbqentertainment.com\\\/wp-content\\\/uploads\\\/2020\\\/04\\\/BBQ-Entertainment-N-Catering-Enn-Tobreluts-Logo.png\",\"width\":628,\"height\":266,\"caption\":\"BBQ Entertainment O\u00dc\"},\"image\":{\"@id\":\"https:\\\/\\\/bbqentertainment.com\\\/#\\\/schema\\\/logo\\\/image\\\/\"},\"sameAs\":[\"https:\\\/\\\/www.facebook.com\\\/BBQ-Entertainment-N-Catering-2437913376443540\",\"https:\\\/\\\/www.instagram.com\\\/bbqentertainmentncatering\\\/\",\"https:\\\/\\\/www.youtube.com\\\/channel\\\/UCmpuANQVhLy2Md8nrenp2jA\"]}]}<\/script>\n<!-- \/ Yoast SEO plugin. -->","yoast_head_json":{"title":"Ilmastikukindel grillikate Masterbuilt digitaalsele s\u00f6e-suitsuahjule - BBQ Entertainment","robots":{"index":"index","follow":"follow","max-snippet":"max-snippet:-1","max-image-preview":"max-image-preview:large","max-video-preview":"max-video-preview:-1"},"canonical":"https:\/\/bbqentertainment.com\/toode\/ilmastikukindel-grillikate-masterbuilt-digitaalsele-soe-suitsuahjule\/","og_locale":"en_US","og_type":"article","og_title":"Ilmastikukindel grillikate Masterbuilt digitaalsele s\u00f6e-suitsuahjule - BBQ Entertainment","og_description":"Ilmastikukindel grillikate Masterbuilt digitaalsele s\u00f6e-suitsuahjule Tugevast materjalist valmistatud grillikate kaitseb grilli ilmastiku, tolmu ja pleekimise eest ning aitab pikendada seadme eluiga. \u2022 Topelt\u00f5mblused v\u00e4hendavad lekkimise ja kulumise ohtu\u2022 PVC-sisekiht takistab katte rebimist paigaldamisel ja eemaldamisel\u2022 UV-kaitse aitab ennetada materjali pleekimist\u2022 Reguleeritav n\u00f6\u00f6r hoiab katte kindlalt paigal ka tuulistes oludes Materjal: pol\u00fcester ja PVC (tekstiil + plast)M\u00f5\u00f5dud: 62,2 \u00d7 73,7 \u00d7 115,6 cm","og_url":"https:\/\/bbqentertainment.com\/toode\/ilmastikukindel-grillikate-masterbuilt-digitaalsele-soe-suitsuahjule\/","og_site_name":"BBQ Entertainment","article_publisher":"https:\/\/www.facebook.com\/BBQ-Entertainment-N-Catering-2437913376443540","article_modified_time":"2025-07-22T11:15:17+00:00","og_image":[{"width":768,"height":512,"url":"https:\/\/bbqentertainment.com\/wp-content\/uploads\/2025\/07\/1-5ed8fc6461-mb20080321.jpg.webp","type":"image\/webp"}],"twitter_card":"summary_large_image","twitter_misc":{"Est. reading time":"1 minute"},"schema":{"@context":"https:\/\/schema.org","@graph":[{"@type":["WebPage","ItemPage"],"@id":"https:\/\/bbqentertainment.com\/toode\/ilmastikukindel-grillikate-masterbuilt-digitaalsele-soe-suitsuahjule\/","url":"https:\/\/bbqentertainment.com\/toode\/ilmastikukindel-grillikate-masterbuilt-digitaalsele-soe-suitsuahjule\/","name":"Ilmastikukindel grillikate Masterbuilt digitaalsele s\u00f6e-suitsuahjule - BBQ Entertainment","isPartOf":{"@id":"https:\/\/bbqentertainment.com\/#website"},"primaryImageOfPage":{"@id":"https:\/\/bbqentertainment.com\/toode\/ilmastikukindel-grillikate-masterbuilt-digitaalsele-soe-suitsuahjule\/#primaryimage"},"image":{"@id":"https:\/\/bbqentertainment.com\/toode\/ilmastikukindel-grillikate-masterbuilt-digitaalsele-soe-suitsuahjule\/#primaryimage"},"thumbnailUrl":"https:\/\/bbqentertainment.com\/wp-content\/uploads\/2025\/07\/1-5ed8fc6461-mb20080321.jpg.webp","datePublished":"2025-07-22T11:00:54+00:00","dateModified":"2025-07-22T11:15:17+00:00","breadcrumb":{"@id":"https:\/\/bbqentertainment.com\/toode\/ilmastikukindel-grillikate-masterbuilt-digitaalsele-soe-suitsuahjule\/#breadcrumb"},"inLanguage":"en-US","potentialAction":[{"@type":"ReadAction","target":["https:\/\/bbqentertainment.com\/toode\/ilmastikukindel-grillikate-masterbuilt-digitaalsele-soe-suitsuahjule\/"]}]},{"@type":"ImageObject","inLanguage":"en-US","@id":"https:\/\/bbqentertainment.com\/toode\/ilmastikukindel-grillikate-masterbuilt-digitaalsele-soe-suitsuahjule\/#primaryimage","url":"https:\/\/bbqentertainment.com\/wp-content\/uploads\/2025\/07\/1-5ed8fc6461-mb20080321.jpg.webp","contentUrl":"https:\/\/bbqentertainment.com\/wp-content\/uploads\/2025\/07\/1-5ed8fc6461-mb20080321.jpg.webp","width":768,"height":512},{"@type":"BreadcrumbList","@id":"https:\/\/bbqentertainment.com\/toode\/ilmastikukindel-grillikate-masterbuilt-digitaalsele-soe-suitsuahjule\/#breadcrumb","itemListElement":[{"@type":"ListItem","position":1,"name":"AVALEHT","item":"https:\/\/bbqentertainment.com\/en\/"},{"@type":"ListItem","position":2,"name":"Tooted","item":"https:\/\/bbqentertainment.com\/tooted\/"},{"@type":"ListItem","position":3,"name":"Grillid ja ahjud","item":"https:\/\/bbqentertainment.com\/tootekategooria\/grillid-ja-ahjud\/"},{"@type":"ListItem","position":4,"name":"Masterbuilt &amp; CharGriller","item":"https:\/\/bbqentertainment.com\/tootekategooria\/grillid-ja-ahjud\/masterbuilt-ahjud\/"},{"@type":"ListItem","position":5,"name":"Ilmastikukindel grillikate Masterbuilt digitaalsele s\u00f6e-suitsuahjule"}]},{"@type":"WebSite","@id":"https:\/\/bbqentertainment.com\/#website","url":"https:\/\/bbqentertainment.com\/","name":"BBQ Entertainment","description":"BBQ is a great lifestyle, not just fun!","publisher":{"@id":"https:\/\/bbqentertainment.com\/#organization"},"potentialAction":[{"@type":"SearchAction","target":{"@type":"EntryPoint","urlTemplate":"https:\/\/bbqentertainment.com\/?s={search_term_string}"},"query-input":{"@type":"PropertyValueSpecification","valueRequired":true,"valueName":"search_term_string"}}],"inLanguage":"en-US"},{"@type":"Organization","@id":"https:\/\/bbqentertainment.com\/#organization","name":"BBQ Entertainment O\u00dc","url":"https:\/\/bbqentertainment.com\/","logo":{"@type":"ImageObject","inLanguage":"en-US","@id":"https:\/\/bbqentertainment.com\/#\/schema\/logo\/image\/","url":"https:\/\/bbqentertainment.com\/wp-content\/uploads\/2020\/04\/BBQ-Entertainment-N-Catering-Enn-Tobreluts-Logo.png","contentUrl":"https:\/\/bbqentertainment.com\/wp-content\/uploads\/2020\/04\/BBQ-Entertainment-N-Catering-Enn-Tobreluts-Logo.png","width":628,"height":266,"caption":"BBQ Entertainment O\u00dc"},"image":{"@id":"https:\/\/bbqentertainment.com\/#\/schema\/logo\/image\/"},"sameAs":["https:\/\/www.facebook.com\/BBQ-Entertainment-N-Catering-2437913376443540","https:\/\/www.instagram.com\/bbqentertainmentncatering\/","https:\/\/www.youtube.com\/channel\/UCmpuANQVhLy2Md8nrenp2jA"]}]}},"_links":{"self":[{"href":"https:\/\/bbqentertainment.com\/en\/wp-json\/wp\/v2\/product\/253715","targetHints":{"allow":["GET"]}}],"collection":[{"href":"https:\/\/bbqentertainment.com\/en\/wp-json\/wp\/v2\/product"}],"about":[{"href":"https:\/\/bbqentertainment.com\/en\/wp-json\/wp\/v2\/types\/product"}],"wp:featuredmedia":[{"embeddable":true,"href":"https:\/\/bbqentertainment.com\/en\/wp-json\/wp\/v2\/media\/253722"}],"wp:attachment":[{"href":"https:\/\/bbqentertainment.com\/en\/wp-json\/wp\/v2\/media?parent=253715"}],"wp:term":[{"taxonomy":"product_brand","embeddable":true,"href":"https:\/\/bbqentertainment.com\/en\/wp-json\/wp\/v2\/product_brand?post=253715"},{"taxonomy":"product_cat","embeddable":true,"href":"https:\/\/bbqentertainment.com\/en\/wp-json\/wp\/v2\/product_cat?post=253715"},{"taxonomy":"product_tag","embeddable":true,"href":"https:\/\/bbqentertainment.com\/en\/wp-json\/wp\/v2\/product_tag?post=253715"}],"curies":[{"name":"wp","href":"https:\/\/api.w.org\/{rel}","templated":true}]}}