{"id":253730,"date":"2025-07-22T15:20:19","date_gmt":"2025-07-22T12:20:19","guid":{"rendered":"https:\/\/bbqentertainment.com\/?post_type=product&#038;p=253730"},"modified":"2025-07-25T13:45:44","modified_gmt":"2025-07-25T10:45:44","slug":"proq-plancha-grillplaat-41-cm-frontier-mudelile","status":"publish","type":"product","link":"https:\/\/bbqentertainment.com\/en\/toode\/proq-plancha-grillplaat-41-cm-frontier-mudelile\/","title":{"rendered":"ProQ Plancha grillplaat 41 cm (Frontier mudelile)"},"content":{"rendered":"","protected":false},"excerpt":{"rendered":"<h3><strong>ProQ Plancha grillplaat 41 cm (Frontier mudelile)<\/strong><\/h3>\n<p data-start=\"76\" data-end=\"379\">ProQ Plancha on tugeva konstruktsiooniga s\u00fcsinikterasest grillplaat, mis sobib t\u00e4pselt Frontier mudeli suitsugrilli resti asemele. Plancha on eriti sobiv v\u00e4iksemate ja \u00f5rnade toorainete k\u00fcpsetamiseks, nagu scampid, seened, tomatid v\u00f5i k\u00f6\u00f6giviljad.<\/p>\n<p data-start=\"381\" data-end=\"582\">Plancha sobib ka hommikus\u00f6\u00f6gikomponentide, kala, mereandide, pannkookide ja isegi saiaviilude r\u00f6stimiseks. Komplektis on eemaldatav T-kujuline k\u00e4epide, mis teeb plaadi t\u00f5stmise ja hoiustamise lihtsaks.<\/p>\n<p data-start=\"584\" data-end=\"851\">Enne esmakordset kasutamist tuleks plancha m\u00f5lemalt poolt kergelt \u00f5litada ja sisse p\u00f5letada. P\u00e4rast iga kasutuskorda saab j\u00e4\u00e4gid h\u00f5lpsasti eemaldada, sest sile pind v\u00f5imaldab need lihtsalt maha kraapida. Paks metall juhib soojust h\u00e4sti ja tagab \u00fchtlase kuumuse kogu pinnal.<\/p>\n<p data-start=\"853\" data-end=\"1102\"><br data-start=\"865\" data-end=\"868\" \/>L\u00e4bim\u00f5\u00f5t: 41 cm<br data-start=\"885\" data-end=\"888\" \/>Materjal: s\u00fcsinikteras<br data-start=\"912\" data-end=\"915\" \/>Kaal: 6,5kg<\/p>\n","protected":false},"featured_media":253735,"template":"","meta":{"inline_featured_image":false},"product_brand":[],"product_cat":[473,92,479],"product_tag":[],"class_list":{"0":"post-253730","1":"product","2":"type-product","3":"status-publish","4":"has-post-thumbnail","6":"product_cat-pro-q","7":"product_cat-lisatarvikud","8":"product_cat-grillitarvikud","10":"first","11":"instock","12":"taxable","13":"shipping-taxable","14":"purchasable","15":"product-type-simple"},"yoast_head":"<!-- This site is optimized with the Yoast SEO plugin v27.4 - https:\/\/yoast.com\/product\/yoast-seo-wordpress\/ -->\n<title>ProQ Plancha grillplaat 41 cm (Frontier mudelile) - BBQ Entertainment<\/title>\n<meta name=\"robots\" content=\"index, follow, max-snippet:-1, max-image-preview:large, max-video-preview:-1\" \/>\n<link rel=\"canonical\" href=\"https:\/\/bbqentertainment.com\/toode\/proq-plancha-grillplaat-41-cm-frontier-mudelile\/\" \/>\n<meta property=\"og:locale\" content=\"en_US\" \/>\n<meta property=\"og:type\" content=\"article\" \/>\n<meta property=\"og:title\" content=\"ProQ Plancha grillplaat 41 cm (Frontier mudelile) - BBQ Entertainment\" \/>\n<meta property=\"og:description\" content=\"ProQ Plancha grillplaat 41 cm (Frontier mudelile) ProQ Plancha on tugeva konstruktsiooniga s\u00fcsinikterasest grillplaat, mis sobib t\u00e4pselt Frontier mudeli suitsugrilli resti asemele. Plancha on eriti sobiv v\u00e4iksemate ja \u00f5rnade toorainete k\u00fcpsetamiseks, nagu scampid, seened, tomatid v\u00f5i k\u00f6\u00f6giviljad. Plancha sobib ka hommikus\u00f6\u00f6gikomponentide, kala, mereandide, pannkookide ja isegi saiaviilude r\u00f6stimiseks. Komplektis on eemaldatav T-kujuline k\u00e4epide, mis teeb plaadi t\u00f5stmise ja hoiustamise lihtsaks. Enne esmakordset kasutamist tuleks plancha m\u00f5lemalt poolt kergelt \u00f5litada ja sisse p\u00f5letada. P\u00e4rast iga kasutuskorda saab j\u00e4\u00e4gid h\u00f5lpsasti eemaldada, sest sile pind v\u00f5imaldab need lihtsalt maha kraapida. Paks metall juhib soojust h\u00e4sti ja tagab \u00fchtlase kuumuse kogu pinnal. L\u00e4bim\u00f5\u00f5t: 41 cmMaterjal: s\u00fcsinikterasKaal: 6,5kg\" \/>\n<meta property=\"og:url\" content=\"https:\/\/bbqentertainment.com\/toode\/proq-plancha-grillplaat-41-cm-frontier-mudelile\/\" \/>\n<meta property=\"og:site_name\" content=\"BBQ Entertainment\" \/>\n<meta property=\"article:publisher\" content=\"https:\/\/www.facebook.com\/BBQ-Entertainment-N-Catering-2437913376443540\" \/>\n<meta property=\"article:modified_time\" content=\"2025-07-25T10:45:44+00:00\" \/>\n<meta property=\"og:image\" content=\"https:\/\/bbqentertainment.com\/wp-content\/uploads\/2025\/07\/proq-plancha-frontier.jpg\" \/>\n\t<meta property=\"og:image:width\" content=\"1800\" \/>\n\t<meta property=\"og:image:height\" content=\"1800\" \/>\n\t<meta property=\"og:image:type\" content=\"image\/jpeg\" \/>\n<meta name=\"twitter:card\" content=\"summary_large_image\" \/>\n<meta name=\"twitter:label1\" content=\"Est. reading time\" \/>\n\t<meta name=\"twitter:data1\" content=\"1 minute\" \/>\n<script type=\"application\/ld+json\" class=\"yoast-schema-graph\">{\"@context\":\"https:\\\/\\\/schema.org\",\"@graph\":[{\"@type\":[\"WebPage\",\"ItemPage\"],\"@id\":\"https:\\\/\\\/bbqentertainment.com\\\/toode\\\/proq-plancha-grillplaat-41-cm-frontier-mudelile\\\/\",\"url\":\"https:\\\/\\\/bbqentertainment.com\\\/toode\\\/proq-plancha-grillplaat-41-cm-frontier-mudelile\\\/\",\"name\":\"ProQ Plancha grillplaat 41 cm (Frontier mudelile) - BBQ Entertainment\",\"isPartOf\":{\"@id\":\"https:\\\/\\\/bbqentertainment.com\\\/#website\"},\"primaryImageOfPage\":{\"@id\":\"https:\\\/\\\/bbqentertainment.com\\\/toode\\\/proq-plancha-grillplaat-41-cm-frontier-mudelile\\\/#primaryimage\"},\"image\":{\"@id\":\"https:\\\/\\\/bbqentertainment.com\\\/toode\\\/proq-plancha-grillplaat-41-cm-frontier-mudelile\\\/#primaryimage\"},\"thumbnailUrl\":\"https:\\\/\\\/bbqentertainment.com\\\/wp-content\\\/uploads\\\/2025\\\/07\\\/proq-plancha-frontier.jpg\",\"datePublished\":\"2025-07-22T12:20:19+00:00\",\"dateModified\":\"2025-07-25T10:45:44+00:00\",\"breadcrumb\":{\"@id\":\"https:\\\/\\\/bbqentertainment.com\\\/toode\\\/proq-plancha-grillplaat-41-cm-frontier-mudelile\\\/#breadcrumb\"},\"inLanguage\":\"en-US\",\"potentialAction\":[{\"@type\":\"ReadAction\",\"target\":[\"https:\\\/\\\/bbqentertainment.com\\\/toode\\\/proq-plancha-grillplaat-41-cm-frontier-mudelile\\\/\"]}]},{\"@type\":\"ImageObject\",\"inLanguage\":\"en-US\",\"@id\":\"https:\\\/\\\/bbqentertainment.com\\\/toode\\\/proq-plancha-grillplaat-41-cm-frontier-mudelile\\\/#primaryimage\",\"url\":\"https:\\\/\\\/bbqentertainment.com\\\/wp-content\\\/uploads\\\/2025\\\/07\\\/proq-plancha-frontier.jpg\",\"contentUrl\":\"https:\\\/\\\/bbqentertainment.com\\\/wp-content\\\/uploads\\\/2025\\\/07\\\/proq-plancha-frontier.jpg\",\"width\":1800,\"height\":1800},{\"@type\":\"BreadcrumbList\",\"@id\":\"https:\\\/\\\/bbqentertainment.com\\\/toode\\\/proq-plancha-grillplaat-41-cm-frontier-mudelile\\\/#breadcrumb\",\"itemListElement\":[{\"@type\":\"ListItem\",\"position\":1,\"name\":\"AVALEHT\",\"item\":\"https:\\\/\\\/bbqentertainment.com\\\/en\\\/\"},{\"@type\":\"ListItem\",\"position\":2,\"name\":\"Tooted\",\"item\":\"https:\\\/\\\/bbqentertainment.com\\\/tooted\\\/\"},{\"@type\":\"ListItem\",\"position\":3,\"name\":\"Grillid ja ahjud\",\"item\":\"https:\\\/\\\/bbqentertainment.com\\\/tootekategooria\\\/grillid-ja-ahjud\\\/\"},{\"@type\":\"ListItem\",\"position\":4,\"name\":\"PRO Q\",\"item\":\"https:\\\/\\\/bbqentertainment.com\\\/tootekategooria\\\/grillid-ja-ahjud\\\/pro-q\\\/\"},{\"@type\":\"ListItem\",\"position\":5,\"name\":\"ProQ Plancha grillplaat 41 cm (Frontier mudelile)\"}]},{\"@type\":\"WebSite\",\"@id\":\"https:\\\/\\\/bbqentertainment.com\\\/#website\",\"url\":\"https:\\\/\\\/bbqentertainment.com\\\/\",\"name\":\"BBQ Entertainment\",\"description\":\"BBQ is a great lifestyle, not just fun!\",\"publisher\":{\"@id\":\"https:\\\/\\\/bbqentertainment.com\\\/#organization\"},\"potentialAction\":[{\"@type\":\"SearchAction\",\"target\":{\"@type\":\"EntryPoint\",\"urlTemplate\":\"https:\\\/\\\/bbqentertainment.com\\\/?s={search_term_string}\"},\"query-input\":{\"@type\":\"PropertyValueSpecification\",\"valueRequired\":true,\"valueName\":\"search_term_string\"}}],\"inLanguage\":\"en-US\"},{\"@type\":\"Organization\",\"@id\":\"https:\\\/\\\/bbqentertainment.com\\\/#organization\",\"name\":\"BBQ Entertainment O\u00dc\",\"url\":\"https:\\\/\\\/bbqentertainment.com\\\/\",\"logo\":{\"@type\":\"ImageObject\",\"inLanguage\":\"en-US\",\"@id\":\"https:\\\/\\\/bbqentertainment.com\\\/#\\\/schema\\\/logo\\\/image\\\/\",\"url\":\"https:\\\/\\\/bbqentertainment.com\\\/wp-content\\\/uploads\\\/2020\\\/04\\\/BBQ-Entertainment-N-Catering-Enn-Tobreluts-Logo.png\",\"contentUrl\":\"https:\\\/\\\/bbqentertainment.com\\\/wp-content\\\/uploads\\\/2020\\\/04\\\/BBQ-Entertainment-N-Catering-Enn-Tobreluts-Logo.png\",\"width\":628,\"height\":266,\"caption\":\"BBQ Entertainment O\u00dc\"},\"image\":{\"@id\":\"https:\\\/\\\/bbqentertainment.com\\\/#\\\/schema\\\/logo\\\/image\\\/\"},\"sameAs\":[\"https:\\\/\\\/www.facebook.com\\\/BBQ-Entertainment-N-Catering-2437913376443540\",\"https:\\\/\\\/www.instagram.com\\\/bbqentertainmentncatering\\\/\",\"https:\\\/\\\/www.youtube.com\\\/channel\\\/UCmpuANQVhLy2Md8nrenp2jA\"]}]}<\/script>\n<!-- \/ Yoast SEO plugin. -->","yoast_head_json":{"title":"ProQ Plancha grillplaat 41 cm (Frontier mudelile) - BBQ Entertainment","robots":{"index":"index","follow":"follow","max-snippet":"max-snippet:-1","max-image-preview":"max-image-preview:large","max-video-preview":"max-video-preview:-1"},"canonical":"https:\/\/bbqentertainment.com\/toode\/proq-plancha-grillplaat-41-cm-frontier-mudelile\/","og_locale":"en_US","og_type":"article","og_title":"ProQ Plancha grillplaat 41 cm (Frontier mudelile) - BBQ Entertainment","og_description":"ProQ Plancha grillplaat 41 cm (Frontier mudelile) ProQ Plancha on tugeva konstruktsiooniga s\u00fcsinikterasest grillplaat, mis sobib t\u00e4pselt Frontier mudeli suitsugrilli resti asemele. Plancha on eriti sobiv v\u00e4iksemate ja \u00f5rnade toorainete k\u00fcpsetamiseks, nagu scampid, seened, tomatid v\u00f5i k\u00f6\u00f6giviljad. Plancha sobib ka hommikus\u00f6\u00f6gikomponentide, kala, mereandide, pannkookide ja isegi saiaviilude r\u00f6stimiseks. Komplektis on eemaldatav T-kujuline k\u00e4epide, mis teeb plaadi t\u00f5stmise ja hoiustamise lihtsaks. Enne esmakordset kasutamist tuleks plancha m\u00f5lemalt poolt kergelt \u00f5litada ja sisse p\u00f5letada. P\u00e4rast iga kasutuskorda saab j\u00e4\u00e4gid h\u00f5lpsasti eemaldada, sest sile pind v\u00f5imaldab need lihtsalt maha kraapida. Paks metall juhib soojust h\u00e4sti ja tagab \u00fchtlase kuumuse kogu pinnal. L\u00e4bim\u00f5\u00f5t: 41 cmMaterjal: s\u00fcsinikterasKaal: 6,5kg","og_url":"https:\/\/bbqentertainment.com\/toode\/proq-plancha-grillplaat-41-cm-frontier-mudelile\/","og_site_name":"BBQ Entertainment","article_publisher":"https:\/\/www.facebook.com\/BBQ-Entertainment-N-Catering-2437913376443540","article_modified_time":"2025-07-25T10:45:44+00:00","og_image":[{"width":1800,"height":1800,"url":"https:\/\/bbqentertainment.com\/wp-content\/uploads\/2025\/07\/proq-plancha-frontier.jpg","type":"image\/jpeg"}],"twitter_card":"summary_large_image","twitter_misc":{"Est. reading time":"1 minute"},"schema":{"@context":"https:\/\/schema.org","@graph":[{"@type":["WebPage","ItemPage"],"@id":"https:\/\/bbqentertainment.com\/toode\/proq-plancha-grillplaat-41-cm-frontier-mudelile\/","url":"https:\/\/bbqentertainment.com\/toode\/proq-plancha-grillplaat-41-cm-frontier-mudelile\/","name":"ProQ Plancha grillplaat 41 cm (Frontier mudelile) - BBQ Entertainment","isPartOf":{"@id":"https:\/\/bbqentertainment.com\/#website"},"primaryImageOfPage":{"@id":"https:\/\/bbqentertainment.com\/toode\/proq-plancha-grillplaat-41-cm-frontier-mudelile\/#primaryimage"},"image":{"@id":"https:\/\/bbqentertainment.com\/toode\/proq-plancha-grillplaat-41-cm-frontier-mudelile\/#primaryimage"},"thumbnailUrl":"https:\/\/bbqentertainment.com\/wp-content\/uploads\/2025\/07\/proq-plancha-frontier.jpg","datePublished":"2025-07-22T12:20:19+00:00","dateModified":"2025-07-25T10:45:44+00:00","breadcrumb":{"@id":"https:\/\/bbqentertainment.com\/toode\/proq-plancha-grillplaat-41-cm-frontier-mudelile\/#breadcrumb"},"inLanguage":"en-US","potentialAction":[{"@type":"ReadAction","target":["https:\/\/bbqentertainment.com\/toode\/proq-plancha-grillplaat-41-cm-frontier-mudelile\/"]}]},{"@type":"ImageObject","inLanguage":"en-US","@id":"https:\/\/bbqentertainment.com\/toode\/proq-plancha-grillplaat-41-cm-frontier-mudelile\/#primaryimage","url":"https:\/\/bbqentertainment.com\/wp-content\/uploads\/2025\/07\/proq-plancha-frontier.jpg","contentUrl":"https:\/\/bbqentertainment.com\/wp-content\/uploads\/2025\/07\/proq-plancha-frontier.jpg","width":1800,"height":1800},{"@type":"BreadcrumbList","@id":"https:\/\/bbqentertainment.com\/toode\/proq-plancha-grillplaat-41-cm-frontier-mudelile\/#breadcrumb","itemListElement":[{"@type":"ListItem","position":1,"name":"AVALEHT","item":"https:\/\/bbqentertainment.com\/en\/"},{"@type":"ListItem","position":2,"name":"Tooted","item":"https:\/\/bbqentertainment.com\/tooted\/"},{"@type":"ListItem","position":3,"name":"Grillid ja ahjud","item":"https:\/\/bbqentertainment.com\/tootekategooria\/grillid-ja-ahjud\/"},{"@type":"ListItem","position":4,"name":"PRO Q","item":"https:\/\/bbqentertainment.com\/tootekategooria\/grillid-ja-ahjud\/pro-q\/"},{"@type":"ListItem","position":5,"name":"ProQ Plancha grillplaat 41 cm (Frontier mudelile)"}]},{"@type":"WebSite","@id":"https:\/\/bbqentertainment.com\/#website","url":"https:\/\/bbqentertainment.com\/","name":"BBQ Entertainment","description":"BBQ is a great lifestyle, not just fun!","publisher":{"@id":"https:\/\/bbqentertainment.com\/#organization"},"potentialAction":[{"@type":"SearchAction","target":{"@type":"EntryPoint","urlTemplate":"https:\/\/bbqentertainment.com\/?s={search_term_string}"},"query-input":{"@type":"PropertyValueSpecification","valueRequired":true,"valueName":"search_term_string"}}],"inLanguage":"en-US"},{"@type":"Organization","@id":"https:\/\/bbqentertainment.com\/#organization","name":"BBQ Entertainment O\u00dc","url":"https:\/\/bbqentertainment.com\/","logo":{"@type":"ImageObject","inLanguage":"en-US","@id":"https:\/\/bbqentertainment.com\/#\/schema\/logo\/image\/","url":"https:\/\/bbqentertainment.com\/wp-content\/uploads\/2020\/04\/BBQ-Entertainment-N-Catering-Enn-Tobreluts-Logo.png","contentUrl":"https:\/\/bbqentertainment.com\/wp-content\/uploads\/2020\/04\/BBQ-Entertainment-N-Catering-Enn-Tobreluts-Logo.png","width":628,"height":266,"caption":"BBQ Entertainment O\u00dc"},"image":{"@id":"https:\/\/bbqentertainment.com\/#\/schema\/logo\/image\/"},"sameAs":["https:\/\/www.facebook.com\/BBQ-Entertainment-N-Catering-2437913376443540","https:\/\/www.instagram.com\/bbqentertainmentncatering\/","https:\/\/www.youtube.com\/channel\/UCmpuANQVhLy2Md8nrenp2jA"]}]}},"_links":{"self":[{"href":"https:\/\/bbqentertainment.com\/en\/wp-json\/wp\/v2\/product\/253730","targetHints":{"allow":["GET"]}}],"collection":[{"href":"https:\/\/bbqentertainment.com\/en\/wp-json\/wp\/v2\/product"}],"about":[{"href":"https:\/\/bbqentertainment.com\/en\/wp-json\/wp\/v2\/types\/product"}],"wp:featuredmedia":[{"embeddable":true,"href":"https:\/\/bbqentertainment.com\/en\/wp-json\/wp\/v2\/media\/253735"}],"wp:attachment":[{"href":"https:\/\/bbqentertainment.com\/en\/wp-json\/wp\/v2\/media?parent=253730"}],"wp:term":[{"taxonomy":"product_brand","embeddable":true,"href":"https:\/\/bbqentertainment.com\/en\/wp-json\/wp\/v2\/product_brand?post=253730"},{"taxonomy":"product_cat","embeddable":true,"href":"https:\/\/bbqentertainment.com\/en\/wp-json\/wp\/v2\/product_cat?post=253730"},{"taxonomy":"product_tag","embeddable":true,"href":"https:\/\/bbqentertainment.com\/en\/wp-json\/wp\/v2\/product_tag?post=253730"}],"curies":[{"name":"wp","href":"https:\/\/api.w.org\/{rel}","templated":true}]}}