{"id":253737,"date":"2025-07-22T15:35:07","date_gmt":"2025-07-22T12:35:07","guid":{"rendered":"https:\/\/bbqentertainment.com\/?post_type=product&#038;p=253737"},"modified":"2026-03-04T02:27:58","modified_gmt":"2026-03-04T00:27:58","slug":"proq-sutestarter-sutekamin-roostevabast-terasest-grillrest","status":"publish","type":"product","link":"https:\/\/bbqentertainment.com\/en\/toode\/proq-sutestarter-sutekamin-roostevabast-terasest-grillrest\/","title":{"rendered":"Roostevabast terasest grillrest ProQ s\u00fctestarterile \/ s\u00fctekaminale"},"content":{"rendered":"","protected":false},"excerpt":{"rendered":"<h3><strong>Roostevabast terasest grillrest ProQ s\u00fctestarterile \/ s\u00fctekaminale<\/strong><\/h3>\n<p data-start=\"0\" data-end=\"274\">ProQ s\u00fctestarteri grillrest muudab tavalise s\u00fctestarteri kiiresti t\u00f5husaks k\u00f5rge kuumusega grilliks, mis sobib ideaalselt steigi, k\u00f6\u00f6giviljade v\u00f5i n\u00e4iteks panniga toidu valmistamiseks. K\u00f5rge temperatuur aitab saavutada tugeva grillkooriku, samas kui liha j\u00e4\u00e4b seest mahlane.<\/p>\n<p data-start=\"276\" data-end=\"556\">\u2022 sobib enamiku populaarsete s\u00fctestarterite peale (\u2300 190 mm)<br data-start=\"336\" data-end=\"339\" \/>\u2022 valmistatud tugevast materjalist, talub v\u00e4ga k\u00f5rgeid temperatuure<br data-start=\"406\" data-end=\"409\" data-is-only-node=\"\" \/>\u2022 lihtne kasutada<br data-start=\"426\" data-end=\"429\" \/>\u2022 ideaalne telkimiseks v\u00f5i kiireks toidu valmistamiseks \u00f5ues<br data-start=\"489\" data-end=\"492\" \/>\u2022 sobib ka veekeetja v\u00f5i v\u00e4ikese panni kasutamiseks otse tulel<\/p>\n<p data-start=\"558\" data-end=\"652\" data-is-last-node=\"\" data-is-only-node=\"\">Kompaktne, praktiline ja v\u00e4ga t\u00f5hus lisatarvik, kui vajad maksimaalset kuumust v\u00e4hese vaevaga.<\/p>\n","protected":false},"featured_media":253748,"template":"","meta":{"inline_featured_image":false},"product_brand":[],"product_cat":[473,92,479],"product_tag":[],"class_list":{"0":"post-253737","1":"product","2":"type-product","3":"status-publish","4":"has-post-thumbnail","6":"product_cat-pro-q","7":"product_cat-lisatarvikud","8":"product_cat-grillitarvikud","10":"first","11":"instock","12":"taxable","13":"shipping-taxable","14":"purchasable","15":"product-type-simple"},"yoast_head":"<!-- This site is optimized with the Yoast SEO plugin v27.4 - https:\/\/yoast.com\/product\/yoast-seo-wordpress\/ -->\n<title>Roostevabast terasest grillrest ProQ s\u00fctestarterile \/ s\u00fctekaminale - BBQ Entertainment<\/title>\n<meta name=\"robots\" content=\"index, follow, max-snippet:-1, max-image-preview:large, max-video-preview:-1\" \/>\n<link rel=\"canonical\" href=\"https:\/\/bbqentertainment.com\/toode\/proq-sutestarter-sutekamin-roostevabast-terasest-grillrest\/\" \/>\n<meta property=\"og:locale\" content=\"en_US\" \/>\n<meta property=\"og:type\" content=\"article\" \/>\n<meta property=\"og:title\" content=\"Roostevabast terasest grillrest ProQ s\u00fctestarterile \/ s\u00fctekaminale - BBQ Entertainment\" \/>\n<meta property=\"og:description\" content=\"Roostevabast terasest grillrest ProQ s\u00fctestarterile \/ s\u00fctekaminale ProQ s\u00fctestarteri grillrest muudab tavalise s\u00fctestarteri kiiresti t\u00f5husaks k\u00f5rge kuumusega grilliks, mis sobib ideaalselt steigi, k\u00f6\u00f6giviljade v\u00f5i n\u00e4iteks panniga toidu valmistamiseks. K\u00f5rge temperatuur aitab saavutada tugeva grillkooriku, samas kui liha j\u00e4\u00e4b seest mahlane. \u2022 sobib enamiku populaarsete s\u00fctestarterite peale (\u2300 190 mm)\u2022 valmistatud tugevast materjalist, talub v\u00e4ga k\u00f5rgeid temperatuure\u2022 lihtne kasutada\u2022 ideaalne telkimiseks v\u00f5i kiireks toidu valmistamiseks \u00f5ues\u2022 sobib ka veekeetja v\u00f5i v\u00e4ikese panni kasutamiseks otse tulel Kompaktne, praktiline ja v\u00e4ga t\u00f5hus lisatarvik, kui vajad maksimaalset kuumust v\u00e4hese vaevaga.\" \/>\n<meta property=\"og:url\" content=\"https:\/\/bbqentertainment.com\/toode\/proq-sutestarter-sutekamin-roostevabast-terasest-grillrest\/\" \/>\n<meta property=\"og:site_name\" content=\"BBQ Entertainment\" \/>\n<meta property=\"article:publisher\" content=\"https:\/\/www.facebook.com\/BBQ-Entertainment-N-Catering-2437913376443540\" \/>\n<meta property=\"article:modified_time\" content=\"2026-03-04T00:27:58+00:00\" \/>\n<meta property=\"og:image\" content=\"https:\/\/bbqentertainment.com\/wp-content\/uploads\/2025\/07\/proq_afterburner_grill_-_stainless_steel_griddle.jpg\" \/>\n\t<meta property=\"og:image:width\" content=\"400\" \/>\n\t<meta property=\"og:image:height\" content=\"400\" \/>\n\t<meta property=\"og:image:type\" content=\"image\/jpeg\" \/>\n<meta name=\"twitter:card\" content=\"summary_large_image\" \/>\n<meta name=\"twitter:label1\" content=\"Est. reading time\" \/>\n\t<meta name=\"twitter:data1\" content=\"1 minute\" \/>\n<script type=\"application\/ld+json\" class=\"yoast-schema-graph\">{\"@context\":\"https:\\\/\\\/schema.org\",\"@graph\":[{\"@type\":[\"WebPage\",\"ItemPage\"],\"@id\":\"https:\\\/\\\/bbqentertainment.com\\\/toode\\\/proq-sutestarter-sutekamin-roostevabast-terasest-grillrest\\\/\",\"url\":\"https:\\\/\\\/bbqentertainment.com\\\/toode\\\/proq-sutestarter-sutekamin-roostevabast-terasest-grillrest\\\/\",\"name\":\"Roostevabast terasest grillrest ProQ s\u00fctestarterile \\\/ s\u00fctekaminale - BBQ Entertainment\",\"isPartOf\":{\"@id\":\"https:\\\/\\\/bbqentertainment.com\\\/#website\"},\"primaryImageOfPage\":{\"@id\":\"https:\\\/\\\/bbqentertainment.com\\\/toode\\\/proq-sutestarter-sutekamin-roostevabast-terasest-grillrest\\\/#primaryimage\"},\"image\":{\"@id\":\"https:\\\/\\\/bbqentertainment.com\\\/toode\\\/proq-sutestarter-sutekamin-roostevabast-terasest-grillrest\\\/#primaryimage\"},\"thumbnailUrl\":\"https:\\\/\\\/bbqentertainment.com\\\/wp-content\\\/uploads\\\/2025\\\/07\\\/proq_afterburner_grill_-_stainless_steel_griddle.jpg\",\"datePublished\":\"2025-07-22T12:35:07+00:00\",\"dateModified\":\"2026-03-04T00:27:58+00:00\",\"breadcrumb\":{\"@id\":\"https:\\\/\\\/bbqentertainment.com\\\/toode\\\/proq-sutestarter-sutekamin-roostevabast-terasest-grillrest\\\/#breadcrumb\"},\"inLanguage\":\"en-US\",\"potentialAction\":[{\"@type\":\"ReadAction\",\"target\":[\"https:\\\/\\\/bbqentertainment.com\\\/toode\\\/proq-sutestarter-sutekamin-roostevabast-terasest-grillrest\\\/\"]}]},{\"@type\":\"ImageObject\",\"inLanguage\":\"en-US\",\"@id\":\"https:\\\/\\\/bbqentertainment.com\\\/toode\\\/proq-sutestarter-sutekamin-roostevabast-terasest-grillrest\\\/#primaryimage\",\"url\":\"https:\\\/\\\/bbqentertainment.com\\\/wp-content\\\/uploads\\\/2025\\\/07\\\/proq_afterburner_grill_-_stainless_steel_griddle.jpg\",\"contentUrl\":\"https:\\\/\\\/bbqentertainment.com\\\/wp-content\\\/uploads\\\/2025\\\/07\\\/proq_afterburner_grill_-_stainless_steel_griddle.jpg\",\"width\":400,\"height\":400},{\"@type\":\"BreadcrumbList\",\"@id\":\"https:\\\/\\\/bbqentertainment.com\\\/toode\\\/proq-sutestarter-sutekamin-roostevabast-terasest-grillrest\\\/#breadcrumb\",\"itemListElement\":[{\"@type\":\"ListItem\",\"position\":1,\"name\":\"AVALEHT\",\"item\":\"https:\\\/\\\/bbqentertainment.com\\\/en\\\/\"},{\"@type\":\"ListItem\",\"position\":2,\"name\":\"Tooted\",\"item\":\"https:\\\/\\\/bbqentertainment.com\\\/tooted\\\/\"},{\"@type\":\"ListItem\",\"position\":3,\"name\":\"Grillid ja ahjud\",\"item\":\"https:\\\/\\\/bbqentertainment.com\\\/tootekategooria\\\/grillid-ja-ahjud\\\/\"},{\"@type\":\"ListItem\",\"position\":4,\"name\":\"PRO Q\",\"item\":\"https:\\\/\\\/bbqentertainment.com\\\/tootekategooria\\\/grillid-ja-ahjud\\\/pro-q\\\/\"},{\"@type\":\"ListItem\",\"position\":5,\"name\":\"Roostevabast terasest grillrest ProQ s\u00fctestarterile \\\/ s\u00fctekaminale\"}]},{\"@type\":\"WebSite\",\"@id\":\"https:\\\/\\\/bbqentertainment.com\\\/#website\",\"url\":\"https:\\\/\\\/bbqentertainment.com\\\/\",\"name\":\"BBQ Entertainment\",\"description\":\"BBQ is a great lifestyle, not just fun!\",\"publisher\":{\"@id\":\"https:\\\/\\\/bbqentertainment.com\\\/#organization\"},\"potentialAction\":[{\"@type\":\"SearchAction\",\"target\":{\"@type\":\"EntryPoint\",\"urlTemplate\":\"https:\\\/\\\/bbqentertainment.com\\\/?s={search_term_string}\"},\"query-input\":{\"@type\":\"PropertyValueSpecification\",\"valueRequired\":true,\"valueName\":\"search_term_string\"}}],\"inLanguage\":\"en-US\"},{\"@type\":\"Organization\",\"@id\":\"https:\\\/\\\/bbqentertainment.com\\\/#organization\",\"name\":\"BBQ Entertainment O\u00dc\",\"url\":\"https:\\\/\\\/bbqentertainment.com\\\/\",\"logo\":{\"@type\":\"ImageObject\",\"inLanguage\":\"en-US\",\"@id\":\"https:\\\/\\\/bbqentertainment.com\\\/#\\\/schema\\\/logo\\\/image\\\/\",\"url\":\"https:\\\/\\\/bbqentertainment.com\\\/wp-content\\\/uploads\\\/2020\\\/04\\\/BBQ-Entertainment-N-Catering-Enn-Tobreluts-Logo.png\",\"contentUrl\":\"https:\\\/\\\/bbqentertainment.com\\\/wp-content\\\/uploads\\\/2020\\\/04\\\/BBQ-Entertainment-N-Catering-Enn-Tobreluts-Logo.png\",\"width\":628,\"height\":266,\"caption\":\"BBQ Entertainment O\u00dc\"},\"image\":{\"@id\":\"https:\\\/\\\/bbqentertainment.com\\\/#\\\/schema\\\/logo\\\/image\\\/\"},\"sameAs\":[\"https:\\\/\\\/www.facebook.com\\\/BBQ-Entertainment-N-Catering-2437913376443540\",\"https:\\\/\\\/www.instagram.com\\\/bbqentertainmentncatering\\\/\",\"https:\\\/\\\/www.youtube.com\\\/channel\\\/UCmpuANQVhLy2Md8nrenp2jA\"]}]}<\/script>\n<!-- \/ Yoast SEO plugin. -->","yoast_head_json":{"title":"Roostevabast terasest grillrest ProQ s\u00fctestarterile \/ s\u00fctekaminale - BBQ Entertainment","robots":{"index":"index","follow":"follow","max-snippet":"max-snippet:-1","max-image-preview":"max-image-preview:large","max-video-preview":"max-video-preview:-1"},"canonical":"https:\/\/bbqentertainment.com\/toode\/proq-sutestarter-sutekamin-roostevabast-terasest-grillrest\/","og_locale":"en_US","og_type":"article","og_title":"Roostevabast terasest grillrest ProQ s\u00fctestarterile \/ s\u00fctekaminale - BBQ Entertainment","og_description":"Roostevabast terasest grillrest ProQ s\u00fctestarterile \/ s\u00fctekaminale ProQ s\u00fctestarteri grillrest muudab tavalise s\u00fctestarteri kiiresti t\u00f5husaks k\u00f5rge kuumusega grilliks, mis sobib ideaalselt steigi, k\u00f6\u00f6giviljade v\u00f5i n\u00e4iteks panniga toidu valmistamiseks. K\u00f5rge temperatuur aitab saavutada tugeva grillkooriku, samas kui liha j\u00e4\u00e4b seest mahlane. \u2022 sobib enamiku populaarsete s\u00fctestarterite peale (\u2300 190 mm)\u2022 valmistatud tugevast materjalist, talub v\u00e4ga k\u00f5rgeid temperatuure\u2022 lihtne kasutada\u2022 ideaalne telkimiseks v\u00f5i kiireks toidu valmistamiseks \u00f5ues\u2022 sobib ka veekeetja v\u00f5i v\u00e4ikese panni kasutamiseks otse tulel Kompaktne, praktiline ja v\u00e4ga t\u00f5hus lisatarvik, kui vajad maksimaalset kuumust v\u00e4hese vaevaga.","og_url":"https:\/\/bbqentertainment.com\/toode\/proq-sutestarter-sutekamin-roostevabast-terasest-grillrest\/","og_site_name":"BBQ Entertainment","article_publisher":"https:\/\/www.facebook.com\/BBQ-Entertainment-N-Catering-2437913376443540","article_modified_time":"2026-03-04T00:27:58+00:00","og_image":[{"width":400,"height":400,"url":"https:\/\/bbqentertainment.com\/wp-content\/uploads\/2025\/07\/proq_afterburner_grill_-_stainless_steel_griddle.jpg","type":"image\/jpeg"}],"twitter_card":"summary_large_image","twitter_misc":{"Est. reading time":"1 minute"},"schema":{"@context":"https:\/\/schema.org","@graph":[{"@type":["WebPage","ItemPage"],"@id":"https:\/\/bbqentertainment.com\/toode\/proq-sutestarter-sutekamin-roostevabast-terasest-grillrest\/","url":"https:\/\/bbqentertainment.com\/toode\/proq-sutestarter-sutekamin-roostevabast-terasest-grillrest\/","name":"Roostevabast terasest grillrest ProQ s\u00fctestarterile \/ s\u00fctekaminale - BBQ Entertainment","isPartOf":{"@id":"https:\/\/bbqentertainment.com\/#website"},"primaryImageOfPage":{"@id":"https:\/\/bbqentertainment.com\/toode\/proq-sutestarter-sutekamin-roostevabast-terasest-grillrest\/#primaryimage"},"image":{"@id":"https:\/\/bbqentertainment.com\/toode\/proq-sutestarter-sutekamin-roostevabast-terasest-grillrest\/#primaryimage"},"thumbnailUrl":"https:\/\/bbqentertainment.com\/wp-content\/uploads\/2025\/07\/proq_afterburner_grill_-_stainless_steel_griddle.jpg","datePublished":"2025-07-22T12:35:07+00:00","dateModified":"2026-03-04T00:27:58+00:00","breadcrumb":{"@id":"https:\/\/bbqentertainment.com\/toode\/proq-sutestarter-sutekamin-roostevabast-terasest-grillrest\/#breadcrumb"},"inLanguage":"en-US","potentialAction":[{"@type":"ReadAction","target":["https:\/\/bbqentertainment.com\/toode\/proq-sutestarter-sutekamin-roostevabast-terasest-grillrest\/"]}]},{"@type":"ImageObject","inLanguage":"en-US","@id":"https:\/\/bbqentertainment.com\/toode\/proq-sutestarter-sutekamin-roostevabast-terasest-grillrest\/#primaryimage","url":"https:\/\/bbqentertainment.com\/wp-content\/uploads\/2025\/07\/proq_afterburner_grill_-_stainless_steel_griddle.jpg","contentUrl":"https:\/\/bbqentertainment.com\/wp-content\/uploads\/2025\/07\/proq_afterburner_grill_-_stainless_steel_griddle.jpg","width":400,"height":400},{"@type":"BreadcrumbList","@id":"https:\/\/bbqentertainment.com\/toode\/proq-sutestarter-sutekamin-roostevabast-terasest-grillrest\/#breadcrumb","itemListElement":[{"@type":"ListItem","position":1,"name":"AVALEHT","item":"https:\/\/bbqentertainment.com\/en\/"},{"@type":"ListItem","position":2,"name":"Tooted","item":"https:\/\/bbqentertainment.com\/tooted\/"},{"@type":"ListItem","position":3,"name":"Grillid ja ahjud","item":"https:\/\/bbqentertainment.com\/tootekategooria\/grillid-ja-ahjud\/"},{"@type":"ListItem","position":4,"name":"PRO Q","item":"https:\/\/bbqentertainment.com\/tootekategooria\/grillid-ja-ahjud\/pro-q\/"},{"@type":"ListItem","position":5,"name":"Roostevabast terasest grillrest ProQ s\u00fctestarterile \/ s\u00fctekaminale"}]},{"@type":"WebSite","@id":"https:\/\/bbqentertainment.com\/#website","url":"https:\/\/bbqentertainment.com\/","name":"BBQ Entertainment","description":"BBQ is a great lifestyle, not just fun!","publisher":{"@id":"https:\/\/bbqentertainment.com\/#organization"},"potentialAction":[{"@type":"SearchAction","target":{"@type":"EntryPoint","urlTemplate":"https:\/\/bbqentertainment.com\/?s={search_term_string}"},"query-input":{"@type":"PropertyValueSpecification","valueRequired":true,"valueName":"search_term_string"}}],"inLanguage":"en-US"},{"@type":"Organization","@id":"https:\/\/bbqentertainment.com\/#organization","name":"BBQ Entertainment O\u00dc","url":"https:\/\/bbqentertainment.com\/","logo":{"@type":"ImageObject","inLanguage":"en-US","@id":"https:\/\/bbqentertainment.com\/#\/schema\/logo\/image\/","url":"https:\/\/bbqentertainment.com\/wp-content\/uploads\/2020\/04\/BBQ-Entertainment-N-Catering-Enn-Tobreluts-Logo.png","contentUrl":"https:\/\/bbqentertainment.com\/wp-content\/uploads\/2020\/04\/BBQ-Entertainment-N-Catering-Enn-Tobreluts-Logo.png","width":628,"height":266,"caption":"BBQ Entertainment O\u00dc"},"image":{"@id":"https:\/\/bbqentertainment.com\/#\/schema\/logo\/image\/"},"sameAs":["https:\/\/www.facebook.com\/BBQ-Entertainment-N-Catering-2437913376443540","https:\/\/www.instagram.com\/bbqentertainmentncatering\/","https:\/\/www.youtube.com\/channel\/UCmpuANQVhLy2Md8nrenp2jA"]}]}},"_links":{"self":[{"href":"https:\/\/bbqentertainment.com\/en\/wp-json\/wp\/v2\/product\/253737","targetHints":{"allow":["GET"]}}],"collection":[{"href":"https:\/\/bbqentertainment.com\/en\/wp-json\/wp\/v2\/product"}],"about":[{"href":"https:\/\/bbqentertainment.com\/en\/wp-json\/wp\/v2\/types\/product"}],"wp:featuredmedia":[{"embeddable":true,"href":"https:\/\/bbqentertainment.com\/en\/wp-json\/wp\/v2\/media\/253748"}],"wp:attachment":[{"href":"https:\/\/bbqentertainment.com\/en\/wp-json\/wp\/v2\/media?parent=253737"}],"wp:term":[{"taxonomy":"product_brand","embeddable":true,"href":"https:\/\/bbqentertainment.com\/en\/wp-json\/wp\/v2\/product_brand?post=253737"},{"taxonomy":"product_cat","embeddable":true,"href":"https:\/\/bbqentertainment.com\/en\/wp-json\/wp\/v2\/product_cat?post=253737"},{"taxonomy":"product_tag","embeddable":true,"href":"https:\/\/bbqentertainment.com\/en\/wp-json\/wp\/v2\/product_tag?post=253737"}],"curies":[{"name":"wp","href":"https:\/\/api.w.org\/{rel}","templated":true}]}}