{"id":253751,"date":"2025-07-22T16:22:56","date_gmt":"2025-07-22T13:22:56","guid":{"rendered":"https:\/\/bbqentertainment.com\/?post_type=product&#038;p=253751"},"modified":"2026-03-07T23:58:56","modified_gmt":"2026-03-07T21:58:56","slug":"proq-elektriline-poordvarras-rotisseerie-komplekt-frontier-ja-ranger-grillile","status":"publish","type":"product","link":"https:\/\/bbqentertainment.com\/en\/toode\/proq-elektriline-poordvarras-rotisseerie-komplekt-frontier-ja-ranger-grillile\/","title":{"rendered":"ProQ elektriline p\u00f6\u00f6rdvarras \u2013 rotisserie komplekt Frontier grillile"},"content":{"rendered":"","protected":false},"excerpt":{"rendered":"<h3><strong>ProQ elektriline p\u00f6\u00f6rdvarras \u2013 rotisserie komplekt Frontier grillile<\/strong><\/h3>\n<p data-start=\"181\" data-end=\"437\">ProQ p\u00f6\u00f6rdgrill sobib suurep\u00e4raselt terve kana, seaprae, lambaliha ja muu liha \u00fchtlaseks k\u00fcpsetamiseks \u2013 kr\u00f5beda kooriku ja mahlase sisu saavutamiseks.<\/p>\n<p data-start=\"439\" data-end=\"907\"><strong>Omadused<\/strong><br data-start=\"578\" data-end=\"581\" \/>\u2022 elektrimootor t\u00f6\u00f6tab vaikselt ja \u00fchtlaselt, sobib 220\u2013240V vooluv\u00f5rku<br data-start=\"652\" data-end=\"655\" \/>\u2022 roostevabast terasest osad tagavad vastupidavuse ja lihtsa hoolduse<br data-start=\"724\" data-end=\"727\" \/>\u2022 mootor suudab p\u00f6\u00f6rata kuni kahe terve kana raskust<br data-start=\"779\" data-end=\"782\" \/>\u2022 sobib ideaalselt aeglaseks k\u00fcpsetamiseks ja lihadele \u00fchtlase kuumuse andmiseks<\/p>\n<p data-start=\"909\" data-end=\"1068\"><strong data-start=\"909\" data-end=\"931\">Tehnilised andmed<\/strong><br data-start=\"931\" data-end=\"934\" \/>\u2022 mootor: 220\u2013240V AC | 56\u201360Hz | 4W<br data-start=\"1024\" data-end=\"1027\" \/>\u2022 varras 640 mm (koos k\u00e4epidemega)<\/p>\n<p data-start=\"75\" data-end=\"293\"><strong data-start=\"75\" data-end=\"98\">Komplektis sisaldub<\/strong><br data-start=\"98\" data-end=\"101\" \/>\u2022 ProQ p\u00f6\u00f6rdgrilli mootor (elektritoitel)<br data-start=\"142\" data-end=\"145\" data-is-only-node=\"\" \/>\u2022 p\u00f6\u00f6rdvarras k\u00e4epideme ja tugir\u00f5ngaga<br data-start=\"183\" data-end=\"186\" \/>\u2022 2 lihaklambrit (piikidega), et liha vardale kinnitada<br data-start=\"241\" data-end=\"244\" \/>\u2022 2 kinnitusklambrit p\u00f6\u00f6rdgrilli paigaldamiseks<\/p>\n<p data-start=\"909\" data-end=\"1068\">NB! ProQ k\u00f5rgendusosa ei kuulu komplekti<\/p>\n","protected":false},"featured_media":253754,"template":"","meta":{"inline_featured_image":false},"product_brand":[],"product_cat":[473,92,479],"product_tag":[],"class_list":{"0":"post-253751","1":"product","2":"type-product","3":"status-publish","4":"has-post-thumbnail","6":"product_cat-pro-q","7":"product_cat-lisatarvikud","8":"product_cat-grillitarvikud","10":"first","11":"instock","12":"sale","13":"taxable","14":"shipping-taxable","15":"purchasable","16":"product-type-simple"},"yoast_head":"<!-- This site is optimized with the Yoast SEO plugin v27.4 - https:\/\/yoast.com\/product\/yoast-seo-wordpress\/ -->\n<title>ProQ elektriline p\u00f6\u00f6rdvarras \u2013 rotisserie komplekt Frontier grillile - BBQ Entertainment<\/title>\n<meta name=\"robots\" content=\"index, follow, max-snippet:-1, max-image-preview:large, max-video-preview:-1\" \/>\n<link rel=\"canonical\" href=\"https:\/\/bbqentertainment.com\/toode\/proq-elektriline-poordvarras-rotisseerie-komplekt-frontier-ja-ranger-grillile\/\" \/>\n<meta property=\"og:locale\" content=\"en_US\" \/>\n<meta property=\"og:type\" content=\"article\" \/>\n<meta property=\"og:title\" content=\"ProQ elektriline p\u00f6\u00f6rdvarras \u2013 rotisserie komplekt Frontier grillile - BBQ Entertainment\" \/>\n<meta property=\"og:description\" content=\"ProQ elektriline p\u00f6\u00f6rdvarras \u2013 rotisserie komplekt Frontier grillile ProQ p\u00f6\u00f6rdgrill sobib suurep\u00e4raselt terve kana, seaprae, lambaliha ja muu liha \u00fchtlaseks k\u00fcpsetamiseks \u2013 kr\u00f5beda kooriku ja mahlase sisu saavutamiseks. Omadused\u2022 elektrimootor t\u00f6\u00f6tab vaikselt ja \u00fchtlaselt, sobib 220\u2013240V vooluv\u00f5rku\u2022 roostevabast terasest osad tagavad vastupidavuse ja lihtsa hoolduse\u2022 mootor suudab p\u00f6\u00f6rata kuni kahe terve kana raskust\u2022 sobib ideaalselt aeglaseks k\u00fcpsetamiseks ja lihadele \u00fchtlase kuumuse andmiseks Tehnilised andmed\u2022 mootor: 220\u2013240V AC | 56\u201360Hz | 4W\u2022 varras 640 mm (koos k\u00e4epidemega) Komplektis sisaldub\u2022 ProQ p\u00f6\u00f6rdgrilli mootor (elektritoitel)\u2022 p\u00f6\u00f6rdvarras k\u00e4epideme ja tugir\u00f5ngaga\u2022 2 lihaklambrit (piikidega), et liha vardale kinnitada\u2022 2 kinnitusklambrit p\u00f6\u00f6rdgrilli paigaldamiseks NB! ProQ k\u00f5rgendusosa ei kuulu komplekti\" \/>\n<meta property=\"og:url\" content=\"https:\/\/bbqentertainment.com\/toode\/proq-elektriline-poordvarras-rotisseerie-komplekt-frontier-ja-ranger-grillile\/\" \/>\n<meta property=\"og:site_name\" content=\"BBQ Entertainment\" \/>\n<meta property=\"article:publisher\" content=\"https:\/\/www.facebook.com\/BBQ-Entertainment-N-Catering-2437913376443540\" \/>\n<meta property=\"article:modified_time\" content=\"2026-03-07T21:58:56+00:00\" \/>\n<meta property=\"og:image\" content=\"https:\/\/bbqentertainment.com\/wp-content\/uploads\/2025\/07\/rot1-736x414-1.jpg\" \/>\n\t<meta property=\"og:image:width\" content=\"736\" \/>\n\t<meta property=\"og:image:height\" content=\"414\" \/>\n\t<meta property=\"og:image:type\" content=\"image\/jpeg\" \/>\n<meta name=\"twitter:card\" content=\"summary_large_image\" \/>\n<meta name=\"twitter:label1\" content=\"Est. reading time\" \/>\n\t<meta name=\"twitter:data1\" content=\"1 minute\" \/>\n<script type=\"application\/ld+json\" class=\"yoast-schema-graph\">{\"@context\":\"https:\\\/\\\/schema.org\",\"@graph\":[{\"@type\":[\"WebPage\",\"ItemPage\"],\"@id\":\"https:\\\/\\\/bbqentertainment.com\\\/toode\\\/proq-elektriline-poordvarras-rotisseerie-komplekt-frontier-ja-ranger-grillile\\\/\",\"url\":\"https:\\\/\\\/bbqentertainment.com\\\/toode\\\/proq-elektriline-poordvarras-rotisseerie-komplekt-frontier-ja-ranger-grillile\\\/\",\"name\":\"ProQ elektriline p\u00f6\u00f6rdvarras \u2013 rotisserie komplekt Frontier grillile - BBQ Entertainment\",\"isPartOf\":{\"@id\":\"https:\\\/\\\/bbqentertainment.com\\\/#website\"},\"primaryImageOfPage\":{\"@id\":\"https:\\\/\\\/bbqentertainment.com\\\/toode\\\/proq-elektriline-poordvarras-rotisseerie-komplekt-frontier-ja-ranger-grillile\\\/#primaryimage\"},\"image\":{\"@id\":\"https:\\\/\\\/bbqentertainment.com\\\/toode\\\/proq-elektriline-poordvarras-rotisseerie-komplekt-frontier-ja-ranger-grillile\\\/#primaryimage\"},\"thumbnailUrl\":\"https:\\\/\\\/bbqentertainment.com\\\/wp-content\\\/uploads\\\/2025\\\/07\\\/rot1-736x414-1.jpg\",\"datePublished\":\"2025-07-22T13:22:56+00:00\",\"dateModified\":\"2026-03-07T21:58:56+00:00\",\"breadcrumb\":{\"@id\":\"https:\\\/\\\/bbqentertainment.com\\\/toode\\\/proq-elektriline-poordvarras-rotisseerie-komplekt-frontier-ja-ranger-grillile\\\/#breadcrumb\"},\"inLanguage\":\"en-US\",\"potentialAction\":[{\"@type\":\"ReadAction\",\"target\":[\"https:\\\/\\\/bbqentertainment.com\\\/toode\\\/proq-elektriline-poordvarras-rotisseerie-komplekt-frontier-ja-ranger-grillile\\\/\"]}]},{\"@type\":\"ImageObject\",\"inLanguage\":\"en-US\",\"@id\":\"https:\\\/\\\/bbqentertainment.com\\\/toode\\\/proq-elektriline-poordvarras-rotisseerie-komplekt-frontier-ja-ranger-grillile\\\/#primaryimage\",\"url\":\"https:\\\/\\\/bbqentertainment.com\\\/wp-content\\\/uploads\\\/2025\\\/07\\\/rot1-736x414-1.jpg\",\"contentUrl\":\"https:\\\/\\\/bbqentertainment.com\\\/wp-content\\\/uploads\\\/2025\\\/07\\\/rot1-736x414-1.jpg\",\"width\":736,\"height\":414},{\"@type\":\"BreadcrumbList\",\"@id\":\"https:\\\/\\\/bbqentertainment.com\\\/toode\\\/proq-elektriline-poordvarras-rotisseerie-komplekt-frontier-ja-ranger-grillile\\\/#breadcrumb\",\"itemListElement\":[{\"@type\":\"ListItem\",\"position\":1,\"name\":\"AVALEHT\",\"item\":\"https:\\\/\\\/bbqentertainment.com\\\/en\\\/\"},{\"@type\":\"ListItem\",\"position\":2,\"name\":\"Tooted\",\"item\":\"https:\\\/\\\/bbqentertainment.com\\\/tooted\\\/\"},{\"@type\":\"ListItem\",\"position\":3,\"name\":\"Grillid ja ahjud\",\"item\":\"https:\\\/\\\/bbqentertainment.com\\\/tootekategooria\\\/grillid-ja-ahjud\\\/\"},{\"@type\":\"ListItem\",\"position\":4,\"name\":\"PRO Q\",\"item\":\"https:\\\/\\\/bbqentertainment.com\\\/tootekategooria\\\/grillid-ja-ahjud\\\/pro-q\\\/\"},{\"@type\":\"ListItem\",\"position\":5,\"name\":\"ProQ elektriline p\u00f6\u00f6rdvarras \u2013 rotisserie komplekt Frontier grillile\"}]},{\"@type\":\"WebSite\",\"@id\":\"https:\\\/\\\/bbqentertainment.com\\\/#website\",\"url\":\"https:\\\/\\\/bbqentertainment.com\\\/\",\"name\":\"BBQ Entertainment\",\"description\":\"BBQ is a great lifestyle, not just fun!\",\"publisher\":{\"@id\":\"https:\\\/\\\/bbqentertainment.com\\\/#organization\"},\"potentialAction\":[{\"@type\":\"SearchAction\",\"target\":{\"@type\":\"EntryPoint\",\"urlTemplate\":\"https:\\\/\\\/bbqentertainment.com\\\/?s={search_term_string}\"},\"query-input\":{\"@type\":\"PropertyValueSpecification\",\"valueRequired\":true,\"valueName\":\"search_term_string\"}}],\"inLanguage\":\"en-US\"},{\"@type\":\"Organization\",\"@id\":\"https:\\\/\\\/bbqentertainment.com\\\/#organization\",\"name\":\"BBQ Entertainment O\u00dc\",\"url\":\"https:\\\/\\\/bbqentertainment.com\\\/\",\"logo\":{\"@type\":\"ImageObject\",\"inLanguage\":\"en-US\",\"@id\":\"https:\\\/\\\/bbqentertainment.com\\\/#\\\/schema\\\/logo\\\/image\\\/\",\"url\":\"https:\\\/\\\/bbqentertainment.com\\\/wp-content\\\/uploads\\\/2020\\\/04\\\/BBQ-Entertainment-N-Catering-Enn-Tobreluts-Logo.png\",\"contentUrl\":\"https:\\\/\\\/bbqentertainment.com\\\/wp-content\\\/uploads\\\/2020\\\/04\\\/BBQ-Entertainment-N-Catering-Enn-Tobreluts-Logo.png\",\"width\":628,\"height\":266,\"caption\":\"BBQ Entertainment O\u00dc\"},\"image\":{\"@id\":\"https:\\\/\\\/bbqentertainment.com\\\/#\\\/schema\\\/logo\\\/image\\\/\"},\"sameAs\":[\"https:\\\/\\\/www.facebook.com\\\/BBQ-Entertainment-N-Catering-2437913376443540\",\"https:\\\/\\\/www.instagram.com\\\/bbqentertainmentncatering\\\/\",\"https:\\\/\\\/www.youtube.com\\\/channel\\\/UCmpuANQVhLy2Md8nrenp2jA\"]}]}<\/script>\n<!-- \/ Yoast SEO plugin. -->","yoast_head_json":{"title":"ProQ elektriline p\u00f6\u00f6rdvarras \u2013 rotisserie komplekt Frontier grillile - BBQ Entertainment","robots":{"index":"index","follow":"follow","max-snippet":"max-snippet:-1","max-image-preview":"max-image-preview:large","max-video-preview":"max-video-preview:-1"},"canonical":"https:\/\/bbqentertainment.com\/toode\/proq-elektriline-poordvarras-rotisseerie-komplekt-frontier-ja-ranger-grillile\/","og_locale":"en_US","og_type":"article","og_title":"ProQ elektriline p\u00f6\u00f6rdvarras \u2013 rotisserie komplekt Frontier grillile - BBQ Entertainment","og_description":"ProQ elektriline p\u00f6\u00f6rdvarras \u2013 rotisserie komplekt Frontier grillile ProQ p\u00f6\u00f6rdgrill sobib suurep\u00e4raselt terve kana, seaprae, lambaliha ja muu liha \u00fchtlaseks k\u00fcpsetamiseks \u2013 kr\u00f5beda kooriku ja mahlase sisu saavutamiseks. Omadused\u2022 elektrimootor t\u00f6\u00f6tab vaikselt ja \u00fchtlaselt, sobib 220\u2013240V vooluv\u00f5rku\u2022 roostevabast terasest osad tagavad vastupidavuse ja lihtsa hoolduse\u2022 mootor suudab p\u00f6\u00f6rata kuni kahe terve kana raskust\u2022 sobib ideaalselt aeglaseks k\u00fcpsetamiseks ja lihadele \u00fchtlase kuumuse andmiseks Tehnilised andmed\u2022 mootor: 220\u2013240V AC | 56\u201360Hz | 4W\u2022 varras 640 mm (koos k\u00e4epidemega) Komplektis sisaldub\u2022 ProQ p\u00f6\u00f6rdgrilli mootor (elektritoitel)\u2022 p\u00f6\u00f6rdvarras k\u00e4epideme ja tugir\u00f5ngaga\u2022 2 lihaklambrit (piikidega), et liha vardale kinnitada\u2022 2 kinnitusklambrit p\u00f6\u00f6rdgrilli paigaldamiseks NB! ProQ k\u00f5rgendusosa ei kuulu komplekti","og_url":"https:\/\/bbqentertainment.com\/toode\/proq-elektriline-poordvarras-rotisseerie-komplekt-frontier-ja-ranger-grillile\/","og_site_name":"BBQ Entertainment","article_publisher":"https:\/\/www.facebook.com\/BBQ-Entertainment-N-Catering-2437913376443540","article_modified_time":"2026-03-07T21:58:56+00:00","og_image":[{"width":736,"height":414,"url":"https:\/\/bbqentertainment.com\/wp-content\/uploads\/2025\/07\/rot1-736x414-1.jpg","type":"image\/jpeg"}],"twitter_card":"summary_large_image","twitter_misc":{"Est. reading time":"1 minute"},"schema":{"@context":"https:\/\/schema.org","@graph":[{"@type":["WebPage","ItemPage"],"@id":"https:\/\/bbqentertainment.com\/toode\/proq-elektriline-poordvarras-rotisseerie-komplekt-frontier-ja-ranger-grillile\/","url":"https:\/\/bbqentertainment.com\/toode\/proq-elektriline-poordvarras-rotisseerie-komplekt-frontier-ja-ranger-grillile\/","name":"ProQ elektriline p\u00f6\u00f6rdvarras \u2013 rotisserie komplekt Frontier grillile - BBQ Entertainment","isPartOf":{"@id":"https:\/\/bbqentertainment.com\/#website"},"primaryImageOfPage":{"@id":"https:\/\/bbqentertainment.com\/toode\/proq-elektriline-poordvarras-rotisseerie-komplekt-frontier-ja-ranger-grillile\/#primaryimage"},"image":{"@id":"https:\/\/bbqentertainment.com\/toode\/proq-elektriline-poordvarras-rotisseerie-komplekt-frontier-ja-ranger-grillile\/#primaryimage"},"thumbnailUrl":"https:\/\/bbqentertainment.com\/wp-content\/uploads\/2025\/07\/rot1-736x414-1.jpg","datePublished":"2025-07-22T13:22:56+00:00","dateModified":"2026-03-07T21:58:56+00:00","breadcrumb":{"@id":"https:\/\/bbqentertainment.com\/toode\/proq-elektriline-poordvarras-rotisseerie-komplekt-frontier-ja-ranger-grillile\/#breadcrumb"},"inLanguage":"en-US","potentialAction":[{"@type":"ReadAction","target":["https:\/\/bbqentertainment.com\/toode\/proq-elektriline-poordvarras-rotisseerie-komplekt-frontier-ja-ranger-grillile\/"]}]},{"@type":"ImageObject","inLanguage":"en-US","@id":"https:\/\/bbqentertainment.com\/toode\/proq-elektriline-poordvarras-rotisseerie-komplekt-frontier-ja-ranger-grillile\/#primaryimage","url":"https:\/\/bbqentertainment.com\/wp-content\/uploads\/2025\/07\/rot1-736x414-1.jpg","contentUrl":"https:\/\/bbqentertainment.com\/wp-content\/uploads\/2025\/07\/rot1-736x414-1.jpg","width":736,"height":414},{"@type":"BreadcrumbList","@id":"https:\/\/bbqentertainment.com\/toode\/proq-elektriline-poordvarras-rotisseerie-komplekt-frontier-ja-ranger-grillile\/#breadcrumb","itemListElement":[{"@type":"ListItem","position":1,"name":"AVALEHT","item":"https:\/\/bbqentertainment.com\/en\/"},{"@type":"ListItem","position":2,"name":"Tooted","item":"https:\/\/bbqentertainment.com\/tooted\/"},{"@type":"ListItem","position":3,"name":"Grillid ja ahjud","item":"https:\/\/bbqentertainment.com\/tootekategooria\/grillid-ja-ahjud\/"},{"@type":"ListItem","position":4,"name":"PRO Q","item":"https:\/\/bbqentertainment.com\/tootekategooria\/grillid-ja-ahjud\/pro-q\/"},{"@type":"ListItem","position":5,"name":"ProQ elektriline p\u00f6\u00f6rdvarras \u2013 rotisserie komplekt Frontier grillile"}]},{"@type":"WebSite","@id":"https:\/\/bbqentertainment.com\/#website","url":"https:\/\/bbqentertainment.com\/","name":"BBQ Entertainment","description":"BBQ is a great lifestyle, not just fun!","publisher":{"@id":"https:\/\/bbqentertainment.com\/#organization"},"potentialAction":[{"@type":"SearchAction","target":{"@type":"EntryPoint","urlTemplate":"https:\/\/bbqentertainment.com\/?s={search_term_string}"},"query-input":{"@type":"PropertyValueSpecification","valueRequired":true,"valueName":"search_term_string"}}],"inLanguage":"en-US"},{"@type":"Organization","@id":"https:\/\/bbqentertainment.com\/#organization","name":"BBQ Entertainment O\u00dc","url":"https:\/\/bbqentertainment.com\/","logo":{"@type":"ImageObject","inLanguage":"en-US","@id":"https:\/\/bbqentertainment.com\/#\/schema\/logo\/image\/","url":"https:\/\/bbqentertainment.com\/wp-content\/uploads\/2020\/04\/BBQ-Entertainment-N-Catering-Enn-Tobreluts-Logo.png","contentUrl":"https:\/\/bbqentertainment.com\/wp-content\/uploads\/2020\/04\/BBQ-Entertainment-N-Catering-Enn-Tobreluts-Logo.png","width":628,"height":266,"caption":"BBQ Entertainment O\u00dc"},"image":{"@id":"https:\/\/bbqentertainment.com\/#\/schema\/logo\/image\/"},"sameAs":["https:\/\/www.facebook.com\/BBQ-Entertainment-N-Catering-2437913376443540","https:\/\/www.instagram.com\/bbqentertainmentncatering\/","https:\/\/www.youtube.com\/channel\/UCmpuANQVhLy2Md8nrenp2jA"]}]}},"_links":{"self":[{"href":"https:\/\/bbqentertainment.com\/en\/wp-json\/wp\/v2\/product\/253751","targetHints":{"allow":["GET"]}}],"collection":[{"href":"https:\/\/bbqentertainment.com\/en\/wp-json\/wp\/v2\/product"}],"about":[{"href":"https:\/\/bbqentertainment.com\/en\/wp-json\/wp\/v2\/types\/product"}],"wp:featuredmedia":[{"embeddable":true,"href":"https:\/\/bbqentertainment.com\/en\/wp-json\/wp\/v2\/media\/253754"}],"wp:attachment":[{"href":"https:\/\/bbqentertainment.com\/en\/wp-json\/wp\/v2\/media?parent=253751"}],"wp:term":[{"taxonomy":"product_brand","embeddable":true,"href":"https:\/\/bbqentertainment.com\/en\/wp-json\/wp\/v2\/product_brand?post=253751"},{"taxonomy":"product_cat","embeddable":true,"href":"https:\/\/bbqentertainment.com\/en\/wp-json\/wp\/v2\/product_cat?post=253751"},{"taxonomy":"product_tag","embeddable":true,"href":"https:\/\/bbqentertainment.com\/en\/wp-json\/wp\/v2\/product_tag?post=253751"}],"curies":[{"name":"wp","href":"https:\/\/api.w.org\/{rel}","templated":true}]}}