{"id":253773,"date":"2025-07-22T19:43:07","date_gmt":"2025-07-22T16:43:07","guid":{"rendered":"https:\/\/bbqentertainment.com\/?post_type=product&#038;p=253773"},"modified":"2025-07-25T13:46:03","modified_gmt":"2025-07-25T10:46:03","slug":"ultra-grime-pro-glassstainless-puhastuslapid-50tk-pakk","status":"publish","type":"product","link":"https:\/\/bbqentertainment.com\/en\/toode\/ultra-grime-pro-glassstainless-puhastuslapid-50tk-pakk\/","title":{"rendered":"UltraGrime PRO XXL klaasi- ja roostevaba terase puhastuslapid &#8211; 50tk\/pakk"},"content":{"rendered":"","protected":false},"excerpt":{"rendered":"<h3><strong>UltraGrime PRO XXL klaasi- ja roostevaba terase puhastuslapid &#8211; 50tk\/pakk<\/strong><\/h3>\n<p style=\"font-weight: 400\">Tugevad ja suured puhastuslapid igap\u00e4evaseks kasutamiseks. Sobivad klaasi, kroomi, roostevaba terase ja plastiku puhastamiseks. Eemaldavad mustuse, rasva ja triipe j\u00e4tmata.<\/p>\n<p style=\"font-weight: 400\" data-start=\"299\" data-end=\"314\"><strong data-start=\"299\" data-end=\"312\">Omadused<\/strong><\/p>\n<ul>\n<li data-start=\"317\" data-end=\"344\">50 puhastuslappi pakendis<\/li>\n<li data-start=\"347\" data-end=\"365\">m\u00f5\u00f5t: 38 \u00d7 25 cm<\/li>\n<li data-start=\"368\" data-end=\"412\">tugev ja pehme kangas \u2013 ei rebe ega purune<\/li>\n<li data-start=\"415\" data-end=\"453\">puhastab ja poleerib \u00fche liigutusega<\/li>\n<li data-start=\"456\" data-end=\"508\">j\u00e4\u00e4b niiskeks ja kasutatavaks v\u00e4hemalt 60 minutiks<\/li>\n<li data-start=\"511\" data-end=\"571\">ei kuiva \u00e4ra ka siis, kui kaas j\u00e4\u00e4b m\u00f5neks p\u00e4evaks avatuks<\/li>\n<li data-start=\"574\" data-end=\"601\">doseerib \u00fche lapi korraga<\/li>\n<li data-start=\"604\" data-end=\"647\">dermatoloogiliselt testitud, nahas\u00f5bralik<\/li>\n<li data-start=\"650\" data-end=\"683\">ohutu k\u00f5ikidel levinud pindadel<\/li>\n<\/ul>\n<p style=\"font-weight: 400\">\n","protected":false},"featured_media":253778,"template":"","meta":{"inline_featured_image":false},"product_brand":[],"product_cat":[92,479],"product_tag":[],"class_list":{"0":"post-253773","1":"product","2":"type-product","3":"status-publish","4":"has-post-thumbnail","6":"product_cat-lisatarvikud","7":"product_cat-grillitarvikud","9":"first","10":"instock","11":"taxable","12":"shipping-taxable","13":"purchasable","14":"product-type-simple"},"yoast_head":"<!-- This site is optimized with the Yoast SEO plugin v27.4 - https:\/\/yoast.com\/product\/yoast-seo-wordpress\/ -->\n<title>UltraGrime PRO XXL klaasi- ja roostevaba terase puhastuslapid - 50tk\/pakk - BBQ Entertainment<\/title>\n<meta name=\"robots\" content=\"index, follow, max-snippet:-1, max-image-preview:large, max-video-preview:-1\" \/>\n<link rel=\"canonical\" href=\"https:\/\/bbqentertainment.com\/toode\/ultra-grime-pro-glassstainless-puhastuslapid-50tk-pakk\/\" \/>\n<meta property=\"og:locale\" content=\"en_US\" \/>\n<meta property=\"og:type\" content=\"article\" \/>\n<meta property=\"og:title\" content=\"UltraGrime PRO XXL klaasi- ja roostevaba terase puhastuslapid - 50tk\/pakk - BBQ Entertainment\" \/>\n<meta property=\"og:description\" content=\"UltraGrime PRO XXL klaasi- ja roostevaba terase puhastuslapid - 50tk\/pakk Tugevad ja suured puhastuslapid igap\u00e4evaseks kasutamiseks. Sobivad klaasi, kroomi, roostevaba terase ja plastiku puhastamiseks. Eemaldavad mustuse, rasva ja triipe j\u00e4tmata. Omadused    50 puhastuslappi pakendis  m\u00f5\u00f5t: 38 \u00d7 25 cm  tugev ja pehme kangas \u2013 ei rebe ega purune  puhastab ja poleerib \u00fche liigutusega  j\u00e4\u00e4b niiskeks ja kasutatavaks v\u00e4hemalt 60 minutiks  ei kuiva \u00e4ra ka siis, kui kaas j\u00e4\u00e4b m\u00f5neks p\u00e4evaks avatuks  doseerib \u00fche lapi korraga  dermatoloogiliselt testitud, nahas\u00f5bralik  ohutu k\u00f5ikidel levinud pindadel\" \/>\n<meta property=\"og:url\" content=\"https:\/\/bbqentertainment.com\/toode\/ultra-grime-pro-glassstainless-puhastuslapid-50tk-pakk\/\" \/>\n<meta property=\"og:site_name\" content=\"BBQ Entertainment\" \/>\n<meta property=\"article:publisher\" content=\"https:\/\/www.facebook.com\/BBQ-Entertainment-N-Catering-2437913376443540\" \/>\n<meta property=\"article:modified_time\" content=\"2025-07-25T10:46:03+00:00\" \/>\n<meta property=\"og:image\" content=\"https:\/\/bbqentertainment.com\/wp-content\/uploads\/2025\/07\/s-l1200.png\" \/>\n\t<meta property=\"og:image:width\" content=\"1000\" \/>\n\t<meta property=\"og:image:height\" content=\"1000\" \/>\n\t<meta property=\"og:image:type\" content=\"image\/png\" \/>\n<meta name=\"twitter:card\" content=\"summary_large_image\" \/>\n<meta name=\"twitter:label1\" content=\"Est. reading time\" \/>\n\t<meta name=\"twitter:data1\" content=\"1 minute\" \/>\n<script type=\"application\/ld+json\" class=\"yoast-schema-graph\">{\"@context\":\"https:\\\/\\\/schema.org\",\"@graph\":[{\"@type\":[\"WebPage\",\"ItemPage\"],\"@id\":\"https:\\\/\\\/bbqentertainment.com\\\/toode\\\/ultra-grime-pro-glassstainless-puhastuslapid-50tk-pakk\\\/\",\"url\":\"https:\\\/\\\/bbqentertainment.com\\\/toode\\\/ultra-grime-pro-glassstainless-puhastuslapid-50tk-pakk\\\/\",\"name\":\"UltraGrime PRO XXL klaasi- ja roostevaba terase puhastuslapid - 50tk\\\/pakk - BBQ Entertainment\",\"isPartOf\":{\"@id\":\"https:\\\/\\\/bbqentertainment.com\\\/#website\"},\"primaryImageOfPage\":{\"@id\":\"https:\\\/\\\/bbqentertainment.com\\\/toode\\\/ultra-grime-pro-glassstainless-puhastuslapid-50tk-pakk\\\/#primaryimage\"},\"image\":{\"@id\":\"https:\\\/\\\/bbqentertainment.com\\\/toode\\\/ultra-grime-pro-glassstainless-puhastuslapid-50tk-pakk\\\/#primaryimage\"},\"thumbnailUrl\":\"https:\\\/\\\/bbqentertainment.com\\\/wp-content\\\/uploads\\\/2025\\\/07\\\/s-l1200.png\",\"datePublished\":\"2025-07-22T16:43:07+00:00\",\"dateModified\":\"2025-07-25T10:46:03+00:00\",\"breadcrumb\":{\"@id\":\"https:\\\/\\\/bbqentertainment.com\\\/toode\\\/ultra-grime-pro-glassstainless-puhastuslapid-50tk-pakk\\\/#breadcrumb\"},\"inLanguage\":\"en-US\",\"potentialAction\":[{\"@type\":\"ReadAction\",\"target\":[\"https:\\\/\\\/bbqentertainment.com\\\/toode\\\/ultra-grime-pro-glassstainless-puhastuslapid-50tk-pakk\\\/\"]}]},{\"@type\":\"ImageObject\",\"inLanguage\":\"en-US\",\"@id\":\"https:\\\/\\\/bbqentertainment.com\\\/toode\\\/ultra-grime-pro-glassstainless-puhastuslapid-50tk-pakk\\\/#primaryimage\",\"url\":\"https:\\\/\\\/bbqentertainment.com\\\/wp-content\\\/uploads\\\/2025\\\/07\\\/s-l1200.png\",\"contentUrl\":\"https:\\\/\\\/bbqentertainment.com\\\/wp-content\\\/uploads\\\/2025\\\/07\\\/s-l1200.png\",\"width\":1000,\"height\":1000},{\"@type\":\"BreadcrumbList\",\"@id\":\"https:\\\/\\\/bbqentertainment.com\\\/toode\\\/ultra-grime-pro-glassstainless-puhastuslapid-50tk-pakk\\\/#breadcrumb\",\"itemListElement\":[{\"@type\":\"ListItem\",\"position\":1,\"name\":\"AVALEHT\",\"item\":\"https:\\\/\\\/bbqentertainment.com\\\/en\\\/\"},{\"@type\":\"ListItem\",\"position\":2,\"name\":\"Tooted\",\"item\":\"https:\\\/\\\/bbqentertainment.com\\\/tooted\\\/\"},{\"@type\":\"ListItem\",\"position\":3,\"name\":\"Lisatarvikud\",\"item\":\"https:\\\/\\\/bbqentertainment.com\\\/tootekategooria\\\/lisatarvikud\\\/\"},{\"@type\":\"ListItem\",\"position\":4,\"name\":\"UltraGrime PRO XXL klaasi- ja roostevaba terase puhastuslapid &#8211; 50tk\\\/pakk\"}]},{\"@type\":\"WebSite\",\"@id\":\"https:\\\/\\\/bbqentertainment.com\\\/#website\",\"url\":\"https:\\\/\\\/bbqentertainment.com\\\/\",\"name\":\"BBQ Entertainment\",\"description\":\"BBQ is a great lifestyle, not just fun!\",\"publisher\":{\"@id\":\"https:\\\/\\\/bbqentertainment.com\\\/#organization\"},\"potentialAction\":[{\"@type\":\"SearchAction\",\"target\":{\"@type\":\"EntryPoint\",\"urlTemplate\":\"https:\\\/\\\/bbqentertainment.com\\\/?s={search_term_string}\"},\"query-input\":{\"@type\":\"PropertyValueSpecification\",\"valueRequired\":true,\"valueName\":\"search_term_string\"}}],\"inLanguage\":\"en-US\"},{\"@type\":\"Organization\",\"@id\":\"https:\\\/\\\/bbqentertainment.com\\\/#organization\",\"name\":\"BBQ Entertainment O\u00dc\",\"url\":\"https:\\\/\\\/bbqentertainment.com\\\/\",\"logo\":{\"@type\":\"ImageObject\",\"inLanguage\":\"en-US\",\"@id\":\"https:\\\/\\\/bbqentertainment.com\\\/#\\\/schema\\\/logo\\\/image\\\/\",\"url\":\"https:\\\/\\\/bbqentertainment.com\\\/wp-content\\\/uploads\\\/2020\\\/04\\\/BBQ-Entertainment-N-Catering-Enn-Tobreluts-Logo.png\",\"contentUrl\":\"https:\\\/\\\/bbqentertainment.com\\\/wp-content\\\/uploads\\\/2020\\\/04\\\/BBQ-Entertainment-N-Catering-Enn-Tobreluts-Logo.png\",\"width\":628,\"height\":266,\"caption\":\"BBQ Entertainment O\u00dc\"},\"image\":{\"@id\":\"https:\\\/\\\/bbqentertainment.com\\\/#\\\/schema\\\/logo\\\/image\\\/\"},\"sameAs\":[\"https:\\\/\\\/www.facebook.com\\\/BBQ-Entertainment-N-Catering-2437913376443540\",\"https:\\\/\\\/www.instagram.com\\\/bbqentertainmentncatering\\\/\",\"https:\\\/\\\/www.youtube.com\\\/channel\\\/UCmpuANQVhLy2Md8nrenp2jA\"]}]}<\/script>\n<!-- \/ Yoast SEO plugin. -->","yoast_head_json":{"title":"UltraGrime PRO XXL klaasi- ja roostevaba terase puhastuslapid - 50tk\/pakk - BBQ Entertainment","robots":{"index":"index","follow":"follow","max-snippet":"max-snippet:-1","max-image-preview":"max-image-preview:large","max-video-preview":"max-video-preview:-1"},"canonical":"https:\/\/bbqentertainment.com\/toode\/ultra-grime-pro-glassstainless-puhastuslapid-50tk-pakk\/","og_locale":"en_US","og_type":"article","og_title":"UltraGrime PRO XXL klaasi- ja roostevaba terase puhastuslapid - 50tk\/pakk - BBQ Entertainment","og_description":"UltraGrime PRO XXL klaasi- ja roostevaba terase puhastuslapid - 50tk\/pakk Tugevad ja suured puhastuslapid igap\u00e4evaseks kasutamiseks. Sobivad klaasi, kroomi, roostevaba terase ja plastiku puhastamiseks. Eemaldavad mustuse, rasva ja triipe j\u00e4tmata. Omadused    50 puhastuslappi pakendis  m\u00f5\u00f5t: 38 \u00d7 25 cm  tugev ja pehme kangas \u2013 ei rebe ega purune  puhastab ja poleerib \u00fche liigutusega  j\u00e4\u00e4b niiskeks ja kasutatavaks v\u00e4hemalt 60 minutiks  ei kuiva \u00e4ra ka siis, kui kaas j\u00e4\u00e4b m\u00f5neks p\u00e4evaks avatuks  doseerib \u00fche lapi korraga  dermatoloogiliselt testitud, nahas\u00f5bralik  ohutu k\u00f5ikidel levinud pindadel","og_url":"https:\/\/bbqentertainment.com\/toode\/ultra-grime-pro-glassstainless-puhastuslapid-50tk-pakk\/","og_site_name":"BBQ Entertainment","article_publisher":"https:\/\/www.facebook.com\/BBQ-Entertainment-N-Catering-2437913376443540","article_modified_time":"2025-07-25T10:46:03+00:00","og_image":[{"width":1000,"height":1000,"url":"https:\/\/bbqentertainment.com\/wp-content\/uploads\/2025\/07\/s-l1200.png","type":"image\/png"}],"twitter_card":"summary_large_image","twitter_misc":{"Est. reading time":"1 minute"},"schema":{"@context":"https:\/\/schema.org","@graph":[{"@type":["WebPage","ItemPage"],"@id":"https:\/\/bbqentertainment.com\/toode\/ultra-grime-pro-glassstainless-puhastuslapid-50tk-pakk\/","url":"https:\/\/bbqentertainment.com\/toode\/ultra-grime-pro-glassstainless-puhastuslapid-50tk-pakk\/","name":"UltraGrime PRO XXL klaasi- ja roostevaba terase puhastuslapid - 50tk\/pakk - BBQ Entertainment","isPartOf":{"@id":"https:\/\/bbqentertainment.com\/#website"},"primaryImageOfPage":{"@id":"https:\/\/bbqentertainment.com\/toode\/ultra-grime-pro-glassstainless-puhastuslapid-50tk-pakk\/#primaryimage"},"image":{"@id":"https:\/\/bbqentertainment.com\/toode\/ultra-grime-pro-glassstainless-puhastuslapid-50tk-pakk\/#primaryimage"},"thumbnailUrl":"https:\/\/bbqentertainment.com\/wp-content\/uploads\/2025\/07\/s-l1200.png","datePublished":"2025-07-22T16:43:07+00:00","dateModified":"2025-07-25T10:46:03+00:00","breadcrumb":{"@id":"https:\/\/bbqentertainment.com\/toode\/ultra-grime-pro-glassstainless-puhastuslapid-50tk-pakk\/#breadcrumb"},"inLanguage":"en-US","potentialAction":[{"@type":"ReadAction","target":["https:\/\/bbqentertainment.com\/toode\/ultra-grime-pro-glassstainless-puhastuslapid-50tk-pakk\/"]}]},{"@type":"ImageObject","inLanguage":"en-US","@id":"https:\/\/bbqentertainment.com\/toode\/ultra-grime-pro-glassstainless-puhastuslapid-50tk-pakk\/#primaryimage","url":"https:\/\/bbqentertainment.com\/wp-content\/uploads\/2025\/07\/s-l1200.png","contentUrl":"https:\/\/bbqentertainment.com\/wp-content\/uploads\/2025\/07\/s-l1200.png","width":1000,"height":1000},{"@type":"BreadcrumbList","@id":"https:\/\/bbqentertainment.com\/toode\/ultra-grime-pro-glassstainless-puhastuslapid-50tk-pakk\/#breadcrumb","itemListElement":[{"@type":"ListItem","position":1,"name":"AVALEHT","item":"https:\/\/bbqentertainment.com\/en\/"},{"@type":"ListItem","position":2,"name":"Tooted","item":"https:\/\/bbqentertainment.com\/tooted\/"},{"@type":"ListItem","position":3,"name":"Lisatarvikud","item":"https:\/\/bbqentertainment.com\/tootekategooria\/lisatarvikud\/"},{"@type":"ListItem","position":4,"name":"UltraGrime PRO XXL klaasi- ja roostevaba terase puhastuslapid &#8211; 50tk\/pakk"}]},{"@type":"WebSite","@id":"https:\/\/bbqentertainment.com\/#website","url":"https:\/\/bbqentertainment.com\/","name":"BBQ Entertainment","description":"BBQ is a great lifestyle, not just fun!","publisher":{"@id":"https:\/\/bbqentertainment.com\/#organization"},"potentialAction":[{"@type":"SearchAction","target":{"@type":"EntryPoint","urlTemplate":"https:\/\/bbqentertainment.com\/?s={search_term_string}"},"query-input":{"@type":"PropertyValueSpecification","valueRequired":true,"valueName":"search_term_string"}}],"inLanguage":"en-US"},{"@type":"Organization","@id":"https:\/\/bbqentertainment.com\/#organization","name":"BBQ Entertainment O\u00dc","url":"https:\/\/bbqentertainment.com\/","logo":{"@type":"ImageObject","inLanguage":"en-US","@id":"https:\/\/bbqentertainment.com\/#\/schema\/logo\/image\/","url":"https:\/\/bbqentertainment.com\/wp-content\/uploads\/2020\/04\/BBQ-Entertainment-N-Catering-Enn-Tobreluts-Logo.png","contentUrl":"https:\/\/bbqentertainment.com\/wp-content\/uploads\/2020\/04\/BBQ-Entertainment-N-Catering-Enn-Tobreluts-Logo.png","width":628,"height":266,"caption":"BBQ Entertainment O\u00dc"},"image":{"@id":"https:\/\/bbqentertainment.com\/#\/schema\/logo\/image\/"},"sameAs":["https:\/\/www.facebook.com\/BBQ-Entertainment-N-Catering-2437913376443540","https:\/\/www.instagram.com\/bbqentertainmentncatering\/","https:\/\/www.youtube.com\/channel\/UCmpuANQVhLy2Md8nrenp2jA"]}]}},"_links":{"self":[{"href":"https:\/\/bbqentertainment.com\/en\/wp-json\/wp\/v2\/product\/253773","targetHints":{"allow":["GET"]}}],"collection":[{"href":"https:\/\/bbqentertainment.com\/en\/wp-json\/wp\/v2\/product"}],"about":[{"href":"https:\/\/bbqentertainment.com\/en\/wp-json\/wp\/v2\/types\/product"}],"wp:featuredmedia":[{"embeddable":true,"href":"https:\/\/bbqentertainment.com\/en\/wp-json\/wp\/v2\/media\/253778"}],"wp:attachment":[{"href":"https:\/\/bbqentertainment.com\/en\/wp-json\/wp\/v2\/media?parent=253773"}],"wp:term":[{"taxonomy":"product_brand","embeddable":true,"href":"https:\/\/bbqentertainment.com\/en\/wp-json\/wp\/v2\/product_brand?post=253773"},{"taxonomy":"product_cat","embeddable":true,"href":"https:\/\/bbqentertainment.com\/en\/wp-json\/wp\/v2\/product_cat?post=253773"},{"taxonomy":"product_tag","embeddable":true,"href":"https:\/\/bbqentertainment.com\/en\/wp-json\/wp\/v2\/product_tag?post=253773"}],"curies":[{"name":"wp","href":"https:\/\/api.w.org\/{rel}","templated":true}]}}