{"id":253894,"date":"2025-07-28T18:47:19","date_gmt":"2025-07-28T15:47:19","guid":{"rendered":"https:\/\/bbqentertainment.com\/?post_type=product&#038;p=253894"},"modified":"2025-07-31T21:09:56","modified_gmt":"2025-07-31T18:09:56","slug":"saasepeletaja-taitekassett-40t-e55x-ex90-el55-tumehall","status":"publish","type":"product","link":"https:\/\/bbqentertainment.com\/en\/toode\/saasepeletaja-taitekassett-40t-e55x-ex90-el55-tumehall\/","title":{"rendered":"S\u00e4\u00e4sepeletaja t\u00e4itekassett 40t E55X\/EX90\/EL55 tumehall"},"content":{"rendered":"","protected":false},"excerpt":{"rendered":"<h3><strong>S\u00e4\u00e4sepeletaja t\u00e4itekassett 40t E55X\/EX90\/EL55 tumehall<\/strong><\/h3>\n<div id=\"tab-short_desc\" class=\"woocommerce-Tabs-panel woocommerce-Tabs-panel--short_desc panel entry-content wc-tab\" role=\"tabpanel\" aria-labelledby=\"tab-title-short_desc\">\n<div class=\"product-tabs\">\n<div class=\"product-tabs-body\">\n<p style=\"font-weight: 400\">Thermacelli 40-tunnine t\u00e4itekassett on m\u00f5eldud kasutamiseks ainult akutoitel s\u00e4\u00e4sepeletajates (nt EX90 ja E55). Kassett sisaldab vedelat toimeainet, mis loob kuni 29 m\u00b2 suuruse s\u00e4\u00e4sekaitsev\u00f6\u00f6ndi. T\u00e4ielikult suletud ja lekkekindel disain teeb sellest usaldusv\u00e4\u00e4rse ja reisis\u00f5braliku lahenduse s\u00e4\u00e4skede vastu.<\/p>\n<p style=\"font-weight: 400\" data-start=\"471\" data-end=\"572\">L\u00f5hnavaba, ei sisalda DEET-i ega vaja eraldi k\u00e4sitsemist \u2013 sisesta kassett seadmesse ja l\u00fclita t\u00f6\u00f6le.<\/p>\n<p style=\"font-weight: 400\" data-start=\"574\" data-end=\"625\"><strong data-start=\"574\" data-end=\"594\">Sobib mudelitele<\/strong><br data-start=\"594\" data-end=\"597\" \/>Thermacell EX90, E55 ja EL55<\/p>\n<p style=\"font-weight: 400\" data-start=\"627\" data-end=\"643\"><strong data-start=\"627\" data-end=\"641\">Komplektis<\/strong><\/p>\n<ul>\n<li data-start=\"646\" data-end=\"679\">1 t\u00e4itekassett (40 tundi kaitset)<\/li>\n<\/ul>\n<p style=\"font-weight: 400\" data-start=\"681\" data-end=\"704\"><strong data-start=\"681\" data-end=\"702\">Tehnilised andmed<\/strong><\/p>\n<ul>\n<li data-start=\"707\" data-end=\"735\">Kaitsev\u00f6\u00f6ndi suurus: 29 m\u00b2<\/li>\n<li data-start=\"738\" data-end=\"763\">Kaitse kestus: 40 tundi<\/li>\n<li data-start=\"766\" data-end=\"807\">Toimeaine: metoflutriin v\u00f5i pralletriin<\/li>\n<li data-start=\"810\" data-end=\"826\">Kaal: 0,054 kg<\/li>\n<\/ul>\n<p style=\"font-weight: 400\">\n<\/div>\n<p style=\"font-weight: 400\">\n<\/div>\n<\/div>\n","protected":false},"featured_media":253901,"template":"","meta":{"inline_featured_image":false},"product_brand":[],"product_cat":[92,178],"product_tag":[],"class_list":{"0":"post-253894","1":"product","2":"type-product","3":"status-publish","4":"has-post-thumbnail","6":"product_cat-lisatarvikud","7":"product_cat-muud-tooted","9":"first","10":"instock","11":"taxable","12":"shipping-taxable","13":"purchasable","14":"product-type-simple"},"yoast_head":"<!-- This site is optimized with the Yoast SEO plugin v27.4 - https:\/\/yoast.com\/product\/yoast-seo-wordpress\/ -->\n<title>S\u00e4\u00e4sepeletaja t\u00e4itekassett 40t E55X\/EX90\/EL55 tumehall - BBQ Entertainment<\/title>\n<meta name=\"description\" content=\"T\u00e4itekassett akutoitel Thermacelli s\u00e4\u00e4sepeletajale. Tagab kuni 40 tundi l\u00f5hnavaba s\u00e4\u00e4sekaitset. Sobib mudelitele E55, EX90 ja EL55.\" \/>\n<meta name=\"robots\" content=\"index, follow, max-snippet:-1, max-image-preview:large, max-video-preview:-1\" \/>\n<link rel=\"canonical\" href=\"https:\/\/bbqentertainment.com\/toode\/saasepeletaja-taitekassett-40t-e55x-ex90-el55-tumehall\/\" \/>\n<meta property=\"og:locale\" content=\"en_US\" \/>\n<meta property=\"og:type\" content=\"article\" \/>\n<meta property=\"og:title\" content=\"S\u00e4\u00e4sepeletaja t\u00e4itekassett 40t E55X\/EX90\/EL55 tumehall - BBQ Entertainment\" \/>\n<meta property=\"og:description\" content=\"T\u00e4itekassett akutoitel Thermacelli s\u00e4\u00e4sepeletajale. Tagab kuni 40 tundi l\u00f5hnavaba s\u00e4\u00e4sekaitset. Sobib mudelitele E55, EX90 ja EL55.\" \/>\n<meta property=\"og:url\" content=\"https:\/\/bbqentertainment.com\/toode\/saasepeletaja-taitekassett-40t-e55x-ex90-el55-tumehall\/\" \/>\n<meta property=\"og:site_name\" content=\"BBQ Entertainment\" \/>\n<meta property=\"article:publisher\" content=\"https:\/\/www.facebook.com\/BBQ-Entertainment-N-Catering-2437913376443540\" \/>\n<meta property=\"article:modified_time\" content=\"2025-07-31T18:09:56+00:00\" \/>\n<meta property=\"og:image\" content=\"https:\/\/bbqentertainment.com\/wp-content\/uploads\/2025\/07\/ER140-1.jpg.webp\" \/>\n\t<meta property=\"og:image:width\" content=\"1000\" \/>\n\t<meta property=\"og:image:height\" content=\"1000\" \/>\n\t<meta property=\"og:image:type\" content=\"image\/webp\" \/>\n<meta name=\"twitter:card\" content=\"summary_large_image\" \/>\n<meta name=\"twitter:label1\" content=\"Est. reading time\" \/>\n\t<meta name=\"twitter:data1\" content=\"1 minute\" \/>\n<script type=\"application\/ld+json\" class=\"yoast-schema-graph\">{\"@context\":\"https:\\\/\\\/schema.org\",\"@graph\":[{\"@type\":[\"WebPage\",\"ItemPage\"],\"@id\":\"https:\\\/\\\/bbqentertainment.com\\\/toode\\\/saasepeletaja-taitekassett-40t-e55x-ex90-el55-tumehall\\\/\",\"url\":\"https:\\\/\\\/bbqentertainment.com\\\/toode\\\/saasepeletaja-taitekassett-40t-e55x-ex90-el55-tumehall\\\/\",\"name\":\"S\u00e4\u00e4sepeletaja t\u00e4itekassett 40t E55X\\\/EX90\\\/EL55 tumehall - BBQ Entertainment\",\"isPartOf\":{\"@id\":\"https:\\\/\\\/bbqentertainment.com\\\/#website\"},\"primaryImageOfPage\":{\"@id\":\"https:\\\/\\\/bbqentertainment.com\\\/toode\\\/saasepeletaja-taitekassett-40t-e55x-ex90-el55-tumehall\\\/#primaryimage\"},\"image\":{\"@id\":\"https:\\\/\\\/bbqentertainment.com\\\/toode\\\/saasepeletaja-taitekassett-40t-e55x-ex90-el55-tumehall\\\/#primaryimage\"},\"thumbnailUrl\":\"https:\\\/\\\/bbqentertainment.com\\\/wp-content\\\/uploads\\\/2025\\\/07\\\/ER140-1.jpg.webp\",\"datePublished\":\"2025-07-28T15:47:19+00:00\",\"dateModified\":\"2025-07-31T18:09:56+00:00\",\"description\":\"T\u00e4itekassett akutoitel Thermacelli s\u00e4\u00e4sepeletajale. Tagab kuni 40 tundi l\u00f5hnavaba s\u00e4\u00e4sekaitset. Sobib mudelitele E55, EX90 ja EL55.\",\"breadcrumb\":{\"@id\":\"https:\\\/\\\/bbqentertainment.com\\\/toode\\\/saasepeletaja-taitekassett-40t-e55x-ex90-el55-tumehall\\\/#breadcrumb\"},\"inLanguage\":\"en-US\",\"potentialAction\":[{\"@type\":\"ReadAction\",\"target\":[\"https:\\\/\\\/bbqentertainment.com\\\/toode\\\/saasepeletaja-taitekassett-40t-e55x-ex90-el55-tumehall\\\/\"]}]},{\"@type\":\"ImageObject\",\"inLanguage\":\"en-US\",\"@id\":\"https:\\\/\\\/bbqentertainment.com\\\/toode\\\/saasepeletaja-taitekassett-40t-e55x-ex90-el55-tumehall\\\/#primaryimage\",\"url\":\"https:\\\/\\\/bbqentertainment.com\\\/wp-content\\\/uploads\\\/2025\\\/07\\\/ER140-1.jpg.webp\",\"contentUrl\":\"https:\\\/\\\/bbqentertainment.com\\\/wp-content\\\/uploads\\\/2025\\\/07\\\/ER140-1.jpg.webp\",\"width\":1000,\"height\":1000},{\"@type\":\"BreadcrumbList\",\"@id\":\"https:\\\/\\\/bbqentertainment.com\\\/toode\\\/saasepeletaja-taitekassett-40t-e55x-ex90-el55-tumehall\\\/#breadcrumb\",\"itemListElement\":[{\"@type\":\"ListItem\",\"position\":1,\"name\":\"AVALEHT\",\"item\":\"https:\\\/\\\/bbqentertainment.com\\\/en\\\/\"},{\"@type\":\"ListItem\",\"position\":2,\"name\":\"Tooted\",\"item\":\"https:\\\/\\\/bbqentertainment.com\\\/tooted\\\/\"},{\"@type\":\"ListItem\",\"position\":3,\"name\":\"Lisatarvikud\",\"item\":\"https:\\\/\\\/bbqentertainment.com\\\/tootekategooria\\\/lisatarvikud\\\/\"},{\"@type\":\"ListItem\",\"position\":4,\"name\":\"S\u00e4\u00e4sepeletaja t\u00e4itekassett 40t E55X\\\/EX90\\\/EL55 tumehall\"}]},{\"@type\":\"WebSite\",\"@id\":\"https:\\\/\\\/bbqentertainment.com\\\/#website\",\"url\":\"https:\\\/\\\/bbqentertainment.com\\\/\",\"name\":\"BBQ Entertainment\",\"description\":\"BBQ is a great lifestyle, not just fun!\",\"publisher\":{\"@id\":\"https:\\\/\\\/bbqentertainment.com\\\/#organization\"},\"potentialAction\":[{\"@type\":\"SearchAction\",\"target\":{\"@type\":\"EntryPoint\",\"urlTemplate\":\"https:\\\/\\\/bbqentertainment.com\\\/?s={search_term_string}\"},\"query-input\":{\"@type\":\"PropertyValueSpecification\",\"valueRequired\":true,\"valueName\":\"search_term_string\"}}],\"inLanguage\":\"en-US\"},{\"@type\":\"Organization\",\"@id\":\"https:\\\/\\\/bbqentertainment.com\\\/#organization\",\"name\":\"BBQ Entertainment O\u00dc\",\"url\":\"https:\\\/\\\/bbqentertainment.com\\\/\",\"logo\":{\"@type\":\"ImageObject\",\"inLanguage\":\"en-US\",\"@id\":\"https:\\\/\\\/bbqentertainment.com\\\/#\\\/schema\\\/logo\\\/image\\\/\",\"url\":\"https:\\\/\\\/bbqentertainment.com\\\/wp-content\\\/uploads\\\/2020\\\/04\\\/BBQ-Entertainment-N-Catering-Enn-Tobreluts-Logo.png\",\"contentUrl\":\"https:\\\/\\\/bbqentertainment.com\\\/wp-content\\\/uploads\\\/2020\\\/04\\\/BBQ-Entertainment-N-Catering-Enn-Tobreluts-Logo.png\",\"width\":628,\"height\":266,\"caption\":\"BBQ Entertainment O\u00dc\"},\"image\":{\"@id\":\"https:\\\/\\\/bbqentertainment.com\\\/#\\\/schema\\\/logo\\\/image\\\/\"},\"sameAs\":[\"https:\\\/\\\/www.facebook.com\\\/BBQ-Entertainment-N-Catering-2437913376443540\",\"https:\\\/\\\/www.instagram.com\\\/bbqentertainmentncatering\\\/\",\"https:\\\/\\\/www.youtube.com\\\/channel\\\/UCmpuANQVhLy2Md8nrenp2jA\"]}]}<\/script>\n<!-- \/ Yoast SEO plugin. -->","yoast_head_json":{"title":"S\u00e4\u00e4sepeletaja t\u00e4itekassett 40t E55X\/EX90\/EL55 tumehall - BBQ Entertainment","description":"T\u00e4itekassett akutoitel Thermacelli s\u00e4\u00e4sepeletajale. Tagab kuni 40 tundi l\u00f5hnavaba s\u00e4\u00e4sekaitset. Sobib mudelitele E55, EX90 ja EL55.","robots":{"index":"index","follow":"follow","max-snippet":"max-snippet:-1","max-image-preview":"max-image-preview:large","max-video-preview":"max-video-preview:-1"},"canonical":"https:\/\/bbqentertainment.com\/toode\/saasepeletaja-taitekassett-40t-e55x-ex90-el55-tumehall\/","og_locale":"en_US","og_type":"article","og_title":"S\u00e4\u00e4sepeletaja t\u00e4itekassett 40t E55X\/EX90\/EL55 tumehall - BBQ Entertainment","og_description":"T\u00e4itekassett akutoitel Thermacelli s\u00e4\u00e4sepeletajale. Tagab kuni 40 tundi l\u00f5hnavaba s\u00e4\u00e4sekaitset. Sobib mudelitele E55, EX90 ja EL55.","og_url":"https:\/\/bbqentertainment.com\/toode\/saasepeletaja-taitekassett-40t-e55x-ex90-el55-tumehall\/","og_site_name":"BBQ Entertainment","article_publisher":"https:\/\/www.facebook.com\/BBQ-Entertainment-N-Catering-2437913376443540","article_modified_time":"2025-07-31T18:09:56+00:00","og_image":[{"width":1000,"height":1000,"url":"https:\/\/bbqentertainment.com\/wp-content\/uploads\/2025\/07\/ER140-1.jpg.webp","type":"image\/webp"}],"twitter_card":"summary_large_image","twitter_misc":{"Est. reading time":"1 minute"},"schema":{"@context":"https:\/\/schema.org","@graph":[{"@type":["WebPage","ItemPage"],"@id":"https:\/\/bbqentertainment.com\/toode\/saasepeletaja-taitekassett-40t-e55x-ex90-el55-tumehall\/","url":"https:\/\/bbqentertainment.com\/toode\/saasepeletaja-taitekassett-40t-e55x-ex90-el55-tumehall\/","name":"S\u00e4\u00e4sepeletaja t\u00e4itekassett 40t E55X\/EX90\/EL55 tumehall - BBQ Entertainment","isPartOf":{"@id":"https:\/\/bbqentertainment.com\/#website"},"primaryImageOfPage":{"@id":"https:\/\/bbqentertainment.com\/toode\/saasepeletaja-taitekassett-40t-e55x-ex90-el55-tumehall\/#primaryimage"},"image":{"@id":"https:\/\/bbqentertainment.com\/toode\/saasepeletaja-taitekassett-40t-e55x-ex90-el55-tumehall\/#primaryimage"},"thumbnailUrl":"https:\/\/bbqentertainment.com\/wp-content\/uploads\/2025\/07\/ER140-1.jpg.webp","datePublished":"2025-07-28T15:47:19+00:00","dateModified":"2025-07-31T18:09:56+00:00","description":"T\u00e4itekassett akutoitel Thermacelli s\u00e4\u00e4sepeletajale. Tagab kuni 40 tundi l\u00f5hnavaba s\u00e4\u00e4sekaitset. Sobib mudelitele E55, EX90 ja EL55.","breadcrumb":{"@id":"https:\/\/bbqentertainment.com\/toode\/saasepeletaja-taitekassett-40t-e55x-ex90-el55-tumehall\/#breadcrumb"},"inLanguage":"en-US","potentialAction":[{"@type":"ReadAction","target":["https:\/\/bbqentertainment.com\/toode\/saasepeletaja-taitekassett-40t-e55x-ex90-el55-tumehall\/"]}]},{"@type":"ImageObject","inLanguage":"en-US","@id":"https:\/\/bbqentertainment.com\/toode\/saasepeletaja-taitekassett-40t-e55x-ex90-el55-tumehall\/#primaryimage","url":"https:\/\/bbqentertainment.com\/wp-content\/uploads\/2025\/07\/ER140-1.jpg.webp","contentUrl":"https:\/\/bbqentertainment.com\/wp-content\/uploads\/2025\/07\/ER140-1.jpg.webp","width":1000,"height":1000},{"@type":"BreadcrumbList","@id":"https:\/\/bbqentertainment.com\/toode\/saasepeletaja-taitekassett-40t-e55x-ex90-el55-tumehall\/#breadcrumb","itemListElement":[{"@type":"ListItem","position":1,"name":"AVALEHT","item":"https:\/\/bbqentertainment.com\/en\/"},{"@type":"ListItem","position":2,"name":"Tooted","item":"https:\/\/bbqentertainment.com\/tooted\/"},{"@type":"ListItem","position":3,"name":"Lisatarvikud","item":"https:\/\/bbqentertainment.com\/tootekategooria\/lisatarvikud\/"},{"@type":"ListItem","position":4,"name":"S\u00e4\u00e4sepeletaja t\u00e4itekassett 40t E55X\/EX90\/EL55 tumehall"}]},{"@type":"WebSite","@id":"https:\/\/bbqentertainment.com\/#website","url":"https:\/\/bbqentertainment.com\/","name":"BBQ Entertainment","description":"BBQ is a great lifestyle, not just fun!","publisher":{"@id":"https:\/\/bbqentertainment.com\/#organization"},"potentialAction":[{"@type":"SearchAction","target":{"@type":"EntryPoint","urlTemplate":"https:\/\/bbqentertainment.com\/?s={search_term_string}"},"query-input":{"@type":"PropertyValueSpecification","valueRequired":true,"valueName":"search_term_string"}}],"inLanguage":"en-US"},{"@type":"Organization","@id":"https:\/\/bbqentertainment.com\/#organization","name":"BBQ Entertainment O\u00dc","url":"https:\/\/bbqentertainment.com\/","logo":{"@type":"ImageObject","inLanguage":"en-US","@id":"https:\/\/bbqentertainment.com\/#\/schema\/logo\/image\/","url":"https:\/\/bbqentertainment.com\/wp-content\/uploads\/2020\/04\/BBQ-Entertainment-N-Catering-Enn-Tobreluts-Logo.png","contentUrl":"https:\/\/bbqentertainment.com\/wp-content\/uploads\/2020\/04\/BBQ-Entertainment-N-Catering-Enn-Tobreluts-Logo.png","width":628,"height":266,"caption":"BBQ Entertainment O\u00dc"},"image":{"@id":"https:\/\/bbqentertainment.com\/#\/schema\/logo\/image\/"},"sameAs":["https:\/\/www.facebook.com\/BBQ-Entertainment-N-Catering-2437913376443540","https:\/\/www.instagram.com\/bbqentertainmentncatering\/","https:\/\/www.youtube.com\/channel\/UCmpuANQVhLy2Md8nrenp2jA"]}]}},"_links":{"self":[{"href":"https:\/\/bbqentertainment.com\/en\/wp-json\/wp\/v2\/product\/253894","targetHints":{"allow":["GET"]}}],"collection":[{"href":"https:\/\/bbqentertainment.com\/en\/wp-json\/wp\/v2\/product"}],"about":[{"href":"https:\/\/bbqentertainment.com\/en\/wp-json\/wp\/v2\/types\/product"}],"wp:featuredmedia":[{"embeddable":true,"href":"https:\/\/bbqentertainment.com\/en\/wp-json\/wp\/v2\/media\/253901"}],"wp:attachment":[{"href":"https:\/\/bbqentertainment.com\/en\/wp-json\/wp\/v2\/media?parent=253894"}],"wp:term":[{"taxonomy":"product_brand","embeddable":true,"href":"https:\/\/bbqentertainment.com\/en\/wp-json\/wp\/v2\/product_brand?post=253894"},{"taxonomy":"product_cat","embeddable":true,"href":"https:\/\/bbqentertainment.com\/en\/wp-json\/wp\/v2\/product_cat?post=253894"},{"taxonomy":"product_tag","embeddable":true,"href":"https:\/\/bbqentertainment.com\/en\/wp-json\/wp\/v2\/product_tag?post=253894"}],"curies":[{"name":"wp","href":"https:\/\/api.w.org\/{rel}","templated":true}]}}