{"id":254006,"date":"2025-08-06T09:54:02","date_gmt":"2025-08-06T06:54:02","guid":{"rendered":"https:\/\/bbqentertainment.com\/?post_type=product&#038;p=254006"},"modified":"2025-11-12T10:57:39","modified_gmt":"2025-11-12T08:57:39","slug":"juuretisega-saia-kupsetamise-komplekt-juubelisai","status":"publish","type":"product","link":"https:\/\/bbqentertainment.com\/en\/toode\/juuretisega-saia-kupsetamise-komplekt-juubelisai\/","title":{"rendered":"Juuretisega saia k\u00fcpsetamise komplekt \u2013 Juubelisai"},"content":{"rendered":"<p style=\"font-weight: 400\">Toitumisalane teave 100g:<\/p>\n<p style=\"font-weight: 400\">Energiasisaldus 1544KJ\/366kcal, rasvad 6,61g, k\u00fcllastunud rasvhapped 1,86g, s\u00fcsivesikud 62,14, suhkrud 13,45g, valgud 11,78g, sool 0,84g.<\/p>\n<p style=\"font-weight: 400\">Koostisosad:\u00a0<strong>nisujahu<\/strong>, valge \u015bokolaad (suhkur,\u00a0<strong>t\u00e4ispiimapulber,\u00a0<\/strong>kakaov\u00f5i,\u00a0<strong>l\u00f5\u015b\u015bpulber,\u00a0<\/strong>emulgaator:\u00a0<strong>soja<\/strong>letsitsiin, looduslik vanilli maitse ja l\u00f5hnaaine. Kakao sisaldus min. 21%), kuivatatud j\u00f5hvikad, linaseeemned,\u00a0 kuivjuuretis(<strong>nisut\u00e4isterajahu<\/strong>, sidrunhape,\u00a0<strong>nisugluteen<\/strong>, stabilisaatorid kaltsiumsulfaat, guarkummi;\u00a0<strong>rukkit\u00e4isterajahu<\/strong>, gl\u00fckoos, palmirasv, happesuse regulaator: naatriumatsetaadid, ens\u00fc\u00fcmid (sh\u00a0<strong>nisujahu<\/strong>), himaalaja sool, kuivp\u00e4rm.<\/p>\n<p style=\"font-weight: 400\">\n","protected":false},"excerpt":{"rendered":"<h3><strong>Juuretisega saia k\u00fcpsetamise komplekt \u2013 Juubelisai<\/strong><\/h3>\n<p><a href=\"https:\/\/tartunaitused.ee\/messikalender\/maamess\/\">Maamessi<\/a>\u00a030 juubeliks tegime s\u00fcnnip\u00e4eva v\u00e4\u00e4rilise retseptiga juuretisega saia k\u00fcpsetamise komplekti: lisaks linaseemnetele on koostises magusalt \u015bokolaadi ja hapukalt j\u00f5hvikaid \u2013 k\u00fcpsetuskomplekt valge \u015bokolaadi ja j\u00f5hvikatega.<\/p>\n<p>Juuretisega sai ehk hapusai. Kui seni on hapusaia k\u00fcpsetamine olnud v\u00e4ljakutse, siis meie komplektiga on selle valmistamine imelihtne ja v\u00e4he aega n\u00f5udev \u2013 hapneb ja k\u00fcpseb ise. Komplektis on juuretis, jahusegu koos sinna juurde kuuluvaga, detailne juhend, kuidas valmistada, ja vorm, mille sees k\u00fcpsetada. Midagi ei ole vaja lisada peale vee, ega midagi ei j\u00e4\u00e4 \u00fcle. Lisaks on vaja vaid killuke v\u00f5id vormi m\u00e4\u00e4rimiseks ja hiljem saiale.<\/p>\n","protected":false},"featured_media":254009,"template":"","meta":{"inline_featured_image":false},"product_brand":[],"product_cat":[640],"product_tag":[],"class_list":{"0":"post-254006","1":"product","2":"type-product","3":"status-publish","4":"has-post-thumbnail","6":"product_cat-kupsetised","8":"first","9":"instock","10":"sale","11":"taxable","12":"shipping-taxable","13":"purchasable","14":"product-type-simple"},"yoast_head":"<!-- This site is optimized with the Yoast SEO plugin v27.4 - https:\/\/yoast.com\/product\/yoast-seo-wordpress\/ -->\n<title>Juuretisega saia k\u00fcpsetamise komplekt \u2013 Juubelisai - BBQ Entertainment<\/title>\n<meta name=\"robots\" content=\"index, follow, max-snippet:-1, max-image-preview:large, max-video-preview:-1\" \/>\n<link rel=\"canonical\" href=\"https:\/\/bbqentertainment.com\/toode\/juuretisega-saia-kupsetamise-komplekt-juubelisai\/\" \/>\n<meta property=\"og:locale\" content=\"en_US\" \/>\n<meta property=\"og:type\" content=\"article\" \/>\n<meta property=\"og:title\" content=\"Juuretisega saia k\u00fcpsetamise komplekt \u2013 Juubelisai - BBQ Entertainment\" \/>\n<meta property=\"og:description\" content=\"Juuretisega saia k\u00fcpsetamise komplekt \u2013 Juubelisai Maamessi\u00a030 juubeliks tegime s\u00fcnnip\u00e4eva v\u00e4\u00e4rilise retseptiga juuretisega saia k\u00fcpsetamise komplekti: lisaks linaseemnetele on koostises magusalt \u015bokolaadi ja hapukalt j\u00f5hvikaid \u2013 k\u00fcpsetuskomplekt valge \u015bokolaadi ja j\u00f5hvikatega.  Juuretisega sai ehk hapusai. Kui seni on hapusaia k\u00fcpsetamine olnud v\u00e4ljakutse, siis meie komplektiga on selle valmistamine imelihtne ja v\u00e4he aega n\u00f5udev \u2013 hapneb ja k\u00fcpseb ise. Komplektis on juuretis, jahusegu koos sinna juurde kuuluvaga, detailne juhend, kuidas valmistada, ja vorm, mille sees k\u00fcpsetada. Midagi ei ole vaja lisada peale vee, ega midagi ei j\u00e4\u00e4 \u00fcle. Lisaks on vaja vaid killuke v\u00f5id vormi m\u00e4\u00e4rimiseks ja hiljem saiale.\" \/>\n<meta property=\"og:url\" content=\"https:\/\/bbqentertainment.com\/toode\/juuretisega-saia-kupsetamise-komplekt-juubelisai\/\" \/>\n<meta property=\"og:site_name\" content=\"BBQ Entertainment\" \/>\n<meta property=\"article:publisher\" content=\"https:\/\/www.facebook.com\/BBQ-Entertainment-N-Catering-2437913376443540\" \/>\n<meta property=\"article:modified_time\" content=\"2025-11-12T08:57:39+00:00\" \/>\n<meta property=\"og:image\" content=\"https:\/\/bbqentertainment.com\/wp-content\/uploads\/2025\/08\/BBQ-Entertainment-Juubelisai.jpg\" \/>\n\t<meta property=\"og:image:width\" content=\"1940\" \/>\n\t<meta property=\"og:image:height\" content=\"1940\" \/>\n\t<meta property=\"og:image:type\" content=\"image\/jpeg\" \/>\n<meta name=\"twitter:card\" content=\"summary_large_image\" \/>\n<meta name=\"twitter:label1\" content=\"Est. reading time\" \/>\n\t<meta name=\"twitter:data1\" content=\"1 minute\" \/>\n<script type=\"application\/ld+json\" class=\"yoast-schema-graph\">{\"@context\":\"https:\\\/\\\/schema.org\",\"@graph\":[{\"@type\":[\"WebPage\",\"ItemPage\"],\"@id\":\"https:\\\/\\\/bbqentertainment.com\\\/toode\\\/juuretisega-saia-kupsetamise-komplekt-juubelisai\\\/\",\"url\":\"https:\\\/\\\/bbqentertainment.com\\\/toode\\\/juuretisega-saia-kupsetamise-komplekt-juubelisai\\\/\",\"name\":\"Juuretisega saia k\u00fcpsetamise komplekt \u2013 Juubelisai - BBQ Entertainment\",\"isPartOf\":{\"@id\":\"https:\\\/\\\/bbqentertainment.com\\\/#website\"},\"primaryImageOfPage\":{\"@id\":\"https:\\\/\\\/bbqentertainment.com\\\/toode\\\/juuretisega-saia-kupsetamise-komplekt-juubelisai\\\/#primaryimage\"},\"image\":{\"@id\":\"https:\\\/\\\/bbqentertainment.com\\\/toode\\\/juuretisega-saia-kupsetamise-komplekt-juubelisai\\\/#primaryimage\"},\"thumbnailUrl\":\"https:\\\/\\\/bbqentertainment.com\\\/wp-content\\\/uploads\\\/2025\\\/08\\\/BBQ-Entertainment-Juubelisai.jpg\",\"datePublished\":\"2025-08-06T06:54:02+00:00\",\"dateModified\":\"2025-11-12T08:57:39+00:00\",\"breadcrumb\":{\"@id\":\"https:\\\/\\\/bbqentertainment.com\\\/toode\\\/juuretisega-saia-kupsetamise-komplekt-juubelisai\\\/#breadcrumb\"},\"inLanguage\":\"en-US\",\"potentialAction\":[{\"@type\":\"ReadAction\",\"target\":[\"https:\\\/\\\/bbqentertainment.com\\\/toode\\\/juuretisega-saia-kupsetamise-komplekt-juubelisai\\\/\"]}]},{\"@type\":\"ImageObject\",\"inLanguage\":\"en-US\",\"@id\":\"https:\\\/\\\/bbqentertainment.com\\\/toode\\\/juuretisega-saia-kupsetamise-komplekt-juubelisai\\\/#primaryimage\",\"url\":\"https:\\\/\\\/bbqentertainment.com\\\/wp-content\\\/uploads\\\/2025\\\/08\\\/BBQ-Entertainment-Juubelisai.jpg\",\"contentUrl\":\"https:\\\/\\\/bbqentertainment.com\\\/wp-content\\\/uploads\\\/2025\\\/08\\\/BBQ-Entertainment-Juubelisai.jpg\",\"width\":1940,\"height\":1940},{\"@type\":\"BreadcrumbList\",\"@id\":\"https:\\\/\\\/bbqentertainment.com\\\/toode\\\/juuretisega-saia-kupsetamise-komplekt-juubelisai\\\/#breadcrumb\",\"itemListElement\":[{\"@type\":\"ListItem\",\"position\":1,\"name\":\"AVALEHT\",\"item\":\"https:\\\/\\\/bbqentertainment.com\\\/en\\\/\"},{\"@type\":\"ListItem\",\"position\":2,\"name\":\"Tooted\",\"item\":\"https:\\\/\\\/bbqentertainment.com\\\/tooted\\\/\"},{\"@type\":\"ListItem\",\"position\":3,\"name\":\"Maitseandjad\",\"item\":\"https:\\\/\\\/bbqentertainment.com\\\/en\\\/tootekategooria\\\/maitseandjad\\\/\"},{\"@type\":\"ListItem\",\"position\":4,\"name\":\"K\u00fcpsetised\",\"item\":\"https:\\\/\\\/bbqentertainment.com\\\/tootekategooria\\\/maitseandjad\\\/kupsetised\\\/\"},{\"@type\":\"ListItem\",\"position\":5,\"name\":\"Juuretisega saia k\u00fcpsetamise komplekt \u2013 Juubelisai\"}]},{\"@type\":\"WebSite\",\"@id\":\"https:\\\/\\\/bbqentertainment.com\\\/#website\",\"url\":\"https:\\\/\\\/bbqentertainment.com\\\/\",\"name\":\"BBQ Entertainment\",\"description\":\"BBQ is a great lifestyle, not just fun!\",\"publisher\":{\"@id\":\"https:\\\/\\\/bbqentertainment.com\\\/#organization\"},\"potentialAction\":[{\"@type\":\"SearchAction\",\"target\":{\"@type\":\"EntryPoint\",\"urlTemplate\":\"https:\\\/\\\/bbqentertainment.com\\\/?s={search_term_string}\"},\"query-input\":{\"@type\":\"PropertyValueSpecification\",\"valueRequired\":true,\"valueName\":\"search_term_string\"}}],\"inLanguage\":\"en-US\"},{\"@type\":\"Organization\",\"@id\":\"https:\\\/\\\/bbqentertainment.com\\\/#organization\",\"name\":\"BBQ Entertainment O\u00dc\",\"url\":\"https:\\\/\\\/bbqentertainment.com\\\/\",\"logo\":{\"@type\":\"ImageObject\",\"inLanguage\":\"en-US\",\"@id\":\"https:\\\/\\\/bbqentertainment.com\\\/#\\\/schema\\\/logo\\\/image\\\/\",\"url\":\"https:\\\/\\\/bbqentertainment.com\\\/wp-content\\\/uploads\\\/2020\\\/04\\\/BBQ-Entertainment-N-Catering-Enn-Tobreluts-Logo.png\",\"contentUrl\":\"https:\\\/\\\/bbqentertainment.com\\\/wp-content\\\/uploads\\\/2020\\\/04\\\/BBQ-Entertainment-N-Catering-Enn-Tobreluts-Logo.png\",\"width\":628,\"height\":266,\"caption\":\"BBQ Entertainment O\u00dc\"},\"image\":{\"@id\":\"https:\\\/\\\/bbqentertainment.com\\\/#\\\/schema\\\/logo\\\/image\\\/\"},\"sameAs\":[\"https:\\\/\\\/www.facebook.com\\\/BBQ-Entertainment-N-Catering-2437913376443540\",\"https:\\\/\\\/www.instagram.com\\\/bbqentertainmentncatering\\\/\",\"https:\\\/\\\/www.youtube.com\\\/channel\\\/UCmpuANQVhLy2Md8nrenp2jA\"]}]}<\/script>\n<!-- \/ Yoast SEO plugin. -->","yoast_head_json":{"title":"Juuretisega saia k\u00fcpsetamise komplekt \u2013 Juubelisai - BBQ Entertainment","robots":{"index":"index","follow":"follow","max-snippet":"max-snippet:-1","max-image-preview":"max-image-preview:large","max-video-preview":"max-video-preview:-1"},"canonical":"https:\/\/bbqentertainment.com\/toode\/juuretisega-saia-kupsetamise-komplekt-juubelisai\/","og_locale":"en_US","og_type":"article","og_title":"Juuretisega saia k\u00fcpsetamise komplekt \u2013 Juubelisai - BBQ Entertainment","og_description":"Juuretisega saia k\u00fcpsetamise komplekt \u2013 Juubelisai Maamessi\u00a030 juubeliks tegime s\u00fcnnip\u00e4eva v\u00e4\u00e4rilise retseptiga juuretisega saia k\u00fcpsetamise komplekti: lisaks linaseemnetele on koostises magusalt \u015bokolaadi ja hapukalt j\u00f5hvikaid \u2013 k\u00fcpsetuskomplekt valge \u015bokolaadi ja j\u00f5hvikatega.  Juuretisega sai ehk hapusai. Kui seni on hapusaia k\u00fcpsetamine olnud v\u00e4ljakutse, siis meie komplektiga on selle valmistamine imelihtne ja v\u00e4he aega n\u00f5udev \u2013 hapneb ja k\u00fcpseb ise. Komplektis on juuretis, jahusegu koos sinna juurde kuuluvaga, detailne juhend, kuidas valmistada, ja vorm, mille sees k\u00fcpsetada. Midagi ei ole vaja lisada peale vee, ega midagi ei j\u00e4\u00e4 \u00fcle. Lisaks on vaja vaid killuke v\u00f5id vormi m\u00e4\u00e4rimiseks ja hiljem saiale.","og_url":"https:\/\/bbqentertainment.com\/toode\/juuretisega-saia-kupsetamise-komplekt-juubelisai\/","og_site_name":"BBQ Entertainment","article_publisher":"https:\/\/www.facebook.com\/BBQ-Entertainment-N-Catering-2437913376443540","article_modified_time":"2025-11-12T08:57:39+00:00","og_image":[{"width":1940,"height":1940,"url":"https:\/\/bbqentertainment.com\/wp-content\/uploads\/2025\/08\/BBQ-Entertainment-Juubelisai.jpg","type":"image\/jpeg"}],"twitter_card":"summary_large_image","twitter_misc":{"Est. reading time":"1 minute"},"schema":{"@context":"https:\/\/schema.org","@graph":[{"@type":["WebPage","ItemPage"],"@id":"https:\/\/bbqentertainment.com\/toode\/juuretisega-saia-kupsetamise-komplekt-juubelisai\/","url":"https:\/\/bbqentertainment.com\/toode\/juuretisega-saia-kupsetamise-komplekt-juubelisai\/","name":"Juuretisega saia k\u00fcpsetamise komplekt \u2013 Juubelisai - BBQ Entertainment","isPartOf":{"@id":"https:\/\/bbqentertainment.com\/#website"},"primaryImageOfPage":{"@id":"https:\/\/bbqentertainment.com\/toode\/juuretisega-saia-kupsetamise-komplekt-juubelisai\/#primaryimage"},"image":{"@id":"https:\/\/bbqentertainment.com\/toode\/juuretisega-saia-kupsetamise-komplekt-juubelisai\/#primaryimage"},"thumbnailUrl":"https:\/\/bbqentertainment.com\/wp-content\/uploads\/2025\/08\/BBQ-Entertainment-Juubelisai.jpg","datePublished":"2025-08-06T06:54:02+00:00","dateModified":"2025-11-12T08:57:39+00:00","breadcrumb":{"@id":"https:\/\/bbqentertainment.com\/toode\/juuretisega-saia-kupsetamise-komplekt-juubelisai\/#breadcrumb"},"inLanguage":"en-US","potentialAction":[{"@type":"ReadAction","target":["https:\/\/bbqentertainment.com\/toode\/juuretisega-saia-kupsetamise-komplekt-juubelisai\/"]}]},{"@type":"ImageObject","inLanguage":"en-US","@id":"https:\/\/bbqentertainment.com\/toode\/juuretisega-saia-kupsetamise-komplekt-juubelisai\/#primaryimage","url":"https:\/\/bbqentertainment.com\/wp-content\/uploads\/2025\/08\/BBQ-Entertainment-Juubelisai.jpg","contentUrl":"https:\/\/bbqentertainment.com\/wp-content\/uploads\/2025\/08\/BBQ-Entertainment-Juubelisai.jpg","width":1940,"height":1940},{"@type":"BreadcrumbList","@id":"https:\/\/bbqentertainment.com\/toode\/juuretisega-saia-kupsetamise-komplekt-juubelisai\/#breadcrumb","itemListElement":[{"@type":"ListItem","position":1,"name":"AVALEHT","item":"https:\/\/bbqentertainment.com\/en\/"},{"@type":"ListItem","position":2,"name":"Tooted","item":"https:\/\/bbqentertainment.com\/tooted\/"},{"@type":"ListItem","position":3,"name":"Maitseandjad","item":"https:\/\/bbqentertainment.com\/en\/tootekategooria\/maitseandjad\/"},{"@type":"ListItem","position":4,"name":"K\u00fcpsetised","item":"https:\/\/bbqentertainment.com\/tootekategooria\/maitseandjad\/kupsetised\/"},{"@type":"ListItem","position":5,"name":"Juuretisega saia k\u00fcpsetamise komplekt \u2013 Juubelisai"}]},{"@type":"WebSite","@id":"https:\/\/bbqentertainment.com\/#website","url":"https:\/\/bbqentertainment.com\/","name":"BBQ Entertainment","description":"BBQ is a great lifestyle, not just fun!","publisher":{"@id":"https:\/\/bbqentertainment.com\/#organization"},"potentialAction":[{"@type":"SearchAction","target":{"@type":"EntryPoint","urlTemplate":"https:\/\/bbqentertainment.com\/?s={search_term_string}"},"query-input":{"@type":"PropertyValueSpecification","valueRequired":true,"valueName":"search_term_string"}}],"inLanguage":"en-US"},{"@type":"Organization","@id":"https:\/\/bbqentertainment.com\/#organization","name":"BBQ Entertainment O\u00dc","url":"https:\/\/bbqentertainment.com\/","logo":{"@type":"ImageObject","inLanguage":"en-US","@id":"https:\/\/bbqentertainment.com\/#\/schema\/logo\/image\/","url":"https:\/\/bbqentertainment.com\/wp-content\/uploads\/2020\/04\/BBQ-Entertainment-N-Catering-Enn-Tobreluts-Logo.png","contentUrl":"https:\/\/bbqentertainment.com\/wp-content\/uploads\/2020\/04\/BBQ-Entertainment-N-Catering-Enn-Tobreluts-Logo.png","width":628,"height":266,"caption":"BBQ Entertainment O\u00dc"},"image":{"@id":"https:\/\/bbqentertainment.com\/#\/schema\/logo\/image\/"},"sameAs":["https:\/\/www.facebook.com\/BBQ-Entertainment-N-Catering-2437913376443540","https:\/\/www.instagram.com\/bbqentertainmentncatering\/","https:\/\/www.youtube.com\/channel\/UCmpuANQVhLy2Md8nrenp2jA"]}]}},"_links":{"self":[{"href":"https:\/\/bbqentertainment.com\/en\/wp-json\/wp\/v2\/product\/254006","targetHints":{"allow":["GET"]}}],"collection":[{"href":"https:\/\/bbqentertainment.com\/en\/wp-json\/wp\/v2\/product"}],"about":[{"href":"https:\/\/bbqentertainment.com\/en\/wp-json\/wp\/v2\/types\/product"}],"wp:featuredmedia":[{"embeddable":true,"href":"https:\/\/bbqentertainment.com\/en\/wp-json\/wp\/v2\/media\/254009"}],"wp:attachment":[{"href":"https:\/\/bbqentertainment.com\/en\/wp-json\/wp\/v2\/media?parent=254006"}],"wp:term":[{"taxonomy":"product_brand","embeddable":true,"href":"https:\/\/bbqentertainment.com\/en\/wp-json\/wp\/v2\/product_brand?post=254006"},{"taxonomy":"product_cat","embeddable":true,"href":"https:\/\/bbqentertainment.com\/en\/wp-json\/wp\/v2\/product_cat?post=254006"},{"taxonomy":"product_tag","embeddable":true,"href":"https:\/\/bbqentertainment.com\/en\/wp-json\/wp\/v2\/product_tag?post=254006"}],"curies":[{"name":"wp","href":"https:\/\/api.w.org\/{rel}","templated":true}]}}