{"id":254021,"date":"2025-08-06T10:01:28","date_gmt":"2025-08-06T07:01:28","guid":{"rendered":"https:\/\/bbqentertainment.com\/?post_type=product&#038;p=254021"},"modified":"2025-12-23T16:18:08","modified_gmt":"2025-12-23T14:18:08","slug":"juuretisega-leiva-kupsetamise-komplekt-teraleib","status":"publish","type":"product","link":"https:\/\/bbqentertainment.com\/en\/toode\/juuretisega-leiva-kupsetamise-komplekt-teraleib\/","title":{"rendered":"Juuretisega leiva k\u00fcpsetamise komplekt &#8211; Ter\u00e4leib"},"content":{"rendered":"<p>Toitumisalane teave 100g:<\/p>\n<p>Energiasisaldus 1589kj\/378kcal, rasvad 9,22g, k\u00fcllastunud\u00a0rasvhapped 1,5g, s\u00fcsivesikud 54,9g, suhkrud 4,78g, kiudained 9,72g, valgud\u00a013,9g, sool 1,29g.<\/p>\n<p>Koostisosad:\u00a0<b>t\u00e4istera rukkijahu<\/b>,\u00a0<b>nisujahu<\/b>, mitme vilja segu (kooritud p\u00e4evalilleseemned, maistang, linaseemned, peened\u00a0<b>kaerahelbed<\/b>,\u00a0<b>odralinnase jahu<\/b>, hirss, suhkur, mono- ja diatset\u00fc\u00fclviinhappe estrid rasvhapete mono-ja digl\u00fctseriididega), k\u00f5rvitsaseemned, p\u00e4evalilleseemned, <b>fermenteeritud rukkilinnas<\/b>, linaseemned, kuivjuuretis<b>\u00a0<\/b>(<b>nisut\u00e4isterajahu<\/b>, happesuse regulaator, sidrunhape, <b>nisugluteen<\/b>, stabilisaatorid kaltsiumsulfaat, guarkummi; <b>rukkit\u00e4isterajahu<\/b>, gl\u00fckoos, palmirasv, happesuse regulaator naatriumatsetnaat, ens\u00fc\u00fcmid (sh <b>nisujahu<\/b>), rafineerimata roosuhkur, himaalaja sool, kuivp\u00e4rm.<\/p>\n","protected":false},"excerpt":{"rendered":"<h3 class=\"product_title entry-title\">Juuretisega leiva k\u00fcpsetamise komplekt &#8211; Ter\u00e4leib<\/h3>\n<p><strong>Ter\u00e4leiva<\/strong>\u00a0k\u00fcpsetamise komplekti koostises on kokku segatud meie parimad jahud, millele on lisatud sobivalt seemneid. Selle retseptiga valiti Kikase M\u00e4rt 2023 aastal Seto Kuninga leivak\u00fcpsetajaks \u2013 SETO KUNINGA LEEV\u00c4K\u00dcTS\u00c4J\u00c4. Tegime kuninga v\u00e4\u00e4rilise leiva s\u00f6\u00f6miseks n\u00fc\u00fcd k\u00f5igile!<\/p>\n<p>Komplektis on juuretis, jahusegud (jahud, seemned, sool, suhkur \u2013 k\u00f5ik, mis retseptis) ja k\u00fcpsetusvorm.<\/p>\n<p>Sega koostisained vastavalt juhendile kokku ja k\u00fcpseta. Komplektis on k\u00f5ik koostisosad t\u00e4pselt v\u00e4lja kaalutud, midagi peale vee ei pea lisama ja mingeid j\u00e4\u00e4ke ei j\u00e4\u00e4.<\/p>\n","protected":false},"featured_media":254013,"template":"","meta":{"inline_featured_image":false},"product_brand":[],"product_cat":[640],"product_tag":[],"class_list":{"0":"post-254021","1":"product","2":"type-product","3":"status-publish","4":"has-post-thumbnail","6":"product_cat-kupsetised","8":"first","9":"instock","10":"sale","11":"taxable","12":"shipping-taxable","13":"purchasable","14":"product-type-simple"},"yoast_head":"<!-- This site is optimized with the Yoast SEO plugin v27.4 - https:\/\/yoast.com\/product\/yoast-seo-wordpress\/ -->\n<title>Juuretisega leiva k\u00fcpsetamise komplekt - Ter\u00e4leib - BBQ Entertainment<\/title>\n<meta name=\"robots\" content=\"index, follow, max-snippet:-1, max-image-preview:large, max-video-preview:-1\" \/>\n<link rel=\"canonical\" href=\"https:\/\/bbqentertainment.com\/toode\/juuretisega-leiva-kupsetamise-komplekt-teraleib\/\" \/>\n<meta property=\"og:locale\" content=\"en_US\" \/>\n<meta property=\"og:type\" content=\"article\" \/>\n<meta property=\"og:title\" content=\"Juuretisega leiva k\u00fcpsetamise komplekt - Ter\u00e4leib - BBQ Entertainment\" \/>\n<meta property=\"og:description\" content=\"Juuretisega leiva k\u00fcpsetamise komplekt - Ter\u00e4leib Ter\u00e4leiva\u00a0k\u00fcpsetamise komplekti koostises on kokku segatud meie parimad jahud, millele on lisatud sobivalt seemneid. Selle retseptiga valiti Kikase M\u00e4rt 2023 aastal Seto Kuninga leivak\u00fcpsetajaks \u2013 SETO KUNINGA LEEV\u00c4K\u00dcTS\u00c4J\u00c4. Tegime kuninga v\u00e4\u00e4rilise leiva s\u00f6\u00f6miseks n\u00fc\u00fcd k\u00f5igile!  Komplektis on juuretis, jahusegud (jahud, seemned, sool, suhkur \u2013 k\u00f5ik, mis retseptis) ja k\u00fcpsetusvorm.  Sega koostisained vastavalt juhendile kokku ja k\u00fcpseta. Komplektis on k\u00f5ik koostisosad t\u00e4pselt v\u00e4lja kaalutud, midagi peale vee ei pea lisama ja mingeid j\u00e4\u00e4ke ei j\u00e4\u00e4.\" \/>\n<meta property=\"og:url\" content=\"https:\/\/bbqentertainment.com\/toode\/juuretisega-leiva-kupsetamise-komplekt-teraleib\/\" \/>\n<meta property=\"og:site_name\" content=\"BBQ Entertainment\" \/>\n<meta property=\"article:publisher\" content=\"https:\/\/www.facebook.com\/BBQ-Entertainment-N-Catering-2437913376443540\" \/>\n<meta property=\"article:modified_time\" content=\"2025-12-23T14:18:08+00:00\" \/>\n<meta property=\"og:image\" content=\"https:\/\/bbqentertainment.com\/wp-content\/uploads\/2025\/08\/BBQ-Entertainment-Teraleib.jpg\" \/>\n\t<meta property=\"og:image:width\" content=\"1200\" \/>\n\t<meta property=\"og:image:height\" content=\"1200\" \/>\n\t<meta property=\"og:image:type\" content=\"image\/jpeg\" \/>\n<meta name=\"twitter:card\" content=\"summary_large_image\" \/>\n<meta name=\"twitter:label1\" content=\"Est. reading time\" \/>\n\t<meta name=\"twitter:data1\" content=\"1 minute\" \/>\n<script type=\"application\/ld+json\" class=\"yoast-schema-graph\">{\"@context\":\"https:\\\/\\\/schema.org\",\"@graph\":[{\"@type\":[\"WebPage\",\"ItemPage\"],\"@id\":\"https:\\\/\\\/bbqentertainment.com\\\/toode\\\/juuretisega-leiva-kupsetamise-komplekt-teraleib\\\/\",\"url\":\"https:\\\/\\\/bbqentertainment.com\\\/toode\\\/juuretisega-leiva-kupsetamise-komplekt-teraleib\\\/\",\"name\":\"Juuretisega leiva k\u00fcpsetamise komplekt - Ter\u00e4leib - BBQ Entertainment\",\"isPartOf\":{\"@id\":\"https:\\\/\\\/bbqentertainment.com\\\/#website\"},\"primaryImageOfPage\":{\"@id\":\"https:\\\/\\\/bbqentertainment.com\\\/toode\\\/juuretisega-leiva-kupsetamise-komplekt-teraleib\\\/#primaryimage\"},\"image\":{\"@id\":\"https:\\\/\\\/bbqentertainment.com\\\/toode\\\/juuretisega-leiva-kupsetamise-komplekt-teraleib\\\/#primaryimage\"},\"thumbnailUrl\":\"https:\\\/\\\/bbqentertainment.com\\\/wp-content\\\/uploads\\\/2025\\\/08\\\/BBQ-Entertainment-Teraleib.jpg\",\"datePublished\":\"2025-08-06T07:01:28+00:00\",\"dateModified\":\"2025-12-23T14:18:08+00:00\",\"breadcrumb\":{\"@id\":\"https:\\\/\\\/bbqentertainment.com\\\/toode\\\/juuretisega-leiva-kupsetamise-komplekt-teraleib\\\/#breadcrumb\"},\"inLanguage\":\"en-US\",\"potentialAction\":[{\"@type\":\"ReadAction\",\"target\":[\"https:\\\/\\\/bbqentertainment.com\\\/toode\\\/juuretisega-leiva-kupsetamise-komplekt-teraleib\\\/\"]}]},{\"@type\":\"ImageObject\",\"inLanguage\":\"en-US\",\"@id\":\"https:\\\/\\\/bbqentertainment.com\\\/toode\\\/juuretisega-leiva-kupsetamise-komplekt-teraleib\\\/#primaryimage\",\"url\":\"https:\\\/\\\/bbqentertainment.com\\\/wp-content\\\/uploads\\\/2025\\\/08\\\/BBQ-Entertainment-Teraleib.jpg\",\"contentUrl\":\"https:\\\/\\\/bbqentertainment.com\\\/wp-content\\\/uploads\\\/2025\\\/08\\\/BBQ-Entertainment-Teraleib.jpg\",\"width\":1200,\"height\":1200},{\"@type\":\"BreadcrumbList\",\"@id\":\"https:\\\/\\\/bbqentertainment.com\\\/toode\\\/juuretisega-leiva-kupsetamise-komplekt-teraleib\\\/#breadcrumb\",\"itemListElement\":[{\"@type\":\"ListItem\",\"position\":1,\"name\":\"AVALEHT\",\"item\":\"https:\\\/\\\/bbqentertainment.com\\\/en\\\/\"},{\"@type\":\"ListItem\",\"position\":2,\"name\":\"Tooted\",\"item\":\"https:\\\/\\\/bbqentertainment.com\\\/tooted\\\/\"},{\"@type\":\"ListItem\",\"position\":3,\"name\":\"Maitseandjad\",\"item\":\"https:\\\/\\\/bbqentertainment.com\\\/en\\\/tootekategooria\\\/maitseandjad\\\/\"},{\"@type\":\"ListItem\",\"position\":4,\"name\":\"K\u00fcpsetised\",\"item\":\"https:\\\/\\\/bbqentertainment.com\\\/tootekategooria\\\/maitseandjad\\\/kupsetised\\\/\"},{\"@type\":\"ListItem\",\"position\":5,\"name\":\"Juuretisega leiva k\u00fcpsetamise komplekt &#8211; Ter\u00e4leib\"}]},{\"@type\":\"WebSite\",\"@id\":\"https:\\\/\\\/bbqentertainment.com\\\/#website\",\"url\":\"https:\\\/\\\/bbqentertainment.com\\\/\",\"name\":\"BBQ Entertainment\",\"description\":\"BBQ is a great lifestyle, not just fun!\",\"publisher\":{\"@id\":\"https:\\\/\\\/bbqentertainment.com\\\/#organization\"},\"potentialAction\":[{\"@type\":\"SearchAction\",\"target\":{\"@type\":\"EntryPoint\",\"urlTemplate\":\"https:\\\/\\\/bbqentertainment.com\\\/?s={search_term_string}\"},\"query-input\":{\"@type\":\"PropertyValueSpecification\",\"valueRequired\":true,\"valueName\":\"search_term_string\"}}],\"inLanguage\":\"en-US\"},{\"@type\":\"Organization\",\"@id\":\"https:\\\/\\\/bbqentertainment.com\\\/#organization\",\"name\":\"BBQ Entertainment O\u00dc\",\"url\":\"https:\\\/\\\/bbqentertainment.com\\\/\",\"logo\":{\"@type\":\"ImageObject\",\"inLanguage\":\"en-US\",\"@id\":\"https:\\\/\\\/bbqentertainment.com\\\/#\\\/schema\\\/logo\\\/image\\\/\",\"url\":\"https:\\\/\\\/bbqentertainment.com\\\/wp-content\\\/uploads\\\/2020\\\/04\\\/BBQ-Entertainment-N-Catering-Enn-Tobreluts-Logo.png\",\"contentUrl\":\"https:\\\/\\\/bbqentertainment.com\\\/wp-content\\\/uploads\\\/2020\\\/04\\\/BBQ-Entertainment-N-Catering-Enn-Tobreluts-Logo.png\",\"width\":628,\"height\":266,\"caption\":\"BBQ Entertainment O\u00dc\"},\"image\":{\"@id\":\"https:\\\/\\\/bbqentertainment.com\\\/#\\\/schema\\\/logo\\\/image\\\/\"},\"sameAs\":[\"https:\\\/\\\/www.facebook.com\\\/BBQ-Entertainment-N-Catering-2437913376443540\",\"https:\\\/\\\/www.instagram.com\\\/bbqentertainmentncatering\\\/\",\"https:\\\/\\\/www.youtube.com\\\/channel\\\/UCmpuANQVhLy2Md8nrenp2jA\"]}]}<\/script>\n<!-- \/ Yoast SEO plugin. -->","yoast_head_json":{"title":"Juuretisega leiva k\u00fcpsetamise komplekt - Ter\u00e4leib - BBQ Entertainment","robots":{"index":"index","follow":"follow","max-snippet":"max-snippet:-1","max-image-preview":"max-image-preview:large","max-video-preview":"max-video-preview:-1"},"canonical":"https:\/\/bbqentertainment.com\/toode\/juuretisega-leiva-kupsetamise-komplekt-teraleib\/","og_locale":"en_US","og_type":"article","og_title":"Juuretisega leiva k\u00fcpsetamise komplekt - Ter\u00e4leib - BBQ Entertainment","og_description":"Juuretisega leiva k\u00fcpsetamise komplekt - Ter\u00e4leib Ter\u00e4leiva\u00a0k\u00fcpsetamise komplekti koostises on kokku segatud meie parimad jahud, millele on lisatud sobivalt seemneid. Selle retseptiga valiti Kikase M\u00e4rt 2023 aastal Seto Kuninga leivak\u00fcpsetajaks \u2013 SETO KUNINGA LEEV\u00c4K\u00dcTS\u00c4J\u00c4. Tegime kuninga v\u00e4\u00e4rilise leiva s\u00f6\u00f6miseks n\u00fc\u00fcd k\u00f5igile!  Komplektis on juuretis, jahusegud (jahud, seemned, sool, suhkur \u2013 k\u00f5ik, mis retseptis) ja k\u00fcpsetusvorm.  Sega koostisained vastavalt juhendile kokku ja k\u00fcpseta. Komplektis on k\u00f5ik koostisosad t\u00e4pselt v\u00e4lja kaalutud, midagi peale vee ei pea lisama ja mingeid j\u00e4\u00e4ke ei j\u00e4\u00e4.","og_url":"https:\/\/bbqentertainment.com\/toode\/juuretisega-leiva-kupsetamise-komplekt-teraleib\/","og_site_name":"BBQ Entertainment","article_publisher":"https:\/\/www.facebook.com\/BBQ-Entertainment-N-Catering-2437913376443540","article_modified_time":"2025-12-23T14:18:08+00:00","og_image":[{"width":1200,"height":1200,"url":"https:\/\/bbqentertainment.com\/wp-content\/uploads\/2025\/08\/BBQ-Entertainment-Teraleib.jpg","type":"image\/jpeg"}],"twitter_card":"summary_large_image","twitter_misc":{"Est. reading time":"1 minute"},"schema":{"@context":"https:\/\/schema.org","@graph":[{"@type":["WebPage","ItemPage"],"@id":"https:\/\/bbqentertainment.com\/toode\/juuretisega-leiva-kupsetamise-komplekt-teraleib\/","url":"https:\/\/bbqentertainment.com\/toode\/juuretisega-leiva-kupsetamise-komplekt-teraleib\/","name":"Juuretisega leiva k\u00fcpsetamise komplekt - Ter\u00e4leib - BBQ Entertainment","isPartOf":{"@id":"https:\/\/bbqentertainment.com\/#website"},"primaryImageOfPage":{"@id":"https:\/\/bbqentertainment.com\/toode\/juuretisega-leiva-kupsetamise-komplekt-teraleib\/#primaryimage"},"image":{"@id":"https:\/\/bbqentertainment.com\/toode\/juuretisega-leiva-kupsetamise-komplekt-teraleib\/#primaryimage"},"thumbnailUrl":"https:\/\/bbqentertainment.com\/wp-content\/uploads\/2025\/08\/BBQ-Entertainment-Teraleib.jpg","datePublished":"2025-08-06T07:01:28+00:00","dateModified":"2025-12-23T14:18:08+00:00","breadcrumb":{"@id":"https:\/\/bbqentertainment.com\/toode\/juuretisega-leiva-kupsetamise-komplekt-teraleib\/#breadcrumb"},"inLanguage":"en-US","potentialAction":[{"@type":"ReadAction","target":["https:\/\/bbqentertainment.com\/toode\/juuretisega-leiva-kupsetamise-komplekt-teraleib\/"]}]},{"@type":"ImageObject","inLanguage":"en-US","@id":"https:\/\/bbqentertainment.com\/toode\/juuretisega-leiva-kupsetamise-komplekt-teraleib\/#primaryimage","url":"https:\/\/bbqentertainment.com\/wp-content\/uploads\/2025\/08\/BBQ-Entertainment-Teraleib.jpg","contentUrl":"https:\/\/bbqentertainment.com\/wp-content\/uploads\/2025\/08\/BBQ-Entertainment-Teraleib.jpg","width":1200,"height":1200},{"@type":"BreadcrumbList","@id":"https:\/\/bbqentertainment.com\/toode\/juuretisega-leiva-kupsetamise-komplekt-teraleib\/#breadcrumb","itemListElement":[{"@type":"ListItem","position":1,"name":"AVALEHT","item":"https:\/\/bbqentertainment.com\/en\/"},{"@type":"ListItem","position":2,"name":"Tooted","item":"https:\/\/bbqentertainment.com\/tooted\/"},{"@type":"ListItem","position":3,"name":"Maitseandjad","item":"https:\/\/bbqentertainment.com\/en\/tootekategooria\/maitseandjad\/"},{"@type":"ListItem","position":4,"name":"K\u00fcpsetised","item":"https:\/\/bbqentertainment.com\/tootekategooria\/maitseandjad\/kupsetised\/"},{"@type":"ListItem","position":5,"name":"Juuretisega leiva k\u00fcpsetamise komplekt &#8211; Ter\u00e4leib"}]},{"@type":"WebSite","@id":"https:\/\/bbqentertainment.com\/#website","url":"https:\/\/bbqentertainment.com\/","name":"BBQ Entertainment","description":"BBQ is a great lifestyle, not just fun!","publisher":{"@id":"https:\/\/bbqentertainment.com\/#organization"},"potentialAction":[{"@type":"SearchAction","target":{"@type":"EntryPoint","urlTemplate":"https:\/\/bbqentertainment.com\/?s={search_term_string}"},"query-input":{"@type":"PropertyValueSpecification","valueRequired":true,"valueName":"search_term_string"}}],"inLanguage":"en-US"},{"@type":"Organization","@id":"https:\/\/bbqentertainment.com\/#organization","name":"BBQ Entertainment O\u00dc","url":"https:\/\/bbqentertainment.com\/","logo":{"@type":"ImageObject","inLanguage":"en-US","@id":"https:\/\/bbqentertainment.com\/#\/schema\/logo\/image\/","url":"https:\/\/bbqentertainment.com\/wp-content\/uploads\/2020\/04\/BBQ-Entertainment-N-Catering-Enn-Tobreluts-Logo.png","contentUrl":"https:\/\/bbqentertainment.com\/wp-content\/uploads\/2020\/04\/BBQ-Entertainment-N-Catering-Enn-Tobreluts-Logo.png","width":628,"height":266,"caption":"BBQ Entertainment O\u00dc"},"image":{"@id":"https:\/\/bbqentertainment.com\/#\/schema\/logo\/image\/"},"sameAs":["https:\/\/www.facebook.com\/BBQ-Entertainment-N-Catering-2437913376443540","https:\/\/www.instagram.com\/bbqentertainmentncatering\/","https:\/\/www.youtube.com\/channel\/UCmpuANQVhLy2Md8nrenp2jA"]}]}},"_links":{"self":[{"href":"https:\/\/bbqentertainment.com\/en\/wp-json\/wp\/v2\/product\/254021","targetHints":{"allow":["GET"]}}],"collection":[{"href":"https:\/\/bbqentertainment.com\/en\/wp-json\/wp\/v2\/product"}],"about":[{"href":"https:\/\/bbqentertainment.com\/en\/wp-json\/wp\/v2\/types\/product"}],"wp:featuredmedia":[{"embeddable":true,"href":"https:\/\/bbqentertainment.com\/en\/wp-json\/wp\/v2\/media\/254013"}],"wp:attachment":[{"href":"https:\/\/bbqentertainment.com\/en\/wp-json\/wp\/v2\/media?parent=254021"}],"wp:term":[{"taxonomy":"product_brand","embeddable":true,"href":"https:\/\/bbqentertainment.com\/en\/wp-json\/wp\/v2\/product_brand?post=254021"},{"taxonomy":"product_cat","embeddable":true,"href":"https:\/\/bbqentertainment.com\/en\/wp-json\/wp\/v2\/product_cat?post=254021"},{"taxonomy":"product_tag","embeddable":true,"href":"https:\/\/bbqentertainment.com\/en\/wp-json\/wp\/v2\/product_tag?post=254021"}],"curies":[{"name":"wp","href":"https:\/\/api.w.org\/{rel}","templated":true}]}}