{"id":254027,"date":"2025-08-07T10:18:01","date_gmt":"2025-08-07T07:18:01","guid":{"rendered":"https:\/\/bbqentertainment.com\/?post_type=product&#038;p=254027"},"modified":"2025-08-07T11:09:41","modified_gmt":"2025-08-07T08:09:41","slug":"eti-thermapeni-magnetiline-kinnitusrihm-kaelapaelaga","status":"publish","type":"product","link":"https:\/\/bbqentertainment.com\/en\/toode\/eti-thermapeni-magnetiline-kinnitusrihm-kaelapaelaga\/","title":{"rendered":"ETI Thermapeni magnetiline kinnitusrihm kaelapaelaga"},"content":{"rendered":"","protected":false},"excerpt":{"rendered":"<h3><strong>ETI Thermapeni magnetiline kinnitusrihm kaelapaelaga<\/strong><\/h3>\n<p data-start=\"161\" data-end=\"401\">Magnetilise kinnitusrihma abil saab Thermapeni kinnitada metallpinnale, n\u00e4iteks k\u00fclmkapi v\u00f5i ahjuukse k\u00fclge. Kaasasolev kaelapael v\u00f5imaldab termomeetrit kaelas kanda, et see oleks toiduvalmistamise ajal kiiresti k\u00e4ttesaadav.<\/p>\n<p data-start=\"403\" data-end=\"417\"><strong data-start=\"403\" data-end=\"415\">Omadused<\/strong><\/p>\n<ul data-start=\"418\" data-end=\"563\">\n<li data-start=\"418\" data-end=\"461\">\n<p data-start=\"420\" data-end=\"461\">magnetiga rihm kinnitub metallpindadele<\/p>\n<\/li>\n<li data-start=\"418\" data-end=\"461\">\n<p data-start=\"420\" data-end=\"461\">eemaldatav kaelapael<\/p>\n<\/li>\n<li data-start=\"487\" data-end=\"526\">\n<p data-start=\"489\" data-end=\"526\">sobib k\u00f5igile Thermapeni mudelitele<\/p>\n<\/li>\n<li data-start=\"527\" data-end=\"563\">\n<p data-start=\"529\" data-end=\"563\">rihm on tumehall, kaelapael must<\/p>\n<\/li>\n<\/ul>\n<p data-start=\"565\" data-end=\"619\"><strong data-start=\"565\" data-end=\"578\">\u00dchilduvus<\/strong><br data-start=\"578\" data-end=\"581\" \/>Thermapen ONE, Classic ja Professional<\/p>\n","protected":false},"featured_media":254034,"template":"","meta":{"inline_featured_image":false},"product_brand":[],"product_cat":[479,24],"product_tag":[],"class_list":{"0":"post-254027","1":"product","2":"type-product","3":"status-publish","4":"has-post-thumbnail","6":"product_cat-grillitarvikud","7":"product_cat-termomeetrid","9":"first","10":"instock","11":"taxable","12":"shipping-taxable","13":"purchasable","14":"product-type-simple"},"yoast_head":"<!-- This site is optimized with the Yoast SEO plugin v27.2 - https:\/\/yoast.com\/product\/yoast-seo-wordpress\/ -->\n<title>ETI Thermapeni magnetiline kinnitusrihm kaelapaelaga - BBQ Entertainment<\/title>\n<meta name=\"robots\" content=\"index, follow, max-snippet:-1, max-image-preview:large, max-video-preview:-1\" \/>\n<link rel=\"canonical\" href=\"https:\/\/bbqentertainment.com\/toode\/eti-thermapeni-magnetiline-kinnitusrihm-kaelapaelaga\/\" \/>\n<meta property=\"og:locale\" content=\"en_US\" \/>\n<meta property=\"og:type\" content=\"article\" \/>\n<meta property=\"og:title\" content=\"ETI Thermapeni magnetiline kinnitusrihm kaelapaelaga - BBQ Entertainment\" \/>\n<meta property=\"og:description\" content=\"ETI Thermapeni magnetiline kinnitusrihm kaelapaelaga Magnetilise kinnitusrihma abil saab Thermapeni kinnitada metallpinnale, n\u00e4iteks k\u00fclmkapi v\u00f5i ahjuukse k\u00fclge. Kaasasolev kaelapael v\u00f5imaldab termomeetrit kaelas kanda, et see oleks toiduvalmistamise ajal kiiresti k\u00e4ttesaadav. Omadused     magnetiga rihm kinnitub metallpindadele    eemaldatav kaelapael    sobib k\u00f5igile Thermapeni mudelitele    rihm on tumehall, kaelapael must   \u00dchilduvusThermapen ONE, Classic ja Professional\" \/>\n<meta property=\"og:url\" content=\"https:\/\/bbqentertainment.com\/toode\/eti-thermapeni-magnetiline-kinnitusrihm-kaelapaelaga\/\" \/>\n<meta property=\"og:site_name\" content=\"BBQ Entertainment\" \/>\n<meta property=\"article:publisher\" content=\"https:\/\/www.facebook.com\/BBQ-Entertainment-N-Catering-2437913376443540\" \/>\n<meta property=\"article:modified_time\" content=\"2025-08-07T08:09:41+00:00\" \/>\n<meta property=\"og:image\" content=\"https:\/\/bbqentertainment.com\/wp-content\/uploads\/2025\/08\/thermapen-magnetic-band-with-lanyard.jpg\" \/>\n\t<meta property=\"og:image:width\" content=\"700\" \/>\n\t<meta property=\"og:image:height\" content=\"700\" \/>\n\t<meta property=\"og:image:type\" content=\"image\/jpeg\" \/>\n<meta name=\"twitter:card\" content=\"summary_large_image\" \/>\n<meta name=\"twitter:label1\" content=\"Est. reading time\" \/>\n\t<meta name=\"twitter:data1\" content=\"1 minute\" \/>\n<script type=\"application\/ld+json\" class=\"yoast-schema-graph\">{\"@context\":\"https:\/\/schema.org\",\"@graph\":[{\"@type\":[\"WebPage\",\"ItemPage\"],\"@id\":\"https:\/\/bbqentertainment.com\/toode\/eti-thermapeni-magnetiline-kinnitusrihm-kaelapaelaga\/\",\"url\":\"https:\/\/bbqentertainment.com\/toode\/eti-thermapeni-magnetiline-kinnitusrihm-kaelapaelaga\/\",\"name\":\"ETI Thermapeni magnetiline kinnitusrihm kaelapaelaga - BBQ Entertainment\",\"isPartOf\":{\"@id\":\"https:\/\/bbqentertainment.com\/#website\"},\"primaryImageOfPage\":{\"@id\":\"https:\/\/bbqentertainment.com\/toode\/eti-thermapeni-magnetiline-kinnitusrihm-kaelapaelaga\/#primaryimage\"},\"image\":{\"@id\":\"https:\/\/bbqentertainment.com\/toode\/eti-thermapeni-magnetiline-kinnitusrihm-kaelapaelaga\/#primaryimage\"},\"thumbnailUrl\":\"https:\/\/bbqentertainment.com\/wp-content\/uploads\/2025\/08\/thermapen-magnetic-band-with-lanyard.jpg\",\"datePublished\":\"2025-08-07T07:18:01+00:00\",\"dateModified\":\"2025-08-07T08:09:41+00:00\",\"breadcrumb\":{\"@id\":\"https:\/\/bbqentertainment.com\/toode\/eti-thermapeni-magnetiline-kinnitusrihm-kaelapaelaga\/#breadcrumb\"},\"inLanguage\":\"en-US\",\"potentialAction\":[{\"@type\":\"ReadAction\",\"target\":[\"https:\/\/bbqentertainment.com\/toode\/eti-thermapeni-magnetiline-kinnitusrihm-kaelapaelaga\/\"]}]},{\"@type\":\"ImageObject\",\"inLanguage\":\"en-US\",\"@id\":\"https:\/\/bbqentertainment.com\/toode\/eti-thermapeni-magnetiline-kinnitusrihm-kaelapaelaga\/#primaryimage\",\"url\":\"https:\/\/bbqentertainment.com\/wp-content\/uploads\/2025\/08\/thermapen-magnetic-band-with-lanyard.jpg\",\"contentUrl\":\"https:\/\/bbqentertainment.com\/wp-content\/uploads\/2025\/08\/thermapen-magnetic-band-with-lanyard.jpg\",\"width\":700,\"height\":700},{\"@type\":\"BreadcrumbList\",\"@id\":\"https:\/\/bbqentertainment.com\/toode\/eti-thermapeni-magnetiline-kinnitusrihm-kaelapaelaga\/#breadcrumb\",\"itemListElement\":[{\"@type\":\"ListItem\",\"position\":1,\"name\":\"AVALEHT\",\"item\":\"https:\/\/bbqentertainment.com\/en\/\"},{\"@type\":\"ListItem\",\"position\":2,\"name\":\"Tooted\",\"item\":\"https:\/\/bbqentertainment.com\/tooted\/\"},{\"@type\":\"ListItem\",\"position\":3,\"name\":\"Lisatarvikud\",\"item\":\"https:\/\/bbqentertainment.com\/tootekategooria\/lisatarvikud\/\"},{\"@type\":\"ListItem\",\"position\":4,\"name\":\"Termomeetrid\",\"item\":\"https:\/\/bbqentertainment.com\/tootekategooria\/lisatarvikud\/termomeetrid\/\"},{\"@type\":\"ListItem\",\"position\":5,\"name\":\"ETI Thermapeni magnetiline kinnitusrihm kaelapaelaga\"}]},{\"@type\":\"WebSite\",\"@id\":\"https:\/\/bbqentertainment.com\/#website\",\"url\":\"https:\/\/bbqentertainment.com\/\",\"name\":\"BBQ Entertainment\",\"description\":\"BBQ is a great lifestyle, not just fun!\",\"publisher\":{\"@id\":\"https:\/\/bbqentertainment.com\/#organization\"},\"potentialAction\":[{\"@type\":\"SearchAction\",\"target\":{\"@type\":\"EntryPoint\",\"urlTemplate\":\"https:\/\/bbqentertainment.com\/?s={search_term_string}\"},\"query-input\":{\"@type\":\"PropertyValueSpecification\",\"valueRequired\":true,\"valueName\":\"search_term_string\"}}],\"inLanguage\":\"en-US\"},{\"@type\":\"Organization\",\"@id\":\"https:\/\/bbqentertainment.com\/#organization\",\"name\":\"BBQ Entertainment O\u00dc\",\"url\":\"https:\/\/bbqentertainment.com\/\",\"logo\":{\"@type\":\"ImageObject\",\"inLanguage\":\"en-US\",\"@id\":\"https:\/\/bbqentertainment.com\/#\/schema\/logo\/image\/\",\"url\":\"https:\/\/bbqentertainment.com\/wp-content\/uploads\/2020\/04\/BBQ-Entertainment-N-Catering-Enn-Tobreluts-Logo.png\",\"contentUrl\":\"https:\/\/bbqentertainment.com\/wp-content\/uploads\/2020\/04\/BBQ-Entertainment-N-Catering-Enn-Tobreluts-Logo.png\",\"width\":628,\"height\":266,\"caption\":\"BBQ Entertainment O\u00dc\"},\"image\":{\"@id\":\"https:\/\/bbqentertainment.com\/#\/schema\/logo\/image\/\"},\"sameAs\":[\"https:\/\/www.facebook.com\/BBQ-Entertainment-N-Catering-2437913376443540\",\"https:\/\/www.instagram.com\/bbqentertainmentncatering\/\",\"https:\/\/www.youtube.com\/channel\/UCmpuANQVhLy2Md8nrenp2jA\"]}]}<\/script>\n<!-- \/ Yoast SEO plugin. -->","yoast_head_json":{"title":"ETI Thermapeni magnetiline kinnitusrihm kaelapaelaga - BBQ Entertainment","robots":{"index":"index","follow":"follow","max-snippet":"max-snippet:-1","max-image-preview":"max-image-preview:large","max-video-preview":"max-video-preview:-1"},"canonical":"https:\/\/bbqentertainment.com\/toode\/eti-thermapeni-magnetiline-kinnitusrihm-kaelapaelaga\/","og_locale":"en_US","og_type":"article","og_title":"ETI Thermapeni magnetiline kinnitusrihm kaelapaelaga - BBQ Entertainment","og_description":"ETI Thermapeni magnetiline kinnitusrihm kaelapaelaga Magnetilise kinnitusrihma abil saab Thermapeni kinnitada metallpinnale, n\u00e4iteks k\u00fclmkapi v\u00f5i ahjuukse k\u00fclge. Kaasasolev kaelapael v\u00f5imaldab termomeetrit kaelas kanda, et see oleks toiduvalmistamise ajal kiiresti k\u00e4ttesaadav. Omadused     magnetiga rihm kinnitub metallpindadele    eemaldatav kaelapael    sobib k\u00f5igile Thermapeni mudelitele    rihm on tumehall, kaelapael must   \u00dchilduvusThermapen ONE, Classic ja Professional","og_url":"https:\/\/bbqentertainment.com\/toode\/eti-thermapeni-magnetiline-kinnitusrihm-kaelapaelaga\/","og_site_name":"BBQ Entertainment","article_publisher":"https:\/\/www.facebook.com\/BBQ-Entertainment-N-Catering-2437913376443540","article_modified_time":"2025-08-07T08:09:41+00:00","og_image":[{"width":700,"height":700,"url":"https:\/\/bbqentertainment.com\/wp-content\/uploads\/2025\/08\/thermapen-magnetic-band-with-lanyard.jpg","type":"image\/jpeg"}],"twitter_card":"summary_large_image","twitter_misc":{"Est. reading time":"1 minute"},"schema":{"@context":"https:\/\/schema.org","@graph":[{"@type":["WebPage","ItemPage"],"@id":"https:\/\/bbqentertainment.com\/toode\/eti-thermapeni-magnetiline-kinnitusrihm-kaelapaelaga\/","url":"https:\/\/bbqentertainment.com\/toode\/eti-thermapeni-magnetiline-kinnitusrihm-kaelapaelaga\/","name":"ETI Thermapeni magnetiline kinnitusrihm kaelapaelaga - BBQ Entertainment","isPartOf":{"@id":"https:\/\/bbqentertainment.com\/#website"},"primaryImageOfPage":{"@id":"https:\/\/bbqentertainment.com\/toode\/eti-thermapeni-magnetiline-kinnitusrihm-kaelapaelaga\/#primaryimage"},"image":{"@id":"https:\/\/bbqentertainment.com\/toode\/eti-thermapeni-magnetiline-kinnitusrihm-kaelapaelaga\/#primaryimage"},"thumbnailUrl":"https:\/\/bbqentertainment.com\/wp-content\/uploads\/2025\/08\/thermapen-magnetic-band-with-lanyard.jpg","datePublished":"2025-08-07T07:18:01+00:00","dateModified":"2025-08-07T08:09:41+00:00","breadcrumb":{"@id":"https:\/\/bbqentertainment.com\/toode\/eti-thermapeni-magnetiline-kinnitusrihm-kaelapaelaga\/#breadcrumb"},"inLanguage":"en-US","potentialAction":[{"@type":"ReadAction","target":["https:\/\/bbqentertainment.com\/toode\/eti-thermapeni-magnetiline-kinnitusrihm-kaelapaelaga\/"]}]},{"@type":"ImageObject","inLanguage":"en-US","@id":"https:\/\/bbqentertainment.com\/toode\/eti-thermapeni-magnetiline-kinnitusrihm-kaelapaelaga\/#primaryimage","url":"https:\/\/bbqentertainment.com\/wp-content\/uploads\/2025\/08\/thermapen-magnetic-band-with-lanyard.jpg","contentUrl":"https:\/\/bbqentertainment.com\/wp-content\/uploads\/2025\/08\/thermapen-magnetic-band-with-lanyard.jpg","width":700,"height":700},{"@type":"BreadcrumbList","@id":"https:\/\/bbqentertainment.com\/toode\/eti-thermapeni-magnetiline-kinnitusrihm-kaelapaelaga\/#breadcrumb","itemListElement":[{"@type":"ListItem","position":1,"name":"AVALEHT","item":"https:\/\/bbqentertainment.com\/en\/"},{"@type":"ListItem","position":2,"name":"Tooted","item":"https:\/\/bbqentertainment.com\/tooted\/"},{"@type":"ListItem","position":3,"name":"Lisatarvikud","item":"https:\/\/bbqentertainment.com\/tootekategooria\/lisatarvikud\/"},{"@type":"ListItem","position":4,"name":"Termomeetrid","item":"https:\/\/bbqentertainment.com\/tootekategooria\/lisatarvikud\/termomeetrid\/"},{"@type":"ListItem","position":5,"name":"ETI Thermapeni magnetiline kinnitusrihm kaelapaelaga"}]},{"@type":"WebSite","@id":"https:\/\/bbqentertainment.com\/#website","url":"https:\/\/bbqentertainment.com\/","name":"BBQ Entertainment","description":"BBQ is a great lifestyle, not just fun!","publisher":{"@id":"https:\/\/bbqentertainment.com\/#organization"},"potentialAction":[{"@type":"SearchAction","target":{"@type":"EntryPoint","urlTemplate":"https:\/\/bbqentertainment.com\/?s={search_term_string}"},"query-input":{"@type":"PropertyValueSpecification","valueRequired":true,"valueName":"search_term_string"}}],"inLanguage":"en-US"},{"@type":"Organization","@id":"https:\/\/bbqentertainment.com\/#organization","name":"BBQ Entertainment O\u00dc","url":"https:\/\/bbqentertainment.com\/","logo":{"@type":"ImageObject","inLanguage":"en-US","@id":"https:\/\/bbqentertainment.com\/#\/schema\/logo\/image\/","url":"https:\/\/bbqentertainment.com\/wp-content\/uploads\/2020\/04\/BBQ-Entertainment-N-Catering-Enn-Tobreluts-Logo.png","contentUrl":"https:\/\/bbqentertainment.com\/wp-content\/uploads\/2020\/04\/BBQ-Entertainment-N-Catering-Enn-Tobreluts-Logo.png","width":628,"height":266,"caption":"BBQ Entertainment O\u00dc"},"image":{"@id":"https:\/\/bbqentertainment.com\/#\/schema\/logo\/image\/"},"sameAs":["https:\/\/www.facebook.com\/BBQ-Entertainment-N-Catering-2437913376443540","https:\/\/www.instagram.com\/bbqentertainmentncatering\/","https:\/\/www.youtube.com\/channel\/UCmpuANQVhLy2Md8nrenp2jA"]}]}},"_links":{"self":[{"href":"https:\/\/bbqentertainment.com\/en\/wp-json\/wp\/v2\/product\/254027","targetHints":{"allow":["GET"]}}],"collection":[{"href":"https:\/\/bbqentertainment.com\/en\/wp-json\/wp\/v2\/product"}],"about":[{"href":"https:\/\/bbqentertainment.com\/en\/wp-json\/wp\/v2\/types\/product"}],"wp:featuredmedia":[{"embeddable":true,"href":"https:\/\/bbqentertainment.com\/en\/wp-json\/wp\/v2\/media\/254034"}],"wp:attachment":[{"href":"https:\/\/bbqentertainment.com\/en\/wp-json\/wp\/v2\/media?parent=254027"}],"wp:term":[{"taxonomy":"product_brand","embeddable":true,"href":"https:\/\/bbqentertainment.com\/en\/wp-json\/wp\/v2\/product_brand?post=254027"},{"taxonomy":"product_cat","embeddable":true,"href":"https:\/\/bbqentertainment.com\/en\/wp-json\/wp\/v2\/product_cat?post=254027"},{"taxonomy":"product_tag","embeddable":true,"href":"https:\/\/bbqentertainment.com\/en\/wp-json\/wp\/v2\/product_tag?post=254027"}],"curies":[{"name":"wp","href":"https:\/\/api.w.org\/{rel}","templated":true}]}}