{"id":254045,"date":"2025-08-07T10:31:55","date_gmt":"2025-08-07T07:31:55","guid":{"rendered":"https:\/\/bbqentertainment.com\/?post_type=product&#038;p=254045"},"modified":"2025-08-07T11:09:41","modified_gmt":"2025-08-07T08:09:41","slug":"eti-thermapeni-lukuga-hoiukott-helebeez","status":"publish","type":"product","link":"https:\/\/bbqentertainment.com\/en\/toode\/eti-thermapeni-lukuga-hoiukott-helebeez\/","title":{"rendered":"ETI Thermapeni lukuga hoiukott (helebee\u017e)"},"content":{"rendered":"","protected":false},"excerpt":{"rendered":"<h3><strong>ETI Thermapeni lukuga hoiukott (helebee\u017e)<\/strong><\/h3>\n<p style=\"font-weight: 400\">Hoiukott aitab hoida Thermapeni kaitstult ja k\u00e4ep\u00e4raselt nii k\u00f6\u00f6gis, grillil kui ka reisil. Kott on valmistatud pehmest, tekstuurse pinnaga kunstnahast.<\/p>\n<p style=\"font-weight: 400\" data-start=\"511\" data-end=\"525\"><strong data-start=\"511\" data-end=\"523\">Omadused<\/strong><\/p>\n<ul>\n<li data-start=\"528\" data-end=\"544\">lukuga suletav<\/li>\n<li data-start=\"547\" data-end=\"590\">sisemine tasku v\u00e4iksemate tarvikute jaoks<\/li>\n<li data-start=\"593\" data-end=\"680\">mahutab lisaks Thermapenile ka DOT termomeetri, andurid v\u00f5i muud vajalikud t\u00f6\u00f6riistad<\/li>\n<li data-start=\"683\" data-end=\"740\">pehmendatud sisu kaitseb p\u00f5rutuste ja kriimustuste eest<\/li>\n<li data-start=\"743\" data-end=\"773\">peal pressitud Thermapeni logo<\/li>\n<\/ul>\n<p style=\"font-weight: 400\" data-start=\"775\" data-end=\"803\"><strong data-start=\"775\" data-end=\"801\">Materjal ja viimistlus<\/strong><\/p>\n<ul>\n<li data-start=\"806\" data-end=\"823\">pehme kunstnahk<\/li>\n<li data-start=\"826\" data-end=\"857\">vooderdus ja kerge polsterdus<\/li>\n<li data-start=\"860\" data-end=\"894\">v\u00e4rvivalikud: helebee\u017e ja tumrhall<\/li>\n<\/ul>\n<p style=\"font-weight: 400\" data-start=\"896\" data-end=\"1013\"><strong data-start=\"896\" data-end=\"907\">Sobivus<\/strong><br data-start=\"907\" data-end=\"910\" \/>Sobib k\u00f5igile Thermapeni mudelitele ning teistele sarnase suurusega termomeetritele ja lisatarvikutele.<\/p>\n<p style=\"font-weight: 400\">\n","protected":false},"featured_media":254052,"template":"","meta":{"inline_featured_image":false},"product_brand":[],"product_cat":[479,24],"product_tag":[],"class_list":{"0":"post-254045","1":"product","2":"type-product","3":"status-publish","4":"has-post-thumbnail","6":"product_cat-grillitarvikud","7":"product_cat-termomeetrid","9":"first","10":"instock","11":"taxable","12":"shipping-taxable","13":"purchasable","14":"product-type-simple"},"yoast_head":"<!-- This site is optimized with the Yoast SEO plugin v27.2 - https:\/\/yoast.com\/product\/yoast-seo-wordpress\/ -->\n<title>ETI Thermapeni lukuga hoiukott (helebee\u017e) - BBQ Entertainment<\/title>\n<meta name=\"robots\" content=\"index, follow, max-snippet:-1, max-image-preview:large, max-video-preview:-1\" \/>\n<link rel=\"canonical\" href=\"https:\/\/bbqentertainment.com\/toode\/eti-thermapeni-lukuga-hoiukott-helebeez\/\" \/>\n<meta property=\"og:locale\" content=\"en_US\" \/>\n<meta property=\"og:type\" content=\"article\" \/>\n<meta property=\"og:title\" content=\"ETI Thermapeni lukuga hoiukott (helebee\u017e) - BBQ Entertainment\" \/>\n<meta property=\"og:description\" content=\"ETI Thermapeni lukuga hoiukott (helebee\u017e) Hoiukott aitab hoida Thermapeni kaitstult ja k\u00e4ep\u00e4raselt nii k\u00f6\u00f6gis, grillil kui ka reisil. Kott on valmistatud pehmest, tekstuurse pinnaga kunstnahast. Omadused    lukuga suletav  sisemine tasku v\u00e4iksemate tarvikute jaoks  mahutab lisaks Thermapenile ka DOT termomeetri, andurid v\u00f5i muud vajalikud t\u00f6\u00f6riistad  pehmendatud sisu kaitseb p\u00f5rutuste ja kriimustuste eest  peal pressitud Thermapeni logo  Materjal ja viimistlus    pehme kunstnahk  vooderdus ja kerge polsterdus  v\u00e4rvivalikud: helebee\u017e ja tumrhall  SobivusSobib k\u00f5igile Thermapeni mudelitele ning teistele sarnase suurusega termomeetritele ja lisatarvikutele.\" \/>\n<meta property=\"og:url\" content=\"https:\/\/bbqentertainment.com\/toode\/eti-thermapeni-lukuga-hoiukott-helebeez\/\" \/>\n<meta property=\"og:site_name\" content=\"BBQ Entertainment\" \/>\n<meta property=\"article:publisher\" content=\"https:\/\/www.facebook.com\/BBQ-Entertainment-N-Catering-2437913376443540\" \/>\n<meta property=\"article:modified_time\" content=\"2025-08-07T08:09:41+00:00\" \/>\n<meta property=\"og:image\" content=\"https:\/\/bbqentertainment.com\/wp-content\/uploads\/2025\/08\/thermapen-protective-pouch-5.jpg\" \/>\n\t<meta property=\"og:image:width\" content=\"700\" \/>\n\t<meta property=\"og:image:height\" content=\"700\" \/>\n\t<meta property=\"og:image:type\" content=\"image\/jpeg\" \/>\n<meta name=\"twitter:card\" content=\"summary_large_image\" \/>\n<meta name=\"twitter:label1\" content=\"Est. reading time\" \/>\n\t<meta name=\"twitter:data1\" content=\"1 minute\" \/>\n<script type=\"application\/ld+json\" class=\"yoast-schema-graph\">{\"@context\":\"https:\/\/schema.org\",\"@graph\":[{\"@type\":[\"WebPage\",\"ItemPage\"],\"@id\":\"https:\/\/bbqentertainment.com\/toode\/eti-thermapeni-lukuga-hoiukott-helebeez\/\",\"url\":\"https:\/\/bbqentertainment.com\/toode\/eti-thermapeni-lukuga-hoiukott-helebeez\/\",\"name\":\"ETI Thermapeni lukuga hoiukott (helebee\u017e) - BBQ Entertainment\",\"isPartOf\":{\"@id\":\"https:\/\/bbqentertainment.com\/#website\"},\"primaryImageOfPage\":{\"@id\":\"https:\/\/bbqentertainment.com\/toode\/eti-thermapeni-lukuga-hoiukott-helebeez\/#primaryimage\"},\"image\":{\"@id\":\"https:\/\/bbqentertainment.com\/toode\/eti-thermapeni-lukuga-hoiukott-helebeez\/#primaryimage\"},\"thumbnailUrl\":\"https:\/\/bbqentertainment.com\/wp-content\/uploads\/2025\/08\/thermapen-protective-pouch-5.jpg\",\"datePublished\":\"2025-08-07T07:31:55+00:00\",\"dateModified\":\"2025-08-07T08:09:41+00:00\",\"breadcrumb\":{\"@id\":\"https:\/\/bbqentertainment.com\/toode\/eti-thermapeni-lukuga-hoiukott-helebeez\/#breadcrumb\"},\"inLanguage\":\"en-US\",\"potentialAction\":[{\"@type\":\"ReadAction\",\"target\":[\"https:\/\/bbqentertainment.com\/toode\/eti-thermapeni-lukuga-hoiukott-helebeez\/\"]}]},{\"@type\":\"ImageObject\",\"inLanguage\":\"en-US\",\"@id\":\"https:\/\/bbqentertainment.com\/toode\/eti-thermapeni-lukuga-hoiukott-helebeez\/#primaryimage\",\"url\":\"https:\/\/bbqentertainment.com\/wp-content\/uploads\/2025\/08\/thermapen-protective-pouch-5.jpg\",\"contentUrl\":\"https:\/\/bbqentertainment.com\/wp-content\/uploads\/2025\/08\/thermapen-protective-pouch-5.jpg\",\"width\":700,\"height\":700},{\"@type\":\"BreadcrumbList\",\"@id\":\"https:\/\/bbqentertainment.com\/toode\/eti-thermapeni-lukuga-hoiukott-helebeez\/#breadcrumb\",\"itemListElement\":[{\"@type\":\"ListItem\",\"position\":1,\"name\":\"AVALEHT\",\"item\":\"https:\/\/bbqentertainment.com\/en\/\"},{\"@type\":\"ListItem\",\"position\":2,\"name\":\"Tooted\",\"item\":\"https:\/\/bbqentertainment.com\/tooted\/\"},{\"@type\":\"ListItem\",\"position\":3,\"name\":\"Lisatarvikud\",\"item\":\"https:\/\/bbqentertainment.com\/tootekategooria\/lisatarvikud\/\"},{\"@type\":\"ListItem\",\"position\":4,\"name\":\"Termomeetrid\",\"item\":\"https:\/\/bbqentertainment.com\/tootekategooria\/lisatarvikud\/termomeetrid\/\"},{\"@type\":\"ListItem\",\"position\":5,\"name\":\"ETI Thermapeni lukuga hoiukott (helebee\u017e)\"}]},{\"@type\":\"WebSite\",\"@id\":\"https:\/\/bbqentertainment.com\/#website\",\"url\":\"https:\/\/bbqentertainment.com\/\",\"name\":\"BBQ Entertainment\",\"description\":\"BBQ is a great lifestyle, not just fun!\",\"publisher\":{\"@id\":\"https:\/\/bbqentertainment.com\/#organization\"},\"potentialAction\":[{\"@type\":\"SearchAction\",\"target\":{\"@type\":\"EntryPoint\",\"urlTemplate\":\"https:\/\/bbqentertainment.com\/?s={search_term_string}\"},\"query-input\":{\"@type\":\"PropertyValueSpecification\",\"valueRequired\":true,\"valueName\":\"search_term_string\"}}],\"inLanguage\":\"en-US\"},{\"@type\":\"Organization\",\"@id\":\"https:\/\/bbqentertainment.com\/#organization\",\"name\":\"BBQ Entertainment O\u00dc\",\"url\":\"https:\/\/bbqentertainment.com\/\",\"logo\":{\"@type\":\"ImageObject\",\"inLanguage\":\"en-US\",\"@id\":\"https:\/\/bbqentertainment.com\/#\/schema\/logo\/image\/\",\"url\":\"https:\/\/bbqentertainment.com\/wp-content\/uploads\/2020\/04\/BBQ-Entertainment-N-Catering-Enn-Tobreluts-Logo.png\",\"contentUrl\":\"https:\/\/bbqentertainment.com\/wp-content\/uploads\/2020\/04\/BBQ-Entertainment-N-Catering-Enn-Tobreluts-Logo.png\",\"width\":628,\"height\":266,\"caption\":\"BBQ Entertainment O\u00dc\"},\"image\":{\"@id\":\"https:\/\/bbqentertainment.com\/#\/schema\/logo\/image\/\"},\"sameAs\":[\"https:\/\/www.facebook.com\/BBQ-Entertainment-N-Catering-2437913376443540\",\"https:\/\/www.instagram.com\/bbqentertainmentncatering\/\",\"https:\/\/www.youtube.com\/channel\/UCmpuANQVhLy2Md8nrenp2jA\"]}]}<\/script>\n<!-- \/ Yoast SEO plugin. -->","yoast_head_json":{"title":"ETI Thermapeni lukuga hoiukott (helebee\u017e) - BBQ Entertainment","robots":{"index":"index","follow":"follow","max-snippet":"max-snippet:-1","max-image-preview":"max-image-preview:large","max-video-preview":"max-video-preview:-1"},"canonical":"https:\/\/bbqentertainment.com\/toode\/eti-thermapeni-lukuga-hoiukott-helebeez\/","og_locale":"en_US","og_type":"article","og_title":"ETI Thermapeni lukuga hoiukott (helebee\u017e) - BBQ Entertainment","og_description":"ETI Thermapeni lukuga hoiukott (helebee\u017e) Hoiukott aitab hoida Thermapeni kaitstult ja k\u00e4ep\u00e4raselt nii k\u00f6\u00f6gis, grillil kui ka reisil. Kott on valmistatud pehmest, tekstuurse pinnaga kunstnahast. Omadused    lukuga suletav  sisemine tasku v\u00e4iksemate tarvikute jaoks  mahutab lisaks Thermapenile ka DOT termomeetri, andurid v\u00f5i muud vajalikud t\u00f6\u00f6riistad  pehmendatud sisu kaitseb p\u00f5rutuste ja kriimustuste eest  peal pressitud Thermapeni logo  Materjal ja viimistlus    pehme kunstnahk  vooderdus ja kerge polsterdus  v\u00e4rvivalikud: helebee\u017e ja tumrhall  SobivusSobib k\u00f5igile Thermapeni mudelitele ning teistele sarnase suurusega termomeetritele ja lisatarvikutele.","og_url":"https:\/\/bbqentertainment.com\/toode\/eti-thermapeni-lukuga-hoiukott-helebeez\/","og_site_name":"BBQ Entertainment","article_publisher":"https:\/\/www.facebook.com\/BBQ-Entertainment-N-Catering-2437913376443540","article_modified_time":"2025-08-07T08:09:41+00:00","og_image":[{"width":700,"height":700,"url":"https:\/\/bbqentertainment.com\/wp-content\/uploads\/2025\/08\/thermapen-protective-pouch-5.jpg","type":"image\/jpeg"}],"twitter_card":"summary_large_image","twitter_misc":{"Est. reading time":"1 minute"},"schema":{"@context":"https:\/\/schema.org","@graph":[{"@type":["WebPage","ItemPage"],"@id":"https:\/\/bbqentertainment.com\/toode\/eti-thermapeni-lukuga-hoiukott-helebeez\/","url":"https:\/\/bbqentertainment.com\/toode\/eti-thermapeni-lukuga-hoiukott-helebeez\/","name":"ETI Thermapeni lukuga hoiukott (helebee\u017e) - BBQ Entertainment","isPartOf":{"@id":"https:\/\/bbqentertainment.com\/#website"},"primaryImageOfPage":{"@id":"https:\/\/bbqentertainment.com\/toode\/eti-thermapeni-lukuga-hoiukott-helebeez\/#primaryimage"},"image":{"@id":"https:\/\/bbqentertainment.com\/toode\/eti-thermapeni-lukuga-hoiukott-helebeez\/#primaryimage"},"thumbnailUrl":"https:\/\/bbqentertainment.com\/wp-content\/uploads\/2025\/08\/thermapen-protective-pouch-5.jpg","datePublished":"2025-08-07T07:31:55+00:00","dateModified":"2025-08-07T08:09:41+00:00","breadcrumb":{"@id":"https:\/\/bbqentertainment.com\/toode\/eti-thermapeni-lukuga-hoiukott-helebeez\/#breadcrumb"},"inLanguage":"en-US","potentialAction":[{"@type":"ReadAction","target":["https:\/\/bbqentertainment.com\/toode\/eti-thermapeni-lukuga-hoiukott-helebeez\/"]}]},{"@type":"ImageObject","inLanguage":"en-US","@id":"https:\/\/bbqentertainment.com\/toode\/eti-thermapeni-lukuga-hoiukott-helebeez\/#primaryimage","url":"https:\/\/bbqentertainment.com\/wp-content\/uploads\/2025\/08\/thermapen-protective-pouch-5.jpg","contentUrl":"https:\/\/bbqentertainment.com\/wp-content\/uploads\/2025\/08\/thermapen-protective-pouch-5.jpg","width":700,"height":700},{"@type":"BreadcrumbList","@id":"https:\/\/bbqentertainment.com\/toode\/eti-thermapeni-lukuga-hoiukott-helebeez\/#breadcrumb","itemListElement":[{"@type":"ListItem","position":1,"name":"AVALEHT","item":"https:\/\/bbqentertainment.com\/en\/"},{"@type":"ListItem","position":2,"name":"Tooted","item":"https:\/\/bbqentertainment.com\/tooted\/"},{"@type":"ListItem","position":3,"name":"Lisatarvikud","item":"https:\/\/bbqentertainment.com\/tootekategooria\/lisatarvikud\/"},{"@type":"ListItem","position":4,"name":"Termomeetrid","item":"https:\/\/bbqentertainment.com\/tootekategooria\/lisatarvikud\/termomeetrid\/"},{"@type":"ListItem","position":5,"name":"ETI Thermapeni lukuga hoiukott (helebee\u017e)"}]},{"@type":"WebSite","@id":"https:\/\/bbqentertainment.com\/#website","url":"https:\/\/bbqentertainment.com\/","name":"BBQ Entertainment","description":"BBQ is a great lifestyle, not just fun!","publisher":{"@id":"https:\/\/bbqentertainment.com\/#organization"},"potentialAction":[{"@type":"SearchAction","target":{"@type":"EntryPoint","urlTemplate":"https:\/\/bbqentertainment.com\/?s={search_term_string}"},"query-input":{"@type":"PropertyValueSpecification","valueRequired":true,"valueName":"search_term_string"}}],"inLanguage":"en-US"},{"@type":"Organization","@id":"https:\/\/bbqentertainment.com\/#organization","name":"BBQ Entertainment O\u00dc","url":"https:\/\/bbqentertainment.com\/","logo":{"@type":"ImageObject","inLanguage":"en-US","@id":"https:\/\/bbqentertainment.com\/#\/schema\/logo\/image\/","url":"https:\/\/bbqentertainment.com\/wp-content\/uploads\/2020\/04\/BBQ-Entertainment-N-Catering-Enn-Tobreluts-Logo.png","contentUrl":"https:\/\/bbqentertainment.com\/wp-content\/uploads\/2020\/04\/BBQ-Entertainment-N-Catering-Enn-Tobreluts-Logo.png","width":628,"height":266,"caption":"BBQ Entertainment O\u00dc"},"image":{"@id":"https:\/\/bbqentertainment.com\/#\/schema\/logo\/image\/"},"sameAs":["https:\/\/www.facebook.com\/BBQ-Entertainment-N-Catering-2437913376443540","https:\/\/www.instagram.com\/bbqentertainmentncatering\/","https:\/\/www.youtube.com\/channel\/UCmpuANQVhLy2Md8nrenp2jA"]}]}},"_links":{"self":[{"href":"https:\/\/bbqentertainment.com\/en\/wp-json\/wp\/v2\/product\/254045","targetHints":{"allow":["GET"]}}],"collection":[{"href":"https:\/\/bbqentertainment.com\/en\/wp-json\/wp\/v2\/product"}],"about":[{"href":"https:\/\/bbqentertainment.com\/en\/wp-json\/wp\/v2\/types\/product"}],"wp:featuredmedia":[{"embeddable":true,"href":"https:\/\/bbqentertainment.com\/en\/wp-json\/wp\/v2\/media\/254052"}],"wp:attachment":[{"href":"https:\/\/bbqentertainment.com\/en\/wp-json\/wp\/v2\/media?parent=254045"}],"wp:term":[{"taxonomy":"product_brand","embeddable":true,"href":"https:\/\/bbqentertainment.com\/en\/wp-json\/wp\/v2\/product_brand?post=254045"},{"taxonomy":"product_cat","embeddable":true,"href":"https:\/\/bbqentertainment.com\/en\/wp-json\/wp\/v2\/product_cat?post=254045"},{"taxonomy":"product_tag","embeddable":true,"href":"https:\/\/bbqentertainment.com\/en\/wp-json\/wp\/v2\/product_tag?post=254045"}],"curies":[{"name":"wp","href":"https:\/\/api.w.org\/{rel}","templated":true}]}}